{"id":60979,"date":"2024-10-21T10:37:03","date_gmt":"2024-10-21T13:37:03","guid":{"rendered":"https:\/\/bisque-bison-688002.hostingersite.com\/produtos\/sin%20categor\u00eda\/pertiga-de-suspension-con-gancho-ajustable\/"},"modified":"2026-02-25T16:52:45","modified_gmt":"2026-02-25T19:52:45","slug":"pertiga-de-suspension-con-gancho-ajustable","status":"publish","type":"product","link":"https:\/\/www.ritzbrasil.com\/es\/produtos\/herramientas-de-traccion-locomocion-y-apoyo\/pertiga-de-suspension-con-gancho-ajustable\/","title":{"rendered":"P\u00e9rtiga de suspensi\u00f3n con gancho ajustable"},"content":{"rendered":"<div class=\"wpb-content-wrapper\"><p>[vc_row][vc_column][vc_column_text css=\u00bb.vc_custom_1729517616803{margin-top: 20px !important;}\u00bb]<\/p>\n<h4><span style=\"color: #ff9900;\"><strong>P\u00e9rtiga de suspensi\u00f3n con gancho ajustable<\/strong><\/span><\/h4>\n<p>[\/vc_column_text][vc_column_text css=\u00bb.vc_custom_1729517647693{margin-top: -20px !important;}\u00bb]\n<div id=\"tablepress-Bastao-Suspensao-Gancho-Ajustavel-scroll-wrapper\" class=\"tablepress-scroll-wrapper\">\n<table id=\"tablepress-Bastao-Suspensao-Gancho-Ajustavel\" class=\"tablepress tablepress-id-Bastao-Suspensao-Gancho-Ajustavel tablepress-responsive\">\n<thead>\n<tr class=\"row-1\">\n\t<td class=\"column-1\"><\/td><th class=\"column-2\">  Refer\u00eancias<\/th><th class=\"column-3\">Caracter\u00edstica<\/th><td class=\"column-4\"><\/td><td class=\"column-5\"><\/td>\n<\/tr>\n<\/thead>\n<tbody class=\"row-striping row-hover\">\n<tr class=\"row-2\">\n\t<td class=\"column-1\"><img decoding=\"async\" src=\"https:\/\/www.ritzbrasil.com\/wp-content\/uploads\/2024\/10\/rh4710-4-bastao-suspensao-gancho-ajustavel-150x150-1.jpg\" \/><\/td><td class=\"column-2\">RH4710-4<\/td><td class=\"column-3\"><\/td><td class=\"column-4\">    <button class=\"add-to-budget\" data-table-id=\"Bastao-Suspensao-Gancho-Ajustavel\" data-reference=\"RH4710-4\" data-description=\"Bast\u00e3o de Suspens\u00e3o com Gancho Ajust\u00e1vel\" style=\"color:#ff4d00;\">\n        <img decoding=\"async\" src=\"https:\/\/www.ritzbrasil.com\/\/wp-content\/uploads\/2024\/07\/orcar-compras-tabela-new-1.png\" alt=\"Solicitar cotizaci\u00f3n\" title=\"Solicitar cotizaci\u00f3n\" \/>\n    <\/button>\n    <\/td><td class=\"column-5\"><a href=\"https:\/\/lojasritz.com.br\/catalogsearch\/result\/?q=RH4710-4\" target=\"_blank\" rel=\"noopener\"><img decoding=\"async\" src=\"https:\/\/www.ritzbrasil.com\/wp-content\/uploads\/2024\/07\/carrinho-compras-tabela.png\"  \/><\/a><\/td>\n<\/tr>\n<\/tbody>\n<\/table>\n<\/div>\n[\/vc_column_text][vc_separator border_width=\u00bb2&#8243; css=\u00bb\u00bb][\/vc_column][\/vc_row]<\/p>\n<\/div>","protected":false},"excerpt":{"rendered":"<h4><span style=\"color: #ff9900;\">P\u00e9rtiga de suspensi\u00f3n con gancho ajustable<\/span><\/h4>\n<p>La posici\u00f3n del gancho conductor puede ajustarse a lo largo de la p\u00e9rtiga en funci\u00f3n de la longitud de la cadena del aislador. Apretando las tuercas a cada lado de la abrazadera del gancho ajustable se garantiza que quede firmemente unido al poste.<\/p>\n<p>El gancho tiene mand\u00edbulas anchas con esquinas redondeadas para evitar aplastar o cortar al conductor.<\/p>\n<p>La argolla giratoria pivota libremente y permite utilizar polipastos, cuerdas o pernos tensores. El gancho tensor y el terminal de base son de aleaci\u00f3n de aluminio resistente y tratado t\u00e9rmicamente.<\/p>\n","protected":false},"featured_media":59619,"template":"","meta":[],"product_brand":[],"product_cat":[2104],"product_tag":[2105],"class_list":{"0":"post-60979","1":"product","2":"type-product","3":"status-publish","4":"has-post-thumbnail","6":"product_cat-herramientas-de-traccion-locomocion-y-apoyo","7":"product_tag-rh4710-4-es","8":"description-off","10":"first","11":"instock","12":"virtual","13":"product-type-simple"},"yoast_head":"<!-- This site is optimized with the Yoast SEO plugin v27.1.1 - https:\/\/yoast.com\/product\/yoast-seo-wordpress\/ -->\n<title>P\u00e9rtiga de suspensi\u00f3n con gancho ajustable<\/title>\n<meta name=\"description\" content=\"P\u00e9rtiga de suspensi\u00f3n con gancho ajustable, mordazas anchas y argolla giratoria, ideal para evitar da\u00f1os al conductor y utilizar con polipastos o tensores\" \/>\n<meta name=\"robots\" content=\"index, follow, max-snippet:-1, max-image-preview:large, max-video-preview:-1\" \/>\n<link rel=\"canonical\" href=\"https:\/\/www.ritzbrasil.com\/es\/produtos\/herramientas-de-traccion-locomocion-y-apoyo\/pertiga-de-suspension-con-gancho-ajustable\/\" \/>\n<meta property=\"og:locale\" content=\"es_ES\" \/>\n<meta property=\"og:type\" content=\"article\" \/>\n<meta property=\"og:title\" content=\"P\u00e9rtiga de suspensi\u00f3n con gancho ajustable\" \/>\n<meta property=\"og:description\" content=\"P\u00e9rtiga de suspensi\u00f3n con gancho ajustable, mordazas anchas y argolla giratoria, ideal para evitar da\u00f1os al conductor y utilizar con polipastos o tensores\" \/>\n<meta property=\"og:url\" content=\"https:\/\/www.ritzbrasil.com\/es\/produtos\/herramientas-de-traccion-locomocion-y-apoyo\/pertiga-de-suspension-con-gancho-ajustable\/\" \/>\n<meta property=\"og:site_name\" content=\"Equipamentos de Manuten\u00e7\u00e3o e Seguran\u00e7a para o Setor El\u00e9trico - Ritz Brasil\" \/>\n<meta property=\"article:modified_time\" content=\"2026-02-25T19:52:45+00:00\" \/>\n<meta property=\"og:image\" content=\"https:\/\/www.ritzbrasil.com\/wp-content\/uploads\/2024\/10\/rh4710-4-bastao-suspensao-gancho-ajustavel.jpg\" \/>\n\t<meta property=\"og:image:width\" content=\"288\" \/>\n\t<meta property=\"og:image:height\" content=\"288\" \/>\n\t<meta property=\"og:image:type\" content=\"image\/jpeg\" \/>\n<meta name=\"twitter:card\" content=\"summary_large_image\" \/>\n<meta name=\"twitter:label1\" content=\"Tiempo de lectura\" \/>\n\t<meta name=\"twitter:data1\" content=\"1 minuto\" \/>\n<script type=\"application\/ld+json\" class=\"yoast-schema-graph\">{\"@context\":\"https:\/\/schema.org\",\"@graph\":[{\"@type\":\"WebPage\",\"@id\":\"https:\/\/www.ritzbrasil.com\/es\/produtos\/herramientas-de-traccion-locomocion-y-apoyo\/pertiga-de-suspension-con-gancho-ajustable\/\",\"url\":\"https:\/\/www.ritzbrasil.com\/es\/produtos\/herramientas-de-traccion-locomocion-y-apoyo\/pertiga-de-suspension-con-gancho-ajustable\/\",\"name\":\"P\u00e9rtiga de suspensi\u00f3n con gancho ajustable\",\"isPartOf\":{\"@id\":\"https:\/\/www.ritzbrasil.com\/es\/#website\"},\"primaryImageOfPage\":{\"@id\":\"https:\/\/www.ritzbrasil.com\/es\/produtos\/herramientas-de-traccion-locomocion-y-apoyo\/pertiga-de-suspension-con-gancho-ajustable\/#primaryimage\"},\"image\":{\"@id\":\"https:\/\/www.ritzbrasil.com\/es\/produtos\/herramientas-de-traccion-locomocion-y-apoyo\/pertiga-de-suspension-con-gancho-ajustable\/#primaryimage\"},\"thumbnailUrl\":\"https:\/\/www.ritzbrasil.com\/wp-content\/uploads\/2024\/10\/rh4710-4-bastao-suspensao-gancho-ajustavel.jpg\",\"datePublished\":\"2024-10-21T13:37:03+00:00\",\"dateModified\":\"2026-02-25T19:52:45+00:00\",\"description\":\"P\u00e9rtiga de suspensi\u00f3n con gancho ajustable, mordazas anchas y argolla giratoria, ideal para evitar da\u00f1os al conductor y utilizar con polipastos o tensores\",\"breadcrumb\":{\"@id\":\"https:\/\/www.ritzbrasil.com\/es\/produtos\/herramientas-de-traccion-locomocion-y-apoyo\/pertiga-de-suspension-con-gancho-ajustable\/#breadcrumb\"},\"inLanguage\":\"es\",\"potentialAction\":[{\"@type\":\"ReadAction\",\"target\":[\"https:\/\/www.ritzbrasil.com\/es\/produtos\/herramientas-de-traccion-locomocion-y-apoyo\/pertiga-de-suspension-con-gancho-ajustable\/\"]}]},{\"@type\":\"ImageObject\",\"inLanguage\":\"es\",\"@id\":\"https:\/\/www.ritzbrasil.com\/es\/produtos\/herramientas-de-traccion-locomocion-y-apoyo\/pertiga-de-suspension-con-gancho-ajustable\/#primaryimage\",\"url\":\"https:\/\/www.ritzbrasil.com\/wp-content\/uploads\/2024\/10\/rh4710-4-bastao-suspensao-gancho-ajustavel.jpg\",\"contentUrl\":\"https:\/\/www.ritzbrasil.com\/wp-content\/uploads\/2024\/10\/rh4710-4-bastao-suspensao-gancho-ajustavel.jpg\",\"width\":288,\"height\":288,\"caption\":\"RH4710-4 P\u00e9rtiga de suspensi\u00f3n con gancho ajustable\"},{\"@type\":\"BreadcrumbList\",\"@id\":\"https:\/\/www.ritzbrasil.com\/es\/produtos\/herramientas-de-traccion-locomocion-y-apoyo\/pertiga-de-suspension-con-gancho-ajustable\/#breadcrumb\",\"itemListElement\":[{\"@type\":\"ListItem\",\"position\":1,\"name\":\"In\u00edcio\",\"item\":\"https:\/\/www.ritzbrasil.com\/es\/\"},{\"@type\":\"ListItem\",\"position\":2,\"name\":\"Tienda\",\"item\":\"https:\/\/www.ritzbrasil.com\/es\/tienda\/\"},{\"@type\":\"ListItem\",\"position\":3,\"name\":\"P\u00e9rtiga de suspensi\u00f3n con gancho ajustable\"}]},{\"@type\":\"WebSite\",\"@id\":\"https:\/\/www.ritzbrasil.com\/es\/#website\",\"url\":\"https:\/\/www.ritzbrasil.com\/es\/\",\"name\":\"Equipamentos de Manuten\u00e7\u00e3o e Seguran\u00e7a para o Setor El\u00e9trico - Ritz Brasil\",\"description\":\"\",\"potentialAction\":[{\"@type\":\"SearchAction\",\"target\":{\"@type\":\"EntryPoint\",\"urlTemplate\":\"https:\/\/www.ritzbrasil.com\/es\/?s={search_term_string}\"},\"query-input\":{\"@type\":\"PropertyValueSpecification\",\"valueRequired\":true,\"valueName\":\"search_term_string\"}}],\"inLanguage\":\"es\"}]}<\/script>\n<!-- \/ Yoast SEO plugin. -->","yoast_head_json":{"title":"P\u00e9rtiga de suspensi\u00f3n con gancho ajustable","description":"P\u00e9rtiga de suspensi\u00f3n con gancho ajustable, mordazas anchas y argolla giratoria, ideal para evitar da\u00f1os al conductor y utilizar con polipastos o tensores","robots":{"index":"index","follow":"follow","max-snippet":"max-snippet:-1","max-image-preview":"max-image-preview:large","max-video-preview":"max-video-preview:-1"},"canonical":"https:\/\/www.ritzbrasil.com\/es\/produtos\/herramientas-de-traccion-locomocion-y-apoyo\/pertiga-de-suspension-con-gancho-ajustable\/","og_locale":"es_ES","og_type":"article","og_title":"P\u00e9rtiga de suspensi\u00f3n con gancho ajustable","og_description":"P\u00e9rtiga de suspensi\u00f3n con gancho ajustable, mordazas anchas y argolla giratoria, ideal para evitar da\u00f1os al conductor y utilizar con polipastos o tensores","og_url":"https:\/\/www.ritzbrasil.com\/es\/produtos\/herramientas-de-traccion-locomocion-y-apoyo\/pertiga-de-suspension-con-gancho-ajustable\/","og_site_name":"Equipamentos de Manuten\u00e7\u00e3o e Seguran\u00e7a para o Setor El\u00e9trico - Ritz Brasil","article_modified_time":"2026-02-25T19:52:45+00:00","og_image":[{"width":288,"height":288,"url":"https:\/\/www.ritzbrasil.com\/wp-content\/uploads\/2024\/10\/rh4710-4-bastao-suspensao-gancho-ajustavel.jpg","type":"image\/jpeg"}],"twitter_card":"summary_large_image","twitter_misc":{"Tiempo de lectura":"1 minuto"},"schema":{"@context":"https:\/\/schema.org","@graph":[{"@type":"WebPage","@id":"https:\/\/www.ritzbrasil.com\/es\/produtos\/herramientas-de-traccion-locomocion-y-apoyo\/pertiga-de-suspension-con-gancho-ajustable\/","url":"https:\/\/www.ritzbrasil.com\/es\/produtos\/herramientas-de-traccion-locomocion-y-apoyo\/pertiga-de-suspension-con-gancho-ajustable\/","name":"P\u00e9rtiga de suspensi\u00f3n con gancho ajustable","isPartOf":{"@id":"https:\/\/www.ritzbrasil.com\/es\/#website"},"primaryImageOfPage":{"@id":"https:\/\/www.ritzbrasil.com\/es\/produtos\/herramientas-de-traccion-locomocion-y-apoyo\/pertiga-de-suspension-con-gancho-ajustable\/#primaryimage"},"image":{"@id":"https:\/\/www.ritzbrasil.com\/es\/produtos\/herramientas-de-traccion-locomocion-y-apoyo\/pertiga-de-suspension-con-gancho-ajustable\/#primaryimage"},"thumbnailUrl":"https:\/\/www.ritzbrasil.com\/wp-content\/uploads\/2024\/10\/rh4710-4-bastao-suspensao-gancho-ajustavel.jpg","datePublished":"2024-10-21T13:37:03+00:00","dateModified":"2026-02-25T19:52:45+00:00","description":"P\u00e9rtiga de suspensi\u00f3n con gancho ajustable, mordazas anchas y argolla giratoria, ideal para evitar da\u00f1os al conductor y utilizar con polipastos o tensores","breadcrumb":{"@id":"https:\/\/www.ritzbrasil.com\/es\/produtos\/herramientas-de-traccion-locomocion-y-apoyo\/pertiga-de-suspension-con-gancho-ajustable\/#breadcrumb"},"inLanguage":"es","potentialAction":[{"@type":"ReadAction","target":["https:\/\/www.ritzbrasil.com\/es\/produtos\/herramientas-de-traccion-locomocion-y-apoyo\/pertiga-de-suspension-con-gancho-ajustable\/"]}]},{"@type":"ImageObject","inLanguage":"es","@id":"https:\/\/www.ritzbrasil.com\/es\/produtos\/herramientas-de-traccion-locomocion-y-apoyo\/pertiga-de-suspension-con-gancho-ajustable\/#primaryimage","url":"https:\/\/www.ritzbrasil.com\/wp-content\/uploads\/2024\/10\/rh4710-4-bastao-suspensao-gancho-ajustavel.jpg","contentUrl":"https:\/\/www.ritzbrasil.com\/wp-content\/uploads\/2024\/10\/rh4710-4-bastao-suspensao-gancho-ajustavel.jpg","width":288,"height":288,"caption":"RH4710-4 P\u00e9rtiga de suspensi\u00f3n con gancho ajustable"},{"@type":"BreadcrumbList","@id":"https:\/\/www.ritzbrasil.com\/es\/produtos\/herramientas-de-traccion-locomocion-y-apoyo\/pertiga-de-suspension-con-gancho-ajustable\/#breadcrumb","itemListElement":[{"@type":"ListItem","position":1,"name":"In\u00edcio","item":"https:\/\/www.ritzbrasil.com\/es\/"},{"@type":"ListItem","position":2,"name":"Tienda","item":"https:\/\/www.ritzbrasil.com\/es\/tienda\/"},{"@type":"ListItem","position":3,"name":"P\u00e9rtiga de suspensi\u00f3n con gancho ajustable"}]},{"@type":"WebSite","@id":"https:\/\/www.ritzbrasil.com\/es\/#website","url":"https:\/\/www.ritzbrasil.com\/es\/","name":"Equipamentos de Manuten\u00e7\u00e3o e Seguran\u00e7a para o Setor El\u00e9trico - Ritz Brasil","description":"","potentialAction":[{"@type":"SearchAction","target":{"@type":"EntryPoint","urlTemplate":"https:\/\/www.ritzbrasil.com\/es\/?s={search_term_string}"},"query-input":{"@type":"PropertyValueSpecification","valueRequired":true,"valueName":"search_term_string"}}],"inLanguage":"es"}]}},"_links":{"self":[{"href":"https:\/\/www.ritzbrasil.com\/es\/wp-json\/wp\/v2\/product\/60979","targetHints":{"allow":["GET"]}}],"collection":[{"href":"https:\/\/www.ritzbrasil.com\/es\/wp-json\/wp\/v2\/product"}],"about":[{"href":"https:\/\/www.ritzbrasil.com\/es\/wp-json\/wp\/v2\/types\/product"}],"wp:featuredmedia":[{"embeddable":true,"href":"https:\/\/www.ritzbrasil.com\/es\/wp-json\/wp\/v2\/media\/59619"}],"wp:attachment":[{"href":"https:\/\/www.ritzbrasil.com\/es\/wp-json\/wp\/v2\/media?parent=60979"}],"wp:term":[{"taxonomy":"product_brand","embeddable":true,"href":"https:\/\/www.ritzbrasil.com\/es\/wp-json\/wp\/v2\/product_brand?post=60979"},{"taxonomy":"product_cat","embeddable":true,"href":"https:\/\/www.ritzbrasil.com\/es\/wp-json\/wp\/v2\/product_cat?post=60979"},{"taxonomy":"product_tag","embeddable":true,"href":"https:\/\/www.ritzbrasil.com\/es\/wp-json\/wp\/v2\/product_tag?post=60979"}],"curies":[{"name":"wp","href":"https:\/\/api.w.org\/{rel}","templated":true}]}}