{"id":60975,"date":"2024-10-29T14:59:27","date_gmt":"2024-10-29T17:59:27","guid":{"rendered":"https:\/\/bisque-bison-688002.hostingersite.com\/produtos\/sin%20categor\u00eda\/comprobador-ritz\/"},"modified":"2026-02-02T10:41:50","modified_gmt":"2026-02-02T13:41:50","slug":"comprobador-ritz","status":"publish","type":"product","link":"https:\/\/www.ritzbrasil.com\/es\/produtos\/instrumentos-de-prueba-y-deteccion\/comprobador-ritz\/","title":{"rendered":"Comprobador RITZ"},"content":{"rendered":"<div class=\"wpb-content-wrapper\"><p>[vc_row][vc_column][vc_column_text css=\u00bb.vc_custom_1730224143764{margin-top: 20px !important;}\u00bb]<\/p>\n<h4><span style=\"color: #ff9900;\"><strong>Comprobador RITZ<\/strong><\/span><\/h4>\n<p>[\/vc_column_text][vc_column_text css=\u00bb.vc_custom_1770039715513{margin-top: -20px !important;}\u00bb]\n<div id=\"tablepress-RITZ-Tester-ES-scroll-wrapper\" class=\"tablepress-scroll-wrapper\">\n<table id=\"tablepress-RITZ-Tester-ES\" class=\"tablepress tablepress-id-RITZ-Tester-ES tablepress-responsive\">\n<thead>\n<tr class=\"row-1\">\n\t<td class=\"column-1\"><\/td><th class=\"column-2\">  Referencias<\/th><th class=\"column-3\">Caracter\u00edstica<\/th><td class=\"column-4\"><\/td>\n<\/tr>\n<\/thead>\n<tbody class=\"row-striping row-hover\">\n<tr class=\"row-2\">\n\t<td class=\"column-1\"><img decoding=\"async\" src=\"https:\/\/www.ritzbrasil.com\/wp-content\/uploads\/2024\/10\/ls-80-ritz-tester-150x150-1.jpg\" \/><\/td><td class=\"column-2\">LS-80<\/td><td class=\"column-3\">Para 110 V<\/td><td class=\"column-4\">    <button class=\"add-to-budget\" data-table-id=\"RITZ-Tester\" data-reference=\"LS-80\" data-description=\"Comprobador RITZ&lt;br \/&gt;\n\" style=\"color:#ff4d00;\">\n        <img decoding=\"async\" src=\"https:\/\/www.ritzbrasil.com\/\/wp-content\/uploads\/2024\/07\/orcar-compras-tabela-new-1.png\" alt=\"Solicitar cotizaci\u00f3n\" title=\"Solicitar cotizaci\u00f3n\" \/>\n    <\/button>\n    <\/td>\n<\/tr>\n<tr class=\"row-3\">\n\t<td class=\"column-1\"><img decoding=\"async\" src=\"https:\/\/www.ritzbrasil.com\/wp-content\/uploads\/2024\/10\/ls-81-wd-ritz-tester-150x150-1.jpg\" \/><\/td><td class=\"column-2\">LS-81<\/td><td class=\"column-3\">Para 220 V<\/td><td class=\"column-4\">    <button class=\"add-to-budget\" data-table-id=\"RITZ-Tester\" data-reference=\"LS-81\" data-description=\"Comprobador RITZ&lt;br \/&gt;\n\" style=\"color:#ff4d00;\">\n        <img decoding=\"async\" src=\"https:\/\/www.ritzbrasil.com\/\/wp-content\/uploads\/2024\/07\/orcar-compras-tabela-new-1.png\" alt=\"Solicitar cotizaci\u00f3n\" title=\"Solicitar cotizaci\u00f3n\" \/>\n    <\/button>\n    <\/td>\n<\/tr>\n<tr class=\"row-4\">\n\t<td class=\"column-1\"><img decoding=\"async\" src=\"https:\/\/www.ritzbrasil.com\/wp-content\/uploads\/2024\/10\/rt-110-ritz-tester-150x150-1.jpg\" \/><\/td><td class=\"column-2\">RT-110<\/td><td class=\"column-3\">Modelo reducido, 110 V<\/td><td class=\"column-4\">    <button class=\"add-to-budget\" data-table-id=\"RITZ-Tester\" data-reference=\"RT-110\" data-description=\"Comprobador RITZ&lt;br \/&gt;\n\" style=\"color:#ff4d00;\">\n        <img decoding=\"async\" src=\"https:\/\/www.ritzbrasil.com\/\/wp-content\/uploads\/2024\/07\/orcar-compras-tabela-new-1.png\" alt=\"Solicitar cotizaci\u00f3n\" title=\"Solicitar cotizaci\u00f3n\" \/>\n    <\/button>\n    <\/td>\n<\/tr>\n<tr class=\"row-5\">\n\t<td class=\"column-1\"><img decoding=\"async\" src=\"https:\/\/www.ritzbrasil.com\/wp-content\/uploads\/2024\/10\/rt-220-ritz-tester-150x150-1.jpg\" \/><\/td><td class=\"column-2\">RT-220<\/td><td class=\"column-3\">Modelo reducido, 220 V<\/td><td class=\"column-4\">    <button class=\"add-to-budget\" data-table-id=\"RITZ-Tester\" data-reference=\"RT-220\" data-description=\"Comprobador RITZ&lt;br \/&gt;\n\" style=\"color:#ff4d00;\">\n        <img decoding=\"async\" src=\"https:\/\/www.ritzbrasil.com\/\/wp-content\/uploads\/2024\/07\/orcar-compras-tabela-new-1.png\" alt=\"Solicitar cotizaci\u00f3n\" title=\"Solicitar cotizaci\u00f3n\" \/>\n    <\/button>\n    <\/td>\n<\/tr>\n<tr class=\"row-6\">\n\t<td class=\"column-1\"><img decoding=\"async\" src=\"https:\/\/www.ritzbrasil.com\/wp-content\/uploads\/2024\/10\/ls-80-wd-ritz-tester.jpg\" \/><\/td><td class=\"column-2\">LS-80\/WD<\/td><td class=\"column-3\">\u00daMEDO\/SECO, para 110 V<\/td><td class=\"column-4\">    <button class=\"add-to-budget\" data-table-id=\"RITZ-Tester\" data-reference=\"LS-80\/WD\" data-description=\"Comprobador RITZ&lt;br \/&gt;\n\" style=\"color:#ff4d00;\">\n        <img decoding=\"async\" src=\"https:\/\/www.ritzbrasil.com\/\/wp-content\/uploads\/2024\/07\/orcar-compras-tabela-new-1.png\" alt=\"Solicitar cotizaci\u00f3n\" title=\"Solicitar cotizaci\u00f3n\" \/>\n    <\/button>\n    <\/td>\n<\/tr>\n<tr class=\"row-7\">\n\t<td class=\"column-1\"><img decoding=\"async\" src=\"https:\/\/www.ritzbrasil.com\/wp-content\/uploads\/2024\/10\/ls-81-wd-ritz-tester-150x150-2.jpg\" \/><\/td><td class=\"column-2\">LS-81\/WD<\/td><td class=\"column-3\">\u00daMEDO\/SECO, para 220 V<\/td><td class=\"column-4\">    <button class=\"add-to-budget\" data-table-id=\"RITZ-Tester\" data-reference=\"LS-81\/WD\" data-description=\"Comprobador RITZ&lt;br \/&gt;\n\" style=\"color:#ff4d00;\">\n        <img decoding=\"async\" src=\"https:\/\/www.ritzbrasil.com\/\/wp-content\/uploads\/2024\/07\/orcar-compras-tabela-new-1.png\" alt=\"Solicitar cotizaci\u00f3n\" title=\"Solicitar cotizaci\u00f3n\" \/>\n    <\/button>\n    <\/td>\n<\/tr>\n<\/tbody>\n<\/table>\n<\/div>\n[\/vc_column_text][vc_separator border_width=\u00bb2&#8243; css=\u00bb\u00bb][\/vc_column][\/vc_row]<\/p>\n<\/div>","protected":false},"excerpt":{"rendered":"<h4><span style=\"color: #ff9900;\">Comprobador RITZ<\/span><\/h4>\n<p>Dispositivo port\u00e1til para pruebas el\u00e9ctricas peri\u00f3dicas en postes aislantes de l\u00edneas vivas, postes y barras de maniobra, escaleras de l\u00edneas vivas y andamios aislantes que detecta la corriente de fuga causada por la humedad, las grietas y las impurezas en la superficie o en el interior de los postes aislantes.<\/p>\n<p>El manejo es f\u00e1cil y sencillo, lo realiza un solo operario mediante el contacto directo del Comprobador Ritz con la superficie a comprobar, que indica \u00abPASA\u00bb o \u00abFALLA\u00bb en el gr\u00e1fico, seg\u00fan la corriente de fuga del elemento sometido a prueba.<\/p>\n<p>Este instrumento simula el mismo ensayo especificado en la norma ASTM F-711.<\/p>\n<p>La prueba del Ritz Tester proporciona una garant\u00eda de que el equipo est\u00e1 listo para su uso. No puede utilizarse como prueba para emitir informes. <\/p>\n<p>Hay cuatro versiones disponibles:<\/p>\n<p>| <strong>LS-80 <span style=\"color: #ff6600;\">|<\/span><\/strong><strong>LS-81 <span style=\"color: #ff6600;\">|<\/span><\/strong><strong>RT-110 <span style=\"color: #ff6600;\">|<\/span><\/strong><strong>RT-220<\/strong><br \/>\n(tama\u00f1os normales) (tama\u00f1os reducidos)<\/p>\n<p>Reproducen las pruebas el\u00e9ctricas correspondientes a una tensi\u00f3n aplicada de 100 kV a lo largo de 30 cm, de acuerdo con la norma. Para realizar la prueba, la varilla debe estar apoyada en posici\u00f3n horizontal sobre dos soportes. <\/p>\n<p>| <strong>LS-80\/WD <span style=\"color: #ff6600;\">|<\/span><\/strong><strong>LS-81\/WD<\/strong><br \/>\nPermiten realizar pruebas el\u00e9ctricas en polos secos y h\u00famedos mediante un interruptor de control situado en el panel frontal del instrumento. La funci\u00f3n h\u00fameda reproduce una prueba el\u00e9ctrica correspondiente a una tensi\u00f3n de 75 kV a 30 cm. La funci\u00f3n seca corresponde a una tensi\u00f3n de 100 kV a 30 cm.  <\/p>\n","protected":false},"featured_media":59903,"template":"","meta":[],"product_brand":[],"product_cat":[1669],"product_tag":[2087,2091,2088,2092,2089,2090],"class_list":{"0":"post-60975","1":"product","2":"type-product","3":"status-publish","4":"has-post-thumbnail","6":"product_cat-instrumentos-de-prueba-y-deteccion","7":"product_tag-ls-80-es","8":"product_tag-ls-80-wd-es","9":"product_tag-ls-81-es","10":"product_tag-ls-81-wd-es","11":"product_tag-rt-110-es","12":"product_tag-rt-220-es","13":"description-off","15":"first","16":"instock","17":"virtual","18":"product-type-simple"},"yoast_head":"<!-- This site is optimized with the Yoast SEO plugin v27.1.1 - https:\/\/yoast.com\/product\/yoast-seo-wordpress\/ -->\n<title>Comprobador RITZ<\/title>\n<meta name=\"description\" content=\"Comprobador port\u00e1til RITZ para la comprobaci\u00f3n peri\u00f3dica de postes aislantes, escaleras y andamios, detectando corrientes de fuga debidas a la humedad, grietas e impurezas.\" \/>\n<meta name=\"robots\" content=\"index, follow, max-snippet:-1, max-image-preview:large, max-video-preview:-1\" \/>\n<link rel=\"canonical\" href=\"https:\/\/www.ritzbrasil.com\/es\/produtos\/instrumentos-de-prueba-y-deteccion\/comprobador-ritz\/\" \/>\n<meta property=\"og:locale\" content=\"es_ES\" \/>\n<meta property=\"og:type\" content=\"article\" \/>\n<meta property=\"og:title\" content=\"Comprobador RITZ\" \/>\n<meta property=\"og:description\" content=\"Comprobador port\u00e1til RITZ para la comprobaci\u00f3n peri\u00f3dica de postes aislantes, escaleras y andamios, detectando corrientes de fuga debidas a la humedad, grietas e impurezas.\" \/>\n<meta property=\"og:url\" content=\"https:\/\/www.ritzbrasil.com\/es\/produtos\/instrumentos-de-prueba-y-deteccion\/comprobador-ritz\/\" \/>\n<meta property=\"og:site_name\" content=\"Equipamentos de Manuten\u00e7\u00e3o e Seguran\u00e7a para o Setor El\u00e9trico - Ritz Brasil\" \/>\n<meta property=\"article:modified_time\" content=\"2026-02-02T13:41:50+00:00\" \/>\n<meta property=\"og:image\" content=\"https:\/\/www.ritzbrasil.com\/wp-content\/uploads\/2024\/10\/ls-80-ritz-tester.jpg\" \/>\n\t<meta property=\"og:image:width\" content=\"1200\" \/>\n\t<meta property=\"og:image:height\" content=\"1200\" \/>\n\t<meta property=\"og:image:type\" content=\"image\/jpeg\" \/>\n<meta name=\"twitter:card\" content=\"summary_large_image\" \/>\n<meta name=\"twitter:label1\" content=\"Tiempo de lectura\" \/>\n\t<meta name=\"twitter:data1\" content=\"1 minuto\" \/>\n<script type=\"application\/ld+json\" class=\"yoast-schema-graph\">{\"@context\":\"https:\/\/schema.org\",\"@graph\":[{\"@type\":\"WebPage\",\"@id\":\"https:\/\/www.ritzbrasil.com\/es\/produtos\/instrumentos-de-prueba-y-deteccion\/comprobador-ritz\/\",\"url\":\"https:\/\/www.ritzbrasil.com\/es\/produtos\/instrumentos-de-prueba-y-deteccion\/comprobador-ritz\/\",\"name\":\"Comprobador RITZ\",\"isPartOf\":{\"@id\":\"https:\/\/www.ritzbrasil.com\/es\/#website\"},\"primaryImageOfPage\":{\"@id\":\"https:\/\/www.ritzbrasil.com\/es\/produtos\/instrumentos-de-prueba-y-deteccion\/comprobador-ritz\/#primaryimage\"},\"image\":{\"@id\":\"https:\/\/www.ritzbrasil.com\/es\/produtos\/instrumentos-de-prueba-y-deteccion\/comprobador-ritz\/#primaryimage\"},\"thumbnailUrl\":\"https:\/\/www.ritzbrasil.com\/wp-content\/uploads\/2024\/10\/ls-80-ritz-tester.jpg\",\"datePublished\":\"2024-10-29T17:59:27+00:00\",\"dateModified\":\"2026-02-02T13:41:50+00:00\",\"description\":\"Comprobador port\u00e1til RITZ para la comprobaci\u00f3n peri\u00f3dica de postes aislantes, escaleras y andamios, detectando corrientes de fuga debidas a la humedad, grietas e impurezas.\",\"breadcrumb\":{\"@id\":\"https:\/\/www.ritzbrasil.com\/es\/produtos\/instrumentos-de-prueba-y-deteccion\/comprobador-ritz\/#breadcrumb\"},\"inLanguage\":\"es\",\"potentialAction\":[{\"@type\":\"ReadAction\",\"target\":[\"https:\/\/www.ritzbrasil.com\/es\/produtos\/instrumentos-de-prueba-y-deteccion\/comprobador-ritz\/\"]}]},{\"@type\":\"ImageObject\",\"inLanguage\":\"es\",\"@id\":\"https:\/\/www.ritzbrasil.com\/es\/produtos\/instrumentos-de-prueba-y-deteccion\/comprobador-ritz\/#primaryimage\",\"url\":\"https:\/\/www.ritzbrasil.com\/wp-content\/uploads\/2024\/10\/ls-80-ritz-tester.jpg\",\"contentUrl\":\"https:\/\/www.ritzbrasil.com\/wp-content\/uploads\/2024\/10\/ls-80-ritz-tester.jpg\",\"width\":1200,\"height\":1200,\"caption\":\"Comprobador Ritz LS-80\"},{\"@type\":\"BreadcrumbList\",\"@id\":\"https:\/\/www.ritzbrasil.com\/es\/produtos\/instrumentos-de-prueba-y-deteccion\/comprobador-ritz\/#breadcrumb\",\"itemListElement\":[{\"@type\":\"ListItem\",\"position\":1,\"name\":\"In\u00edcio\",\"item\":\"https:\/\/www.ritzbrasil.com\/es\/\"},{\"@type\":\"ListItem\",\"position\":2,\"name\":\"Tienda\",\"item\":\"https:\/\/www.ritzbrasil.com\/es\/tienda\/\"},{\"@type\":\"ListItem\",\"position\":3,\"name\":\"Comprobador RITZ\"}]},{\"@type\":\"WebSite\",\"@id\":\"https:\/\/www.ritzbrasil.com\/es\/#website\",\"url\":\"https:\/\/www.ritzbrasil.com\/es\/\",\"name\":\"Equipamentos de Manuten\u00e7\u00e3o e Seguran\u00e7a para o Setor El\u00e9trico - Ritz Brasil\",\"description\":\"\",\"potentialAction\":[{\"@type\":\"SearchAction\",\"target\":{\"@type\":\"EntryPoint\",\"urlTemplate\":\"https:\/\/www.ritzbrasil.com\/es\/?s={search_term_string}\"},\"query-input\":{\"@type\":\"PropertyValueSpecification\",\"valueRequired\":true,\"valueName\":\"search_term_string\"}}],\"inLanguage\":\"es\"}]}<\/script>\n<!-- \/ Yoast SEO plugin. -->","yoast_head_json":{"title":"Comprobador RITZ","description":"Comprobador port\u00e1til RITZ para la comprobaci\u00f3n peri\u00f3dica de postes aislantes, escaleras y andamios, detectando corrientes de fuga debidas a la humedad, grietas e impurezas.","robots":{"index":"index","follow":"follow","max-snippet":"max-snippet:-1","max-image-preview":"max-image-preview:large","max-video-preview":"max-video-preview:-1"},"canonical":"https:\/\/www.ritzbrasil.com\/es\/produtos\/instrumentos-de-prueba-y-deteccion\/comprobador-ritz\/","og_locale":"es_ES","og_type":"article","og_title":"Comprobador RITZ","og_description":"Comprobador port\u00e1til RITZ para la comprobaci\u00f3n peri\u00f3dica de postes aislantes, escaleras y andamios, detectando corrientes de fuga debidas a la humedad, grietas e impurezas.","og_url":"https:\/\/www.ritzbrasil.com\/es\/produtos\/instrumentos-de-prueba-y-deteccion\/comprobador-ritz\/","og_site_name":"Equipamentos de Manuten\u00e7\u00e3o e Seguran\u00e7a para o Setor El\u00e9trico - Ritz Brasil","article_modified_time":"2026-02-02T13:41:50+00:00","og_image":[{"width":1200,"height":1200,"url":"https:\/\/www.ritzbrasil.com\/wp-content\/uploads\/2024\/10\/ls-80-ritz-tester.jpg","type":"image\/jpeg"}],"twitter_card":"summary_large_image","twitter_misc":{"Tiempo de lectura":"1 minuto"},"schema":{"@context":"https:\/\/schema.org","@graph":[{"@type":"WebPage","@id":"https:\/\/www.ritzbrasil.com\/es\/produtos\/instrumentos-de-prueba-y-deteccion\/comprobador-ritz\/","url":"https:\/\/www.ritzbrasil.com\/es\/produtos\/instrumentos-de-prueba-y-deteccion\/comprobador-ritz\/","name":"Comprobador RITZ","isPartOf":{"@id":"https:\/\/www.ritzbrasil.com\/es\/#website"},"primaryImageOfPage":{"@id":"https:\/\/www.ritzbrasil.com\/es\/produtos\/instrumentos-de-prueba-y-deteccion\/comprobador-ritz\/#primaryimage"},"image":{"@id":"https:\/\/www.ritzbrasil.com\/es\/produtos\/instrumentos-de-prueba-y-deteccion\/comprobador-ritz\/#primaryimage"},"thumbnailUrl":"https:\/\/www.ritzbrasil.com\/wp-content\/uploads\/2024\/10\/ls-80-ritz-tester.jpg","datePublished":"2024-10-29T17:59:27+00:00","dateModified":"2026-02-02T13:41:50+00:00","description":"Comprobador port\u00e1til RITZ para la comprobaci\u00f3n peri\u00f3dica de postes aislantes, escaleras y andamios, detectando corrientes de fuga debidas a la humedad, grietas e impurezas.","breadcrumb":{"@id":"https:\/\/www.ritzbrasil.com\/es\/produtos\/instrumentos-de-prueba-y-deteccion\/comprobador-ritz\/#breadcrumb"},"inLanguage":"es","potentialAction":[{"@type":"ReadAction","target":["https:\/\/www.ritzbrasil.com\/es\/produtos\/instrumentos-de-prueba-y-deteccion\/comprobador-ritz\/"]}]},{"@type":"ImageObject","inLanguage":"es","@id":"https:\/\/www.ritzbrasil.com\/es\/produtos\/instrumentos-de-prueba-y-deteccion\/comprobador-ritz\/#primaryimage","url":"https:\/\/www.ritzbrasil.com\/wp-content\/uploads\/2024\/10\/ls-80-ritz-tester.jpg","contentUrl":"https:\/\/www.ritzbrasil.com\/wp-content\/uploads\/2024\/10\/ls-80-ritz-tester.jpg","width":1200,"height":1200,"caption":"Comprobador Ritz LS-80"},{"@type":"BreadcrumbList","@id":"https:\/\/www.ritzbrasil.com\/es\/produtos\/instrumentos-de-prueba-y-deteccion\/comprobador-ritz\/#breadcrumb","itemListElement":[{"@type":"ListItem","position":1,"name":"In\u00edcio","item":"https:\/\/www.ritzbrasil.com\/es\/"},{"@type":"ListItem","position":2,"name":"Tienda","item":"https:\/\/www.ritzbrasil.com\/es\/tienda\/"},{"@type":"ListItem","position":3,"name":"Comprobador RITZ"}]},{"@type":"WebSite","@id":"https:\/\/www.ritzbrasil.com\/es\/#website","url":"https:\/\/www.ritzbrasil.com\/es\/","name":"Equipamentos de Manuten\u00e7\u00e3o e Seguran\u00e7a para o Setor El\u00e9trico - Ritz Brasil","description":"","potentialAction":[{"@type":"SearchAction","target":{"@type":"EntryPoint","urlTemplate":"https:\/\/www.ritzbrasil.com\/es\/?s={search_term_string}"},"query-input":{"@type":"PropertyValueSpecification","valueRequired":true,"valueName":"search_term_string"}}],"inLanguage":"es"}]}},"_links":{"self":[{"href":"https:\/\/www.ritzbrasil.com\/es\/wp-json\/wp\/v2\/product\/60975","targetHints":{"allow":["GET"]}}],"collection":[{"href":"https:\/\/www.ritzbrasil.com\/es\/wp-json\/wp\/v2\/product"}],"about":[{"href":"https:\/\/www.ritzbrasil.com\/es\/wp-json\/wp\/v2\/types\/product"}],"wp:featuredmedia":[{"embeddable":true,"href":"https:\/\/www.ritzbrasil.com\/es\/wp-json\/wp\/v2\/media\/59903"}],"wp:attachment":[{"href":"https:\/\/www.ritzbrasil.com\/es\/wp-json\/wp\/v2\/media?parent=60975"}],"wp:term":[{"taxonomy":"product_brand","embeddable":true,"href":"https:\/\/www.ritzbrasil.com\/es\/wp-json\/wp\/v2\/product_brand?post=60975"},{"taxonomy":"product_cat","embeddable":true,"href":"https:\/\/www.ritzbrasil.com\/es\/wp-json\/wp\/v2\/product_cat?post=60975"},{"taxonomy":"product_tag","embeddable":true,"href":"https:\/\/www.ritzbrasil.com\/es\/wp-json\/wp\/v2\/product_tag?post=60975"}],"curies":[{"name":"wp","href":"https:\/\/api.w.org\/{rel}","templated":true}]}}