{"id":60973,"date":"2024-10-29T14:47:48","date_gmt":"2024-10-29T17:47:48","guid":{"rendered":"https:\/\/bisque-bison-688002.hostingersite.com\/produtos\/sin%20categor\u00eda\/instrumento-de-comprobacion-de-aisladores-insulometro\/"},"modified":"2026-02-02T10:46:16","modified_gmt":"2026-02-02T13:46:16","slug":"instrumento-de-comprobacion-de-aisladores-insulometro","status":"publish","type":"product","link":"https:\/\/www.ritzbrasil.com\/es\/produtos\/productos\/instrumentos-de-prueba-y-deteccion\/instrumento-de-comprobacion-de-aisladores-insulometro\/","title":{"rendered":"Instrumento de comprobaci\u00f3n de aisladores &#8211; Insul\u00f3metro"},"content":{"rendered":"<div class=\"wpb-content-wrapper\"><p>[vc_row][vc_column][vc_column_text css=\u00bb.vc_custom_1730222985762{margin-top: 20px !important;}\u00bb]<\/p>\n<h4><span style=\"color: #ff9900;\"><strong>Instrumento de comprobaci\u00f3n de aisladores &#8211; Insul\u00f3metro<\/strong><\/span><\/h4>\n<p>[\/vc_column_text][vc_column_text css=\u00bb.vc_custom_1770039894907{margin-top: -20px !important;}\u00bb]\n<div id=\"tablepress-TILV-16DT-ISOLOMETRO-ES-scroll-wrapper\" class=\"tablepress-scroll-wrapper\">\n<table id=\"tablepress-TILV-16DT-ISOLOMETRO-ES\" class=\"tablepress tablepress-id-TILV-16DT-ISOLOMETRO-ES tablepress-responsive\">\n<thead>\n<tr class=\"row-1\">\n\t<td class=\"column-1\"><\/td><th class=\"column-2\">  Referencias<\/th><th class=\"column-3\">Caracter\u00edstica<\/th><td class=\"column-4\"><\/td>\n<\/tr>\n<\/thead>\n<tbody class=\"row-striping row-hover\">\n<tr class=\"row-2\">\n\t<td class=\"column-1\"><img decoding=\"async\" src=\"https:\/\/www.ritzbrasil.com\/wp-content\/uploads\/2024\/10\/tilv-16-dt-instrumento-teste-isoladores-isolometro-150x150-1.jpg\" \/><\/td><td class=\"column-2\">TILV-16\/DT<\/td><td class=\"column-3\">Peso Aprox.: 1,13 kg (2,49 lb)<\/td><td class=\"column-4\">    <button class=\"add-to-budget\" data-table-id=\"TILV-16DT-ISOLOMETRO\" data-reference=\"TILV-16\/DT\" data-description=\"Instrumento de comprobaci\u00f3n de aisladores \u2013 Insul\u00f3metro\" style=\"color:#ff4d00;\">\n        <img decoding=\"async\" src=\"https:\/\/www.ritzbrasil.com\/\/wp-content\/uploads\/2024\/07\/orcar-compras-tabela-new-1.png\" alt=\"Solicitar cotizaci\u00f3n\" title=\"Solicitar cotizaci\u00f3n\" \/>\n    <\/button>\n    <\/td>\n<\/tr>\n<\/tbody>\n<\/table>\n<\/div>\n[\/vc_column_text][vc_separator border_width=\u00bb2&#8243; css=\u00bb\u00bb][\/vc_column][\/vc_row][vc_row][vc_column][vc_column_text css=\u00bb.vc_custom_1730223895888{margin-top: 20px !important;}\u00bb]<\/p>\n<h4><span style=\"color: #ff9900;\"><strong>TILV-16\/AFT<\/strong><\/span><\/h4>\n<p>[\/vc_column_text][vc_column_text css=\u00bb.vc_custom_1770039984939{margin-top: -20px !important;}\u00bb]\n<div id=\"tablepress-TILV-16AFT-Aferidor-ES-scroll-wrapper\" class=\"tablepress-scroll-wrapper\">\n<table id=\"tablepress-TILV-16AFT-Aferidor-ES\" class=\"tablepress tablepress-id-TILV-16AFT-Aferidor-ES tablepress-responsive\">\n<thead>\n<tr class=\"row-1\">\n\t<td class=\"column-1\"><\/td><th class=\"column-2\">  Referencias<\/th><th class=\"column-3\">Caracter\u00edstica<\/th><td class=\"column-4\"><\/td>\n<\/tr>\n<\/thead>\n<tbody class=\"row-striping row-hover\">\n<tr class=\"row-2\">\n\t<td class=\"column-1\"><img decoding=\"async\" src=\"https:\/\/www.ritzbrasil.com\/wp-content\/uploads\/2024\/10\/tilv-16-aft-instrumento-aferidor-150x150-1.jpg\" \/><\/td><td class=\"column-2\">TILV-16\/AFT<\/td><td class=\"column-3\">Peso Aprox.: 1,00 kg (2,20 lb)<\/td><td class=\"column-4\">    <button class=\"add-to-budget\" data-table-id=\"TILV-16AFT-Aferidor\" data-reference=\"TILV-16\/AFT\" data-description=\"TILV-16\/AFT\" style=\"color:#ff4d00;\">\n        <img decoding=\"async\" src=\"https:\/\/www.ritzbrasil.com\/\/wp-content\/uploads\/2024\/07\/orcar-compras-tabela-new-1.png\" alt=\"Solicitar cotizaci\u00f3n\" title=\"Solicitar cotizaci\u00f3n\" \/>\n    <\/button>\n    <\/td>\n<\/tr>\n<\/tbody>\n<\/table>\n<\/div>\n[\/vc_column_text][vc_separator border_width=\u00bb2&#8243; css=\u00bb\u00bb][\/vc_column][\/vc_row]<\/p>\n<\/div>","protected":false},"excerpt":{"rendered":"<h4><span style=\"color: #ff9900;\">Instrumento de comprobaci\u00f3n de aisladores &#8211; Insul\u00f3metro<\/span><\/h4>\n<p>Dispositivo port\u00e1til que te permite localizar r\u00e1pidamente un aislador defectuoso en la cadena de aisladores de circuitos de distribuci\u00f3n y transmisi\u00f3n energizados de hasta 500 kV.<br \/>\nPeso aprox.: 1,13 kg (2,49 lb)<\/p>\n<p>Su principio de funcionamiento se basa en la medici\u00f3n de la diferencia de potencial a trav\u00e9s del disco aislante sometido a prueba. Un galvan\u00f3metro de alta impedancia indica esta diferencia de potencial, permitiendo comparaciones con otros discos aislantes del mismo sistema. As\u00ed, el aislante defectuoso tendr\u00e1 una lectura considerablemente inferior a la de los dem\u00e1s.  <\/p>\n<p>Puede utilizarse para evaluar aisladores de espiga, aisladores de una sola pieza, aisladores de espiga de varias piezas y aisladores de disco.<\/p>\n<p>Est\u00e1 fabricado con tubos y carcasa de fibra de vidrio, con ajuste r\u00e1pido y multi\u00e1ngulo de las puntas de contacto. El aisl\u00f3metro puede utilizarse para comprobar cualquier tama\u00f1o de aislante, adem\u00e1s de permitir otros ajustes para una mejor visualizaci\u00f3n por parte del electricista. <\/p>\n<p>En la parte posterior de la carcasa del instrumento hay un interruptor de 3 posiciones que var\u00eda la sensibilidad del medidor para permitir una mejor selecci\u00f3n de la desviaci\u00f3n del puntero.<\/p>\n","protected":false},"featured_media":59893,"template":"","meta":[],"product_brand":[],"product_cat":[1669],"product_tag":[2084,2083],"class_list":{"0":"post-60973","1":"product","2":"type-product","3":"status-publish","4":"has-post-thumbnail","6":"product_cat-instrumentos-de-prueba-y-deteccion","7":"product_tag-tilv-16-aft-es","8":"product_tag-tilv-16-dt-es","9":"description-off","11":"first","12":"instock","13":"virtual","14":"product-type-simple"},"yoast_head":"<!-- This site is optimized with the Yoast SEO plugin v27.1.1 - https:\/\/yoast.com\/product\/yoast-seo-wordpress\/ -->\n<title>Comprobador de fases<\/title>\n<meta name=\"description\" content=\"Aisl\u00f3metro port\u00e1til que localiza aisladores defectuosos en cadenas de aisladores en circuitos energizados de distribuci\u00f3n y transmisi\u00f3n de hasta 500 kV.\" \/>\n<meta name=\"robots\" content=\"index, follow, max-snippet:-1, max-image-preview:large, max-video-preview:-1\" \/>\n<link rel=\"canonical\" href=\"https:\/\/www.ritzbrasil.com\/es\/produtos\/productos\/instrumentos-de-prueba-y-deteccion\/instrumento-de-comprobacion-de-aisladores-insulometro\/\" \/>\n<meta property=\"og:locale\" content=\"es_ES\" \/>\n<meta property=\"og:type\" content=\"article\" \/>\n<meta property=\"og:title\" content=\"Comprobador de fases\" \/>\n<meta property=\"og:description\" content=\"Aisl\u00f3metro port\u00e1til que localiza aisladores defectuosos en cadenas de aisladores en circuitos energizados de distribuci\u00f3n y transmisi\u00f3n de hasta 500 kV.\" \/>\n<meta property=\"og:url\" content=\"https:\/\/www.ritzbrasil.com\/es\/produtos\/productos\/instrumentos-de-prueba-y-deteccion\/instrumento-de-comprobacion-de-aisladores-insulometro\/\" \/>\n<meta property=\"og:site_name\" content=\"Equipamentos de Manuten\u00e7\u00e3o e Seguran\u00e7a para o Setor El\u00e9trico - Ritz Brasil\" \/>\n<meta property=\"article:modified_time\" content=\"2026-02-02T13:46:16+00:00\" \/>\n<meta property=\"og:image\" content=\"https:\/\/www.ritzbrasil.com\/wp-content\/uploads\/2024\/10\/tilv-16-dt-instrumento-teste-isoladores-isolometro.jpg\" \/>\n\t<meta property=\"og:image:width\" content=\"1200\" \/>\n\t<meta property=\"og:image:height\" content=\"1200\" \/>\n\t<meta property=\"og:image:type\" content=\"image\/jpeg\" \/>\n<meta name=\"twitter:card\" content=\"summary_large_image\" \/>\n<meta name=\"twitter:label1\" content=\"Tiempo de lectura\" \/>\n\t<meta name=\"twitter:data1\" content=\"1 minuto\" \/>\n<script type=\"application\/ld+json\" class=\"yoast-schema-graph\">{\"@context\":\"https:\/\/schema.org\",\"@graph\":[{\"@type\":\"WebPage\",\"@id\":\"https:\/\/www.ritzbrasil.com\/es\/produtos\/productos\/instrumentos-de-prueba-y-deteccion\/instrumento-de-comprobacion-de-aisladores-insulometro\/\",\"url\":\"https:\/\/www.ritzbrasil.com\/es\/produtos\/productos\/instrumentos-de-prueba-y-deteccion\/instrumento-de-comprobacion-de-aisladores-insulometro\/\",\"name\":\"Comprobador de fases\",\"isPartOf\":{\"@id\":\"https:\/\/www.ritzbrasil.com\/es\/#website\"},\"primaryImageOfPage\":{\"@id\":\"https:\/\/www.ritzbrasil.com\/es\/produtos\/productos\/instrumentos-de-prueba-y-deteccion\/instrumento-de-comprobacion-de-aisladores-insulometro\/#primaryimage\"},\"image\":{\"@id\":\"https:\/\/www.ritzbrasil.com\/es\/produtos\/productos\/instrumentos-de-prueba-y-deteccion\/instrumento-de-comprobacion-de-aisladores-insulometro\/#primaryimage\"},\"thumbnailUrl\":\"https:\/\/www.ritzbrasil.com\/wp-content\/uploads\/2024\/10\/tilv-16-dt-instrumento-teste-isoladores-isolometro.jpg\",\"datePublished\":\"2024-10-29T17:47:48+00:00\",\"dateModified\":\"2026-02-02T13:46:16+00:00\",\"description\":\"Aisl\u00f3metro port\u00e1til que localiza aisladores defectuosos en cadenas de aisladores en circuitos energizados de distribuci\u00f3n y transmisi\u00f3n de hasta 500 kV.\",\"breadcrumb\":{\"@id\":\"https:\/\/www.ritzbrasil.com\/es\/produtos\/productos\/instrumentos-de-prueba-y-deteccion\/instrumento-de-comprobacion-de-aisladores-insulometro\/#breadcrumb\"},\"inLanguage\":\"es\",\"potentialAction\":[{\"@type\":\"ReadAction\",\"target\":[\"https:\/\/www.ritzbrasil.com\/es\/produtos\/productos\/instrumentos-de-prueba-y-deteccion\/instrumento-de-comprobacion-de-aisladores-insulometro\/\"]}]},{\"@type\":\"ImageObject\",\"inLanguage\":\"es\",\"@id\":\"https:\/\/www.ritzbrasil.com\/es\/produtos\/productos\/instrumentos-de-prueba-y-deteccion\/instrumento-de-comprobacion-de-aisladores-insulometro\/#primaryimage\",\"url\":\"https:\/\/www.ritzbrasil.com\/wp-content\/uploads\/2024\/10\/tilv-16-dt-instrumento-teste-isoladores-isolometro.jpg\",\"contentUrl\":\"https:\/\/www.ritzbrasil.com\/wp-content\/uploads\/2024\/10\/tilv-16-dt-instrumento-teste-isoladores-isolometro.jpg\",\"width\":1200,\"height\":1200,\"caption\":\"Instrumento de comprobaci\u00f3n de aisladores TILV-16\/DT - Insul\u00f3metro\"},{\"@type\":\"BreadcrumbList\",\"@id\":\"https:\/\/www.ritzbrasil.com\/es\/produtos\/productos\/instrumentos-de-prueba-y-deteccion\/instrumento-de-comprobacion-de-aisladores-insulometro\/#breadcrumb\",\"itemListElement\":[{\"@type\":\"ListItem\",\"position\":1,\"name\":\"In\u00edcio\",\"item\":\"https:\/\/www.ritzbrasil.com\/es\/\"},{\"@type\":\"ListItem\",\"position\":2,\"name\":\"Tienda\",\"item\":\"https:\/\/www.ritzbrasil.com\/es\/tienda\/\"},{\"@type\":\"ListItem\",\"position\":3,\"name\":\"Instrumento de comprobaci\u00f3n de aisladores &#8211; Insul\u00f3metro\"}]},{\"@type\":\"WebSite\",\"@id\":\"https:\/\/www.ritzbrasil.com\/es\/#website\",\"url\":\"https:\/\/www.ritzbrasil.com\/es\/\",\"name\":\"Equipamentos de Manuten\u00e7\u00e3o e Seguran\u00e7a para o Setor El\u00e9trico - Ritz Brasil\",\"description\":\"\",\"potentialAction\":[{\"@type\":\"SearchAction\",\"target\":{\"@type\":\"EntryPoint\",\"urlTemplate\":\"https:\/\/www.ritzbrasil.com\/es\/?s={search_term_string}\"},\"query-input\":{\"@type\":\"PropertyValueSpecification\",\"valueRequired\":true,\"valueName\":\"search_term_string\"}}],\"inLanguage\":\"es\"}]}<\/script>\n<!-- \/ Yoast SEO plugin. -->","yoast_head_json":{"title":"Comprobador de fases","description":"Aisl\u00f3metro port\u00e1til que localiza aisladores defectuosos en cadenas de aisladores en circuitos energizados de distribuci\u00f3n y transmisi\u00f3n de hasta 500 kV.","robots":{"index":"index","follow":"follow","max-snippet":"max-snippet:-1","max-image-preview":"max-image-preview:large","max-video-preview":"max-video-preview:-1"},"canonical":"https:\/\/www.ritzbrasil.com\/es\/produtos\/productos\/instrumentos-de-prueba-y-deteccion\/instrumento-de-comprobacion-de-aisladores-insulometro\/","og_locale":"es_ES","og_type":"article","og_title":"Comprobador de fases","og_description":"Aisl\u00f3metro port\u00e1til que localiza aisladores defectuosos en cadenas de aisladores en circuitos energizados de distribuci\u00f3n y transmisi\u00f3n de hasta 500 kV.","og_url":"https:\/\/www.ritzbrasil.com\/es\/produtos\/productos\/instrumentos-de-prueba-y-deteccion\/instrumento-de-comprobacion-de-aisladores-insulometro\/","og_site_name":"Equipamentos de Manuten\u00e7\u00e3o e Seguran\u00e7a para o Setor El\u00e9trico - Ritz Brasil","article_modified_time":"2026-02-02T13:46:16+00:00","og_image":[{"width":1200,"height":1200,"url":"https:\/\/www.ritzbrasil.com\/wp-content\/uploads\/2024\/10\/tilv-16-dt-instrumento-teste-isoladores-isolometro.jpg","type":"image\/jpeg"}],"twitter_card":"summary_large_image","twitter_misc":{"Tiempo de lectura":"1 minuto"},"schema":{"@context":"https:\/\/schema.org","@graph":[{"@type":"WebPage","@id":"https:\/\/www.ritzbrasil.com\/es\/produtos\/productos\/instrumentos-de-prueba-y-deteccion\/instrumento-de-comprobacion-de-aisladores-insulometro\/","url":"https:\/\/www.ritzbrasil.com\/es\/produtos\/productos\/instrumentos-de-prueba-y-deteccion\/instrumento-de-comprobacion-de-aisladores-insulometro\/","name":"Comprobador de fases","isPartOf":{"@id":"https:\/\/www.ritzbrasil.com\/es\/#website"},"primaryImageOfPage":{"@id":"https:\/\/www.ritzbrasil.com\/es\/produtos\/productos\/instrumentos-de-prueba-y-deteccion\/instrumento-de-comprobacion-de-aisladores-insulometro\/#primaryimage"},"image":{"@id":"https:\/\/www.ritzbrasil.com\/es\/produtos\/productos\/instrumentos-de-prueba-y-deteccion\/instrumento-de-comprobacion-de-aisladores-insulometro\/#primaryimage"},"thumbnailUrl":"https:\/\/www.ritzbrasil.com\/wp-content\/uploads\/2024\/10\/tilv-16-dt-instrumento-teste-isoladores-isolometro.jpg","datePublished":"2024-10-29T17:47:48+00:00","dateModified":"2026-02-02T13:46:16+00:00","description":"Aisl\u00f3metro port\u00e1til que localiza aisladores defectuosos en cadenas de aisladores en circuitos energizados de distribuci\u00f3n y transmisi\u00f3n de hasta 500 kV.","breadcrumb":{"@id":"https:\/\/www.ritzbrasil.com\/es\/produtos\/productos\/instrumentos-de-prueba-y-deteccion\/instrumento-de-comprobacion-de-aisladores-insulometro\/#breadcrumb"},"inLanguage":"es","potentialAction":[{"@type":"ReadAction","target":["https:\/\/www.ritzbrasil.com\/es\/produtos\/productos\/instrumentos-de-prueba-y-deteccion\/instrumento-de-comprobacion-de-aisladores-insulometro\/"]}]},{"@type":"ImageObject","inLanguage":"es","@id":"https:\/\/www.ritzbrasil.com\/es\/produtos\/productos\/instrumentos-de-prueba-y-deteccion\/instrumento-de-comprobacion-de-aisladores-insulometro\/#primaryimage","url":"https:\/\/www.ritzbrasil.com\/wp-content\/uploads\/2024\/10\/tilv-16-dt-instrumento-teste-isoladores-isolometro.jpg","contentUrl":"https:\/\/www.ritzbrasil.com\/wp-content\/uploads\/2024\/10\/tilv-16-dt-instrumento-teste-isoladores-isolometro.jpg","width":1200,"height":1200,"caption":"Instrumento de comprobaci\u00f3n de aisladores TILV-16\/DT - Insul\u00f3metro"},{"@type":"BreadcrumbList","@id":"https:\/\/www.ritzbrasil.com\/es\/produtos\/productos\/instrumentos-de-prueba-y-deteccion\/instrumento-de-comprobacion-de-aisladores-insulometro\/#breadcrumb","itemListElement":[{"@type":"ListItem","position":1,"name":"In\u00edcio","item":"https:\/\/www.ritzbrasil.com\/es\/"},{"@type":"ListItem","position":2,"name":"Tienda","item":"https:\/\/www.ritzbrasil.com\/es\/tienda\/"},{"@type":"ListItem","position":3,"name":"Instrumento de comprobaci\u00f3n de aisladores &#8211; Insul\u00f3metro"}]},{"@type":"WebSite","@id":"https:\/\/www.ritzbrasil.com\/es\/#website","url":"https:\/\/www.ritzbrasil.com\/es\/","name":"Equipamentos de Manuten\u00e7\u00e3o e Seguran\u00e7a para o Setor El\u00e9trico - Ritz Brasil","description":"","potentialAction":[{"@type":"SearchAction","target":{"@type":"EntryPoint","urlTemplate":"https:\/\/www.ritzbrasil.com\/es\/?s={search_term_string}"},"query-input":{"@type":"PropertyValueSpecification","valueRequired":true,"valueName":"search_term_string"}}],"inLanguage":"es"}]}},"_links":{"self":[{"href":"https:\/\/www.ritzbrasil.com\/es\/wp-json\/wp\/v2\/product\/60973","targetHints":{"allow":["GET"]}}],"collection":[{"href":"https:\/\/www.ritzbrasil.com\/es\/wp-json\/wp\/v2\/product"}],"about":[{"href":"https:\/\/www.ritzbrasil.com\/es\/wp-json\/wp\/v2\/types\/product"}],"wp:featuredmedia":[{"embeddable":true,"href":"https:\/\/www.ritzbrasil.com\/es\/wp-json\/wp\/v2\/media\/59893"}],"wp:attachment":[{"href":"https:\/\/www.ritzbrasil.com\/es\/wp-json\/wp\/v2\/media?parent=60973"}],"wp:term":[{"taxonomy":"product_brand","embeddable":true,"href":"https:\/\/www.ritzbrasil.com\/es\/wp-json\/wp\/v2\/product_brand?post=60973"},{"taxonomy":"product_cat","embeddable":true,"href":"https:\/\/www.ritzbrasil.com\/es\/wp-json\/wp\/v2\/product_cat?post=60973"},{"taxonomy":"product_tag","embeddable":true,"href":"https:\/\/www.ritzbrasil.com\/es\/wp-json\/wp\/v2\/product_tag?post=60973"}],"curies":[{"name":"wp","href":"https:\/\/api.w.org\/{rel}","templated":true}]}}