{"id":60970,"date":"2024-10-29T14:04:25","date_gmt":"2024-10-29T17:04:25","guid":{"rendered":"https:\/\/bisque-bison-688002.hostingersite.com\/produtos\/sin%20categor\u00eda\/comprobador-de-fases\/"},"modified":"2026-02-02T11:10:27","modified_gmt":"2026-02-02T14:10:27","slug":"comprobador-de-fases","status":"publish","type":"product","link":"https:\/\/www.ritzbrasil.com\/es\/produtos\/instrumentos-de-prueba-y-deteccion\/comprobador-de-fases\/","title":{"rendered":"Comprobador de fases"},"content":{"rendered":"<div class=\"wpb-content-wrapper\"><p>[vc_row][vc_column][vc_column_text css=\u00bb.vc_custom_1730221065809{margin-top: 20px !important;}\u00bb]<\/p>\n<h4><span style=\"color: #ff9900;\"><strong>Comprobador de fases<\/strong><\/span><\/h4>\n<p>[\/vc_column_text][vc_column_text css=\u00bb.vc_custom_1770041289428{margin-top: -20px !important;}\u00bb]\n<div id=\"tablepress-Testador-Fase-ES-scroll-wrapper\" class=\"tablepress-scroll-wrapper\">\n<table id=\"tablepress-Testador-Fase-ES\" class=\"tablepress tablepress-id-Testador-Fase-ES tablepress-responsive\">\n<thead>\n<tr class=\"row-1\">\n\t<td class=\"column-1\"><\/td><th class=\"column-2\">  Referencias<\/th><th class=\"column-3\">Caracter\u00edstica<\/th><td class=\"column-4\"><\/td>\n<\/tr>\n<\/thead>\n<tbody class=\"row-striping row-hover\">\n<tr class=\"row-2\">\n\t<td class=\"column-1\"><img decoding=\"async\" src=\"https:\/\/www.ritzbrasil.com\/wp-content\/uploads\/2024\/10\/rh1876-1-testador-fase-150x150-1.jpg\" \/><\/td><td class=\"column-2\">RH1876<\/td><td class=\"column-3\">Kit completo para pruebas de fase de hasta 16 kV, incluye comprobador, malet\u00edn, dos p\u00e9rtigas universales y bolsa para las p\u00e9rtigas universales.<\/td><td class=\"column-4\">    <button class=\"add-to-budget\" data-table-id=\"Testador-Fase\" data-reference=\"RH1876\" data-description=\"Comprobador de fases\" style=\"color:#ff4d00;\">\n        <img decoding=\"async\" src=\"https:\/\/www.ritzbrasil.com\/\/wp-content\/uploads\/2024\/07\/orcar-compras-tabela-new-1.png\" alt=\"Solicitar cotizaci\u00f3n\" title=\"Solicitar cotizaci\u00f3n\" \/>\n    <\/button>\n    <\/td>\n<\/tr>\n<tr class=\"row-3\">\n\t<td class=\"column-1\"><img decoding=\"async\" src=\"https:\/\/www.ritzbrasil.com\/wp-content\/uploads\/2024\/10\/itr-e-00863-testador-fase-150x150-1.jpg\" \/><\/td><td class=\"column-2\">ITR-E-00863<\/td><td class=\"column-3\">Kit completo de prueba de fase, que incluye comprobador, kit de extensi\u00f3n con resistencia de 48 kV, malet\u00edn de transporte, dos varillas de prueba universales y bolsa para las varillas de prueba universales.<\/td><td class=\"column-4\">    <button class=\"add-to-budget\" data-table-id=\"Testador-Fase\" data-reference=\"ITR-E-00863\" data-description=\"Comprobador de fases\" style=\"color:#ff4d00;\">\n        <img decoding=\"async\" src=\"https:\/\/www.ritzbrasil.com\/\/wp-content\/uploads\/2024\/07\/orcar-compras-tabela-new-1.png\" alt=\"Solicitar cotizaci\u00f3n\" title=\"Solicitar cotizaci\u00f3n\" \/>\n    <\/button>\n    <\/td>\n<\/tr>\n<tr class=\"row-4\">\n\t<td class=\"column-1\"><img decoding=\"async\" src=\"https:\/\/www.ritzbrasil.com\/wp-content\/uploads\/2024\/10\/rh1876-1-testador-fase-150x150-1.jpg\" \/><\/td><td class=\"column-2\">RH1876-1<\/td><td class=\"column-3\">Solo el comprobador de 16 kV con estuche<\/td><td class=\"column-4\">    <button class=\"add-to-budget\" data-table-id=\"Testador-Fase\" data-reference=\"RH1876-1\" data-description=\"Comprobador de fases\" style=\"color:#ff4d00;\">\n        <img decoding=\"async\" src=\"https:\/\/www.ritzbrasil.com\/\/wp-content\/uploads\/2024\/07\/orcar-compras-tabela-new-1.png\" alt=\"Solicitar cotizaci\u00f3n\" title=\"Solicitar cotizaci\u00f3n\" \/>\n    <\/button>\n    <\/td>\n<\/tr>\n<tr class=\"row-5\">\n\t<td class=\"column-1\"><img decoding=\"async\" src=\"https:\/\/www.ritzbrasil.com\/wp-content\/uploads\/2024\/10\/rh1876-2-kit-extensao-testador-fase-150x150-1.jpg\" \/><\/td><td class=\"column-2\">RH1876-2<\/td><td class=\"column-3\">Kit de extensi\u00f3n con resistencia para el comprobador de fase de 80 kV<\/td><td class=\"column-4\">    <button class=\"add-to-budget\" data-table-id=\"Testador-Fase\" data-reference=\"RH1876-2\" data-description=\"Comprobador de fases\" style=\"color:#ff4d00;\">\n        <img decoding=\"async\" src=\"https:\/\/www.ritzbrasil.com\/\/wp-content\/uploads\/2024\/07\/orcar-compras-tabela-new-1.png\" alt=\"Solicitar cotizaci\u00f3n\" title=\"Solicitar cotizaci\u00f3n\" \/>\n    <\/button>\n    <\/td>\n<\/tr>\n<tr class=\"row-6\">\n\t<td class=\"column-1\"><img decoding=\"async\" src=\"https:\/\/www.ritzbrasil.com\/wp-content\/uploads\/2024\/10\/rh1876-4-kit-extensao-testador-fase-150x150-1.jpg\" \/><\/td><td class=\"column-2\">RH1876-4<\/td><td class=\"column-3\">Kit de extensi\u00f3n con resistencia para el comprobador de fase de 48 kV<\/td><td class=\"column-4\">    <button class=\"add-to-budget\" data-table-id=\"Testador-Fase\" data-reference=\"RH1876-4\" data-description=\"Comprobador de fases\" style=\"color:#ff4d00;\">\n        <img decoding=\"async\" src=\"https:\/\/www.ritzbrasil.com\/\/wp-content\/uploads\/2024\/07\/orcar-compras-tabela-new-1.png\" alt=\"Solicitar cotizaci\u00f3n\" title=\"Solicitar cotizaci\u00f3n\" \/>\n    <\/button>\n    <\/td>\n<\/tr>\n<tr class=\"row-7\">\n\t<td class=\"column-1\"><img decoding=\"async\" src=\"https:\/\/www.ritzbrasil.com\/wp-content\/uploads\/2024\/10\/h1876-b-aft-instrumento-aferidor-fase-tester-150x150-1.jpg\" \/><\/td><td class=\"column-2\">H1876\/B-AFT<\/td><td class=\"column-3\">Instrumento de medici\u00f3n de fase<\/td><td class=\"column-4\">    <button class=\"add-to-budget\" data-table-id=\"Testador-Fase\" data-reference=\"H1876\/B-AFT\" data-description=\"Comprobador de fases\" style=\"color:#ff4d00;\">\n        <img decoding=\"async\" src=\"https:\/\/www.ritzbrasil.com\/\/wp-content\/uploads\/2024\/07\/orcar-compras-tabela-new-1.png\" alt=\"Solicitar cotizaci\u00f3n\" title=\"Solicitar cotizaci\u00f3n\" \/>\n    <\/button>\n    <\/td>\n<\/tr>\n<\/tbody>\n<\/table>\n<\/div>\n[\/vc_column_text][vc_separator border_width=\u00bb2&#8243; css=\u00bb\u00bb][\/vc_column][\/vc_row][vc_row][vc_column][vc_column_text css=\u00bb.vc_custom_1730221441534{margin-top: 20px !important;}\u00bb]<\/p>\n<h4><span style=\"color: #ff9900;\"><strong>Accesorios<\/strong><\/span><\/h4>\n<p>[\/vc_column_text][vc_column_text css=\u00bb.vc_custom_1770041436223{margin-top: -20px !important;}\u00bb]\n<div id=\"tablepress-Acessorio-Testador-Fase-ES-scroll-wrapper\" class=\"tablepress-scroll-wrapper\">\n<table id=\"tablepress-Acessorio-Testador-Fase-ES\" class=\"tablepress tablepress-id-Acessorio-Testador-Fase-ES tablepress-responsive\">\n<thead>\n<tr class=\"row-1\">\n\t<td class=\"column-1\"><\/td><th class=\"column-2\">  Referencias<\/th><th class=\"column-3\">Caracter\u00edstica<\/th><td class=\"column-4\"><\/td>\n<\/tr>\n<\/thead>\n<tbody class=\"row-striping row-hover\">\n<tr class=\"row-2\">\n\t<td class=\"column-1\"><img decoding=\"async\" src=\"https:\/\/www.ritzbrasil.com\/wp-content\/uploads\/2024\/10\/rh1760-1-bastao-universal-150x150-1.jpg\" \/><\/td><td class=\"column-2\">RH1760-1<\/td><td class=\"column-3\">Varilla universal de \u00d8 32 mm y longitud aislante de 1,75 m<\/td><td class=\"column-4\">    <button class=\"add-to-budget\" data-table-id=\"Acessorio-Testador-Fase\" data-reference=\"RH1760-1\" data-description=\"Comprobador de fase - Accesorio\" style=\"color:#ff4d00;\">\n        <img decoding=\"async\" src=\"https:\/\/www.ritzbrasil.com\/\/wp-content\/uploads\/2024\/07\/orcar-compras-tabela-new-1.png\" alt=\"Solicitar cotizaci\u00f3n\" title=\"Solicitar cotizaci\u00f3n\" \/>\n    <\/button>\n    <\/td>\n<\/tr>\n<\/tbody>\n<\/table>\n<\/div>\n[\/vc_column_text][vc_separator border_width=\u00bb2&#8243; css=\u00bb\u00bb][\/vc_column][\/vc_row]<\/p>\n<\/div>","protected":false},"excerpt":{"rendered":"<h4><span style=\"color: #ff9900;\">Comprobador de fases<\/span><\/h4>\n<p>Equipo port\u00e1til que te permite determinar de forma f\u00e1cil y segura la rotaci\u00f3n y la comparaci\u00f3n de fases, as\u00ed como las lecturas de tensi\u00f3n alterna, fase-fase o fase-tierra en circuitos de transmisi\u00f3n y distribuci\u00f3n de 1 kV a 80 kV.<\/p>\n<p>La unidad b\u00e1sica consta de un galvan\u00f3metro que toma lecturas directas de 1 kV a 16 kV y un carrete con 6,50 m de cable apantallado, montado en dos polos RITZGLAS\u00ae, que son las unidades de alta impedancia necesarias para que el instrumento pueda tomar lecturas.<\/p>\n<p>Para tensiones superiores a 16 kV es necesario utilizar extensiones (RH1876-4 para 48 kV y RH1876-2 para 80 kV). Estas extensiones se enroscan en el extremo de la p\u00e9rtiga del instrumento y la lectura pasa a ser indirecta, es decir, para 48 kV &#8211; escala completa x3 y para 80 kV &#8211; escala completa x5. <\/p>\n<p>Para 48 kV (RH1876-4) utiliza un par de extensiones y para 80 kV (RH1876-2) dos pares. Longitud de cada unidad: 630 mm. <\/p>\n<p>La finalidad del instrumento calibrador (H1876\/B-AFT) es calibrar el comprobador de fase antes de utilizarlo, especialmente tras un largo periodo de inactividad. Genera una se\u00f1al digital para el comprobador de fase, de modo que el usuario pueda comparar la lectura del galvan\u00f3metro con el valor indicado en la pantalla del comprobador. <\/p>\n<p>Este medidor debe adquirirse como producto aparte.<br \/>\nSu fuente de alimentaci\u00f3n: pila de 9 V.<\/p>\n","protected":false},"featured_media":59945,"template":"","meta":[],"product_brand":[],"product_cat":[1669],"product_tag":[2073,2069,2067,2068,2070,2071,2072],"class_list":{"0":"post-60970","1":"product","2":"type-product","3":"status-publish","4":"has-post-thumbnail","6":"product_cat-instrumentos-de-prueba-y-deteccion","7":"product_tag-h1876-b-aft-es","8":"product_tag-itr-e-00863-es","9":"product_tag-rh1760-1-es","10":"product_tag-rh1876-es","11":"product_tag-rh1876-1-es","12":"product_tag-rh1876-2-es","13":"product_tag-rh1876-4-es","14":"description-off","16":"first","17":"instock","18":"virtual","19":"product-type-simple"},"yoast_head":"<!-- This site is optimized with the Yoast SEO plugin v27.1.1 - https:\/\/yoast.com\/product\/yoast-seo-wordpress\/ -->\n<title>Comprobador de fases<\/title>\n<meta name=\"description\" content=\"Comprobador de fases port\u00e1til para rotaci\u00f3n, comparaci\u00f3n de fases y lecturas de tensi\u00f3n alterna en circuitos de 1 kV a 80 kV, con seguridad y precisi\u00f3n.\" \/>\n<meta name=\"robots\" content=\"index, follow, max-snippet:-1, max-image-preview:large, max-video-preview:-1\" \/>\n<link rel=\"canonical\" href=\"https:\/\/www.ritzbrasil.com\/es\/produtos\/instrumentos-de-prueba-y-deteccion\/comprobador-de-fases\/\" \/>\n<meta property=\"og:locale\" content=\"es_ES\" \/>\n<meta property=\"og:type\" content=\"article\" \/>\n<meta property=\"og:title\" content=\"Comprobador de fases\" \/>\n<meta property=\"og:description\" content=\"Comprobador de fases port\u00e1til para rotaci\u00f3n, comparaci\u00f3n de fases y lecturas de tensi\u00f3n alterna en circuitos de 1 kV a 80 kV, con seguridad y precisi\u00f3n.\" \/>\n<meta property=\"og:url\" content=\"https:\/\/www.ritzbrasil.com\/es\/produtos\/instrumentos-de-prueba-y-deteccion\/comprobador-de-fases\/\" \/>\n<meta property=\"og:site_name\" content=\"Equipamentos de Manuten\u00e7\u00e3o e Seguran\u00e7a para o Setor El\u00e9trico - Ritz Brasil\" \/>\n<meta property=\"article:modified_time\" content=\"2026-02-02T14:10:27+00:00\" \/>\n<meta property=\"og:image\" content=\"https:\/\/www.ritzbrasil.com\/wp-content\/uploads\/2024\/10\/Testador-de-Fase.jpg\" \/>\n\t<meta property=\"og:image:width\" content=\"1200\" \/>\n\t<meta property=\"og:image:height\" content=\"1200\" \/>\n\t<meta property=\"og:image:type\" content=\"image\/jpeg\" \/>\n<meta name=\"twitter:card\" content=\"summary_large_image\" \/>\n<meta name=\"twitter:label1\" content=\"Tiempo de lectura\" \/>\n\t<meta name=\"twitter:data1\" content=\"1 minuto\" \/>\n<script type=\"application\/ld+json\" class=\"yoast-schema-graph\">{\"@context\":\"https:\/\/schema.org\",\"@graph\":[{\"@type\":\"WebPage\",\"@id\":\"https:\/\/www.ritzbrasil.com\/es\/produtos\/instrumentos-de-prueba-y-deteccion\/comprobador-de-fases\/\",\"url\":\"https:\/\/www.ritzbrasil.com\/es\/produtos\/instrumentos-de-prueba-y-deteccion\/comprobador-de-fases\/\",\"name\":\"Comprobador de fases\",\"isPartOf\":{\"@id\":\"https:\/\/www.ritzbrasil.com\/es\/#website\"},\"primaryImageOfPage\":{\"@id\":\"https:\/\/www.ritzbrasil.com\/es\/produtos\/instrumentos-de-prueba-y-deteccion\/comprobador-de-fases\/#primaryimage\"},\"image\":{\"@id\":\"https:\/\/www.ritzbrasil.com\/es\/produtos\/instrumentos-de-prueba-y-deteccion\/comprobador-de-fases\/#primaryimage\"},\"thumbnailUrl\":\"https:\/\/www.ritzbrasil.com\/wp-content\/uploads\/2024\/10\/Testador-de-Fase.jpg\",\"datePublished\":\"2024-10-29T17:04:25+00:00\",\"dateModified\":\"2026-02-02T14:10:27+00:00\",\"description\":\"Comprobador de fases port\u00e1til para rotaci\u00f3n, comparaci\u00f3n de fases y lecturas de tensi\u00f3n alterna en circuitos de 1 kV a 80 kV, con seguridad y precisi\u00f3n.\",\"breadcrumb\":{\"@id\":\"https:\/\/www.ritzbrasil.com\/es\/produtos\/instrumentos-de-prueba-y-deteccion\/comprobador-de-fases\/#breadcrumb\"},\"inLanguage\":\"es\",\"potentialAction\":[{\"@type\":\"ReadAction\",\"target\":[\"https:\/\/www.ritzbrasil.com\/es\/produtos\/instrumentos-de-prueba-y-deteccion\/comprobador-de-fases\/\"]}]},{\"@type\":\"ImageObject\",\"inLanguage\":\"es\",\"@id\":\"https:\/\/www.ritzbrasil.com\/es\/produtos\/instrumentos-de-prueba-y-deteccion\/comprobador-de-fases\/#primaryimage\",\"url\":\"https:\/\/www.ritzbrasil.com\/wp-content\/uploads\/2024\/10\/Testador-de-Fase.jpg\",\"contentUrl\":\"https:\/\/www.ritzbrasil.com\/wp-content\/uploads\/2024\/10\/Testador-de-Fase.jpg\",\"width\":1200,\"height\":1200,\"caption\":\"Comprobador de fases\"},{\"@type\":\"BreadcrumbList\",\"@id\":\"https:\/\/www.ritzbrasil.com\/es\/produtos\/instrumentos-de-prueba-y-deteccion\/comprobador-de-fases\/#breadcrumb\",\"itemListElement\":[{\"@type\":\"ListItem\",\"position\":1,\"name\":\"In\u00edcio\",\"item\":\"https:\/\/www.ritzbrasil.com\/es\/\"},{\"@type\":\"ListItem\",\"position\":2,\"name\":\"Tienda\",\"item\":\"https:\/\/www.ritzbrasil.com\/es\/tienda\/\"},{\"@type\":\"ListItem\",\"position\":3,\"name\":\"Comprobador de fases\"}]},{\"@type\":\"WebSite\",\"@id\":\"https:\/\/www.ritzbrasil.com\/es\/#website\",\"url\":\"https:\/\/www.ritzbrasil.com\/es\/\",\"name\":\"Equipamentos de Manuten\u00e7\u00e3o e Seguran\u00e7a para o Setor El\u00e9trico - Ritz Brasil\",\"description\":\"\",\"potentialAction\":[{\"@type\":\"SearchAction\",\"target\":{\"@type\":\"EntryPoint\",\"urlTemplate\":\"https:\/\/www.ritzbrasil.com\/es\/?s={search_term_string}\"},\"query-input\":{\"@type\":\"PropertyValueSpecification\",\"valueRequired\":true,\"valueName\":\"search_term_string\"}}],\"inLanguage\":\"es\"}]}<\/script>\n<!-- \/ Yoast SEO plugin. -->","yoast_head_json":{"title":"Comprobador de fases","description":"Comprobador de fases port\u00e1til para rotaci\u00f3n, comparaci\u00f3n de fases y lecturas de tensi\u00f3n alterna en circuitos de 1 kV a 80 kV, con seguridad y precisi\u00f3n.","robots":{"index":"index","follow":"follow","max-snippet":"max-snippet:-1","max-image-preview":"max-image-preview:large","max-video-preview":"max-video-preview:-1"},"canonical":"https:\/\/www.ritzbrasil.com\/es\/produtos\/instrumentos-de-prueba-y-deteccion\/comprobador-de-fases\/","og_locale":"es_ES","og_type":"article","og_title":"Comprobador de fases","og_description":"Comprobador de fases port\u00e1til para rotaci\u00f3n, comparaci\u00f3n de fases y lecturas de tensi\u00f3n alterna en circuitos de 1 kV a 80 kV, con seguridad y precisi\u00f3n.","og_url":"https:\/\/www.ritzbrasil.com\/es\/produtos\/instrumentos-de-prueba-y-deteccion\/comprobador-de-fases\/","og_site_name":"Equipamentos de Manuten\u00e7\u00e3o e Seguran\u00e7a para o Setor El\u00e9trico - Ritz Brasil","article_modified_time":"2026-02-02T14:10:27+00:00","og_image":[{"width":1200,"height":1200,"url":"https:\/\/www.ritzbrasil.com\/wp-content\/uploads\/2024\/10\/Testador-de-Fase.jpg","type":"image\/jpeg"}],"twitter_card":"summary_large_image","twitter_misc":{"Tiempo de lectura":"1 minuto"},"schema":{"@context":"https:\/\/schema.org","@graph":[{"@type":"WebPage","@id":"https:\/\/www.ritzbrasil.com\/es\/produtos\/instrumentos-de-prueba-y-deteccion\/comprobador-de-fases\/","url":"https:\/\/www.ritzbrasil.com\/es\/produtos\/instrumentos-de-prueba-y-deteccion\/comprobador-de-fases\/","name":"Comprobador de fases","isPartOf":{"@id":"https:\/\/www.ritzbrasil.com\/es\/#website"},"primaryImageOfPage":{"@id":"https:\/\/www.ritzbrasil.com\/es\/produtos\/instrumentos-de-prueba-y-deteccion\/comprobador-de-fases\/#primaryimage"},"image":{"@id":"https:\/\/www.ritzbrasil.com\/es\/produtos\/instrumentos-de-prueba-y-deteccion\/comprobador-de-fases\/#primaryimage"},"thumbnailUrl":"https:\/\/www.ritzbrasil.com\/wp-content\/uploads\/2024\/10\/Testador-de-Fase.jpg","datePublished":"2024-10-29T17:04:25+00:00","dateModified":"2026-02-02T14:10:27+00:00","description":"Comprobador de fases port\u00e1til para rotaci\u00f3n, comparaci\u00f3n de fases y lecturas de tensi\u00f3n alterna en circuitos de 1 kV a 80 kV, con seguridad y precisi\u00f3n.","breadcrumb":{"@id":"https:\/\/www.ritzbrasil.com\/es\/produtos\/instrumentos-de-prueba-y-deteccion\/comprobador-de-fases\/#breadcrumb"},"inLanguage":"es","potentialAction":[{"@type":"ReadAction","target":["https:\/\/www.ritzbrasil.com\/es\/produtos\/instrumentos-de-prueba-y-deteccion\/comprobador-de-fases\/"]}]},{"@type":"ImageObject","inLanguage":"es","@id":"https:\/\/www.ritzbrasil.com\/es\/produtos\/instrumentos-de-prueba-y-deteccion\/comprobador-de-fases\/#primaryimage","url":"https:\/\/www.ritzbrasil.com\/wp-content\/uploads\/2024\/10\/Testador-de-Fase.jpg","contentUrl":"https:\/\/www.ritzbrasil.com\/wp-content\/uploads\/2024\/10\/Testador-de-Fase.jpg","width":1200,"height":1200,"caption":"Comprobador de fases"},{"@type":"BreadcrumbList","@id":"https:\/\/www.ritzbrasil.com\/es\/produtos\/instrumentos-de-prueba-y-deteccion\/comprobador-de-fases\/#breadcrumb","itemListElement":[{"@type":"ListItem","position":1,"name":"In\u00edcio","item":"https:\/\/www.ritzbrasil.com\/es\/"},{"@type":"ListItem","position":2,"name":"Tienda","item":"https:\/\/www.ritzbrasil.com\/es\/tienda\/"},{"@type":"ListItem","position":3,"name":"Comprobador de fases"}]},{"@type":"WebSite","@id":"https:\/\/www.ritzbrasil.com\/es\/#website","url":"https:\/\/www.ritzbrasil.com\/es\/","name":"Equipamentos de Manuten\u00e7\u00e3o e Seguran\u00e7a para o Setor El\u00e9trico - Ritz Brasil","description":"","potentialAction":[{"@type":"SearchAction","target":{"@type":"EntryPoint","urlTemplate":"https:\/\/www.ritzbrasil.com\/es\/?s={search_term_string}"},"query-input":{"@type":"PropertyValueSpecification","valueRequired":true,"valueName":"search_term_string"}}],"inLanguage":"es"}]}},"_links":{"self":[{"href":"https:\/\/www.ritzbrasil.com\/es\/wp-json\/wp\/v2\/product\/60970","targetHints":{"allow":["GET"]}}],"collection":[{"href":"https:\/\/www.ritzbrasil.com\/es\/wp-json\/wp\/v2\/product"}],"about":[{"href":"https:\/\/www.ritzbrasil.com\/es\/wp-json\/wp\/v2\/types\/product"}],"wp:featuredmedia":[{"embeddable":true,"href":"https:\/\/www.ritzbrasil.com\/es\/wp-json\/wp\/v2\/media\/59945"}],"wp:attachment":[{"href":"https:\/\/www.ritzbrasil.com\/es\/wp-json\/wp\/v2\/media?parent=60970"}],"wp:term":[{"taxonomy":"product_brand","embeddable":true,"href":"https:\/\/www.ritzbrasil.com\/es\/wp-json\/wp\/v2\/product_brand?post=60970"},{"taxonomy":"product_cat","embeddable":true,"href":"https:\/\/www.ritzbrasil.com\/es\/wp-json\/wp\/v2\/product_cat?post=60970"},{"taxonomy":"product_tag","embeddable":true,"href":"https:\/\/www.ritzbrasil.com\/es\/wp-json\/wp\/v2\/product_tag?post=60970"}],"curies":[{"name":"wp","href":"https:\/\/api.w.org\/{rel}","templated":true}]}}