{"id":60968,"date":"2024-10-29T13:23:54","date_gmt":"2024-10-29T16:23:54","guid":{"rendered":"https:\/\/bisque-bison-688002.hostingersite.com\/produtos\/sin%20categor\u00eda\/posible-palo-de-contacto\/"},"modified":"2026-02-02T11:20:17","modified_gmt":"2026-02-02T14:20:17","slug":"posible-palo-de-contacto","status":"publish","type":"product","link":"https:\/\/www.ritzbrasil.com\/es\/produtos\/equipo-para-trabajar-en-potencia\/posible-palo-de-contacto\/","title":{"rendered":"Posible palo de contacto"},"content":{"rendered":"<div class=\"wpb-content-wrapper\"><p>[vc_row][vc_column][vc_column_text css=\u00bb.vc_custom_1730218692866{margin-top: 20px !important;}\u00bb]<\/p>\n<h4><span style=\"color: #ff9900;\"><strong>Posible palo de contacto<\/strong><\/span><\/h4>\n<p>[\/vc_column_text][vc_column_text css=\u00bb.vc_custom_1770042022938{margin-top: -20px !important;}\u00bb]\n<div id=\"tablepress-LV02544-1-Bastao-Contato-Potencial-ES-scroll-wrapper\" class=\"tablepress-scroll-wrapper\">\n<table id=\"tablepress-LV02544-1-Bastao-Contato-Potencial-ES\" class=\"tablepress tablepress-id-LV02544-1-Bastao-Contato-Potencial-ES tablepress-responsive\">\n<thead>\n<tr class=\"row-1\">\n\t<td class=\"column-1\"><\/td><th class=\"column-2\">  Referencias<\/th><th class=\"column-3\">Caracter\u00edstica<\/th><td class=\"column-4\"><\/td>\n<\/tr>\n<\/thead>\n<tbody class=\"row-striping row-hover\">\n<tr class=\"row-2\">\n\t<td class=\"column-1\"><img decoding=\"async\" src=\"https:\/\/www.ritzbrasil.com\/wp-content\/uploads\/2024\/10\/flv02544-1-bastao-contato-potencial-150x150-1.jpg\" \/><\/td><td class=\"column-2\">FLV02544-1<\/td><td class=\"column-3\">Peso aproximado: 1,60 kg (5,53 lb)<br \/>\nApertura m\u00ednima: 12 mm<br \/>\nM\u00e1xima: 48 mm<\/td><td class=\"column-4\">    <button class=\"add-to-budget\" data-table-id=\"FLV02544-1-Bastao-Contato-Potencial\" data-reference=\"FLV02544-1\" data-description=\"Bast\u00e3o de Contato ao Potencial\" style=\"color:#ff4d00;\">\n        <img decoding=\"async\" src=\"https:\/\/www.ritzbrasil.com\/\/wp-content\/uploads\/2024\/07\/orcar-compras-tabela-new-1.png\" alt=\"Solicitar cotizaci\u00f3n\" title=\"Solicitar cotizaci\u00f3n\" \/>\n    <\/button>\n    <\/td>\n<\/tr>\n<\/tbody>\n<\/table>\n<\/div>\n[\/vc_column_text][vc_separator border_width=\u00bb2&#8243; css=\u00bb\u00bb][\/vc_column][\/vc_row]<\/p>\n<\/div>","protected":false},"excerpt":{"rendered":"<h4><span style=\"color: #ff9900;\">Posible palo de contacto<\/span><\/h4>\n<p>Se utiliza para conectar la cola de la ropa conductora al conductor energizado, con el fin de igualar el potencial, evitando molestias al electricista al realizar el trabajo.<\/p>\n<p>Es a trav\u00e9s de la varilla de contacto de potencial que (durante el mantenimiento mediante el m\u00e9todo de trabajo de potencial) se producir\u00e1 el primer contacto del electricista con el conductor energizado. Asimismo, al final del trabajo, ser\u00e1 la \u00faltima en desconectarse, evitando as\u00ed que se produzca un arco el\u00e9ctrico sobre el electricista. <\/p>\n<p>Al volver al potencial de tierra, la varilla debe tocar primero la estructura para descargar la energ\u00eda est\u00e1tica.<\/p>\n<p>Fabricado con tubo RITZGLAS\u00ae \u00d8 32 mm con una longitud aislante de 340 mm, tiene un asa de apoyo para la p\u00e9rtiga y una conexi\u00f3n para la \u00abcola\u00bb de la ropa conductora.<\/p>\n<p>Peso aprox.: 1,60 kg (5,53 lb)<\/p>\n<p><strong>TIPO DE CONEXI\u00d3N<\/strong><br \/>\nAbrazadera m\u00f3vil: su instalaci\u00f3n se realiza girando el poste, pero permite al electricista optar por retirar el poste, dejando s\u00f3lo instalada la abrazadera. (Esta abrazadera tiene una cabeza con un dispositivo de enganche r\u00e1pido, que se fijar\u00e1 al ojo de la abrazadera de forma firme y segura). <\/p>\n<p>Abertura m\u00ednima: 12 mm M\u00e1xima: 48 mm<\/p>\n","protected":false},"featured_media":59867,"template":"","meta":[],"product_brand":[],"product_cat":[2013],"product_tag":[2065],"class_list":{"0":"post-60968","1":"product","2":"type-product","3":"status-publish","4":"has-post-thumbnail","6":"product_cat-equipo-para-trabajar-en-potencia","7":"product_tag-flv02544-1-es","8":"description-off","10":"first","11":"instock","12":"virtual","13":"product-type-simple"},"yoast_head":"<!-- This site is optimized with the Yoast SEO plugin v27.1.1 - https:\/\/yoast.com\/product\/yoast-seo-wordpress\/ -->\n<title>Posible palo de contacto<\/title>\n<meta name=\"description\" content=\"P\u00e9rtiga de contacto potencial, conecta la ropa conductora al conductor energizado, igualando el potencial para mayor comodidad y seguridad.\" \/>\n<meta name=\"robots\" content=\"index, follow, max-snippet:-1, max-image-preview:large, max-video-preview:-1\" \/>\n<link rel=\"canonical\" href=\"https:\/\/www.ritzbrasil.com\/es\/produtos\/equipo-para-trabajar-en-potencia\/posible-palo-de-contacto\/\" \/>\n<meta property=\"og:locale\" content=\"es_ES\" \/>\n<meta property=\"og:type\" content=\"article\" \/>\n<meta property=\"og:title\" content=\"Posible palo de contacto\" \/>\n<meta property=\"og:description\" content=\"P\u00e9rtiga de contacto potencial, conecta la ropa conductora al conductor energizado, igualando el potencial para mayor comodidad y seguridad.\" \/>\n<meta property=\"og:url\" content=\"https:\/\/www.ritzbrasil.com\/es\/produtos\/equipo-para-trabajar-en-potencia\/posible-palo-de-contacto\/\" \/>\n<meta property=\"og:site_name\" content=\"Equipamentos de Manuten\u00e7\u00e3o e Seguran\u00e7a para o Setor El\u00e9trico - Ritz Brasil\" \/>\n<meta property=\"article:modified_time\" content=\"2026-02-02T14:20:17+00:00\" \/>\n<meta property=\"og:image\" content=\"https:\/\/www.ritzbrasil.com\/wp-content\/uploads\/2024\/10\/flv02544-1-bastao-contato-potencial.jpg\" \/>\n\t<meta property=\"og:image:width\" content=\"1200\" \/>\n\t<meta property=\"og:image:height\" content=\"1200\" \/>\n\t<meta property=\"og:image:type\" content=\"image\/jpeg\" \/>\n<meta name=\"twitter:card\" content=\"summary_large_image\" \/>\n<meta name=\"twitter:label1\" content=\"Tiempo de lectura\" \/>\n\t<meta name=\"twitter:data1\" content=\"1 minuto\" \/>\n<script type=\"application\/ld+json\" class=\"yoast-schema-graph\">{\"@context\":\"https:\/\/schema.org\",\"@graph\":[{\"@type\":\"WebPage\",\"@id\":\"https:\/\/www.ritzbrasil.com\/es\/produtos\/equipo-para-trabajar-en-potencia\/posible-palo-de-contacto\/\",\"url\":\"https:\/\/www.ritzbrasil.com\/es\/produtos\/equipo-para-trabajar-en-potencia\/posible-palo-de-contacto\/\",\"name\":\"Posible palo de contacto\",\"isPartOf\":{\"@id\":\"https:\/\/www.ritzbrasil.com\/es\/#website\"},\"primaryImageOfPage\":{\"@id\":\"https:\/\/www.ritzbrasil.com\/es\/produtos\/equipo-para-trabajar-en-potencia\/posible-palo-de-contacto\/#primaryimage\"},\"image\":{\"@id\":\"https:\/\/www.ritzbrasil.com\/es\/produtos\/equipo-para-trabajar-en-potencia\/posible-palo-de-contacto\/#primaryimage\"},\"thumbnailUrl\":\"https:\/\/www.ritzbrasil.com\/wp-content\/uploads\/2024\/10\/flv02544-1-bastao-contato-potencial.jpg\",\"datePublished\":\"2024-10-29T16:23:54+00:00\",\"dateModified\":\"2026-02-02T14:20:17+00:00\",\"description\":\"P\u00e9rtiga de contacto potencial, conecta la ropa conductora al conductor energizado, igualando el potencial para mayor comodidad y seguridad.\",\"breadcrumb\":{\"@id\":\"https:\/\/www.ritzbrasil.com\/es\/produtos\/equipo-para-trabajar-en-potencia\/posible-palo-de-contacto\/#breadcrumb\"},\"inLanguage\":\"es\",\"potentialAction\":[{\"@type\":\"ReadAction\",\"target\":[\"https:\/\/www.ritzbrasil.com\/es\/produtos\/equipo-para-trabajar-en-potencia\/posible-palo-de-contacto\/\"]}]},{\"@type\":\"ImageObject\",\"inLanguage\":\"es\",\"@id\":\"https:\/\/www.ritzbrasil.com\/es\/produtos\/equipo-para-trabajar-en-potencia\/posible-palo-de-contacto\/#primaryimage\",\"url\":\"https:\/\/www.ritzbrasil.com\/wp-content\/uploads\/2024\/10\/flv02544-1-bastao-contato-potencial.jpg\",\"contentUrl\":\"https:\/\/www.ritzbrasil.com\/wp-content\/uploads\/2024\/10\/flv02544-1-bastao-contato-potencial.jpg\",\"width\":1200,\"height\":1200,\"caption\":\"FLV02544-1 Varilla de contacto potencial\"},{\"@type\":\"BreadcrumbList\",\"@id\":\"https:\/\/www.ritzbrasil.com\/es\/produtos\/equipo-para-trabajar-en-potencia\/posible-palo-de-contacto\/#breadcrumb\",\"itemListElement\":[{\"@type\":\"ListItem\",\"position\":1,\"name\":\"In\u00edcio\",\"item\":\"https:\/\/www.ritzbrasil.com\/es\/\"},{\"@type\":\"ListItem\",\"position\":2,\"name\":\"Tienda\",\"item\":\"https:\/\/www.ritzbrasil.com\/es\/tienda\/\"},{\"@type\":\"ListItem\",\"position\":3,\"name\":\"Posible palo de contacto\"}]},{\"@type\":\"WebSite\",\"@id\":\"https:\/\/www.ritzbrasil.com\/es\/#website\",\"url\":\"https:\/\/www.ritzbrasil.com\/es\/\",\"name\":\"Equipamentos de Manuten\u00e7\u00e3o e Seguran\u00e7a para o Setor El\u00e9trico - Ritz Brasil\",\"description\":\"\",\"potentialAction\":[{\"@type\":\"SearchAction\",\"target\":{\"@type\":\"EntryPoint\",\"urlTemplate\":\"https:\/\/www.ritzbrasil.com\/es\/?s={search_term_string}\"},\"query-input\":{\"@type\":\"PropertyValueSpecification\",\"valueRequired\":true,\"valueName\":\"search_term_string\"}}],\"inLanguage\":\"es\"}]}<\/script>\n<!-- \/ Yoast SEO plugin. -->","yoast_head_json":{"title":"Posible palo de contacto","description":"P\u00e9rtiga de contacto potencial, conecta la ropa conductora al conductor energizado, igualando el potencial para mayor comodidad y seguridad.","robots":{"index":"index","follow":"follow","max-snippet":"max-snippet:-1","max-image-preview":"max-image-preview:large","max-video-preview":"max-video-preview:-1"},"canonical":"https:\/\/www.ritzbrasil.com\/es\/produtos\/equipo-para-trabajar-en-potencia\/posible-palo-de-contacto\/","og_locale":"es_ES","og_type":"article","og_title":"Posible palo de contacto","og_description":"P\u00e9rtiga de contacto potencial, conecta la ropa conductora al conductor energizado, igualando el potencial para mayor comodidad y seguridad.","og_url":"https:\/\/www.ritzbrasil.com\/es\/produtos\/equipo-para-trabajar-en-potencia\/posible-palo-de-contacto\/","og_site_name":"Equipamentos de Manuten\u00e7\u00e3o e Seguran\u00e7a para o Setor El\u00e9trico - Ritz Brasil","article_modified_time":"2026-02-02T14:20:17+00:00","og_image":[{"width":1200,"height":1200,"url":"https:\/\/www.ritzbrasil.com\/wp-content\/uploads\/2024\/10\/flv02544-1-bastao-contato-potencial.jpg","type":"image\/jpeg"}],"twitter_card":"summary_large_image","twitter_misc":{"Tiempo de lectura":"1 minuto"},"schema":{"@context":"https:\/\/schema.org","@graph":[{"@type":"WebPage","@id":"https:\/\/www.ritzbrasil.com\/es\/produtos\/equipo-para-trabajar-en-potencia\/posible-palo-de-contacto\/","url":"https:\/\/www.ritzbrasil.com\/es\/produtos\/equipo-para-trabajar-en-potencia\/posible-palo-de-contacto\/","name":"Posible palo de contacto","isPartOf":{"@id":"https:\/\/www.ritzbrasil.com\/es\/#website"},"primaryImageOfPage":{"@id":"https:\/\/www.ritzbrasil.com\/es\/produtos\/equipo-para-trabajar-en-potencia\/posible-palo-de-contacto\/#primaryimage"},"image":{"@id":"https:\/\/www.ritzbrasil.com\/es\/produtos\/equipo-para-trabajar-en-potencia\/posible-palo-de-contacto\/#primaryimage"},"thumbnailUrl":"https:\/\/www.ritzbrasil.com\/wp-content\/uploads\/2024\/10\/flv02544-1-bastao-contato-potencial.jpg","datePublished":"2024-10-29T16:23:54+00:00","dateModified":"2026-02-02T14:20:17+00:00","description":"P\u00e9rtiga de contacto potencial, conecta la ropa conductora al conductor energizado, igualando el potencial para mayor comodidad y seguridad.","breadcrumb":{"@id":"https:\/\/www.ritzbrasil.com\/es\/produtos\/equipo-para-trabajar-en-potencia\/posible-palo-de-contacto\/#breadcrumb"},"inLanguage":"es","potentialAction":[{"@type":"ReadAction","target":["https:\/\/www.ritzbrasil.com\/es\/produtos\/equipo-para-trabajar-en-potencia\/posible-palo-de-contacto\/"]}]},{"@type":"ImageObject","inLanguage":"es","@id":"https:\/\/www.ritzbrasil.com\/es\/produtos\/equipo-para-trabajar-en-potencia\/posible-palo-de-contacto\/#primaryimage","url":"https:\/\/www.ritzbrasil.com\/wp-content\/uploads\/2024\/10\/flv02544-1-bastao-contato-potencial.jpg","contentUrl":"https:\/\/www.ritzbrasil.com\/wp-content\/uploads\/2024\/10\/flv02544-1-bastao-contato-potencial.jpg","width":1200,"height":1200,"caption":"FLV02544-1 Varilla de contacto potencial"},{"@type":"BreadcrumbList","@id":"https:\/\/www.ritzbrasil.com\/es\/produtos\/equipo-para-trabajar-en-potencia\/posible-palo-de-contacto\/#breadcrumb","itemListElement":[{"@type":"ListItem","position":1,"name":"In\u00edcio","item":"https:\/\/www.ritzbrasil.com\/es\/"},{"@type":"ListItem","position":2,"name":"Tienda","item":"https:\/\/www.ritzbrasil.com\/es\/tienda\/"},{"@type":"ListItem","position":3,"name":"Posible palo de contacto"}]},{"@type":"WebSite","@id":"https:\/\/www.ritzbrasil.com\/es\/#website","url":"https:\/\/www.ritzbrasil.com\/es\/","name":"Equipamentos de Manuten\u00e7\u00e3o e Seguran\u00e7a para o Setor El\u00e9trico - Ritz Brasil","description":"","potentialAction":[{"@type":"SearchAction","target":{"@type":"EntryPoint","urlTemplate":"https:\/\/www.ritzbrasil.com\/es\/?s={search_term_string}"},"query-input":{"@type":"PropertyValueSpecification","valueRequired":true,"valueName":"search_term_string"}}],"inLanguage":"es"}]}},"_links":{"self":[{"href":"https:\/\/www.ritzbrasil.com\/es\/wp-json\/wp\/v2\/product\/60968","targetHints":{"allow":["GET"]}}],"collection":[{"href":"https:\/\/www.ritzbrasil.com\/es\/wp-json\/wp\/v2\/product"}],"about":[{"href":"https:\/\/www.ritzbrasil.com\/es\/wp-json\/wp\/v2\/types\/product"}],"wp:featuredmedia":[{"embeddable":true,"href":"https:\/\/www.ritzbrasil.com\/es\/wp-json\/wp\/v2\/media\/59867"}],"wp:attachment":[{"href":"https:\/\/www.ritzbrasil.com\/es\/wp-json\/wp\/v2\/media?parent=60968"}],"wp:term":[{"taxonomy":"product_brand","embeddable":true,"href":"https:\/\/www.ritzbrasil.com\/es\/wp-json\/wp\/v2\/product_brand?post=60968"},{"taxonomy":"product_cat","embeddable":true,"href":"https:\/\/www.ritzbrasil.com\/es\/wp-json\/wp\/v2\/product_cat?post=60968"},{"taxonomy":"product_tag","embeddable":true,"href":"https:\/\/www.ritzbrasil.com\/es\/wp-json\/wp\/v2\/product_tag?post=60968"}],"curies":[{"name":"wp","href":"https:\/\/api.w.org\/{rel}","templated":true}]}}