{"id":60966,"date":"2024-10-29T11:22:45","date_gmt":"2024-10-29T14:22:45","guid":{"rendered":"https:\/\/bisque-bison-688002.hostingersite.com\/produtos\/sin%20categor\u00eda\/carro-de-inspeccion-del-conductor\/"},"modified":"2026-02-02T11:35:16","modified_gmt":"2026-02-02T14:35:16","slug":"carro-de-inspeccion-del-conductor","status":"publish","type":"product","link":"https:\/\/www.ritzbrasil.com\/es\/produtos\/equipo-para-trabajar-en-potencia\/carro-de-inspeccion-del-conductor\/","title":{"rendered":"Carro de inspecci\u00f3n del conductor"},"content":{"rendered":"<div class=\"wpb-content-wrapper\"><p>[vc_row][vc_column][vc_column_text css=\u00bb.vc_custom_1730211032815{margin-top: 20px !important;}\u00bb]<\/p>\n<h4><span style=\"color: #ff9900;\"><strong>Carro de inspecci\u00f3n del conductor<\/strong><\/span><\/h4>\n<p>[\/vc_column_text][vc_column_text css=\u00bb.vc_custom_1770042806873{margin-top: -20px !important;}\u00bb]\n<div id=\"tablepress-Carro-Inspecao-Condutores-ES-scroll-wrapper\" class=\"tablepress-scroll-wrapper\">\n<table id=\"tablepress-Carro-Inspecao-Condutores-ES\" class=\"tablepress tablepress-id-Carro-Inspecao-Condutores-ES tablepress-responsive\">\n<thead>\n<tr class=\"row-1\">\n\t<td class=\"column-1\"><\/td><th class=\"column-2\">  Referencias<\/th><th class=\"column-3\">Caracter\u00edstica<\/th><td class=\"column-4\"><\/td>\n<\/tr>\n<\/thead>\n<tbody class=\"row-striping row-hover\">\n<tr class=\"row-2\">\n\t<td class=\"column-1\"><img decoding=\"async\" src=\"https:\/\/www.ritzbrasil.com\/wp-content\/uploads\/2024\/10\/flv21045-1-carro-inspecao-condutores-150x150-1.jpg\" \/><\/td><td class=\"column-2\">FLV21045-1<\/td><td class=\"column-3\">Para 4 conductores<\/td><td class=\"column-4\">    <button class=\"add-to-budget\" data-table-id=\"Carro-Inspecao-Condutores\" data-reference=\"FLV21045-1\" data-description=\"Carro de inspecci\u00f3n del conductor\" style=\"color:#ff4d00;\">\n        <img decoding=\"async\" src=\"https:\/\/www.ritzbrasil.com\/\/wp-content\/uploads\/2024\/07\/orcar-compras-tabela-new-1.png\" alt=\"Solicitar cotizaci\u00f3n\" title=\"Solicitar cotizaci\u00f3n\" \/>\n    <\/button>\n    <\/td>\n<\/tr>\n<tr class=\"row-3\">\n\t<td class=\"column-1\"><img decoding=\"async\" src=\"https:\/\/www.ritzbrasil.com\/wp-content\/uploads\/2024\/10\/flv21549-1-carro-inspecao-condutores-150x150-1.jpg\" \/><\/td><td class=\"column-2\">FLV21549-1<\/td><td class=\"column-3\">Para 3 conductores<\/td><td class=\"column-4\">    <button class=\"add-to-budget\" data-table-id=\"Carro-Inspecao-Condutores\" data-reference=\"FLV21549-1\" data-description=\"Carro de inspecci\u00f3n del conductor\" style=\"color:#ff4d00;\">\n        <img decoding=\"async\" src=\"https:\/\/www.ritzbrasil.com\/\/wp-content\/uploads\/2024\/07\/orcar-compras-tabela-new-1.png\" alt=\"Solicitar cotizaci\u00f3n\" title=\"Solicitar cotizaci\u00f3n\" \/>\n    <\/button>\n    <\/td>\n<\/tr>\n<\/tbody>\n<\/table>\n<\/div>\n[\/vc_column_text][vc_separator border_width=\u00bb2&#8243; css=\u00bb\u00bb][\/vc_column][\/vc_row][vc_row][vc_column][vc_column_text css=\u00bb.vc_custom_1730211108519{margin-top: 20px !important;}\u00bb]<\/p>\n<h4><span style=\"color: #ff9900;\"><strong>Opciones de manejo<\/strong><\/span><\/h4>\n<p>[\/vc_column_text][vc_column_text css=\u00bb.vc_custom_1770042924264{margin-top: -20px !important;}\u00bb]\n<div id=\"tablepress-Opcionais-Movimentacao-ES-scroll-wrapper\" class=\"tablepress-scroll-wrapper\">\n<table id=\"tablepress-Opcionais-Movimentacao-ES\" class=\"tablepress tablepress-id-Opcionais-Movimentacao-ES tablepress-responsive\">\n<thead>\n<tr class=\"row-1\">\n\t<td class=\"column-1\"><\/td><th class=\"column-2\">  Referencias<\/th><th class=\"column-3\">Caracter\u00edstica<\/th><td class=\"column-4\"><\/td>\n<\/tr>\n<\/thead>\n<tbody class=\"row-striping row-hover\">\n<tr class=\"row-2\">\n\t<td class=\"column-1\"><img decoding=\"async\" src=\"https:\/\/www.ritzbrasil.com\/wp-content\/uploads\/2024\/09\/rm1895-3-corda-150x150-1.jpg\" \/><\/td><td class=\"column-2\">RM1895-3<\/td><td class=\"column-3\">Cuerda de polipropileno<\/td><td class=\"column-4\">    <button class=\"add-to-budget\" data-table-id=\"Opcionais-Movimentacao\" data-reference=\"RM1895-3\" data-description=\"Opciones de manejo\" style=\"color:#ff4d00;\">\n        <img decoding=\"async\" src=\"https:\/\/www.ritzbrasil.com\/\/wp-content\/uploads\/2024\/07\/orcar-compras-tabela-new-1.png\" alt=\"Solicitar cotizaci\u00f3n\" title=\"Solicitar cotizaci\u00f3n\" \/>\n    <\/button>\n    <\/td>\n<\/tr>\n<tr class=\"row-3\">\n\t<td class=\"column-1\"><img decoding=\"async\" src=\"https:\/\/www.ritzbrasil.com\/wp-content\/uploads\/2024\/09\/flv04803-3-separador-isolante-para-cordas-150x150-1.jpg\" \/><\/td><td class=\"column-2\">FLV04803-3<\/td><td class=\"column-3\">Separador aislante<\/td><td class=\"column-4\">    <button class=\"add-to-budget\" data-table-id=\"Opcionais-Movimentacao\" data-reference=\"FLV04803-3\" data-description=\"Opciones de manejo\" style=\"color:#ff4d00;\">\n        <img decoding=\"async\" src=\"https:\/\/www.ritzbrasil.com\/\/wp-content\/uploads\/2024\/07\/orcar-compras-tabela-new-1.png\" alt=\"Solicitar cotizaci\u00f3n\" title=\"Solicitar cotizaci\u00f3n\" \/>\n    <\/button>\n    <\/td>\n<\/tr>\n<\/tbody>\n<\/table>\n<\/div>\n[\/vc_column_text][vc_separator border_width=\u00bb2&#8243; css=\u00bb\u00bb][\/vc_column][\/vc_row]<\/p>\n<\/div>","protected":false},"excerpt":{"rendered":"<h4><span style=\"color: #ff9900;\">Carro de inspecci\u00f3n del conductor<\/span><\/h4>\n<p>Herramienta esencial para la inspecci\u00f3n y el mantenimiento de las l\u00edneas de transmisi\u00f3n.<\/p>\n<p>Utilizando el m\u00e9todo potencial, el electricista tiene un acceso seguro y ergon\u00f3mico a los conductores. Avanzan y retroceden por cuerda desde la torre o desde el suelo. <\/p>\n<p>Fabricado principalmente en aluminio, este equipo es f\u00e1cil de manejar durante el transporte, la instalaci\u00f3n y el uso.<\/p>\n","protected":false},"featured_media":59855,"template":"","meta":[],"product_brand":[],"product_cat":[2013],"product_tag":[2057,2059,2060,2058],"class_list":{"0":"post-60966","1":"product","2":"type-product","3":"status-publish","4":"has-post-thumbnail","6":"product_cat-equipo-para-trabajar-en-potencia","7":"product_tag-flv04803-3-es","8":"product_tag-flv21045-1-es","9":"product_tag-flv21549-1-es","10":"product_tag-rm1895-3-es","11":"description-off","13":"first","14":"instock","15":"virtual","16":"product-type-simple"},"yoast_head":"<!-- This site is optimized with the Yoast SEO plugin v27.1.1 - https:\/\/yoast.com\/product\/yoast-seo-wordpress\/ -->\n<title>Carro de inspecci\u00f3n del conductor<\/title>\n<meta name=\"description\" content=\"Carro para la inspecci\u00f3n segura de conductores en l\u00edneas de transmisi\u00f3n, f\u00e1cil acceso al potencial, estructura ligera y f\u00e1cil manejo.\" \/>\n<meta name=\"robots\" content=\"index, follow, max-snippet:-1, max-image-preview:large, max-video-preview:-1\" \/>\n<link rel=\"canonical\" href=\"https:\/\/www.ritzbrasil.com\/es\/produtos\/equipo-para-trabajar-en-potencia\/carro-de-inspeccion-del-conductor\/\" \/>\n<meta property=\"og:locale\" content=\"es_ES\" \/>\n<meta property=\"og:type\" content=\"article\" \/>\n<meta property=\"og:title\" content=\"Carro de inspecci\u00f3n del conductor\" \/>\n<meta property=\"og:description\" content=\"Carro para la inspecci\u00f3n segura de conductores en l\u00edneas de transmisi\u00f3n, f\u00e1cil acceso al potencial, estructura ligera y f\u00e1cil manejo.\" \/>\n<meta property=\"og:url\" content=\"https:\/\/www.ritzbrasil.com\/es\/produtos\/equipo-para-trabajar-en-potencia\/carro-de-inspeccion-del-conductor\/\" \/>\n<meta property=\"og:site_name\" content=\"Equipamentos de Manuten\u00e7\u00e3o e Seguran\u00e7a para o Setor El\u00e9trico - Ritz Brasil\" \/>\n<meta property=\"article:modified_time\" content=\"2026-02-02T14:35:16+00:00\" \/>\n<meta property=\"og:image\" content=\"https:\/\/www.ritzbrasil.com\/wp-content\/uploads\/2024\/10\/carro-inspecao-condutores.jpg\" \/>\n\t<meta property=\"og:image:width\" content=\"1200\" \/>\n\t<meta property=\"og:image:height\" content=\"1200\" \/>\n\t<meta property=\"og:image:type\" content=\"image\/jpeg\" \/>\n<meta name=\"twitter:card\" content=\"summary_large_image\" \/>\n<meta name=\"twitter:label1\" content=\"Tiempo de lectura\" \/>\n\t<meta name=\"twitter:data1\" content=\"1 minuto\" \/>\n<script type=\"application\/ld+json\" class=\"yoast-schema-graph\">{\"@context\":\"https:\/\/schema.org\",\"@graph\":[{\"@type\":\"WebPage\",\"@id\":\"https:\/\/www.ritzbrasil.com\/es\/produtos\/equipo-para-trabajar-en-potencia\/carro-de-inspeccion-del-conductor\/\",\"url\":\"https:\/\/www.ritzbrasil.com\/es\/produtos\/equipo-para-trabajar-en-potencia\/carro-de-inspeccion-del-conductor\/\",\"name\":\"Carro de inspecci\u00f3n del conductor\",\"isPartOf\":{\"@id\":\"https:\/\/www.ritzbrasil.com\/es\/#website\"},\"primaryImageOfPage\":{\"@id\":\"https:\/\/www.ritzbrasil.com\/es\/produtos\/equipo-para-trabajar-en-potencia\/carro-de-inspeccion-del-conductor\/#primaryimage\"},\"image\":{\"@id\":\"https:\/\/www.ritzbrasil.com\/es\/produtos\/equipo-para-trabajar-en-potencia\/carro-de-inspeccion-del-conductor\/#primaryimage\"},\"thumbnailUrl\":\"https:\/\/www.ritzbrasil.com\/wp-content\/uploads\/2024\/10\/carro-inspecao-condutores.jpg\",\"datePublished\":\"2024-10-29T14:22:45+00:00\",\"dateModified\":\"2026-02-02T14:35:16+00:00\",\"description\":\"Carro para la inspecci\u00f3n segura de conductores en l\u00edneas de transmisi\u00f3n, f\u00e1cil acceso al potencial, estructura ligera y f\u00e1cil manejo.\",\"breadcrumb\":{\"@id\":\"https:\/\/www.ritzbrasil.com\/es\/produtos\/equipo-para-trabajar-en-potencia\/carro-de-inspeccion-del-conductor\/#breadcrumb\"},\"inLanguage\":\"es\",\"potentialAction\":[{\"@type\":\"ReadAction\",\"target\":[\"https:\/\/www.ritzbrasil.com\/es\/produtos\/equipo-para-trabajar-en-potencia\/carro-de-inspeccion-del-conductor\/\"]}]},{\"@type\":\"ImageObject\",\"inLanguage\":\"es\",\"@id\":\"https:\/\/www.ritzbrasil.com\/es\/produtos\/equipo-para-trabajar-en-potencia\/carro-de-inspeccion-del-conductor\/#primaryimage\",\"url\":\"https:\/\/www.ritzbrasil.com\/wp-content\/uploads\/2024\/10\/carro-inspecao-condutores.jpg\",\"contentUrl\":\"https:\/\/www.ritzbrasil.com\/wp-content\/uploads\/2024\/10\/carro-inspecao-condutores.jpg\",\"width\":1200,\"height\":1200,\"caption\":\"Carro de inspecci\u00f3n del conductor\"},{\"@type\":\"BreadcrumbList\",\"@id\":\"https:\/\/www.ritzbrasil.com\/es\/produtos\/equipo-para-trabajar-en-potencia\/carro-de-inspeccion-del-conductor\/#breadcrumb\",\"itemListElement\":[{\"@type\":\"ListItem\",\"position\":1,\"name\":\"In\u00edcio\",\"item\":\"https:\/\/www.ritzbrasil.com\/es\/\"},{\"@type\":\"ListItem\",\"position\":2,\"name\":\"Tienda\",\"item\":\"https:\/\/www.ritzbrasil.com\/es\/tienda\/\"},{\"@type\":\"ListItem\",\"position\":3,\"name\":\"Carro de inspecci\u00f3n del conductor\"}]},{\"@type\":\"WebSite\",\"@id\":\"https:\/\/www.ritzbrasil.com\/es\/#website\",\"url\":\"https:\/\/www.ritzbrasil.com\/es\/\",\"name\":\"Equipamentos de Manuten\u00e7\u00e3o e Seguran\u00e7a para o Setor El\u00e9trico - Ritz Brasil\",\"description\":\"\",\"potentialAction\":[{\"@type\":\"SearchAction\",\"target\":{\"@type\":\"EntryPoint\",\"urlTemplate\":\"https:\/\/www.ritzbrasil.com\/es\/?s={search_term_string}\"},\"query-input\":{\"@type\":\"PropertyValueSpecification\",\"valueRequired\":true,\"valueName\":\"search_term_string\"}}],\"inLanguage\":\"es\"}]}<\/script>\n<!-- \/ Yoast SEO plugin. -->","yoast_head_json":{"title":"Carro de inspecci\u00f3n del conductor","description":"Carro para la inspecci\u00f3n segura de conductores en l\u00edneas de transmisi\u00f3n, f\u00e1cil acceso al potencial, estructura ligera y f\u00e1cil manejo.","robots":{"index":"index","follow":"follow","max-snippet":"max-snippet:-1","max-image-preview":"max-image-preview:large","max-video-preview":"max-video-preview:-1"},"canonical":"https:\/\/www.ritzbrasil.com\/es\/produtos\/equipo-para-trabajar-en-potencia\/carro-de-inspeccion-del-conductor\/","og_locale":"es_ES","og_type":"article","og_title":"Carro de inspecci\u00f3n del conductor","og_description":"Carro para la inspecci\u00f3n segura de conductores en l\u00edneas de transmisi\u00f3n, f\u00e1cil acceso al potencial, estructura ligera y f\u00e1cil manejo.","og_url":"https:\/\/www.ritzbrasil.com\/es\/produtos\/equipo-para-trabajar-en-potencia\/carro-de-inspeccion-del-conductor\/","og_site_name":"Equipamentos de Manuten\u00e7\u00e3o e Seguran\u00e7a para o Setor El\u00e9trico - Ritz Brasil","article_modified_time":"2026-02-02T14:35:16+00:00","og_image":[{"width":1200,"height":1200,"url":"https:\/\/www.ritzbrasil.com\/wp-content\/uploads\/2024\/10\/carro-inspecao-condutores.jpg","type":"image\/jpeg"}],"twitter_card":"summary_large_image","twitter_misc":{"Tiempo de lectura":"1 minuto"},"schema":{"@context":"https:\/\/schema.org","@graph":[{"@type":"WebPage","@id":"https:\/\/www.ritzbrasil.com\/es\/produtos\/equipo-para-trabajar-en-potencia\/carro-de-inspeccion-del-conductor\/","url":"https:\/\/www.ritzbrasil.com\/es\/produtos\/equipo-para-trabajar-en-potencia\/carro-de-inspeccion-del-conductor\/","name":"Carro de inspecci\u00f3n del conductor","isPartOf":{"@id":"https:\/\/www.ritzbrasil.com\/es\/#website"},"primaryImageOfPage":{"@id":"https:\/\/www.ritzbrasil.com\/es\/produtos\/equipo-para-trabajar-en-potencia\/carro-de-inspeccion-del-conductor\/#primaryimage"},"image":{"@id":"https:\/\/www.ritzbrasil.com\/es\/produtos\/equipo-para-trabajar-en-potencia\/carro-de-inspeccion-del-conductor\/#primaryimage"},"thumbnailUrl":"https:\/\/www.ritzbrasil.com\/wp-content\/uploads\/2024\/10\/carro-inspecao-condutores.jpg","datePublished":"2024-10-29T14:22:45+00:00","dateModified":"2026-02-02T14:35:16+00:00","description":"Carro para la inspecci\u00f3n segura de conductores en l\u00edneas de transmisi\u00f3n, f\u00e1cil acceso al potencial, estructura ligera y f\u00e1cil manejo.","breadcrumb":{"@id":"https:\/\/www.ritzbrasil.com\/es\/produtos\/equipo-para-trabajar-en-potencia\/carro-de-inspeccion-del-conductor\/#breadcrumb"},"inLanguage":"es","potentialAction":[{"@type":"ReadAction","target":["https:\/\/www.ritzbrasil.com\/es\/produtos\/equipo-para-trabajar-en-potencia\/carro-de-inspeccion-del-conductor\/"]}]},{"@type":"ImageObject","inLanguage":"es","@id":"https:\/\/www.ritzbrasil.com\/es\/produtos\/equipo-para-trabajar-en-potencia\/carro-de-inspeccion-del-conductor\/#primaryimage","url":"https:\/\/www.ritzbrasil.com\/wp-content\/uploads\/2024\/10\/carro-inspecao-condutores.jpg","contentUrl":"https:\/\/www.ritzbrasil.com\/wp-content\/uploads\/2024\/10\/carro-inspecao-condutores.jpg","width":1200,"height":1200,"caption":"Carro de inspecci\u00f3n del conductor"},{"@type":"BreadcrumbList","@id":"https:\/\/www.ritzbrasil.com\/es\/produtos\/equipo-para-trabajar-en-potencia\/carro-de-inspeccion-del-conductor\/#breadcrumb","itemListElement":[{"@type":"ListItem","position":1,"name":"In\u00edcio","item":"https:\/\/www.ritzbrasil.com\/es\/"},{"@type":"ListItem","position":2,"name":"Tienda","item":"https:\/\/www.ritzbrasil.com\/es\/tienda\/"},{"@type":"ListItem","position":3,"name":"Carro de inspecci\u00f3n del conductor"}]},{"@type":"WebSite","@id":"https:\/\/www.ritzbrasil.com\/es\/#website","url":"https:\/\/www.ritzbrasil.com\/es\/","name":"Equipamentos de Manuten\u00e7\u00e3o e Seguran\u00e7a para o Setor El\u00e9trico - Ritz Brasil","description":"","potentialAction":[{"@type":"SearchAction","target":{"@type":"EntryPoint","urlTemplate":"https:\/\/www.ritzbrasil.com\/es\/?s={search_term_string}"},"query-input":{"@type":"PropertyValueSpecification","valueRequired":true,"valueName":"search_term_string"}}],"inLanguage":"es"}]}},"_links":{"self":[{"href":"https:\/\/www.ritzbrasil.com\/es\/wp-json\/wp\/v2\/product\/60966","targetHints":{"allow":["GET"]}}],"collection":[{"href":"https:\/\/www.ritzbrasil.com\/es\/wp-json\/wp\/v2\/product"}],"about":[{"href":"https:\/\/www.ritzbrasil.com\/es\/wp-json\/wp\/v2\/types\/product"}],"wp:featuredmedia":[{"embeddable":true,"href":"https:\/\/www.ritzbrasil.com\/es\/wp-json\/wp\/v2\/media\/59855"}],"wp:attachment":[{"href":"https:\/\/www.ritzbrasil.com\/es\/wp-json\/wp\/v2\/media?parent=60966"}],"wp:term":[{"taxonomy":"product_brand","embeddable":true,"href":"https:\/\/www.ritzbrasil.com\/es\/wp-json\/wp\/v2\/product_brand?post=60966"},{"taxonomy":"product_cat","embeddable":true,"href":"https:\/\/www.ritzbrasil.com\/es\/wp-json\/wp\/v2\/product_cat?post=60966"},{"taxonomy":"product_tag","embeddable":true,"href":"https:\/\/www.ritzbrasil.com\/es\/wp-json\/wp\/v2\/product_tag?post=60966"}],"curies":[{"name":"wp","href":"https:\/\/api.w.org\/{rel}","templated":true}]}}