{"id":60964,"date":"2024-10-29T11:06:37","date_gmt":"2024-10-29T14:06:37","guid":{"rendered":"https:\/\/bisque-bison-688002.hostingersite.com\/produtos\/sin%20categor\u00eda\/acceso-a-la-catedra-potencial\/"},"modified":"2026-03-10T14:30:01","modified_gmt":"2026-03-10T17:30:01","slug":"acceso-a-la-catedra-potencial","status":"publish","type":"product","link":"https:\/\/www.ritzbrasil.com\/es\/produtos\/equipo-para-trabajar-en-potencia\/acceso-a-la-catedra-potencial\/","title":{"rendered":"Silla de Acceso al Potencial"},"content":{"rendered":"<div class=\"wpb-content-wrapper\"><p>[vc_row][vc_column][vc_column_text css=\u00bb.vc_custom_1773163743230{margin-top: 20px !important;}\u00bb]<\/p>\n<h4><span style=\"color: #ff9900;\"><strong>Silla de Acceso al Potencial<\/strong><\/span><\/h4>\n<p>[\/vc_column_text][vc_column_text css=\u00bb.vc_custom_1770043045692{margin-top: -20px !important;}\u00bb]\n<div id=\"tablepress-Cadeira-Acesso-Potencial-ES-scroll-wrapper\" class=\"tablepress-scroll-wrapper\">\n<table id=\"tablepress-Cadeira-Acesso-Potencial-ES\" class=\"tablepress tablepress-id-Cadeira-Acesso-Potencial-ES tablepress-responsive\">\n<thead>\n<tr class=\"row-1\">\n\t<td class=\"column-1\"><\/td><th class=\"column-2\">  Referencias<\/th><th class=\"column-3\">Caracter\u00edstica<\/th><td class=\"column-4\"><\/td>\n<\/tr>\n<\/thead>\n<tbody class=\"row-striping row-hover\">\n<tr class=\"row-2\">\n\t<td class=\"column-1\"><img decoding=\"async\" src=\"https:\/\/www.ritzbrasil.com\/wp-content\/uploads\/2024\/10\/flv12563-1-cadeira-acesso-potencial-150x150-1.jpg\" \/><\/td><td class=\"column-2\">FLV12563-1<\/td><td class=\"column-3\">Carga m\u00e1xima de trabajo: 120 daN (265 lb)<br \/>\nPeso aproximado: 19,80 kg (43,65 lb)<\/td><td class=\"column-4\">    <button class=\"add-to-budget\" data-table-id=\"Cadeira-Acesso-Potencial\" data-reference=\"FLV12563-1\" data-description=\"Acceso a la C\u00e1tedra Potencial\" style=\"color:#ff4d00;\">\n        <img decoding=\"async\" src=\"https:\/\/www.ritzbrasil.com\/\/wp-content\/uploads\/2024\/07\/orcar-compras-tabela-new-1.png\" alt=\"Solicitar cotizaci\u00f3n\" title=\"Solicitar cotizaci\u00f3n\" \/>\n    <\/button>\n    <\/td>\n<\/tr>\n<\/tbody>\n<\/table>\n<\/div>\n[\/vc_column_text][vc_separator border_width=\u00bb2&#8243; css=\u00bb\u00bb][\/vc_column][\/vc_row]<\/p>\n<\/div>","protected":false},"excerpt":{"rendered":"<h4><span style=\"color: #ff9900;\">Acceso a la C\u00e1tedra Potencial<\/span><\/h4>\n<p>Dise\u00f1ado para facilitar y agilizar el transporte del electricista desde el suelo hasta las zonas de mantenimiento de la estructura o su aproximaci\u00f3n al potencial, de forma segura, r\u00e1pida y c\u00f3moda.<\/p>\n<p>Su construcci\u00f3n anat\u00f3mica, ligera y robusta, con varillas RITZGLAS\u00ae y conexiones de aluminio, permite realizar operaciones de desplazamiento vertical y horizontal con absoluta precisi\u00f3n al acercarse al potencial.<\/p>\n<p>Dispone de un dispositivo que le permite girar de forma continua desde el punto de conexi\u00f3n con la pluma, lo que permite al electricista situarse mejor al pasar de la silla al conductor. Este dispositivo se suministra con la silla y puede utilizarse opcionalmente.<\/p>\n<p>La silla es desmontable y tiene una bolsa para facilitar su transporte, embalaje y almacenamiento.<\/p>\n<p>Capacidad de carga m\u00e1xima de trabajo: 120 daN (265 lb)<br \/>\nPeso aprox.: 19,80 kg (43,65 lb)<\/p>\n","protected":false},"featured_media":59849,"template":"","meta":[],"product_brand":[],"product_cat":[2013],"product_tag":[2055],"class_list":{"0":"post-60964","1":"product","2":"type-product","3":"status-publish","4":"has-post-thumbnail","6":"product_cat-equipo-para-trabajar-en-potencia","7":"product_tag-flv12563-1-es","8":"description-off","10":"first","11":"instock","12":"featured","13":"virtual","14":"product-type-simple"},"yoast_head":"<!-- This site is optimized with the Yoast SEO plugin v27.1.1 - https:\/\/yoast.com\/product\/yoast-seo-wordpress\/ -->\n<title>Silla de Acceso al Potencial<\/title>\n<meta name=\"description\" content=\"Silla de acceso potencial, dise\u00f1ada para el transporte seguro y \u00e1gil de electricistas a zonas de mantenimiento en estructuras energizadas.\" \/>\n<meta name=\"robots\" content=\"index, follow, max-snippet:-1, max-image-preview:large, max-video-preview:-1\" \/>\n<link rel=\"canonical\" href=\"https:\/\/www.ritzbrasil.com\/es\/produtos\/equipo-para-trabajar-en-potencia\/acceso-a-la-catedra-potencial\/\" \/>\n<meta property=\"og:locale\" content=\"es_ES\" \/>\n<meta property=\"og:type\" content=\"article\" \/>\n<meta property=\"og:title\" content=\"Silla de Acceso al Potencial\" \/>\n<meta property=\"og:description\" content=\"Silla de acceso potencial, dise\u00f1ada para el transporte seguro y \u00e1gil de electricistas a zonas de mantenimiento en estructuras energizadas.\" \/>\n<meta property=\"og:url\" content=\"https:\/\/www.ritzbrasil.com\/es\/produtos\/equipo-para-trabajar-en-potencia\/acceso-a-la-catedra-potencial\/\" \/>\n<meta property=\"og:site_name\" content=\"Equipamentos de Manuten\u00e7\u00e3o e Seguran\u00e7a para o Setor El\u00e9trico - Ritz Brasil\" \/>\n<meta property=\"article:modified_time\" content=\"2026-03-10T17:30:01+00:00\" \/>\n<meta property=\"og:image\" content=\"https:\/\/www.ritzbrasil.com\/wp-content\/uploads\/2024\/10\/flv12563-1-cadeira-acesso-potencial-pratica.jpg\" \/>\n\t<meta property=\"og:image:width\" content=\"1200\" \/>\n\t<meta property=\"og:image:height\" content=\"1200\" \/>\n\t<meta property=\"og:image:type\" content=\"image\/jpeg\" \/>\n<meta name=\"twitter:card\" content=\"summary_large_image\" \/>\n<meta name=\"twitter:label1\" content=\"Tiempo de lectura\" \/>\n\t<meta name=\"twitter:data1\" content=\"1 minuto\" \/>\n<script type=\"application\/ld+json\" class=\"yoast-schema-graph\">{\"@context\":\"https:\/\/schema.org\",\"@graph\":[{\"@type\":\"WebPage\",\"@id\":\"https:\/\/www.ritzbrasil.com\/es\/produtos\/equipo-para-trabajar-en-potencia\/acceso-a-la-catedra-potencial\/\",\"url\":\"https:\/\/www.ritzbrasil.com\/es\/produtos\/equipo-para-trabajar-en-potencia\/acceso-a-la-catedra-potencial\/\",\"name\":\"Silla de Acceso al Potencial\",\"isPartOf\":{\"@id\":\"https:\/\/www.ritzbrasil.com\/es\/#website\"},\"primaryImageOfPage\":{\"@id\":\"https:\/\/www.ritzbrasil.com\/es\/produtos\/equipo-para-trabajar-en-potencia\/acceso-a-la-catedra-potencial\/#primaryimage\"},\"image\":{\"@id\":\"https:\/\/www.ritzbrasil.com\/es\/produtos\/equipo-para-trabajar-en-potencia\/acceso-a-la-catedra-potencial\/#primaryimage\"},\"thumbnailUrl\":\"https:\/\/www.ritzbrasil.com\/wp-content\/uploads\/2024\/10\/flv12563-1-cadeira-acesso-potencial-pratica.jpg\",\"datePublished\":\"2024-10-29T14:06:37+00:00\",\"dateModified\":\"2026-03-10T17:30:01+00:00\",\"description\":\"Silla de acceso potencial, dise\u00f1ada para el transporte seguro y \u00e1gil de electricistas a zonas de mantenimiento en estructuras energizadas.\",\"breadcrumb\":{\"@id\":\"https:\/\/www.ritzbrasil.com\/es\/produtos\/equipo-para-trabajar-en-potencia\/acceso-a-la-catedra-potencial\/#breadcrumb\"},\"inLanguage\":\"es\",\"potentialAction\":[{\"@type\":\"ReadAction\",\"target\":[\"https:\/\/www.ritzbrasil.com\/es\/produtos\/equipo-para-trabajar-en-potencia\/acceso-a-la-catedra-potencial\/\"]}]},{\"@type\":\"ImageObject\",\"inLanguage\":\"es\",\"@id\":\"https:\/\/www.ritzbrasil.com\/es\/produtos\/equipo-para-trabajar-en-potencia\/acceso-a-la-catedra-potencial\/#primaryimage\",\"url\":\"https:\/\/www.ritzbrasil.com\/wp-content\/uploads\/2024\/10\/flv12563-1-cadeira-acesso-potencial-pratica.jpg\",\"contentUrl\":\"https:\/\/www.ritzbrasil.com\/wp-content\/uploads\/2024\/10\/flv12563-1-cadeira-acesso-potencial-pratica.jpg\",\"width\":1200,\"height\":1200,\"caption\":\"FLV12563-1 C\u00e1tedra de Acceso al Potencial en la pr\u00e1ctica\"},{\"@type\":\"BreadcrumbList\",\"@id\":\"https:\/\/www.ritzbrasil.com\/es\/produtos\/equipo-para-trabajar-en-potencia\/acceso-a-la-catedra-potencial\/#breadcrumb\",\"itemListElement\":[{\"@type\":\"ListItem\",\"position\":1,\"name\":\"In\u00edcio\",\"item\":\"https:\/\/www.ritzbrasil.com\/es\/\"},{\"@type\":\"ListItem\",\"position\":2,\"name\":\"Tienda\",\"item\":\"https:\/\/www.ritzbrasil.com\/es\/tienda\/\"},{\"@type\":\"ListItem\",\"position\":3,\"name\":\"Silla de Acceso al Potencial\"}]},{\"@type\":\"WebSite\",\"@id\":\"https:\/\/www.ritzbrasil.com\/es\/#website\",\"url\":\"https:\/\/www.ritzbrasil.com\/es\/\",\"name\":\"Equipamentos de Manuten\u00e7\u00e3o e Seguran\u00e7a para o Setor El\u00e9trico - Ritz Brasil\",\"description\":\"\",\"potentialAction\":[{\"@type\":\"SearchAction\",\"target\":{\"@type\":\"EntryPoint\",\"urlTemplate\":\"https:\/\/www.ritzbrasil.com\/es\/?s={search_term_string}\"},\"query-input\":{\"@type\":\"PropertyValueSpecification\",\"valueRequired\":true,\"valueName\":\"search_term_string\"}}],\"inLanguage\":\"es\"}]}<\/script>\n<!-- \/ Yoast SEO plugin. -->","yoast_head_json":{"title":"Silla de Acceso al Potencial","description":"Silla de acceso potencial, dise\u00f1ada para el transporte seguro y \u00e1gil de electricistas a zonas de mantenimiento en estructuras energizadas.","robots":{"index":"index","follow":"follow","max-snippet":"max-snippet:-1","max-image-preview":"max-image-preview:large","max-video-preview":"max-video-preview:-1"},"canonical":"https:\/\/www.ritzbrasil.com\/es\/produtos\/equipo-para-trabajar-en-potencia\/acceso-a-la-catedra-potencial\/","og_locale":"es_ES","og_type":"article","og_title":"Silla de Acceso al Potencial","og_description":"Silla de acceso potencial, dise\u00f1ada para el transporte seguro y \u00e1gil de electricistas a zonas de mantenimiento en estructuras energizadas.","og_url":"https:\/\/www.ritzbrasil.com\/es\/produtos\/equipo-para-trabajar-en-potencia\/acceso-a-la-catedra-potencial\/","og_site_name":"Equipamentos de Manuten\u00e7\u00e3o e Seguran\u00e7a para o Setor El\u00e9trico - Ritz Brasil","article_modified_time":"2026-03-10T17:30:01+00:00","og_image":[{"width":1200,"height":1200,"url":"https:\/\/www.ritzbrasil.com\/wp-content\/uploads\/2024\/10\/flv12563-1-cadeira-acesso-potencial-pratica.jpg","type":"image\/jpeg"}],"twitter_card":"summary_large_image","twitter_misc":{"Tiempo de lectura":"1 minuto"},"schema":{"@context":"https:\/\/schema.org","@graph":[{"@type":"WebPage","@id":"https:\/\/www.ritzbrasil.com\/es\/produtos\/equipo-para-trabajar-en-potencia\/acceso-a-la-catedra-potencial\/","url":"https:\/\/www.ritzbrasil.com\/es\/produtos\/equipo-para-trabajar-en-potencia\/acceso-a-la-catedra-potencial\/","name":"Silla de Acceso al Potencial","isPartOf":{"@id":"https:\/\/www.ritzbrasil.com\/es\/#website"},"primaryImageOfPage":{"@id":"https:\/\/www.ritzbrasil.com\/es\/produtos\/equipo-para-trabajar-en-potencia\/acceso-a-la-catedra-potencial\/#primaryimage"},"image":{"@id":"https:\/\/www.ritzbrasil.com\/es\/produtos\/equipo-para-trabajar-en-potencia\/acceso-a-la-catedra-potencial\/#primaryimage"},"thumbnailUrl":"https:\/\/www.ritzbrasil.com\/wp-content\/uploads\/2024\/10\/flv12563-1-cadeira-acesso-potencial-pratica.jpg","datePublished":"2024-10-29T14:06:37+00:00","dateModified":"2026-03-10T17:30:01+00:00","description":"Silla de acceso potencial, dise\u00f1ada para el transporte seguro y \u00e1gil de electricistas a zonas de mantenimiento en estructuras energizadas.","breadcrumb":{"@id":"https:\/\/www.ritzbrasil.com\/es\/produtos\/equipo-para-trabajar-en-potencia\/acceso-a-la-catedra-potencial\/#breadcrumb"},"inLanguage":"es","potentialAction":[{"@type":"ReadAction","target":["https:\/\/www.ritzbrasil.com\/es\/produtos\/equipo-para-trabajar-en-potencia\/acceso-a-la-catedra-potencial\/"]}]},{"@type":"ImageObject","inLanguage":"es","@id":"https:\/\/www.ritzbrasil.com\/es\/produtos\/equipo-para-trabajar-en-potencia\/acceso-a-la-catedra-potencial\/#primaryimage","url":"https:\/\/www.ritzbrasil.com\/wp-content\/uploads\/2024\/10\/flv12563-1-cadeira-acesso-potencial-pratica.jpg","contentUrl":"https:\/\/www.ritzbrasil.com\/wp-content\/uploads\/2024\/10\/flv12563-1-cadeira-acesso-potencial-pratica.jpg","width":1200,"height":1200,"caption":"FLV12563-1 C\u00e1tedra de Acceso al Potencial en la pr\u00e1ctica"},{"@type":"BreadcrumbList","@id":"https:\/\/www.ritzbrasil.com\/es\/produtos\/equipo-para-trabajar-en-potencia\/acceso-a-la-catedra-potencial\/#breadcrumb","itemListElement":[{"@type":"ListItem","position":1,"name":"In\u00edcio","item":"https:\/\/www.ritzbrasil.com\/es\/"},{"@type":"ListItem","position":2,"name":"Tienda","item":"https:\/\/www.ritzbrasil.com\/es\/tienda\/"},{"@type":"ListItem","position":3,"name":"Silla de Acceso al Potencial"}]},{"@type":"WebSite","@id":"https:\/\/www.ritzbrasil.com\/es\/#website","url":"https:\/\/www.ritzbrasil.com\/es\/","name":"Equipamentos de Manuten\u00e7\u00e3o e Seguran\u00e7a para o Setor El\u00e9trico - Ritz Brasil","description":"","potentialAction":[{"@type":"SearchAction","target":{"@type":"EntryPoint","urlTemplate":"https:\/\/www.ritzbrasil.com\/es\/?s={search_term_string}"},"query-input":{"@type":"PropertyValueSpecification","valueRequired":true,"valueName":"search_term_string"}}],"inLanguage":"es"}]}},"_links":{"self":[{"href":"https:\/\/www.ritzbrasil.com\/es\/wp-json\/wp\/v2\/product\/60964","targetHints":{"allow":["GET"]}}],"collection":[{"href":"https:\/\/www.ritzbrasil.com\/es\/wp-json\/wp\/v2\/product"}],"about":[{"href":"https:\/\/www.ritzbrasil.com\/es\/wp-json\/wp\/v2\/types\/product"}],"wp:featuredmedia":[{"embeddable":true,"href":"https:\/\/www.ritzbrasil.com\/es\/wp-json\/wp\/v2\/media\/59849"}],"wp:attachment":[{"href":"https:\/\/www.ritzbrasil.com\/es\/wp-json\/wp\/v2\/media?parent=60964"}],"wp:term":[{"taxonomy":"product_brand","embeddable":true,"href":"https:\/\/www.ritzbrasil.com\/es\/wp-json\/wp\/v2\/product_brand?post=60964"},{"taxonomy":"product_cat","embeddable":true,"href":"https:\/\/www.ritzbrasil.com\/es\/wp-json\/wp\/v2\/product_cat?post=60964"},{"taxonomy":"product_tag","embeddable":true,"href":"https:\/\/www.ritzbrasil.com\/es\/wp-json\/wp\/v2\/product_tag?post=60964"}],"curies":[{"name":"wp","href":"https:\/\/api.w.org\/{rel}","templated":true}]}}