{"id":60960,"date":"2024-10-30T09:51:03","date_gmt":"2024-10-30T12:51:03","guid":{"rendered":"https:\/\/bisque-bison-688002.hostingersite.com\/produtos\/sin%20categor\u00eda\/comprobador-de-contactos-de-corriente-continua\/"},"modified":"2026-02-25T16:49:26","modified_gmt":"2026-02-25T19:49:26","slug":"comprobador-de-contactos-de-corriente-continua","status":"publish","type":"product","link":"https:\/\/www.ritzbrasil.com\/es\/produtos\/instrumentos-de-prueba-y-deteccion\/comprobador-de-contactos-de-corriente-continua\/","title":{"rendered":"Comprobador de contactos de corriente continua"},"content":{"rendered":"<div class=\"wpb-content-wrapper\"><p>[vc_row][vc_column][vc_column_text css=\u00bb.vc_custom_1730292305788{margin-top: 20px !important;}\u00bb]<\/p>\n<h4><span style=\"color: #ff9900;\"><strong>CT-CC 0,5-5 Comprobador de contactos para corriente continua<br \/>\n<\/strong><\/span><\/h4>\n<p>[\/vc_column_text][vc_column_text css=\u00bb.vc_custom_1769433779137{margin-top: -20px !important;}\u00bb]\n<div id=\"tablepress-Contact-Tester-rede-continua-ES-scroll-wrapper\" class=\"tablepress-scroll-wrapper\">\n<table id=\"tablepress-Contact-Tester-rede-continua-ES\" class=\"tablepress tablepress-id-Contact-Tester-rede-continua-ES tablepress-responsive\">\n<thead>\n<tr class=\"row-1\">\n\t<td class=\"column-1\"><\/td><th class=\"column-2\">  Refer\u00eancias<\/th><th class=\"column-3\">Caracter\u00edstica<\/th><td class=\"column-4\"><\/td>\n<\/tr>\n<\/thead>\n<tbody class=\"row-striping row-hover\">\n<tr class=\"row-2\">\n\t<td class=\"column-1\"><img decoding=\"async\" src=\"https:\/\/www.ritzbrasil.com\/wp-content\/uploads\/2024\/10\/ct-cc-05-5-contact-tester-corrente-continua-150x150-1.jpg\" \/><\/td><td class=\"column-2\">CT-CC 0,5-5<\/td><td class=\"column-3\">Peso Aproximado: 1,10 kg (2,43 lb)<\/td><td class=\"column-4\">    <button class=\"add-to-budget\" data-table-id=\"Contact-Tester-rede-continua\" data-reference=\"CT-CC 0,5-5\" data-description=\"CT-CC 0,5-5 Comprobador de contactos para corriente continua\" style=\"color:#ff4d00;\">\n        <img decoding=\"async\" src=\"https:\/\/www.ritzbrasil.com\/\/wp-content\/uploads\/2024\/07\/orcar-compras-tabela-new-1.png\" alt=\"Solicitar cotizaci\u00f3n\" title=\"Solicitar cotizaci\u00f3n\" \/>\n    <\/button>\n    <\/td>\n<\/tr>\n<\/tbody>\n<\/table>\n<\/div>\n[\/vc_column_text][vc_separator border_width=\u00bb2&#8243; css=\u00bb\u00bb][\/vc_column][\/vc_row]<\/p>\n<\/div>","protected":false},"excerpt":{"rendered":"<h4><span style=\"color: #ff9900;\">Comprobador de contactos de corriente continua<\/span><\/h4>\n<p>Detector de tensi\u00f3n utilizado para detectar la tensi\u00f3n por contacto. Equipo bipolar en el que se fija una pinza a tierra y se utiliza el electrodo para detectar la tensi\u00f3n en el punto deseado.<\/p>\n<p>Peso aprox.: 1,10 kg (2,43 lb)<\/p>\n<p><strong>CARACTER\u00cdSTICAS T\u00c9CNICAS<\/strong><br \/>\n&#8211; Rango de tensi\u00f3n: 500 V &#8211; 5 kV;<br \/>\n&#8211; Equipo con interruptor de encendido\/apagado\/prueba;<br \/>\n&#8211; Indicaci\u00f3n luminosa y ac\u00fastica de la presencia de tensi\u00f3n;<br \/>\n&#8211; Adaptador universal para p\u00e9rtiga o bast\u00f3n de maniobra;<br \/>\n&#8211; Circuito de autoprueba incorporado m\u00e1s circuito de prueba de cables.<\/p>\n","protected":false},"featured_media":59999,"template":"","meta":[],"product_brand":[],"product_cat":[1669],"product_tag":[4522,4521],"class_list":{"0":"post-60960","1":"product","2":"type-product","3":"status-publish","4":"has-post-thumbnail","6":"product_cat-instrumentos-de-prueba-y-deteccion","7":"product_tag-5-5","8":"product_tag-ct-cc-0","9":"description-off","11":"first","12":"instock","13":"virtual","14":"product-type-simple"},"yoast_head":"<!-- This site is optimized with the Yoast SEO plugin v27.1.1 - https:\/\/yoast.com\/product\/yoast-seo-wordpress\/ -->\n<title>Comprobador de contactos de corriente continua<\/title>\n<meta name=\"description\" content=\"Comprobador de contacto para corriente continua, bipolar, detecta la tensi\u00f3n por contacto, con pinza de masa y electrodo para comprobar puntos concretos.\" \/>\n<meta name=\"robots\" content=\"index, follow, max-snippet:-1, max-image-preview:large, max-video-preview:-1\" \/>\n<link rel=\"canonical\" href=\"https:\/\/www.ritzbrasil.com\/es\/produtos\/instrumentos-de-prueba-y-deteccion\/comprobador-de-contactos-de-corriente-continua\/\" \/>\n<meta property=\"og:locale\" content=\"es_ES\" \/>\n<meta property=\"og:type\" content=\"article\" \/>\n<meta property=\"og:title\" content=\"Comprobador de contactos de corriente continua\" \/>\n<meta property=\"og:description\" content=\"Comprobador de contacto para corriente continua, bipolar, detecta la tensi\u00f3n por contacto, con pinza de masa y electrodo para comprobar puntos concretos.\" \/>\n<meta property=\"og:url\" content=\"https:\/\/www.ritzbrasil.com\/es\/produtos\/instrumentos-de-prueba-y-deteccion\/comprobador-de-contactos-de-corriente-continua\/\" \/>\n<meta property=\"og:site_name\" content=\"Equipamentos de Manuten\u00e7\u00e3o e Seguran\u00e7a para o Setor El\u00e9trico - Ritz Brasil\" \/>\n<meta property=\"article:modified_time\" content=\"2026-02-25T19:49:26+00:00\" \/>\n<meta property=\"og:image\" content=\"https:\/\/www.ritzbrasil.com\/wp-content\/uploads\/2024\/10\/ct-cc-05-5-contact-tester-corrente-continua.jpg\" \/>\n\t<meta property=\"og:image:width\" content=\"1200\" \/>\n\t<meta property=\"og:image:height\" content=\"1200\" \/>\n\t<meta property=\"og:image:type\" content=\"image\/jpeg\" \/>\n<meta name=\"twitter:card\" content=\"summary_large_image\" \/>\n<meta name=\"twitter:label1\" content=\"Tiempo de lectura\" \/>\n\t<meta name=\"twitter:data1\" content=\"1 minuto\" \/>\n<script type=\"application\/ld+json\" class=\"yoast-schema-graph\">{\"@context\":\"https:\/\/schema.org\",\"@graph\":[{\"@type\":\"WebPage\",\"@id\":\"https:\/\/www.ritzbrasil.com\/es\/produtos\/instrumentos-de-prueba-y-deteccion\/comprobador-de-contactos-de-corriente-continua\/\",\"url\":\"https:\/\/www.ritzbrasil.com\/es\/produtos\/instrumentos-de-prueba-y-deteccion\/comprobador-de-contactos-de-corriente-continua\/\",\"name\":\"Comprobador de contactos de corriente continua\",\"isPartOf\":{\"@id\":\"https:\/\/www.ritzbrasil.com\/es\/#website\"},\"primaryImageOfPage\":{\"@id\":\"https:\/\/www.ritzbrasil.com\/es\/produtos\/instrumentos-de-prueba-y-deteccion\/comprobador-de-contactos-de-corriente-continua\/#primaryimage\"},\"image\":{\"@id\":\"https:\/\/www.ritzbrasil.com\/es\/produtos\/instrumentos-de-prueba-y-deteccion\/comprobador-de-contactos-de-corriente-continua\/#primaryimage\"},\"thumbnailUrl\":\"https:\/\/www.ritzbrasil.com\/wp-content\/uploads\/2024\/10\/ct-cc-05-5-contact-tester-corrente-continua.jpg\",\"datePublished\":\"2024-10-30T12:51:03+00:00\",\"dateModified\":\"2026-02-25T19:49:26+00:00\",\"description\":\"Comprobador de contacto para corriente continua, bipolar, detecta la tensi\u00f3n por contacto, con pinza de masa y electrodo para comprobar puntos concretos.\",\"breadcrumb\":{\"@id\":\"https:\/\/www.ritzbrasil.com\/es\/produtos\/instrumentos-de-prueba-y-deteccion\/comprobador-de-contactos-de-corriente-continua\/#breadcrumb\"},\"inLanguage\":\"es\",\"potentialAction\":[{\"@type\":\"ReadAction\",\"target\":[\"https:\/\/www.ritzbrasil.com\/es\/produtos\/instrumentos-de-prueba-y-deteccion\/comprobador-de-contactos-de-corriente-continua\/\"]}]},{\"@type\":\"ImageObject\",\"inLanguage\":\"es\",\"@id\":\"https:\/\/www.ritzbrasil.com\/es\/produtos\/instrumentos-de-prueba-y-deteccion\/comprobador-de-contactos-de-corriente-continua\/#primaryimage\",\"url\":\"https:\/\/www.ritzbrasil.com\/wp-content\/uploads\/2024\/10\/ct-cc-05-5-contact-tester-corrente-continua.jpg\",\"contentUrl\":\"https:\/\/www.ritzbrasil.com\/wp-content\/uploads\/2024\/10\/ct-cc-05-5-contact-tester-corrente-continua.jpg\",\"width\":1200,\"height\":1200,\"caption\":\"CT-CC 0,5-5 Comprobador de contactos para corriente continua\"},{\"@type\":\"BreadcrumbList\",\"@id\":\"https:\/\/www.ritzbrasil.com\/es\/produtos\/instrumentos-de-prueba-y-deteccion\/comprobador-de-contactos-de-corriente-continua\/#breadcrumb\",\"itemListElement\":[{\"@type\":\"ListItem\",\"position\":1,\"name\":\"In\u00edcio\",\"item\":\"https:\/\/www.ritzbrasil.com\/es\/\"},{\"@type\":\"ListItem\",\"position\":2,\"name\":\"Tienda\",\"item\":\"https:\/\/www.ritzbrasil.com\/es\/tienda\/\"},{\"@type\":\"ListItem\",\"position\":3,\"name\":\"Comprobador de contactos de corriente continua\"}]},{\"@type\":\"WebSite\",\"@id\":\"https:\/\/www.ritzbrasil.com\/es\/#website\",\"url\":\"https:\/\/www.ritzbrasil.com\/es\/\",\"name\":\"Equipamentos de Manuten\u00e7\u00e3o e Seguran\u00e7a para o Setor El\u00e9trico - Ritz Brasil\",\"description\":\"\",\"potentialAction\":[{\"@type\":\"SearchAction\",\"target\":{\"@type\":\"EntryPoint\",\"urlTemplate\":\"https:\/\/www.ritzbrasil.com\/es\/?s={search_term_string}\"},\"query-input\":{\"@type\":\"PropertyValueSpecification\",\"valueRequired\":true,\"valueName\":\"search_term_string\"}}],\"inLanguage\":\"es\"}]}<\/script>\n<!-- \/ Yoast SEO plugin. -->","yoast_head_json":{"title":"Comprobador de contactos de corriente continua","description":"Comprobador de contacto para corriente continua, bipolar, detecta la tensi\u00f3n por contacto, con pinza de masa y electrodo para comprobar puntos concretos.","robots":{"index":"index","follow":"follow","max-snippet":"max-snippet:-1","max-image-preview":"max-image-preview:large","max-video-preview":"max-video-preview:-1"},"canonical":"https:\/\/www.ritzbrasil.com\/es\/produtos\/instrumentos-de-prueba-y-deteccion\/comprobador-de-contactos-de-corriente-continua\/","og_locale":"es_ES","og_type":"article","og_title":"Comprobador de contactos de corriente continua","og_description":"Comprobador de contacto para corriente continua, bipolar, detecta la tensi\u00f3n por contacto, con pinza de masa y electrodo para comprobar puntos concretos.","og_url":"https:\/\/www.ritzbrasil.com\/es\/produtos\/instrumentos-de-prueba-y-deteccion\/comprobador-de-contactos-de-corriente-continua\/","og_site_name":"Equipamentos de Manuten\u00e7\u00e3o e Seguran\u00e7a para o Setor El\u00e9trico - Ritz Brasil","article_modified_time":"2026-02-25T19:49:26+00:00","og_image":[{"width":1200,"height":1200,"url":"https:\/\/www.ritzbrasil.com\/wp-content\/uploads\/2024\/10\/ct-cc-05-5-contact-tester-corrente-continua.jpg","type":"image\/jpeg"}],"twitter_card":"summary_large_image","twitter_misc":{"Tiempo de lectura":"1 minuto"},"schema":{"@context":"https:\/\/schema.org","@graph":[{"@type":"WebPage","@id":"https:\/\/www.ritzbrasil.com\/es\/produtos\/instrumentos-de-prueba-y-deteccion\/comprobador-de-contactos-de-corriente-continua\/","url":"https:\/\/www.ritzbrasil.com\/es\/produtos\/instrumentos-de-prueba-y-deteccion\/comprobador-de-contactos-de-corriente-continua\/","name":"Comprobador de contactos de corriente continua","isPartOf":{"@id":"https:\/\/www.ritzbrasil.com\/es\/#website"},"primaryImageOfPage":{"@id":"https:\/\/www.ritzbrasil.com\/es\/produtos\/instrumentos-de-prueba-y-deteccion\/comprobador-de-contactos-de-corriente-continua\/#primaryimage"},"image":{"@id":"https:\/\/www.ritzbrasil.com\/es\/produtos\/instrumentos-de-prueba-y-deteccion\/comprobador-de-contactos-de-corriente-continua\/#primaryimage"},"thumbnailUrl":"https:\/\/www.ritzbrasil.com\/wp-content\/uploads\/2024\/10\/ct-cc-05-5-contact-tester-corrente-continua.jpg","datePublished":"2024-10-30T12:51:03+00:00","dateModified":"2026-02-25T19:49:26+00:00","description":"Comprobador de contacto para corriente continua, bipolar, detecta la tensi\u00f3n por contacto, con pinza de masa y electrodo para comprobar puntos concretos.","breadcrumb":{"@id":"https:\/\/www.ritzbrasil.com\/es\/produtos\/instrumentos-de-prueba-y-deteccion\/comprobador-de-contactos-de-corriente-continua\/#breadcrumb"},"inLanguage":"es","potentialAction":[{"@type":"ReadAction","target":["https:\/\/www.ritzbrasil.com\/es\/produtos\/instrumentos-de-prueba-y-deteccion\/comprobador-de-contactos-de-corriente-continua\/"]}]},{"@type":"ImageObject","inLanguage":"es","@id":"https:\/\/www.ritzbrasil.com\/es\/produtos\/instrumentos-de-prueba-y-deteccion\/comprobador-de-contactos-de-corriente-continua\/#primaryimage","url":"https:\/\/www.ritzbrasil.com\/wp-content\/uploads\/2024\/10\/ct-cc-05-5-contact-tester-corrente-continua.jpg","contentUrl":"https:\/\/www.ritzbrasil.com\/wp-content\/uploads\/2024\/10\/ct-cc-05-5-contact-tester-corrente-continua.jpg","width":1200,"height":1200,"caption":"CT-CC 0,5-5 Comprobador de contactos para corriente continua"},{"@type":"BreadcrumbList","@id":"https:\/\/www.ritzbrasil.com\/es\/produtos\/instrumentos-de-prueba-y-deteccion\/comprobador-de-contactos-de-corriente-continua\/#breadcrumb","itemListElement":[{"@type":"ListItem","position":1,"name":"In\u00edcio","item":"https:\/\/www.ritzbrasil.com\/es\/"},{"@type":"ListItem","position":2,"name":"Tienda","item":"https:\/\/www.ritzbrasil.com\/es\/tienda\/"},{"@type":"ListItem","position":3,"name":"Comprobador de contactos de corriente continua"}]},{"@type":"WebSite","@id":"https:\/\/www.ritzbrasil.com\/es\/#website","url":"https:\/\/www.ritzbrasil.com\/es\/","name":"Equipamentos de Manuten\u00e7\u00e3o e Seguran\u00e7a para o Setor El\u00e9trico - Ritz Brasil","description":"","potentialAction":[{"@type":"SearchAction","target":{"@type":"EntryPoint","urlTemplate":"https:\/\/www.ritzbrasil.com\/es\/?s={search_term_string}"},"query-input":{"@type":"PropertyValueSpecification","valueRequired":true,"valueName":"search_term_string"}}],"inLanguage":"es"}]}},"_links":{"self":[{"href":"https:\/\/www.ritzbrasil.com\/es\/wp-json\/wp\/v2\/product\/60960","targetHints":{"allow":["GET"]}}],"collection":[{"href":"https:\/\/www.ritzbrasil.com\/es\/wp-json\/wp\/v2\/product"}],"about":[{"href":"https:\/\/www.ritzbrasil.com\/es\/wp-json\/wp\/v2\/types\/product"}],"wp:featuredmedia":[{"embeddable":true,"href":"https:\/\/www.ritzbrasil.com\/es\/wp-json\/wp\/v2\/media\/59999"}],"wp:attachment":[{"href":"https:\/\/www.ritzbrasil.com\/es\/wp-json\/wp\/v2\/media?parent=60960"}],"wp:term":[{"taxonomy":"product_brand","embeddable":true,"href":"https:\/\/www.ritzbrasil.com\/es\/wp-json\/wp\/v2\/product_brand?post=60960"},{"taxonomy":"product_cat","embeddable":true,"href":"https:\/\/www.ritzbrasil.com\/es\/wp-json\/wp\/v2\/product_cat?post=60960"},{"taxonomy":"product_tag","embeddable":true,"href":"https:\/\/www.ritzbrasil.com\/es\/wp-json\/wp\/v2\/product_tag?post=60960"}],"curies":[{"name":"wp","href":"https:\/\/api.w.org\/{rel}","templated":true}]}}