{"id":60954,"date":"2024-10-29T16:40:00","date_gmt":"2024-10-29T19:40:00","guid":{"rendered":"https:\/\/bisque-bison-688002.hostingersite.com\/produtos\/sin%20categor\u00eda\/contacto-probador\/"},"modified":"2026-02-02T10:09:42","modified_gmt":"2026-02-02T13:09:42","slug":"contacto-probador","status":"publish","type":"product","link":"https:\/\/www.ritzbrasil.com\/es\/produtos\/instrumentos-de-prueba-y-deteccion\/contacto-probador\/","title":{"rendered":"Contacto Probador"},"content":{"rendered":"<div class=\"wpb-content-wrapper\"><p>[vc_row][vc_column][vc_column_text css=\u00bb.vc_custom_1730290735619{margin-top: 20px !important;}\u00bb]<\/p>\n<h4><span style=\"color: #ff9900;\"><strong>Comprobador de contactos de baja tensi\u00f3n<\/strong><\/span><\/h4>\n<p>[\/vc_column_text][vc_column_text css=\u00bb.vc_custom_1770037600302{margin-top: -20px !important;}\u00bb]\n<div id=\"tablepress-Contact-Tester-Baixa-Tensao-ES-scroll-wrapper\" class=\"tablepress-scroll-wrapper\">\n<table id=\"tablepress-Contact-Tester-Baixa-Tensao-ES\" class=\"tablepress tablepress-id-Contact-Tester-Baixa-Tensao-ES tablepress-responsive\">\n<thead>\n<tr class=\"row-1\">\n\t<td class=\"column-1\"><\/td><th class=\"column-2\">  Referencias<\/th><th class=\"column-3\">Caracter\u00edstica<\/th><td class=\"column-4\"><\/td>\n<\/tr>\n<\/thead>\n<tbody class=\"row-striping row-hover\">\n<tr class=\"row-2\">\n\t<td class=\"column-1\"><img decoding=\"async\" src=\"https:\/\/www.ritzbrasil.com\/wp-content\/uploads\/2024\/10\/ct-005-1-contact-tester-baixa-tensao-150x150-1.jpg\" \/><\/td><td class=\"column-2\">CT 0,05-1<\/td><td class=\"column-3\"><\/td><td class=\"column-4\">    <button class=\"add-to-budget\" data-table-id=\"Contact-Tester-Baixa-Tensao\" data-reference=\"CT 0,05-1\" data-description=\"Comprobador de contactos de baja tensi\u00f3n&lt;br \/&gt;\n\" style=\"color:#ff4d00;\">\n        <img decoding=\"async\" src=\"https:\/\/www.ritzbrasil.com\/\/wp-content\/uploads\/2024\/07\/orcar-compras-tabela-new-1.png\" alt=\"Solicitar cotizaci\u00f3n\" title=\"Solicitar cotizaci\u00f3n\" \/>\n    <\/button>\n    <\/td>\n<\/tr>\n<tr class=\"row-3\">\n\t<td class=\"column-1\"><img decoding=\"async\" src=\"https:\/\/www.ritzbrasil.com\/wp-content\/uploads\/2024\/10\/ct-007-1-contact-tester-baixa-tensao-150x150-1.jpg\" \/><\/td><td class=\"column-2\">CT 0,07-1<\/td><td class=\"column-3\"><\/td><td class=\"column-4\">    <button class=\"add-to-budget\" data-table-id=\"Contact-Tester-Baixa-Tensao\" data-reference=\"CT 0,07-1\" data-description=\"Comprobador de contactos de baja tensi\u00f3n&lt;br \/&gt;\n\" style=\"color:#ff4d00;\">\n        <img decoding=\"async\" src=\"https:\/\/www.ritzbrasil.com\/\/wp-content\/uploads\/2024\/07\/orcar-compras-tabela-new-1.png\" alt=\"Solicitar cotizaci\u00f3n\" title=\"Solicitar cotizaci\u00f3n\" \/>\n    <\/button>\n    <\/td>\n<\/tr>\n<\/tbody>\n<\/table>\n<\/div>\n[\/vc_column_text][vc_column_text css=\u00bb.vc_custom_1730230128100{margin-top: -20px !important;}\u00bb]Frecuencia de funcionamiento: 60 Hz[\/vc_column_text][vc_separator border_width=\u00bb2&#8243; css=\u00bb\u00bb][\/vc_column][\/vc_row][vc_row][vc_column][vc_column_text css=\u00bb.vc_custom_1730230796964{margin-top: 20px !important;}\u00bb]<\/p>\n<h4><span style=\"color: #ff9900;\"><strong>Comprobador de contactos de media y alta tensi\u00f3n <span style=\"color: #ffffff;\">CT 3.8-36<\/span><\/strong><\/span><\/h4>\n<p>[\/vc_column_text][vc_column_text css=\u00bb.vc_custom_1770037790335{margin-top: -20px !important;}\u00bb]\n<div id=\"tablepress-Contact-Tester-Media-Alta-Tensao-ES-scroll-wrapper\" class=\"tablepress-scroll-wrapper\">\n<table id=\"tablepress-Contact-Tester-Media-Alta-Tensao-ES\" class=\"tablepress tablepress-id-Contact-Tester-Media-Alta-Tensao-ES tablepress-responsive\">\n<thead>\n<tr class=\"row-1\">\n\t<td class=\"column-1\"><\/td><th class=\"column-2\">  Referencias<\/th><th class=\"column-3\">Caracter\u00edstica<\/th><td class=\"column-4\"><\/td>\n<\/tr>\n<\/thead>\n<tbody class=\"row-striping row-hover\">\n<tr class=\"row-2\">\n\t<td class=\"column-1\"><img decoding=\"async\" src=\"https:\/\/www.ritzbrasil.com\/wp-content\/uploads\/2024\/10\/ct-5-15-contact-tester-media-tensao-150x150-1.jpg\" \/><\/td><td class=\"column-2\">CT 5-15<\/td><td class=\"column-3\"><\/td><td class=\"column-4\">    <button class=\"add-to-budget\" data-table-id=\"Contact-Tester-Media-Alta-Tensao\" data-reference=\"CT 5-15\" data-description=\"Comprobador de contactos de baja tensi\u00f3n\" style=\"color:#ff4d00;\">\n        <img decoding=\"async\" src=\"https:\/\/www.ritzbrasil.com\/\/wp-content\/uploads\/2024\/07\/orcar-compras-tabela-new-1.png\" alt=\"Solicitar cotizaci\u00f3n\" title=\"Solicitar cotizaci\u00f3n\" \/>\n    <\/button>\n    <\/td>\n<\/tr>\n<tr class=\"row-3\">\n\t<td class=\"column-1\"><img decoding=\"async\" src=\"https:\/\/www.ritzbrasil.com\/wp-content\/uploads\/2024\/10\/ct-38-36-contact-tester-media-tensao-150x150-1.jpg\" \/><\/td><td class=\"column-2\">CT 3,8-36<\/td><td class=\"column-3\"><\/td><td class=\"column-4\">    <button class=\"add-to-budget\" data-table-id=\"Contact-Tester-Media-Alta-Tensao\" data-reference=\"CT 3,8-36\" data-description=\"Comprobador de contactos de baja tensi\u00f3n\" style=\"color:#ff4d00;\">\n        <img decoding=\"async\" src=\"https:\/\/www.ritzbrasil.com\/\/wp-content\/uploads\/2024\/07\/orcar-compras-tabela-new-1.png\" alt=\"Solicitar cotizaci\u00f3n\" title=\"Solicitar cotizaci\u00f3n\" \/>\n    <\/button>\n    <\/td>\n<\/tr>\n<tr class=\"row-4\">\n\t<td class=\"column-1\"><img decoding=\"async\" src=\"https:\/\/www.ritzbrasil.com\/wp-content\/uploads\/2024\/10\/ct-12-36-contact-tester-media-tensao-150x150-1.jpg\" \/><\/td><td class=\"column-2\">CT 12-36<\/td><td class=\"column-3\"><\/td><td class=\"column-4\">    <button class=\"add-to-budget\" data-table-id=\"Contact-Tester-Media-Alta-Tensao\" data-reference=\"CT 12-36\" data-description=\"Comprobador de contactos de baja tensi\u00f3n\" style=\"color:#ff4d00;\">\n        <img decoding=\"async\" src=\"https:\/\/www.ritzbrasil.com\/\/wp-content\/uploads\/2024\/07\/orcar-compras-tabela-new-1.png\" alt=\"Solicitar cotizaci\u00f3n\" title=\"Solicitar cotizaci\u00f3n\" \/>\n    <\/button>\n    <\/td>\n<\/tr>\n<tr class=\"row-5\">\n\t<td class=\"column-1\"><img decoding=\"async\" src=\"https:\/\/www.ritzbrasil.com\/wp-content\/uploads\/2024\/10\/ct-10-40-contact-tester-media-tensao-150x150-1.jpg\" \/><\/td><td class=\"column-2\">CT 10-40<\/td><td class=\"column-3\"><\/td><td class=\"column-4\">    <button class=\"add-to-budget\" data-table-id=\"Contact-Tester-Media-Alta-Tensao\" data-reference=\"CT 10-40\" data-description=\"Comprobador de contactos de baja tensi\u00f3n\" style=\"color:#ff4d00;\">\n        <img decoding=\"async\" src=\"https:\/\/www.ritzbrasil.com\/\/wp-content\/uploads\/2024\/07\/orcar-compras-tabela-new-1.png\" alt=\"Solicitar cotizaci\u00f3n\" title=\"Solicitar cotizaci\u00f3n\" \/>\n    <\/button>\n    <\/td>\n<\/tr>\n<tr class=\"row-6\">\n\t<td class=\"column-1\"><img decoding=\"async\" src=\"https:\/\/www.ritzbrasil.com\/wp-content\/uploads\/2024\/10\/ct-60-180-contact-tester-alta-tensao-150x150-1.jpg\" \/><\/td><td class=\"column-2\">CT 60-180<\/td><td class=\"column-3\"><\/td><td class=\"column-4\">    <button class=\"add-to-budget\" data-table-id=\"Contact-Tester-Media-Alta-Tensao\" data-reference=\"CT 60-180\" data-description=\"Comprobador de contactos de baja tensi\u00f3n\" style=\"color:#ff4d00;\">\n        <img decoding=\"async\" src=\"https:\/\/www.ritzbrasil.com\/\/wp-content\/uploads\/2024\/07\/orcar-compras-tabela-new-1.png\" alt=\"Solicitar cotizaci\u00f3n\" title=\"Solicitar cotizaci\u00f3n\" \/>\n    <\/button>\n    <\/td>\n<\/tr>\n<tr class=\"row-7\">\n\t<td class=\"column-1\"><img decoding=\"async\" src=\"https:\/\/www.ritzbrasil.com\/wp-content\/uploads\/2024\/10\/ct-60-240-contact-tester-alta-tensao-150x150-1.jpg\" \/><\/td><td class=\"column-2\">CT 60-240<\/td><td class=\"column-3\"><\/td><td class=\"column-4\">    <button class=\"add-to-budget\" data-table-id=\"Contact-Tester-Media-Alta-Tensao\" data-reference=\"CT 60-240\" data-description=\"Comprobador de contactos de baja tensi\u00f3n\" style=\"color:#ff4d00;\">\n        <img decoding=\"async\" src=\"https:\/\/www.ritzbrasil.com\/\/wp-content\/uploads\/2024\/07\/orcar-compras-tabela-new-1.png\" alt=\"Solicitar cotizaci\u00f3n\" title=\"Solicitar cotizaci\u00f3n\" \/>\n    <\/button>\n    <\/td>\n<\/tr>\n<tr class=\"row-8\">\n\t<td class=\"column-1\"><img decoding=\"async\" src=\"https:\/\/www.ritzbrasil.com\/wp-content\/uploads\/2024\/10\/ct-225-450-contact-tester-alta-tensao-150x150-1.jpg\" \/><\/td><td class=\"column-2\">CT 225-450<\/td><td class=\"column-3\"><\/td><td class=\"column-4\">    <button class=\"add-to-budget\" data-table-id=\"Contact-Tester-Media-Alta-Tensao\" data-reference=\"CT 225-450\" data-description=\"Comprobador de contactos de baja tensi\u00f3n\" style=\"color:#ff4d00;\">\n        <img decoding=\"async\" src=\"https:\/\/www.ritzbrasil.com\/\/wp-content\/uploads\/2024\/07\/orcar-compras-tabela-new-1.png\" alt=\"Solicitar cotizaci\u00f3n\" title=\"Solicitar cotizaci\u00f3n\" \/>\n    <\/button>\n    <\/td>\n<\/tr>\n<tr class=\"row-9\">\n\t<td class=\"column-1\"><img decoding=\"async\" src=\"https:\/\/www.ritzbrasil.com\/wp-content\/uploads\/2024\/10\/ct-180-540-contact-tester-alta-tensao-150x150-1.jpg\" \/><\/td><td class=\"column-2\">CT 180-540*<\/td><td class=\"column-3\"><\/td><td class=\"column-4\">    <button class=\"add-to-budget\" data-table-id=\"Contact-Tester-Media-Alta-Tensao\" data-reference=\"CT 180-540\" data-description=\"Comprobador de contactos de baja tensi\u00f3n\" style=\"color:#ff4d00;\">\n        <img decoding=\"async\" src=\"https:\/\/www.ritzbrasil.com\/\/wp-content\/uploads\/2024\/07\/orcar-compras-tabela-new-1.png\" alt=\"Solicitar cotizaci\u00f3n\" title=\"Solicitar cotizaci\u00f3n\" \/>\n    <\/button>\n    <\/td>\n<\/tr>\n<\/tbody>\n<\/table>\n<\/div>\n[\/vc_column_text][vc_column_text css=\u00bb.vc_custom_1730230202613{margin-top: -20px !important;}\u00bb]Frecuencia de funcionamiento: 50-60 Hz[\/vc_column_text][vc_column_text css=\u00bb.vc_custom_1730230231111{margin-top: -20px !important;}\u00bb]<em>*Cumple los requisitos de la norma NBR IEC61243-1 2020, excepto la prueba denominada influencia del campo de interferencias por oposici\u00f3n de fase.<\/em>[\/vc_column_text][vc_separator border_width=\u00bb2&#8243; css=\u00bb\u00bb][\/vc_column][\/vc_row]<\/p>\n<\/div>","protected":false},"excerpt":{"rendered":"<h4><span style=\"color: #ff9900;\">Contacto Probador<\/span><\/h4>\n<p>El detector de tensi\u00f3n alterna de contacto est\u00e1 dise\u00f1ado para detectar la presencia de tensi\u00f3n en instalaciones de corriente alterna en l\u00edneas de transporte y distribuci\u00f3n, subestaciones y celdas con tensi\u00f3n fase a fase y conductores desnudos.<\/p>\n<p>Su avanzada circuiter\u00eda electr\u00f3nica garantiza una respuesta segura y precisa, proporcionando indicaciones luminosas y sonoras para asegurar una respuesta eficaz.<\/p>\n<p>En cumplimiento de los requisitos de la Norma Reglamentaria de Seguridad en Instalaciones y Servicios El\u00e9ctricos NR-10 (punto 10.5.1 &#8211; C &#8211; Verificaci\u00f3n de la ausencia de tensi\u00f3n), disponemos de modelos probados conforme a la norma ABNT NBR IEC 61243-1:2020 y a la norma internacional IEC 61243:2021, especialmente dise\u00f1ados para su uso con tensiones<br \/>\nsuperiores a 1 kV CA.<\/p>\n<p>M\u00e1s informaci\u00f3n en nuestro art\u00edculo: <a href=\"https:\/\/www.ritzbrasil.com\/detector-tensao-contato-iec-61243\/\">Detector de Tensi\u00f3n por Contacto Capacitivo: La Importancia de la Norma IEC 61243-1:2021 para la Seguridad y Fiabilidad &#8211; Equipos de Mantenimiento y Seguridad para el Sector El\u00e9ctrico &#8211; Ritz Brasil<\/a><\/p>\n<p>Los instrumentos est\u00e1n dise\u00f1ados con un compartimento externo para cambiar la pila, que proporciona seguridad durante el proceso de sustituci\u00f3n y garantiza la protecci\u00f3n de la placa electr\u00f3nica frente a posibles da\u00f1os por electricidad est\u00e1tica. Tambi\u00e9n presentan un alto grado de protecci\u00f3n y estanqueidad frente a las variaciones de temperatura y humedad, resistencia a los golpes y vibraciones y un blindaje mejorado.<\/p>\n<p>Referencias: CT 0.05-1 | CT 0.07-1 | CT 3.8-36<\/p>\n","protected":false},"featured_media":59949,"template":"","meta":[],"product_brand":[],"product_cat":[1669],"product_tag":[1993,1992,1997,1996,1991,1994,1995],"class_list":{"0":"post-60954","1":"product","2":"type-product","3":"status-publish","4":"has-post-thumbnail","6":"product_cat-instrumentos-de-prueba-y-deteccion","7":"product_tag-ct-10-40-es","8":"product_tag-ct-12-36-es","9":"product_tag-ct-180-540-es","10":"product_tag-ct-225-450-es","11":"product_tag-ct-5-15-es","12":"product_tag-ct-60-180-es","13":"product_tag-ct-60-240-es","14":"description-off","16":"first","17":"instock","18":"virtual","19":"product-type-simple"},"yoast_head":"<!-- This site is optimized with the Yoast SEO plugin v27.1.1 - https:\/\/yoast.com\/product\/yoast-seo-wordpress\/ -->\n<title>Contacto Probador<\/title>\n<meta name=\"description\" content=\"Comprobador de contactos para detectar la tensi\u00f3n alterna en l\u00edneas de transmisi\u00f3n y subestaciones, con indicaci\u00f3n luminosa y ac\u00fastica para una respuesta segura y precisa.\" \/>\n<meta name=\"robots\" content=\"index, follow, max-snippet:-1, max-image-preview:large, max-video-preview:-1\" \/>\n<link rel=\"canonical\" href=\"https:\/\/www.ritzbrasil.com\/es\/produtos\/instrumentos-de-prueba-y-deteccion\/contacto-probador\/\" \/>\n<meta property=\"og:locale\" content=\"es_ES\" \/>\n<meta property=\"og:type\" content=\"article\" \/>\n<meta property=\"og:title\" content=\"Contacto Probador\" \/>\n<meta property=\"og:description\" content=\"Comprobador de contactos para detectar la tensi\u00f3n alterna en l\u00edneas de transmisi\u00f3n y subestaciones, con indicaci\u00f3n luminosa y ac\u00fastica para una respuesta segura y precisa.\" \/>\n<meta property=\"og:url\" content=\"https:\/\/www.ritzbrasil.com\/es\/produtos\/instrumentos-de-prueba-y-deteccion\/contacto-probador\/\" \/>\n<meta property=\"og:site_name\" content=\"Equipamentos de Manuten\u00e7\u00e3o e Seguran\u00e7a para o Setor El\u00e9trico - Ritz Brasil\" \/>\n<meta property=\"article:modified_time\" content=\"2026-02-02T13:09:42+00:00\" \/>\n<meta property=\"og:image\" content=\"https:\/\/www.ritzbrasil.com\/wp-content\/uploads\/2024\/10\/ct-005-1-contact-tester-baixa-tensao.jpg\" \/>\n\t<meta property=\"og:image:width\" content=\"1200\" \/>\n\t<meta property=\"og:image:height\" content=\"1200\" \/>\n\t<meta property=\"og:image:type\" content=\"image\/jpeg\" \/>\n<meta name=\"twitter:card\" content=\"summary_large_image\" \/>\n<meta name=\"twitter:label1\" content=\"Tiempo de lectura\" \/>\n\t<meta name=\"twitter:data1\" content=\"1 minuto\" \/>\n<script type=\"application\/ld+json\" class=\"yoast-schema-graph\">{\"@context\":\"https:\/\/schema.org\",\"@graph\":[{\"@type\":\"WebPage\",\"@id\":\"https:\/\/www.ritzbrasil.com\/es\/produtos\/instrumentos-de-prueba-y-deteccion\/contacto-probador\/\",\"url\":\"https:\/\/www.ritzbrasil.com\/es\/produtos\/instrumentos-de-prueba-y-deteccion\/contacto-probador\/\",\"name\":\"Contacto Probador\",\"isPartOf\":{\"@id\":\"https:\/\/www.ritzbrasil.com\/es\/#website\"},\"primaryImageOfPage\":{\"@id\":\"https:\/\/www.ritzbrasil.com\/es\/produtos\/instrumentos-de-prueba-y-deteccion\/contacto-probador\/#primaryimage\"},\"image\":{\"@id\":\"https:\/\/www.ritzbrasil.com\/es\/produtos\/instrumentos-de-prueba-y-deteccion\/contacto-probador\/#primaryimage\"},\"thumbnailUrl\":\"https:\/\/www.ritzbrasil.com\/wp-content\/uploads\/2024\/10\/ct-005-1-contact-tester-baixa-tensao.jpg\",\"datePublished\":\"2024-10-29T19:40:00+00:00\",\"dateModified\":\"2026-02-02T13:09:42+00:00\",\"description\":\"Comprobador de contactos para detectar la tensi\u00f3n alterna en l\u00edneas de transmisi\u00f3n y subestaciones, con indicaci\u00f3n luminosa y ac\u00fastica para una respuesta segura y precisa.\",\"breadcrumb\":{\"@id\":\"https:\/\/www.ritzbrasil.com\/es\/produtos\/instrumentos-de-prueba-y-deteccion\/contacto-probador\/#breadcrumb\"},\"inLanguage\":\"es\",\"potentialAction\":[{\"@type\":\"ReadAction\",\"target\":[\"https:\/\/www.ritzbrasil.com\/es\/produtos\/instrumentos-de-prueba-y-deteccion\/contacto-probador\/\"]}]},{\"@type\":\"ImageObject\",\"inLanguage\":\"es\",\"@id\":\"https:\/\/www.ritzbrasil.com\/es\/produtos\/instrumentos-de-prueba-y-deteccion\/contacto-probador\/#primaryimage\",\"url\":\"https:\/\/www.ritzbrasil.com\/wp-content\/uploads\/2024\/10\/ct-005-1-contact-tester-baixa-tensao.jpg\",\"contentUrl\":\"https:\/\/www.ritzbrasil.com\/wp-content\/uploads\/2024\/10\/ct-005-1-contact-tester-baixa-tensao.jpg\",\"width\":1200,\"height\":1200,\"caption\":\"CT 0,05-1 Comprobador de contactos de baja tensi\u00f3n\"},{\"@type\":\"BreadcrumbList\",\"@id\":\"https:\/\/www.ritzbrasil.com\/es\/produtos\/instrumentos-de-prueba-y-deteccion\/contacto-probador\/#breadcrumb\",\"itemListElement\":[{\"@type\":\"ListItem\",\"position\":1,\"name\":\"In\u00edcio\",\"item\":\"https:\/\/www.ritzbrasil.com\/es\/\"},{\"@type\":\"ListItem\",\"position\":2,\"name\":\"Tienda\",\"item\":\"https:\/\/www.ritzbrasil.com\/es\/tienda\/\"},{\"@type\":\"ListItem\",\"position\":3,\"name\":\"Contacto Probador\"}]},{\"@type\":\"WebSite\",\"@id\":\"https:\/\/www.ritzbrasil.com\/es\/#website\",\"url\":\"https:\/\/www.ritzbrasil.com\/es\/\",\"name\":\"Equipamentos de Manuten\u00e7\u00e3o e Seguran\u00e7a para o Setor El\u00e9trico - Ritz Brasil\",\"description\":\"\",\"potentialAction\":[{\"@type\":\"SearchAction\",\"target\":{\"@type\":\"EntryPoint\",\"urlTemplate\":\"https:\/\/www.ritzbrasil.com\/es\/?s={search_term_string}\"},\"query-input\":{\"@type\":\"PropertyValueSpecification\",\"valueRequired\":true,\"valueName\":\"search_term_string\"}}],\"inLanguage\":\"es\"}]}<\/script>\n<!-- \/ Yoast SEO plugin. -->","yoast_head_json":{"title":"Contacto Probador","description":"Comprobador de contactos para detectar la tensi\u00f3n alterna en l\u00edneas de transmisi\u00f3n y subestaciones, con indicaci\u00f3n luminosa y ac\u00fastica para una respuesta segura y precisa.","robots":{"index":"index","follow":"follow","max-snippet":"max-snippet:-1","max-image-preview":"max-image-preview:large","max-video-preview":"max-video-preview:-1"},"canonical":"https:\/\/www.ritzbrasil.com\/es\/produtos\/instrumentos-de-prueba-y-deteccion\/contacto-probador\/","og_locale":"es_ES","og_type":"article","og_title":"Contacto Probador","og_description":"Comprobador de contactos para detectar la tensi\u00f3n alterna en l\u00edneas de transmisi\u00f3n y subestaciones, con indicaci\u00f3n luminosa y ac\u00fastica para una respuesta segura y precisa.","og_url":"https:\/\/www.ritzbrasil.com\/es\/produtos\/instrumentos-de-prueba-y-deteccion\/contacto-probador\/","og_site_name":"Equipamentos de Manuten\u00e7\u00e3o e Seguran\u00e7a para o Setor El\u00e9trico - Ritz Brasil","article_modified_time":"2026-02-02T13:09:42+00:00","og_image":[{"width":1200,"height":1200,"url":"https:\/\/www.ritzbrasil.com\/wp-content\/uploads\/2024\/10\/ct-005-1-contact-tester-baixa-tensao.jpg","type":"image\/jpeg"}],"twitter_card":"summary_large_image","twitter_misc":{"Tiempo de lectura":"1 minuto"},"schema":{"@context":"https:\/\/schema.org","@graph":[{"@type":"WebPage","@id":"https:\/\/www.ritzbrasil.com\/es\/produtos\/instrumentos-de-prueba-y-deteccion\/contacto-probador\/","url":"https:\/\/www.ritzbrasil.com\/es\/produtos\/instrumentos-de-prueba-y-deteccion\/contacto-probador\/","name":"Contacto Probador","isPartOf":{"@id":"https:\/\/www.ritzbrasil.com\/es\/#website"},"primaryImageOfPage":{"@id":"https:\/\/www.ritzbrasil.com\/es\/produtos\/instrumentos-de-prueba-y-deteccion\/contacto-probador\/#primaryimage"},"image":{"@id":"https:\/\/www.ritzbrasil.com\/es\/produtos\/instrumentos-de-prueba-y-deteccion\/contacto-probador\/#primaryimage"},"thumbnailUrl":"https:\/\/www.ritzbrasil.com\/wp-content\/uploads\/2024\/10\/ct-005-1-contact-tester-baixa-tensao.jpg","datePublished":"2024-10-29T19:40:00+00:00","dateModified":"2026-02-02T13:09:42+00:00","description":"Comprobador de contactos para detectar la tensi\u00f3n alterna en l\u00edneas de transmisi\u00f3n y subestaciones, con indicaci\u00f3n luminosa y ac\u00fastica para una respuesta segura y precisa.","breadcrumb":{"@id":"https:\/\/www.ritzbrasil.com\/es\/produtos\/instrumentos-de-prueba-y-deteccion\/contacto-probador\/#breadcrumb"},"inLanguage":"es","potentialAction":[{"@type":"ReadAction","target":["https:\/\/www.ritzbrasil.com\/es\/produtos\/instrumentos-de-prueba-y-deteccion\/contacto-probador\/"]}]},{"@type":"ImageObject","inLanguage":"es","@id":"https:\/\/www.ritzbrasil.com\/es\/produtos\/instrumentos-de-prueba-y-deteccion\/contacto-probador\/#primaryimage","url":"https:\/\/www.ritzbrasil.com\/wp-content\/uploads\/2024\/10\/ct-005-1-contact-tester-baixa-tensao.jpg","contentUrl":"https:\/\/www.ritzbrasil.com\/wp-content\/uploads\/2024\/10\/ct-005-1-contact-tester-baixa-tensao.jpg","width":1200,"height":1200,"caption":"CT 0,05-1 Comprobador de contactos de baja tensi\u00f3n"},{"@type":"BreadcrumbList","@id":"https:\/\/www.ritzbrasil.com\/es\/produtos\/instrumentos-de-prueba-y-deteccion\/contacto-probador\/#breadcrumb","itemListElement":[{"@type":"ListItem","position":1,"name":"In\u00edcio","item":"https:\/\/www.ritzbrasil.com\/es\/"},{"@type":"ListItem","position":2,"name":"Tienda","item":"https:\/\/www.ritzbrasil.com\/es\/tienda\/"},{"@type":"ListItem","position":3,"name":"Contacto Probador"}]},{"@type":"WebSite","@id":"https:\/\/www.ritzbrasil.com\/es\/#website","url":"https:\/\/www.ritzbrasil.com\/es\/","name":"Equipamentos de Manuten\u00e7\u00e3o e Seguran\u00e7a para o Setor El\u00e9trico - Ritz Brasil","description":"","potentialAction":[{"@type":"SearchAction","target":{"@type":"EntryPoint","urlTemplate":"https:\/\/www.ritzbrasil.com\/es\/?s={search_term_string}"},"query-input":{"@type":"PropertyValueSpecification","valueRequired":true,"valueName":"search_term_string"}}],"inLanguage":"es"}]}},"_links":{"self":[{"href":"https:\/\/www.ritzbrasil.com\/es\/wp-json\/wp\/v2\/product\/60954","targetHints":{"allow":["GET"]}}],"collection":[{"href":"https:\/\/www.ritzbrasil.com\/es\/wp-json\/wp\/v2\/product"}],"about":[{"href":"https:\/\/www.ritzbrasil.com\/es\/wp-json\/wp\/v2\/types\/product"}],"wp:featuredmedia":[{"embeddable":true,"href":"https:\/\/www.ritzbrasil.com\/es\/wp-json\/wp\/v2\/media\/59949"}],"wp:attachment":[{"href":"https:\/\/www.ritzbrasil.com\/es\/wp-json\/wp\/v2\/media?parent=60954"}],"wp:term":[{"taxonomy":"product_brand","embeddable":true,"href":"https:\/\/www.ritzbrasil.com\/es\/wp-json\/wp\/v2\/product_brand?post=60954"},{"taxonomy":"product_cat","embeddable":true,"href":"https:\/\/www.ritzbrasil.com\/es\/wp-json\/wp\/v2\/product_cat?post=60954"},{"taxonomy":"product_tag","embeddable":true,"href":"https:\/\/www.ritzbrasil.com\/es\/wp-json\/wp\/v2\/product_tag?post=60954"}],"curies":[{"name":"wp","href":"https:\/\/api.w.org\/{rel}","templated":true}]}}