{"id":60952,"date":"2024-10-29T16:05:14","date_gmt":"2024-10-29T19:05:14","guid":{"rendered":"https:\/\/bisque-bison-688002.hostingersite.com\/produtos\/sin%20categor\u00eda\/comprobador-de-lineas-calientes\/"},"modified":"2026-04-14T11:33:47","modified_gmt":"2026-04-14T14:33:47","slug":"hot-line-tester","status":"publish","type":"product","link":"https:\/\/www.ritzbrasil.com\/es\/produtos\/instrumentos-de-prueba-y-deteccion\/hot-line-tester\/","title":{"rendered":"Detector de Ausencia de Tensi\u00f3n"},"content":{"rendered":"<div class=\"wpb-content-wrapper\"><p>[vc_row][vc_column][vc_column_text css=\u00bb.vc_custom_1776176995704{margin-top: 20px !important;}\u00bb]<\/p>\n<h4><span style=\"color: #ff9900;\"><strong>Detector de Ausencia de Tensi\u00f3n &#8211; Hot Line Tester<\/strong><\/span><\/h4>\n<p>[\/vc_column_text][vc_column_text css=\u00bb.vc_custom_1770038086622{margin-top: -20px !important;}\u00bb]\n<div id=\"tablepress-Hot-Line-Tester-ES-scroll-wrapper\" class=\"tablepress-scroll-wrapper\">\n<table id=\"tablepress-Hot-Line-Tester-ES\" class=\"tablepress tablepress-id-Hot-Line-Tester-ES tablepress-responsive\">\n<thead>\n<tr class=\"row-1\">\n\t<td class=\"column-1\"><\/td><th class=\"column-2\">  Referencias<\/th><th class=\"column-3\">Caracter\u00edstica<\/th><td class=\"column-4\"><\/td>\n<\/tr>\n<\/thead>\n<tbody class=\"row-striping row-hover\">\n<tr class=\"row-2\">\n\t<td class=\"column-1\"><img decoding=\"async\" src=\"https:\/\/www.ritzbrasil.com\/wp-content\/uploads\/2026\/04\/nhl12-40-rg3622-1-hot-line-tester-150x150-1.jpg\" \/><\/td><td class=\"column-2\">NHL 12-40\/RG3622-1<\/td><td class=\"column-3\">Detector de ausencia de Tensi\u00f3n 12kV a 40kV<\/td><td class=\"column-4\">    <button class=\"add-to-budget\" data-table-id=\"Hot-Line-Tester\" data-reference=\"Detector de ausencia de Tensi\u00f3n 12kV a 40kV\" data-description=\"Comprobador de l\u00edneas calientes&lt;br \/&gt;\n\" style=\"color:#ff4d00;\">\n        <img decoding=\"async\" src=\"https:\/\/www.ritzbrasil.com\/\/wp-content\/uploads\/2024\/07\/orcar-compras-tabela-new-1.png\" alt=\"Solicitar cotizaci\u00f3n\" title=\"Solicitar cotizaci\u00f3n\" \/>\n    <\/button>\n    <\/td>\n<\/tr>\n<tr class=\"row-3\">\n\t<td class=\"column-1\"><img decoding=\"async\" src=\"https:\/\/www.ritzbrasil.com\/wp-content\/uploads\/2026\/04\/nhl69-240-rg3622-1-hot-line-tester-150x150-1.jpg\" \/><\/td><td class=\"column-2\">NHL 69-240\/RG3622-1<\/td><td class=\"column-3\">Detector de ausencia de Tensi\u00f3n 69kV a 240kV<\/td><td class=\"column-4\">    <button class=\"add-to-budget\" data-table-id=\"Hot-Line-Tester\" data-reference=\"Detector de ausencia de Tensi\u00f3n 69kV a 240kV\" data-description=\"Comprobador de l\u00edneas calientes&lt;br \/&gt;\n\" style=\"color:#ff4d00;\">\n        <img decoding=\"async\" src=\"https:\/\/www.ritzbrasil.com\/\/wp-content\/uploads\/2024\/07\/orcar-compras-tabela-new-1.png\" alt=\"Solicitar cotizaci\u00f3n\" title=\"Solicitar cotizaci\u00f3n\" \/>\n    <\/button>\n    <\/td>\n<\/tr>\n<\/tbody>\n<\/table>\n<\/div>\n[\/vc_column_text][vc_separator border_width=\u00bb2&#8243; css=\u00bb\u00bb][\/vc_column][\/vc_row]<\/p>\n<\/div>","protected":false},"excerpt":{"rendered":"<h4><span style=\"color: #ff9900;\">Detector de Ausencia de Tensi\u00f3n &#8211; Hot Line Tester<\/span><\/h4>\n<p>Equipo utilizado para detectar la ausencia de tensi\u00f3n en redes de corriente alterna (CA), mediante se\u00f1ales sonoras y luminosas. El sistema de detecci\u00f3n funciona mediante contacto directo con el conductor, a trav\u00e9s de una pinza de fijaci\u00f3n.<\/p>\n<p>Se aplica durante intervenciones en sistemas energizados, como L\u00edneas de Distribuci\u00f3n, L\u00edneas de Transmisi\u00f3n, Subestaciones y Redes Compactas, para identificar una posible desenergizaci\u00f3n inesperada. En estos casos, el electricista debe seguir rigurosamente las medidas de seguridad establecidas en las instrucciones de trabajo de la empresa.<\/p>\n<p>En cumplimiento con los requisitos de la Norma Reglamentaria de Seguridad en Instalaciones y Servicios de Electricidad NR-10 (\u00edtem 10.5.1 &#8211; C &#8211; Constataci\u00f3n de la ausencia de tensi\u00f3n), ofrecemos modelos probados seg\u00fan las normas ABNT NBR IEC 61243-1:2020 y la norma internacional IEC 61243:2021, especialmente dise\u00f1ados para ser utilizados en tensiones superiores a 1 kV CA.<\/p>\n<p>Estos instrumentos est\u00e1n dise\u00f1ados con un compartimento externo para el cambio de bater\u00eda, brindando seguridad durante el proceso de sustituci\u00f3n sin comprometer la placa electr\u00f3nica. Adem\u00e1s, presentan un alto grado de protecci\u00f3n y sellado contra variaciones de temperatura y humedad, as\u00ed como mejoras en el blindaje, resistencia al impacto, vibraci\u00f3n e inclemencias meteorol\u00f3gicas.<\/p>\n","protected":false},"featured_media":62401,"template":"","meta":[],"product_brand":[],"product_cat":[1669],"product_tag":[4566,4567],"class_list":{"0":"post-60952","1":"product","2":"type-product","3":"status-publish","4":"has-post-thumbnail","6":"product_cat-instrumentos-de-prueba-y-deteccion","7":"product_tag-nhl-12-40-rg3622-1","8":"product_tag-nhl-69-240-rg3622-1","9":"description-off","11":"first","12":"instock","13":"featured","14":"virtual","15":"product-type-simple"},"yoast_head":"<!-- This site is optimized with the Yoast SEO plugin v27.1.1 - https:\/\/yoast.com\/product\/yoast-seo-wordpress\/ -->\n<title>Detector de Ausencia de Tensi\u00f3n - Hot Line Tester<\/title>\n<meta name=\"description\" content=\"Detector de ausencia de tensi\u00f3n alterna para l\u00edneas de distribuci\u00f3n y transmisi\u00f3n, garantizando seguridad conforme la norma IEC 61243-1\/09.\" \/>\n<meta name=\"robots\" content=\"index, follow, max-snippet:-1, max-image-preview:large, max-video-preview:-1\" \/>\n<link rel=\"canonical\" href=\"https:\/\/www.ritzbrasil.com\/es\/produtos\/instrumentos-de-prueba-y-deteccion\/hot-line-tester\/\" \/>\n<meta property=\"og:locale\" content=\"es_ES\" \/>\n<meta property=\"og:type\" content=\"article\" \/>\n<meta property=\"og:title\" content=\"Detector de Ausencia de Tensi\u00f3n - Hot Line Tester\" \/>\n<meta property=\"og:description\" content=\"Detector de ausencia de tensi\u00f3n alterna para l\u00edneas de distribuci\u00f3n y transmisi\u00f3n, garantizando seguridad conforme la norma IEC 61243-1\/09.\" \/>\n<meta property=\"og:url\" content=\"https:\/\/www.ritzbrasil.com\/es\/produtos\/instrumentos-de-prueba-y-deteccion\/hot-line-tester\/\" \/>\n<meta property=\"og:site_name\" content=\"Equipamentos de Manuten\u00e7\u00e3o e Seguran\u00e7a para o Setor El\u00e9trico - Ritz Brasil\" \/>\n<meta property=\"article:modified_time\" content=\"2026-04-14T14:33:47+00:00\" \/>\n<meta property=\"og:image\" content=\"https:\/\/www.ritzbrasil.com\/wp-content\/uploads\/2026\/04\/nhl12-40-rg3622-1-hot-line-tester.jpg\" \/>\n\t<meta property=\"og:image:width\" content=\"1200\" \/>\n\t<meta property=\"og:image:height\" content=\"1200\" \/>\n\t<meta property=\"og:image:type\" content=\"image\/jpeg\" \/>\n<meta name=\"twitter:card\" content=\"summary_large_image\" \/>\n<meta name=\"twitter:label1\" content=\"Tiempo de lectura\" \/>\n\t<meta name=\"twitter:data1\" content=\"1 minuto\" \/>\n<script type=\"application\/ld+json\" class=\"yoast-schema-graph\">{\"@context\":\"https:\/\/schema.org\",\"@graph\":[{\"@type\":\"WebPage\",\"@id\":\"https:\/\/www.ritzbrasil.com\/es\/produtos\/instrumentos-de-prueba-y-deteccion\/hot-line-tester\/\",\"url\":\"https:\/\/www.ritzbrasil.com\/es\/produtos\/instrumentos-de-prueba-y-deteccion\/hot-line-tester\/\",\"name\":\"Detector de Ausencia de Tensi\u00f3n - Hot Line Tester\",\"isPartOf\":{\"@id\":\"https:\/\/www.ritzbrasil.com\/es\/#website\"},\"primaryImageOfPage\":{\"@id\":\"https:\/\/www.ritzbrasil.com\/es\/produtos\/instrumentos-de-prueba-y-deteccion\/hot-line-tester\/#primaryimage\"},\"image\":{\"@id\":\"https:\/\/www.ritzbrasil.com\/es\/produtos\/instrumentos-de-prueba-y-deteccion\/hot-line-tester\/#primaryimage\"},\"thumbnailUrl\":\"https:\/\/www.ritzbrasil.com\/wp-content\/uploads\/2026\/04\/nhl12-40-rg3622-1-hot-line-tester.jpg\",\"datePublished\":\"2024-10-29T19:05:14+00:00\",\"dateModified\":\"2026-04-14T14:33:47+00:00\",\"description\":\"Detector de ausencia de tensi\u00f3n alterna para l\u00edneas de distribuci\u00f3n y transmisi\u00f3n, garantizando seguridad conforme la norma IEC 61243-1\/09.\",\"breadcrumb\":{\"@id\":\"https:\/\/www.ritzbrasil.com\/es\/produtos\/instrumentos-de-prueba-y-deteccion\/hot-line-tester\/#breadcrumb\"},\"inLanguage\":\"es\",\"potentialAction\":[{\"@type\":\"ReadAction\",\"target\":[\"https:\/\/www.ritzbrasil.com\/es\/produtos\/instrumentos-de-prueba-y-deteccion\/hot-line-tester\/\"]}]},{\"@type\":\"ImageObject\",\"inLanguage\":\"es\",\"@id\":\"https:\/\/www.ritzbrasil.com\/es\/produtos\/instrumentos-de-prueba-y-deteccion\/hot-line-tester\/#primaryimage\",\"url\":\"https:\/\/www.ritzbrasil.com\/wp-content\/uploads\/2026\/04\/nhl12-40-rg3622-1-hot-line-tester.jpg\",\"contentUrl\":\"https:\/\/www.ritzbrasil.com\/wp-content\/uploads\/2026\/04\/nhl12-40-rg3622-1-hot-line-tester.jpg\",\"width\":1200,\"height\":1200,\"caption\":\"NHL 12-40 \/ RG3622-1 Hot Line Tester | Detector aus\u00eancia de Tens\u00e3o 12kV a 40kV\"},{\"@type\":\"BreadcrumbList\",\"@id\":\"https:\/\/www.ritzbrasil.com\/es\/produtos\/instrumentos-de-prueba-y-deteccion\/hot-line-tester\/#breadcrumb\",\"itemListElement\":[{\"@type\":\"ListItem\",\"position\":1,\"name\":\"In\u00edcio\",\"item\":\"https:\/\/www.ritzbrasil.com\/es\/\"},{\"@type\":\"ListItem\",\"position\":2,\"name\":\"Tienda\",\"item\":\"https:\/\/www.ritzbrasil.com\/es\/tienda\/\"},{\"@type\":\"ListItem\",\"position\":3,\"name\":\"Detector de Ausencia de Tensi\u00f3n\"}]},{\"@type\":\"WebSite\",\"@id\":\"https:\/\/www.ritzbrasil.com\/es\/#website\",\"url\":\"https:\/\/www.ritzbrasil.com\/es\/\",\"name\":\"Equipamentos de Manuten\u00e7\u00e3o e Seguran\u00e7a para o Setor El\u00e9trico - Ritz Brasil\",\"description\":\"\",\"potentialAction\":[{\"@type\":\"SearchAction\",\"target\":{\"@type\":\"EntryPoint\",\"urlTemplate\":\"https:\/\/www.ritzbrasil.com\/es\/?s={search_term_string}\"},\"query-input\":{\"@type\":\"PropertyValueSpecification\",\"valueRequired\":true,\"valueName\":\"search_term_string\"}}],\"inLanguage\":\"es\"}]}<\/script>\n<!-- \/ Yoast SEO plugin. -->","yoast_head_json":{"title":"Detector de Ausencia de Tensi\u00f3n - Hot Line Tester","description":"Detector de ausencia de tensi\u00f3n alterna para l\u00edneas de distribuci\u00f3n y transmisi\u00f3n, garantizando seguridad conforme la norma IEC 61243-1\/09.","robots":{"index":"index","follow":"follow","max-snippet":"max-snippet:-1","max-image-preview":"max-image-preview:large","max-video-preview":"max-video-preview:-1"},"canonical":"https:\/\/www.ritzbrasil.com\/es\/produtos\/instrumentos-de-prueba-y-deteccion\/hot-line-tester\/","og_locale":"es_ES","og_type":"article","og_title":"Detector de Ausencia de Tensi\u00f3n - Hot Line Tester","og_description":"Detector de ausencia de tensi\u00f3n alterna para l\u00edneas de distribuci\u00f3n y transmisi\u00f3n, garantizando seguridad conforme la norma IEC 61243-1\/09.","og_url":"https:\/\/www.ritzbrasil.com\/es\/produtos\/instrumentos-de-prueba-y-deteccion\/hot-line-tester\/","og_site_name":"Equipamentos de Manuten\u00e7\u00e3o e Seguran\u00e7a para o Setor El\u00e9trico - Ritz Brasil","article_modified_time":"2026-04-14T14:33:47+00:00","og_image":[{"width":1200,"height":1200,"url":"https:\/\/www.ritzbrasil.com\/wp-content\/uploads\/2026\/04\/nhl12-40-rg3622-1-hot-line-tester.jpg","type":"image\/jpeg"}],"twitter_card":"summary_large_image","twitter_misc":{"Tiempo de lectura":"1 minuto"},"schema":{"@context":"https:\/\/schema.org","@graph":[{"@type":"WebPage","@id":"https:\/\/www.ritzbrasil.com\/es\/produtos\/instrumentos-de-prueba-y-deteccion\/hot-line-tester\/","url":"https:\/\/www.ritzbrasil.com\/es\/produtos\/instrumentos-de-prueba-y-deteccion\/hot-line-tester\/","name":"Detector de Ausencia de Tensi\u00f3n - Hot Line Tester","isPartOf":{"@id":"https:\/\/www.ritzbrasil.com\/es\/#website"},"primaryImageOfPage":{"@id":"https:\/\/www.ritzbrasil.com\/es\/produtos\/instrumentos-de-prueba-y-deteccion\/hot-line-tester\/#primaryimage"},"image":{"@id":"https:\/\/www.ritzbrasil.com\/es\/produtos\/instrumentos-de-prueba-y-deteccion\/hot-line-tester\/#primaryimage"},"thumbnailUrl":"https:\/\/www.ritzbrasil.com\/wp-content\/uploads\/2026\/04\/nhl12-40-rg3622-1-hot-line-tester.jpg","datePublished":"2024-10-29T19:05:14+00:00","dateModified":"2026-04-14T14:33:47+00:00","description":"Detector de ausencia de tensi\u00f3n alterna para l\u00edneas de distribuci\u00f3n y transmisi\u00f3n, garantizando seguridad conforme la norma IEC 61243-1\/09.","breadcrumb":{"@id":"https:\/\/www.ritzbrasil.com\/es\/produtos\/instrumentos-de-prueba-y-deteccion\/hot-line-tester\/#breadcrumb"},"inLanguage":"es","potentialAction":[{"@type":"ReadAction","target":["https:\/\/www.ritzbrasil.com\/es\/produtos\/instrumentos-de-prueba-y-deteccion\/hot-line-tester\/"]}]},{"@type":"ImageObject","inLanguage":"es","@id":"https:\/\/www.ritzbrasil.com\/es\/produtos\/instrumentos-de-prueba-y-deteccion\/hot-line-tester\/#primaryimage","url":"https:\/\/www.ritzbrasil.com\/wp-content\/uploads\/2026\/04\/nhl12-40-rg3622-1-hot-line-tester.jpg","contentUrl":"https:\/\/www.ritzbrasil.com\/wp-content\/uploads\/2026\/04\/nhl12-40-rg3622-1-hot-line-tester.jpg","width":1200,"height":1200,"caption":"NHL 12-40 \/ RG3622-1 Hot Line Tester | Detector aus\u00eancia de Tens\u00e3o 12kV a 40kV"},{"@type":"BreadcrumbList","@id":"https:\/\/www.ritzbrasil.com\/es\/produtos\/instrumentos-de-prueba-y-deteccion\/hot-line-tester\/#breadcrumb","itemListElement":[{"@type":"ListItem","position":1,"name":"In\u00edcio","item":"https:\/\/www.ritzbrasil.com\/es\/"},{"@type":"ListItem","position":2,"name":"Tienda","item":"https:\/\/www.ritzbrasil.com\/es\/tienda\/"},{"@type":"ListItem","position":3,"name":"Detector de Ausencia de Tensi\u00f3n"}]},{"@type":"WebSite","@id":"https:\/\/www.ritzbrasil.com\/es\/#website","url":"https:\/\/www.ritzbrasil.com\/es\/","name":"Equipamentos de Manuten\u00e7\u00e3o e Seguran\u00e7a para o Setor El\u00e9trico - Ritz Brasil","description":"","potentialAction":[{"@type":"SearchAction","target":{"@type":"EntryPoint","urlTemplate":"https:\/\/www.ritzbrasil.com\/es\/?s={search_term_string}"},"query-input":{"@type":"PropertyValueSpecification","valueRequired":true,"valueName":"search_term_string"}}],"inLanguage":"es"}]}},"_links":{"self":[{"href":"https:\/\/www.ritzbrasil.com\/es\/wp-json\/wp\/v2\/product\/60952","targetHints":{"allow":["GET"]}}],"collection":[{"href":"https:\/\/www.ritzbrasil.com\/es\/wp-json\/wp\/v2\/product"}],"about":[{"href":"https:\/\/www.ritzbrasil.com\/es\/wp-json\/wp\/v2\/types\/product"}],"wp:featuredmedia":[{"embeddable":true,"href":"https:\/\/www.ritzbrasil.com\/es\/wp-json\/wp\/v2\/media\/62401"}],"wp:attachment":[{"href":"https:\/\/www.ritzbrasil.com\/es\/wp-json\/wp\/v2\/media?parent=60952"}],"wp:term":[{"taxonomy":"product_brand","embeddable":true,"href":"https:\/\/www.ritzbrasil.com\/es\/wp-json\/wp\/v2\/product_brand?post=60952"},{"taxonomy":"product_cat","embeddable":true,"href":"https:\/\/www.ritzbrasil.com\/es\/wp-json\/wp\/v2\/product_cat?post=60952"},{"taxonomy":"product_tag","embeddable":true,"href":"https:\/\/www.ritzbrasil.com\/es\/wp-json\/wp\/v2\/product_tag?post=60952"}],"curies":[{"name":"wp","href":"https:\/\/api.w.org\/{rel}","templated":true}]}}