{"id":60946,"date":"2024-10-30T10:19:58","date_gmt":"2024-10-30T13:19:58","guid":{"rendered":"https:\/\/bisque-bison-688002.hostingersite.com\/produtos\/sin%20categor\u00eda\/inflador-de-guantes\/"},"modified":"2026-02-25T16:47:54","modified_gmt":"2026-02-25T19:47:54","slug":"inflador-de-guantes","status":"publish","type":"product","link":"https:\/\/www.ritzbrasil.com\/es\/produtos\/instrumentos-de-prueba-y-deteccion\/inflador-de-guantes\/","title":{"rendered":"Inflador de guantes"},"content":{"rendered":"<div class=\"wpb-content-wrapper\"><p>[vc_row][vc_column][vc_column_text css=\u00bb.vc_custom_1730294169525{margin-top: 20px !important;}\u00bb]<\/p>\n<h4><span style=\"color: #ff9900;\"><strong>Inflador de guantes<\/strong><\/span><\/h4>\n<p>[\/vc_column_text][vc_column_text css=\u00bb.vc_custom_1769432524314{margin-top: -20px !important;}\u00bb]\n<div id=\"tablepress-Inflador-Luvas-ES-scroll-wrapper\" class=\"tablepress-scroll-wrapper\">\n<table id=\"tablepress-Inflador-Luvas-ES\" class=\"tablepress tablepress-id-Inflador-Luvas-ES tablepress-responsive\">\n<thead>\n<tr class=\"row-1\">\n\t<td class=\"column-1\"><\/td><th class=\"column-2\">  Refer\u00eancias<\/th><th class=\"column-3\">Caracter\u00edstica<\/th><td class=\"column-4\"><\/td>\n<\/tr>\n<\/thead>\n<tbody class=\"row-striping row-hover\">\n<tr class=\"row-2\">\n\t<td class=\"column-1\"><img decoding=\"async\" src=\"https:\/\/www.ritzbrasil.com\/wp-content\/uploads\/2024\/10\/flv11404-1-inflador-luvas-150x150-1.jpg\" \/><\/td><td class=\"column-2\">FLV11404-1<\/td><td class=\"column-3\">Peso Aproximado: 7,75 kg (17,09 lb)<\/td><td class=\"column-4\">    <button class=\"add-to-budget\" data-table-id=\"Inflador-Luvas\" data-reference=\"FLV11404-1\" data-description=\"Inflador de guantes\" style=\"color:#ff4d00;\">\n        <img decoding=\"async\" src=\"https:\/\/www.ritzbrasil.com\/\/wp-content\/uploads\/2024\/07\/orcar-compras-tabela-new-1.png\" alt=\"Solicitar cotizaci\u00f3n\" title=\"Solicitar cotizaci\u00f3n\" \/>\n    <\/button>\n    <\/td>\n<\/tr>\n<\/tbody>\n<\/table>\n<\/div>\n[\/vc_column_text][vc_separator border_width=\u00bb2&#8243; css=\u00bb\u00bb][\/vc_column][\/vc_row]<\/p>\n<\/div>","protected":false},"excerpt":{"rendered":"<h4><span style=\"color: #ff9900;\">Inflador de guantes<\/span><\/h4>\n<p>Dise\u00f1ado para realizar una inspecci\u00f3n visual segura y completa de los guantes aislantes de goma de todas las clases de tensi\u00f3n, infl\u00e1ndolos uniformemente, lo que permite la detecci\u00f3n inmediata de cualquier da\u00f1o que pueda comprometer sus caracter\u00edsticas aislantes, por peque\u00f1o que sea, en cualquier parte de su superficie. Puede utilizarse en el lugar de trabajo o en el laboratorio de pruebas.<\/p>\n<p>Puede accionarse manualmente mediante una bomba o conectarse a una fuente de aire comprimido.<\/p>\n<p>Peso aprox.: 7,75 kg (17,09 lb)<\/p>\n<p>Los guantes aislantes de goma merecen un cuidado especial, que incluya una inspecci\u00f3n visual peri\u00f3dica antes de su uso, as\u00ed como pruebas el\u00e9ctricas peri\u00f3dicas, ya que son propensos a sufrir grietas, pinchazos y cortes. Estos da\u00f1os comprometen seriamente sus propiedades aislantes y ponen en peligro al usuario.<\/p>\n","protected":false},"featured_media":60021,"template":"","meta":[],"product_brand":[],"product_cat":[1669],"product_tag":[1935],"class_list":{"0":"post-60946","1":"product","2":"type-product","3":"status-publish","4":"has-post-thumbnail","6":"product_cat-instrumentos-de-prueba-y-deteccion","7":"product_tag-flv11404-1-es","8":"description-off","10":"first","11":"instock","12":"virtual","13":"product-type-simple"},"yoast_head":"<!-- This site is optimized with the Yoast SEO plugin v27.1.1 - https:\/\/yoast.com\/product\/yoast-seo-wordpress\/ -->\n<title>Inflador de guantes<\/title>\n<meta name=\"description\" content=\"Inflador de guantes para la inspecci\u00f3n segura de guantes aislantes, detecta da\u00f1os superficiales. Funcionamiento manual o con aire comprimido in situ o en el laboratorio.\" \/>\n<meta name=\"robots\" content=\"index, follow, max-snippet:-1, max-image-preview:large, max-video-preview:-1\" \/>\n<link rel=\"canonical\" href=\"https:\/\/www.ritzbrasil.com\/es\/produtos\/instrumentos-de-prueba-y-deteccion\/inflador-de-guantes\/\" \/>\n<meta property=\"og:locale\" content=\"es_ES\" \/>\n<meta property=\"og:type\" content=\"article\" \/>\n<meta property=\"og:title\" content=\"Inflador de guantes\" \/>\n<meta property=\"og:description\" content=\"Inflador de guantes para la inspecci\u00f3n segura de guantes aislantes, detecta da\u00f1os superficiales. Funcionamiento manual o con aire comprimido in situ o en el laboratorio.\" \/>\n<meta property=\"og:url\" content=\"https:\/\/www.ritzbrasil.com\/es\/produtos\/instrumentos-de-prueba-y-deteccion\/inflador-de-guantes\/\" \/>\n<meta property=\"og:site_name\" content=\"Equipamentos de Manuten\u00e7\u00e3o e Seguran\u00e7a para o Setor El\u00e9trico - Ritz Brasil\" \/>\n<meta property=\"article:modified_time\" content=\"2026-02-25T19:47:54+00:00\" \/>\n<meta property=\"og:image\" content=\"https:\/\/www.ritzbrasil.com\/wp-content\/uploads\/2024\/10\/flv11404-1-inflador-luvas.jpg\" \/>\n\t<meta property=\"og:image:width\" content=\"1200\" \/>\n\t<meta property=\"og:image:height\" content=\"1200\" \/>\n\t<meta property=\"og:image:type\" content=\"image\/jpeg\" \/>\n<meta name=\"twitter:card\" content=\"summary_large_image\" \/>\n<meta name=\"twitter:label1\" content=\"Tiempo de lectura\" \/>\n\t<meta name=\"twitter:data1\" content=\"1 minuto\" \/>\n<script type=\"application\/ld+json\" class=\"yoast-schema-graph\">{\"@context\":\"https:\/\/schema.org\",\"@graph\":[{\"@type\":\"WebPage\",\"@id\":\"https:\/\/www.ritzbrasil.com\/es\/produtos\/instrumentos-de-prueba-y-deteccion\/inflador-de-guantes\/\",\"url\":\"https:\/\/www.ritzbrasil.com\/es\/produtos\/instrumentos-de-prueba-y-deteccion\/inflador-de-guantes\/\",\"name\":\"Inflador de guantes\",\"isPartOf\":{\"@id\":\"https:\/\/www.ritzbrasil.com\/es\/#website\"},\"primaryImageOfPage\":{\"@id\":\"https:\/\/www.ritzbrasil.com\/es\/produtos\/instrumentos-de-prueba-y-deteccion\/inflador-de-guantes\/#primaryimage\"},\"image\":{\"@id\":\"https:\/\/www.ritzbrasil.com\/es\/produtos\/instrumentos-de-prueba-y-deteccion\/inflador-de-guantes\/#primaryimage\"},\"thumbnailUrl\":\"https:\/\/www.ritzbrasil.com\/wp-content\/uploads\/2024\/10\/flv11404-1-inflador-luvas.jpg\",\"datePublished\":\"2024-10-30T13:19:58+00:00\",\"dateModified\":\"2026-02-25T19:47:54+00:00\",\"description\":\"Inflador de guantes para la inspecci\u00f3n segura de guantes aislantes, detecta da\u00f1os superficiales. Funcionamiento manual o con aire comprimido in situ o en el laboratorio.\",\"breadcrumb\":{\"@id\":\"https:\/\/www.ritzbrasil.com\/es\/produtos\/instrumentos-de-prueba-y-deteccion\/inflador-de-guantes\/#breadcrumb\"},\"inLanguage\":\"es\",\"potentialAction\":[{\"@type\":\"ReadAction\",\"target\":[\"https:\/\/www.ritzbrasil.com\/es\/produtos\/instrumentos-de-prueba-y-deteccion\/inflador-de-guantes\/\"]}]},{\"@type\":\"ImageObject\",\"inLanguage\":\"es\",\"@id\":\"https:\/\/www.ritzbrasil.com\/es\/produtos\/instrumentos-de-prueba-y-deteccion\/inflador-de-guantes\/#primaryimage\",\"url\":\"https:\/\/www.ritzbrasil.com\/wp-content\/uploads\/2024\/10\/flv11404-1-inflador-luvas.jpg\",\"contentUrl\":\"https:\/\/www.ritzbrasil.com\/wp-content\/uploads\/2024\/10\/flv11404-1-inflador-luvas.jpg\",\"width\":1200,\"height\":1200,\"caption\":\"FLV11404-1 Inflador de guantes\"},{\"@type\":\"BreadcrumbList\",\"@id\":\"https:\/\/www.ritzbrasil.com\/es\/produtos\/instrumentos-de-prueba-y-deteccion\/inflador-de-guantes\/#breadcrumb\",\"itemListElement\":[{\"@type\":\"ListItem\",\"position\":1,\"name\":\"In\u00edcio\",\"item\":\"https:\/\/www.ritzbrasil.com\/es\/\"},{\"@type\":\"ListItem\",\"position\":2,\"name\":\"Tienda\",\"item\":\"https:\/\/www.ritzbrasil.com\/es\/tienda\/\"},{\"@type\":\"ListItem\",\"position\":3,\"name\":\"Inflador de guantes\"}]},{\"@type\":\"WebSite\",\"@id\":\"https:\/\/www.ritzbrasil.com\/es\/#website\",\"url\":\"https:\/\/www.ritzbrasil.com\/es\/\",\"name\":\"Equipamentos de Manuten\u00e7\u00e3o e Seguran\u00e7a para o Setor El\u00e9trico - Ritz Brasil\",\"description\":\"\",\"potentialAction\":[{\"@type\":\"SearchAction\",\"target\":{\"@type\":\"EntryPoint\",\"urlTemplate\":\"https:\/\/www.ritzbrasil.com\/es\/?s={search_term_string}\"},\"query-input\":{\"@type\":\"PropertyValueSpecification\",\"valueRequired\":true,\"valueName\":\"search_term_string\"}}],\"inLanguage\":\"es\"}]}<\/script>\n<!-- \/ Yoast SEO plugin. -->","yoast_head_json":{"title":"Inflador de guantes","description":"Inflador de guantes para la inspecci\u00f3n segura de guantes aislantes, detecta da\u00f1os superficiales. Funcionamiento manual o con aire comprimido in situ o en el laboratorio.","robots":{"index":"index","follow":"follow","max-snippet":"max-snippet:-1","max-image-preview":"max-image-preview:large","max-video-preview":"max-video-preview:-1"},"canonical":"https:\/\/www.ritzbrasil.com\/es\/produtos\/instrumentos-de-prueba-y-deteccion\/inflador-de-guantes\/","og_locale":"es_ES","og_type":"article","og_title":"Inflador de guantes","og_description":"Inflador de guantes para la inspecci\u00f3n segura de guantes aislantes, detecta da\u00f1os superficiales. Funcionamiento manual o con aire comprimido in situ o en el laboratorio.","og_url":"https:\/\/www.ritzbrasil.com\/es\/produtos\/instrumentos-de-prueba-y-deteccion\/inflador-de-guantes\/","og_site_name":"Equipamentos de Manuten\u00e7\u00e3o e Seguran\u00e7a para o Setor El\u00e9trico - Ritz Brasil","article_modified_time":"2026-02-25T19:47:54+00:00","og_image":[{"width":1200,"height":1200,"url":"https:\/\/www.ritzbrasil.com\/wp-content\/uploads\/2024\/10\/flv11404-1-inflador-luvas.jpg","type":"image\/jpeg"}],"twitter_card":"summary_large_image","twitter_misc":{"Tiempo de lectura":"1 minuto"},"schema":{"@context":"https:\/\/schema.org","@graph":[{"@type":"WebPage","@id":"https:\/\/www.ritzbrasil.com\/es\/produtos\/instrumentos-de-prueba-y-deteccion\/inflador-de-guantes\/","url":"https:\/\/www.ritzbrasil.com\/es\/produtos\/instrumentos-de-prueba-y-deteccion\/inflador-de-guantes\/","name":"Inflador de guantes","isPartOf":{"@id":"https:\/\/www.ritzbrasil.com\/es\/#website"},"primaryImageOfPage":{"@id":"https:\/\/www.ritzbrasil.com\/es\/produtos\/instrumentos-de-prueba-y-deteccion\/inflador-de-guantes\/#primaryimage"},"image":{"@id":"https:\/\/www.ritzbrasil.com\/es\/produtos\/instrumentos-de-prueba-y-deteccion\/inflador-de-guantes\/#primaryimage"},"thumbnailUrl":"https:\/\/www.ritzbrasil.com\/wp-content\/uploads\/2024\/10\/flv11404-1-inflador-luvas.jpg","datePublished":"2024-10-30T13:19:58+00:00","dateModified":"2026-02-25T19:47:54+00:00","description":"Inflador de guantes para la inspecci\u00f3n segura de guantes aislantes, detecta da\u00f1os superficiales. Funcionamiento manual o con aire comprimido in situ o en el laboratorio.","breadcrumb":{"@id":"https:\/\/www.ritzbrasil.com\/es\/produtos\/instrumentos-de-prueba-y-deteccion\/inflador-de-guantes\/#breadcrumb"},"inLanguage":"es","potentialAction":[{"@type":"ReadAction","target":["https:\/\/www.ritzbrasil.com\/es\/produtos\/instrumentos-de-prueba-y-deteccion\/inflador-de-guantes\/"]}]},{"@type":"ImageObject","inLanguage":"es","@id":"https:\/\/www.ritzbrasil.com\/es\/produtos\/instrumentos-de-prueba-y-deteccion\/inflador-de-guantes\/#primaryimage","url":"https:\/\/www.ritzbrasil.com\/wp-content\/uploads\/2024\/10\/flv11404-1-inflador-luvas.jpg","contentUrl":"https:\/\/www.ritzbrasil.com\/wp-content\/uploads\/2024\/10\/flv11404-1-inflador-luvas.jpg","width":1200,"height":1200,"caption":"FLV11404-1 Inflador de guantes"},{"@type":"BreadcrumbList","@id":"https:\/\/www.ritzbrasil.com\/es\/produtos\/instrumentos-de-prueba-y-deteccion\/inflador-de-guantes\/#breadcrumb","itemListElement":[{"@type":"ListItem","position":1,"name":"In\u00edcio","item":"https:\/\/www.ritzbrasil.com\/es\/"},{"@type":"ListItem","position":2,"name":"Tienda","item":"https:\/\/www.ritzbrasil.com\/es\/tienda\/"},{"@type":"ListItem","position":3,"name":"Inflador de guantes"}]},{"@type":"WebSite","@id":"https:\/\/www.ritzbrasil.com\/es\/#website","url":"https:\/\/www.ritzbrasil.com\/es\/","name":"Equipamentos de Manuten\u00e7\u00e3o e Seguran\u00e7a para o Setor El\u00e9trico - Ritz Brasil","description":"","potentialAction":[{"@type":"SearchAction","target":{"@type":"EntryPoint","urlTemplate":"https:\/\/www.ritzbrasil.com\/es\/?s={search_term_string}"},"query-input":{"@type":"PropertyValueSpecification","valueRequired":true,"valueName":"search_term_string"}}],"inLanguage":"es"}]}},"_links":{"self":[{"href":"https:\/\/www.ritzbrasil.com\/es\/wp-json\/wp\/v2\/product\/60946","targetHints":{"allow":["GET"]}}],"collection":[{"href":"https:\/\/www.ritzbrasil.com\/es\/wp-json\/wp\/v2\/product"}],"about":[{"href":"https:\/\/www.ritzbrasil.com\/es\/wp-json\/wp\/v2\/types\/product"}],"wp:featuredmedia":[{"embeddable":true,"href":"https:\/\/www.ritzbrasil.com\/es\/wp-json\/wp\/v2\/media\/60021"}],"wp:attachment":[{"href":"https:\/\/www.ritzbrasil.com\/es\/wp-json\/wp\/v2\/media?parent=60946"}],"wp:term":[{"taxonomy":"product_brand","embeddable":true,"href":"https:\/\/www.ritzbrasil.com\/es\/wp-json\/wp\/v2\/product_brand?post=60946"},{"taxonomy":"product_cat","embeddable":true,"href":"https:\/\/www.ritzbrasil.com\/es\/wp-json\/wp\/v2\/product_cat?post=60946"},{"taxonomy":"product_tag","embeddable":true,"href":"https:\/\/www.ritzbrasil.com\/es\/wp-json\/wp\/v2\/product_tag?post=60946"}],"curies":[{"name":"wp","href":"https:\/\/api.w.org\/{rel}","templated":true}]}}