{"id":60944,"date":"2024-10-30T10:13:26","date_gmt":"2024-10-30T13:13:26","guid":{"rendered":"https:\/\/bisque-bison-688002.hostingersite.com\/produtos\/sin%20categor\u00eda\/supercomprobador\/"},"modified":"2026-02-25T16:47:59","modified_gmt":"2026-02-25T19:47:59","slug":"supercomprobador","status":"publish","type":"product","link":"https:\/\/www.ritzbrasil.com\/es\/produtos\/instrumentos-de-prueba-y-deteccion\/supercomprobador\/","title":{"rendered":"Supercomprobador"},"content":{"rendered":"<div class=\"wpb-content-wrapper\"><p>[vc_row][vc_column][vc_column_text css=\u00bb.vc_custom_1730293621919{margin-top: 20px !important;}\u00bb]<\/p>\n<h4><span style=\"color: #ff9900;\"><strong>Supercomprobador<\/strong><\/span><\/h4>\n<p>[\/vc_column_text][vc_column_text css=\u00bb.vc_custom_1769432896501{margin-top: -20px !important;}\u00bb]\n<div id=\"tablepress-Super-Tester-ES-scroll-wrapper\" class=\"tablepress-scroll-wrapper\">\n<table id=\"tablepress-Super-Tester-ES\" class=\"tablepress tablepress-id-Super-Tester-ES tablepress-responsive\">\n<thead>\n<tr class=\"row-1\">\n\t<td class=\"column-1\"><\/td><th class=\"column-2\">  Refer\u00eancias<\/th><th class=\"column-3\">Caracter\u00edstica<\/th><td class=\"column-4\"><\/td>\n<\/tr>\n<\/thead>\n<tbody class=\"row-striping row-hover\">\n<tr class=\"row-2\">\n\t<td class=\"column-1\"><img decoding=\"async\" src=\"https:\/\/www.ritzbrasil.com\/wp-content\/uploads\/2024\/10\/h1990-st-138-super-tester-150x150-1.jpg\" \/><\/td><td class=\"column-2\">H1990\/ST-138<\/td><td class=\"column-3\">Detector unipolar de alta tensi\u00f3n por aproximaci\u00f3n en los rangos de 1 a 138 kV<\/td><td class=\"column-4\">    <button class=\"add-to-budget\" data-table-id=\"Super-Tester\" data-reference=\"H1990\/ST-138\" data-description=\"Supercomprobador\" style=\"color:#ff4d00;\">\n        <img decoding=\"async\" src=\"https:\/\/www.ritzbrasil.com\/\/wp-content\/uploads\/2024\/07\/orcar-compras-tabela-new-1.png\" alt=\"Solicitar cotizaci\u00f3n\" title=\"Solicitar cotizaci\u00f3n\" \/>\n    <\/button>\n    <\/td>\n<\/tr>\n<tr class=\"row-3\">\n\t<td class=\"column-1\"><img decoding=\"async\" src=\"https:\/\/www.ritzbrasil.com\/wp-content\/uploads\/2024\/10\/h1990-st-800-super-tester-150x150-1.jpg\" \/><\/td><td class=\"column-2\">H1990\/ST-800<\/td><td class=\"column-3\">Detector unipolar de alta tensi\u00f3n por aproximaci\u00f3n en los rangos de 1 a 800 kV<\/td><td class=\"column-4\">    <button class=\"add-to-budget\" data-table-id=\"Super-Tester\" data-reference=\"H1990\/ST-800\" data-description=\"Supercomprobador\" style=\"color:#ff4d00;\">\n        <img decoding=\"async\" src=\"https:\/\/www.ritzbrasil.com\/\/wp-content\/uploads\/2024\/07\/orcar-compras-tabela-new-1.png\" alt=\"Solicitar cotizaci\u00f3n\" title=\"Solicitar cotizaci\u00f3n\" \/>\n    <\/button>\n    <\/td>\n<\/tr>\n<\/tbody>\n<\/table>\n<\/div>\n[\/vc_column_text][vc_separator border_width=\u00bb2&#8243; css=\u00bb\u00bb][\/vc_column][\/vc_row]<\/p>\n<\/div>","protected":false},"excerpt":{"rendered":"<h4><span style=\"color: #ff9900;\">Supercomprobador<\/span><\/h4>\n<p>Detector de tensi\u00f3n de proximidad, que debe utilizarse con un bast\u00f3n de maniobra. El circuito electr\u00f3nico proporciona indicaciones precisas y fiables mediante se\u00f1ales visuales y ac\u00fasticas.<\/p>\n<p>Este dispositivo puede detectar con fiabilidad la presencia de tensi\u00f3n a partir de 1 kV en instalaciones de corriente alterna, como l\u00edneas de transmisi\u00f3n y distribuci\u00f3n, subestaciones, celdas, etc. con conductores no apantallados.<\/p>\n<p>Su uso es indispensable en los servicios de mantenimiento de instalaciones el\u00e9ctricas para que el electricista pueda asegurarse de que el lugar de trabajo est\u00e1 sin tensi\u00f3n, permitiendo as\u00ed la instalaci\u00f3n del juego de puesta a tierra provisional, que garantizar\u00e1 la seguridad necesaria para realizar las tareas.<\/p>\n<p><strong>CARACTER\u00cdSTICAS T\u00c9CNICAS<\/strong><br \/>\n&#8211; Adecuado para uso en interiores y exteriores;<br \/>\n&#8211; Prueba de funcionamiento incorporada;<br \/>\n&#8211; Doble se\u00f1al, sonido y luz operados simult\u00e1neamente;<br \/>\n&#8211; Circuito electr\u00f3nico encapsulado inmune a las diferencias de temperatura de &#8211; 10\u00b0 C a 60\u00b0 C;<br \/>\n&#8211; LED piloto que indica el perfecto funcionamiento del aparato y el estado de carga de la bater\u00eda;<br \/>\n&#8211; Embalaje: estuche de material sint\u00e9tico;<br \/>\n&#8211; Adaptador universal para palo de maniobra;<br \/>\n&#8211; Dimensiones: 180 x 100 x 90 mm;<br \/>\n&#8211; Funcionamiento: Acerc\u00e1ndote al campo electromagn\u00e9tico;<br \/>\n&#8211; Se\u00f1al de alarma:<br \/>\nLuminosa &#8211; mediante 4 LED frontales;<br \/>\nSonora &#8211; mediante transductor piezoel\u00e9ctrico;<br \/>\n&#8211; Frecuencia de trabajo: 50 \/ 60 Hz;<br \/>\n&#8211; Alimentaci\u00f3n: pila de 9 V &#8211; duraci\u00f3n media en trabajo ininterrumpido 15 h.<\/p>\n","protected":false},"featured_media":60015,"template":"","meta":[],"product_brand":[],"product_cat":[1669],"product_tag":[1931,1932],"class_list":{"0":"post-60944","1":"product","2":"type-product","3":"status-publish","4":"has-post-thumbnail","6":"product_cat-instrumentos-de-prueba-y-deteccion","7":"product_tag-h1990-st-138-es","8":"product_tag-h1990-st-800-es","9":"description-off","11":"first","12":"instock","13":"virtual","14":"product-type-simple"},"yoast_head":"<!-- This site is optimized with the Yoast SEO plugin v27.1.1 - https:\/\/yoast.com\/product\/yoast-seo-wordpress\/ -->\n<title>Supercomprobador<\/title>\n<meta name=\"description\" content=\"Supercomprobador de detecci\u00f3n de tensi\u00f3n de proximidad con bast\u00f3n de maniobra, proporciona se\u00f1ales visuales y ac\u00fasticas para una indicaci\u00f3n precisa y fiable.\" \/>\n<meta name=\"robots\" content=\"index, follow, max-snippet:-1, max-image-preview:large, max-video-preview:-1\" \/>\n<link rel=\"canonical\" href=\"https:\/\/www.ritzbrasil.com\/es\/produtos\/instrumentos-de-prueba-y-deteccion\/supercomprobador\/\" \/>\n<meta property=\"og:locale\" content=\"es_ES\" \/>\n<meta property=\"og:type\" content=\"article\" \/>\n<meta property=\"og:title\" content=\"Supercomprobador\" \/>\n<meta property=\"og:description\" content=\"Supercomprobador de detecci\u00f3n de tensi\u00f3n de proximidad con bast\u00f3n de maniobra, proporciona se\u00f1ales visuales y ac\u00fasticas para una indicaci\u00f3n precisa y fiable.\" \/>\n<meta property=\"og:url\" content=\"https:\/\/www.ritzbrasil.com\/es\/produtos\/instrumentos-de-prueba-y-deteccion\/supercomprobador\/\" \/>\n<meta property=\"og:site_name\" content=\"Equipamentos de Manuten\u00e7\u00e3o e Seguran\u00e7a para o Setor El\u00e9trico - Ritz Brasil\" \/>\n<meta property=\"article:modified_time\" content=\"2026-02-25T19:47:59+00:00\" \/>\n<meta property=\"og:image\" content=\"https:\/\/www.ritzbrasil.com\/wp-content\/uploads\/2024\/10\/h1990-st-138-super-tester.jpg\" \/>\n\t<meta property=\"og:image:width\" content=\"1200\" \/>\n\t<meta property=\"og:image:height\" content=\"1200\" \/>\n\t<meta property=\"og:image:type\" content=\"image\/jpeg\" \/>\n<meta name=\"twitter:card\" content=\"summary_large_image\" \/>\n<meta name=\"twitter:label1\" content=\"Tiempo de lectura\" \/>\n\t<meta name=\"twitter:data1\" content=\"1 minuto\" \/>\n<script type=\"application\/ld+json\" class=\"yoast-schema-graph\">{\"@context\":\"https:\/\/schema.org\",\"@graph\":[{\"@type\":\"WebPage\",\"@id\":\"https:\/\/www.ritzbrasil.com\/es\/produtos\/instrumentos-de-prueba-y-deteccion\/supercomprobador\/\",\"url\":\"https:\/\/www.ritzbrasil.com\/es\/produtos\/instrumentos-de-prueba-y-deteccion\/supercomprobador\/\",\"name\":\"Supercomprobador\",\"isPartOf\":{\"@id\":\"https:\/\/www.ritzbrasil.com\/es\/#website\"},\"primaryImageOfPage\":{\"@id\":\"https:\/\/www.ritzbrasil.com\/es\/produtos\/instrumentos-de-prueba-y-deteccion\/supercomprobador\/#primaryimage\"},\"image\":{\"@id\":\"https:\/\/www.ritzbrasil.com\/es\/produtos\/instrumentos-de-prueba-y-deteccion\/supercomprobador\/#primaryimage\"},\"thumbnailUrl\":\"https:\/\/www.ritzbrasil.com\/wp-content\/uploads\/2024\/10\/h1990-st-138-super-tester.jpg\",\"datePublished\":\"2024-10-30T13:13:26+00:00\",\"dateModified\":\"2026-02-25T19:47:59+00:00\",\"description\":\"Supercomprobador de detecci\u00f3n de tensi\u00f3n de proximidad con bast\u00f3n de maniobra, proporciona se\u00f1ales visuales y ac\u00fasticas para una indicaci\u00f3n precisa y fiable.\",\"breadcrumb\":{\"@id\":\"https:\/\/www.ritzbrasil.com\/es\/produtos\/instrumentos-de-prueba-y-deteccion\/supercomprobador\/#breadcrumb\"},\"inLanguage\":\"es\",\"potentialAction\":[{\"@type\":\"ReadAction\",\"target\":[\"https:\/\/www.ritzbrasil.com\/es\/produtos\/instrumentos-de-prueba-y-deteccion\/supercomprobador\/\"]}]},{\"@type\":\"ImageObject\",\"inLanguage\":\"es\",\"@id\":\"https:\/\/www.ritzbrasil.com\/es\/produtos\/instrumentos-de-prueba-y-deteccion\/supercomprobador\/#primaryimage\",\"url\":\"https:\/\/www.ritzbrasil.com\/wp-content\/uploads\/2024\/10\/h1990-st-138-super-tester.jpg\",\"contentUrl\":\"https:\/\/www.ritzbrasil.com\/wp-content\/uploads\/2024\/10\/h1990-st-138-super-tester.jpg\",\"width\":1200,\"height\":1200,\"caption\":\"S\u00faper Comprobador H1990\/ST-138\"},{\"@type\":\"BreadcrumbList\",\"@id\":\"https:\/\/www.ritzbrasil.com\/es\/produtos\/instrumentos-de-prueba-y-deteccion\/supercomprobador\/#breadcrumb\",\"itemListElement\":[{\"@type\":\"ListItem\",\"position\":1,\"name\":\"In\u00edcio\",\"item\":\"https:\/\/www.ritzbrasil.com\/es\/\"},{\"@type\":\"ListItem\",\"position\":2,\"name\":\"Tienda\",\"item\":\"https:\/\/www.ritzbrasil.com\/es\/tienda\/\"},{\"@type\":\"ListItem\",\"position\":3,\"name\":\"Supercomprobador\"}]},{\"@type\":\"WebSite\",\"@id\":\"https:\/\/www.ritzbrasil.com\/es\/#website\",\"url\":\"https:\/\/www.ritzbrasil.com\/es\/\",\"name\":\"Equipamentos de Manuten\u00e7\u00e3o e Seguran\u00e7a para o Setor El\u00e9trico - Ritz Brasil\",\"description\":\"\",\"potentialAction\":[{\"@type\":\"SearchAction\",\"target\":{\"@type\":\"EntryPoint\",\"urlTemplate\":\"https:\/\/www.ritzbrasil.com\/es\/?s={search_term_string}\"},\"query-input\":{\"@type\":\"PropertyValueSpecification\",\"valueRequired\":true,\"valueName\":\"search_term_string\"}}],\"inLanguage\":\"es\"}]}<\/script>\n<!-- \/ Yoast SEO plugin. -->","yoast_head_json":{"title":"Supercomprobador","description":"Supercomprobador de detecci\u00f3n de tensi\u00f3n de proximidad con bast\u00f3n de maniobra, proporciona se\u00f1ales visuales y ac\u00fasticas para una indicaci\u00f3n precisa y fiable.","robots":{"index":"index","follow":"follow","max-snippet":"max-snippet:-1","max-image-preview":"max-image-preview:large","max-video-preview":"max-video-preview:-1"},"canonical":"https:\/\/www.ritzbrasil.com\/es\/produtos\/instrumentos-de-prueba-y-deteccion\/supercomprobador\/","og_locale":"es_ES","og_type":"article","og_title":"Supercomprobador","og_description":"Supercomprobador de detecci\u00f3n de tensi\u00f3n de proximidad con bast\u00f3n de maniobra, proporciona se\u00f1ales visuales y ac\u00fasticas para una indicaci\u00f3n precisa y fiable.","og_url":"https:\/\/www.ritzbrasil.com\/es\/produtos\/instrumentos-de-prueba-y-deteccion\/supercomprobador\/","og_site_name":"Equipamentos de Manuten\u00e7\u00e3o e Seguran\u00e7a para o Setor El\u00e9trico - Ritz Brasil","article_modified_time":"2026-02-25T19:47:59+00:00","og_image":[{"width":1200,"height":1200,"url":"https:\/\/www.ritzbrasil.com\/wp-content\/uploads\/2024\/10\/h1990-st-138-super-tester.jpg","type":"image\/jpeg"}],"twitter_card":"summary_large_image","twitter_misc":{"Tiempo de lectura":"1 minuto"},"schema":{"@context":"https:\/\/schema.org","@graph":[{"@type":"WebPage","@id":"https:\/\/www.ritzbrasil.com\/es\/produtos\/instrumentos-de-prueba-y-deteccion\/supercomprobador\/","url":"https:\/\/www.ritzbrasil.com\/es\/produtos\/instrumentos-de-prueba-y-deteccion\/supercomprobador\/","name":"Supercomprobador","isPartOf":{"@id":"https:\/\/www.ritzbrasil.com\/es\/#website"},"primaryImageOfPage":{"@id":"https:\/\/www.ritzbrasil.com\/es\/produtos\/instrumentos-de-prueba-y-deteccion\/supercomprobador\/#primaryimage"},"image":{"@id":"https:\/\/www.ritzbrasil.com\/es\/produtos\/instrumentos-de-prueba-y-deteccion\/supercomprobador\/#primaryimage"},"thumbnailUrl":"https:\/\/www.ritzbrasil.com\/wp-content\/uploads\/2024\/10\/h1990-st-138-super-tester.jpg","datePublished":"2024-10-30T13:13:26+00:00","dateModified":"2026-02-25T19:47:59+00:00","description":"Supercomprobador de detecci\u00f3n de tensi\u00f3n de proximidad con bast\u00f3n de maniobra, proporciona se\u00f1ales visuales y ac\u00fasticas para una indicaci\u00f3n precisa y fiable.","breadcrumb":{"@id":"https:\/\/www.ritzbrasil.com\/es\/produtos\/instrumentos-de-prueba-y-deteccion\/supercomprobador\/#breadcrumb"},"inLanguage":"es","potentialAction":[{"@type":"ReadAction","target":["https:\/\/www.ritzbrasil.com\/es\/produtos\/instrumentos-de-prueba-y-deteccion\/supercomprobador\/"]}]},{"@type":"ImageObject","inLanguage":"es","@id":"https:\/\/www.ritzbrasil.com\/es\/produtos\/instrumentos-de-prueba-y-deteccion\/supercomprobador\/#primaryimage","url":"https:\/\/www.ritzbrasil.com\/wp-content\/uploads\/2024\/10\/h1990-st-138-super-tester.jpg","contentUrl":"https:\/\/www.ritzbrasil.com\/wp-content\/uploads\/2024\/10\/h1990-st-138-super-tester.jpg","width":1200,"height":1200,"caption":"S\u00faper Comprobador H1990\/ST-138"},{"@type":"BreadcrumbList","@id":"https:\/\/www.ritzbrasil.com\/es\/produtos\/instrumentos-de-prueba-y-deteccion\/supercomprobador\/#breadcrumb","itemListElement":[{"@type":"ListItem","position":1,"name":"In\u00edcio","item":"https:\/\/www.ritzbrasil.com\/es\/"},{"@type":"ListItem","position":2,"name":"Tienda","item":"https:\/\/www.ritzbrasil.com\/es\/tienda\/"},{"@type":"ListItem","position":3,"name":"Supercomprobador"}]},{"@type":"WebSite","@id":"https:\/\/www.ritzbrasil.com\/es\/#website","url":"https:\/\/www.ritzbrasil.com\/es\/","name":"Equipamentos de Manuten\u00e7\u00e3o e Seguran\u00e7a para o Setor El\u00e9trico - Ritz Brasil","description":"","potentialAction":[{"@type":"SearchAction","target":{"@type":"EntryPoint","urlTemplate":"https:\/\/www.ritzbrasil.com\/es\/?s={search_term_string}"},"query-input":{"@type":"PropertyValueSpecification","valueRequired":true,"valueName":"search_term_string"}}],"inLanguage":"es"}]}},"_links":{"self":[{"href":"https:\/\/www.ritzbrasil.com\/es\/wp-json\/wp\/v2\/product\/60944","targetHints":{"allow":["GET"]}}],"collection":[{"href":"https:\/\/www.ritzbrasil.com\/es\/wp-json\/wp\/v2\/product"}],"about":[{"href":"https:\/\/www.ritzbrasil.com\/es\/wp-json\/wp\/v2\/types\/product"}],"wp:featuredmedia":[{"embeddable":true,"href":"https:\/\/www.ritzbrasil.com\/es\/wp-json\/wp\/v2\/media\/60015"}],"wp:attachment":[{"href":"https:\/\/www.ritzbrasil.com\/es\/wp-json\/wp\/v2\/media?parent=60944"}],"wp:term":[{"taxonomy":"product_brand","embeddable":true,"href":"https:\/\/www.ritzbrasil.com\/es\/wp-json\/wp\/v2\/product_brand?post=60944"},{"taxonomy":"product_cat","embeddable":true,"href":"https:\/\/www.ritzbrasil.com\/es\/wp-json\/wp\/v2\/product_cat?post=60944"},{"taxonomy":"product_tag","embeddable":true,"href":"https:\/\/www.ritzbrasil.com\/es\/wp-json\/wp\/v2\/product_tag?post=60944"}],"curies":[{"name":"wp","href":"https:\/\/api.w.org\/{rel}","templated":true}]}}