{"id":60942,"date":"2024-10-30T09:54:41","date_gmt":"2024-10-30T12:54:41","guid":{"rendered":"https:\/\/bisque-bison-688002.hostingersite.com\/produtos\/sin%20categor\u00eda\/comprobador-multiusos\/"},"modified":"2026-02-25T16:48:01","modified_gmt":"2026-02-25T19:48:01","slug":"comprobador-multiusos","status":"publish","type":"product","link":"https:\/\/www.ritzbrasil.com\/es\/produtos\/productos\/instrumentos-de-prueba-y-deteccion\/comprobador-multiusos\/","title":{"rendered":"Comprobador multiusos"},"content":{"rendered":"<div class=\"wpb-content-wrapper\"><p>[vc_row][vc_column][vc_column_text css=\u00bb.vc_custom_1730292775713{margin-top: 20px !important;}\u00bb]<\/p>\n<h4><span style=\"color: #ff9900;\"><strong>Comprobador multiusos<\/strong><\/span><\/h4>\n<p>[\/vc_column_text][vc_column_text css=\u00bb.vc_custom_1769433496307{margin-top: -20px !important;}\u00bb]\n<div id=\"tablepress-Multi-Uso-Tester-ES-scroll-wrapper\" class=\"tablepress-scroll-wrapper\">\n<table id=\"tablepress-Multi-Uso-Tester-ES\" class=\"tablepress tablepress-id-Multi-Uso-Tester-ES tablepress-responsive\">\n<thead>\n<tr class=\"row-1\">\n\t<td class=\"column-1\"><\/td><th class=\"column-2\">  Refer\u00eancias<\/th><th class=\"column-3\">Caracter\u00edstica<\/th><td class=\"column-4\"><\/td>\n<\/tr>\n<\/thead>\n<tbody class=\"row-striping row-hover\">\n<tr class=\"row-2\">\n\t<td class=\"column-1\"><img decoding=\"async\" src=\"https:\/\/www.ritzbrasil.com\/wp-content\/uploads\/2024\/10\/dmu-15-multi-uso-tester-150x150-1.jpg\" \/><\/td><td class=\"column-2\">DMU-15<\/td><td class=\"column-3\">con interruptor on\/off<\/td><td class=\"column-4\">    <button class=\"add-to-budget\" data-table-id=\"Multi-Uso-Tester\" data-reference=\"DMU-15\" data-description=\"Comprobador multiusos\" style=\"color:#ff4d00;\">\n        <img decoding=\"async\" src=\"https:\/\/www.ritzbrasil.com\/\/wp-content\/uploads\/2024\/07\/orcar-compras-tabela-new-1.png\" alt=\"Solicitar cotizaci\u00f3n\" title=\"Solicitar cotizaci\u00f3n\" \/>\n    <\/button>\n    <\/td>\n<\/tr>\n<tr class=\"row-3\">\n\t<td class=\"column-1\"><img decoding=\"async\" src=\"https:\/\/www.ritzbrasil.com\/wp-content\/uploads\/2024\/10\/dmu-25-multi-uso-tester-150x150-1.jpg\" \/><\/td><td class=\"column-2\">DMU-25<\/td><td class=\"column-3\">con interruptor on\/off<\/td><td class=\"column-4\">    <button class=\"add-to-budget\" data-table-id=\"Multi-Uso-Tester\" data-reference=\"DMU-25\" data-description=\"Comprobador multiusos\" style=\"color:#ff4d00;\">\n        <img decoding=\"async\" src=\"https:\/\/www.ritzbrasil.com\/\/wp-content\/uploads\/2024\/07\/orcar-compras-tabela-new-1.png\" alt=\"Solicitar cotizaci\u00f3n\" title=\"Solicitar cotizaci\u00f3n\" \/>\n    <\/button>\n    <\/td>\n<\/tr>\n<tr class=\"row-4\">\n\t<td class=\"column-1\"><img decoding=\"async\" src=\"https:\/\/www.ritzbrasil.com\/wp-content\/uploads\/2024\/10\/dmu-36-sb-multi-uso-tester-150x150-1.jpg\" \/><\/td><td class=\"column-2\">DMU-36\/SB<\/td><td class=\"column-3\">stand-by<\/td><td class=\"column-4\">    <button class=\"add-to-budget\" data-table-id=\"Multi-Uso-Tester\" data-reference=\"DMU-36\/SB\" data-description=\"Comprobador multiusos\" style=\"color:#ff4d00;\">\n        <img decoding=\"async\" src=\"https:\/\/www.ritzbrasil.com\/\/wp-content\/uploads\/2024\/07\/orcar-compras-tabela-new-1.png\" alt=\"Solicitar cotizaci\u00f3n\" title=\"Solicitar cotizaci\u00f3n\" \/>\n    <\/button>\n    <\/td>\n<\/tr>\n<\/tbody>\n<\/table>\n<\/div>\n[\/vc_column_text][vc_separator border_width=\u00bb2&#8243; css=\u00bb\u00bb][\/vc_column][\/vc_row]<\/p>\n<\/div>","protected":false},"excerpt":{"rendered":"<h4><span style=\"color: #ff9900;\">Comprobador multiusos<\/span><\/h4>\n<p>Dise\u00f1ado para detectar con fiabilidad la presencia de tensi\u00f3n tanto por contacto como por aproximaci\u00f3n en instalaciones el\u00e9ctricas de corriente alterna con conductores no apantallados. Es ideal para su uso en l\u00edneas de distribuci\u00f3n, subestaciones y celdas.<\/p>\n","protected":false},"featured_media":60005,"template":"","meta":[],"product_brand":[],"product_cat":[1669],"product_tag":[1925,1926,1927],"class_list":{"0":"post-60942","1":"product","2":"type-product","3":"status-publish","4":"has-post-thumbnail","6":"product_cat-instrumentos-de-prueba-y-deteccion","7":"product_tag-dmu-15-es","8":"product_tag-dmu-25-es","9":"product_tag-dmu-36-sb-es","10":"description-off","12":"first","13":"instock","14":"virtual","15":"product-type-simple"},"yoast_head":"<!-- This site is optimized with the Yoast SEO plugin v27.1.1 - https:\/\/yoast.com\/product\/yoast-seo-wordpress\/ -->\n<title>Comprobador multiusos<\/title>\n<meta name=\"description\" content=\"Comprobador multiuso para la detecci\u00f3n segura de tensi\u00f3n por contacto o proximidad en instalaciones de corriente alterna, ideal para l\u00edneas de distribuci\u00f3n y subestaciones.\" \/>\n<meta name=\"robots\" content=\"index, follow, max-snippet:-1, max-image-preview:large, max-video-preview:-1\" \/>\n<link rel=\"canonical\" href=\"https:\/\/www.ritzbrasil.com\/es\/produtos\/productos\/instrumentos-de-prueba-y-deteccion\/comprobador-multiusos\/\" \/>\n<meta property=\"og:locale\" content=\"es_ES\" \/>\n<meta property=\"og:type\" content=\"article\" \/>\n<meta property=\"og:title\" content=\"Comprobador multiusos\" \/>\n<meta property=\"og:description\" content=\"Comprobador multiuso para la detecci\u00f3n segura de tensi\u00f3n por contacto o proximidad en instalaciones de corriente alterna, ideal para l\u00edneas de distribuci\u00f3n y subestaciones.\" \/>\n<meta property=\"og:url\" content=\"https:\/\/www.ritzbrasil.com\/es\/produtos\/productos\/instrumentos-de-prueba-y-deteccion\/comprobador-multiusos\/\" \/>\n<meta property=\"og:site_name\" content=\"Equipamentos de Manuten\u00e7\u00e3o e Seguran\u00e7a para o Setor El\u00e9trico - Ritz Brasil\" \/>\n<meta property=\"article:modified_time\" content=\"2026-02-25T19:48:01+00:00\" \/>\n<meta property=\"og:image\" content=\"https:\/\/www.ritzbrasil.com\/wp-content\/uploads\/2024\/10\/dmu-15-multi-uso-tester.jpg\" \/>\n\t<meta property=\"og:image:width\" content=\"1200\" \/>\n\t<meta property=\"og:image:height\" content=\"1200\" \/>\n\t<meta property=\"og:image:type\" content=\"image\/jpeg\" \/>\n<meta name=\"twitter:card\" content=\"summary_large_image\" \/>\n<meta name=\"twitter:label1\" content=\"Tiempo de lectura\" \/>\n\t<meta name=\"twitter:data1\" content=\"1 minuto\" \/>\n<script type=\"application\/ld+json\" class=\"yoast-schema-graph\">{\"@context\":\"https:\/\/schema.org\",\"@graph\":[{\"@type\":\"WebPage\",\"@id\":\"https:\/\/www.ritzbrasil.com\/es\/produtos\/productos\/instrumentos-de-prueba-y-deteccion\/comprobador-multiusos\/\",\"url\":\"https:\/\/www.ritzbrasil.com\/es\/produtos\/productos\/instrumentos-de-prueba-y-deteccion\/comprobador-multiusos\/\",\"name\":\"Comprobador multiusos\",\"isPartOf\":{\"@id\":\"https:\/\/www.ritzbrasil.com\/es\/#website\"},\"primaryImageOfPage\":{\"@id\":\"https:\/\/www.ritzbrasil.com\/es\/produtos\/productos\/instrumentos-de-prueba-y-deteccion\/comprobador-multiusos\/#primaryimage\"},\"image\":{\"@id\":\"https:\/\/www.ritzbrasil.com\/es\/produtos\/productos\/instrumentos-de-prueba-y-deteccion\/comprobador-multiusos\/#primaryimage\"},\"thumbnailUrl\":\"https:\/\/www.ritzbrasil.com\/wp-content\/uploads\/2024\/10\/dmu-15-multi-uso-tester.jpg\",\"datePublished\":\"2024-10-30T12:54:41+00:00\",\"dateModified\":\"2026-02-25T19:48:01+00:00\",\"description\":\"Comprobador multiuso para la detecci\u00f3n segura de tensi\u00f3n por contacto o proximidad en instalaciones de corriente alterna, ideal para l\u00edneas de distribuci\u00f3n y subestaciones.\",\"breadcrumb\":{\"@id\":\"https:\/\/www.ritzbrasil.com\/es\/produtos\/productos\/instrumentos-de-prueba-y-deteccion\/comprobador-multiusos\/#breadcrumb\"},\"inLanguage\":\"es\",\"potentialAction\":[{\"@type\":\"ReadAction\",\"target\":[\"https:\/\/www.ritzbrasil.com\/es\/produtos\/productos\/instrumentos-de-prueba-y-deteccion\/comprobador-multiusos\/\"]}]},{\"@type\":\"ImageObject\",\"inLanguage\":\"es\",\"@id\":\"https:\/\/www.ritzbrasil.com\/es\/produtos\/productos\/instrumentos-de-prueba-y-deteccion\/comprobador-multiusos\/#primaryimage\",\"url\":\"https:\/\/www.ritzbrasil.com\/wp-content\/uploads\/2024\/10\/dmu-15-multi-uso-tester.jpg\",\"contentUrl\":\"https:\/\/www.ritzbrasil.com\/wp-content\/uploads\/2024\/10\/dmu-15-multi-uso-tester.jpg\",\"width\":1200,\"height\":1200,\"caption\":\"Comprobador multiusos DMU-15\"},{\"@type\":\"BreadcrumbList\",\"@id\":\"https:\/\/www.ritzbrasil.com\/es\/produtos\/productos\/instrumentos-de-prueba-y-deteccion\/comprobador-multiusos\/#breadcrumb\",\"itemListElement\":[{\"@type\":\"ListItem\",\"position\":1,\"name\":\"In\u00edcio\",\"item\":\"https:\/\/www.ritzbrasil.com\/es\/\"},{\"@type\":\"ListItem\",\"position\":2,\"name\":\"Tienda\",\"item\":\"https:\/\/www.ritzbrasil.com\/es\/tienda\/\"},{\"@type\":\"ListItem\",\"position\":3,\"name\":\"Comprobador multiusos\"}]},{\"@type\":\"WebSite\",\"@id\":\"https:\/\/www.ritzbrasil.com\/es\/#website\",\"url\":\"https:\/\/www.ritzbrasil.com\/es\/\",\"name\":\"Equipamentos de Manuten\u00e7\u00e3o e Seguran\u00e7a para o Setor El\u00e9trico - Ritz Brasil\",\"description\":\"\",\"potentialAction\":[{\"@type\":\"SearchAction\",\"target\":{\"@type\":\"EntryPoint\",\"urlTemplate\":\"https:\/\/www.ritzbrasil.com\/es\/?s={search_term_string}\"},\"query-input\":{\"@type\":\"PropertyValueSpecification\",\"valueRequired\":true,\"valueName\":\"search_term_string\"}}],\"inLanguage\":\"es\"}]}<\/script>\n<!-- \/ Yoast SEO plugin. -->","yoast_head_json":{"title":"Comprobador multiusos","description":"Comprobador multiuso para la detecci\u00f3n segura de tensi\u00f3n por contacto o proximidad en instalaciones de corriente alterna, ideal para l\u00edneas de distribuci\u00f3n y subestaciones.","robots":{"index":"index","follow":"follow","max-snippet":"max-snippet:-1","max-image-preview":"max-image-preview:large","max-video-preview":"max-video-preview:-1"},"canonical":"https:\/\/www.ritzbrasil.com\/es\/produtos\/productos\/instrumentos-de-prueba-y-deteccion\/comprobador-multiusos\/","og_locale":"es_ES","og_type":"article","og_title":"Comprobador multiusos","og_description":"Comprobador multiuso para la detecci\u00f3n segura de tensi\u00f3n por contacto o proximidad en instalaciones de corriente alterna, ideal para l\u00edneas de distribuci\u00f3n y subestaciones.","og_url":"https:\/\/www.ritzbrasil.com\/es\/produtos\/productos\/instrumentos-de-prueba-y-deteccion\/comprobador-multiusos\/","og_site_name":"Equipamentos de Manuten\u00e7\u00e3o e Seguran\u00e7a para o Setor El\u00e9trico - Ritz Brasil","article_modified_time":"2026-02-25T19:48:01+00:00","og_image":[{"width":1200,"height":1200,"url":"https:\/\/www.ritzbrasil.com\/wp-content\/uploads\/2024\/10\/dmu-15-multi-uso-tester.jpg","type":"image\/jpeg"}],"twitter_card":"summary_large_image","twitter_misc":{"Tiempo de lectura":"1 minuto"},"schema":{"@context":"https:\/\/schema.org","@graph":[{"@type":"WebPage","@id":"https:\/\/www.ritzbrasil.com\/es\/produtos\/productos\/instrumentos-de-prueba-y-deteccion\/comprobador-multiusos\/","url":"https:\/\/www.ritzbrasil.com\/es\/produtos\/productos\/instrumentos-de-prueba-y-deteccion\/comprobador-multiusos\/","name":"Comprobador multiusos","isPartOf":{"@id":"https:\/\/www.ritzbrasil.com\/es\/#website"},"primaryImageOfPage":{"@id":"https:\/\/www.ritzbrasil.com\/es\/produtos\/productos\/instrumentos-de-prueba-y-deteccion\/comprobador-multiusos\/#primaryimage"},"image":{"@id":"https:\/\/www.ritzbrasil.com\/es\/produtos\/productos\/instrumentos-de-prueba-y-deteccion\/comprobador-multiusos\/#primaryimage"},"thumbnailUrl":"https:\/\/www.ritzbrasil.com\/wp-content\/uploads\/2024\/10\/dmu-15-multi-uso-tester.jpg","datePublished":"2024-10-30T12:54:41+00:00","dateModified":"2026-02-25T19:48:01+00:00","description":"Comprobador multiuso para la detecci\u00f3n segura de tensi\u00f3n por contacto o proximidad en instalaciones de corriente alterna, ideal para l\u00edneas de distribuci\u00f3n y subestaciones.","breadcrumb":{"@id":"https:\/\/www.ritzbrasil.com\/es\/produtos\/productos\/instrumentos-de-prueba-y-deteccion\/comprobador-multiusos\/#breadcrumb"},"inLanguage":"es","potentialAction":[{"@type":"ReadAction","target":["https:\/\/www.ritzbrasil.com\/es\/produtos\/productos\/instrumentos-de-prueba-y-deteccion\/comprobador-multiusos\/"]}]},{"@type":"ImageObject","inLanguage":"es","@id":"https:\/\/www.ritzbrasil.com\/es\/produtos\/productos\/instrumentos-de-prueba-y-deteccion\/comprobador-multiusos\/#primaryimage","url":"https:\/\/www.ritzbrasil.com\/wp-content\/uploads\/2024\/10\/dmu-15-multi-uso-tester.jpg","contentUrl":"https:\/\/www.ritzbrasil.com\/wp-content\/uploads\/2024\/10\/dmu-15-multi-uso-tester.jpg","width":1200,"height":1200,"caption":"Comprobador multiusos DMU-15"},{"@type":"BreadcrumbList","@id":"https:\/\/www.ritzbrasil.com\/es\/produtos\/productos\/instrumentos-de-prueba-y-deteccion\/comprobador-multiusos\/#breadcrumb","itemListElement":[{"@type":"ListItem","position":1,"name":"In\u00edcio","item":"https:\/\/www.ritzbrasil.com\/es\/"},{"@type":"ListItem","position":2,"name":"Tienda","item":"https:\/\/www.ritzbrasil.com\/es\/tienda\/"},{"@type":"ListItem","position":3,"name":"Comprobador multiusos"}]},{"@type":"WebSite","@id":"https:\/\/www.ritzbrasil.com\/es\/#website","url":"https:\/\/www.ritzbrasil.com\/es\/","name":"Equipamentos de Manuten\u00e7\u00e3o e Seguran\u00e7a para o Setor El\u00e9trico - Ritz Brasil","description":"","potentialAction":[{"@type":"SearchAction","target":{"@type":"EntryPoint","urlTemplate":"https:\/\/www.ritzbrasil.com\/es\/?s={search_term_string}"},"query-input":{"@type":"PropertyValueSpecification","valueRequired":true,"valueName":"search_term_string"}}],"inLanguage":"es"}]}},"_links":{"self":[{"href":"https:\/\/www.ritzbrasil.com\/es\/wp-json\/wp\/v2\/product\/60942","targetHints":{"allow":["GET"]}}],"collection":[{"href":"https:\/\/www.ritzbrasil.com\/es\/wp-json\/wp\/v2\/product"}],"about":[{"href":"https:\/\/www.ritzbrasil.com\/es\/wp-json\/wp\/v2\/types\/product"}],"wp:featuredmedia":[{"embeddable":true,"href":"https:\/\/www.ritzbrasil.com\/es\/wp-json\/wp\/v2\/media\/60005"}],"wp:attachment":[{"href":"https:\/\/www.ritzbrasil.com\/es\/wp-json\/wp\/v2\/media?parent=60942"}],"wp:term":[{"taxonomy":"product_brand","embeddable":true,"href":"https:\/\/www.ritzbrasil.com\/es\/wp-json\/wp\/v2\/product_brand?post=60942"},{"taxonomy":"product_cat","embeddable":true,"href":"https:\/\/www.ritzbrasil.com\/es\/wp-json\/wp\/v2\/product_cat?post=60942"},{"taxonomy":"product_tag","embeddable":true,"href":"https:\/\/www.ritzbrasil.com\/es\/wp-json\/wp\/v2\/product_tag?post=60942"}],"curies":[{"name":"wp","href":"https:\/\/api.w.org\/{rel}","templated":true}]}}