{"id":60910,"date":"2024-10-31T08:40:52","date_gmt":"2024-10-31T11:40:52","guid":{"rendered":"https:\/\/bisque-bison-688002.hostingersite.com\/produtos\/sin%20categor\u00eda\/abrazadera-protegida\/"},"modified":"2026-02-25T16:47:26","modified_gmt":"2026-02-25T19:47:26","slug":"abrazadera-protegida","status":"publish","type":"product","link":"https:\/\/www.ritzbrasil.com\/es\/produtos\/productos\/puentes-temporales\/abrazadera-protegida\/","title":{"rendered":"Abrazadera protegida"},"content":{"rendered":"<div class=\"wpb-content-wrapper\"><p>[vc_row][vc_column][vc_column_text css=\u00bb.vc_custom_1730374331824{margin-top: 20px !important;}\u00bb]<\/p>\n<h4><span style=\"color: #ff9900;\"><strong>Abrazadera protegida<\/strong><\/span><\/h4>\n<p>[\/vc_column_text][vc_column_text css=\u00bb.vc_custom_1765282825004{margin-top: -20px !important;}\u00bb]\n<div id=\"tablepress-Grampo-Protegido-ES-scroll-wrapper\" class=\"tablepress-scroll-wrapper\">\n<table id=\"tablepress-Grampo-Protegido-ES\" class=\"tablepress tablepress-id-Grampo-Protegido-ES tablepress-responsive\">\n<thead>\n<tr class=\"row-1\">\n\t<td class=\"column-1\"><\/td><th class=\"column-2\">  Referencias<\/th><th class=\"column-3\">Caracter\u00edstica<\/th><td class=\"column-4\"><\/td>\n<\/tr>\n<\/thead>\n<tbody class=\"row-striping row-hover\">\n<tr class=\"row-2\">\n\t<td class=\"column-1\"><img decoding=\"async\" src=\"https:\/\/www.ritzbrasil.com\/wp-content\/uploads\/2024\/10\/rt601-0039-grampo-protegido-150x150-1.jpg\" \/><\/td><td class=\"column-2\">RT601-0039<\/td><td class=\"column-3\">Con protecci\u00f3n aislante de poliestireno naranja<\/td><td class=\"column-4\">    <button class=\"add-to-budget\" data-table-id=\"Grampo-Protegido\" data-reference=\"RT601-0039\" data-description=\"Abrazadera protegida\" style=\"color:#ff4d00;\">\n        <img decoding=\"async\" src=\"https:\/\/www.ritzbrasil.com\/\/wp-content\/uploads\/2024\/07\/orcar-compras-tabela-new-1.png\" alt=\"Solicitar cotizaci\u00f3n\" title=\"Solicitar cotizaci\u00f3n\" \/>\n    <\/button>\n    <\/td>\n<\/tr>\n<tr class=\"row-3\">\n\t<td class=\"column-1\"><img decoding=\"async\" src=\"https:\/\/www.ritzbrasil.com\/wp-content\/uploads\/2024\/10\/flv30339-2-grampo-protegido-150x150-1.jpg\" \/><\/td><td class=\"column-2\">FLV30339-2<\/td><td class=\"column-3\">Con protecci\u00f3n aislante de poliestireno naranja<\/td><td class=\"column-4\">    <button class=\"add-to-budget\" data-table-id=\"Grampo-Protegido\" data-reference=\"FLV30339-2\" data-description=\"Abrazadera protegida\" style=\"color:#ff4d00;\">\n        <img decoding=\"async\" src=\"https:\/\/www.ritzbrasil.com\/\/wp-content\/uploads\/2024\/07\/orcar-compras-tabela-new-1.png\" alt=\"Solicitar cotizaci\u00f3n\" title=\"Solicitar cotizaci\u00f3n\" \/>\n    <\/button>\n    <\/td>\n<\/tr>\n<tr class=\"row-4\">\n\t<td class=\"column-1\"><img decoding=\"async\" src=\"https:\/\/www.ritzbrasil.com\/wp-content\/uploads\/2024\/10\/flv30339-1-grampo-protegido-150x150-1.jpg\" \/><\/td><td class=\"column-2\">FLV30339-1<\/td><td class=\"column-3\">Con protecci\u00f3n aislante de policarbonato transparente<\/td><td class=\"column-4\">    <button class=\"add-to-budget\" data-table-id=\"Grampo-Protegido\" data-reference=\"FLV30339-1\" data-description=\"Abrazadera protegida\" style=\"color:#ff4d00;\">\n        <img decoding=\"async\" src=\"https:\/\/www.ritzbrasil.com\/\/wp-content\/uploads\/2024\/07\/orcar-compras-tabela-new-1.png\" alt=\"Solicitar cotizaci\u00f3n\" title=\"Solicitar cotizaci\u00f3n\" \/>\n    <\/button>\n    <\/td>\n<\/tr>\n<\/tbody>\n<\/table>\n<\/div>\n[\/vc_column_text][vc_separator border_width=\u00bb2&#8243; css=\u00bb\u00bb][\/vc_column][\/vc_row]<\/p>\n<\/div>","protected":false},"excerpt":{"rendered":"<h4><span style=\"color: #ff9900;\">Pinza<\/span><span style=\"color: #ff9900;\"> Protegido <\/span><\/h4>\n<p>Adecuada para trabajar en instalaciones energizadas de hasta 36 kV, utilizando el m\u00e9todo de contacto. Su conexi\u00f3n el\u00e9ctrica al conductor se realiza girando manualmente la pinza para cerrarla y abrirla, lo que la sujetar\u00e1 con firmeza y seguridad al conductor.<\/p>\n<p>Se conecta al cable puente mediante un terminal de cobre, que debes adquirir por separado.<\/p>\n<p>El cuerpo de la pinza es de protecci\u00f3n termopl\u00e1stica transparente o naranja y las mordazas son de aleaci\u00f3n de bronce.<br \/>\nEsta herramienta puede utilizarse con calibres de cable de 2 AWG a 4\/0 AWG.<\/p>\n<p><span style=\"color: #ff6600;\"><strong>|<\/strong><\/span> Capacidad nominal de transporte de corriente: 400 A.<\/p>\n","protected":false},"featured_media":60101,"template":"","meta":[],"product_brand":[],"product_cat":[1677],"product_tag":[1844,1843,1842],"class_list":{"0":"post-60910","1":"product","2":"type-product","3":"status-publish","4":"has-post-thumbnail","6":"product_cat-puentes-temporales","7":"product_tag-flv30339-1-es","8":"product_tag-flv30339-2-es","9":"product_tag-rt601-0039-es","10":"description-off","12":"first","13":"instock","14":"virtual","15":"product-type-simple"},"yoast_head":"<!-- This site is optimized with the Yoast SEO plugin v27.1.1 - https:\/\/yoast.com\/product\/yoast-seo-wordpress\/ -->\n<title>Abrazadera protegida<\/title>\n<meta name=\"description\" content=\"Pinza protegida para instalaciones energizadas de hasta 36 kV, con mordazas de bronce, cuerpo termopl\u00e1stico y compatible con cables de 2 AWG a 4\/0 AWG\" \/>\n<meta name=\"robots\" content=\"index, follow, max-snippet:-1, max-image-preview:large, max-video-preview:-1\" \/>\n<link rel=\"canonical\" href=\"https:\/\/www.ritzbrasil.com\/es\/produtos\/productos\/puentes-temporales\/abrazadera-protegida\/\" \/>\n<meta property=\"og:locale\" content=\"es_ES\" \/>\n<meta property=\"og:type\" content=\"article\" \/>\n<meta property=\"og:title\" content=\"Abrazadera protegida\" \/>\n<meta property=\"og:description\" content=\"Pinza protegida para instalaciones energizadas de hasta 36 kV, con mordazas de bronce, cuerpo termopl\u00e1stico y compatible con cables de 2 AWG a 4\/0 AWG\" \/>\n<meta property=\"og:url\" content=\"https:\/\/www.ritzbrasil.com\/es\/produtos\/productos\/puentes-temporales\/abrazadera-protegida\/\" \/>\n<meta property=\"og:site_name\" content=\"Equipamentos de Manuten\u00e7\u00e3o e Seguran\u00e7a para o Setor El\u00e9trico - Ritz Brasil\" \/>\n<meta property=\"article:modified_time\" content=\"2026-02-25T19:47:26+00:00\" \/>\n<meta property=\"og:image\" content=\"https:\/\/www.ritzbrasil.com\/wp-content\/uploads\/2024\/10\/rt601-0039-grampo-protegido.jpg\" \/>\n\t<meta property=\"og:image:width\" content=\"1200\" \/>\n\t<meta property=\"og:image:height\" content=\"1200\" \/>\n\t<meta property=\"og:image:type\" content=\"image\/jpeg\" \/>\n<meta name=\"twitter:card\" content=\"summary_large_image\" \/>\n<meta name=\"twitter:label1\" content=\"Tiempo de lectura\" \/>\n\t<meta name=\"twitter:data1\" content=\"1 minuto\" \/>\n<script type=\"application\/ld+json\" class=\"yoast-schema-graph\">{\"@context\":\"https:\/\/schema.org\",\"@graph\":[{\"@type\":\"WebPage\",\"@id\":\"https:\/\/www.ritzbrasil.com\/es\/produtos\/productos\/puentes-temporales\/abrazadera-protegida\/\",\"url\":\"https:\/\/www.ritzbrasil.com\/es\/produtos\/productos\/puentes-temporales\/abrazadera-protegida\/\",\"name\":\"Abrazadera protegida\",\"isPartOf\":{\"@id\":\"https:\/\/www.ritzbrasil.com\/es\/#website\"},\"primaryImageOfPage\":{\"@id\":\"https:\/\/www.ritzbrasil.com\/es\/produtos\/productos\/puentes-temporales\/abrazadera-protegida\/#primaryimage\"},\"image\":{\"@id\":\"https:\/\/www.ritzbrasil.com\/es\/produtos\/productos\/puentes-temporales\/abrazadera-protegida\/#primaryimage\"},\"thumbnailUrl\":\"https:\/\/www.ritzbrasil.com\/wp-content\/uploads\/2024\/10\/rt601-0039-grampo-protegido.jpg\",\"datePublished\":\"2024-10-31T11:40:52+00:00\",\"dateModified\":\"2026-02-25T19:47:26+00:00\",\"description\":\"Pinza protegida para instalaciones energizadas de hasta 36 kV, con mordazas de bronce, cuerpo termopl\u00e1stico y compatible con cables de 2 AWG a 4\/0 AWG\",\"breadcrumb\":{\"@id\":\"https:\/\/www.ritzbrasil.com\/es\/produtos\/productos\/puentes-temporales\/abrazadera-protegida\/#breadcrumb\"},\"inLanguage\":\"es\",\"potentialAction\":[{\"@type\":\"ReadAction\",\"target\":[\"https:\/\/www.ritzbrasil.com\/es\/produtos\/productos\/puentes-temporales\/abrazadera-protegida\/\"]}]},{\"@type\":\"ImageObject\",\"inLanguage\":\"es\",\"@id\":\"https:\/\/www.ritzbrasil.com\/es\/produtos\/productos\/puentes-temporales\/abrazadera-protegida\/#primaryimage\",\"url\":\"https:\/\/www.ritzbrasil.com\/wp-content\/uploads\/2024\/10\/rt601-0039-grampo-protegido.jpg\",\"contentUrl\":\"https:\/\/www.ritzbrasil.com\/wp-content\/uploads\/2024\/10\/rt601-0039-grampo-protegido.jpg\",\"width\":1200,\"height\":1200,\"caption\":\"RT601-0039 Pinza protegida\"},{\"@type\":\"BreadcrumbList\",\"@id\":\"https:\/\/www.ritzbrasil.com\/es\/produtos\/productos\/puentes-temporales\/abrazadera-protegida\/#breadcrumb\",\"itemListElement\":[{\"@type\":\"ListItem\",\"position\":1,\"name\":\"In\u00edcio\",\"item\":\"https:\/\/www.ritzbrasil.com\/es\/\"},{\"@type\":\"ListItem\",\"position\":2,\"name\":\"Tienda\",\"item\":\"https:\/\/www.ritzbrasil.com\/es\/tienda\/\"},{\"@type\":\"ListItem\",\"position\":3,\"name\":\"Abrazadera protegida\"}]},{\"@type\":\"WebSite\",\"@id\":\"https:\/\/www.ritzbrasil.com\/es\/#website\",\"url\":\"https:\/\/www.ritzbrasil.com\/es\/\",\"name\":\"Equipamentos de Manuten\u00e7\u00e3o e Seguran\u00e7a para o Setor El\u00e9trico - Ritz Brasil\",\"description\":\"\",\"potentialAction\":[{\"@type\":\"SearchAction\",\"target\":{\"@type\":\"EntryPoint\",\"urlTemplate\":\"https:\/\/www.ritzbrasil.com\/es\/?s={search_term_string}\"},\"query-input\":{\"@type\":\"PropertyValueSpecification\",\"valueRequired\":true,\"valueName\":\"search_term_string\"}}],\"inLanguage\":\"es\"}]}<\/script>\n<!-- \/ Yoast SEO plugin. -->","yoast_head_json":{"title":"Abrazadera protegida","description":"Pinza protegida para instalaciones energizadas de hasta 36 kV, con mordazas de bronce, cuerpo termopl\u00e1stico y compatible con cables de 2 AWG a 4\/0 AWG","robots":{"index":"index","follow":"follow","max-snippet":"max-snippet:-1","max-image-preview":"max-image-preview:large","max-video-preview":"max-video-preview:-1"},"canonical":"https:\/\/www.ritzbrasil.com\/es\/produtos\/productos\/puentes-temporales\/abrazadera-protegida\/","og_locale":"es_ES","og_type":"article","og_title":"Abrazadera protegida","og_description":"Pinza protegida para instalaciones energizadas de hasta 36 kV, con mordazas de bronce, cuerpo termopl\u00e1stico y compatible con cables de 2 AWG a 4\/0 AWG","og_url":"https:\/\/www.ritzbrasil.com\/es\/produtos\/productos\/puentes-temporales\/abrazadera-protegida\/","og_site_name":"Equipamentos de Manuten\u00e7\u00e3o e Seguran\u00e7a para o Setor El\u00e9trico - Ritz Brasil","article_modified_time":"2026-02-25T19:47:26+00:00","og_image":[{"width":1200,"height":1200,"url":"https:\/\/www.ritzbrasil.com\/wp-content\/uploads\/2024\/10\/rt601-0039-grampo-protegido.jpg","type":"image\/jpeg"}],"twitter_card":"summary_large_image","twitter_misc":{"Tiempo de lectura":"1 minuto"},"schema":{"@context":"https:\/\/schema.org","@graph":[{"@type":"WebPage","@id":"https:\/\/www.ritzbrasil.com\/es\/produtos\/productos\/puentes-temporales\/abrazadera-protegida\/","url":"https:\/\/www.ritzbrasil.com\/es\/produtos\/productos\/puentes-temporales\/abrazadera-protegida\/","name":"Abrazadera protegida","isPartOf":{"@id":"https:\/\/www.ritzbrasil.com\/es\/#website"},"primaryImageOfPage":{"@id":"https:\/\/www.ritzbrasil.com\/es\/produtos\/productos\/puentes-temporales\/abrazadera-protegida\/#primaryimage"},"image":{"@id":"https:\/\/www.ritzbrasil.com\/es\/produtos\/productos\/puentes-temporales\/abrazadera-protegida\/#primaryimage"},"thumbnailUrl":"https:\/\/www.ritzbrasil.com\/wp-content\/uploads\/2024\/10\/rt601-0039-grampo-protegido.jpg","datePublished":"2024-10-31T11:40:52+00:00","dateModified":"2026-02-25T19:47:26+00:00","description":"Pinza protegida para instalaciones energizadas de hasta 36 kV, con mordazas de bronce, cuerpo termopl\u00e1stico y compatible con cables de 2 AWG a 4\/0 AWG","breadcrumb":{"@id":"https:\/\/www.ritzbrasil.com\/es\/produtos\/productos\/puentes-temporales\/abrazadera-protegida\/#breadcrumb"},"inLanguage":"es","potentialAction":[{"@type":"ReadAction","target":["https:\/\/www.ritzbrasil.com\/es\/produtos\/productos\/puentes-temporales\/abrazadera-protegida\/"]}]},{"@type":"ImageObject","inLanguage":"es","@id":"https:\/\/www.ritzbrasil.com\/es\/produtos\/productos\/puentes-temporales\/abrazadera-protegida\/#primaryimage","url":"https:\/\/www.ritzbrasil.com\/wp-content\/uploads\/2024\/10\/rt601-0039-grampo-protegido.jpg","contentUrl":"https:\/\/www.ritzbrasil.com\/wp-content\/uploads\/2024\/10\/rt601-0039-grampo-protegido.jpg","width":1200,"height":1200,"caption":"RT601-0039 Pinza protegida"},{"@type":"BreadcrumbList","@id":"https:\/\/www.ritzbrasil.com\/es\/produtos\/productos\/puentes-temporales\/abrazadera-protegida\/#breadcrumb","itemListElement":[{"@type":"ListItem","position":1,"name":"In\u00edcio","item":"https:\/\/www.ritzbrasil.com\/es\/"},{"@type":"ListItem","position":2,"name":"Tienda","item":"https:\/\/www.ritzbrasil.com\/es\/tienda\/"},{"@type":"ListItem","position":3,"name":"Abrazadera protegida"}]},{"@type":"WebSite","@id":"https:\/\/www.ritzbrasil.com\/es\/#website","url":"https:\/\/www.ritzbrasil.com\/es\/","name":"Equipamentos de Manuten\u00e7\u00e3o e Seguran\u00e7a para o Setor El\u00e9trico - Ritz Brasil","description":"","potentialAction":[{"@type":"SearchAction","target":{"@type":"EntryPoint","urlTemplate":"https:\/\/www.ritzbrasil.com\/es\/?s={search_term_string}"},"query-input":{"@type":"PropertyValueSpecification","valueRequired":true,"valueName":"search_term_string"}}],"inLanguage":"es"}]}},"_links":{"self":[{"href":"https:\/\/www.ritzbrasil.com\/es\/wp-json\/wp\/v2\/product\/60910","targetHints":{"allow":["GET"]}}],"collection":[{"href":"https:\/\/www.ritzbrasil.com\/es\/wp-json\/wp\/v2\/product"}],"about":[{"href":"https:\/\/www.ritzbrasil.com\/es\/wp-json\/wp\/v2\/types\/product"}],"wp:featuredmedia":[{"embeddable":true,"href":"https:\/\/www.ritzbrasil.com\/es\/wp-json\/wp\/v2\/media\/60101"}],"wp:attachment":[{"href":"https:\/\/www.ritzbrasil.com\/es\/wp-json\/wp\/v2\/media?parent=60910"}],"wp:term":[{"taxonomy":"product_brand","embeddable":true,"href":"https:\/\/www.ritzbrasil.com\/es\/wp-json\/wp\/v2\/product_brand?post=60910"},{"taxonomy":"product_cat","embeddable":true,"href":"https:\/\/www.ritzbrasil.com\/es\/wp-json\/wp\/v2\/product_cat?post=60910"},{"taxonomy":"product_tag","embeddable":true,"href":"https:\/\/www.ritzbrasil.com\/es\/wp-json\/wp\/v2\/product_tag?post=60910"}],"curies":[{"name":"wp","href":"https:\/\/api.w.org\/{rel}","templated":true}]}}