{"id":60904,"date":"2024-11-05T07:22:35","date_gmt":"2024-11-05T10:22:35","guid":{"rendered":"https:\/\/bisque-bison-688002.hostingersite.com\/produtos\/sin%20categor\u00eda\/dispositivo-temporal-de-proteccion-de-puentes\/"},"modified":"2026-02-25T16:46:44","modified_gmt":"2026-02-25T19:46:44","slug":"dispositivo-temporal-de-proteccion-de-puentes","status":"publish","type":"product","link":"https:\/\/www.ritzbrasil.com\/es\/produtos\/productos\/puentes-temporales\/dispositivo-temporal-de-proteccion-de-puentes\/","title":{"rendered":"Dispositivo Temporal de Protecci\u00f3n de Puentes"},"content":{"rendered":"<div class=\"wpb-content-wrapper\"><p>[vc_row][vc_column][vc_column_text css=\u00bb.vc_custom_1730802247629{margin-top: 20px !important;}\u00bb]<\/p>\n<h4><span style=\"color: #ff9900;\"><strong>Dispositivo Temporal de Protecci\u00f3n de Puentes<\/strong><\/span><\/h4>\n<p>[\/vc_column_text][vc_column_text css=\u00bb.vc_custom_1759841471077{margin-top: -20px !important;}\u00bb]\n<div id=\"tablepress-FLV05784-1-dispositivo-protecao-jumper-temporario-ES-scroll-wrapper\" class=\"tablepress-scroll-wrapper\">\n<table id=\"tablepress-FLV05784-1-dispositivo-protecao-jumper-temporario-ES\" class=\"tablepress tablepress-id-FLV05784-1-dispositivo-protecao-jumper-temporario-ES tablepress-responsive\">\n<thead>\n<tr class=\"row-1\">\n\t<td class=\"column-1\"><\/td><th class=\"column-2\">Referencias<\/th><th class=\"column-3\">Caracter\u00edstica<\/th><td class=\"column-4\"><\/td>\n<\/tr>\n<\/thead>\n<tbody class=\"row-striping row-hover\">\n<tr class=\"row-2\">\n\t<td class=\"column-1\"><img decoding=\"async\" src=\"https:\/\/www.ritzbrasil.com\/wp-content\/uploads\/2024\/11\/flv05784-1-dispositivo-protecao-jumper-150x150-1.jpg\" \/><\/td><td class=\"column-2\">FLV05784-1<\/td><td class=\"column-3\">Capacidad de corriente nominal: 100 A<br \/>\nPeso aproximado: 0,80 kg (1,76 lb)<\/td><td class=\"column-4\">    <button class=\"add-to-budget\" data-table-id=\"FLV05784-1-dispositivo-protecao-jumper-temporario\" data-reference=\"FLV05784-1\" data-description=\"Dispositivo de protecci\u00f3n de puente temporal\" style=\"color:#ff4d00;\">\n        <img decoding=\"async\" src=\"https:\/\/www.ritzbrasil.com\/\/wp-content\/uploads\/2024\/07\/orcar-compras-tabela-new-1.png\" alt=\"Solicitar cotizaci\u00f3n\" title=\"Solicitar cotizaci\u00f3n\" \/>\n    <\/button>\n    <\/td>\n<\/tr>\n<\/tbody>\n<\/table>\n<\/div>\n[\/vc_column_text][vc_separator border_width=\u00bb2&#8243; css=\u00bb\u00bb][\/vc_column][\/vc_row]<\/p>\n<\/div>","protected":false},"excerpt":{"rendered":"<h4><span style=\"color: #ff9900;\">Dispositivo Temporal de Protecci\u00f3n de Puentes<\/span><\/h4>\n<p>Consiste en un cartucho portafusibles con terminales de acoplamiento de aluminio, que se utiliza como componente de puente temporal para los casquillos de los transformadores.<\/p>\n<p>Conecta en un extremo la pinza helicoidal (RG3622-1) al cabezal y en el otro extremo el cable de puente de 2 AWG.<\/p>\n<p>Capacidad de corriente nominal: 100A<br \/>\nPeso aprox.: 0,80 kg (1,76 lb)<\/p>\n<p><strong>NOTA<\/strong><br \/>\n<em>El eslab\u00f3n fusible no est\u00e1 incluido y debe ser seleccionado e instalado por el usuario. Se recomienda utilizar fusibles de alto rendimiento. <\/em><\/p>\n","protected":false},"featured_media":60221,"template":"","meta":[],"product_brand":[],"product_cat":[1677],"product_tag":[1809],"class_list":{"0":"post-60904","1":"product","2":"type-product","3":"status-publish","4":"has-post-thumbnail","6":"product_cat-puentes-temporales","7":"product_tag-flv05784-1-es","8":"description-off","10":"first","11":"instock","12":"virtual","13":"product-type-simple"},"yoast_head":"<!-- This site is optimized with the Yoast SEO plugin v27.1.1 - https:\/\/yoast.com\/product\/yoast-seo-wordpress\/ -->\n<title>Dispositivo Temporal de Protecci\u00f3n de Puentes<\/title>\n<meta name=\"description\" content=\"Dispositivo de Protecci\u00f3n Temporal: cartucho portafusibles con terminales de aluminio, esencial para la seguridad en los casquillos de los transformadores.\" \/>\n<meta name=\"robots\" content=\"index, follow, max-snippet:-1, max-image-preview:large, max-video-preview:-1\" \/>\n<link rel=\"canonical\" href=\"https:\/\/www.ritzbrasil.com\/es\/produtos\/productos\/puentes-temporales\/dispositivo-temporal-de-proteccion-de-puentes\/\" \/>\n<meta property=\"og:locale\" content=\"es_ES\" \/>\n<meta property=\"og:type\" content=\"article\" \/>\n<meta property=\"og:title\" content=\"Dispositivo Temporal de Protecci\u00f3n de Puentes\" \/>\n<meta property=\"og:description\" content=\"Dispositivo de Protecci\u00f3n Temporal: cartucho portafusibles con terminales de aluminio, esencial para la seguridad en los casquillos de los transformadores.\" \/>\n<meta property=\"og:url\" content=\"https:\/\/www.ritzbrasil.com\/es\/produtos\/productos\/puentes-temporales\/dispositivo-temporal-de-proteccion-de-puentes\/\" \/>\n<meta property=\"og:site_name\" content=\"Equipamentos de Manuten\u00e7\u00e3o e Seguran\u00e7a para o Setor El\u00e9trico - Ritz Brasil\" \/>\n<meta property=\"article:modified_time\" content=\"2026-02-25T19:46:44+00:00\" \/>\n<meta property=\"og:image\" content=\"https:\/\/www.ritzbrasil.com\/wp-content\/uploads\/2024\/11\/flv05784-1-dispositivo-protecao-jumper.jpg\" \/>\n\t<meta property=\"og:image:width\" content=\"1200\" \/>\n\t<meta property=\"og:image:height\" content=\"1200\" \/>\n\t<meta property=\"og:image:type\" content=\"image\/jpeg\" \/>\n<meta name=\"twitter:card\" content=\"summary_large_image\" \/>\n<meta name=\"twitter:label1\" content=\"Tiempo de lectura\" \/>\n\t<meta name=\"twitter:data1\" content=\"1 minuto\" \/>\n<script type=\"application\/ld+json\" class=\"yoast-schema-graph\">{\"@context\":\"https:\/\/schema.org\",\"@graph\":[{\"@type\":\"WebPage\",\"@id\":\"https:\/\/www.ritzbrasil.com\/es\/produtos\/productos\/puentes-temporales\/dispositivo-temporal-de-proteccion-de-puentes\/\",\"url\":\"https:\/\/www.ritzbrasil.com\/es\/produtos\/productos\/puentes-temporales\/dispositivo-temporal-de-proteccion-de-puentes\/\",\"name\":\"Dispositivo Temporal de Protecci\u00f3n de Puentes\",\"isPartOf\":{\"@id\":\"https:\/\/www.ritzbrasil.com\/es\/#website\"},\"primaryImageOfPage\":{\"@id\":\"https:\/\/www.ritzbrasil.com\/es\/produtos\/productos\/puentes-temporales\/dispositivo-temporal-de-proteccion-de-puentes\/#primaryimage\"},\"image\":{\"@id\":\"https:\/\/www.ritzbrasil.com\/es\/produtos\/productos\/puentes-temporales\/dispositivo-temporal-de-proteccion-de-puentes\/#primaryimage\"},\"thumbnailUrl\":\"https:\/\/www.ritzbrasil.com\/wp-content\/uploads\/2024\/11\/flv05784-1-dispositivo-protecao-jumper.jpg\",\"datePublished\":\"2024-11-05T10:22:35+00:00\",\"dateModified\":\"2026-02-25T19:46:44+00:00\",\"description\":\"Dispositivo de Protecci\u00f3n Temporal: cartucho portafusibles con terminales de aluminio, esencial para la seguridad en los casquillos de los transformadores.\",\"breadcrumb\":{\"@id\":\"https:\/\/www.ritzbrasil.com\/es\/produtos\/productos\/puentes-temporales\/dispositivo-temporal-de-proteccion-de-puentes\/#breadcrumb\"},\"inLanguage\":\"es\",\"potentialAction\":[{\"@type\":\"ReadAction\",\"target\":[\"https:\/\/www.ritzbrasil.com\/es\/produtos\/productos\/puentes-temporales\/dispositivo-temporal-de-proteccion-de-puentes\/\"]}]},{\"@type\":\"ImageObject\",\"inLanguage\":\"es\",\"@id\":\"https:\/\/www.ritzbrasil.com\/es\/produtos\/productos\/puentes-temporales\/dispositivo-temporal-de-proteccion-de-puentes\/#primaryimage\",\"url\":\"https:\/\/www.ritzbrasil.com\/wp-content\/uploads\/2024\/11\/flv05784-1-dispositivo-protecao-jumper.jpg\",\"contentUrl\":\"https:\/\/www.ritzbrasil.com\/wp-content\/uploads\/2024\/11\/flv05784-1-dispositivo-protecao-jumper.jpg\",\"width\":1200,\"height\":1200,\"caption\":\"FLV05784-1 Dispositivo de protecci\u00f3n para el puente\"},{\"@type\":\"BreadcrumbList\",\"@id\":\"https:\/\/www.ritzbrasil.com\/es\/produtos\/productos\/puentes-temporales\/dispositivo-temporal-de-proteccion-de-puentes\/#breadcrumb\",\"itemListElement\":[{\"@type\":\"ListItem\",\"position\":1,\"name\":\"In\u00edcio\",\"item\":\"https:\/\/www.ritzbrasil.com\/es\/\"},{\"@type\":\"ListItem\",\"position\":2,\"name\":\"Tienda\",\"item\":\"https:\/\/www.ritzbrasil.com\/es\/tienda\/\"},{\"@type\":\"ListItem\",\"position\":3,\"name\":\"Dispositivo Temporal de Protecci\u00f3n de Puentes\"}]},{\"@type\":\"WebSite\",\"@id\":\"https:\/\/www.ritzbrasil.com\/es\/#website\",\"url\":\"https:\/\/www.ritzbrasil.com\/es\/\",\"name\":\"Equipamentos de Manuten\u00e7\u00e3o e Seguran\u00e7a para o Setor El\u00e9trico - Ritz Brasil\",\"description\":\"\",\"potentialAction\":[{\"@type\":\"SearchAction\",\"target\":{\"@type\":\"EntryPoint\",\"urlTemplate\":\"https:\/\/www.ritzbrasil.com\/es\/?s={search_term_string}\"},\"query-input\":{\"@type\":\"PropertyValueSpecification\",\"valueRequired\":true,\"valueName\":\"search_term_string\"}}],\"inLanguage\":\"es\"}]}<\/script>\n<!-- \/ Yoast SEO plugin. -->","yoast_head_json":{"title":"Dispositivo Temporal de Protecci\u00f3n de Puentes","description":"Dispositivo de Protecci\u00f3n Temporal: cartucho portafusibles con terminales de aluminio, esencial para la seguridad en los casquillos de los transformadores.","robots":{"index":"index","follow":"follow","max-snippet":"max-snippet:-1","max-image-preview":"max-image-preview:large","max-video-preview":"max-video-preview:-1"},"canonical":"https:\/\/www.ritzbrasil.com\/es\/produtos\/productos\/puentes-temporales\/dispositivo-temporal-de-proteccion-de-puentes\/","og_locale":"es_ES","og_type":"article","og_title":"Dispositivo Temporal de Protecci\u00f3n de Puentes","og_description":"Dispositivo de Protecci\u00f3n Temporal: cartucho portafusibles con terminales de aluminio, esencial para la seguridad en los casquillos de los transformadores.","og_url":"https:\/\/www.ritzbrasil.com\/es\/produtos\/productos\/puentes-temporales\/dispositivo-temporal-de-proteccion-de-puentes\/","og_site_name":"Equipamentos de Manuten\u00e7\u00e3o e Seguran\u00e7a para o Setor El\u00e9trico - Ritz Brasil","article_modified_time":"2026-02-25T19:46:44+00:00","og_image":[{"width":1200,"height":1200,"url":"https:\/\/www.ritzbrasil.com\/wp-content\/uploads\/2024\/11\/flv05784-1-dispositivo-protecao-jumper.jpg","type":"image\/jpeg"}],"twitter_card":"summary_large_image","twitter_misc":{"Tiempo de lectura":"1 minuto"},"schema":{"@context":"https:\/\/schema.org","@graph":[{"@type":"WebPage","@id":"https:\/\/www.ritzbrasil.com\/es\/produtos\/productos\/puentes-temporales\/dispositivo-temporal-de-proteccion-de-puentes\/","url":"https:\/\/www.ritzbrasil.com\/es\/produtos\/productos\/puentes-temporales\/dispositivo-temporal-de-proteccion-de-puentes\/","name":"Dispositivo Temporal de Protecci\u00f3n de Puentes","isPartOf":{"@id":"https:\/\/www.ritzbrasil.com\/es\/#website"},"primaryImageOfPage":{"@id":"https:\/\/www.ritzbrasil.com\/es\/produtos\/productos\/puentes-temporales\/dispositivo-temporal-de-proteccion-de-puentes\/#primaryimage"},"image":{"@id":"https:\/\/www.ritzbrasil.com\/es\/produtos\/productos\/puentes-temporales\/dispositivo-temporal-de-proteccion-de-puentes\/#primaryimage"},"thumbnailUrl":"https:\/\/www.ritzbrasil.com\/wp-content\/uploads\/2024\/11\/flv05784-1-dispositivo-protecao-jumper.jpg","datePublished":"2024-11-05T10:22:35+00:00","dateModified":"2026-02-25T19:46:44+00:00","description":"Dispositivo de Protecci\u00f3n Temporal: cartucho portafusibles con terminales de aluminio, esencial para la seguridad en los casquillos de los transformadores.","breadcrumb":{"@id":"https:\/\/www.ritzbrasil.com\/es\/produtos\/productos\/puentes-temporales\/dispositivo-temporal-de-proteccion-de-puentes\/#breadcrumb"},"inLanguage":"es","potentialAction":[{"@type":"ReadAction","target":["https:\/\/www.ritzbrasil.com\/es\/produtos\/productos\/puentes-temporales\/dispositivo-temporal-de-proteccion-de-puentes\/"]}]},{"@type":"ImageObject","inLanguage":"es","@id":"https:\/\/www.ritzbrasil.com\/es\/produtos\/productos\/puentes-temporales\/dispositivo-temporal-de-proteccion-de-puentes\/#primaryimage","url":"https:\/\/www.ritzbrasil.com\/wp-content\/uploads\/2024\/11\/flv05784-1-dispositivo-protecao-jumper.jpg","contentUrl":"https:\/\/www.ritzbrasil.com\/wp-content\/uploads\/2024\/11\/flv05784-1-dispositivo-protecao-jumper.jpg","width":1200,"height":1200,"caption":"FLV05784-1 Dispositivo de protecci\u00f3n para el puente"},{"@type":"BreadcrumbList","@id":"https:\/\/www.ritzbrasil.com\/es\/produtos\/productos\/puentes-temporales\/dispositivo-temporal-de-proteccion-de-puentes\/#breadcrumb","itemListElement":[{"@type":"ListItem","position":1,"name":"In\u00edcio","item":"https:\/\/www.ritzbrasil.com\/es\/"},{"@type":"ListItem","position":2,"name":"Tienda","item":"https:\/\/www.ritzbrasil.com\/es\/tienda\/"},{"@type":"ListItem","position":3,"name":"Dispositivo Temporal de Protecci\u00f3n de Puentes"}]},{"@type":"WebSite","@id":"https:\/\/www.ritzbrasil.com\/es\/#website","url":"https:\/\/www.ritzbrasil.com\/es\/","name":"Equipamentos de Manuten\u00e7\u00e3o e Seguran\u00e7a para o Setor El\u00e9trico - Ritz Brasil","description":"","potentialAction":[{"@type":"SearchAction","target":{"@type":"EntryPoint","urlTemplate":"https:\/\/www.ritzbrasil.com\/es\/?s={search_term_string}"},"query-input":{"@type":"PropertyValueSpecification","valueRequired":true,"valueName":"search_term_string"}}],"inLanguage":"es"}]}},"_links":{"self":[{"href":"https:\/\/www.ritzbrasil.com\/es\/wp-json\/wp\/v2\/product\/60904","targetHints":{"allow":["GET"]}}],"collection":[{"href":"https:\/\/www.ritzbrasil.com\/es\/wp-json\/wp\/v2\/product"}],"about":[{"href":"https:\/\/www.ritzbrasil.com\/es\/wp-json\/wp\/v2\/types\/product"}],"wp:featuredmedia":[{"embeddable":true,"href":"https:\/\/www.ritzbrasil.com\/es\/wp-json\/wp\/v2\/media\/60221"}],"wp:attachment":[{"href":"https:\/\/www.ritzbrasil.com\/es\/wp-json\/wp\/v2\/media?parent=60904"}],"wp:term":[{"taxonomy":"product_brand","embeddable":true,"href":"https:\/\/www.ritzbrasil.com\/es\/wp-json\/wp\/v2\/product_brand?post=60904"},{"taxonomy":"product_cat","embeddable":true,"href":"https:\/\/www.ritzbrasil.com\/es\/wp-json\/wp\/v2\/product_cat?post=60904"},{"taxonomy":"product_tag","embeddable":true,"href":"https:\/\/www.ritzbrasil.com\/es\/wp-json\/wp\/v2\/product_tag?post=60904"}],"curies":[{"name":"wp","href":"https:\/\/api.w.org\/{rel}","templated":true}]}}