{"id":60903,"date":"2024-11-04T14:16:11","date_gmt":"2024-11-04T17:16:11","guid":{"rendered":"https:\/\/bisque-bison-688002.hostingersite.com\/produtos\/sin%20categor\u00eda\/soporte-para-puentes\/"},"modified":"2026-02-25T16:46:54","modified_gmt":"2026-02-25T19:46:54","slug":"soporte-para-puentes","status":"publish","type":"product","link":"https:\/\/www.ritzbrasil.com\/es\/produtos\/puentes-temporales\/soporte-para-puentes\/","title":{"rendered":"Soporte para puentes"},"content":{"rendered":"<div class=\"wpb-content-wrapper\"><p>[vc_row][vc_column][vc_column_text css=\u00bb.vc_custom_1730740215406{margin-top: 20px !important;}\u00bb]<\/p>\n<h4><span style=\"color: #ff9900;\"><strong>Soporte para puentes<\/strong><\/span><\/h4>\n<p>[\/vc_column_text][vc_column_text css=\u00bb.vc_custom_1760101147485{margin-top: -20px !important;}\u00bb]\n<div id=\"tablepress-RC601-0013-Suporte-Jumper-ES-scroll-wrapper\" class=\"tablepress-scroll-wrapper\">\n<table id=\"tablepress-RC601-0013-Suporte-Jumper-ES\" class=\"tablepress tablepress-id-RC601-0013-Suporte-Jumper-ES tablepress-responsive\">\n<thead>\n<tr class=\"row-1\">\n\t<td class=\"column-1\"><\/td><th class=\"column-2\">  Referencias<\/th><th class=\"column-3\">Caracter\u00edstica<\/th><td class=\"column-4\"><\/td>\n<\/tr>\n<\/thead>\n<tbody class=\"row-striping row-hover\">\n<tr class=\"row-2\">\n\t<td class=\"column-1\"><img decoding=\"async\" src=\"https:\/\/www.ritzbrasil.com\/wp-content\/uploads\/2024\/11\/rc601-0013-suporte-jumper-150x150-1.jpg\" \/><\/td><td class=\"column-2\">RC601-0013<\/td><td class=\"column-3\">Capacidad de trabajo nominal por collar: 34 daN (75 lb)<br \/>\nPeso aproximado: 11,30 kg (24,91 lb)<\/td><td class=\"column-4\">    <button class=\"add-to-budget\" data-table-id=\"RC601-0013-Suporte-Jumper\" data-reference=\"RC601-0013\" data-description=\"Soporte para puentes\" style=\"color:#ff4d00;\">\n        <img decoding=\"async\" src=\"https:\/\/www.ritzbrasil.com\/\/wp-content\/uploads\/2024\/07\/orcar-compras-tabela-new-1.png\" alt=\"Solicitar cotizaci\u00f3n\" title=\"Solicitar cotizaci\u00f3n\" \/>\n    <\/button>\n    <\/td>\n<\/tr>\n<\/tbody>\n<\/table>\n<\/div>\n[\/vc_column_text][vc_separator border_width=\u00bb2&#8243; css=\u00bb\u00bb][\/vc_column][\/vc_row]<\/p>\n<\/div>","protected":false},"excerpt":{"rendered":"<h4><span style=\"color: #ff9900;\">Soporte para puentes<\/span><\/h4>\n<p>Se puede fijar a un poste mediante un tensor de cadena y se utiliza para sostener los cables de arranque.<\/p>\n<p>Fabricado con tubo RITZGLAS\u00ae \u00d8 64 x 1,22 m, consta de cuatro abrazaderas tipo collar\u00edn (cada collar\u00edn tiene capacidad para fijar cables, con di\u00e1metros<br \/>\nde 19 a 38 mm), de acci\u00f3n giratoria, dotadas de un dispositivo interno para evitar que el puente resbale, evitando el contacto con el suelo.<\/p>\n<p>Capacidad nominal de trabajo en cada collar\u00edn: 34 daN (75 lb)<br \/>\nPeso aprox.: 11,30 kg (24,91 lb)<\/p>\n","protected":false},"featured_media":60249,"template":"","meta":[],"product_brand":[],"product_cat":[1678,1677],"product_tag":[1834],"class_list":{"0":"post-60903","1":"product","2":"type-product","3":"status-publish","4":"has-post-thumbnail","6":"product_cat-productos-destacados","7":"product_cat-puentes-temporales","8":"product_tag-rc601-0013-es","9":"description-off","11":"first","12":"instock","13":"virtual","14":"product-type-simple"},"yoast_head":"<!-- This site is optimized with the Yoast SEO plugin v27.1.1 - https:\/\/yoast.com\/product\/yoast-seo-wordpress\/ -->\n<title>Soporte para puentes<\/title>\n<meta name=\"description\" content=\"Soporte de puente acoplable al poste con tubo RITZGLAS\u00ae y abrazaderas giratorias, evita el deslizamiento del puente y el contacto con el suelo.\" \/>\n<meta name=\"robots\" content=\"index, follow, max-snippet:-1, max-image-preview:large, max-video-preview:-1\" \/>\n<link rel=\"canonical\" href=\"https:\/\/www.ritzbrasil.com\/es\/produtos\/puentes-temporales\/soporte-para-puentes\/\" \/>\n<meta property=\"og:locale\" content=\"es_ES\" \/>\n<meta property=\"og:type\" content=\"article\" \/>\n<meta property=\"og:title\" content=\"Soporte para puentes\" \/>\n<meta property=\"og:description\" content=\"Soporte de puente acoplable al poste con tubo RITZGLAS\u00ae y abrazaderas giratorias, evita el deslizamiento del puente y el contacto con el suelo.\" \/>\n<meta property=\"og:url\" content=\"https:\/\/www.ritzbrasil.com\/es\/produtos\/puentes-temporales\/soporte-para-puentes\/\" \/>\n<meta property=\"og:site_name\" content=\"Equipamentos de Manuten\u00e7\u00e3o e Seguran\u00e7a para o Setor El\u00e9trico - Ritz Brasil\" \/>\n<meta property=\"article:modified_time\" content=\"2026-02-25T19:46:54+00:00\" \/>\n<meta property=\"og:image\" content=\"https:\/\/www.ritzbrasil.com\/wp-content\/uploads\/2024\/11\/rc601-0013-suporte-jumper.jpg\" \/>\n\t<meta property=\"og:image:width\" content=\"1200\" \/>\n\t<meta property=\"og:image:height\" content=\"1200\" \/>\n\t<meta property=\"og:image:type\" content=\"image\/jpeg\" \/>\n<meta name=\"twitter:card\" content=\"summary_large_image\" \/>\n<meta name=\"twitter:label1\" content=\"Tiempo de lectura\" \/>\n\t<meta name=\"twitter:data1\" content=\"1 minuto\" \/>\n<script type=\"application\/ld+json\" class=\"yoast-schema-graph\">{\"@context\":\"https:\/\/schema.org\",\"@graph\":[{\"@type\":\"WebPage\",\"@id\":\"https:\/\/www.ritzbrasil.com\/es\/produtos\/puentes-temporales\/soporte-para-puentes\/\",\"url\":\"https:\/\/www.ritzbrasil.com\/es\/produtos\/puentes-temporales\/soporte-para-puentes\/\",\"name\":\"Soporte para puentes\",\"isPartOf\":{\"@id\":\"https:\/\/www.ritzbrasil.com\/es\/#website\"},\"primaryImageOfPage\":{\"@id\":\"https:\/\/www.ritzbrasil.com\/es\/produtos\/puentes-temporales\/soporte-para-puentes\/#primaryimage\"},\"image\":{\"@id\":\"https:\/\/www.ritzbrasil.com\/es\/produtos\/puentes-temporales\/soporte-para-puentes\/#primaryimage\"},\"thumbnailUrl\":\"https:\/\/www.ritzbrasil.com\/wp-content\/uploads\/2024\/11\/rc601-0013-suporte-jumper.jpg\",\"datePublished\":\"2024-11-04T17:16:11+00:00\",\"dateModified\":\"2026-02-25T19:46:54+00:00\",\"description\":\"Soporte de puente acoplable al poste con tubo RITZGLAS\u00ae y abrazaderas giratorias, evita el deslizamiento del puente y el contacto con el suelo.\",\"breadcrumb\":{\"@id\":\"https:\/\/www.ritzbrasil.com\/es\/produtos\/puentes-temporales\/soporte-para-puentes\/#breadcrumb\"},\"inLanguage\":\"es\",\"potentialAction\":[{\"@type\":\"ReadAction\",\"target\":[\"https:\/\/www.ritzbrasil.com\/es\/produtos\/puentes-temporales\/soporte-para-puentes\/\"]}]},{\"@type\":\"ImageObject\",\"inLanguage\":\"es\",\"@id\":\"https:\/\/www.ritzbrasil.com\/es\/produtos\/puentes-temporales\/soporte-para-puentes\/#primaryimage\",\"url\":\"https:\/\/www.ritzbrasil.com\/wp-content\/uploads\/2024\/11\/rc601-0013-suporte-jumper.jpg\",\"contentUrl\":\"https:\/\/www.ritzbrasil.com\/wp-content\/uploads\/2024\/11\/rc601-0013-suporte-jumper.jpg\",\"width\":1200,\"height\":1200,\"caption\":\"RC601-0013 Soporte para puentes\"},{\"@type\":\"BreadcrumbList\",\"@id\":\"https:\/\/www.ritzbrasil.com\/es\/produtos\/puentes-temporales\/soporte-para-puentes\/#breadcrumb\",\"itemListElement\":[{\"@type\":\"ListItem\",\"position\":1,\"name\":\"In\u00edcio\",\"item\":\"https:\/\/www.ritzbrasil.com\/es\/\"},{\"@type\":\"ListItem\",\"position\":2,\"name\":\"Tienda\",\"item\":\"https:\/\/www.ritzbrasil.com\/es\/tienda\/\"},{\"@type\":\"ListItem\",\"position\":3,\"name\":\"Soporte para puentes\"}]},{\"@type\":\"WebSite\",\"@id\":\"https:\/\/www.ritzbrasil.com\/es\/#website\",\"url\":\"https:\/\/www.ritzbrasil.com\/es\/\",\"name\":\"Equipamentos de Manuten\u00e7\u00e3o e Seguran\u00e7a para o Setor El\u00e9trico - Ritz Brasil\",\"description\":\"\",\"potentialAction\":[{\"@type\":\"SearchAction\",\"target\":{\"@type\":\"EntryPoint\",\"urlTemplate\":\"https:\/\/www.ritzbrasil.com\/es\/?s={search_term_string}\"},\"query-input\":{\"@type\":\"PropertyValueSpecification\",\"valueRequired\":true,\"valueName\":\"search_term_string\"}}],\"inLanguage\":\"es\"}]}<\/script>\n<!-- \/ Yoast SEO plugin. -->","yoast_head_json":{"title":"Soporte para puentes","description":"Soporte de puente acoplable al poste con tubo RITZGLAS\u00ae y abrazaderas giratorias, evita el deslizamiento del puente y el contacto con el suelo.","robots":{"index":"index","follow":"follow","max-snippet":"max-snippet:-1","max-image-preview":"max-image-preview:large","max-video-preview":"max-video-preview:-1"},"canonical":"https:\/\/www.ritzbrasil.com\/es\/produtos\/puentes-temporales\/soporte-para-puentes\/","og_locale":"es_ES","og_type":"article","og_title":"Soporte para puentes","og_description":"Soporte de puente acoplable al poste con tubo RITZGLAS\u00ae y abrazaderas giratorias, evita el deslizamiento del puente y el contacto con el suelo.","og_url":"https:\/\/www.ritzbrasil.com\/es\/produtos\/puentes-temporales\/soporte-para-puentes\/","og_site_name":"Equipamentos de Manuten\u00e7\u00e3o e Seguran\u00e7a para o Setor El\u00e9trico - Ritz Brasil","article_modified_time":"2026-02-25T19:46:54+00:00","og_image":[{"width":1200,"height":1200,"url":"https:\/\/www.ritzbrasil.com\/wp-content\/uploads\/2024\/11\/rc601-0013-suporte-jumper.jpg","type":"image\/jpeg"}],"twitter_card":"summary_large_image","twitter_misc":{"Tiempo de lectura":"1 minuto"},"schema":{"@context":"https:\/\/schema.org","@graph":[{"@type":"WebPage","@id":"https:\/\/www.ritzbrasil.com\/es\/produtos\/puentes-temporales\/soporte-para-puentes\/","url":"https:\/\/www.ritzbrasil.com\/es\/produtos\/puentes-temporales\/soporte-para-puentes\/","name":"Soporte para puentes","isPartOf":{"@id":"https:\/\/www.ritzbrasil.com\/es\/#website"},"primaryImageOfPage":{"@id":"https:\/\/www.ritzbrasil.com\/es\/produtos\/puentes-temporales\/soporte-para-puentes\/#primaryimage"},"image":{"@id":"https:\/\/www.ritzbrasil.com\/es\/produtos\/puentes-temporales\/soporte-para-puentes\/#primaryimage"},"thumbnailUrl":"https:\/\/www.ritzbrasil.com\/wp-content\/uploads\/2024\/11\/rc601-0013-suporte-jumper.jpg","datePublished":"2024-11-04T17:16:11+00:00","dateModified":"2026-02-25T19:46:54+00:00","description":"Soporte de puente acoplable al poste con tubo RITZGLAS\u00ae y abrazaderas giratorias, evita el deslizamiento del puente y el contacto con el suelo.","breadcrumb":{"@id":"https:\/\/www.ritzbrasil.com\/es\/produtos\/puentes-temporales\/soporte-para-puentes\/#breadcrumb"},"inLanguage":"es","potentialAction":[{"@type":"ReadAction","target":["https:\/\/www.ritzbrasil.com\/es\/produtos\/puentes-temporales\/soporte-para-puentes\/"]}]},{"@type":"ImageObject","inLanguage":"es","@id":"https:\/\/www.ritzbrasil.com\/es\/produtos\/puentes-temporales\/soporte-para-puentes\/#primaryimage","url":"https:\/\/www.ritzbrasil.com\/wp-content\/uploads\/2024\/11\/rc601-0013-suporte-jumper.jpg","contentUrl":"https:\/\/www.ritzbrasil.com\/wp-content\/uploads\/2024\/11\/rc601-0013-suporte-jumper.jpg","width":1200,"height":1200,"caption":"RC601-0013 Soporte para puentes"},{"@type":"BreadcrumbList","@id":"https:\/\/www.ritzbrasil.com\/es\/produtos\/puentes-temporales\/soporte-para-puentes\/#breadcrumb","itemListElement":[{"@type":"ListItem","position":1,"name":"In\u00edcio","item":"https:\/\/www.ritzbrasil.com\/es\/"},{"@type":"ListItem","position":2,"name":"Tienda","item":"https:\/\/www.ritzbrasil.com\/es\/tienda\/"},{"@type":"ListItem","position":3,"name":"Soporte para puentes"}]},{"@type":"WebSite","@id":"https:\/\/www.ritzbrasil.com\/es\/#website","url":"https:\/\/www.ritzbrasil.com\/es\/","name":"Equipamentos de Manuten\u00e7\u00e3o e Seguran\u00e7a para o Setor El\u00e9trico - Ritz Brasil","description":"","potentialAction":[{"@type":"SearchAction","target":{"@type":"EntryPoint","urlTemplate":"https:\/\/www.ritzbrasil.com\/es\/?s={search_term_string}"},"query-input":{"@type":"PropertyValueSpecification","valueRequired":true,"valueName":"search_term_string"}}],"inLanguage":"es"}]}},"_links":{"self":[{"href":"https:\/\/www.ritzbrasil.com\/es\/wp-json\/wp\/v2\/product\/60903","targetHints":{"allow":["GET"]}}],"collection":[{"href":"https:\/\/www.ritzbrasil.com\/es\/wp-json\/wp\/v2\/product"}],"about":[{"href":"https:\/\/www.ritzbrasil.com\/es\/wp-json\/wp\/v2\/types\/product"}],"wp:featuredmedia":[{"embeddable":true,"href":"https:\/\/www.ritzbrasil.com\/es\/wp-json\/wp\/v2\/media\/60249"}],"wp:attachment":[{"href":"https:\/\/www.ritzbrasil.com\/es\/wp-json\/wp\/v2\/media?parent=60903"}],"wp:term":[{"taxonomy":"product_brand","embeddable":true,"href":"https:\/\/www.ritzbrasil.com\/es\/wp-json\/wp\/v2\/product_brand?post=60903"},{"taxonomy":"product_cat","embeddable":true,"href":"https:\/\/www.ritzbrasil.com\/es\/wp-json\/wp\/v2\/product_cat?post=60903"},{"taxonomy":"product_tag","embeddable":true,"href":"https:\/\/www.ritzbrasil.com\/es\/wp-json\/wp\/v2\/product_tag?post=60903"}],"curies":[{"name":"wp","href":"https:\/\/api.w.org\/{rel}","templated":true}]}}