{"id":60897,"date":"2024-11-04T13:57:03","date_gmt":"2024-11-04T16:57:03","guid":{"rendered":"https:\/\/bisque-bison-688002.hostingersite.com\/produtos\/sin%20categor\u00eda\/puente-rigido\/"},"modified":"2026-02-25T16:46:58","modified_gmt":"2026-02-25T19:46:58","slug":"puente-rigido","status":"publish","type":"product","link":"https:\/\/www.ritzbrasil.com\/es\/produtos\/puentes-temporales\/puente-rigido\/","title":{"rendered":"Puente r\u00edgido"},"content":{"rendered":"<div class=\"wpb-content-wrapper\"><p>[vc_row][vc_column][vc_column_text css=\u00bb.vc_custom_1730739318707{margin-top: 20px !important;}\u00bb]<\/p>\n<h4><span style=\"color: #ff9900;\"><strong>Puente r\u00edgido para cable de 15 kV &#8211; Tipo II<\/strong><\/span><\/h4>\n<p>[\/vc_column_text][vc_column_text css=\u00bb.vc_custom_1760377984603{margin-top: -20px !important;}\u00bb]\n<div id=\"tablepress-Jumper-Rigido-15kV-Cabo-Tipo-II-ES-scroll-wrapper\" class=\"tablepress-scroll-wrapper\">\n<table id=\"tablepress-Jumper-Rigido-15kV-Cabo-Tipo-II-ES\" class=\"tablepress tablepress-id-Jumper-Rigido-15kV-Cabo-Tipo-II-ES tablepress-responsive\">\n<thead>\n<tr class=\"row-1\">\n\t<td class=\"column-1\"><\/td><th class=\"column-2\">  Referencias<\/th><th class=\"column-3\">Caracter\u00edstica<\/th><td class=\"column-4\"><\/td>\n<\/tr>\n<\/thead>\n<tbody class=\"row-striping row-hover\">\n<tr class=\"row-2\">\n\t<td class=\"column-1\"><img decoding=\"async\" src=\"https:\/\/www.ritzbrasil.com\/wp-content\/uploads\/2024\/11\/rc601-0260-jumper-rigido-150x150-1.jpg\" \/><\/td><td class=\"column-2\">RC601-0260<\/td><td class=\"column-3\"><\/td><td class=\"column-4\">    <button class=\"add-to-budget\" data-table-id=\"Jumper-Rigido-15\" data-reference=\"RC601-0260\" data-description=\"Puente r\u00edgido para cable de 15 kV - Tipo II\" style=\"color:#ff4d00;\">\n        <img decoding=\"async\" src=\"https:\/\/www.ritzbrasil.com\/\/wp-content\/uploads\/2024\/07\/orcar-compras-tabela-new-1.png\" alt=\"Solicitar cotizaci\u00f3n\" title=\"Solicitar cotizaci\u00f3n\" \/>\n    <\/button>\n    <\/td>\n<\/tr>\n<tr class=\"row-3\">\n\t<td class=\"column-1\"><img decoding=\"async\" src=\"https:\/\/www.ritzbrasil.com\/wp-content\/uploads\/2024\/11\/rc601-0261-jumper-rigido-150x150-1.jpg\" \/><\/td><td class=\"column-2\">RC601-0261<\/td><td class=\"column-3\"><\/td><td class=\"column-4\">    <button class=\"add-to-budget\" data-table-id=\"Jumper-Rigido-15\" data-reference=\"RC601-0261\" data-description=\"Puente r\u00edgido para cable de 15 kV - Tipo II\" style=\"color:#ff4d00;\">\n        <img decoding=\"async\" src=\"https:\/\/www.ritzbrasil.com\/\/wp-content\/uploads\/2024\/07\/orcar-compras-tabela-new-1.png\" alt=\"Solicitar cotizaci\u00f3n\" title=\"Solicitar cotizaci\u00f3n\" \/>\n    <\/button>\n    <\/td>\n<\/tr>\n<tr class=\"row-4\">\n\t<td class=\"column-1\"><img decoding=\"async\" src=\"https:\/\/www.ritzbrasil.com\/wp-content\/uploads\/2024\/11\/rc601-0262-jumper-rigido-150x150-1.jpg\" \/><\/td><td class=\"column-2\">RC601-0262<\/td><td class=\"column-3\"><\/td><td class=\"column-4\">    <button class=\"add-to-budget\" data-table-id=\"Jumper-Rigido-15\" data-reference=\"RC601-0262\" data-description=\"Puente r\u00edgido para cable de 15 kV - Tipo II\" style=\"color:#ff4d00;\">\n        <img decoding=\"async\" src=\"https:\/\/www.ritzbrasil.com\/\/wp-content\/uploads\/2024\/07\/orcar-compras-tabela-new-1.png\" alt=\"Solicitar cotizaci\u00f3n\" title=\"Solicitar cotizaci\u00f3n\" \/>\n    <\/button>\n    <\/td>\n<\/tr>\n<tr class=\"row-5\">\n\t<td class=\"column-1\"><img decoding=\"async\" src=\"https:\/\/www.ritzbrasil.com\/wp-content\/uploads\/2024\/11\/rc601-0263-jumper-rigido-150x150-1.jpg\" \/><\/td><td class=\"column-2\">RC601-0263<\/td><td class=\"column-3\"><\/td><td class=\"column-4\">    <button class=\"add-to-budget\" data-table-id=\"Jumper-Rigido-15\" data-reference=\"RC601-0263\" data-description=\"Puente r\u00edgido para cable de 15 kV - Tipo II\" style=\"color:#ff4d00;\">\n        <img decoding=\"async\" src=\"https:\/\/www.ritzbrasil.com\/\/wp-content\/uploads\/2024\/07\/orcar-compras-tabela-new-1.png\" alt=\"Solicitar cotizaci\u00f3n\" title=\"Solicitar cotizaci\u00f3n\" \/>\n    <\/button>\n    <\/td>\n<\/tr>\n<\/tbody>\n<\/table>\n<\/div>\n[\/vc_column_text][vc_separator border_width=\u00bb2&#8243; css=\u00bb\u00bb][\/vc_column][\/vc_row]<\/p>\n<\/div>","protected":false},"excerpt":{"rendered":"<h4><span style=\"color: #ff9900;\">Puente r\u00edgido<\/span><\/h4>\n<p>A diferencia de los puentes convencionales, en los que el aislamiento se limita al cable protegido, el uso del puente r\u00edgido ofrece una seguridad adicional al operario al proporcionar un doble aislamiento. Esto es posible gracias a su construcci\u00f3n, que incorpora un tubo de l\u00ednea viva RITZGLAS\u00ae sin espuma interna a trav\u00e9s del cual pasa y se apoya el cable protegido de tipo II, evitando la formaci\u00f3n de curvas catenarias causadas por el peso del cable.<\/p>\n<p>Las empu\u00f1aduras instaladas estrat\u00e9gicamente en los extremos de esta herramienta son muy pr\u00e1cticas para mantener las pinzas retra\u00eddas durante la instalaci\u00f3n.<\/p>\n<p>Este es otro aspecto que contribuye a la eficacia y la seguridad en la manipulaci\u00f3n con guantes, manguitos aislantes y palos de maniobra.<\/p>\n<p><strong>COMPOSICI\u00d3N DEL JUEGO<\/strong><br \/>\n&#8211; 2,44 m de tubo RITZGLAS\u00ae \u00d8 38 mm;<br \/>\n&#8211; 4,88 m de cable protegido de tipo II para 15 kV;<br \/>\n&#8211; 02 abrazaderas helicoidales para By-Pass RC600-1743;<br \/>\n&#8211; 02 terminales de cobre.<\/p>\n","protected":false},"featured_media":60237,"template":"","meta":[],"product_brand":[],"product_cat":[1677],"product_tag":[1819,1820,1821,1822],"class_list":{"0":"post-60897","1":"product","2":"type-product","3":"status-publish","4":"has-post-thumbnail","6":"product_cat-puentes-temporales","7":"product_tag-rc601-0260-es","8":"product_tag-rc601-0261-es","9":"product_tag-rc601-0262-es","10":"product_tag-rc601-0263-es","11":"description-off","13":"first","14":"instock","15":"virtual","16":"product-type-simple"},"yoast_head":"<!-- This site is optimized with the Yoast SEO plugin v27.1.1 - https:\/\/yoast.com\/product\/yoast-seo-wordpress\/ -->\n<title>Puente r\u00edgido<\/title>\n<meta name=\"description\" content=\"Puente r\u00edgido con doble aislamiento y tubo RITZGLAS\u00ae, que proporciona seguridad al operario y elimina las curvas catenarias en el cable.\" \/>\n<meta name=\"robots\" content=\"index, follow, max-snippet:-1, max-image-preview:large, max-video-preview:-1\" \/>\n<link rel=\"canonical\" href=\"https:\/\/www.ritzbrasil.com\/es\/produtos\/puentes-temporales\/puente-rigido\/\" \/>\n<meta property=\"og:locale\" content=\"es_ES\" \/>\n<meta property=\"og:type\" content=\"article\" \/>\n<meta property=\"og:title\" content=\"Puente r\u00edgido\" \/>\n<meta property=\"og:description\" content=\"Puente r\u00edgido con doble aislamiento y tubo RITZGLAS\u00ae, que proporciona seguridad al operario y elimina las curvas catenarias en el cable.\" \/>\n<meta property=\"og:url\" content=\"https:\/\/www.ritzbrasil.com\/es\/produtos\/puentes-temporales\/puente-rigido\/\" \/>\n<meta property=\"og:site_name\" content=\"Equipamentos de Manuten\u00e7\u00e3o e Seguran\u00e7a para o Setor El\u00e9trico - Ritz Brasil\" \/>\n<meta property=\"article:modified_time\" content=\"2026-02-25T19:46:58+00:00\" \/>\n<meta property=\"og:image\" content=\"https:\/\/www.ritzbrasil.com\/wp-content\/uploads\/2024\/11\/rc601-02-jumper-rigido.jpg\" \/>\n\t<meta property=\"og:image:width\" content=\"1200\" \/>\n\t<meta property=\"og:image:height\" content=\"1200\" \/>\n\t<meta property=\"og:image:type\" content=\"image\/jpeg\" \/>\n<meta name=\"twitter:card\" content=\"summary_large_image\" \/>\n<meta name=\"twitter:label1\" content=\"Tiempo de lectura\" \/>\n\t<meta name=\"twitter:data1\" content=\"1 minuto\" \/>\n<script type=\"application\/ld+json\" class=\"yoast-schema-graph\">{\"@context\":\"https:\/\/schema.org\",\"@graph\":[{\"@type\":\"WebPage\",\"@id\":\"https:\/\/www.ritzbrasil.com\/es\/produtos\/puentes-temporales\/puente-rigido\/\",\"url\":\"https:\/\/www.ritzbrasil.com\/es\/produtos\/puentes-temporales\/puente-rigido\/\",\"name\":\"Puente r\u00edgido\",\"isPartOf\":{\"@id\":\"https:\/\/www.ritzbrasil.com\/es\/#website\"},\"primaryImageOfPage\":{\"@id\":\"https:\/\/www.ritzbrasil.com\/es\/produtos\/puentes-temporales\/puente-rigido\/#primaryimage\"},\"image\":{\"@id\":\"https:\/\/www.ritzbrasil.com\/es\/produtos\/puentes-temporales\/puente-rigido\/#primaryimage\"},\"thumbnailUrl\":\"https:\/\/www.ritzbrasil.com\/wp-content\/uploads\/2024\/11\/rc601-02-jumper-rigido.jpg\",\"datePublished\":\"2024-11-04T16:57:03+00:00\",\"dateModified\":\"2026-02-25T19:46:58+00:00\",\"description\":\"Puente r\u00edgido con doble aislamiento y tubo RITZGLAS\u00ae, que proporciona seguridad al operario y elimina las curvas catenarias en el cable.\",\"breadcrumb\":{\"@id\":\"https:\/\/www.ritzbrasil.com\/es\/produtos\/puentes-temporales\/puente-rigido\/#breadcrumb\"},\"inLanguage\":\"es\",\"potentialAction\":[{\"@type\":\"ReadAction\",\"target\":[\"https:\/\/www.ritzbrasil.com\/es\/produtos\/puentes-temporales\/puente-rigido\/\"]}]},{\"@type\":\"ImageObject\",\"inLanguage\":\"es\",\"@id\":\"https:\/\/www.ritzbrasil.com\/es\/produtos\/puentes-temporales\/puente-rigido\/#primaryimage\",\"url\":\"https:\/\/www.ritzbrasil.com\/wp-content\/uploads\/2024\/11\/rc601-02-jumper-rigido.jpg\",\"contentUrl\":\"https:\/\/www.ritzbrasil.com\/wp-content\/uploads\/2024\/11\/rc601-02-jumper-rigido.jpg\",\"width\":1200,\"height\":1200,\"caption\":\"RC601-02 Puente r\u00edgido\"},{\"@type\":\"BreadcrumbList\",\"@id\":\"https:\/\/www.ritzbrasil.com\/es\/produtos\/puentes-temporales\/puente-rigido\/#breadcrumb\",\"itemListElement\":[{\"@type\":\"ListItem\",\"position\":1,\"name\":\"In\u00edcio\",\"item\":\"https:\/\/www.ritzbrasil.com\/es\/\"},{\"@type\":\"ListItem\",\"position\":2,\"name\":\"Tienda\",\"item\":\"https:\/\/www.ritzbrasil.com\/es\/tienda\/\"},{\"@type\":\"ListItem\",\"position\":3,\"name\":\"Puente r\u00edgido\"}]},{\"@type\":\"WebSite\",\"@id\":\"https:\/\/www.ritzbrasil.com\/es\/#website\",\"url\":\"https:\/\/www.ritzbrasil.com\/es\/\",\"name\":\"Equipamentos de Manuten\u00e7\u00e3o e Seguran\u00e7a para o Setor El\u00e9trico - Ritz Brasil\",\"description\":\"\",\"potentialAction\":[{\"@type\":\"SearchAction\",\"target\":{\"@type\":\"EntryPoint\",\"urlTemplate\":\"https:\/\/www.ritzbrasil.com\/es\/?s={search_term_string}\"},\"query-input\":{\"@type\":\"PropertyValueSpecification\",\"valueRequired\":true,\"valueName\":\"search_term_string\"}}],\"inLanguage\":\"es\"}]}<\/script>\n<!-- \/ Yoast SEO plugin. -->","yoast_head_json":{"title":"Puente r\u00edgido","description":"Puente r\u00edgido con doble aislamiento y tubo RITZGLAS\u00ae, que proporciona seguridad al operario y elimina las curvas catenarias en el cable.","robots":{"index":"index","follow":"follow","max-snippet":"max-snippet:-1","max-image-preview":"max-image-preview:large","max-video-preview":"max-video-preview:-1"},"canonical":"https:\/\/www.ritzbrasil.com\/es\/produtos\/puentes-temporales\/puente-rigido\/","og_locale":"es_ES","og_type":"article","og_title":"Puente r\u00edgido","og_description":"Puente r\u00edgido con doble aislamiento y tubo RITZGLAS\u00ae, que proporciona seguridad al operario y elimina las curvas catenarias en el cable.","og_url":"https:\/\/www.ritzbrasil.com\/es\/produtos\/puentes-temporales\/puente-rigido\/","og_site_name":"Equipamentos de Manuten\u00e7\u00e3o e Seguran\u00e7a para o Setor El\u00e9trico - Ritz Brasil","article_modified_time":"2026-02-25T19:46:58+00:00","og_image":[{"width":1200,"height":1200,"url":"https:\/\/www.ritzbrasil.com\/wp-content\/uploads\/2024\/11\/rc601-02-jumper-rigido.jpg","type":"image\/jpeg"}],"twitter_card":"summary_large_image","twitter_misc":{"Tiempo de lectura":"1 minuto"},"schema":{"@context":"https:\/\/schema.org","@graph":[{"@type":"WebPage","@id":"https:\/\/www.ritzbrasil.com\/es\/produtos\/puentes-temporales\/puente-rigido\/","url":"https:\/\/www.ritzbrasil.com\/es\/produtos\/puentes-temporales\/puente-rigido\/","name":"Puente r\u00edgido","isPartOf":{"@id":"https:\/\/www.ritzbrasil.com\/es\/#website"},"primaryImageOfPage":{"@id":"https:\/\/www.ritzbrasil.com\/es\/produtos\/puentes-temporales\/puente-rigido\/#primaryimage"},"image":{"@id":"https:\/\/www.ritzbrasil.com\/es\/produtos\/puentes-temporales\/puente-rigido\/#primaryimage"},"thumbnailUrl":"https:\/\/www.ritzbrasil.com\/wp-content\/uploads\/2024\/11\/rc601-02-jumper-rigido.jpg","datePublished":"2024-11-04T16:57:03+00:00","dateModified":"2026-02-25T19:46:58+00:00","description":"Puente r\u00edgido con doble aislamiento y tubo RITZGLAS\u00ae, que proporciona seguridad al operario y elimina las curvas catenarias en el cable.","breadcrumb":{"@id":"https:\/\/www.ritzbrasil.com\/es\/produtos\/puentes-temporales\/puente-rigido\/#breadcrumb"},"inLanguage":"es","potentialAction":[{"@type":"ReadAction","target":["https:\/\/www.ritzbrasil.com\/es\/produtos\/puentes-temporales\/puente-rigido\/"]}]},{"@type":"ImageObject","inLanguage":"es","@id":"https:\/\/www.ritzbrasil.com\/es\/produtos\/puentes-temporales\/puente-rigido\/#primaryimage","url":"https:\/\/www.ritzbrasil.com\/wp-content\/uploads\/2024\/11\/rc601-02-jumper-rigido.jpg","contentUrl":"https:\/\/www.ritzbrasil.com\/wp-content\/uploads\/2024\/11\/rc601-02-jumper-rigido.jpg","width":1200,"height":1200,"caption":"RC601-02 Puente r\u00edgido"},{"@type":"BreadcrumbList","@id":"https:\/\/www.ritzbrasil.com\/es\/produtos\/puentes-temporales\/puente-rigido\/#breadcrumb","itemListElement":[{"@type":"ListItem","position":1,"name":"In\u00edcio","item":"https:\/\/www.ritzbrasil.com\/es\/"},{"@type":"ListItem","position":2,"name":"Tienda","item":"https:\/\/www.ritzbrasil.com\/es\/tienda\/"},{"@type":"ListItem","position":3,"name":"Puente r\u00edgido"}]},{"@type":"WebSite","@id":"https:\/\/www.ritzbrasil.com\/es\/#website","url":"https:\/\/www.ritzbrasil.com\/es\/","name":"Equipamentos de Manuten\u00e7\u00e3o e Seguran\u00e7a para o Setor El\u00e9trico - Ritz Brasil","description":"","potentialAction":[{"@type":"SearchAction","target":{"@type":"EntryPoint","urlTemplate":"https:\/\/www.ritzbrasil.com\/es\/?s={search_term_string}"},"query-input":{"@type":"PropertyValueSpecification","valueRequired":true,"valueName":"search_term_string"}}],"inLanguage":"es"}]}},"_links":{"self":[{"href":"https:\/\/www.ritzbrasil.com\/es\/wp-json\/wp\/v2\/product\/60897","targetHints":{"allow":["GET"]}}],"collection":[{"href":"https:\/\/www.ritzbrasil.com\/es\/wp-json\/wp\/v2\/product"}],"about":[{"href":"https:\/\/www.ritzbrasil.com\/es\/wp-json\/wp\/v2\/types\/product"}],"wp:featuredmedia":[{"embeddable":true,"href":"https:\/\/www.ritzbrasil.com\/es\/wp-json\/wp\/v2\/media\/60237"}],"wp:attachment":[{"href":"https:\/\/www.ritzbrasil.com\/es\/wp-json\/wp\/v2\/media?parent=60897"}],"wp:term":[{"taxonomy":"product_brand","embeddable":true,"href":"https:\/\/www.ritzbrasil.com\/es\/wp-json\/wp\/v2\/product_brand?post=60897"},{"taxonomy":"product_cat","embeddable":true,"href":"https:\/\/www.ritzbrasil.com\/es\/wp-json\/wp\/v2\/product_cat?post=60897"},{"taxonomy":"product_tag","embeddable":true,"href":"https:\/\/www.ritzbrasil.com\/es\/wp-json\/wp\/v2\/product_tag?post=60897"}],"curies":[{"name":"wp","href":"https:\/\/api.w.org\/{rel}","templated":true}]}}