{"id":60895,"date":"2024-11-04T11:22:45","date_gmt":"2024-11-04T14:22:45","guid":{"rendered":"https:\/\/bisque-bison-688002.hostingersite.com\/produtos\/sin%20categor\u00eda\/puente-temporal-para-el-casquillo-del-transformador\/"},"modified":"2026-02-25T16:47:09","modified_gmt":"2026-02-25T19:47:09","slug":"puente-temporal-para-el-casquillo-del-transformador","status":"publish","type":"product","link":"https:\/\/www.ritzbrasil.com\/es\/produtos\/puentes-temporales\/puente-temporal-para-el-casquillo-del-transformador\/","title":{"rendered":"Puente temporal para el casquillo del transformador"},"content":{"rendered":"<div class=\"wpb-content-wrapper\"><p>[vc_row][vc_column][vc_column_text css=\u00bb.vc_custom_1730727297434{margin-top: 20px !important;}\u00bb]<\/p>\n<h4><span style=\"color: #ff9900;\"><strong>FLV30750-1 &#8211; Cable tipo I<\/strong><\/span><\/h4>\n<p>[\/vc_column_text][vc_column_text css=\u00bb.vc_custom_1760968320400{margin-top: -20px !important;}\u00bb]\n<div id=\"tablepress-FLV30750-1-Cabo-Tipo-I-ES-scroll-wrapper\" class=\"tablepress-scroll-wrapper\">\n<table id=\"tablepress-FLV30750-1-Cabo-Tipo-I-ES\" class=\"tablepress tablepress-id-FLV30750-1-Cabo-Tipo-I-ES tablepress-responsive\">\n<thead>\n<tr class=\"row-1\">\n\t<td class=\"column-1\"><\/td><th class=\"column-2\">  Referencias<\/th><th class=\"column-3\">Caracter\u00edstica<\/th><td class=\"column-4\"><\/td>\n<\/tr>\n<\/thead>\n<tbody class=\"row-striping row-hover\">\n<tr class=\"row-2\">\n\t<td class=\"column-1\"><img decoding=\"async\" src=\"https:\/\/www.ritzbrasil.com\/wp-content\/uploads\/2024\/11\/flv11179-2-grampo-bucha-transformador-150x150-1.jpg\" \/><\/td><td class=\"column-2\">FLV11179-2<\/td><td class=\"column-3\">Abrazadera para el casquillo del transformador<\/td><td class=\"column-4\">    <button class=\"add-to-budget\" data-table-id=\"FLV30750-1-Cabo-Tipo-I\" data-reference=\"FLV11179-2\" data-description=\"FLV30750-1 - Cable tipo I\" style=\"color:#ff4d00;\">\n        <img decoding=\"async\" src=\"https:\/\/www.ritzbrasil.com\/\/wp-content\/uploads\/2024\/07\/orcar-compras-tabela-new-1.png\" alt=\"Solicitar cotizaci\u00f3n\" title=\"Solicitar cotizaci\u00f3n\" \/>\n    <\/button>\n    <\/td>\n<\/tr>\n<tr class=\"row-3\">\n\t<td class=\"column-1\"><img decoding=\"async\" src=\"https:\/\/www.ritzbrasil.com\/wp-content\/uploads\/2024\/10\/rg3622-1-grampo-torcao-by-pass-150x150-1.jpg\" \/><\/td><td class=\"column-2\">RG3622-1<\/td><td class=\"column-3\">Abrazadera de torsi\u00f3n<\/td><td class=\"column-4\">    <button class=\"add-to-budget\" data-table-id=\"FLV30750-1-Cabo-Tipo-I\" data-reference=\"RG3622-1\" data-description=\"FLV30750-1 - Cable tipo I\" style=\"color:#ff4d00;\">\n        <img decoding=\"async\" src=\"https:\/\/www.ritzbrasil.com\/\/wp-content\/uploads\/2024\/07\/orcar-compras-tabela-new-1.png\" alt=\"Solicitar cotizaci\u00f3n\" title=\"Solicitar cotizaci\u00f3n\" \/>\n    <\/button>\n    <\/td>\n<\/tr>\n<tr class=\"row-4\">\n\t<td class=\"column-1\"><img decoding=\"async\" src=\"https:\/\/www.ritzbrasil.com\/wp-content\/uploads\/2024\/10\/r3751-cabo-protegido-tipo1-150X150.jpg\" \/><\/td><td class=\"column-2\">R3751<\/td><td class=\"column-3\">Cable protegido tipo I para 15 kV calibre 2 AWG<\/td><td class=\"column-4\">    <button class=\"add-to-budget\" data-table-id=\"FLV30750-1-Cabo-Tipo-I\" data-reference=\"R3751\" data-description=\"FLV30750-1 - Cable tipo I\" style=\"color:#ff4d00;\">\n        <img decoding=\"async\" src=\"https:\/\/www.ritzbrasil.com\/\/wp-content\/uploads\/2024\/07\/orcar-compras-tabela-new-1.png\" alt=\"Solicitar cotizaci\u00f3n\" title=\"Solicitar cotizaci\u00f3n\" \/>\n    <\/button>\n    <\/td>\n<\/tr>\n<tr class=\"row-5\">\n\t<td class=\"column-1\"><img decoding=\"async\" src=\"https:\/\/www.ritzbrasil.com\/wp-content\/uploads\/2024\/11\/flv05784-1-dispositivo-protecao-jumper-150x150-1.jpg\" \/><\/td><td class=\"column-2\">FLV05784-1<\/td><td class=\"column-3\">Dispositivo de protecci\u00f3n para jumper<\/td><td class=\"column-4\">    <button class=\"add-to-budget\" data-table-id=\"FLV30750-1-Cabo-Tipo-I\" data-reference=\"FLV05784-1\" data-description=\"FLV30750-1 - Cable tipo I\" style=\"color:#ff4d00;\">\n        <img decoding=\"async\" src=\"https:\/\/www.ritzbrasil.com\/\/wp-content\/uploads\/2024\/07\/orcar-compras-tabela-new-1.png\" alt=\"Solicitar cotizaci\u00f3n\" title=\"Solicitar cotizaci\u00f3n\" \/>\n    <\/button>\n    <\/td>\n<\/tr>\n<tr class=\"row-6\">\n\t<td class=\"column-1\"><img decoding=\"async\" src=\"https:\/\/www.ritzbrasil.com\/wp-content\/uploads\/2024\/11\/rs1600-7-suporte-isolado-150x150-1.jpg\" \/><\/td><td class=\"column-2\">RS1600-7<\/td><td class=\"column-3\">Soporte aislado<\/td><td class=\"column-4\">    <button class=\"add-to-budget\" data-table-id=\"FLV30750-1-Cabo-Tipo-I\" data-reference=\"RS1600-7\" data-description=\"FLV30750-1 - Cable tipo I\" style=\"color:#ff4d00;\">\n        <img decoding=\"async\" src=\"https:\/\/www.ritzbrasil.com\/\/wp-content\/uploads\/2024\/07\/orcar-compras-tabela-new-1.png\" alt=\"Solicitar cotizaci\u00f3n\" title=\"Solicitar cotizaci\u00f3n\" \/>\n    <\/button>\n    <\/td>\n<\/tr>\n<\/tbody>\n<\/table>\n<\/div>\n[\/vc_column_text][vc_column_text css=\u00bb.vc_custom_1730727382045{margin-top: -20px !important;}\u00bb]<em>Peso aprox.: 5,80 kg (12,79 lb)<\/em>[\/vc_column_text][vc_separator border_width=\u00bb2&#8243; css=\u00bb\u00bb][\/vc_column][\/vc_row][vc_row][vc_column][vc_column_text css=\u00bb.vc_custom_1730727349997{margin-top: 20px !important;}\u00bb]<\/p>\n<h4><span style=\"color: #ff9900;\"><strong>FLV30751-1 &#8211; Cable tipo I<\/strong><\/span><\/h4>\n<p>[\/vc_column_text][vc_column_text css=\u00bb.vc_custom_1760968333575{margin-top: -20px !important;}\u00bb]\n<div id=\"tablepress-FLV30751-1-Cabo-Tipo-I-ES-scroll-wrapper\" class=\"tablepress-scroll-wrapper\">\n<table id=\"tablepress-FLV30751-1-Cabo-Tipo-I-ES\" class=\"tablepress tablepress-id-FLV30751-1-Cabo-Tipo-I-ES tablepress-responsive\">\n<thead>\n<tr class=\"row-1\">\n\t<td class=\"column-1\"><\/td><th class=\"column-2\">  Referencias<\/th><th class=\"column-3\">Caracter\u00edstica<\/th><td class=\"column-4\"><\/td>\n<\/tr>\n<\/thead>\n<tbody class=\"row-striping row-hover\">\n<tr class=\"row-2\">\n\t<td class=\"column-1\"><img decoding=\"async\" src=\"https:\/\/www.ritzbrasil.com\/wp-content\/uploads\/2024\/11\/flv11179-2-grampo-bucha-transformador-150x150-1.jpg\" \/><\/td><td class=\"column-2\">FLV11179-2<\/td><td class=\"column-3\">Abrazadera para el casquillo del transformador<\/td><td class=\"column-4\">    <button class=\"add-to-budget\" data-table-id=\"FLV30751-1-Cabo-Tipo-I\" data-reference=\"FLV11179-2\" data-description=\"FLV30751-1 \u2013 Cable tipo I\" style=\"color:#ff4d00;\">\n        <img decoding=\"async\" src=\"https:\/\/www.ritzbrasil.com\/\/wp-content\/uploads\/2024\/07\/orcar-compras-tabela-new-1.png\" alt=\"Solicitar cotizaci\u00f3n\" title=\"Solicitar cotizaci\u00f3n\" \/>\n    <\/button>\n    <\/td>\n<\/tr>\n<tr class=\"row-3\">\n\t<td class=\"column-1\"><img decoding=\"async\" src=\"https:\/\/www.ritzbrasil.com\/wp-content\/uploads\/2024\/08\/rg3622-1t-grampo-aterramento-ponto-terra-150x150-1.jpg\" \/><\/td><td class=\"column-2\">RG3622-1<\/td><td class=\"column-3\">Abrazadera de torsi\u00f3n<\/td><td class=\"column-4\">    <button class=\"add-to-budget\" data-table-id=\"FLV30751-1-Cabo-Tipo-I\" data-reference=\"RG3622-1\" data-description=\"FLV30751-1 \u2013 Cable tipo I\" style=\"color:#ff4d00;\">\n        <img decoding=\"async\" src=\"https:\/\/www.ritzbrasil.com\/\/wp-content\/uploads\/2024\/07\/orcar-compras-tabela-new-1.png\" alt=\"Solicitar cotizaci\u00f3n\" title=\"Solicitar cotizaci\u00f3n\" \/>\n    <\/button>\n    <\/td>\n<\/tr>\n<tr class=\"row-4\">\n\t<td class=\"column-1\"><img decoding=\"async\" src=\"https:\/\/www.ritzbrasil.com\/wp-content\/uploads\/2024\/10\/r3751-cabo-protegido-tipo1-150X150.jpg\" \/><\/td><td class=\"column-2\">R3751<\/td><td class=\"column-3\">Cable protegido tipo I para 15 kV calibre 2 AWG<\/td><td class=\"column-4\">    <button class=\"add-to-budget\" data-table-id=\"FLV30751-1-Cabo-Tipo-I\" data-reference=\"R3751\" data-description=\"FLV30751-1 \u2013 Cable tipo I\" style=\"color:#ff4d00;\">\n        <img decoding=\"async\" src=\"https:\/\/www.ritzbrasil.com\/\/wp-content\/uploads\/2024\/07\/orcar-compras-tabela-new-1.png\" alt=\"Solicitar cotizaci\u00f3n\" title=\"Solicitar cotizaci\u00f3n\" \/>\n    <\/button>\n    <\/td>\n<\/tr>\n<tr class=\"row-5\">\n\t<td class=\"column-1\"><img decoding=\"async\" src=\"https:\/\/www.ritzbrasil.com\/wp-content\/uploads\/2024\/11\/rc600-1895-chave-fusivel-150x150-1.jpg\" \/><\/td><td class=\"column-2\">RC600-1895<\/td><td class=\"column-3\">Llave fusible<\/td><td class=\"column-4\">    <button class=\"add-to-budget\" data-table-id=\"FLV30751-1-Cabo-Tipo-I\" data-reference=\"RC600-1895\" data-description=\"FLV30751-1 \u2013 Cable tipo I\" style=\"color:#ff4d00;\">\n        <img decoding=\"async\" src=\"https:\/\/www.ritzbrasil.com\/\/wp-content\/uploads\/2024\/07\/orcar-compras-tabela-new-1.png\" alt=\"Solicitar cotizaci\u00f3n\" title=\"Solicitar cotizaci\u00f3n\" \/>\n    <\/button>\n    <\/td>\n<\/tr>\n<\/tbody>\n<\/table>\n<\/div>\n[\/vc_column_text][vc_column_text css=\u00bb.vc_custom_1730727405025{margin-top: -20px !important;}\u00bb]<em>Peso aprox.: 8,10 kg (17,86 lb)<\/em>[\/vc_column_text][vc_separator border_width=\u00bb2&#8243; css=\u00bb\u00bb][\/vc_column][\/vc_row]<\/p>\n<\/div>","protected":false},"excerpt":{"rendered":"<h4><span style=\"color: #ff9900;\">Puente temporal para el casquillo del transformador<\/span><\/h4>\n<p>El uso de esta herramienta es una pr\u00e1ctica habitual cuando se trabaja en instalaciones de media tensi\u00f3n energizadas para sustituir y\/o reparar componentes instalados entre los casquillos del transformador y la red, lo que puede realizarse por el m\u00e9todo de contacto o a distancia.<\/p>\n<p>Disponible en dos versiones de montaje (ambas construidas con cables protegidos de 14,6 kV &#8211; calibre 2 AWG).<\/p>\n<p>Capacidad de corriente nominal: 100 A<\/p>\n","protected":false},"featured_media":60209,"template":"","meta":[],"product_brand":[],"product_cat":[1677],"product_tag":[1809,1808,1807,1810,1806,1811,1805,1759],"class_list":{"0":"post-60895","1":"product","2":"type-product","3":"status-publish","4":"has-post-thumbnail","6":"product_cat-puentes-temporales","7":"product_tag-flv05784-1-es","8":"product_tag-flv11179-2-es","9":"product_tag-flv30750-1-es","10":"product_tag-flv30751-1-es","11":"product_tag-r3751-es","12":"product_tag-rc600-1895-es","13":"product_tag-rg3622-1-es","14":"product_tag-rs1600-7-es","15":"description-off","17":"first","18":"instock","19":"virtual","20":"product-type-simple"},"yoast_head":"<!-- This site is optimized with the Yoast SEO plugin v27.1.1 - https:\/\/yoast.com\/product\/yoast-seo-wordpress\/ -->\n<title>Puente temporal para el casquillo del transformador<\/title>\n<meta name=\"description\" content=\"Puente temporal para casquillos de transformadores, ideal para intervenciones de media tensi\u00f3n, permite sustituir y reparar componentes con seguridad.\" \/>\n<meta name=\"robots\" content=\"index, follow, max-snippet:-1, max-image-preview:large, max-video-preview:-1\" \/>\n<link rel=\"canonical\" href=\"https:\/\/www.ritzbrasil.com\/es\/produtos\/puentes-temporales\/puente-temporal-para-el-casquillo-del-transformador\/\" \/>\n<meta property=\"og:locale\" content=\"es_ES\" \/>\n<meta property=\"og:type\" content=\"article\" \/>\n<meta property=\"og:title\" content=\"Puente temporal para el casquillo del transformador\" \/>\n<meta property=\"og:description\" content=\"Puente temporal para casquillos de transformadores, ideal para intervenciones de media tensi\u00f3n, permite sustituir y reparar componentes con seguridad.\" \/>\n<meta property=\"og:url\" content=\"https:\/\/www.ritzbrasil.com\/es\/produtos\/puentes-temporales\/puente-temporal-para-el-casquillo-del-transformador\/\" \/>\n<meta property=\"og:site_name\" content=\"Equipamentos de Manuten\u00e7\u00e3o e Seguran\u00e7a para o Setor El\u00e9trico - Ritz Brasil\" \/>\n<meta property=\"article:modified_time\" content=\"2026-02-25T19:47:09+00:00\" \/>\n<meta property=\"og:image\" content=\"https:\/\/www.ritzbrasil.com\/wp-content\/uploads\/2024\/11\/flv30750-1-jumper-temporario-bucha-transformador.jpg\" \/>\n\t<meta property=\"og:image:width\" content=\"1200\" \/>\n\t<meta property=\"og:image:height\" content=\"1200\" \/>\n\t<meta property=\"og:image:type\" content=\"image\/jpeg\" \/>\n<meta name=\"twitter:card\" content=\"summary_large_image\" \/>\n<meta name=\"twitter:label1\" content=\"Tiempo de lectura\" \/>\n\t<meta name=\"twitter:data1\" content=\"1 minuto\" \/>\n<script type=\"application\/ld+json\" class=\"yoast-schema-graph\">{\"@context\":\"https:\/\/schema.org\",\"@graph\":[{\"@type\":\"WebPage\",\"@id\":\"https:\/\/www.ritzbrasil.com\/es\/produtos\/puentes-temporales\/puente-temporal-para-el-casquillo-del-transformador\/\",\"url\":\"https:\/\/www.ritzbrasil.com\/es\/produtos\/puentes-temporales\/puente-temporal-para-el-casquillo-del-transformador\/\",\"name\":\"Puente temporal para el casquillo del transformador\",\"isPartOf\":{\"@id\":\"https:\/\/www.ritzbrasil.com\/es\/#website\"},\"primaryImageOfPage\":{\"@id\":\"https:\/\/www.ritzbrasil.com\/es\/produtos\/puentes-temporales\/puente-temporal-para-el-casquillo-del-transformador\/#primaryimage\"},\"image\":{\"@id\":\"https:\/\/www.ritzbrasil.com\/es\/produtos\/puentes-temporales\/puente-temporal-para-el-casquillo-del-transformador\/#primaryimage\"},\"thumbnailUrl\":\"https:\/\/www.ritzbrasil.com\/wp-content\/uploads\/2024\/11\/flv30750-1-jumper-temporario-bucha-transformador.jpg\",\"datePublished\":\"2024-11-04T14:22:45+00:00\",\"dateModified\":\"2026-02-25T19:47:09+00:00\",\"description\":\"Puente temporal para casquillos de transformadores, ideal para intervenciones de media tensi\u00f3n, permite sustituir y reparar componentes con seguridad.\",\"breadcrumb\":{\"@id\":\"https:\/\/www.ritzbrasil.com\/es\/produtos\/puentes-temporales\/puente-temporal-para-el-casquillo-del-transformador\/#breadcrumb\"},\"inLanguage\":\"es\",\"potentialAction\":[{\"@type\":\"ReadAction\",\"target\":[\"https:\/\/www.ritzbrasil.com\/es\/produtos\/puentes-temporales\/puente-temporal-para-el-casquillo-del-transformador\/\"]}]},{\"@type\":\"ImageObject\",\"inLanguage\":\"es\",\"@id\":\"https:\/\/www.ritzbrasil.com\/es\/produtos\/puentes-temporales\/puente-temporal-para-el-casquillo-del-transformador\/#primaryimage\",\"url\":\"https:\/\/www.ritzbrasil.com\/wp-content\/uploads\/2024\/11\/flv30750-1-jumper-temporario-bucha-transformador.jpg\",\"contentUrl\":\"https:\/\/www.ritzbrasil.com\/wp-content\/uploads\/2024\/11\/flv30750-1-jumper-temporario-bucha-transformador.jpg\",\"width\":1200,\"height\":1200,\"caption\":\"FLV30750-1 Puente temporal para casquillo de transformador\"},{\"@type\":\"BreadcrumbList\",\"@id\":\"https:\/\/www.ritzbrasil.com\/es\/produtos\/puentes-temporales\/puente-temporal-para-el-casquillo-del-transformador\/#breadcrumb\",\"itemListElement\":[{\"@type\":\"ListItem\",\"position\":1,\"name\":\"In\u00edcio\",\"item\":\"https:\/\/www.ritzbrasil.com\/es\/\"},{\"@type\":\"ListItem\",\"position\":2,\"name\":\"Tienda\",\"item\":\"https:\/\/www.ritzbrasil.com\/es\/tienda\/\"},{\"@type\":\"ListItem\",\"position\":3,\"name\":\"Puente temporal para el casquillo del transformador\"}]},{\"@type\":\"WebSite\",\"@id\":\"https:\/\/www.ritzbrasil.com\/es\/#website\",\"url\":\"https:\/\/www.ritzbrasil.com\/es\/\",\"name\":\"Equipamentos de Manuten\u00e7\u00e3o e Seguran\u00e7a para o Setor El\u00e9trico - Ritz Brasil\",\"description\":\"\",\"potentialAction\":[{\"@type\":\"SearchAction\",\"target\":{\"@type\":\"EntryPoint\",\"urlTemplate\":\"https:\/\/www.ritzbrasil.com\/es\/?s={search_term_string}\"},\"query-input\":{\"@type\":\"PropertyValueSpecification\",\"valueRequired\":true,\"valueName\":\"search_term_string\"}}],\"inLanguage\":\"es\"}]}<\/script>\n<!-- \/ Yoast SEO plugin. -->","yoast_head_json":{"title":"Puente temporal para el casquillo del transformador","description":"Puente temporal para casquillos de transformadores, ideal para intervenciones de media tensi\u00f3n, permite sustituir y reparar componentes con seguridad.","robots":{"index":"index","follow":"follow","max-snippet":"max-snippet:-1","max-image-preview":"max-image-preview:large","max-video-preview":"max-video-preview:-1"},"canonical":"https:\/\/www.ritzbrasil.com\/es\/produtos\/puentes-temporales\/puente-temporal-para-el-casquillo-del-transformador\/","og_locale":"es_ES","og_type":"article","og_title":"Puente temporal para el casquillo del transformador","og_description":"Puente temporal para casquillos de transformadores, ideal para intervenciones de media tensi\u00f3n, permite sustituir y reparar componentes con seguridad.","og_url":"https:\/\/www.ritzbrasil.com\/es\/produtos\/puentes-temporales\/puente-temporal-para-el-casquillo-del-transformador\/","og_site_name":"Equipamentos de Manuten\u00e7\u00e3o e Seguran\u00e7a para o Setor El\u00e9trico - Ritz Brasil","article_modified_time":"2026-02-25T19:47:09+00:00","og_image":[{"width":1200,"height":1200,"url":"https:\/\/www.ritzbrasil.com\/wp-content\/uploads\/2024\/11\/flv30750-1-jumper-temporario-bucha-transformador.jpg","type":"image\/jpeg"}],"twitter_card":"summary_large_image","twitter_misc":{"Tiempo de lectura":"1 minuto"},"schema":{"@context":"https:\/\/schema.org","@graph":[{"@type":"WebPage","@id":"https:\/\/www.ritzbrasil.com\/es\/produtos\/puentes-temporales\/puente-temporal-para-el-casquillo-del-transformador\/","url":"https:\/\/www.ritzbrasil.com\/es\/produtos\/puentes-temporales\/puente-temporal-para-el-casquillo-del-transformador\/","name":"Puente temporal para el casquillo del transformador","isPartOf":{"@id":"https:\/\/www.ritzbrasil.com\/es\/#website"},"primaryImageOfPage":{"@id":"https:\/\/www.ritzbrasil.com\/es\/produtos\/puentes-temporales\/puente-temporal-para-el-casquillo-del-transformador\/#primaryimage"},"image":{"@id":"https:\/\/www.ritzbrasil.com\/es\/produtos\/puentes-temporales\/puente-temporal-para-el-casquillo-del-transformador\/#primaryimage"},"thumbnailUrl":"https:\/\/www.ritzbrasil.com\/wp-content\/uploads\/2024\/11\/flv30750-1-jumper-temporario-bucha-transformador.jpg","datePublished":"2024-11-04T14:22:45+00:00","dateModified":"2026-02-25T19:47:09+00:00","description":"Puente temporal para casquillos de transformadores, ideal para intervenciones de media tensi\u00f3n, permite sustituir y reparar componentes con seguridad.","breadcrumb":{"@id":"https:\/\/www.ritzbrasil.com\/es\/produtos\/puentes-temporales\/puente-temporal-para-el-casquillo-del-transformador\/#breadcrumb"},"inLanguage":"es","potentialAction":[{"@type":"ReadAction","target":["https:\/\/www.ritzbrasil.com\/es\/produtos\/puentes-temporales\/puente-temporal-para-el-casquillo-del-transformador\/"]}]},{"@type":"ImageObject","inLanguage":"es","@id":"https:\/\/www.ritzbrasil.com\/es\/produtos\/puentes-temporales\/puente-temporal-para-el-casquillo-del-transformador\/#primaryimage","url":"https:\/\/www.ritzbrasil.com\/wp-content\/uploads\/2024\/11\/flv30750-1-jumper-temporario-bucha-transformador.jpg","contentUrl":"https:\/\/www.ritzbrasil.com\/wp-content\/uploads\/2024\/11\/flv30750-1-jumper-temporario-bucha-transformador.jpg","width":1200,"height":1200,"caption":"FLV30750-1 Puente temporal para casquillo de transformador"},{"@type":"BreadcrumbList","@id":"https:\/\/www.ritzbrasil.com\/es\/produtos\/puentes-temporales\/puente-temporal-para-el-casquillo-del-transformador\/#breadcrumb","itemListElement":[{"@type":"ListItem","position":1,"name":"In\u00edcio","item":"https:\/\/www.ritzbrasil.com\/es\/"},{"@type":"ListItem","position":2,"name":"Tienda","item":"https:\/\/www.ritzbrasil.com\/es\/tienda\/"},{"@type":"ListItem","position":3,"name":"Puente temporal para el casquillo del transformador"}]},{"@type":"WebSite","@id":"https:\/\/www.ritzbrasil.com\/es\/#website","url":"https:\/\/www.ritzbrasil.com\/es\/","name":"Equipamentos de Manuten\u00e7\u00e3o e Seguran\u00e7a para o Setor El\u00e9trico - Ritz Brasil","description":"","potentialAction":[{"@type":"SearchAction","target":{"@type":"EntryPoint","urlTemplate":"https:\/\/www.ritzbrasil.com\/es\/?s={search_term_string}"},"query-input":{"@type":"PropertyValueSpecification","valueRequired":true,"valueName":"search_term_string"}}],"inLanguage":"es"}]}},"_links":{"self":[{"href":"https:\/\/www.ritzbrasil.com\/es\/wp-json\/wp\/v2\/product\/60895","targetHints":{"allow":["GET"]}}],"collection":[{"href":"https:\/\/www.ritzbrasil.com\/es\/wp-json\/wp\/v2\/product"}],"about":[{"href":"https:\/\/www.ritzbrasil.com\/es\/wp-json\/wp\/v2\/types\/product"}],"wp:featuredmedia":[{"embeddable":true,"href":"https:\/\/www.ritzbrasil.com\/es\/wp-json\/wp\/v2\/media\/60209"}],"wp:attachment":[{"href":"https:\/\/www.ritzbrasil.com\/es\/wp-json\/wp\/v2\/media?parent=60895"}],"wp:term":[{"taxonomy":"product_brand","embeddable":true,"href":"https:\/\/www.ritzbrasil.com\/es\/wp-json\/wp\/v2\/product_brand?post=60895"},{"taxonomy":"product_cat","embeddable":true,"href":"https:\/\/www.ritzbrasil.com\/es\/wp-json\/wp\/v2\/product_cat?post=60895"},{"taxonomy":"product_tag","embeddable":true,"href":"https:\/\/www.ritzbrasil.com\/es\/wp-json\/wp\/v2\/product_tag?post=60895"}],"curies":[{"name":"wp","href":"https:\/\/api.w.org\/{rel}","templated":true}]}}