{"id":60893,"date":"2024-11-04T13:48:49","date_gmt":"2024-11-04T16:48:49","guid":{"rendered":"https:\/\/bisque-bison-688002.hostingersite.com\/produtos\/sin%20categor\u00eda\/puente-para-circuitos-de-red-de-distribucion-secundaria-trifasica-de-baja-tension\/"},"modified":"2026-02-25T16:47:03","modified_gmt":"2026-02-25T19:47:03","slug":"puente-para-circuitos-de-red-de-distribucion-secundaria-trifasica-de-baja-tension","status":"publish","type":"product","link":"https:\/\/www.ritzbrasil.com\/es\/produtos\/puentes-temporales\/puente-para-circuitos-de-red-de-distribucion-secundaria-trifasica-de-baja-tension\/","title":{"rendered":"Puente para Circuitos de Red de Distribuci\u00f3n Secundaria Trif\u00e1sica de Baja Tensi\u00f3n"},"content":{"rendered":"<div class=\"wpb-content-wrapper\"><p>[vc_row][vc_column][vc_column_text css=\u00bb.vc_custom_1730738729715{margin-top: 20px !important;}\u00bb]<\/p>\n<h4><span style=\"color: #ff9900;\"><strong>FLV31299-1 Puente para circuitos de red de distribuci\u00f3n secundaria trif\u00e1sica de baja tensi\u00f3n<\/strong><\/span><\/h4>\n<p>[\/vc_column_text][vc_column_text css=\u00bb.vc_custom_1760967538429{margin-top: -20px !important;}\u00bb]\n<div id=\"tablepress-FLV31299-1-Jumper-Circuitos-Rede-Secundaria-ES-scroll-wrapper\" class=\"tablepress-scroll-wrapper\">\n<table id=\"tablepress-FLV31299-1-Jumper-Circuitos-Rede-Secundaria-ES\" class=\"tablepress tablepress-id-FLV31299-1-Jumper-Circuitos-Rede-Secundaria-ES tablepress-responsive\">\n<thead>\n<tr class=\"row-1\">\n\t<td class=\"column-1\"><\/td><th class=\"column-2\">  Referencias<\/th><th class=\"column-3\">Caracter\u00edstica<\/th><td class=\"column-4\"><\/td>\n<\/tr>\n<\/thead>\n<tbody class=\"row-striping row-hover\">\n<tr class=\"row-2\">\n\t<td class=\"column-1\"><img decoding=\"async\" src=\"https:\/\/www.ritzbrasil.com\/wp-content\/uploads\/2024\/11\/flv31299-1-jumper-circuitos-rede-secundaria-distribuicao-trifasica-baixa-tensao-150x150-1.jpg\" \/><\/td><td class=\"column-2\">FLV31299-1<\/td><td class=\"column-3\">Tensi\u00f3n nominal m\u00e1xima de trabajo: 400 VcaPeso aproximado: 20,00 kg (44,09 lb)<\/td><td class=\"column-4\">    <button class=\"add-to-budget\" data-table-id=\"FLV31299-1-Jumper-Circuitos-Rede-Secundaria\" data-reference=\"FLV31299-1\" data-description=\"FLV31299-1 Puente para circuitos de red de distribuci\u00f3n secundaria trif\u00e1sica de baja tensi\u00f3n\" style=\"color:#ff4d00;\">\n        <img decoding=\"async\" src=\"https:\/\/www.ritzbrasil.com\/\/wp-content\/uploads\/2024\/07\/orcar-compras-tabela-new-1.png\" alt=\"Solicitar cotizaci\u00f3n\" title=\"Solicitar cotizaci\u00f3n\" \/>\n    <\/button>\n    <\/td>\n<\/tr>\n<\/tbody>\n<\/table>\n<\/div>\n[\/vc_column_text][vc_column_text css=\u00bb.vc_custom_1730738679136{margin-top: -20px !important;}\u00bb]Conjunto compuesto por: 06 pinzas con protecci\u00f3n aislante de poliestireno naranja hasta 25kV (RT601-0039); 01 caja de conexiones con disyuntor 3x250A 415V 20kA; 10,2 cable de cobre Tipo I de 35mm\u00b2 (200 A) con aislamiento EPR hasta 15kV, con 2 tramos de 1,5 2 tramos de 1,7 m y 2 tramos de 1,9 m (R3751); 06 terminales de cobre roscados y esta\u00f1ados (RC600-2622); t\u00e9rmino retr\u00e1ctil (ATR17923); 06 terminales largos de cobre esta\u00f1ado (ATR26446-4); 06 t\u00e9rmino retr\u00e1ctil azul de fase A (1000976); 01<br \/>\nTermo retr\u00e1ctil rojo fase B (1000977); 01 termo retr\u00e1ctil blanco fase C (1000978); 01 soporte tipo U (1000015); 01 asa de soporte (5002518).[\/vc_column_text][vc_separator border_width=\u00bb2&#8243; css=\u00bb\u00bb][\/vc_column][\/vc_row]<\/p>\n<\/div>","protected":false},"excerpt":{"rendered":"<h4><span style=\"color: #ff9900;\">Puente para redes trif\u00e1sicas secundarias de baja tensi\u00f3n<\/span><\/h4>\n<p>Aplicaci\u00f3n vers\u00e1til como puente temporal y derivaci\u00f3n en circuitos trif\u00e1sicos energizados de baja tensi\u00f3n (220V\/200A).<\/p>\n<p>Tambi\u00e9n destaca como puente en circuitos secundarios de transformadores de hasta 75kVA en redes de distribuci\u00f3n el\u00e9ctrica. Tambi\u00e9n es una soluci\u00f3n eficaz para transportar temporalmente energ\u00eda entre puntos durante procedimientos de mantenimiento correctivo o preventivo. El disyuntor integrado proporciona protecci\u00f3n adicional contra sobrecargas y cortocircuitos.<\/p>\n<p>Equipado con un soporte tipo U que simplifica la instalaci\u00f3n y permite fijarlo a las asas de los postes.<br \/>\nTensi\u00f3n nominal m\u00e1xima de trabajo: 400Vac<br \/>\nPeso aproximado: 20,00 kg (44,09 lb)<\/p>\n","protected":false},"featured_media":60233,"template":"","meta":[],"product_brand":[],"product_cat":[1677],"product_tag":[1803],"class_list":{"0":"post-60893","1":"product","2":"type-product","3":"status-publish","4":"has-post-thumbnail","6":"product_cat-puentes-temporales","7":"product_tag-flv31299-1-es","8":"description-off","10":"first","11":"instock","12":"virtual","13":"product-type-simple"},"yoast_head":"<!-- This site is optimized with the Yoast SEO plugin v27.1.1 - https:\/\/yoast.com\/product\/yoast-seo-wordpress\/ -->\n<title>Puente para redes trif\u00e1sicas secundarias de baja tensi\u00f3n<\/title>\n<meta name=\"description\" content=\"Puente para redes trif\u00e1sicas de baja tensi\u00f3n (220V\/200A), ideal para derivaciones y uso temporal en circuitos energizados y transformadores de hasta 75kVA.\" \/>\n<meta name=\"robots\" content=\"index, follow, max-snippet:-1, max-image-preview:large, max-video-preview:-1\" \/>\n<link rel=\"canonical\" href=\"https:\/\/www.ritzbrasil.com\/es\/produtos\/puentes-temporales\/puente-para-circuitos-de-red-de-distribucion-secundaria-trifasica-de-baja-tension\/\" \/>\n<meta property=\"og:locale\" content=\"es_ES\" \/>\n<meta property=\"og:type\" content=\"article\" \/>\n<meta property=\"og:title\" content=\"Puente para redes trif\u00e1sicas secundarias de baja tensi\u00f3n\" \/>\n<meta property=\"og:description\" content=\"Puente para redes trif\u00e1sicas de baja tensi\u00f3n (220V\/200A), ideal para derivaciones y uso temporal en circuitos energizados y transformadores de hasta 75kVA.\" \/>\n<meta property=\"og:url\" content=\"https:\/\/www.ritzbrasil.com\/es\/produtos\/puentes-temporales\/puente-para-circuitos-de-red-de-distribucion-secundaria-trifasica-de-baja-tension\/\" \/>\n<meta property=\"og:site_name\" content=\"Equipamentos de Manuten\u00e7\u00e3o e Seguran\u00e7a para o Setor El\u00e9trico - Ritz Brasil\" \/>\n<meta property=\"article:modified_time\" content=\"2026-02-25T19:47:03+00:00\" \/>\n<meta property=\"og:image\" content=\"https:\/\/www.ritzbrasil.com\/wp-content\/uploads\/2024\/11\/flv31299-1-jumper-circuitos-rede-secundaria-distribuicao-trifasica-baixa-tensao.jpg\" \/>\n\t<meta property=\"og:image:width\" content=\"1200\" \/>\n\t<meta property=\"og:image:height\" content=\"1200\" \/>\n\t<meta property=\"og:image:type\" content=\"image\/jpeg\" \/>\n<meta name=\"twitter:card\" content=\"summary_large_image\" \/>\n<meta name=\"twitter:label1\" content=\"Tiempo de lectura\" \/>\n\t<meta name=\"twitter:data1\" content=\"1 minuto\" \/>\n<script type=\"application\/ld+json\" class=\"yoast-schema-graph\">{\"@context\":\"https:\/\/schema.org\",\"@graph\":[{\"@type\":\"WebPage\",\"@id\":\"https:\/\/www.ritzbrasil.com\/es\/produtos\/puentes-temporales\/puente-para-circuitos-de-red-de-distribucion-secundaria-trifasica-de-baja-tension\/\",\"url\":\"https:\/\/www.ritzbrasil.com\/es\/produtos\/puentes-temporales\/puente-para-circuitos-de-red-de-distribucion-secundaria-trifasica-de-baja-tension\/\",\"name\":\"Puente para redes trif\u00e1sicas secundarias de baja tensi\u00f3n\",\"isPartOf\":{\"@id\":\"https:\/\/www.ritzbrasil.com\/es\/#website\"},\"primaryImageOfPage\":{\"@id\":\"https:\/\/www.ritzbrasil.com\/es\/produtos\/puentes-temporales\/puente-para-circuitos-de-red-de-distribucion-secundaria-trifasica-de-baja-tension\/#primaryimage\"},\"image\":{\"@id\":\"https:\/\/www.ritzbrasil.com\/es\/produtos\/puentes-temporales\/puente-para-circuitos-de-red-de-distribucion-secundaria-trifasica-de-baja-tension\/#primaryimage\"},\"thumbnailUrl\":\"https:\/\/www.ritzbrasil.com\/wp-content\/uploads\/2024\/11\/flv31299-1-jumper-circuitos-rede-secundaria-distribuicao-trifasica-baixa-tensao.jpg\",\"datePublished\":\"2024-11-04T16:48:49+00:00\",\"dateModified\":\"2026-02-25T19:47:03+00:00\",\"description\":\"Puente para redes trif\u00e1sicas de baja tensi\u00f3n (220V\/200A), ideal para derivaciones y uso temporal en circuitos energizados y transformadores de hasta 75kVA.\",\"breadcrumb\":{\"@id\":\"https:\/\/www.ritzbrasil.com\/es\/produtos\/puentes-temporales\/puente-para-circuitos-de-red-de-distribucion-secundaria-trifasica-de-baja-tension\/#breadcrumb\"},\"inLanguage\":\"es\",\"potentialAction\":[{\"@type\":\"ReadAction\",\"target\":[\"https:\/\/www.ritzbrasil.com\/es\/produtos\/puentes-temporales\/puente-para-circuitos-de-red-de-distribucion-secundaria-trifasica-de-baja-tension\/\"]}]},{\"@type\":\"ImageObject\",\"inLanguage\":\"es\",\"@id\":\"https:\/\/www.ritzbrasil.com\/es\/produtos\/puentes-temporales\/puente-para-circuitos-de-red-de-distribucion-secundaria-trifasica-de-baja-tension\/#primaryimage\",\"url\":\"https:\/\/www.ritzbrasil.com\/wp-content\/uploads\/2024\/11\/flv31299-1-jumper-circuitos-rede-secundaria-distribuicao-trifasica-baixa-tensao.jpg\",\"contentUrl\":\"https:\/\/www.ritzbrasil.com\/wp-content\/uploads\/2024\/11\/flv31299-1-jumper-circuitos-rede-secundaria-distribuicao-trifasica-baixa-tensao.jpg\",\"width\":1200,\"height\":1200,\"caption\":\"FLV31299-1 Puente para circuitos de red de distribuci\u00f3n secundaria trif\u00e1sica de baja tensi\u00f3n\"},{\"@type\":\"BreadcrumbList\",\"@id\":\"https:\/\/www.ritzbrasil.com\/es\/produtos\/puentes-temporales\/puente-para-circuitos-de-red-de-distribucion-secundaria-trifasica-de-baja-tension\/#breadcrumb\",\"itemListElement\":[{\"@type\":\"ListItem\",\"position\":1,\"name\":\"In\u00edcio\",\"item\":\"https:\/\/www.ritzbrasil.com\/es\/\"},{\"@type\":\"ListItem\",\"position\":2,\"name\":\"Tienda\",\"item\":\"https:\/\/www.ritzbrasil.com\/es\/tienda\/\"},{\"@type\":\"ListItem\",\"position\":3,\"name\":\"Puente para Circuitos de Red de Distribuci\u00f3n Secundaria Trif\u00e1sica de Baja Tensi\u00f3n\"}]},{\"@type\":\"WebSite\",\"@id\":\"https:\/\/www.ritzbrasil.com\/es\/#website\",\"url\":\"https:\/\/www.ritzbrasil.com\/es\/\",\"name\":\"Equipamentos de Manuten\u00e7\u00e3o e Seguran\u00e7a para o Setor El\u00e9trico - Ritz Brasil\",\"description\":\"\",\"potentialAction\":[{\"@type\":\"SearchAction\",\"target\":{\"@type\":\"EntryPoint\",\"urlTemplate\":\"https:\/\/www.ritzbrasil.com\/es\/?s={search_term_string}\"},\"query-input\":{\"@type\":\"PropertyValueSpecification\",\"valueRequired\":true,\"valueName\":\"search_term_string\"}}],\"inLanguage\":\"es\"}]}<\/script>\n<!-- \/ Yoast SEO plugin. -->","yoast_head_json":{"title":"Puente para redes trif\u00e1sicas secundarias de baja tensi\u00f3n","description":"Puente para redes trif\u00e1sicas de baja tensi\u00f3n (220V\/200A), ideal para derivaciones y uso temporal en circuitos energizados y transformadores de hasta 75kVA.","robots":{"index":"index","follow":"follow","max-snippet":"max-snippet:-1","max-image-preview":"max-image-preview:large","max-video-preview":"max-video-preview:-1"},"canonical":"https:\/\/www.ritzbrasil.com\/es\/produtos\/puentes-temporales\/puente-para-circuitos-de-red-de-distribucion-secundaria-trifasica-de-baja-tension\/","og_locale":"es_ES","og_type":"article","og_title":"Puente para redes trif\u00e1sicas secundarias de baja tensi\u00f3n","og_description":"Puente para redes trif\u00e1sicas de baja tensi\u00f3n (220V\/200A), ideal para derivaciones y uso temporal en circuitos energizados y transformadores de hasta 75kVA.","og_url":"https:\/\/www.ritzbrasil.com\/es\/produtos\/puentes-temporales\/puente-para-circuitos-de-red-de-distribucion-secundaria-trifasica-de-baja-tension\/","og_site_name":"Equipamentos de Manuten\u00e7\u00e3o e Seguran\u00e7a para o Setor El\u00e9trico - Ritz Brasil","article_modified_time":"2026-02-25T19:47:03+00:00","og_image":[{"width":1200,"height":1200,"url":"https:\/\/www.ritzbrasil.com\/wp-content\/uploads\/2024\/11\/flv31299-1-jumper-circuitos-rede-secundaria-distribuicao-trifasica-baixa-tensao.jpg","type":"image\/jpeg"}],"twitter_card":"summary_large_image","twitter_misc":{"Tiempo de lectura":"1 minuto"},"schema":{"@context":"https:\/\/schema.org","@graph":[{"@type":"WebPage","@id":"https:\/\/www.ritzbrasil.com\/es\/produtos\/puentes-temporales\/puente-para-circuitos-de-red-de-distribucion-secundaria-trifasica-de-baja-tension\/","url":"https:\/\/www.ritzbrasil.com\/es\/produtos\/puentes-temporales\/puente-para-circuitos-de-red-de-distribucion-secundaria-trifasica-de-baja-tension\/","name":"Puente para redes trif\u00e1sicas secundarias de baja tensi\u00f3n","isPartOf":{"@id":"https:\/\/www.ritzbrasil.com\/es\/#website"},"primaryImageOfPage":{"@id":"https:\/\/www.ritzbrasil.com\/es\/produtos\/puentes-temporales\/puente-para-circuitos-de-red-de-distribucion-secundaria-trifasica-de-baja-tension\/#primaryimage"},"image":{"@id":"https:\/\/www.ritzbrasil.com\/es\/produtos\/puentes-temporales\/puente-para-circuitos-de-red-de-distribucion-secundaria-trifasica-de-baja-tension\/#primaryimage"},"thumbnailUrl":"https:\/\/www.ritzbrasil.com\/wp-content\/uploads\/2024\/11\/flv31299-1-jumper-circuitos-rede-secundaria-distribuicao-trifasica-baixa-tensao.jpg","datePublished":"2024-11-04T16:48:49+00:00","dateModified":"2026-02-25T19:47:03+00:00","description":"Puente para redes trif\u00e1sicas de baja tensi\u00f3n (220V\/200A), ideal para derivaciones y uso temporal en circuitos energizados y transformadores de hasta 75kVA.","breadcrumb":{"@id":"https:\/\/www.ritzbrasil.com\/es\/produtos\/puentes-temporales\/puente-para-circuitos-de-red-de-distribucion-secundaria-trifasica-de-baja-tension\/#breadcrumb"},"inLanguage":"es","potentialAction":[{"@type":"ReadAction","target":["https:\/\/www.ritzbrasil.com\/es\/produtos\/puentes-temporales\/puente-para-circuitos-de-red-de-distribucion-secundaria-trifasica-de-baja-tension\/"]}]},{"@type":"ImageObject","inLanguage":"es","@id":"https:\/\/www.ritzbrasil.com\/es\/produtos\/puentes-temporales\/puente-para-circuitos-de-red-de-distribucion-secundaria-trifasica-de-baja-tension\/#primaryimage","url":"https:\/\/www.ritzbrasil.com\/wp-content\/uploads\/2024\/11\/flv31299-1-jumper-circuitos-rede-secundaria-distribuicao-trifasica-baixa-tensao.jpg","contentUrl":"https:\/\/www.ritzbrasil.com\/wp-content\/uploads\/2024\/11\/flv31299-1-jumper-circuitos-rede-secundaria-distribuicao-trifasica-baixa-tensao.jpg","width":1200,"height":1200,"caption":"FLV31299-1 Puente para circuitos de red de distribuci\u00f3n secundaria trif\u00e1sica de baja tensi\u00f3n"},{"@type":"BreadcrumbList","@id":"https:\/\/www.ritzbrasil.com\/es\/produtos\/puentes-temporales\/puente-para-circuitos-de-red-de-distribucion-secundaria-trifasica-de-baja-tension\/#breadcrumb","itemListElement":[{"@type":"ListItem","position":1,"name":"In\u00edcio","item":"https:\/\/www.ritzbrasil.com\/es\/"},{"@type":"ListItem","position":2,"name":"Tienda","item":"https:\/\/www.ritzbrasil.com\/es\/tienda\/"},{"@type":"ListItem","position":3,"name":"Puente para Circuitos de Red de Distribuci\u00f3n Secundaria Trif\u00e1sica de Baja Tensi\u00f3n"}]},{"@type":"WebSite","@id":"https:\/\/www.ritzbrasil.com\/es\/#website","url":"https:\/\/www.ritzbrasil.com\/es\/","name":"Equipamentos de Manuten\u00e7\u00e3o e Seguran\u00e7a para o Setor El\u00e9trico - Ritz Brasil","description":"","potentialAction":[{"@type":"SearchAction","target":{"@type":"EntryPoint","urlTemplate":"https:\/\/www.ritzbrasil.com\/es\/?s={search_term_string}"},"query-input":{"@type":"PropertyValueSpecification","valueRequired":true,"valueName":"search_term_string"}}],"inLanguage":"es"}]}},"_links":{"self":[{"href":"https:\/\/www.ritzbrasil.com\/es\/wp-json\/wp\/v2\/product\/60893","targetHints":{"allow":["GET"]}}],"collection":[{"href":"https:\/\/www.ritzbrasil.com\/es\/wp-json\/wp\/v2\/product"}],"about":[{"href":"https:\/\/www.ritzbrasil.com\/es\/wp-json\/wp\/v2\/types\/product"}],"wp:featuredmedia":[{"embeddable":true,"href":"https:\/\/www.ritzbrasil.com\/es\/wp-json\/wp\/v2\/media\/60233"}],"wp:attachment":[{"href":"https:\/\/www.ritzbrasil.com\/es\/wp-json\/wp\/v2\/media?parent=60893"}],"wp:term":[{"taxonomy":"product_brand","embeddable":true,"href":"https:\/\/www.ritzbrasil.com\/es\/wp-json\/wp\/v2\/product_brand?post=60893"},{"taxonomy":"product_cat","embeddable":true,"href":"https:\/\/www.ritzbrasil.com\/es\/wp-json\/wp\/v2\/product_cat?post=60893"},{"taxonomy":"product_tag","embeddable":true,"href":"https:\/\/www.ritzbrasil.com\/es\/wp-json\/wp\/v2\/product_tag?post=60893"}],"curies":[{"name":"wp","href":"https:\/\/api.w.org\/{rel}","templated":true}]}}