{"id":60888,"date":"2024-11-05T17:29:26","date_gmt":"2024-11-05T20:29:26","guid":{"rendered":"https:\/\/bisque-bison-688002.hostingersite.com\/produtos\/sin%20categor\u00eda\/equipo-de-conmutacion-temporal\/"},"modified":"2026-02-25T16:44:57","modified_gmt":"2026-02-25T19:44:57","slug":"equipo-de-conmutacion-temporal","status":"publish","type":"product","link":"https:\/\/www.ritzbrasil.com\/es\/produtos\/productos\/puentes-temporales\/equipo-de-conmutacion-temporal\/","title":{"rendered":"Equipo de conmutaci\u00f3n temporal"},"content":{"rendered":"<div class=\"wpb-content-wrapper\"><p>[vc_row][vc_column][vc_column_text css=\u00bb.vc_custom_1730838101481{margin-top: 20px !important;}\u00bb]<\/p>\n<h4><span style=\"color: #ff9900;\"><strong>Equipo de conmutaci\u00f3n temporal<\/strong><\/span><\/h4>\n<p>[\/vc_column_text][vc_column_text css=\u00bb.vc_custom_1759840131459{margin-top: -20px !important;}\u00bb]\n<div id=\"tablepress-equipamento-seccionamento-temporario-ES-scroll-wrapper\" class=\"tablepress-scroll-wrapper\">\n<table id=\"tablepress-equipamento-seccionamento-temporario-ES\" class=\"tablepress tablepress-id-equipamento-seccionamento-temporario-ES tablepress-responsive\">\n<thead>\n<tr class=\"row-1\">\n\t<td class=\"column-1\"><\/td><th class=\"column-2\">  Referencias<\/th><th class=\"column-3\">Caracter\u00edstica<\/th><td class=\"column-4\"><\/td>\n<\/tr>\n<\/thead>\n<tbody class=\"row-striping row-hover\">\n<tr class=\"row-2\">\n\t<td class=\"column-1\"><img decoding=\"async\" src=\"https:\/\/www.ritzbrasil.com\/wp-content\/uploads\/2024\/11\/flv13917-1-equipamento-seccionamento-temporario-150x150-1.jpg\" \/><\/td><td class=\"column-2\">FLV13917-1<\/td><td class=\"column-3\">Equipos de seccionamiento temporal, con clase de tensi\u00f3n hasta 25 kV<\/td><td class=\"column-4\">    <button class=\"add-to-budget\" data-table-id=\"equipamento-seccionamento-temporario\" data-reference=\"FLV13917-1\" data-description=\"Equipo de seccionamiento temporal\" style=\"color:#ff4d00;\">\n        <img decoding=\"async\" src=\"https:\/\/www.ritzbrasil.com\/\/wp-content\/uploads\/2024\/07\/orcar-compras-tabela-new-1.png\" alt=\"Solicitar cotizaci\u00f3n\" title=\"Solicitar cotizaci\u00f3n\" \/>\n    <\/button>\n    <\/td>\n<\/tr>\n<tr class=\"row-3\">\n\t<td class=\"column-1\"><img decoding=\"async\" src=\"https:\/\/www.ritzbrasil.com\/wp-content\/uploads\/2024\/11\/flv30047-1-equipamento-seccionamento-temporario-150x150-1.jpg\" \/><\/td><td class=\"column-2\">FLV30047-1<\/td><td class=\"column-3\">Equipos de seccionamiento temporal, con clase de tensi\u00f3n hasta 36 kV<\/td><td class=\"column-4\">    <button class=\"add-to-budget\" data-table-id=\"equipamento-seccionamento-temporario\" data-reference=\"FLV30047-1\" data-description=\"Equipo de seccionamiento temporal\" style=\"color:#ff4d00;\">\n        <img decoding=\"async\" src=\"https:\/\/www.ritzbrasil.com\/\/wp-content\/uploads\/2024\/07\/orcar-compras-tabela-new-1.png\" alt=\"Solicitar cotizaci\u00f3n\" title=\"Solicitar cotizaci\u00f3n\" \/>\n    <\/button>\n    <\/td>\n<\/tr>\n<\/tbody>\n<\/table>\n<\/div>\n[\/vc_column_text][vc_separator border_width=\u00bb2&#8243; css=\u00bb\u00bb][\/vc_column][\/vc_row]<\/p>\n<\/div>","protected":false},"excerpt":{"rendered":"<h4><span style=\"color: #ff9900;\">Equipo de conmutaci\u00f3n temporal<\/span><\/h4>\n<p>Este dispositivo se utiliza para desconectar de forma segura y econ\u00f3mica circuitos en redes de distribuci\u00f3n de hasta 25 y 36 kV, ya que permite desenergizar secciones concretas para su mantenimiento.<\/p>\n<p>La operaci\u00f3n consiste en instalar esta herramienta en conductores de 1\/0 a 336,4 MCM (\u00d8 10 a 18 mm), con procedimientos de trabajo en tensi\u00f3n, en puntos previamente determinados. Esto permite liberar secciones sin tensi\u00f3n durante un breve periodo de tiempo para realizar tareas de mantenimiento.<\/p>\n<p>La instalaci\u00f3n debe realizarse siempre cerca de la estructura y con procedimientos de l\u00ednea viva.<br \/>\nPara mayor seguridad operativa, la colocaci\u00f3n de los tres dispositivos de desconexi\u00f3n temporal debe estar siempre desalineada respecto a la herramienta adyacente.<\/p>\n<p>Esta herramienta tiene las mismas caracter\u00edsticas que una llave de cuchillas convencional, adem\u00e1s de componentes aislantes que la hacen adecuada para este tipo de intervenciones.<\/p>\n<p>Dispone de ganchos que permiten utilizar un dispositivo interno de extinci\u00f3n del arco el\u00e9ctrico para mayor seguridad.<\/p>\n","protected":false},"featured_media":60269,"template":"","meta":[],"product_brand":[],"product_cat":[1677],"product_tag":[1761,1762],"class_list":{"0":"post-60888","1":"product","2":"type-product","3":"status-publish","4":"has-post-thumbnail","6":"product_cat-puentes-temporales","7":"product_tag-flv13917-1-es","8":"product_tag-flv30047-1-es","9":"description-off","11":"first","12":"instock","13":"virtual","14":"product-type-simple"},"yoast_head":"<!-- This site is optimized with the Yoast SEO plugin v27.1.1 - https:\/\/yoast.com\/product\/yoast-seo-wordpress\/ -->\n<title>Equipo de conmutaci\u00f3n temporal<\/title>\n<meta name=\"description\" content=\"Equipo para la desconexi\u00f3n temporal de circuitos en redes de hasta 25 y 36 kV, que permite la desexcitaci\u00f3n segura para el mantenimiento.\" \/>\n<meta name=\"robots\" content=\"index, follow, max-snippet:-1, max-image-preview:large, max-video-preview:-1\" \/>\n<link rel=\"canonical\" href=\"https:\/\/www.ritzbrasil.com\/es\/produtos\/productos\/puentes-temporales\/equipo-de-conmutacion-temporal\/\" \/>\n<meta property=\"og:locale\" content=\"es_ES\" \/>\n<meta property=\"og:type\" content=\"article\" \/>\n<meta property=\"og:title\" content=\"Equipo de conmutaci\u00f3n temporal\" \/>\n<meta property=\"og:description\" content=\"Equipo para la desconexi\u00f3n temporal de circuitos en redes de hasta 25 y 36 kV, que permite la desexcitaci\u00f3n segura para el mantenimiento.\" \/>\n<meta property=\"og:url\" content=\"https:\/\/www.ritzbrasil.com\/es\/produtos\/productos\/puentes-temporales\/equipo-de-conmutacion-temporal\/\" \/>\n<meta property=\"og:site_name\" content=\"Equipamentos de Manuten\u00e7\u00e3o e Seguran\u00e7a para o Setor El\u00e9trico - Ritz Brasil\" \/>\n<meta property=\"article:modified_time\" content=\"2026-02-25T19:44:57+00:00\" \/>\n<meta property=\"og:image\" content=\"https:\/\/www.ritzbrasil.com\/wp-content\/uploads\/2024\/11\/flv13917-1-equipamento-seccionamento-temporario.jpg\" \/>\n\t<meta property=\"og:image:width\" content=\"1200\" \/>\n\t<meta property=\"og:image:height\" content=\"1200\" \/>\n\t<meta property=\"og:image:type\" content=\"image\/jpeg\" \/>\n<meta name=\"twitter:card\" content=\"summary_large_image\" \/>\n<meta name=\"twitter:label1\" content=\"Tiempo de lectura\" \/>\n\t<meta name=\"twitter:data1\" content=\"1 minuto\" \/>\n<script type=\"application\/ld+json\" class=\"yoast-schema-graph\">{\"@context\":\"https:\/\/schema.org\",\"@graph\":[{\"@type\":\"WebPage\",\"@id\":\"https:\/\/www.ritzbrasil.com\/es\/produtos\/productos\/puentes-temporales\/equipo-de-conmutacion-temporal\/\",\"url\":\"https:\/\/www.ritzbrasil.com\/es\/produtos\/productos\/puentes-temporales\/equipo-de-conmutacion-temporal\/\",\"name\":\"Equipo de conmutaci\u00f3n temporal\",\"isPartOf\":{\"@id\":\"https:\/\/www.ritzbrasil.com\/es\/#website\"},\"primaryImageOfPage\":{\"@id\":\"https:\/\/www.ritzbrasil.com\/es\/produtos\/productos\/puentes-temporales\/equipo-de-conmutacion-temporal\/#primaryimage\"},\"image\":{\"@id\":\"https:\/\/www.ritzbrasil.com\/es\/produtos\/productos\/puentes-temporales\/equipo-de-conmutacion-temporal\/#primaryimage\"},\"thumbnailUrl\":\"https:\/\/www.ritzbrasil.com\/wp-content\/uploads\/2024\/11\/flv13917-1-equipamento-seccionamento-temporario.jpg\",\"datePublished\":\"2024-11-05T20:29:26+00:00\",\"dateModified\":\"2026-02-25T19:44:57+00:00\",\"description\":\"Equipo para la desconexi\u00f3n temporal de circuitos en redes de hasta 25 y 36 kV, que permite la desexcitaci\u00f3n segura para el mantenimiento.\",\"breadcrumb\":{\"@id\":\"https:\/\/www.ritzbrasil.com\/es\/produtos\/productos\/puentes-temporales\/equipo-de-conmutacion-temporal\/#breadcrumb\"},\"inLanguage\":\"es\",\"potentialAction\":[{\"@type\":\"ReadAction\",\"target\":[\"https:\/\/www.ritzbrasil.com\/es\/produtos\/productos\/puentes-temporales\/equipo-de-conmutacion-temporal\/\"]}]},{\"@type\":\"ImageObject\",\"inLanguage\":\"es\",\"@id\":\"https:\/\/www.ritzbrasil.com\/es\/produtos\/productos\/puentes-temporales\/equipo-de-conmutacion-temporal\/#primaryimage\",\"url\":\"https:\/\/www.ritzbrasil.com\/wp-content\/uploads\/2024\/11\/flv13917-1-equipamento-seccionamento-temporario.jpg\",\"contentUrl\":\"https:\/\/www.ritzbrasil.com\/wp-content\/uploads\/2024\/11\/flv13917-1-equipamento-seccionamento-temporario.jpg\",\"width\":1200,\"height\":1200,\"caption\":\"FLV13917-1 Equipo de conmutaci\u00f3n temporal\"},{\"@type\":\"BreadcrumbList\",\"@id\":\"https:\/\/www.ritzbrasil.com\/es\/produtos\/productos\/puentes-temporales\/equipo-de-conmutacion-temporal\/#breadcrumb\",\"itemListElement\":[{\"@type\":\"ListItem\",\"position\":1,\"name\":\"In\u00edcio\",\"item\":\"https:\/\/www.ritzbrasil.com\/es\/\"},{\"@type\":\"ListItem\",\"position\":2,\"name\":\"Tienda\",\"item\":\"https:\/\/www.ritzbrasil.com\/es\/tienda\/\"},{\"@type\":\"ListItem\",\"position\":3,\"name\":\"Equipo de conmutaci\u00f3n temporal\"}]},{\"@type\":\"WebSite\",\"@id\":\"https:\/\/www.ritzbrasil.com\/es\/#website\",\"url\":\"https:\/\/www.ritzbrasil.com\/es\/\",\"name\":\"Equipamentos de Manuten\u00e7\u00e3o e Seguran\u00e7a para o Setor El\u00e9trico - Ritz Brasil\",\"description\":\"\",\"potentialAction\":[{\"@type\":\"SearchAction\",\"target\":{\"@type\":\"EntryPoint\",\"urlTemplate\":\"https:\/\/www.ritzbrasil.com\/es\/?s={search_term_string}\"},\"query-input\":{\"@type\":\"PropertyValueSpecification\",\"valueRequired\":true,\"valueName\":\"search_term_string\"}}],\"inLanguage\":\"es\"}]}<\/script>\n<!-- \/ Yoast SEO plugin. -->","yoast_head_json":{"title":"Equipo de conmutaci\u00f3n temporal","description":"Equipo para la desconexi\u00f3n temporal de circuitos en redes de hasta 25 y 36 kV, que permite la desexcitaci\u00f3n segura para el mantenimiento.","robots":{"index":"index","follow":"follow","max-snippet":"max-snippet:-1","max-image-preview":"max-image-preview:large","max-video-preview":"max-video-preview:-1"},"canonical":"https:\/\/www.ritzbrasil.com\/es\/produtos\/productos\/puentes-temporales\/equipo-de-conmutacion-temporal\/","og_locale":"es_ES","og_type":"article","og_title":"Equipo de conmutaci\u00f3n temporal","og_description":"Equipo para la desconexi\u00f3n temporal de circuitos en redes de hasta 25 y 36 kV, que permite la desexcitaci\u00f3n segura para el mantenimiento.","og_url":"https:\/\/www.ritzbrasil.com\/es\/produtos\/productos\/puentes-temporales\/equipo-de-conmutacion-temporal\/","og_site_name":"Equipamentos de Manuten\u00e7\u00e3o e Seguran\u00e7a para o Setor El\u00e9trico - Ritz Brasil","article_modified_time":"2026-02-25T19:44:57+00:00","og_image":[{"width":1200,"height":1200,"url":"https:\/\/www.ritzbrasil.com\/wp-content\/uploads\/2024\/11\/flv13917-1-equipamento-seccionamento-temporario.jpg","type":"image\/jpeg"}],"twitter_card":"summary_large_image","twitter_misc":{"Tiempo de lectura":"1 minuto"},"schema":{"@context":"https:\/\/schema.org","@graph":[{"@type":"WebPage","@id":"https:\/\/www.ritzbrasil.com\/es\/produtos\/productos\/puentes-temporales\/equipo-de-conmutacion-temporal\/","url":"https:\/\/www.ritzbrasil.com\/es\/produtos\/productos\/puentes-temporales\/equipo-de-conmutacion-temporal\/","name":"Equipo de conmutaci\u00f3n temporal","isPartOf":{"@id":"https:\/\/www.ritzbrasil.com\/es\/#website"},"primaryImageOfPage":{"@id":"https:\/\/www.ritzbrasil.com\/es\/produtos\/productos\/puentes-temporales\/equipo-de-conmutacion-temporal\/#primaryimage"},"image":{"@id":"https:\/\/www.ritzbrasil.com\/es\/produtos\/productos\/puentes-temporales\/equipo-de-conmutacion-temporal\/#primaryimage"},"thumbnailUrl":"https:\/\/www.ritzbrasil.com\/wp-content\/uploads\/2024\/11\/flv13917-1-equipamento-seccionamento-temporario.jpg","datePublished":"2024-11-05T20:29:26+00:00","dateModified":"2026-02-25T19:44:57+00:00","description":"Equipo para la desconexi\u00f3n temporal de circuitos en redes de hasta 25 y 36 kV, que permite la desexcitaci\u00f3n segura para el mantenimiento.","breadcrumb":{"@id":"https:\/\/www.ritzbrasil.com\/es\/produtos\/productos\/puentes-temporales\/equipo-de-conmutacion-temporal\/#breadcrumb"},"inLanguage":"es","potentialAction":[{"@type":"ReadAction","target":["https:\/\/www.ritzbrasil.com\/es\/produtos\/productos\/puentes-temporales\/equipo-de-conmutacion-temporal\/"]}]},{"@type":"ImageObject","inLanguage":"es","@id":"https:\/\/www.ritzbrasil.com\/es\/produtos\/productos\/puentes-temporales\/equipo-de-conmutacion-temporal\/#primaryimage","url":"https:\/\/www.ritzbrasil.com\/wp-content\/uploads\/2024\/11\/flv13917-1-equipamento-seccionamento-temporario.jpg","contentUrl":"https:\/\/www.ritzbrasil.com\/wp-content\/uploads\/2024\/11\/flv13917-1-equipamento-seccionamento-temporario.jpg","width":1200,"height":1200,"caption":"FLV13917-1 Equipo de conmutaci\u00f3n temporal"},{"@type":"BreadcrumbList","@id":"https:\/\/www.ritzbrasil.com\/es\/produtos\/productos\/puentes-temporales\/equipo-de-conmutacion-temporal\/#breadcrumb","itemListElement":[{"@type":"ListItem","position":1,"name":"In\u00edcio","item":"https:\/\/www.ritzbrasil.com\/es\/"},{"@type":"ListItem","position":2,"name":"Tienda","item":"https:\/\/www.ritzbrasil.com\/es\/tienda\/"},{"@type":"ListItem","position":3,"name":"Equipo de conmutaci\u00f3n temporal"}]},{"@type":"WebSite","@id":"https:\/\/www.ritzbrasil.com\/es\/#website","url":"https:\/\/www.ritzbrasil.com\/es\/","name":"Equipamentos de Manuten\u00e7\u00e3o e Seguran\u00e7a para o Setor El\u00e9trico - Ritz Brasil","description":"","potentialAction":[{"@type":"SearchAction","target":{"@type":"EntryPoint","urlTemplate":"https:\/\/www.ritzbrasil.com\/es\/?s={search_term_string}"},"query-input":{"@type":"PropertyValueSpecification","valueRequired":true,"valueName":"search_term_string"}}],"inLanguage":"es"}]}},"_links":{"self":[{"href":"https:\/\/www.ritzbrasil.com\/es\/wp-json\/wp\/v2\/product\/60888","targetHints":{"allow":["GET"]}}],"collection":[{"href":"https:\/\/www.ritzbrasil.com\/es\/wp-json\/wp\/v2\/product"}],"about":[{"href":"https:\/\/www.ritzbrasil.com\/es\/wp-json\/wp\/v2\/types\/product"}],"wp:featuredmedia":[{"embeddable":true,"href":"https:\/\/www.ritzbrasil.com\/es\/wp-json\/wp\/v2\/media\/60269"}],"wp:attachment":[{"href":"https:\/\/www.ritzbrasil.com\/es\/wp-json\/wp\/v2\/media?parent=60888"}],"wp:term":[{"taxonomy":"product_brand","embeddable":true,"href":"https:\/\/www.ritzbrasil.com\/es\/wp-json\/wp\/v2\/product_brand?post=60888"},{"taxonomy":"product_cat","embeddable":true,"href":"https:\/\/www.ritzbrasil.com\/es\/wp-json\/wp\/v2\/product_cat?post=60888"},{"taxonomy":"product_tag","embeddable":true,"href":"https:\/\/www.ritzbrasil.com\/es\/wp-json\/wp\/v2\/product_tag?post=60888"}],"curies":[{"name":"wp","href":"https:\/\/api.w.org\/{rel}","templated":true}]}}