{"id":60884,"date":"2024-11-05T18:22:45","date_gmt":"2024-11-05T21:22:45","guid":{"rendered":"https:\/\/bisque-bison-688002.hostingersite.com\/produtos\/sin%20categor\u00eda\/by-pass-temporal-para-interruptores-fusibles\/"},"modified":"2026-02-25T16:44:42","modified_gmt":"2026-02-25T19:44:42","slug":"by-pass-temporal-para-interruptores-fusibles","status":"publish","type":"product","link":"https:\/\/www.ritzbrasil.com\/es\/produtos\/puentes-temporales\/by-pass-temporal-para-interruptores-fusibles\/","title":{"rendered":"By-Pass Temporal para Interruptores Fusibles"},"content":{"rendered":"<div class=\"wpb-content-wrapper\"><p>[vc_row][vc_column][vc_column_text css=\u00bb.vc_custom_1730840349632{margin-top: 20px !important;}\u00bb]<\/p>\n<h4><span style=\"color: #ff9900;\"><strong>By-Pass Temporal para Interruptores Fusibles<\/strong><\/span><\/h4>\n<p>[\/vc_column_text][vc_column_text css=\u00bb.vc_custom_1759321787057{margin-top: -20px !important;}\u00bb]\n<div id=\"tablepress-by-pass-temporario-chave-fusivel-ES-scroll-wrapper\" class=\"tablepress-scroll-wrapper\">\n<table id=\"tablepress-by-pass-temporario-chave-fusivel-ES\" class=\"tablepress tablepress-id-by-pass-temporario-chave-fusivel-ES tablepress-responsive\">\n<thead>\n<tr class=\"row-1\">\n\t<td class=\"column-1\"><\/td><th class=\"column-2\">  Referencias<\/th><th class=\"column-3\">Caracter\u00edstica<\/th><td class=\"column-4\"><\/td>\n<\/tr>\n<\/thead>\n<tbody class=\"row-striping row-hover\">\n<tr class=\"row-2\">\n\t<td class=\"column-1\"><img decoding=\"async\" src=\"https:\/\/www.ritzbrasil.com\/wp-content\/uploads\/2024\/11\/flv12409-1-atraves-parafuso-150x150-1.jpg\" \/><\/td><td class=\"column-2\">FLV12409-1<\/td><td class=\"column-3\">Sistema de apertura y cierre: Mediante tornillo<\/td><td class=\"column-4\">    <button class=\"add-to-budget\" data-table-id=\"by-pass-temporario-chave-fusivel\" data-reference=\"FLV12409-1\" data-description=\"Derivaci\u00f3n temporal para interruptor de fusibles\" style=\"color:#ff4d00;\">\n        <img decoding=\"async\" src=\"https:\/\/www.ritzbrasil.com\/\/wp-content\/uploads\/2024\/07\/orcar-compras-tabela-new-1.png\" alt=\"Solicitar cotizaci\u00f3n\" title=\"Solicitar cotizaci\u00f3n\" \/>\n    <\/button>\n    <\/td>\n<\/tr>\n<tr class=\"row-3\">\n\t<td class=\"column-1\"><img decoding=\"async\" src=\"https:\/\/www.ritzbrasil.com\/wp-content\/uploads\/2024\/11\/flv29374-1-acionamento-mola-150x150-1.jpg\" \/><\/td><td class=\"column-2\">FLV29374-1<\/td><td class=\"column-3\">Sistema de apertura y cierre: con resorte<br \/>\n<\/td><td class=\"column-4\">    <button class=\"add-to-budget\" data-table-id=\"by-pass-temporario-chave-fusivel\" data-reference=\"FLV29374-1\" data-description=\"Derivaci\u00f3n temporal para interruptor de fusibles\" style=\"color:#ff4d00;\">\n        <img decoding=\"async\" src=\"https:\/\/www.ritzbrasil.com\/\/wp-content\/uploads\/2024\/07\/orcar-compras-tabela-new-1.png\" alt=\"Solicitar cotizaci\u00f3n\" title=\"Solicitar cotizaci\u00f3n\" \/>\n    <\/button>\n    <\/td>\n<\/tr>\n<tr class=\"row-4\">\n\t<td class=\"column-1\"><img decoding=\"async\" src=\"https:\/\/www.ritzbrasil.com\/wp-content\/uploads\/2024\/11\/flv29374-2-acionamento-por-mola-150x150-1.jpg\" \/><\/td><td class=\"column-2\">FLV29374-2<\/td><td class=\"column-3\">Sistema de apertura y cierre: con resorte<br \/>\n<\/td><td class=\"column-4\">    <button class=\"add-to-budget\" data-table-id=\"by-pass-temporario-chave-fusivel\" data-reference=\"FLV29374-2\" data-description=\"Derivaci\u00f3n temporal para interruptor de fusibles\" style=\"color:#ff4d00;\">\n        <img decoding=\"async\" src=\"https:\/\/www.ritzbrasil.com\/\/wp-content\/uploads\/2024\/07\/orcar-compras-tabela-new-1.png\" alt=\"Solicitar cotizaci\u00f3n\" title=\"Solicitar cotizaci\u00f3n\" \/>\n    <\/button>\n    <\/td>\n<\/tr>\n<tr class=\"row-5\">\n\t<td class=\"column-1\"><img decoding=\"async\" src=\"https:\/\/www.ritzbrasil.com\/wp-content\/uploads\/2024\/11\/flv31646-1-acionamento-mola-150x150-1.jpg\" \/><\/td><td class=\"column-2\">FLV31646-1<\/td><td class=\"column-3\">Sistema de apertura y cierre: con resorte<br \/>\n<\/td><td class=\"column-4\">    <button class=\"add-to-budget\" data-table-id=\"by-pass-temporario-chave-fusivel\" data-reference=\"FLV31646-1\" data-description=\"Derivaci\u00f3n temporal para interruptor de fusibles\" style=\"color:#ff4d00;\">\n        <img decoding=\"async\" src=\"https:\/\/www.ritzbrasil.com\/\/wp-content\/uploads\/2024\/07\/orcar-compras-tabela-new-1.png\" alt=\"Solicitar cotizaci\u00f3n\" title=\"Solicitar cotizaci\u00f3n\" \/>\n    <\/button>\n    <\/td>\n<\/tr>\n<\/tbody>\n<\/table>\n<\/div>\n[\/vc_column_text][vc_separator border_width=\u00bb2&#8243; css=\u00bb\u00bb][\/vc_column][\/vc_row]<\/p>\n<\/div>","protected":false},"excerpt":{"rendered":"<h4><span style=\"color: #ff9900;\">By-Pass Temporal para Interruptores Fusibles<\/span><\/h4>\n<p>Este dispositivo se utiliza para establecer una ruta alternativa para la corriente el\u00e9ctrica, lo que permite sustituir el fusible de varios tipos de interruptores sin necesidad de interrumpir el suministro el\u00e9ctrico. Se instala a distancia mediante una p\u00e9rtiga de maniobra con ayuda de orejetas colocadas previamente en los cabezales.<\/p>\n<p>Equipo esencial para agilizar y facilitar el mantenimiento de los sistemas el\u00e9ctricos, garantizando un cambio eficaz de fusibles y evitando interrupciones indeseadas del suministro el\u00e9ctrico durante la actividad.<\/p>\n","protected":false},"featured_media":60295,"template":"","meta":[],"product_brand":[],"product_cat":[1677],"product_tag":[1751,1752,1753,1754],"class_list":{"0":"post-60884","1":"product","2":"type-product","3":"status-publish","4":"has-post-thumbnail","6":"product_cat-puentes-temporales","7":"product_tag-flv12409-1-es","8":"product_tag-flv29374-1-es","9":"product_tag-flv29374-2-es","10":"product_tag-flv31646-1-es","11":"description-off","13":"first","14":"instock","15":"virtual","16":"product-type-simple"},"yoast_head":"<!-- This site is optimized with the Yoast SEO plugin v27.1.1 - https:\/\/yoast.com\/product\/yoast-seo-wordpress\/ -->\n<title>By-Pass Temporal para Interruptores Fusibles<\/title>\n<meta name=\"description\" content=\"By-pass temporal para el interruptor de fusibles, permite cambiar los fusibles sin interrumpir el suministro el\u00e9ctrico, con instalaci\u00f3n remota.\" \/>\n<meta name=\"robots\" content=\"index, follow, max-snippet:-1, max-image-preview:large, max-video-preview:-1\" \/>\n<link rel=\"canonical\" href=\"https:\/\/www.ritzbrasil.com\/es\/produtos\/puentes-temporales\/by-pass-temporal-para-interruptores-fusibles\/\" \/>\n<meta property=\"og:locale\" content=\"es_ES\" \/>\n<meta property=\"og:type\" content=\"article\" \/>\n<meta property=\"og:title\" content=\"By-Pass Temporal para Interruptores Fusibles\" \/>\n<meta property=\"og:description\" content=\"By-pass temporal para el interruptor de fusibles, permite cambiar los fusibles sin interrumpir el suministro el\u00e9ctrico, con instalaci\u00f3n remota.\" \/>\n<meta property=\"og:url\" content=\"https:\/\/www.ritzbrasil.com\/es\/produtos\/puentes-temporales\/by-pass-temporal-para-interruptores-fusibles\/\" \/>\n<meta property=\"og:site_name\" content=\"Equipamentos de Manuten\u00e7\u00e3o e Seguran\u00e7a para o Setor El\u00e9trico - Ritz Brasil\" \/>\n<meta property=\"article:modified_time\" content=\"2026-02-25T19:44:42+00:00\" \/>\n<meta property=\"og:image\" content=\"https:\/\/www.ritzbrasil.com\/wp-content\/uploads\/2024\/11\/flv12409-1-atraves-parafuso.jpg\" \/>\n\t<meta property=\"og:image:width\" content=\"1200\" \/>\n\t<meta property=\"og:image:height\" content=\"1200\" \/>\n\t<meta property=\"og:image:type\" content=\"image\/jpeg\" \/>\n<meta name=\"twitter:card\" content=\"summary_large_image\" \/>\n<meta name=\"twitter:label1\" content=\"Tiempo de lectura\" \/>\n\t<meta name=\"twitter:data1\" content=\"1 minuto\" \/>\n<script type=\"application\/ld+json\" class=\"yoast-schema-graph\">{\"@context\":\"https:\/\/schema.org\",\"@graph\":[{\"@type\":\"WebPage\",\"@id\":\"https:\/\/www.ritzbrasil.com\/es\/produtos\/puentes-temporales\/by-pass-temporal-para-interruptores-fusibles\/\",\"url\":\"https:\/\/www.ritzbrasil.com\/es\/produtos\/puentes-temporales\/by-pass-temporal-para-interruptores-fusibles\/\",\"name\":\"By-Pass Temporal para Interruptores Fusibles\",\"isPartOf\":{\"@id\":\"https:\/\/www.ritzbrasil.com\/es\/#website\"},\"primaryImageOfPage\":{\"@id\":\"https:\/\/www.ritzbrasil.com\/es\/produtos\/puentes-temporales\/by-pass-temporal-para-interruptores-fusibles\/#primaryimage\"},\"image\":{\"@id\":\"https:\/\/www.ritzbrasil.com\/es\/produtos\/puentes-temporales\/by-pass-temporal-para-interruptores-fusibles\/#primaryimage\"},\"thumbnailUrl\":\"https:\/\/www.ritzbrasil.com\/wp-content\/uploads\/2024\/11\/flv12409-1-atraves-parafuso.jpg\",\"datePublished\":\"2024-11-05T21:22:45+00:00\",\"dateModified\":\"2026-02-25T19:44:42+00:00\",\"description\":\"By-pass temporal para el interruptor de fusibles, permite cambiar los fusibles sin interrumpir el suministro el\u00e9ctrico, con instalaci\u00f3n remota.\",\"breadcrumb\":{\"@id\":\"https:\/\/www.ritzbrasil.com\/es\/produtos\/puentes-temporales\/by-pass-temporal-para-interruptores-fusibles\/#breadcrumb\"},\"inLanguage\":\"es\",\"potentialAction\":[{\"@type\":\"ReadAction\",\"target\":[\"https:\/\/www.ritzbrasil.com\/es\/produtos\/puentes-temporales\/by-pass-temporal-para-interruptores-fusibles\/\"]}]},{\"@type\":\"ImageObject\",\"inLanguage\":\"es\",\"@id\":\"https:\/\/www.ritzbrasil.com\/es\/produtos\/puentes-temporales\/by-pass-temporal-para-interruptores-fusibles\/#primaryimage\",\"url\":\"https:\/\/www.ritzbrasil.com\/wp-content\/uploads\/2024\/11\/flv12409-1-atraves-parafuso.jpg\",\"contentUrl\":\"https:\/\/www.ritzbrasil.com\/wp-content\/uploads\/2024\/11\/flv12409-1-atraves-parafuso.jpg\",\"width\":1200,\"height\":1200,\"caption\":\"FLV12409-1 Tornillo pasante\"},{\"@type\":\"BreadcrumbList\",\"@id\":\"https:\/\/www.ritzbrasil.com\/es\/produtos\/puentes-temporales\/by-pass-temporal-para-interruptores-fusibles\/#breadcrumb\",\"itemListElement\":[{\"@type\":\"ListItem\",\"position\":1,\"name\":\"In\u00edcio\",\"item\":\"https:\/\/www.ritzbrasil.com\/es\/\"},{\"@type\":\"ListItem\",\"position\":2,\"name\":\"Tienda\",\"item\":\"https:\/\/www.ritzbrasil.com\/es\/tienda\/\"},{\"@type\":\"ListItem\",\"position\":3,\"name\":\"By-Pass Temporal para Interruptores Fusibles\"}]},{\"@type\":\"WebSite\",\"@id\":\"https:\/\/www.ritzbrasil.com\/es\/#website\",\"url\":\"https:\/\/www.ritzbrasil.com\/es\/\",\"name\":\"Equipamentos de Manuten\u00e7\u00e3o e Seguran\u00e7a para o Setor El\u00e9trico - Ritz Brasil\",\"description\":\"\",\"potentialAction\":[{\"@type\":\"SearchAction\",\"target\":{\"@type\":\"EntryPoint\",\"urlTemplate\":\"https:\/\/www.ritzbrasil.com\/es\/?s={search_term_string}\"},\"query-input\":{\"@type\":\"PropertyValueSpecification\",\"valueRequired\":true,\"valueName\":\"search_term_string\"}}],\"inLanguage\":\"es\"}]}<\/script>\n<!-- \/ Yoast SEO plugin. -->","yoast_head_json":{"title":"By-Pass Temporal para Interruptores Fusibles","description":"By-pass temporal para el interruptor de fusibles, permite cambiar los fusibles sin interrumpir el suministro el\u00e9ctrico, con instalaci\u00f3n remota.","robots":{"index":"index","follow":"follow","max-snippet":"max-snippet:-1","max-image-preview":"max-image-preview:large","max-video-preview":"max-video-preview:-1"},"canonical":"https:\/\/www.ritzbrasil.com\/es\/produtos\/puentes-temporales\/by-pass-temporal-para-interruptores-fusibles\/","og_locale":"es_ES","og_type":"article","og_title":"By-Pass Temporal para Interruptores Fusibles","og_description":"By-pass temporal para el interruptor de fusibles, permite cambiar los fusibles sin interrumpir el suministro el\u00e9ctrico, con instalaci\u00f3n remota.","og_url":"https:\/\/www.ritzbrasil.com\/es\/produtos\/puentes-temporales\/by-pass-temporal-para-interruptores-fusibles\/","og_site_name":"Equipamentos de Manuten\u00e7\u00e3o e Seguran\u00e7a para o Setor El\u00e9trico - Ritz Brasil","article_modified_time":"2026-02-25T19:44:42+00:00","og_image":[{"width":1200,"height":1200,"url":"https:\/\/www.ritzbrasil.com\/wp-content\/uploads\/2024\/11\/flv12409-1-atraves-parafuso.jpg","type":"image\/jpeg"}],"twitter_card":"summary_large_image","twitter_misc":{"Tiempo de lectura":"1 minuto"},"schema":{"@context":"https:\/\/schema.org","@graph":[{"@type":"WebPage","@id":"https:\/\/www.ritzbrasil.com\/es\/produtos\/puentes-temporales\/by-pass-temporal-para-interruptores-fusibles\/","url":"https:\/\/www.ritzbrasil.com\/es\/produtos\/puentes-temporales\/by-pass-temporal-para-interruptores-fusibles\/","name":"By-Pass Temporal para Interruptores Fusibles","isPartOf":{"@id":"https:\/\/www.ritzbrasil.com\/es\/#website"},"primaryImageOfPage":{"@id":"https:\/\/www.ritzbrasil.com\/es\/produtos\/puentes-temporales\/by-pass-temporal-para-interruptores-fusibles\/#primaryimage"},"image":{"@id":"https:\/\/www.ritzbrasil.com\/es\/produtos\/puentes-temporales\/by-pass-temporal-para-interruptores-fusibles\/#primaryimage"},"thumbnailUrl":"https:\/\/www.ritzbrasil.com\/wp-content\/uploads\/2024\/11\/flv12409-1-atraves-parafuso.jpg","datePublished":"2024-11-05T21:22:45+00:00","dateModified":"2026-02-25T19:44:42+00:00","description":"By-pass temporal para el interruptor de fusibles, permite cambiar los fusibles sin interrumpir el suministro el\u00e9ctrico, con instalaci\u00f3n remota.","breadcrumb":{"@id":"https:\/\/www.ritzbrasil.com\/es\/produtos\/puentes-temporales\/by-pass-temporal-para-interruptores-fusibles\/#breadcrumb"},"inLanguage":"es","potentialAction":[{"@type":"ReadAction","target":["https:\/\/www.ritzbrasil.com\/es\/produtos\/puentes-temporales\/by-pass-temporal-para-interruptores-fusibles\/"]}]},{"@type":"ImageObject","inLanguage":"es","@id":"https:\/\/www.ritzbrasil.com\/es\/produtos\/puentes-temporales\/by-pass-temporal-para-interruptores-fusibles\/#primaryimage","url":"https:\/\/www.ritzbrasil.com\/wp-content\/uploads\/2024\/11\/flv12409-1-atraves-parafuso.jpg","contentUrl":"https:\/\/www.ritzbrasil.com\/wp-content\/uploads\/2024\/11\/flv12409-1-atraves-parafuso.jpg","width":1200,"height":1200,"caption":"FLV12409-1 Tornillo pasante"},{"@type":"BreadcrumbList","@id":"https:\/\/www.ritzbrasil.com\/es\/produtos\/puentes-temporales\/by-pass-temporal-para-interruptores-fusibles\/#breadcrumb","itemListElement":[{"@type":"ListItem","position":1,"name":"In\u00edcio","item":"https:\/\/www.ritzbrasil.com\/es\/"},{"@type":"ListItem","position":2,"name":"Tienda","item":"https:\/\/www.ritzbrasil.com\/es\/tienda\/"},{"@type":"ListItem","position":3,"name":"By-Pass Temporal para Interruptores Fusibles"}]},{"@type":"WebSite","@id":"https:\/\/www.ritzbrasil.com\/es\/#website","url":"https:\/\/www.ritzbrasil.com\/es\/","name":"Equipamentos de Manuten\u00e7\u00e3o e Seguran\u00e7a para o Setor El\u00e9trico - Ritz Brasil","description":"","potentialAction":[{"@type":"SearchAction","target":{"@type":"EntryPoint","urlTemplate":"https:\/\/www.ritzbrasil.com\/es\/?s={search_term_string}"},"query-input":{"@type":"PropertyValueSpecification","valueRequired":true,"valueName":"search_term_string"}}],"inLanguage":"es"}]}},"_links":{"self":[{"href":"https:\/\/www.ritzbrasil.com\/es\/wp-json\/wp\/v2\/product\/60884","targetHints":{"allow":["GET"]}}],"collection":[{"href":"https:\/\/www.ritzbrasil.com\/es\/wp-json\/wp\/v2\/product"}],"about":[{"href":"https:\/\/www.ritzbrasil.com\/es\/wp-json\/wp\/v2\/types\/product"}],"wp:featuredmedia":[{"embeddable":true,"href":"https:\/\/www.ritzbrasil.com\/es\/wp-json\/wp\/v2\/media\/60295"}],"wp:attachment":[{"href":"https:\/\/www.ritzbrasil.com\/es\/wp-json\/wp\/v2\/media?parent=60884"}],"wp:term":[{"taxonomy":"product_brand","embeddable":true,"href":"https:\/\/www.ritzbrasil.com\/es\/wp-json\/wp\/v2\/product_brand?post=60884"},{"taxonomy":"product_cat","embeddable":true,"href":"https:\/\/www.ritzbrasil.com\/es\/wp-json\/wp\/v2\/product_cat?post=60884"},{"taxonomy":"product_tag","embeddable":true,"href":"https:\/\/www.ritzbrasil.com\/es\/wp-json\/wp\/v2\/product_tag?post=60884"}],"curies":[{"name":"wp","href":"https:\/\/api.w.org\/{rel}","templated":true}]}}