{"id":60882,"date":"2024-11-05T17:49:44","date_gmt":"2024-11-05T20:49:44","guid":{"rendered":"https:\/\/bisque-bison-688002.hostingersite.com\/produtos\/sin%20categor\u00eda\/cruz-temporal-para-poste-circular-o-doble-t-de-big-jumper\/"},"modified":"2026-02-25T16:44:45","modified_gmt":"2026-02-25T19:44:45","slug":"cruz-temporal-para-poste-circular-o-doble-t-de-big-jumper","status":"publish","type":"product","link":"https:\/\/www.ritzbrasil.com\/es\/produtos\/puentes-temporales\/cruz-temporal-para-poste-circular-o-doble-t-de-big-jumper\/","title":{"rendered":"Cruz temporal para poste circular o doble \u00abT\u00bb de Big Jumper"},"content":{"rendered":"<div class=\"wpb-content-wrapper\"><p>[vc_row][vc_column][vc_column_text css=\u00bb.vc_custom_1730838743294{margin-top: 20px !important;}\u00bb]<\/p>\n<h4><span style=\"color: #ff9900;\"><strong>Cruceta temporal para Big Jumper<\/strong><\/span><\/h4>\n<p>[\/vc_column_text][vc_column_text css=\u00bb.vc_custom_1759322904116{margin-top: -20px !important;}\u00bb]\n<div id=\"tablepress-FLV29780-1-cruzeta-temporaria-big-jumper-poste-circular-duplo-t-ES-scroll-wrapper\" class=\"tablepress-scroll-wrapper\">\n<table id=\"tablepress-FLV29780-1-cruzeta-temporaria-big-jumper-poste-circular-duplo-t-ES\" class=\"tablepress tablepress-id-FLV29780-1-cruzeta-temporaria-big-jumper-poste-circular-duplo-t-ES tablepress-responsive\">\n<thead>\n<tr class=\"row-1\">\n\t<td class=\"column-1\"><\/td><th class=\"column-2\">Referencias<\/th><th class=\"column-3\">Caracter\u00edstica<\/th><td class=\"column-4\"><\/td>\n<\/tr>\n<\/thead>\n<tbody class=\"row-striping row-hover\">\n<tr class=\"row-2\">\n\t<td class=\"column-1\"><img decoding=\"async\" src=\"https:\/\/www.ritzbrasil.com\/wp-content\/uploads\/2024\/11\/flv29780-1-cruzeta-temporaria-big-jumper-poste-circular-duplo-t-150x150-1.jpg\" \/><\/td><td class=\"column-2\">FLV29780-1<\/td><td class=\"column-3\">Cuenta con tres interruptores fusibles con una capacidad m\u00e1xima de corriente de 100 A.<br \/>\nTambi\u00e9n se puede utilizar en instalaciones de hasta 27 kV.<br \/>\nPeso aproximado: 26,40 kg (58,20 lb)<\/td><td class=\"column-4\">    <button class=\"add-to-budget\" data-table-id=\"FLV29780-1-cruzeta-temporaria-big-jumper-poste-circular-duplo-t\" data-reference=\"FLV29780-1\" data-description=\"Barra transversal temporal para jumper\" style=\"color:#ff4d00;\">\n        <img decoding=\"async\" src=\"https:\/\/www.ritzbrasil.com\/\/wp-content\/uploads\/2024\/07\/orcar-compras-tabela-new-1.png\" alt=\"Solicitar cotizaci\u00f3n\" title=\"Solicitar cotizaci\u00f3n\" \/>\n    <\/button>\n    <\/td>\n<\/tr>\n<\/tbody>\n<\/table>\n<\/div>\n[\/vc_column_text][vc_column_text css=\u00bb.vc_custom_1730839727666{margin-top: -20px !important;}\u00bb]Tiene tres fusibles con una capacidad de corriente m\u00e1xima de 100 A. Tambi\u00e9n puede utilizarse en instalaciones de hasta 27 kV.<\/p>\n<p>Peso aprox.: 26,40 kg (58,20 lb)[\/vc_column_text][vc_separator border_width=\u00bb2&#8243; css=\u00bb\u00bb][\/vc_column][\/vc_row][vc_row][vc_column][vc_column_text css=\u00bb.vc_custom_1730838743294{margin-top: 20px !important;}\u00bb]<\/p>\n<h4><span style=\"color: #ff9900;\"><strong>Cruceta temporal para Big Jumper<\/strong><\/span><\/h4>\n<p>[\/vc_column_text][vc_column_text css=\u00bb.vc_custom_1759322919068{margin-top: -20px !important;}\u00bb]\n<div id=\"tablepress-FLV30049-1-cruzeta-temporaria-big-jumper-poste-circular-duplo-t-ES-scroll-wrapper\" class=\"tablepress-scroll-wrapper\">\n<table id=\"tablepress-FLV30049-1-cruzeta-temporaria-big-jumper-poste-circular-duplo-t-ES\" class=\"tablepress tablepress-id-FLV30049-1-cruzeta-temporaria-big-jumper-poste-circular-duplo-t-ES tablepress-responsive\">\n<thead>\n<tr class=\"row-1\">\n\t<td class=\"column-1\"><\/td><th class=\"column-2\">  Referencias<\/th><th class=\"column-3\">Caracter\u00edstica<\/th><td class=\"column-4\"><\/td>\n<\/tr>\n<\/thead>\n<tbody class=\"row-striping row-hover\">\n<tr class=\"row-2\">\n\t<td class=\"column-1\"><img decoding=\"async\" src=\"https:\/\/www.ritzbrasil.com\/wp-content\/uploads\/2024\/11\/flv30049-1-cruzeta-temporaria-big-jumper-poste-circular-duplo-t-150x150-1.jpg\" \/><\/td><td class=\"column-2\">FLV30049-1<\/td><td class=\"column-3\">Cuenta con tres interruptores de cuchilla con una capacidad m\u00e1xima de corriente de 400 A y tres puentes aislados con tres metros de cable de 95 mm\u00b2 y una capacidad m\u00e1xima de 400 A. Tambi\u00e9n se puede utilizar en instalaciones de hasta 27 kV.<br \/>\nPeso aproximado: 45,00 kg (99,20 lb)<\/td><td class=\"column-4\">    <button class=\"add-to-budget\" data-table-id=\"FLV30049-1-cruzeta-temporaria-big-jumper-poste-circular-duplo-t\" data-reference=\"FLV30049-1\" data-description=\"Barra transversal temporal para Big Jumper\" style=\"color:#ff4d00;\">\n        <img decoding=\"async\" src=\"https:\/\/www.ritzbrasil.com\/\/wp-content\/uploads\/2024\/07\/orcar-compras-tabela-new-1.png\" alt=\"Solicitar cotizaci\u00f3n\" title=\"Solicitar cotizaci\u00f3n\" \/>\n    <\/button>\n    <\/td>\n<\/tr>\n<\/tbody>\n<\/table>\n<\/div>\n[\/vc_column_text][vc_column_text css=\u00bb.vc_custom_1730839761088{margin-top: -20px !important;}\u00bb]Tiene tres interruptores de cuchilla con una capacidad m\u00e1xima de corriente de 400 A y tres puentes aislados, con tres metros de cable de 95 mm\u00b2 de calibre y una capacidad m\u00e1xima de 400 A. Tambi\u00e9n puede utilizarse en instalaciones de hasta 27 kV. Tambi\u00e9n puede utilizarse en instalaciones de hasta 27 kV.<\/p>\n<p>Peso aproximado: 45,00 kg (99,20 lb)[\/vc_column_text][vc_separator border_width=\u00bb2&#8243; css=\u00bb\u00bb][\/vc_column][\/vc_row]<\/p>\n<\/div>","protected":false},"excerpt":{"rendered":"<h4><span style=\"color: #ff9900;\">Cruz temporal para poste circular o doble \u00abT\u00bb de Big Jumper<\/span><\/h4>\n<p>Dise\u00f1ado para su uso en situaciones de emergencia o para suministrar energ\u00eda a consumidores temporales durante un periodo de tiempo determinado.<\/p>\n<p>Tambi\u00e9n tiene un sistema de fijaci\u00f3n para postes circulares o de doble \u00abT\u00bb.<\/p>\n","protected":false},"featured_media":60287,"template":"","meta":[],"product_brand":[],"product_cat":[1677],"product_tag":[1747,1748],"class_list":{"0":"post-60882","1":"product","2":"type-product","3":"status-publish","4":"has-post-thumbnail","6":"product_cat-puentes-temporales","7":"product_tag-flv29780-1-es","8":"product_tag-flv30049-1-es","9":"description-off","11":"first","12":"instock","13":"virtual","14":"product-type-simple"},"yoast_head":"<!-- This site is optimized with the Yoast SEO plugin v27.1.1 - https:\/\/yoast.com\/product\/yoast-seo-wordpress\/ -->\n<title>Cruz temporal para poste circular o doble &quot;T&quot; de Big Jumper<\/title>\n<meta name=\"description\" content=\"Travesa\u00f1o temporal para big jumper con enganche a poste circular o doble &quot;T&quot;, ideal para emergencias y suministro temporal de energ\u00eda.\" \/>\n<meta name=\"robots\" content=\"index, follow, max-snippet:-1, max-image-preview:large, max-video-preview:-1\" \/>\n<link rel=\"canonical\" href=\"https:\/\/www.ritzbrasil.com\/es\/produtos\/puentes-temporales\/cruz-temporal-para-poste-circular-o-doble-t-de-big-jumper\/\" \/>\n<meta property=\"og:locale\" content=\"es_ES\" \/>\n<meta property=\"og:type\" content=\"article\" \/>\n<meta property=\"og:title\" content=\"Cruz temporal para poste circular o doble &quot;T&quot; de Big Jumper\" \/>\n<meta property=\"og:description\" content=\"Travesa\u00f1o temporal para big jumper con enganche a poste circular o doble &quot;T&quot;, ideal para emergencias y suministro temporal de energ\u00eda.\" \/>\n<meta property=\"og:url\" content=\"https:\/\/www.ritzbrasil.com\/es\/produtos\/puentes-temporales\/cruz-temporal-para-poste-circular-o-doble-t-de-big-jumper\/\" \/>\n<meta property=\"og:site_name\" content=\"Equipamentos de Manuten\u00e7\u00e3o e Seguran\u00e7a para o Setor El\u00e9trico - Ritz Brasil\" \/>\n<meta property=\"article:modified_time\" content=\"2026-02-25T19:44:45+00:00\" \/>\n<meta property=\"og:image\" content=\"https:\/\/www.ritzbrasil.com\/wp-content\/uploads\/2024\/11\/flv29780-1-cruzeta-temporaria-big-jumper-poste-circular-duplo-t.jpg\" \/>\n\t<meta property=\"og:image:width\" content=\"1200\" \/>\n\t<meta property=\"og:image:height\" content=\"1200\" \/>\n\t<meta property=\"og:image:type\" content=\"image\/jpeg\" \/>\n<meta name=\"twitter:card\" content=\"summary_large_image\" \/>\n<meta name=\"twitter:label1\" content=\"Tiempo de lectura\" \/>\n\t<meta name=\"twitter:data1\" content=\"1 minuto\" \/>\n<script type=\"application\/ld+json\" class=\"yoast-schema-graph\">{\"@context\":\"https:\/\/schema.org\",\"@graph\":[{\"@type\":\"WebPage\",\"@id\":\"https:\/\/www.ritzbrasil.com\/es\/produtos\/puentes-temporales\/cruz-temporal-para-poste-circular-o-doble-t-de-big-jumper\/\",\"url\":\"https:\/\/www.ritzbrasil.com\/es\/produtos\/puentes-temporales\/cruz-temporal-para-poste-circular-o-doble-t-de-big-jumper\/\",\"name\":\"Cruz temporal para poste circular o doble \\\"T\\\" de Big Jumper\",\"isPartOf\":{\"@id\":\"https:\/\/www.ritzbrasil.com\/es\/#website\"},\"primaryImageOfPage\":{\"@id\":\"https:\/\/www.ritzbrasil.com\/es\/produtos\/puentes-temporales\/cruz-temporal-para-poste-circular-o-doble-t-de-big-jumper\/#primaryimage\"},\"image\":{\"@id\":\"https:\/\/www.ritzbrasil.com\/es\/produtos\/puentes-temporales\/cruz-temporal-para-poste-circular-o-doble-t-de-big-jumper\/#primaryimage\"},\"thumbnailUrl\":\"https:\/\/www.ritzbrasil.com\/wp-content\/uploads\/2024\/11\/flv29780-1-cruzeta-temporaria-big-jumper-poste-circular-duplo-t.jpg\",\"datePublished\":\"2024-11-05T20:49:44+00:00\",\"dateModified\":\"2026-02-25T19:44:45+00:00\",\"description\":\"Travesa\u00f1o temporal para big jumper con enganche a poste circular o doble \\\"T\\\", ideal para emergencias y suministro temporal de energ\u00eda.\",\"breadcrumb\":{\"@id\":\"https:\/\/www.ritzbrasil.com\/es\/produtos\/puentes-temporales\/cruz-temporal-para-poste-circular-o-doble-t-de-big-jumper\/#breadcrumb\"},\"inLanguage\":\"es\",\"potentialAction\":[{\"@type\":\"ReadAction\",\"target\":[\"https:\/\/www.ritzbrasil.com\/es\/produtos\/puentes-temporales\/cruz-temporal-para-poste-circular-o-doble-t-de-big-jumper\/\"]}]},{\"@type\":\"ImageObject\",\"inLanguage\":\"es\",\"@id\":\"https:\/\/www.ritzbrasil.com\/es\/produtos\/puentes-temporales\/cruz-temporal-para-poste-circular-o-doble-t-de-big-jumper\/#primaryimage\",\"url\":\"https:\/\/www.ritzbrasil.com\/wp-content\/uploads\/2024\/11\/flv29780-1-cruzeta-temporaria-big-jumper-poste-circular-duplo-t.jpg\",\"contentUrl\":\"https:\/\/www.ritzbrasil.com\/wp-content\/uploads\/2024\/11\/flv29780-1-cruzeta-temporaria-big-jumper-poste-circular-duplo-t.jpg\",\"width\":1200,\"height\":1200,\"caption\":\"FLV29780-1 Cruceta temporal para poste circular o doble \\\"T\\\" Big Jumper\"},{\"@type\":\"BreadcrumbList\",\"@id\":\"https:\/\/www.ritzbrasil.com\/es\/produtos\/puentes-temporales\/cruz-temporal-para-poste-circular-o-doble-t-de-big-jumper\/#breadcrumb\",\"itemListElement\":[{\"@type\":\"ListItem\",\"position\":1,\"name\":\"In\u00edcio\",\"item\":\"https:\/\/www.ritzbrasil.com\/es\/\"},{\"@type\":\"ListItem\",\"position\":2,\"name\":\"Tienda\",\"item\":\"https:\/\/www.ritzbrasil.com\/es\/tienda\/\"},{\"@type\":\"ListItem\",\"position\":3,\"name\":\"Cruz temporal para poste circular o doble &#8220;T&#8221; de Big Jumper\"}]},{\"@type\":\"WebSite\",\"@id\":\"https:\/\/www.ritzbrasil.com\/es\/#website\",\"url\":\"https:\/\/www.ritzbrasil.com\/es\/\",\"name\":\"Equipamentos de Manuten\u00e7\u00e3o e Seguran\u00e7a para o Setor El\u00e9trico - Ritz Brasil\",\"description\":\"\",\"potentialAction\":[{\"@type\":\"SearchAction\",\"target\":{\"@type\":\"EntryPoint\",\"urlTemplate\":\"https:\/\/www.ritzbrasil.com\/es\/?s={search_term_string}\"},\"query-input\":{\"@type\":\"PropertyValueSpecification\",\"valueRequired\":true,\"valueName\":\"search_term_string\"}}],\"inLanguage\":\"es\"}]}<\/script>\n<!-- \/ Yoast SEO plugin. -->","yoast_head_json":{"title":"Cruz temporal para poste circular o doble \"T\" de Big Jumper","description":"Travesa\u00f1o temporal para big jumper con enganche a poste circular o doble \"T\", ideal para emergencias y suministro temporal de energ\u00eda.","robots":{"index":"index","follow":"follow","max-snippet":"max-snippet:-1","max-image-preview":"max-image-preview:large","max-video-preview":"max-video-preview:-1"},"canonical":"https:\/\/www.ritzbrasil.com\/es\/produtos\/puentes-temporales\/cruz-temporal-para-poste-circular-o-doble-t-de-big-jumper\/","og_locale":"es_ES","og_type":"article","og_title":"Cruz temporal para poste circular o doble \"T\" de Big Jumper","og_description":"Travesa\u00f1o temporal para big jumper con enganche a poste circular o doble \"T\", ideal para emergencias y suministro temporal de energ\u00eda.","og_url":"https:\/\/www.ritzbrasil.com\/es\/produtos\/puentes-temporales\/cruz-temporal-para-poste-circular-o-doble-t-de-big-jumper\/","og_site_name":"Equipamentos de Manuten\u00e7\u00e3o e Seguran\u00e7a para o Setor El\u00e9trico - Ritz Brasil","article_modified_time":"2026-02-25T19:44:45+00:00","og_image":[{"width":1200,"height":1200,"url":"https:\/\/www.ritzbrasil.com\/wp-content\/uploads\/2024\/11\/flv29780-1-cruzeta-temporaria-big-jumper-poste-circular-duplo-t.jpg","type":"image\/jpeg"}],"twitter_card":"summary_large_image","twitter_misc":{"Tiempo de lectura":"1 minuto"},"schema":{"@context":"https:\/\/schema.org","@graph":[{"@type":"WebPage","@id":"https:\/\/www.ritzbrasil.com\/es\/produtos\/puentes-temporales\/cruz-temporal-para-poste-circular-o-doble-t-de-big-jumper\/","url":"https:\/\/www.ritzbrasil.com\/es\/produtos\/puentes-temporales\/cruz-temporal-para-poste-circular-o-doble-t-de-big-jumper\/","name":"Cruz temporal para poste circular o doble \"T\" de Big Jumper","isPartOf":{"@id":"https:\/\/www.ritzbrasil.com\/es\/#website"},"primaryImageOfPage":{"@id":"https:\/\/www.ritzbrasil.com\/es\/produtos\/puentes-temporales\/cruz-temporal-para-poste-circular-o-doble-t-de-big-jumper\/#primaryimage"},"image":{"@id":"https:\/\/www.ritzbrasil.com\/es\/produtos\/puentes-temporales\/cruz-temporal-para-poste-circular-o-doble-t-de-big-jumper\/#primaryimage"},"thumbnailUrl":"https:\/\/www.ritzbrasil.com\/wp-content\/uploads\/2024\/11\/flv29780-1-cruzeta-temporaria-big-jumper-poste-circular-duplo-t.jpg","datePublished":"2024-11-05T20:49:44+00:00","dateModified":"2026-02-25T19:44:45+00:00","description":"Travesa\u00f1o temporal para big jumper con enganche a poste circular o doble \"T\", ideal para emergencias y suministro temporal de energ\u00eda.","breadcrumb":{"@id":"https:\/\/www.ritzbrasil.com\/es\/produtos\/puentes-temporales\/cruz-temporal-para-poste-circular-o-doble-t-de-big-jumper\/#breadcrumb"},"inLanguage":"es","potentialAction":[{"@type":"ReadAction","target":["https:\/\/www.ritzbrasil.com\/es\/produtos\/puentes-temporales\/cruz-temporal-para-poste-circular-o-doble-t-de-big-jumper\/"]}]},{"@type":"ImageObject","inLanguage":"es","@id":"https:\/\/www.ritzbrasil.com\/es\/produtos\/puentes-temporales\/cruz-temporal-para-poste-circular-o-doble-t-de-big-jumper\/#primaryimage","url":"https:\/\/www.ritzbrasil.com\/wp-content\/uploads\/2024\/11\/flv29780-1-cruzeta-temporaria-big-jumper-poste-circular-duplo-t.jpg","contentUrl":"https:\/\/www.ritzbrasil.com\/wp-content\/uploads\/2024\/11\/flv29780-1-cruzeta-temporaria-big-jumper-poste-circular-duplo-t.jpg","width":1200,"height":1200,"caption":"FLV29780-1 Cruceta temporal para poste circular o doble \"T\" Big Jumper"},{"@type":"BreadcrumbList","@id":"https:\/\/www.ritzbrasil.com\/es\/produtos\/puentes-temporales\/cruz-temporal-para-poste-circular-o-doble-t-de-big-jumper\/#breadcrumb","itemListElement":[{"@type":"ListItem","position":1,"name":"In\u00edcio","item":"https:\/\/www.ritzbrasil.com\/es\/"},{"@type":"ListItem","position":2,"name":"Tienda","item":"https:\/\/www.ritzbrasil.com\/es\/tienda\/"},{"@type":"ListItem","position":3,"name":"Cruz temporal para poste circular o doble &#8220;T&#8221; de Big Jumper"}]},{"@type":"WebSite","@id":"https:\/\/www.ritzbrasil.com\/es\/#website","url":"https:\/\/www.ritzbrasil.com\/es\/","name":"Equipamentos de Manuten\u00e7\u00e3o e Seguran\u00e7a para o Setor El\u00e9trico - Ritz Brasil","description":"","potentialAction":[{"@type":"SearchAction","target":{"@type":"EntryPoint","urlTemplate":"https:\/\/www.ritzbrasil.com\/es\/?s={search_term_string}"},"query-input":{"@type":"PropertyValueSpecification","valueRequired":true,"valueName":"search_term_string"}}],"inLanguage":"es"}]}},"_links":{"self":[{"href":"https:\/\/www.ritzbrasil.com\/es\/wp-json\/wp\/v2\/product\/60882","targetHints":{"allow":["GET"]}}],"collection":[{"href":"https:\/\/www.ritzbrasil.com\/es\/wp-json\/wp\/v2\/product"}],"about":[{"href":"https:\/\/www.ritzbrasil.com\/es\/wp-json\/wp\/v2\/types\/product"}],"wp:featuredmedia":[{"embeddable":true,"href":"https:\/\/www.ritzbrasil.com\/es\/wp-json\/wp\/v2\/media\/60287"}],"wp:attachment":[{"href":"https:\/\/www.ritzbrasil.com\/es\/wp-json\/wp\/v2\/media?parent=60882"}],"wp:term":[{"taxonomy":"product_brand","embeddable":true,"href":"https:\/\/www.ritzbrasil.com\/es\/wp-json\/wp\/v2\/product_brand?post=60882"},{"taxonomy":"product_cat","embeddable":true,"href":"https:\/\/www.ritzbrasil.com\/es\/wp-json\/wp\/v2\/product_cat?post=60882"},{"taxonomy":"product_tag","embeddable":true,"href":"https:\/\/www.ritzbrasil.com\/es\/wp-json\/wp\/v2\/product_tag?post=60882"}],"curies":[{"name":"wp","href":"https:\/\/api.w.org\/{rel}","templated":true}]}}