{"id":60878,"date":"2024-11-08T14:28:22","date_gmt":"2024-11-08T17:28:22","guid":{"rendered":"https:\/\/bisque-bison-688002.hostingersite.com\/produtos\/sin%20categor\u00eda\/bola-para-instalacion-de-cuerda\/"},"modified":"2026-02-25T16:44:20","modified_gmt":"2026-02-25T19:44:20","slug":"bola-para-instalacion-de-cuerda","status":"publish","type":"product","link":"https:\/\/www.ritzbrasil.com\/es\/produtos\/productos-destacados\/bola-para-instalacion-de-cuerda\/","title":{"rendered":"Bola para instalaci\u00f3n de cuerda"},"content":{"rendered":"<div class=\"wpb-content-wrapper\"><p>[vc_row][vc_column][vc_column_text css=\u00bb.vc_custom_1731085478511{margin-top: 20px !important;}\u00bb]<\/p>\n<h4><span style=\"color: #ff9900;\"><strong>Bola para instalaci\u00f3n de cuerda<\/strong><\/span><\/h4>\n<p>[\/vc_column_text][vc_column_text css=\u00bb.vc_custom_1753186798748{margin-top: -20px !important;}\u00bb]\n<div id=\"tablepress-esfera-instalacao-corda-ES-scroll-wrapper\" class=\"tablepress-scroll-wrapper\">\n<table id=\"tablepress-esfera-instalacao-corda-ES\" class=\"tablepress tablepress-id-esfera-instalacao-corda-ES tablepress-responsive\">\n<thead>\n<tr class=\"row-1\">\n\t<td class=\"column-1\"><\/td><th class=\"column-2\">Referencias<\/th><th class=\"column-3\">Caracter\u00edstica<\/th><td class=\"column-4\"><\/td>\n<\/tr>\n<\/thead>\n<tbody class=\"row-striping row-hover\">\n<tr class=\"row-2\">\n\t<td class=\"column-1\"><img decoding=\"async\" src=\"https:\/\/www.ritzbrasil.com\/wp-content\/uploads\/2024\/11\/esr19899-1-esfera-instalacao-corda-150x150-1.jpg\" \/><\/td><td class=\"column-2\">ESR19899-1<\/td><td class=\"column-3\"><\/td><td class=\"column-4\">    <button class=\"add-to-budget\" data-table-id=\"esfera-instalacao-corda\" data-reference=\"ESR19899-1\" data-description=\"Bola para instalaci\u00f3n de cuerda\" style=\"color:#ff4d00;\">\n        <img decoding=\"async\" src=\"https:\/\/www.ritzbrasil.com\/\/wp-content\/uploads\/2024\/07\/orcar-compras-tabela-new-1.png\" alt=\"Solicitar cotizaci\u00f3n\" title=\"Solicitar cotizaci\u00f3n\" \/>\n    <\/button>\n    <\/td>\n<\/tr>\n<tr class=\"row-3\">\n\t<td class=\"column-1\"><img decoding=\"async\" src=\"https:\/\/www.ritzbrasil.com\/wp-content\/uploads\/2024\/11\/esr19899-2-esfera-instalacao-corda-150x150-1.jpg\" \/><\/td><td class=\"column-2\">ESR19899-2<\/td><td class=\"column-3\"><\/td><td class=\"column-4\">    <button class=\"add-to-budget\" data-table-id=\"esfera-instalacao-corda\" data-reference=\"ESR19899-2\" data-description=\"Bola para instalaci\u00f3n de cuerda\" style=\"color:#ff4d00;\">\n        <img decoding=\"async\" src=\"https:\/\/www.ritzbrasil.com\/\/wp-content\/uploads\/2024\/07\/orcar-compras-tabela-new-1.png\" alt=\"Solicitar cotizaci\u00f3n\" title=\"Solicitar cotizaci\u00f3n\" \/>\n    <\/button>\n    <\/td>\n<\/tr>\n<tr class=\"row-4\">\n\t<td class=\"column-1\"><img decoding=\"async\" src=\"https:\/\/www.ritzbrasil.com\/wp-content\/uploads\/2024\/11\/esr19899-3-esfera-instalacao-corda-150x150-1.jpg\" \/><\/td><td class=\"column-2\">ESR19899-3<\/td><td class=\"column-3\"><\/td><td class=\"column-4\">    <button class=\"add-to-budget\" data-table-id=\"esfera-instalacao-corda\" data-reference=\"ESR19899-3\" data-description=\"Bola para instalaci\u00f3n de cuerda\" style=\"color:#ff4d00;\">\n        <img decoding=\"async\" src=\"https:\/\/www.ritzbrasil.com\/\/wp-content\/uploads\/2024\/07\/orcar-compras-tabela-new-1.png\" alt=\"Solicitar cotizaci\u00f3n\" title=\"Solicitar cotizaci\u00f3n\" \/>\n    <\/button>\n    <\/td>\n<\/tr>\n<tr class=\"row-5\">\n\t<td class=\"column-1\"><img decoding=\"async\" src=\"https:\/\/www.ritzbrasil.com\/wp-content\/uploads\/2024\/11\/esr19899-4-esfera-instalacao-corda-150x150-1.jpg\" \/><\/td><td class=\"column-2\">ESR19899-4<\/td><td class=\"column-3\"><\/td><td class=\"column-4\">    <button class=\"add-to-budget\" data-table-id=\"esfera-instalacao-corda\" data-reference=\"ESR19899-4\" data-description=\"Bola para instalaci\u00f3n de cuerda\" style=\"color:#ff4d00;\">\n        <img decoding=\"async\" src=\"https:\/\/www.ritzbrasil.com\/\/wp-content\/uploads\/2024\/07\/orcar-compras-tabela-new-1.png\" alt=\"Solicitar cotizaci\u00f3n\" title=\"Solicitar cotizaci\u00f3n\" \/>\n    <\/button>\n    <\/td>\n<\/tr>\n<tr class=\"row-6\">\n\t<td class=\"column-1\"><img decoding=\"async\" src=\"https:\/\/www.ritzbrasil.com\/wp-content\/uploads\/2024\/11\/esr19899-5-esfera-instalacao-corda-150x150-1.jpg\" \/><\/td><td class=\"column-2\">ESR19899-5<\/td><td class=\"column-3\"><\/td><td class=\"column-4\">    <button class=\"add-to-budget\" data-table-id=\"esfera-instalacao-corda\" data-reference=\"ESR19899-5\" data-description=\"Bola para instalaci\u00f3n de cuerda\" style=\"color:#ff4d00;\">\n        <img decoding=\"async\" src=\"https:\/\/www.ritzbrasil.com\/\/wp-content\/uploads\/2024\/07\/orcar-compras-tabela-new-1.png\" alt=\"Solicitar cotizaci\u00f3n\" title=\"Solicitar cotizaci\u00f3n\" \/>\n    <\/button>\n    <\/td>\n<\/tr>\n<tr class=\"row-7\">\n\t<td class=\"column-1\"><img decoding=\"async\" src=\"https:\/\/www.ritzbrasil.com\/wp-content\/uploads\/2024\/11\/esr19899-6-esfera-instalacao-corda-150x150-1.jpg\" \/><\/td><td class=\"column-2\">ESR19899-6<\/td><td class=\"column-3\"><\/td><td class=\"column-4\">    <button class=\"add-to-budget\" data-table-id=\"esfera-instalacao-corda\" data-reference=\"ESR19899-6\" data-description=\"Bola para instalaci\u00f3n de cuerda\" style=\"color:#ff4d00;\">\n        <img decoding=\"async\" src=\"https:\/\/www.ritzbrasil.com\/\/wp-content\/uploads\/2024\/07\/orcar-compras-tabela-new-1.png\" alt=\"Solicitar cotizaci\u00f3n\" title=\"Solicitar cotizaci\u00f3n\" \/>\n    <\/button>\n    <\/td>\n<\/tr>\n<tr class=\"row-8\">\n\t<td class=\"column-1\"><img decoding=\"async\" src=\"https:\/\/www.ritzbrasil.com\/wp-content\/uploads\/2024\/11\/esr19899-7-esfera-instalacao-corda-150x150-1.jpg\" \/><\/td><td class=\"column-2\">ESR19899-7<\/td><td class=\"column-3\"><\/td><td class=\"column-4\">    <button class=\"add-to-budget\" data-table-id=\"esfera-instalacao-corda\" data-reference=\"ESR19899-7\" data-description=\"Bola para instalaci\u00f3n de cuerda\" style=\"color:#ff4d00;\">\n        <img decoding=\"async\" src=\"https:\/\/www.ritzbrasil.com\/\/wp-content\/uploads\/2024\/07\/orcar-compras-tabela-new-1.png\" alt=\"Solicitar cotizaci\u00f3n\" title=\"Solicitar cotizaci\u00f3n\" \/>\n    <\/button>\n    <\/td>\n<\/tr>\n<tr class=\"row-9\">\n\t<td class=\"column-1\"><img decoding=\"async\" src=\"https:\/\/www.ritzbrasil.com\/wp-content\/uploads\/2024\/11\/esr19899-8-esfera-instalacao-corda-150x150-1.jpg\" \/><\/td><td class=\"column-2\">ESR19899-8<\/td><td class=\"column-3\"><\/td><td class=\"column-4\">    <button class=\"add-to-budget\" data-table-id=\"esfera-instalacao-corda\" data-reference=\"ESR19899-8\" data-description=\"Bola para instalaci\u00f3n de cuerda\" style=\"color:#ff4d00;\">\n        <img decoding=\"async\" src=\"https:\/\/www.ritzbrasil.com\/\/wp-content\/uploads\/2024\/07\/orcar-compras-tabela-new-1.png\" alt=\"Solicitar cotizaci\u00f3n\" title=\"Solicitar cotizaci\u00f3n\" \/>\n    <\/button>\n    <\/td>\n<\/tr>\n<\/tbody>\n<\/table>\n<\/div>\n[\/vc_column_text][vc_separator border_width=\u00bb2&#8243; css=\u00bb\u00bb][\/vc_column][\/vc_row][vc_row][vc_column][vc_column_text css=\u00bb.vc_custom_1731087046542{margin-top: 20px !important;}\u00bb]<\/p>\n<h4><span style=\"color: #ff9900;\"><strong>ESR12981-1 &#8211; Kit de instalaci\u00f3n de cuerda<\/strong><\/span><\/h4>\n<p>[\/vc_column_text][vc_column_text css=\u00bb.vc_custom_1753188090737{margin-top: -20px !important;}\u00bb]\n<div id=\"tablepress-ESR12981-1-Kit-Instalacao-Corda-ES-scroll-wrapper\" class=\"tablepress-scroll-wrapper\">\n<table id=\"tablepress-ESR12981-1-Kit-Instalacao-Corda-ES\" class=\"tablepress tablepress-id-ESR12981-1-Kit-Instalacao-Corda-ES tablepress-responsive\">\n<thead>\n<tr class=\"row-1\">\n\t<td class=\"column-1\"><\/td><th class=\"column-2\">Referencias<\/th><th class=\"column-3\">Caracter\u00edstica<\/th><td class=\"column-4\"><\/td>\n<\/tr>\n<\/thead>\n<tbody class=\"row-striping row-hover\">\n<tr class=\"row-2\">\n\t<td class=\"column-1\"><img decoding=\"async\" src=\"https:\/\/www.ritzbrasil.com\/wp-content\/uploads\/2024\/11\/flv03278-3-carretilha-aluminio-150x150-1.jpg\" \/><\/td><td class=\"column-2\">FLV03278-3<\/td><td class=\"column-3\">carrete de aluminio<\/td><td class=\"column-4\">    <button class=\"add-to-budget\" data-table-id=\"ESR12981-1-Kit-Instalacao-Corda\" data-reference=\"FLV03278-3\" data-description=\"ESR12981-1 \u2013 Kit de instalaci\u00f3n de cuerda\" style=\"color:#ff4d00;\">\n        <img decoding=\"async\" src=\"https:\/\/www.ritzbrasil.com\/\/wp-content\/uploads\/2024\/07\/orcar-compras-tabela-new-1.png\" alt=\"Solicitar cotizaci\u00f3n\" title=\"Solicitar cotizaci\u00f3n\" \/>\n    <\/button>\n    <\/td>\n<\/tr>\n<tr class=\"row-3\">\n\t<td class=\"column-1\"><img decoding=\"async\" src=\"https:\/\/www.ritzbrasil.com\/wp-content\/uploads\/2024\/11\/esr12963-1-bastao-carretilha-150x150-1.jpg\" \/><\/td><td class=\"column-2\">ESR12963-1<\/td><td class=\"column-3\">ca\u00f1a con carrete<\/td><td class=\"column-4\">    <button class=\"add-to-budget\" data-table-id=\"ESR12981-1-Kit-Instalacao-Corda\" data-reference=\"ESR12963-1\" data-description=\"ESR12981-1 \u2013 Kit de instalaci\u00f3n de cuerda\" style=\"color:#ff4d00;\">\n        <img decoding=\"async\" src=\"https:\/\/www.ritzbrasil.com\/\/wp-content\/uploads\/2024\/07\/orcar-compras-tabela-new-1.png\" alt=\"Solicitar cotizaci\u00f3n\" title=\"Solicitar cotizaci\u00f3n\" \/>\n    <\/button>\n    <\/td>\n<\/tr>\n<tr class=\"row-4\">\n\t<td class=\"column-1\"><img decoding=\"async\" src=\"https:\/\/www.ritzbrasil.com\/wp-content\/uploads\/2024\/11\/esr11795-1-bastao-isolante-corda-150x150-1.jpg\" \/><\/td><td class=\"column-2\">ESR11795-1<\/td><td class=\"column-3\">Palo aislante de cuerda (\u00d8 6 x 1500 mm)<\/td><td class=\"column-4\">    <button class=\"add-to-budget\" data-table-id=\"ESR12981-1-Kit-Instalacao-Corda\" data-reference=\"ESR11795-1\" data-description=\"ESR12981-1 \u2013 Kit de instalaci\u00f3n de cuerda\" style=\"color:#ff4d00;\">\n        <img decoding=\"async\" src=\"https:\/\/www.ritzbrasil.com\/\/wp-content\/uploads\/2024\/07\/orcar-compras-tabela-new-1.png\" alt=\"Solicitar cotizaci\u00f3n\" title=\"Solicitar cotizaci\u00f3n\" \/>\n    <\/button>\n    <\/td>\n<\/tr>\n<tr class=\"row-5\">\n\t<td class=\"column-1\"><img decoding=\"async\" src=\"https:\/\/www.ritzbrasil.com\/wp-content\/uploads\/2024\/11\/esr12591-1-garateia-150x150-1.jpg\" \/><\/td><td class=\"column-2\">ESR12591-1<\/td><td class=\"column-3\">Garateia<\/td><td class=\"column-4\">    <button class=\"add-to-budget\" data-table-id=\"ESR12981-1-Kit-Instalacao-Corda\" data-reference=\"ESR12591-1\" data-description=\"ESR12981-1 \u2013 Kit de instalaci\u00f3n de cuerda\" style=\"color:#ff4d00;\">\n        <img decoding=\"async\" src=\"https:\/\/www.ritzbrasil.com\/\/wp-content\/uploads\/2024\/07\/orcar-compras-tabela-new-1.png\" alt=\"Solicitar cotizaci\u00f3n\" title=\"Solicitar cotizaci\u00f3n\" \/>\n    <\/button>\n    <\/td>\n<\/tr>\n<tr class=\"row-6\">\n\t<td class=\"column-1\"><img decoding=\"async\" src=\"https:\/\/www.ritzbrasil.com\/wp-content\/uploads\/2024\/09\/rm1895-1-corda-polipropileno-150x150-1.jpg\" \/><\/td><td class=\"column-2\">RM1895-1<\/td><td class=\"column-3\">Cuerda de fibra sint\u00e9tica<br \/>\n<\/td><td class=\"column-4\">    <button class=\"add-to-budget\" data-table-id=\"ESR12981-1-Kit-Instalacao-Corda\" data-reference=\"RM1895-1\" data-description=\"ESR12981-1 \u2013 Kit de instalaci\u00f3n de cuerda\" style=\"color:#ff4d00;\">\n        <img decoding=\"async\" src=\"https:\/\/www.ritzbrasil.com\/\/wp-content\/uploads\/2024\/07\/orcar-compras-tabela-new-1.png\" alt=\"Solicitar cotizaci\u00f3n\" title=\"Solicitar cotizaci\u00f3n\" \/>\n    <\/button>\n    <\/td>\n<\/tr>\n<\/tbody>\n<\/table>\n<\/div>\n[\/vc_column_text][vc_separator border_width=\u00bb2&#8243; css=\u00bb\u00bb][\/vc_column][\/vc_row]<\/p>\n<\/div>","protected":false},"excerpt":{"rendered":"<h4><span style=\"color: #ff9900;\">Bola para instalaci\u00f3n de cuerda<\/span><\/h4>\n<p>Desarrollado para una mayor practicidad y productividad, permite la instalaci\u00f3n de l\u00edneas en tensi\u00f3n y la retirada de cables de acero, aluminio u OPGW del suelo mediante el kit ESR12981-1.<\/p>\n","protected":false},"featured_media":60403,"template":"","meta":[],"product_brand":[],"product_cat":[1690,1678],"product_tag":[1722,1723,1721,1712,1713,1714,1715,1716,1717,1718,1719,1720,1711],"class_list":{"0":"post-60878","1":"product","2":"type-product","3":"status-publish","4":"has-post-thumbnail","6":"product_cat-bolas-de-senalizacion","7":"product_cat-productos-destacados","8":"product_tag-esr11795-1-es","9":"product_tag-esr12591-1-es","10":"product_tag-esr12963-1-es","11":"product_tag-esr19899-1-es","12":"product_tag-esr19899-2-es","13":"product_tag-esr19899-3-es","14":"product_tag-esr19899-4-es","15":"product_tag-esr19899-5-es","16":"product_tag-esr19899-6-es","17":"product_tag-esr19899-7-es","18":"product_tag-esr19899-8-es","19":"product_tag-flv03278-3-es","20":"product_tag-rm1895-1-es","21":"description-off","23":"first","24":"instock","25":"virtual","26":"product-type-simple"},"yoast_head":"<!-- This site is optimized with the Yoast SEO plugin v27.1.1 - https:\/\/yoast.com\/product\/yoast-seo-wordpress\/ -->\n<title>Bola para instalaci\u00f3n de cuerda<\/title>\n<meta name=\"description\" content=\"Bola para instalaci\u00f3n en cable, con kit ESR12981-1. Se puede montar y desmontar en l\u00ednea viva en cables de acero, aluminio u OPGW.\" \/>\n<meta name=\"robots\" content=\"index, follow, max-snippet:-1, max-image-preview:large, max-video-preview:-1\" \/>\n<link rel=\"canonical\" href=\"https:\/\/www.ritzbrasil.com\/es\/produtos\/productos-destacados\/bola-para-instalacion-de-cuerda\/\" \/>\n<meta property=\"og:locale\" content=\"es_ES\" \/>\n<meta property=\"og:type\" content=\"article\" \/>\n<meta property=\"og:title\" content=\"Bola para instalaci\u00f3n de cuerda\" \/>\n<meta property=\"og:description\" content=\"Bola para instalaci\u00f3n en cable, con kit ESR12981-1. Se puede montar y desmontar en l\u00ednea viva en cables de acero, aluminio u OPGW.\" \/>\n<meta property=\"og:url\" content=\"https:\/\/www.ritzbrasil.com\/es\/produtos\/productos-destacados\/bola-para-instalacion-de-cuerda\/\" \/>\n<meta property=\"og:site_name\" content=\"Equipamentos de Manuten\u00e7\u00e3o e Seguran\u00e7a para o Setor El\u00e9trico - Ritz Brasil\" \/>\n<meta property=\"article:modified_time\" content=\"2026-02-25T19:44:20+00:00\" \/>\n<meta property=\"og:image\" content=\"https:\/\/www.ritzbrasil.com\/wp-content\/uploads\/2024\/11\/esfera-instalacao-corda.jpg\" \/>\n\t<meta property=\"og:image:width\" content=\"1200\" \/>\n\t<meta property=\"og:image:height\" content=\"1200\" \/>\n\t<meta property=\"og:image:type\" content=\"image\/jpeg\" \/>\n<meta name=\"twitter:card\" content=\"summary_large_image\" \/>\n<meta name=\"twitter:label1\" content=\"Tiempo de lectura\" \/>\n\t<meta name=\"twitter:data1\" content=\"1 minuto\" \/>\n<script type=\"application\/ld+json\" class=\"yoast-schema-graph\">{\"@context\":\"https:\/\/schema.org\",\"@graph\":[{\"@type\":\"WebPage\",\"@id\":\"https:\/\/www.ritzbrasil.com\/es\/produtos\/productos-destacados\/bola-para-instalacion-de-cuerda\/\",\"url\":\"https:\/\/www.ritzbrasil.com\/es\/produtos\/productos-destacados\/bola-para-instalacion-de-cuerda\/\",\"name\":\"Bola para instalaci\u00f3n de cuerda\",\"isPartOf\":{\"@id\":\"https:\/\/www.ritzbrasil.com\/es\/#website\"},\"primaryImageOfPage\":{\"@id\":\"https:\/\/www.ritzbrasil.com\/es\/produtos\/productos-destacados\/bola-para-instalacion-de-cuerda\/#primaryimage\"},\"image\":{\"@id\":\"https:\/\/www.ritzbrasil.com\/es\/produtos\/productos-destacados\/bola-para-instalacion-de-cuerda\/#primaryimage\"},\"thumbnailUrl\":\"https:\/\/www.ritzbrasil.com\/wp-content\/uploads\/2024\/11\/esfera-instalacao-corda.jpg\",\"datePublished\":\"2024-11-08T17:28:22+00:00\",\"dateModified\":\"2026-02-25T19:44:20+00:00\",\"description\":\"Bola para instalaci\u00f3n en cable, con kit ESR12981-1. Se puede montar y desmontar en l\u00ednea viva en cables de acero, aluminio u OPGW.\",\"breadcrumb\":{\"@id\":\"https:\/\/www.ritzbrasil.com\/es\/produtos\/productos-destacados\/bola-para-instalacion-de-cuerda\/#breadcrumb\"},\"inLanguage\":\"es\",\"potentialAction\":[{\"@type\":\"ReadAction\",\"target\":[\"https:\/\/www.ritzbrasil.com\/es\/produtos\/productos-destacados\/bola-para-instalacion-de-cuerda\/\"]}]},{\"@type\":\"ImageObject\",\"inLanguage\":\"es\",\"@id\":\"https:\/\/www.ritzbrasil.com\/es\/produtos\/productos-destacados\/bola-para-instalacion-de-cuerda\/#primaryimage\",\"url\":\"https:\/\/www.ritzbrasil.com\/wp-content\/uploads\/2024\/11\/esfera-instalacao-corda.jpg\",\"contentUrl\":\"https:\/\/www.ritzbrasil.com\/wp-content\/uploads\/2024\/11\/esfera-instalacao-corda.jpg\",\"width\":1200,\"height\":1200,\"caption\":\"Bola para instalaci\u00f3n de cuerda\"},{\"@type\":\"BreadcrumbList\",\"@id\":\"https:\/\/www.ritzbrasil.com\/es\/produtos\/productos-destacados\/bola-para-instalacion-de-cuerda\/#breadcrumb\",\"itemListElement\":[{\"@type\":\"ListItem\",\"position\":1,\"name\":\"In\u00edcio\",\"item\":\"https:\/\/www.ritzbrasil.com\/es\/\"},{\"@type\":\"ListItem\",\"position\":2,\"name\":\"Tienda\",\"item\":\"https:\/\/www.ritzbrasil.com\/es\/tienda\/\"},{\"@type\":\"ListItem\",\"position\":3,\"name\":\"Bola para instalaci\u00f3n de cuerda\"}]},{\"@type\":\"WebSite\",\"@id\":\"https:\/\/www.ritzbrasil.com\/es\/#website\",\"url\":\"https:\/\/www.ritzbrasil.com\/es\/\",\"name\":\"Equipamentos de Manuten\u00e7\u00e3o e Seguran\u00e7a para o Setor El\u00e9trico - Ritz Brasil\",\"description\":\"\",\"potentialAction\":[{\"@type\":\"SearchAction\",\"target\":{\"@type\":\"EntryPoint\",\"urlTemplate\":\"https:\/\/www.ritzbrasil.com\/es\/?s={search_term_string}\"},\"query-input\":{\"@type\":\"PropertyValueSpecification\",\"valueRequired\":true,\"valueName\":\"search_term_string\"}}],\"inLanguage\":\"es\"}]}<\/script>\n<!-- \/ Yoast SEO plugin. -->","yoast_head_json":{"title":"Bola para instalaci\u00f3n de cuerda","description":"Bola para instalaci\u00f3n en cable, con kit ESR12981-1. Se puede montar y desmontar en l\u00ednea viva en cables de acero, aluminio u OPGW.","robots":{"index":"index","follow":"follow","max-snippet":"max-snippet:-1","max-image-preview":"max-image-preview:large","max-video-preview":"max-video-preview:-1"},"canonical":"https:\/\/www.ritzbrasil.com\/es\/produtos\/productos-destacados\/bola-para-instalacion-de-cuerda\/","og_locale":"es_ES","og_type":"article","og_title":"Bola para instalaci\u00f3n de cuerda","og_description":"Bola para instalaci\u00f3n en cable, con kit ESR12981-1. Se puede montar y desmontar en l\u00ednea viva en cables de acero, aluminio u OPGW.","og_url":"https:\/\/www.ritzbrasil.com\/es\/produtos\/productos-destacados\/bola-para-instalacion-de-cuerda\/","og_site_name":"Equipamentos de Manuten\u00e7\u00e3o e Seguran\u00e7a para o Setor El\u00e9trico - Ritz Brasil","article_modified_time":"2026-02-25T19:44:20+00:00","og_image":[{"width":1200,"height":1200,"url":"https:\/\/www.ritzbrasil.com\/wp-content\/uploads\/2024\/11\/esfera-instalacao-corda.jpg","type":"image\/jpeg"}],"twitter_card":"summary_large_image","twitter_misc":{"Tiempo de lectura":"1 minuto"},"schema":{"@context":"https:\/\/schema.org","@graph":[{"@type":"WebPage","@id":"https:\/\/www.ritzbrasil.com\/es\/produtos\/productos-destacados\/bola-para-instalacion-de-cuerda\/","url":"https:\/\/www.ritzbrasil.com\/es\/produtos\/productos-destacados\/bola-para-instalacion-de-cuerda\/","name":"Bola para instalaci\u00f3n de cuerda","isPartOf":{"@id":"https:\/\/www.ritzbrasil.com\/es\/#website"},"primaryImageOfPage":{"@id":"https:\/\/www.ritzbrasil.com\/es\/produtos\/productos-destacados\/bola-para-instalacion-de-cuerda\/#primaryimage"},"image":{"@id":"https:\/\/www.ritzbrasil.com\/es\/produtos\/productos-destacados\/bola-para-instalacion-de-cuerda\/#primaryimage"},"thumbnailUrl":"https:\/\/www.ritzbrasil.com\/wp-content\/uploads\/2024\/11\/esfera-instalacao-corda.jpg","datePublished":"2024-11-08T17:28:22+00:00","dateModified":"2026-02-25T19:44:20+00:00","description":"Bola para instalaci\u00f3n en cable, con kit ESR12981-1. Se puede montar y desmontar en l\u00ednea viva en cables de acero, aluminio u OPGW.","breadcrumb":{"@id":"https:\/\/www.ritzbrasil.com\/es\/produtos\/productos-destacados\/bola-para-instalacion-de-cuerda\/#breadcrumb"},"inLanguage":"es","potentialAction":[{"@type":"ReadAction","target":["https:\/\/www.ritzbrasil.com\/es\/produtos\/productos-destacados\/bola-para-instalacion-de-cuerda\/"]}]},{"@type":"ImageObject","inLanguage":"es","@id":"https:\/\/www.ritzbrasil.com\/es\/produtos\/productos-destacados\/bola-para-instalacion-de-cuerda\/#primaryimage","url":"https:\/\/www.ritzbrasil.com\/wp-content\/uploads\/2024\/11\/esfera-instalacao-corda.jpg","contentUrl":"https:\/\/www.ritzbrasil.com\/wp-content\/uploads\/2024\/11\/esfera-instalacao-corda.jpg","width":1200,"height":1200,"caption":"Bola para instalaci\u00f3n de cuerda"},{"@type":"BreadcrumbList","@id":"https:\/\/www.ritzbrasil.com\/es\/produtos\/productos-destacados\/bola-para-instalacion-de-cuerda\/#breadcrumb","itemListElement":[{"@type":"ListItem","position":1,"name":"In\u00edcio","item":"https:\/\/www.ritzbrasil.com\/es\/"},{"@type":"ListItem","position":2,"name":"Tienda","item":"https:\/\/www.ritzbrasil.com\/es\/tienda\/"},{"@type":"ListItem","position":3,"name":"Bola para instalaci\u00f3n de cuerda"}]},{"@type":"WebSite","@id":"https:\/\/www.ritzbrasil.com\/es\/#website","url":"https:\/\/www.ritzbrasil.com\/es\/","name":"Equipamentos de Manuten\u00e7\u00e3o e Seguran\u00e7a para o Setor El\u00e9trico - Ritz Brasil","description":"","potentialAction":[{"@type":"SearchAction","target":{"@type":"EntryPoint","urlTemplate":"https:\/\/www.ritzbrasil.com\/es\/?s={search_term_string}"},"query-input":{"@type":"PropertyValueSpecification","valueRequired":true,"valueName":"search_term_string"}}],"inLanguage":"es"}]}},"_links":{"self":[{"href":"https:\/\/www.ritzbrasil.com\/es\/wp-json\/wp\/v2\/product\/60878","targetHints":{"allow":["GET"]}}],"collection":[{"href":"https:\/\/www.ritzbrasil.com\/es\/wp-json\/wp\/v2\/product"}],"about":[{"href":"https:\/\/www.ritzbrasil.com\/es\/wp-json\/wp\/v2\/types\/product"}],"wp:featuredmedia":[{"embeddable":true,"href":"https:\/\/www.ritzbrasil.com\/es\/wp-json\/wp\/v2\/media\/60403"}],"wp:attachment":[{"href":"https:\/\/www.ritzbrasil.com\/es\/wp-json\/wp\/v2\/media?parent=60878"}],"wp:term":[{"taxonomy":"product_brand","embeddable":true,"href":"https:\/\/www.ritzbrasil.com\/es\/wp-json\/wp\/v2\/product_brand?post=60878"},{"taxonomy":"product_cat","embeddable":true,"href":"https:\/\/www.ritzbrasil.com\/es\/wp-json\/wp\/v2\/product_cat?post=60878"},{"taxonomy":"product_tag","embeddable":true,"href":"https:\/\/www.ritzbrasil.com\/es\/wp-json\/wp\/v2\/product_tag?post=60878"}],"curies":[{"name":"wp","href":"https:\/\/api.w.org\/{rel}","templated":true}]}}