{"id":60876,"date":"2024-11-08T10:26:24","date_gmt":"2024-11-08T13:26:24","guid":{"rendered":"https:\/\/bisque-bison-688002.hostingersite.com\/produtos\/sin%20categor\u00eda\/bola-para-instalacion-convencional\/"},"modified":"2026-02-25T16:44:25","modified_gmt":"2026-02-25T19:44:25","slug":"bola-para-instalacion-convencional","status":"publish","type":"product","link":"https:\/\/www.ritzbrasil.com\/es\/produtos\/bolas-de-senalizacion\/bola-para-instalacion-convencional\/","title":{"rendered":"Bola para instalaci\u00f3n convencional"},"content":{"rendered":"<div class=\"wpb-content-wrapper\"><p>[vc_row][vc_column][vc_column_text css=\u00bb.vc_custom_1731072292908{margin-top: 20px !important;}\u00bb]<\/p>\n<h4><span style=\"color: #ff9900;\"><strong>Bola para instalaci\u00f3n convencional<\/strong><\/span><\/h4>\n<p>[\/vc_column_text][vc_column_text css=\u00bb.vc_custom_1753275031853{margin-top: -20px !important;}\u00bb]\n<div id=\"tablepress-esfera-instalacao-convencional-ES-scroll-wrapper\" class=\"tablepress-scroll-wrapper\">\n<table id=\"tablepress-esfera-instalacao-convencional-ES\" class=\"tablepress tablepress-id-esfera-instalacao-convencional-ES tablepress-responsive\">\n<thead>\n<tr class=\"row-1\">\n\t<td class=\"column-1\"><\/td><th class=\"column-2\">Referencias<\/th><th class=\"column-3\">Caracter\u00edstica<\/th><td class=\"column-4\"><\/td>\n<\/tr>\n<\/thead>\n<tbody class=\"row-striping row-hover\">\n<tr class=\"row-2\">\n\t<td class=\"column-1\"><img decoding=\"async\" src=\"https:\/\/www.ritzbrasil.com\/wp-content\/uploads\/2024\/11\/esr30700-1-esfera-instalacao-convencional-150X150.jpg\" \/><\/td><td class=\"column-2\">ESR30700-1<\/td><td class=\"column-3\"><\/td><td class=\"column-4\">    <button class=\"add-to-budget\" data-table-id=\"esfera-instalacao-convencional\" data-reference=\"ESR30700-1\" data-description=\"Bola para instalaci\u00f3n convencional\" style=\"color:#ff4d00;\">\n        <img decoding=\"async\" src=\"https:\/\/www.ritzbrasil.com\/\/wp-content\/uploads\/2024\/07\/orcar-compras-tabela-new-1.png\" alt=\"Solicitar cotizaci\u00f3n\" title=\"Solicitar cotizaci\u00f3n\" \/>\n    <\/button>\n    <\/td>\n<\/tr>\n<tr class=\"row-3\">\n\t<td class=\"column-1\"><img decoding=\"async\" src=\"https:\/\/www.ritzbrasil.com\/wp-content\/uploads\/2024\/11\/esr30700-2-esfera-instalacao-convencional-150X150.jpg\" \/><\/td><td class=\"column-2\">ESR30700-2<\/td><td class=\"column-3\"><\/td><td class=\"column-4\">    <button class=\"add-to-budget\" data-table-id=\"esfera-instalacao-convencional\" data-reference=\"ESR30700-2\" data-description=\"Bola para instalaci\u00f3n convencional\" style=\"color:#ff4d00;\">\n        <img decoding=\"async\" src=\"https:\/\/www.ritzbrasil.com\/\/wp-content\/uploads\/2024\/07\/orcar-compras-tabela-new-1.png\" alt=\"Solicitar cotizaci\u00f3n\" title=\"Solicitar cotizaci\u00f3n\" \/>\n    <\/button>\n    <\/td>\n<\/tr>\n<tr class=\"row-4\">\n\t<td class=\"column-1\"><img decoding=\"async\" src=\"https:\/\/www.ritzbrasil.com\/wp-content\/uploads\/2024\/11\/esr30700-3-esfera-instalacao-convencional-150X150.jpg\" \/><\/td><td class=\"column-2\">ESR30700-3<\/td><td class=\"column-3\"><\/td><td class=\"column-4\">    <button class=\"add-to-budget\" data-table-id=\"esfera-instalacao-convencional\" data-reference=\"ESR30700-3\" data-description=\"Bola para instalaci\u00f3n convencional\" style=\"color:#ff4d00;\">\n        <img decoding=\"async\" src=\"https:\/\/www.ritzbrasil.com\/\/wp-content\/uploads\/2024\/07\/orcar-compras-tabela-new-1.png\" alt=\"Solicitar cotizaci\u00f3n\" title=\"Solicitar cotizaci\u00f3n\" \/>\n    <\/button>\n    <\/td>\n<\/tr>\n<tr class=\"row-5\">\n\t<td class=\"column-1\"><img decoding=\"async\" src=\"https:\/\/www.ritzbrasil.com\/wp-content\/uploads\/2024\/11\/esr30700-4-esfera-instalacao-convencional-150X150.jpg\" \/><\/td><td class=\"column-2\">ESR30700-4<\/td><td class=\"column-3\"><\/td><td class=\"column-4\">    <button class=\"add-to-budget\" data-table-id=\"esfera-instalacao-convencional\" data-reference=\"ESR30700-4\" data-description=\"Bola para instalaci\u00f3n convencional\" style=\"color:#ff4d00;\">\n        <img decoding=\"async\" src=\"https:\/\/www.ritzbrasil.com\/\/wp-content\/uploads\/2024\/07\/orcar-compras-tabela-new-1.png\" alt=\"Solicitar cotizaci\u00f3n\" title=\"Solicitar cotizaci\u00f3n\" \/>\n    <\/button>\n    <\/td>\n<\/tr>\n<tr class=\"row-6\">\n\t<td class=\"column-1\"><img decoding=\"async\" src=\"https:\/\/www.ritzbrasil.com\/wp-content\/uploads\/2024\/11\/esr30700-5-esfera-instalacao-convencional-150X150.jpg\" \/><\/td><td class=\"column-2\">ESR30700-5<\/td><td class=\"column-3\"><\/td><td class=\"column-4\">    <button class=\"add-to-budget\" data-table-id=\"esfera-instalacao-convencional\" data-reference=\"ESR30700-5\" data-description=\"Bola para instalaci\u00f3n convencional\" style=\"color:#ff4d00;\">\n        <img decoding=\"async\" src=\"https:\/\/www.ritzbrasil.com\/\/wp-content\/uploads\/2024\/07\/orcar-compras-tabela-new-1.png\" alt=\"Solicitar cotizaci\u00f3n\" title=\"Solicitar cotizaci\u00f3n\" \/>\n    <\/button>\n    <\/td>\n<\/tr>\n<tr class=\"row-7\">\n\t<td class=\"column-1\"><img decoding=\"async\" src=\"https:\/\/www.ritzbrasil.com\/wp-content\/uploads\/2024\/11\/esr30700-6-esfera-instalacao-convencional-150X150.jpg\" \/><\/td><td class=\"column-2\">ESR30700-6<\/td><td class=\"column-3\"><\/td><td class=\"column-4\">    <button class=\"add-to-budget\" data-table-id=\"esfera-instalacao-convencional\" data-reference=\"ESR30700-6\" data-description=\"Bola para instalaci\u00f3n convencional\" style=\"color:#ff4d00;\">\n        <img decoding=\"async\" src=\"https:\/\/www.ritzbrasil.com\/\/wp-content\/uploads\/2024\/07\/orcar-compras-tabela-new-1.png\" alt=\"Solicitar cotizaci\u00f3n\" title=\"Solicitar cotizaci\u00f3n\" \/>\n    <\/button>\n    <\/td>\n<\/tr>\n<tr class=\"row-8\">\n\t<td class=\"column-1\"><img decoding=\"async\" src=\"https:\/\/www.ritzbrasil.com\/wp-content\/uploads\/2024\/11\/esr30700-7-esfera-instalacao-convencional-150X150.jpg\" \/><\/td><td class=\"column-2\">ESR30700-7<\/td><td class=\"column-3\"><\/td><td class=\"column-4\">    <button class=\"add-to-budget\" data-table-id=\"esfera-instalacao-convencional\" data-reference=\"ESR30700-7\" data-description=\"Bola para instalaci\u00f3n convencional\" style=\"color:#ff4d00;\">\n        <img decoding=\"async\" src=\"https:\/\/www.ritzbrasil.com\/\/wp-content\/uploads\/2024\/07\/orcar-compras-tabela-new-1.png\" alt=\"Solicitar cotizaci\u00f3n\" title=\"Solicitar cotizaci\u00f3n\" \/>\n    <\/button>\n    <\/td>\n<\/tr>\n<tr class=\"row-9\">\n\t<td class=\"column-1\"><img decoding=\"async\" src=\"https:\/\/www.ritzbrasil.com\/wp-content\/uploads\/2024\/11\/esr30700-8-esfera-instalacao-convencional-150X150.jpg\" \/><\/td><td class=\"column-2\">ESR30700-8<\/td><td class=\"column-3\"><\/td><td class=\"column-4\">    <button class=\"add-to-budget\" data-table-id=\"esfera-instalacao-convencional\" data-reference=\"ESR30700-8\" data-description=\"Bola para instalaci\u00f3n convencional\" style=\"color:#ff4d00;\">\n        <img decoding=\"async\" src=\"https:\/\/www.ritzbrasil.com\/\/wp-content\/uploads\/2024\/07\/orcar-compras-tabela-new-1.png\" alt=\"Solicitar cotizaci\u00f3n\" title=\"Solicitar cotizaci\u00f3n\" \/>\n    <\/button>\n    <\/td>\n<\/tr>\n<\/tbody>\n<\/table>\n<\/div>\n[\/vc_column_text][vc_separator border_width=\u00bb2&#8243; css=\u00bb\u00bb][\/vc_column][\/vc_row]<\/p>\n<\/div>","protected":false},"excerpt":{"rendered":"<h4><span style=\"color: #ff9900;\">Bola para instalaci\u00f3n convencional<\/span><\/h4>\n<p>Estas esferas se instalan y retiran manualmente, sobre el terreno, durante la construcci\u00f3n de la l\u00ednea de transmisi\u00f3n o durante el mantenimiento con su parada<br \/>\n.<\/p>\n<p>El sistema convencional consta de cojinetes especiales de aleaci\u00f3n de aluminio, almohadillas de goma exclusivas para cada di\u00e1metro de cable, as\u00ed como tornillos, tuercas y arandelas.<\/p>\n","protected":false},"featured_media":60369,"template":"","meta":[],"product_brand":[],"product_cat":[1690],"product_tag":[1695,1696,1697,1698,1699,1700,1701,1702],"class_list":{"0":"post-60876","1":"product","2":"type-product","3":"status-publish","4":"has-post-thumbnail","6":"product_cat-bolas-de-senalizacion","7":"product_tag-esr30700-1-es","8":"product_tag-esr30700-2-es","9":"product_tag-esr30700-3-es","10":"product_tag-esr30700-4-es","11":"product_tag-esr30700-5-es","12":"product_tag-esr30700-6-es","13":"product_tag-esr30700-7-es","14":"product_tag-esr30700-8-es","15":"description-off","17":"first","18":"instock","19":"virtual","20":"product-type-simple"},"yoast_head":"<!-- This site is optimized with the Yoast SEO plugin v27.1.1 - https:\/\/yoast.com\/product\/yoast-seo-wordpress\/ -->\n<title>Bola para instalaci\u00f3n convencional<\/title>\n<meta name=\"description\" content=\"Bola para instalaci\u00f3n convencional, aplicada manualmente al suelo durante la construcci\u00f3n o el mantenimiento de la l\u00ednea de transmisi\u00f3n, con el sistema sin tensi\u00f3n.\" \/>\n<meta name=\"robots\" content=\"index, follow, max-snippet:-1, max-image-preview:large, max-video-preview:-1\" \/>\n<link rel=\"canonical\" href=\"https:\/\/www.ritzbrasil.com\/es\/produtos\/bolas-de-senalizacion\/bola-para-instalacion-convencional\/\" \/>\n<meta property=\"og:locale\" content=\"es_ES\" \/>\n<meta property=\"og:type\" content=\"article\" \/>\n<meta property=\"og:title\" content=\"Bola para instalaci\u00f3n convencional\" \/>\n<meta property=\"og:description\" content=\"Bola para instalaci\u00f3n convencional, aplicada manualmente al suelo durante la construcci\u00f3n o el mantenimiento de la l\u00ednea de transmisi\u00f3n, con el sistema sin tensi\u00f3n.\" \/>\n<meta property=\"og:url\" content=\"https:\/\/www.ritzbrasil.com\/es\/produtos\/bolas-de-senalizacion\/bola-para-instalacion-convencional\/\" \/>\n<meta property=\"og:site_name\" content=\"Equipamentos de Manuten\u00e7\u00e3o e Seguran\u00e7a para o Setor El\u00e9trico - Ritz Brasil\" \/>\n<meta property=\"article:modified_time\" content=\"2026-02-25T19:44:25+00:00\" \/>\n<meta property=\"og:image\" content=\"https:\/\/www.ritzbrasil.com\/wp-content\/uploads\/2024\/11\/esfera-instalacao-convencional.jpg\" \/>\n\t<meta property=\"og:image:width\" content=\"1200\" \/>\n\t<meta property=\"og:image:height\" content=\"1200\" \/>\n\t<meta property=\"og:image:type\" content=\"image\/jpeg\" \/>\n<meta name=\"twitter:card\" content=\"summary_large_image\" \/>\n<meta name=\"twitter:label1\" content=\"Tiempo de lectura\" \/>\n\t<meta name=\"twitter:data1\" content=\"1 minuto\" \/>\n<script type=\"application\/ld+json\" class=\"yoast-schema-graph\">{\"@context\":\"https:\/\/schema.org\",\"@graph\":[{\"@type\":\"WebPage\",\"@id\":\"https:\/\/www.ritzbrasil.com\/es\/produtos\/bolas-de-senalizacion\/bola-para-instalacion-convencional\/\",\"url\":\"https:\/\/www.ritzbrasil.com\/es\/produtos\/bolas-de-senalizacion\/bola-para-instalacion-convencional\/\",\"name\":\"Bola para instalaci\u00f3n convencional\",\"isPartOf\":{\"@id\":\"https:\/\/www.ritzbrasil.com\/es\/#website\"},\"primaryImageOfPage\":{\"@id\":\"https:\/\/www.ritzbrasil.com\/es\/produtos\/bolas-de-senalizacion\/bola-para-instalacion-convencional\/#primaryimage\"},\"image\":{\"@id\":\"https:\/\/www.ritzbrasil.com\/es\/produtos\/bolas-de-senalizacion\/bola-para-instalacion-convencional\/#primaryimage\"},\"thumbnailUrl\":\"https:\/\/www.ritzbrasil.com\/wp-content\/uploads\/2024\/11\/esfera-instalacao-convencional.jpg\",\"datePublished\":\"2024-11-08T13:26:24+00:00\",\"dateModified\":\"2026-02-25T19:44:25+00:00\",\"description\":\"Bola para instalaci\u00f3n convencional, aplicada manualmente al suelo durante la construcci\u00f3n o el mantenimiento de la l\u00ednea de transmisi\u00f3n, con el sistema sin tensi\u00f3n.\",\"breadcrumb\":{\"@id\":\"https:\/\/www.ritzbrasil.com\/es\/produtos\/bolas-de-senalizacion\/bola-para-instalacion-convencional\/#breadcrumb\"},\"inLanguage\":\"es\",\"potentialAction\":[{\"@type\":\"ReadAction\",\"target\":[\"https:\/\/www.ritzbrasil.com\/es\/produtos\/bolas-de-senalizacion\/bola-para-instalacion-convencional\/\"]}]},{\"@type\":\"ImageObject\",\"inLanguage\":\"es\",\"@id\":\"https:\/\/www.ritzbrasil.com\/es\/produtos\/bolas-de-senalizacion\/bola-para-instalacion-convencional\/#primaryimage\",\"url\":\"https:\/\/www.ritzbrasil.com\/wp-content\/uploads\/2024\/11\/esfera-instalacao-convencional.jpg\",\"contentUrl\":\"https:\/\/www.ritzbrasil.com\/wp-content\/uploads\/2024\/11\/esfera-instalacao-convencional.jpg\",\"width\":1200,\"height\":1200,\"caption\":\"Bola para instalaci\u00f3n convencional\"},{\"@type\":\"BreadcrumbList\",\"@id\":\"https:\/\/www.ritzbrasil.com\/es\/produtos\/bolas-de-senalizacion\/bola-para-instalacion-convencional\/#breadcrumb\",\"itemListElement\":[{\"@type\":\"ListItem\",\"position\":1,\"name\":\"In\u00edcio\",\"item\":\"https:\/\/www.ritzbrasil.com\/es\/\"},{\"@type\":\"ListItem\",\"position\":2,\"name\":\"Tienda\",\"item\":\"https:\/\/www.ritzbrasil.com\/es\/tienda\/\"},{\"@type\":\"ListItem\",\"position\":3,\"name\":\"Bola para instalaci\u00f3n convencional\"}]},{\"@type\":\"WebSite\",\"@id\":\"https:\/\/www.ritzbrasil.com\/es\/#website\",\"url\":\"https:\/\/www.ritzbrasil.com\/es\/\",\"name\":\"Equipamentos de Manuten\u00e7\u00e3o e Seguran\u00e7a para o Setor El\u00e9trico - Ritz Brasil\",\"description\":\"\",\"potentialAction\":[{\"@type\":\"SearchAction\",\"target\":{\"@type\":\"EntryPoint\",\"urlTemplate\":\"https:\/\/www.ritzbrasil.com\/es\/?s={search_term_string}\"},\"query-input\":{\"@type\":\"PropertyValueSpecification\",\"valueRequired\":true,\"valueName\":\"search_term_string\"}}],\"inLanguage\":\"es\"}]}<\/script>\n<!-- \/ Yoast SEO plugin. -->","yoast_head_json":{"title":"Bola para instalaci\u00f3n convencional","description":"Bola para instalaci\u00f3n convencional, aplicada manualmente al suelo durante la construcci\u00f3n o el mantenimiento de la l\u00ednea de transmisi\u00f3n, con el sistema sin tensi\u00f3n.","robots":{"index":"index","follow":"follow","max-snippet":"max-snippet:-1","max-image-preview":"max-image-preview:large","max-video-preview":"max-video-preview:-1"},"canonical":"https:\/\/www.ritzbrasil.com\/es\/produtos\/bolas-de-senalizacion\/bola-para-instalacion-convencional\/","og_locale":"es_ES","og_type":"article","og_title":"Bola para instalaci\u00f3n convencional","og_description":"Bola para instalaci\u00f3n convencional, aplicada manualmente al suelo durante la construcci\u00f3n o el mantenimiento de la l\u00ednea de transmisi\u00f3n, con el sistema sin tensi\u00f3n.","og_url":"https:\/\/www.ritzbrasil.com\/es\/produtos\/bolas-de-senalizacion\/bola-para-instalacion-convencional\/","og_site_name":"Equipamentos de Manuten\u00e7\u00e3o e Seguran\u00e7a para o Setor El\u00e9trico - Ritz Brasil","article_modified_time":"2026-02-25T19:44:25+00:00","og_image":[{"width":1200,"height":1200,"url":"https:\/\/www.ritzbrasil.com\/wp-content\/uploads\/2024\/11\/esfera-instalacao-convencional.jpg","type":"image\/jpeg"}],"twitter_card":"summary_large_image","twitter_misc":{"Tiempo de lectura":"1 minuto"},"schema":{"@context":"https:\/\/schema.org","@graph":[{"@type":"WebPage","@id":"https:\/\/www.ritzbrasil.com\/es\/produtos\/bolas-de-senalizacion\/bola-para-instalacion-convencional\/","url":"https:\/\/www.ritzbrasil.com\/es\/produtos\/bolas-de-senalizacion\/bola-para-instalacion-convencional\/","name":"Bola para instalaci\u00f3n convencional","isPartOf":{"@id":"https:\/\/www.ritzbrasil.com\/es\/#website"},"primaryImageOfPage":{"@id":"https:\/\/www.ritzbrasil.com\/es\/produtos\/bolas-de-senalizacion\/bola-para-instalacion-convencional\/#primaryimage"},"image":{"@id":"https:\/\/www.ritzbrasil.com\/es\/produtos\/bolas-de-senalizacion\/bola-para-instalacion-convencional\/#primaryimage"},"thumbnailUrl":"https:\/\/www.ritzbrasil.com\/wp-content\/uploads\/2024\/11\/esfera-instalacao-convencional.jpg","datePublished":"2024-11-08T13:26:24+00:00","dateModified":"2026-02-25T19:44:25+00:00","description":"Bola para instalaci\u00f3n convencional, aplicada manualmente al suelo durante la construcci\u00f3n o el mantenimiento de la l\u00ednea de transmisi\u00f3n, con el sistema sin tensi\u00f3n.","breadcrumb":{"@id":"https:\/\/www.ritzbrasil.com\/es\/produtos\/bolas-de-senalizacion\/bola-para-instalacion-convencional\/#breadcrumb"},"inLanguage":"es","potentialAction":[{"@type":"ReadAction","target":["https:\/\/www.ritzbrasil.com\/es\/produtos\/bolas-de-senalizacion\/bola-para-instalacion-convencional\/"]}]},{"@type":"ImageObject","inLanguage":"es","@id":"https:\/\/www.ritzbrasil.com\/es\/produtos\/bolas-de-senalizacion\/bola-para-instalacion-convencional\/#primaryimage","url":"https:\/\/www.ritzbrasil.com\/wp-content\/uploads\/2024\/11\/esfera-instalacao-convencional.jpg","contentUrl":"https:\/\/www.ritzbrasil.com\/wp-content\/uploads\/2024\/11\/esfera-instalacao-convencional.jpg","width":1200,"height":1200,"caption":"Bola para instalaci\u00f3n convencional"},{"@type":"BreadcrumbList","@id":"https:\/\/www.ritzbrasil.com\/es\/produtos\/bolas-de-senalizacion\/bola-para-instalacion-convencional\/#breadcrumb","itemListElement":[{"@type":"ListItem","position":1,"name":"In\u00edcio","item":"https:\/\/www.ritzbrasil.com\/es\/"},{"@type":"ListItem","position":2,"name":"Tienda","item":"https:\/\/www.ritzbrasil.com\/es\/tienda\/"},{"@type":"ListItem","position":3,"name":"Bola para instalaci\u00f3n convencional"}]},{"@type":"WebSite","@id":"https:\/\/www.ritzbrasil.com\/es\/#website","url":"https:\/\/www.ritzbrasil.com\/es\/","name":"Equipamentos de Manuten\u00e7\u00e3o e Seguran\u00e7a para o Setor El\u00e9trico - Ritz Brasil","description":"","potentialAction":[{"@type":"SearchAction","target":{"@type":"EntryPoint","urlTemplate":"https:\/\/www.ritzbrasil.com\/es\/?s={search_term_string}"},"query-input":{"@type":"PropertyValueSpecification","valueRequired":true,"valueName":"search_term_string"}}],"inLanguage":"es"}]}},"_links":{"self":[{"href":"https:\/\/www.ritzbrasil.com\/es\/wp-json\/wp\/v2\/product\/60876","targetHints":{"allow":["GET"]}}],"collection":[{"href":"https:\/\/www.ritzbrasil.com\/es\/wp-json\/wp\/v2\/product"}],"about":[{"href":"https:\/\/www.ritzbrasil.com\/es\/wp-json\/wp\/v2\/types\/product"}],"wp:featuredmedia":[{"embeddable":true,"href":"https:\/\/www.ritzbrasil.com\/es\/wp-json\/wp\/v2\/media\/60369"}],"wp:attachment":[{"href":"https:\/\/www.ritzbrasil.com\/es\/wp-json\/wp\/v2\/media?parent=60876"}],"wp:term":[{"taxonomy":"product_brand","embeddable":true,"href":"https:\/\/www.ritzbrasil.com\/es\/wp-json\/wp\/v2\/product_brand?post=60876"},{"taxonomy":"product_cat","embeddable":true,"href":"https:\/\/www.ritzbrasil.com\/es\/wp-json\/wp\/v2\/product_cat?post=60876"},{"taxonomy":"product_tag","embeddable":true,"href":"https:\/\/www.ritzbrasil.com\/es\/wp-json\/wp\/v2\/product_tag?post=60876"}],"curies":[{"name":"wp","href":"https:\/\/api.w.org\/{rel}","templated":true}]}}