{"id":60870,"date":"2025-06-04T16:07:43","date_gmt":"2025-06-04T19:07:43","guid":{"rendered":"https:\/\/bisque-bison-688002.hostingersite.com\/produtos\/sin%20categor\u00eda\/arcritz-dispositivo-de-apertura-de-carga-dab\/"},"modified":"2026-02-25T16:43:57","modified_gmt":"2026-02-25T19:43:57","slug":"arcritz-dispositivo-de-apertura-de-carga-dab","status":"publish","type":"product","link":"https:\/\/www.ritzbrasil.com\/es\/produtos\/puentes-temporales\/arcritz-dispositivo-de-apertura-de-carga-dab\/","title":{"rendered":"ARCRITZ &#8211; Dispositivo de Apertura de Carga (DAB)"},"content":{"rendered":"<div class=\"wpb-content-wrapper\"><p>[vc_row][vc_column][vc_column_text css=\u00bb\u00bb]<\/p>\n<div>\n<h1 style=\"color: #ff9900; font-size: 24px; font-weight: bold; line-height: 1.2; margin-bottom: 10px;\">Dispositivo de apertura bajo carga (DAC) ARCRITZ<\/h1>\n<p style=\"font-size: 16px; line-height: 1.6; color: #555;\">El <strong>dispositivo de apertura de cargas<\/strong> ARCRITZ est\u00e1 dise\u00f1ado para redes energizadas de hasta 25 kV. Adem\u00e1s de ofrecer maniobras seguras con fusibles y seccionadores, garantiza la fiabilidad en circuitos monof\u00e1sicos o trif\u00e1sicos. Utiliza una barra de maniobra aislada, que proporciona total seguridad al operario incluso en entornos energizados.<\/p>\n<p style=\"font-size: 16px; line-height: 1.6; color: #555;\">Adem\u00e1s, ARCRITZ mantiene su rendimiento incluso en entornos con altos niveles de contaminaci\u00f3n y humedad.<\/p>\n<p style=\"font-size: 16px; line-height: 1.6; color: #555;\">Compatible con redes monof\u00e1sicas y trif\u00e1sicas, ARCRITZ proporciona seguridad y eficacia durante el mantenimiento preventivo y correctivo. Tambi\u00e9n se ha dise\u00f1ado para funcionar en circuitos resistivos, capacitivos e inductivos. De este modo, el dispositivo ofrece robustez y fiabilidad sobre el terreno.<\/p>\n<h2 style=\"color: #ff9900; font-size: 20px; font-weight: 600; margin-top: 25px; margin-bottom: 8px;\">Aplicaciones t\u00edpicas<\/h2>\n<ul style=\"font-size: 16px; color: #555; padding-left: 20px;\">\n<li>Redes a\u00e9reas de distribuci\u00f3n de energ\u00eda<\/li>\n<li>Operaciones con fusibles y seccionadores<\/li>\n<li>Mantenimiento correctivo y preventivo<\/li>\n<\/ul>\n<h2 style=\"color: #ff9900; font-size: 20px; font-weight: 600; margin-top: 25px; margin-bottom: 8px;\">Prestaciones y diferenciales<\/h2>\n<ul style=\"font-size: 16px; color: #555; padding-left: 20px;\">\n<li><strong>Aislamiento reforzado:<\/strong> cuerpo de fibra de vidrio de altas prestaciones el\u00e9ctricas y mec\u00e1nicas.<\/li>\n<li><strong>Componentes robustos:<\/strong> piezas met\u00e1licas duraderas con una larga vida \u00fatil.<\/li>\n<li><strong>Eficaz extinci\u00f3n del<\/strong> arco<strong>:<\/strong> la c\u00e1mara interna disipa el arco r\u00e1pidamente. Esto minimiza los riesgos operativos.<\/li>\n<li><strong>Control de la vida \u00fatil:<\/strong> el contador de ciclos incorporado permite hacer un seguimiento del desgaste del equipo. Esto permite al operario actuar con precisi\u00f3n.<\/li>\n<li><strong>Seguridad de funcionamiento:<\/strong> funcionamiento con una barra de maniobra aislada, que protege al electricista durante todo el proceso.<\/li>\n<\/ul>\n<p style=\"font-size: 16px; line-height: 1.6; color: #555;\">De este modo, los electricistas ganan eficacia y seguridad sobre el terreno, incluso durante operaciones cr\u00edticas.<\/p>\n<h2 style=\"color: #ff9900; font-size: 20px; font-weight: 600; margin-top: 25px; margin-bottom: 8px;\">\u00bfPor qu\u00e9 elegir ARCRITZ?<\/h2>\n<p style=\"font-size: 16px; line-height: 1.6; color: #555;\">ARCRITZ cumple estrictas normas t\u00e9cnicas y ofrece una gran durabilidad. Por eso es adecuado para servicios p\u00fablicos, cooperativas y empresas que trabajan en redes de media tensi\u00f3n. Su construcci\u00f3n garantiza la seguridad y la eficacia operativa. Por tanto, representa una inversi\u00f3n inteligente para quienes dan prioridad a la seguridad, la normalizaci\u00f3n y la vida \u00fatil.<\/p>\n<p style=\"font-size: 16px; line-height: 1.6; color: #555;\">De hecho, su aplicaci\u00f3n en maniobras energizadas refuerza el compromiso de la empresa con la seguridad y la normalizaci\u00f3n.<\/p>\n<h2 style=\"color: #ff9900; font-size: 20px; font-weight: 600; margin-top: 25px; margin-bottom: 8px;\">Principales datos t\u00e9cnicos<\/h2>\n<ul style=\"font-size: 16px; color: #555; padding-left: 20px;\">\n<li><strong>Tensi\u00f3n nominal:<\/strong> hasta 25kV fase\/tierra<\/li>\n<li><strong>Corriente nominal:<\/strong> hasta 600A<\/li>\n<li><strong>Instalaci\u00f3n:<\/strong> redes a\u00e9reas de distribuci\u00f3n<\/li>\n<li><strong>Funcionamiento:<\/strong> manual con palanca de maniobra aislada<\/li>\n<\/ul>\n<h2 style=\"color: #ff9900; font-size: 20px; font-weight: 600; margin-top: 25px; margin-bottom: 8px;\">Pruebas y normas<\/h2>\n<p style=\"font-size: 16px; line-height: 1.6; color: #555;\">ARCRITZ ha superado las pruebas que establecen los requisitos internacionales para la conmutaci\u00f3n de corriente alterna. Por tanto, sus prestaciones responden a criterios ampliamente reconocidos en el sector el\u00e9ctrico.<\/p>\n<p style=\"font-size: 16px; line-height: 1.6; color: #555;\">Como resultado, ARCRITZ cumple los requisitos operativos m\u00e1s exigentes del sector el\u00e9ctrico nacional e internacional.<\/p>\n<ul style=\"font-size: 16px; color: #555; padding-left: 20px;\">\n<li><strong>Carga est\u00e1tica:<\/strong> 227 kg durante 1 minuto<\/li>\n<li><strong>Ciclos de funcionamiento:<\/strong> 500 ciclos completos de apertura y cierre<\/li>\n<li><strong>Interrupciones:<\/strong>\n<ul>\n<li>Corriente activa: 5x &#8211; 17kV \/ 900A<\/li>\n<li>Transformador paralelo: 10x &#8211; 4kV \/ 900A<\/li>\n<li>Magnetizaci\u00f3n: 12x &#8211; 20kV \/ 16A<\/li>\n<li>Cable en vac\u00edo: 12x &#8211; 20kV \/ 1,5A<\/li>\n<li>L\u00ednea: 12x &#8211; 1,5A<\/li>\n<li>Bater\u00eda de condensadores: 12x &#8211; 22kV \/ 53A<\/li>\n<li>Magnetizaci\u00f3n (adicional): 12x &#8211; 22kV \/ 6A<\/li>\n<\/ul>\n<\/li>\n<\/ul>\n<h2 style=\"color: #ff9900; font-size: 20px; font-weight: 600; margin-top: 25px; margin-bottom: 8px;\">Leer m\u00e1s<\/h2>\n<p style=\"font-size: 16px; line-height: 1.6; color: #555;\">Descubre nuestra <a href=\"https:\/\/www.ritzbrasil.com\/es\/?page_id=60784\" target=\"_blank\" rel=\"noopener\">gama de Puentes Temporales<\/a>, as\u00ed como soluciones en <a href=\"https:\/\/www.ritzbrasil.com\/es\/?post_type=product&amp;p=60905\" target=\"_blank\" rel=\"noopener\">interruptores de fusibles<\/a> y <a href=\"https:\/\/www.ritzbrasil.com\/es\/?page_id=60757\" target=\"_blank\" rel=\"noopener\">herramientas para el mantenimiento de redes el\u00e9ctricas<\/a>.<\/p>\n<p style=\"font-size: 16px; line-height: 1.6; color: #555;\">Consulta tambi\u00e9n el sitio web <a href=\"https:\/\/www.iec.ch\/\" target=\"_blank\" rel=\"noopener\">de la Comisi\u00f3n Electrot\u00e9cnica Internacional CEI<\/a> para obtener m\u00e1s informaci\u00f3n t\u00e9cnica sobre las normas internacionales aplicables.<\/p>\n<p style=\"font-size: 16px; line-height: 1.6; color: #555;\">Integrando ARCRITZ en tus equipos, tu equipo puede garantizar intervenciones m\u00e1s seguras y controladas.<\/p>\n<p style=\"font-size: 16px; line-height: 1.6; color: #555;\">En resumen, ARCRITZ es una soluci\u00f3n fiable, eficaz y validada para realizar intervenciones seguras en las redes de distribuci\u00f3n de energ\u00eda. En otras palabras, combina tecnolog\u00eda y seguridad operativa en un solo producto.<\/p>\n<\/div>\n<p>[\/vc_column_text][vc_column_text css=\u00bb.vc_custom_1749064099796{margin-top: 20px !important;}\u00bb]<\/p>\n<h4><span style=\"color: #ff9900;\"><strong>ARCRITZ &#8211; Dispositivo de Apertura de Carga (DAB)<\/strong><\/span><\/h4>\n<p>[\/vc_column_text][vc_column_text css=\u00bb.vc_custom_1752788785976{margin-top: -20px !important;}\u00bb]\n<div id=\"tablepress-RTZ32370-1-abertura-sob-carga-ES-scroll-wrapper\" class=\"tablepress-scroll-wrapper\">\n<table id=\"tablepress-RTZ32370-1-abertura-sob-carga-ES\" class=\"tablepress tablepress-id-RTZ32370-1-abertura-sob-carga-ES tablepress-responsive\">\n<thead>\n<tr class=\"row-1\">\n\t<td class=\"column-1\"><\/td><th class=\"column-2\">  Referencias<\/th><th class=\"column-3\">Caracter\u00edstica<\/th><td class=\"column-4\"><\/td>\n<\/tr>\n<\/thead>\n<tbody class=\"row-striping row-hover\">\n<tr class=\"row-2\">\n\t<td class=\"column-1\"><img decoding=\"async\" src=\"https:\/\/www.ritzbrasil.com\/wp-content\/uploads\/2025\/06\/arcritz-dispositivo-abertura-sob-carga-dac-150x150-1.jpg\" \/><\/td><td class=\"column-2\">RTZ32370-1<\/td><td class=\"column-3\">Dispositivo de Ruptura de Carga (DAC), con corriente de interrupci\u00f3n de 600 A, corriente nominal de 900 A y tensi\u00f3n nominal m\u00e1xima de 27 kV.<\/td><td class=\"column-4\">    <button class=\"add-to-budget\" data-table-id=\"RTZ32370-1-abertura-sob-carga\" data-reference=\"RTZ32370-1\" data-description=\"RTZ32370-1 - ARCRITZ \u2013 Dispositivo de apertura de carga (LAD)\" style=\"color:#ff4d00;\">\n        <img decoding=\"async\" src=\"https:\/\/www.ritzbrasil.com\/\/wp-content\/uploads\/2024\/07\/orcar-compras-tabela-new-1.png\" alt=\"Solicitar cotizaci\u00f3n\" title=\"Solicitar cotizaci\u00f3n\" \/>\n    <\/button>\n    <\/td>\n<\/tr>\n<\/tbody>\n<\/table>\n<\/div>\n[\/vc_column_text][vc_separator border_width=\u00bb2&#8243; css=\u00bb\u00bb][\/vc_column][\/vc_row]<\/p>\n<\/div>","protected":false},"excerpt":{"rendered":"<h1 style=\"color: #ff9900; font-size: 24px; font-weight: bold; line-height: 1.2; margin-bottom: 10px;\">Dispositivo de apertura bajo carga (DAC) ARCRITZ<\/h1>\n<p style=\"font-size: 16px; line-height: 1.6; color: #555;\">El <strong>dispositivo de apertura de cargas<\/strong> ARCRITZ est\u00e1 dise\u00f1ado para redes energizadas de hasta 25 kV. Adem\u00e1s de ofrecer maniobras seguras con fusibles y seccionadores, garantiza la fiabilidad en circuitos monof\u00e1sicos o trif\u00e1sicos. Utiliza una barra de maniobra aislada, que proporciona total seguridad al operario incluso en entornos energizados.<\/p>\n<p style=\"font-size: 16px; line-height: 1.6; color: #555;\">Adem\u00e1s, ARCRITZ mantiene su rendimiento incluso en entornos con altos niveles de contaminaci\u00f3n y humedad.<\/p>\n<h2 style=\"color: #ff9900; font-size: 20px; font-weight: 600; margin-top: 25px; margin-bottom: 8px;\"><\/h2>\n","protected":false},"featured_media":60537,"template":"","meta":[],"product_brand":[],"product_cat":[1678,1677],"product_tag":[1679],"class_list":{"0":"post-60870","1":"product","2":"type-product","3":"status-publish","4":"has-post-thumbnail","6":"product_cat-productos-destacados","7":"product_cat-puentes-temporales","8":"product_tag-rtz32370-1-es","9":"description-off","11":"first","12":"instock","13":"virtual","14":"product-type-simple"},"yoast_head":"<!-- This site is optimized with the Yoast SEO plugin v27.1.1 - https:\/\/yoast.com\/product\/yoast-seo-wordpress\/ -->\n<title>Dispositivo de Apertura de Carga ARCRITZ hasta 25kV<\/title>\n<meta name=\"description\" content=\"Dispositivo de apertura bajo carga para hasta 25kV. ARCRITZ garantiza una maniobra segura con barra de maniobra y extinci\u00f3n del arco.\" \/>\n<meta name=\"robots\" content=\"index, follow, max-snippet:-1, max-image-preview:large, max-video-preview:-1\" \/>\n<link rel=\"canonical\" href=\"https:\/\/www.ritzbrasil.com\/es\/produtos\/puentes-temporales\/arcritz-dispositivo-de-apertura-de-carga-dab\/\" \/>\n<meta property=\"og:locale\" content=\"es_ES\" \/>\n<meta property=\"og:type\" content=\"article\" \/>\n<meta property=\"og:title\" content=\"Dispositivo de Apertura de Carga ARCRITZ hasta 25kV\" \/>\n<meta property=\"og:description\" content=\"Dispositivo de apertura bajo carga para hasta 25kV. ARCRITZ garantiza una maniobra segura con barra de maniobra y extinci\u00f3n del arco.\" \/>\n<meta property=\"og:url\" content=\"https:\/\/www.ritzbrasil.com\/es\/produtos\/puentes-temporales\/arcritz-dispositivo-de-apertura-de-carga-dab\/\" \/>\n<meta property=\"og:site_name\" content=\"Equipamentos de Manuten\u00e7\u00e3o e Seguran\u00e7a para o Setor El\u00e9trico - Ritz Brasil\" \/>\n<meta property=\"article:modified_time\" content=\"2026-02-25T19:43:57+00:00\" \/>\n<meta property=\"og:image\" content=\"https:\/\/www.ritzbrasil.com\/wp-content\/uploads\/2025\/06\/arcritz-dispositivo-abertura-sob-carga-dac.jpg\" \/>\n\t<meta property=\"og:image:width\" content=\"1200\" \/>\n\t<meta property=\"og:image:height\" content=\"1200\" \/>\n\t<meta property=\"og:image:type\" content=\"image\/jpeg\" \/>\n<meta name=\"twitter:card\" content=\"summary_large_image\" \/>\n<meta name=\"twitter:label1\" content=\"Tiempo de lectura\" \/>\n\t<meta name=\"twitter:data1\" content=\"4 minutos\" \/>\n<script type=\"application\/ld+json\" class=\"yoast-schema-graph\">{\"@context\":\"https:\/\/schema.org\",\"@graph\":[{\"@type\":\"WebPage\",\"@id\":\"https:\/\/www.ritzbrasil.com\/es\/produtos\/puentes-temporales\/arcritz-dispositivo-de-apertura-de-carga-dab\/\",\"url\":\"https:\/\/www.ritzbrasil.com\/es\/produtos\/puentes-temporales\/arcritz-dispositivo-de-apertura-de-carga-dab\/\",\"name\":\"Dispositivo de Apertura de Carga ARCRITZ hasta 25kV\",\"isPartOf\":{\"@id\":\"https:\/\/www.ritzbrasil.com\/es\/#website\"},\"primaryImageOfPage\":{\"@id\":\"https:\/\/www.ritzbrasil.com\/es\/produtos\/puentes-temporales\/arcritz-dispositivo-de-apertura-de-carga-dab\/#primaryimage\"},\"image\":{\"@id\":\"https:\/\/www.ritzbrasil.com\/es\/produtos\/puentes-temporales\/arcritz-dispositivo-de-apertura-de-carga-dab\/#primaryimage\"},\"thumbnailUrl\":\"https:\/\/www.ritzbrasil.com\/wp-content\/uploads\/2025\/06\/arcritz-dispositivo-abertura-sob-carga-dac.jpg\",\"datePublished\":\"2025-06-04T19:07:43+00:00\",\"dateModified\":\"2026-02-25T19:43:57+00:00\",\"description\":\"Dispositivo de apertura bajo carga para hasta 25kV. ARCRITZ garantiza una maniobra segura con barra de maniobra y extinci\u00f3n del arco.\",\"breadcrumb\":{\"@id\":\"https:\/\/www.ritzbrasil.com\/es\/produtos\/puentes-temporales\/arcritz-dispositivo-de-apertura-de-carga-dab\/#breadcrumb\"},\"inLanguage\":\"es\",\"potentialAction\":[{\"@type\":\"ReadAction\",\"target\":[\"https:\/\/www.ritzbrasil.com\/es\/produtos\/puentes-temporales\/arcritz-dispositivo-de-apertura-de-carga-dab\/\"]}]},{\"@type\":\"ImageObject\",\"inLanguage\":\"es\",\"@id\":\"https:\/\/www.ritzbrasil.com\/es\/produtos\/puentes-temporales\/arcritz-dispositivo-de-apertura-de-carga-dab\/#primaryimage\",\"url\":\"https:\/\/www.ritzbrasil.com\/wp-content\/uploads\/2025\/06\/arcritz-dispositivo-abertura-sob-carga-dac.jpg\",\"contentUrl\":\"https:\/\/www.ritzbrasil.com\/wp-content\/uploads\/2025\/06\/arcritz-dispositivo-abertura-sob-carga-dac.jpg\",\"width\":1200,\"height\":1200,\"caption\":\"Dispositivo de Apertura de Carga ARCRITZ para redes el\u00e9ctricas de hasta 25kV\"},{\"@type\":\"BreadcrumbList\",\"@id\":\"https:\/\/www.ritzbrasil.com\/es\/produtos\/puentes-temporales\/arcritz-dispositivo-de-apertura-de-carga-dab\/#breadcrumb\",\"itemListElement\":[{\"@type\":\"ListItem\",\"position\":1,\"name\":\"In\u00edcio\",\"item\":\"https:\/\/www.ritzbrasil.com\/es\/\"},{\"@type\":\"ListItem\",\"position\":2,\"name\":\"Tienda\",\"item\":\"https:\/\/www.ritzbrasil.com\/es\/tienda\/\"},{\"@type\":\"ListItem\",\"position\":3,\"name\":\"ARCRITZ &#8211; Dispositivo de Apertura de Carga (DAB)\"}]},{\"@type\":\"WebSite\",\"@id\":\"https:\/\/www.ritzbrasil.com\/es\/#website\",\"url\":\"https:\/\/www.ritzbrasil.com\/es\/\",\"name\":\"Equipamentos de Manuten\u00e7\u00e3o e Seguran\u00e7a para o Setor El\u00e9trico - Ritz Brasil\",\"description\":\"\",\"potentialAction\":[{\"@type\":\"SearchAction\",\"target\":{\"@type\":\"EntryPoint\",\"urlTemplate\":\"https:\/\/www.ritzbrasil.com\/es\/?s={search_term_string}\"},\"query-input\":{\"@type\":\"PropertyValueSpecification\",\"valueRequired\":true,\"valueName\":\"search_term_string\"}}],\"inLanguage\":\"es\"}]}<\/script>\n<!-- \/ Yoast SEO plugin. -->","yoast_head_json":{"title":"Dispositivo de Apertura de Carga ARCRITZ hasta 25kV","description":"Dispositivo de apertura bajo carga para hasta 25kV. ARCRITZ garantiza una maniobra segura con barra de maniobra y extinci\u00f3n del arco.","robots":{"index":"index","follow":"follow","max-snippet":"max-snippet:-1","max-image-preview":"max-image-preview:large","max-video-preview":"max-video-preview:-1"},"canonical":"https:\/\/www.ritzbrasil.com\/es\/produtos\/puentes-temporales\/arcritz-dispositivo-de-apertura-de-carga-dab\/","og_locale":"es_ES","og_type":"article","og_title":"Dispositivo de Apertura de Carga ARCRITZ hasta 25kV","og_description":"Dispositivo de apertura bajo carga para hasta 25kV. ARCRITZ garantiza una maniobra segura con barra de maniobra y extinci\u00f3n del arco.","og_url":"https:\/\/www.ritzbrasil.com\/es\/produtos\/puentes-temporales\/arcritz-dispositivo-de-apertura-de-carga-dab\/","og_site_name":"Equipamentos de Manuten\u00e7\u00e3o e Seguran\u00e7a para o Setor El\u00e9trico - Ritz Brasil","article_modified_time":"2026-02-25T19:43:57+00:00","og_image":[{"width":1200,"height":1200,"url":"https:\/\/www.ritzbrasil.com\/wp-content\/uploads\/2025\/06\/arcritz-dispositivo-abertura-sob-carga-dac.jpg","type":"image\/jpeg"}],"twitter_card":"summary_large_image","twitter_misc":{"Tiempo de lectura":"4 minutos"},"schema":{"@context":"https:\/\/schema.org","@graph":[{"@type":"WebPage","@id":"https:\/\/www.ritzbrasil.com\/es\/produtos\/puentes-temporales\/arcritz-dispositivo-de-apertura-de-carga-dab\/","url":"https:\/\/www.ritzbrasil.com\/es\/produtos\/puentes-temporales\/arcritz-dispositivo-de-apertura-de-carga-dab\/","name":"Dispositivo de Apertura de Carga ARCRITZ hasta 25kV","isPartOf":{"@id":"https:\/\/www.ritzbrasil.com\/es\/#website"},"primaryImageOfPage":{"@id":"https:\/\/www.ritzbrasil.com\/es\/produtos\/puentes-temporales\/arcritz-dispositivo-de-apertura-de-carga-dab\/#primaryimage"},"image":{"@id":"https:\/\/www.ritzbrasil.com\/es\/produtos\/puentes-temporales\/arcritz-dispositivo-de-apertura-de-carga-dab\/#primaryimage"},"thumbnailUrl":"https:\/\/www.ritzbrasil.com\/wp-content\/uploads\/2025\/06\/arcritz-dispositivo-abertura-sob-carga-dac.jpg","datePublished":"2025-06-04T19:07:43+00:00","dateModified":"2026-02-25T19:43:57+00:00","description":"Dispositivo de apertura bajo carga para hasta 25kV. ARCRITZ garantiza una maniobra segura con barra de maniobra y extinci\u00f3n del arco.","breadcrumb":{"@id":"https:\/\/www.ritzbrasil.com\/es\/produtos\/puentes-temporales\/arcritz-dispositivo-de-apertura-de-carga-dab\/#breadcrumb"},"inLanguage":"es","potentialAction":[{"@type":"ReadAction","target":["https:\/\/www.ritzbrasil.com\/es\/produtos\/puentes-temporales\/arcritz-dispositivo-de-apertura-de-carga-dab\/"]}]},{"@type":"ImageObject","inLanguage":"es","@id":"https:\/\/www.ritzbrasil.com\/es\/produtos\/puentes-temporales\/arcritz-dispositivo-de-apertura-de-carga-dab\/#primaryimage","url":"https:\/\/www.ritzbrasil.com\/wp-content\/uploads\/2025\/06\/arcritz-dispositivo-abertura-sob-carga-dac.jpg","contentUrl":"https:\/\/www.ritzbrasil.com\/wp-content\/uploads\/2025\/06\/arcritz-dispositivo-abertura-sob-carga-dac.jpg","width":1200,"height":1200,"caption":"Dispositivo de Apertura de Carga ARCRITZ para redes el\u00e9ctricas de hasta 25kV"},{"@type":"BreadcrumbList","@id":"https:\/\/www.ritzbrasil.com\/es\/produtos\/puentes-temporales\/arcritz-dispositivo-de-apertura-de-carga-dab\/#breadcrumb","itemListElement":[{"@type":"ListItem","position":1,"name":"In\u00edcio","item":"https:\/\/www.ritzbrasil.com\/es\/"},{"@type":"ListItem","position":2,"name":"Tienda","item":"https:\/\/www.ritzbrasil.com\/es\/tienda\/"},{"@type":"ListItem","position":3,"name":"ARCRITZ &#8211; Dispositivo de Apertura de Carga (DAB)"}]},{"@type":"WebSite","@id":"https:\/\/www.ritzbrasil.com\/es\/#website","url":"https:\/\/www.ritzbrasil.com\/es\/","name":"Equipamentos de Manuten\u00e7\u00e3o e Seguran\u00e7a para o Setor El\u00e9trico - Ritz Brasil","description":"","potentialAction":[{"@type":"SearchAction","target":{"@type":"EntryPoint","urlTemplate":"https:\/\/www.ritzbrasil.com\/es\/?s={search_term_string}"},"query-input":{"@type":"PropertyValueSpecification","valueRequired":true,"valueName":"search_term_string"}}],"inLanguage":"es"}]}},"_links":{"self":[{"href":"https:\/\/www.ritzbrasil.com\/es\/wp-json\/wp\/v2\/product\/60870","targetHints":{"allow":["GET"]}}],"collection":[{"href":"https:\/\/www.ritzbrasil.com\/es\/wp-json\/wp\/v2\/product"}],"about":[{"href":"https:\/\/www.ritzbrasil.com\/es\/wp-json\/wp\/v2\/types\/product"}],"wp:featuredmedia":[{"embeddable":true,"href":"https:\/\/www.ritzbrasil.com\/es\/wp-json\/wp\/v2\/media\/60537"}],"wp:attachment":[{"href":"https:\/\/www.ritzbrasil.com\/es\/wp-json\/wp\/v2\/media?parent=60870"}],"wp:term":[{"taxonomy":"product_brand","embeddable":true,"href":"https:\/\/www.ritzbrasil.com\/es\/wp-json\/wp\/v2\/product_brand?post=60870"},{"taxonomy":"product_cat","embeddable":true,"href":"https:\/\/www.ritzbrasil.com\/es\/wp-json\/wp\/v2\/product_cat?post=60870"},{"taxonomy":"product_tag","embeddable":true,"href":"https:\/\/www.ritzbrasil.com\/es\/wp-json\/wp\/v2\/product_tag?post=60870"}],"curies":[{"name":"wp","href":"https:\/\/api.w.org\/{rel}","templated":true}]}}