{"id":62566,"date":"2025-07-30T14:42:37","date_gmt":"2025-07-30T17:42:37","guid":{"rendered":"https:\/\/www.ritzbrasil.com\/productos\/sistema-de-medicion\/"},"modified":"2026-04-16T17:29:50","modified_gmt":"2026-04-16T20:29:50","slug":"sistema-medicion","status":"publish","type":"page","link":"https:\/\/www.ritzbrasil.com\/es\/productos\/sistema-medicion\/","title":{"rendered":"Sistema de Medici\u00f3n"},"content":{"rendered":"<div class=\"wpb-content-wrapper\"><p>[vc_row][vc_column]<style type=\"text\/css\" data-type=\"the7_shortcodes-inline-css\">.products-shortcode.products-masonry-shortcode-id-67fa9e1ea941b7881f5b5c086ee770e8 .filter {\n  margin-bottom: 25px;\n}\n.products-shortcode.products-masonry-shortcode-id-67fa9e1ea941b7881f5b5c086ee770e8 .filter-bg-decoration .filter-categories a.act {\n  color: #fff;\n}\n.products-shortcode.products-masonry-shortcode-id-67fa9e1ea941b7881f5b5c086ee770e8:not(.resize-by-browser-width) .dt-css-grid {\n  grid-row-gap: 50px;\n  grid-column-gap: 50px;\n  grid-template-columns: repeat(auto-fill,minmax(,1fr));\n}\n.cssgridlegacy.no-cssgrid .products-shortcode.products-masonry-shortcode-id-67fa9e1ea941b7881f5b5c086ee770e8:not(.resize-by-browser-width) .dt-css-grid,\n.no-cssgridlegacy.no-cssgrid .products-shortcode.products-masonry-shortcode-id-67fa9e1ea941b7881f5b5c086ee770e8:not(.resize-by-browser-width) .dt-css-grid {\n  display: flex;\n  flex-flow: row wrap;\n  margin: -25px;\n}\n.cssgridlegacy.no-cssgrid .products-shortcode.products-masonry-shortcode-id-67fa9e1ea941b7881f5b5c086ee770e8:not(.resize-by-browser-width) .dt-css-grid .wf-cell,\n.no-cssgridlegacy.no-cssgrid .products-shortcode.products-masonry-shortcode-id-67fa9e1ea941b7881f5b5c086ee770e8:not(.resize-by-browser-width) .dt-css-grid .wf-cell {\n  flex: 1 0 ;\n  max-width: 100%;\n  padding: 25px;\n  box-sizing: border-box;\n}\n.products-shortcode.products-masonry-shortcode-id-67fa9e1ea941b7881f5b5c086ee770e8.resize-by-browser-width .dt-css-grid {\n  grid-template-columns: repeat(3,1fr);\n  grid-template-rows: auto;\n  grid-column-gap: 50px;\n  grid-row-gap: 50px;\n}\n.cssgridlegacy.no-cssgrid .products-shortcode.products-masonry-shortcode-id-67fa9e1ea941b7881f5b5c086ee770e8.resize-by-browser-width .dt-css-grid,\n.no-cssgridlegacy.no-cssgrid .products-shortcode.products-masonry-shortcode-id-67fa9e1ea941b7881f5b5c086ee770e8.resize-by-browser-width .dt-css-grid {\n  margin: -25px;\n}\n.cssgridlegacy.no-cssgrid .products-shortcode.products-masonry-shortcode-id-67fa9e1ea941b7881f5b5c086ee770e8.resize-by-browser-width .dt-css-grid .wf-cell,\n.no-cssgridlegacy.no-cssgrid .products-shortcode.products-masonry-shortcode-id-67fa9e1ea941b7881f5b5c086ee770e8.resize-by-browser-width .dt-css-grid .wf-cell {\n  width: 33.333333333333%;\n  padding: 25px;\n}\n@media screen and (max-width: 1199px) {\n  .products-shortcode.products-masonry-shortcode-id-67fa9e1ea941b7881f5b5c086ee770e8.resize-by-browser-width .dt-css-grid {\n    grid-template-columns: repeat(3,1fr);\n  }\n  .cssgridlegacy.no-cssgrid .products-shortcode.products-masonry-shortcode-id-67fa9e1ea941b7881f5b5c086ee770e8.resize-by-browser-width .dt-css-grid .wf-cell,\n  .no-cssgridlegacy.no-cssgrid .products-shortcode.products-masonry-shortcode-id-67fa9e1ea941b7881f5b5c086ee770e8.resize-by-browser-width .dt-css-grid .wf-cell {\n    width: 33.333333333333%;\n  }\n}\n@media screen and (max-width: 991px) {\n  .products-shortcode.products-masonry-shortcode-id-67fa9e1ea941b7881f5b5c086ee770e8.resize-by-browser-width .dt-css-grid {\n    grid-template-columns: repeat(2,1fr);\n  }\n  .cssgridlegacy.no-cssgrid .products-shortcode.products-masonry-shortcode-id-67fa9e1ea941b7881f5b5c086ee770e8.resize-by-browser-width .dt-css-grid .wf-cell,\n  .no-cssgridlegacy.no-cssgrid .products-shortcode.products-masonry-shortcode-id-67fa9e1ea941b7881f5b5c086ee770e8.resize-by-browser-width .dt-css-grid .wf-cell {\n    width: 50%;\n  }\n}\n@media screen and (max-width: 767px) {\n  .products-shortcode.products-masonry-shortcode-id-67fa9e1ea941b7881f5b5c086ee770e8.resize-by-browser-width .dt-css-grid {\n    grid-template-columns: repeat(1,1fr);\n  }\n  .cssgridlegacy.no-cssgrid .products-shortcode.products-masonry-shortcode-id-67fa9e1ea941b7881f5b5c086ee770e8.resize-by-browser-width .dt-css-grid .wf-cell,\n  .no-cssgridlegacy.no-cssgrid .products-shortcode.products-masonry-shortcode-id-67fa9e1ea941b7881f5b5c086ee770e8.resize-by-browser-width .dt-css-grid .wf-cell {\n    width: 100%;\n  }\n}<\/style><div class=\"products-shortcode products-masonry-shortcode-id-67fa9e1ea941b7881f5b5c086ee770e8 mode-grid cart-btn-below-img hide-description jquery-filter lazy-loading-mode wc-img-hover dt-css-grid-wrap resize-by-browser-width loading-effect-none description-under-image content-align-centre\" data-padding=\"25px\" data-cur-page=\"1\" data-post-limit=\"10\" data-pagination-mode=\"load-more\" aria-live=\"assertive\" data-desktop-columns-num=\"3\" data-v-tablet-columns-num=\"2\" data-h-tablet-columns-num=\"3\" data-phone-columns-num=\"1\" data-width=\"0px\" data-columns=\"0\"><div class=\"dt-css-grid\" ><div class=\"visible wf-cell visible\" data-post-id=\"61162\" data-date=\"2025-07-29T12:12:05-03:00\" data-name=\"Bloque de Terminales\"><article class=\"post project-odd visible description-off product type-product post-61162 status-publish first instock product_cat-sistema-medicion has-post-thumbnail featured virtual product-type-simple\" ><figure class=\"woocom-project\">\n\t<div class=\"woo-buttons-on-img\">\n\n\t\t<a href=\"https:\/\/www.ritzbrasil.com\/es\/produtos\/productos\/sistema-medicion\/regleta-de-bornes\/\" class=\"alignnone layzr-bg\"><img loading=\"lazy\" decoding=\"async\" width=\"300\" height=\"300\" src=\"data:image\/svg+xml;charset=utf-8,%3Csvg xmlns%3D&#039;http%3A%2F%2Fwww.w3.org%2F2000%2Fsvg&#039; viewBox%3D&#039;0 0 300 300&#039;%2F%3E\" class=\"attachment-woocommerce_thumbnail size-woocommerce_thumbnail iso-lazy-load preload-me\" alt=\"Bloque de terminales BTR32681-1\" data-src=\"https:\/\/www.ritzbrasil.com\/wp-content\/uploads\/2025\/07\/bloco-terminal-btr32681-1-300x300.jpg\" data-srcset=\"https:\/\/www.ritzbrasil.com\/wp-content\/uploads\/2025\/07\/bloco-terminal-btr32681-1-300x300.jpg 300w, https:\/\/www.ritzbrasil.com\/wp-content\/uploads\/2025\/07\/bloco-terminal-btr32681-1-200x200.jpg 200w, https:\/\/www.ritzbrasil.com\/wp-content\/uploads\/2025\/07\/bloco-terminal-btr32681-1-600x600.jpg 600w, https:\/\/www.ritzbrasil.com\/wp-content\/uploads\/2025\/07\/bloco-terminal-btr32681-1-64x64.jpg 64w, https:\/\/www.ritzbrasil.com\/wp-content\/uploads\/2025\/07\/bloco-terminal-btr32681-1-1024x1024.jpg 1024w, https:\/\/www.ritzbrasil.com\/wp-content\/uploads\/2025\/07\/bloco-terminal-btr32681-1-150x150.jpg 150w, https:\/\/www.ritzbrasil.com\/wp-content\/uploads\/2025\/07\/bloco-terminal-btr32681-1-768x768.jpg 768w, https:\/\/www.ritzbrasil.com\/wp-content\/uploads\/2025\/07\/bloco-terminal-btr32681-1.jpg 1200w\" \/><img loading=\"lazy\" decoding=\"async\" width=\"300\" height=\"300\" src=\"data:image\/svg+xml;charset=utf-8,%3Csvg xmlns%3D&#039;http%3A%2F%2Fwww.w3.org%2F2000%2Fsvg&#039; viewBox%3D&#039;0 0 300 300&#039;%2F%3E\" class=\"show-on-hover back-image iso-lazy-load preload-me\" alt=\"Bloque de terminales BTR32681-1\" data-src=\"https:\/\/www.ritzbrasil.com\/wp-content\/uploads\/2025\/07\/bloco-terminal-btr32681-1-300x300.jpg\" data-srcset=\"https:\/\/www.ritzbrasil.com\/wp-content\/uploads\/2025\/07\/bloco-terminal-btr32681-1-300x300.jpg 300w, https:\/\/www.ritzbrasil.com\/wp-content\/uploads\/2025\/07\/bloco-terminal-btr32681-1-200x200.jpg 200w, https:\/\/www.ritzbrasil.com\/wp-content\/uploads\/2025\/07\/bloco-terminal-btr32681-1-600x600.jpg 600w, https:\/\/www.ritzbrasil.com\/wp-content\/uploads\/2025\/07\/bloco-terminal-btr32681-1-64x64.jpg 64w, https:\/\/www.ritzbrasil.com\/wp-content\/uploads\/2025\/07\/bloco-terminal-btr32681-1-1024x1024.jpg 1024w, https:\/\/www.ritzbrasil.com\/wp-content\/uploads\/2025\/07\/bloco-terminal-btr32681-1-150x150.jpg 150w, https:\/\/www.ritzbrasil.com\/wp-content\/uploads\/2025\/07\/bloco-terminal-btr32681-1-768x768.jpg 768w, https:\/\/www.ritzbrasil.com\/wp-content\/uploads\/2025\/07\/bloco-terminal-btr32681-1.jpg 1200w\" \/><\/a>\n\t<\/div>\n\t<figcaption class=\"woocom-list-content\">\n\n\t\t<div class=\"woo-buttons\"><a href=\"https:\/\/www.ritzbrasil.com\/es\/produtos\/productos\/sistema-medicion\/regleta-de-bornes\/\" aria-describedby=\"woocommerce_loop_add_to_cart_link_describedby_61162\" data-quantity=\"1\" class=\"product_type_simple ajax_add_to_cart\" data-product_id=\"61162\" data-product_sku=\"\" aria-label=\"Lee m\u00e1s sobre &ldquo;Bloque de Terminales&rdquo;\" rel=\"nofollow\" data-success_message=\"\">Leer m\u00e1s<\/a>\t<span id=\"woocommerce_loop_add_to_cart_link_describedby_61162\" class=\"screen-reader-text\">\n\t\t\t<\/span>\n<\/div>\n\t<\/figcaption>\n<\/figure>\n<\/article><\/div><\/div><!-- iso-container|iso-grid --><div class=\"paginator paginator-more-button\">\n\t\t\t\t<a class=\"button-load-more \" href=\"javascript:void(0);\" data-dt-page=\"1\" ><span class=\"stick\"><\/span><span class=\"stick\"><\/span><span class=\"stick\"><\/span><span class=\"button-caption\">Load more<\/span><\/a>\n\t\t\t<\/div><\/div>[\/vc_column][\/vc_row]<\/p>\n<\/div>","protected":false},"excerpt":{"rendered":"<p>[vc_row][vc_column][\/vc_column][\/vc_row]<\/p>\n","protected":false},"author":3,"featured_media":0,"parent":60757,"menu_order":0,"comment_status":"closed","ping_status":"closed","template":"","meta":{"footnotes":""},"class_list":["post-62566","page","type-page","status-publish","hentry","description-off"],"yoast_head":"<!-- This site is optimized with the Yoast SEO plugin v27.1.1 - https:\/\/yoast.com\/product\/yoast-seo-wordpress\/ -->\n<title>Sistema de medici\u00f3n<\/title>\n<meta name=\"description\" content=\"Bloque terminal Ritz para medici\u00f3n y monitoreo de par\u00e1metros el\u00e9ctricos en redes energizadas. Precisi\u00f3n para l\u00ednea viva.\" \/>\n<meta name=\"robots\" content=\"index, follow, max-snippet:-1, max-image-preview:large, max-video-preview:-1\" \/>\n<link rel=\"canonical\" href=\"https:\/\/www.ritzbrasil.com\/es\/productos\/sistema-medicion\/\" \/>\n<meta property=\"og:locale\" content=\"es_ES\" \/>\n<meta property=\"og:type\" content=\"article\" \/>\n<meta property=\"og:title\" content=\"Sistema de medici\u00f3n\" \/>\n<meta property=\"og:description\" content=\"Bloque terminal Ritz para medici\u00f3n y monitoreo de par\u00e1metros el\u00e9ctricos en redes energizadas. Precisi\u00f3n para l\u00ednea viva.\" \/>\n<meta property=\"og:url\" content=\"https:\/\/www.ritzbrasil.com\/es\/productos\/sistema-medicion\/\" \/>\n<meta property=\"og:site_name\" content=\"Equipamentos de Manuten\u00e7\u00e3o e Seguran\u00e7a para o Setor El\u00e9trico - Ritz Brasil\" \/>\n<meta property=\"article:modified_time\" content=\"2026-04-16T20:29:50+00:00\" \/>\n<meta name=\"twitter:card\" content=\"summary_large_image\" \/>\n<meta name=\"twitter:label1\" content=\"Tiempo de lectura\" \/>\n\t<meta name=\"twitter:data1\" content=\"1 minuto\" \/>\n<script type=\"application\/ld+json\" class=\"yoast-schema-graph\">{\"@context\":\"https:\/\/schema.org\",\"@graph\":[{\"@type\":\"WebPage\",\"@id\":\"https:\/\/www.ritzbrasil.com\/es\/productos\/sistema-medicion\/\",\"url\":\"https:\/\/www.ritzbrasil.com\/es\/productos\/sistema-medicion\/\",\"name\":\"Sistema de medici\u00f3n\",\"isPartOf\":{\"@id\":\"https:\/\/www.ritzbrasil.com\/es\/#website\"},\"datePublished\":\"2025-07-30T17:42:37+00:00\",\"dateModified\":\"2026-04-16T20:29:50+00:00\",\"description\":\"Bloque terminal Ritz para medici\u00f3n y monitoreo de par\u00e1metros el\u00e9ctricos en redes energizadas. Precisi\u00f3n para l\u00ednea viva.\",\"breadcrumb\":{\"@id\":\"https:\/\/www.ritzbrasil.com\/es\/productos\/sistema-medicion\/#breadcrumb\"},\"inLanguage\":\"es\",\"potentialAction\":[{\"@type\":\"ReadAction\",\"target\":[\"https:\/\/www.ritzbrasil.com\/es\/productos\/sistema-medicion\/\"]}]},{\"@type\":\"BreadcrumbList\",\"@id\":\"https:\/\/www.ritzbrasil.com\/es\/productos\/sistema-medicion\/#breadcrumb\",\"itemListElement\":[{\"@type\":\"ListItem\",\"position\":1,\"name\":\"In\u00edcio\",\"item\":\"https:\/\/www.ritzbrasil.com\/es\/\"},{\"@type\":\"ListItem\",\"position\":2,\"name\":\"Productos\",\"item\":\"https:\/\/www.ritzbrasil.com\/es\/productos\/\"},{\"@type\":\"ListItem\",\"position\":3,\"name\":\"Sistema de Medici\u00f3n\"}]},{\"@type\":\"WebSite\",\"@id\":\"https:\/\/www.ritzbrasil.com\/es\/#website\",\"url\":\"https:\/\/www.ritzbrasil.com\/es\/\",\"name\":\"Equipamentos de Manuten\u00e7\u00e3o e Seguran\u00e7a para o Setor El\u00e9trico - Ritz Brasil\",\"description\":\"\",\"potentialAction\":[{\"@type\":\"SearchAction\",\"target\":{\"@type\":\"EntryPoint\",\"urlTemplate\":\"https:\/\/www.ritzbrasil.com\/es\/?s={search_term_string}\"},\"query-input\":{\"@type\":\"PropertyValueSpecification\",\"valueRequired\":true,\"valueName\":\"search_term_string\"}}],\"inLanguage\":\"es\"}]}<\/script>\n<!-- \/ Yoast SEO plugin. -->","yoast_head_json":{"title":"Sistema de medici\u00f3n","description":"Bloque terminal Ritz para medici\u00f3n y monitoreo de par\u00e1metros el\u00e9ctricos en redes energizadas. Precisi\u00f3n para l\u00ednea viva.","robots":{"index":"index","follow":"follow","max-snippet":"max-snippet:-1","max-image-preview":"max-image-preview:large","max-video-preview":"max-video-preview:-1"},"canonical":"https:\/\/www.ritzbrasil.com\/es\/productos\/sistema-medicion\/","og_locale":"es_ES","og_type":"article","og_title":"Sistema de medici\u00f3n","og_description":"Bloque terminal Ritz para medici\u00f3n y monitoreo de par\u00e1metros el\u00e9ctricos en redes energizadas. Precisi\u00f3n para l\u00ednea viva.","og_url":"https:\/\/www.ritzbrasil.com\/es\/productos\/sistema-medicion\/","og_site_name":"Equipamentos de Manuten\u00e7\u00e3o e Seguran\u00e7a para o Setor El\u00e9trico - Ritz Brasil","article_modified_time":"2026-04-16T20:29:50+00:00","twitter_card":"summary_large_image","twitter_misc":{"Tiempo de lectura":"1 minuto"},"schema":{"@context":"https:\/\/schema.org","@graph":[{"@type":"WebPage","@id":"https:\/\/www.ritzbrasil.com\/es\/productos\/sistema-medicion\/","url":"https:\/\/www.ritzbrasil.com\/es\/productos\/sistema-medicion\/","name":"Sistema de medici\u00f3n","isPartOf":{"@id":"https:\/\/www.ritzbrasil.com\/es\/#website"},"datePublished":"2025-07-30T17:42:37+00:00","dateModified":"2026-04-16T20:29:50+00:00","description":"Bloque terminal Ritz para medici\u00f3n y monitoreo de par\u00e1metros el\u00e9ctricos en redes energizadas. Precisi\u00f3n para l\u00ednea viva.","breadcrumb":{"@id":"https:\/\/www.ritzbrasil.com\/es\/productos\/sistema-medicion\/#breadcrumb"},"inLanguage":"es","potentialAction":[{"@type":"ReadAction","target":["https:\/\/www.ritzbrasil.com\/es\/productos\/sistema-medicion\/"]}]},{"@type":"BreadcrumbList","@id":"https:\/\/www.ritzbrasil.com\/es\/productos\/sistema-medicion\/#breadcrumb","itemListElement":[{"@type":"ListItem","position":1,"name":"In\u00edcio","item":"https:\/\/www.ritzbrasil.com\/es\/"},{"@type":"ListItem","position":2,"name":"Productos","item":"https:\/\/www.ritzbrasil.com\/es\/productos\/"},{"@type":"ListItem","position":3,"name":"Sistema de Medici\u00f3n"}]},{"@type":"WebSite","@id":"https:\/\/www.ritzbrasil.com\/es\/#website","url":"https:\/\/www.ritzbrasil.com\/es\/","name":"Equipamentos de Manuten\u00e7\u00e3o e Seguran\u00e7a para o Setor El\u00e9trico - Ritz Brasil","description":"","potentialAction":[{"@type":"SearchAction","target":{"@type":"EntryPoint","urlTemplate":"https:\/\/www.ritzbrasil.com\/es\/?s={search_term_string}"},"query-input":{"@type":"PropertyValueSpecification","valueRequired":true,"valueName":"search_term_string"}}],"inLanguage":"es"}]}},"_links":{"self":[{"href":"https:\/\/www.ritzbrasil.com\/es\/wp-json\/wp\/v2\/pages\/62566","targetHints":{"allow":["GET"]}}],"collection":[{"href":"https:\/\/www.ritzbrasil.com\/es\/wp-json\/wp\/v2\/pages"}],"about":[{"href":"https:\/\/www.ritzbrasil.com\/es\/wp-json\/wp\/v2\/types\/page"}],"author":[{"embeddable":true,"href":"https:\/\/www.ritzbrasil.com\/es\/wp-json\/wp\/v2\/users\/3"}],"replies":[{"embeddable":true,"href":"https:\/\/www.ritzbrasil.com\/es\/wp-json\/wp\/v2\/comments?post=62566"}],"version-history":[{"count":4,"href":"https:\/\/www.ritzbrasil.com\/es\/wp-json\/wp\/v2\/pages\/62566\/revisions"}],"predecessor-version":[{"id":62584,"href":"https:\/\/www.ritzbrasil.com\/es\/wp-json\/wp\/v2\/pages\/62566\/revisions\/62584"}],"up":[{"embeddable":true,"href":"https:\/\/www.ritzbrasil.com\/es\/wp-json\/wp\/v2\/pages\/60757"}],"wp:attachment":[{"href":"https:\/\/www.ritzbrasil.com\/es\/wp-json\/wp\/v2\/media?parent=62566"}],"curies":[{"name":"wp","href":"https:\/\/api.w.org\/{rel}","templated":true}]}}