{"id":60808,"date":"2025-07-08T09:01:29","date_gmt":"2025-07-08T12:01:29","guid":{"rendered":"https:\/\/bisque-bison-688002.hostingersite.com\/carrito\/"},"modified":"2025-07-08T09:01:59","modified_gmt":"2025-07-08T12:01:59","slug":"carrito","status":"publish","type":"page","link":"https:\/\/www.ritzbrasil.com\/es\/carrito\/","title":{"rendered":"Carrito"},"content":{"rendered":"\n<div data-block-name=\"woocommerce\/cart\" class=\"wp-block-woocommerce-cart alignwide is-loading\">\n<div data-block-name=\"woocommerce\/filled-cart-block\" class=\"wp-block-woocommerce-filled-cart-block\">\n<div data-block-name=\"woocommerce\/cart-items-block\" class=\"wp-block-woocommerce-cart-items-block\">\n<div data-block-name=\"woocommerce\/cart-line-items-block\" class=\"wp-block-woocommerce-cart-line-items-block\"><\/div>\n\n\n\n<div data-block-name=\"woocommerce\/cart-cross-sells-block\" class=\"wp-block-woocommerce-cart-cross-sells-block\">\n<h2 class=\"wp-block-heading has-large-font-size\">Puede que te interese\u2026<\/h2>\n\n\n\n<div data-block-name=\"woocommerce\/cart-cross-sells-products-block\" class=\"wp-block-woocommerce-cart-cross-sells-products-block\"><\/div>\n<\/div>\n<\/div>\n\n\n\n<div data-block-name=\"woocommerce\/cart-totals-block\" class=\"wp-block-woocommerce-cart-totals-block\">\n<div data-block-name=\"woocommerce\/cart-order-summary-block\" class=\"wp-block-woocommerce-cart-order-summary-block\">\n<div data-block-name=\"woocommerce\/cart-order-summary-heading-block\" class=\"wp-block-woocommerce-cart-order-summary-heading-block\"><\/div><div data-block-name=\"woocommerce\/cart-order-summary-coupon-form-block\" class=\"wp-block-woocommerce-cart-order-summary-coupon-form-block\"><\/div><div data-block-name=\"woocommerce\/cart-order-summary-totals-block\" class=\"wp-block-woocommerce-cart-order-summary-totals-block\">\n<div data-block-name=\"woocommerce\/cart-order-summary-subtotal-block\" class=\"wp-block-woocommerce-cart-order-summary-subtotal-block\"><\/div>\n<div data-block-name=\"woocommerce\/cart-order-summary-discount-block\" class=\"wp-block-woocommerce-cart-order-summary-discount-block\"><\/div>\n<div data-block-name=\"woocommerce\/cart-order-summary-fee-block\" class=\"wp-block-woocommerce-cart-order-summary-fee-block\"><\/div>\n<div data-block-name=\"woocommerce\/cart-order-summary-shipping-block\" class=\"wp-block-woocommerce-cart-order-summary-shipping-block\"><\/div>\n<div data-block-name=\"woocommerce\/cart-order-summary-taxes-block\" class=\"wp-block-woocommerce-cart-order-summary-taxes-block\"><\/div><\/div>\n<\/div>\n\n\n\n<div data-block-name=\"woocommerce\/cart-express-payment-block\" class=\"wp-block-woocommerce-cart-express-payment-block\"><\/div>\n\n\n\n<div data-block-name=\"woocommerce\/proceed-to-checkout-block\" class=\"wp-block-woocommerce-proceed-to-checkout-block\"><\/div>\n\n\n\n<div data-block-name=\"woocommerce\/cart-accepted-payment-methods-block\" class=\"wp-block-woocommerce-cart-accepted-payment-methods-block\"><\/div>\n<\/div>\n<\/div>\n\n\n\n<div data-block-name=\"woocommerce\/empty-cart-block\" class=\"wp-block-woocommerce-empty-cart-block\">\n<h2 class=\"wp-block-heading has-text-align-center with-empty-cart-icon wc-block-cart__empty-cart__title\">\u00a1Tu carrito est\u00e1 actualmente vac\u00edo!<\/h2>\n\n\n\n<hr class=\"wp-block-separator has-alpha-channel-opacity is-style-dots\"\/>\n\n\n\n<h2 class=\"wp-block-heading has-text-align-center\">Nuevo en la tienda<\/h2>\n\n\n<div data-block-name=\"woocommerce\/product-new\" data-columns=\"4\" data-rows=\"1\" class=\"wc-block-grid wp-block-product-new wp-block-woocommerce-product-new wc-block-product-new has-4-columns\"><ul class=\"wc-block-grid__products\"><li class=\"wc-block-grid__product\">\n\t\t\t\t<a href=\"https:\/\/www.ritzbrasil.com\/es\/produtos\/productos\/pertigas-herramientas-universales\/baul-motocicleta-de-servicio\/\" class=\"wc-block-grid__product-link\">\n\t\t\t\t\t\n\t\t\t\t\t<div class=\"wc-block-grid__product-image\"><img loading=\"lazy\" decoding=\"async\" width=\"300\" height=\"300\" src=\"https:\/\/www.ritzbrasil.com\/wp-content\/uploads\/2026\/04\/COB32957-1-bau-para-moto-plantao-300x300.jpg\" class=\"attachment-woocommerce_thumbnail size-woocommerce_thumbnail\" alt=\"ba\u00fal resistente para moto de servicio para mantenimiento el\u00e9ctrico&lt;br&gt;\" srcset=\"https:\/\/www.ritzbrasil.com\/wp-content\/uploads\/2026\/04\/COB32957-1-bau-para-moto-plantao-300x300.jpg 300w, https:\/\/www.ritzbrasil.com\/wp-content\/uploads\/2026\/04\/COB32957-1-bau-para-moto-plantao-1024x1024.jpg 1024w, https:\/\/www.ritzbrasil.com\/wp-content\/uploads\/2026\/04\/COB32957-1-bau-para-moto-plantao-150x150.jpg 150w, https:\/\/www.ritzbrasil.com\/wp-content\/uploads\/2026\/04\/COB32957-1-bau-para-moto-plantao-768x768.jpg 768w, https:\/\/www.ritzbrasil.com\/wp-content\/uploads\/2026\/04\/COB32957-1-bau-para-moto-plantao-600x600.jpg 600w, https:\/\/www.ritzbrasil.com\/wp-content\/uploads\/2026\/04\/COB32957-1-bau-para-moto-plantao-200x200.jpg 200w, https:\/\/www.ritzbrasil.com\/wp-content\/uploads\/2026\/04\/COB32957-1-bau-para-moto-plantao-64x64.jpg 64w, https:\/\/www.ritzbrasil.com\/wp-content\/uploads\/2026\/04\/COB32957-1-bau-para-moto-plantao.jpg 1200w\" sizes=\"auto, (max-width: 300px) 100vw, 300px\" \/><\/div>\n\t\t\t\t\t<div class=\"wc-block-grid__product-title\">Ba\u00fal Motocicleta de Servicio<\/div>\n\t\t\t\t<\/a>\n\t\t\t\t<div class=\"wc-block-grid__product-price price\"><\/div>\n\t\t\t\t\n\t\t\t\t<div class=\"wp-block-button wc-block-grid__product-add-to-cart\"><a href=\"https:\/\/www.ritzbrasil.com\/es\/produtos\/productos\/pertigas-herramientas-universales\/baul-motocicleta-de-servicio\/\" aria-label=\"Lee m\u00e1s sobre &ldquo;Ba\u00fal Motocicleta de Servicio&rdquo;\" data-quantity=\"1\" data-product_id=\"62439\" data-product_sku=\"\" data-price=\"0\" rel=\"nofollow\" class=\"wp-block-button__link  add_to_cart_button\">Leer m\u00e1s<\/a><\/div>\n\t\t\t<\/li><li class=\"wc-block-grid__product\">\n\t\t\t\t<a href=\"https:\/\/www.ritzbrasil.com\/es\/produtos\/productos\/sistema-medicion\/regleta-de-bornes\/\" class=\"wc-block-grid__product-link\">\n\t\t\t\t\t\n\t\t\t\t\t<div class=\"wc-block-grid__product-image\"><img loading=\"lazy\" decoding=\"async\" width=\"300\" height=\"300\" src=\"https:\/\/www.ritzbrasil.com\/wp-content\/uploads\/2025\/07\/bloco-terminal-btr32681-1-300x300.jpg\" class=\"attachment-woocommerce_thumbnail size-woocommerce_thumbnail\" alt=\"Bloque de terminales BTR32681-1\" srcset=\"https:\/\/www.ritzbrasil.com\/wp-content\/uploads\/2025\/07\/bloco-terminal-btr32681-1-300x300.jpg 300w, https:\/\/www.ritzbrasil.com\/wp-content\/uploads\/2025\/07\/bloco-terminal-btr32681-1-200x200.jpg 200w, https:\/\/www.ritzbrasil.com\/wp-content\/uploads\/2025\/07\/bloco-terminal-btr32681-1-600x600.jpg 600w, https:\/\/www.ritzbrasil.com\/wp-content\/uploads\/2025\/07\/bloco-terminal-btr32681-1-64x64.jpg 64w, https:\/\/www.ritzbrasil.com\/wp-content\/uploads\/2025\/07\/bloco-terminal-btr32681-1-1024x1024.jpg 1024w, https:\/\/www.ritzbrasil.com\/wp-content\/uploads\/2025\/07\/bloco-terminal-btr32681-1-150x150.jpg 150w, https:\/\/www.ritzbrasil.com\/wp-content\/uploads\/2025\/07\/bloco-terminal-btr32681-1-768x768.jpg 768w, https:\/\/www.ritzbrasil.com\/wp-content\/uploads\/2025\/07\/bloco-terminal-btr32681-1.jpg 1200w\" sizes=\"auto, (max-width: 300px) 100vw, 300px\" \/><\/div>\n\t\t\t\t\t<div class=\"wc-block-grid__product-title\">Bloque de Terminales<\/div>\n\t\t\t\t<\/a>\n\t\t\t\t<div class=\"wc-block-grid__product-price price\"><\/div>\n\t\t\t\t\n\t\t\t\t<div class=\"wp-block-button wc-block-grid__product-add-to-cart\"><a href=\"https:\/\/www.ritzbrasil.com\/es\/produtos\/productos\/sistema-medicion\/regleta-de-bornes\/\" aria-label=\"Lee m\u00e1s sobre &ldquo;Bloque de Terminales&rdquo;\" data-quantity=\"1\" data-product_id=\"61162\" data-product_sku=\"\" data-price=\"0\" rel=\"nofollow\" class=\"wp-block-button__link  add_to_cart_button\">Leer m\u00e1s<\/a><\/div>\n\t\t\t<\/li><li class=\"wc-block-grid__product\">\n\t\t\t\t<a href=\"https:\/\/www.ritzbrasil.com\/es\/produtos\/productos\/instrumentos-de-prueba-y-deteccion\/detector-de-presencia-de-tension-para-uso-con-casco\/\" class=\"wc-block-grid__product-link\">\n\t\t\t\t\t\n\t\t\t\t\t<div class=\"wc-block-grid__product-image\"><img loading=\"lazy\" decoding=\"async\" width=\"300\" height=\"300\" src=\"https:\/\/www.ritzbrasil.com\/wp-content\/uploads\/2025\/06\/detector-presenca-tensao-uso-capacete-300x300.jpg\" class=\"attachment-woocommerce_thumbnail size-woocommerce_thumbnail\" alt=\"ID TESTER detector de tensi\u00f3n de casco con LEDs y alarma\" srcset=\"https:\/\/www.ritzbrasil.com\/wp-content\/uploads\/2025\/06\/detector-presenca-tensao-uso-capacete-300x300.jpg 300w, https:\/\/www.ritzbrasil.com\/wp-content\/uploads\/2025\/06\/detector-presenca-tensao-uso-capacete-200x200.jpg 200w, https:\/\/www.ritzbrasil.com\/wp-content\/uploads\/2025\/06\/detector-presenca-tensao-uso-capacete-600x600.jpg 600w, https:\/\/www.ritzbrasil.com\/wp-content\/uploads\/2025\/06\/detector-presenca-tensao-uso-capacete-64x64.jpg 64w, https:\/\/www.ritzbrasil.com\/wp-content\/uploads\/2025\/06\/detector-presenca-tensao-uso-capacete-1024x1024.jpg 1024w, https:\/\/www.ritzbrasil.com\/wp-content\/uploads\/2025\/06\/detector-presenca-tensao-uso-capacete-150x150.jpg 150w, https:\/\/www.ritzbrasil.com\/wp-content\/uploads\/2025\/06\/detector-presenca-tensao-uso-capacete-768x768.jpg 768w, https:\/\/www.ritzbrasil.com\/wp-content\/uploads\/2025\/06\/detector-presenca-tensao-uso-capacete.jpg 1200w\" sizes=\"auto, (max-width: 300px) 100vw, 300px\" \/><\/div>\n\t\t\t\t\t<div class=\"wc-block-grid__product-title\">Detector de presencia de tensi\u00f3n para uso con casco<\/div>\n\t\t\t\t<\/a>\n\t\t\t\t<div class=\"wc-block-grid__product-price price\"><\/div>\n\t\t\t\t\n\t\t\t\t<div class=\"wp-block-button wc-block-grid__product-add-to-cart\"><a href=\"https:\/\/www.ritzbrasil.com\/es\/produtos\/productos\/instrumentos-de-prueba-y-deteccion\/detector-de-presencia-de-tension-para-uso-con-casco\/\" aria-label=\"Lee m\u00e1s sobre &ldquo;Detector de presencia de tensi\u00f3n para uso con casco&rdquo;\" data-quantity=\"1\" data-product_id=\"60860\" data-product_sku=\"\" data-price=\"0\" rel=\"nofollow\" class=\"wp-block-button__link  add_to_cart_button\">Leer m\u00e1s<\/a><\/div>\n\t\t\t<\/li><li class=\"wc-block-grid__product\">\n\t\t\t\t<a href=\"https:\/\/www.ritzbrasil.com\/es\/produtos\/productos\/puentes-temporales\/arcritz-dispositivo-de-apertura-de-carga-dab\/\" class=\"wc-block-grid__product-link\">\n\t\t\t\t\t\n\t\t\t\t\t<div class=\"wc-block-grid__product-image\"><img loading=\"lazy\" decoding=\"async\" width=\"300\" height=\"300\" src=\"https:\/\/www.ritzbrasil.com\/wp-content\/uploads\/2025\/06\/arcritz-dispositivo-abertura-sob-carga-dac-300x300.jpg\" class=\"attachment-woocommerce_thumbnail size-woocommerce_thumbnail\" alt=\"Dispositivo de Apertura de Carga ARCRITZ para redes el\u00e9ctricas de hasta 25kV\" srcset=\"https:\/\/www.ritzbrasil.com\/wp-content\/uploads\/2025\/06\/arcritz-dispositivo-abertura-sob-carga-dac-300x300.jpg 300w, https:\/\/www.ritzbrasil.com\/wp-content\/uploads\/2025\/06\/arcritz-dispositivo-abertura-sob-carga-dac-200x200.jpg 200w, https:\/\/www.ritzbrasil.com\/wp-content\/uploads\/2025\/06\/arcritz-dispositivo-abertura-sob-carga-dac-600x600.jpg 600w, https:\/\/www.ritzbrasil.com\/wp-content\/uploads\/2025\/06\/arcritz-dispositivo-abertura-sob-carga-dac-64x64.jpg 64w, https:\/\/www.ritzbrasil.com\/wp-content\/uploads\/2025\/06\/arcritz-dispositivo-abertura-sob-carga-dac-1024x1024.jpg 1024w, https:\/\/www.ritzbrasil.com\/wp-content\/uploads\/2025\/06\/arcritz-dispositivo-abertura-sob-carga-dac-150x150.jpg 150w, https:\/\/www.ritzbrasil.com\/wp-content\/uploads\/2025\/06\/arcritz-dispositivo-abertura-sob-carga-dac-768x768.jpg 768w, https:\/\/www.ritzbrasil.com\/wp-content\/uploads\/2025\/06\/arcritz-dispositivo-abertura-sob-carga-dac.jpg 1200w\" sizes=\"auto, (max-width: 300px) 100vw, 300px\" \/><\/div>\n\t\t\t\t\t<div class=\"wc-block-grid__product-title\">ARCRITZ &#8211; Dispositivo de Apertura de Carga (DAB)<\/div>\n\t\t\t\t<\/a>\n\t\t\t\t<div class=\"wc-block-grid__product-price price\"><\/div>\n\t\t\t\t\n\t\t\t\t<div class=\"wp-block-button wc-block-grid__product-add-to-cart\"><a href=\"https:\/\/www.ritzbrasil.com\/es\/produtos\/productos\/puentes-temporales\/arcritz-dispositivo-de-apertura-de-carga-dab\/\" aria-label=\"Lee m\u00e1s sobre &ldquo;ARCRITZ - Dispositivo de Apertura de Carga (DAB)&rdquo;\" data-quantity=\"1\" data-product_id=\"60870\" data-product_sku=\"\" data-price=\"0\" rel=\"nofollow\" class=\"wp-block-button__link  add_to_cart_button\">Leer m\u00e1s<\/a><\/div>\n\t\t\t<\/li><\/ul><\/div><\/div>\n<\/div>\n","protected":false},"excerpt":{"rendered":"<p>Puede que te interese\u2026 \u00a1Tu carrito est\u00e1 actualmente vac\u00edo! Nuevo en la tienda<\/p>\n","protected":false},"author":3,"featured_media":0,"parent":0,"menu_order":0,"comment_status":"closed","ping_status":"closed","template":"","meta":{"footnotes":""},"class_list":["post-60808","page","type-page","status-publish","hentry","description-off"],"yoast_head":"<!-- This site is optimized with the Yoast SEO plugin v27.4 - https:\/\/yoast.com\/product\/yoast-seo-wordpress\/ -->\n<title>Carrito - Equipamentos de Manuten\u00e7\u00e3o e Seguran\u00e7a para o Setor El\u00e9trico - Ritz Brasil<\/title>\n<meta name=\"robots\" content=\"index, follow, max-snippet:-1, max-image-preview:large, max-video-preview:-1\" \/>\n<link rel=\"canonical\" href=\"https:\/\/www.ritzbrasil.com\/es\/carrito\/\" \/>\n<meta property=\"og:locale\" content=\"es_ES\" \/>\n<meta property=\"og:type\" content=\"article\" \/>\n<meta property=\"og:title\" content=\"Carrito - Equipamentos de Manuten\u00e7\u00e3o e Seguran\u00e7a para o Setor El\u00e9trico - Ritz Brasil\" \/>\n<meta property=\"og:url\" content=\"https:\/\/www.ritzbrasil.com\/es\/carrito\/\" \/>\n<meta property=\"og:site_name\" content=\"Equipamentos de Manuten\u00e7\u00e3o e Seguran\u00e7a para o Setor El\u00e9trico - Ritz Brasil\" \/>\n<meta property=\"article:modified_time\" content=\"2025-07-08T12:01:59+00:00\" \/>\n<meta name=\"twitter:card\" content=\"summary_large_image\" \/>\n<script type=\"application\/ld+json\" class=\"yoast-schema-graph\">{\"@context\":\"https:\\\/\\\/schema.org\",\"@graph\":[{\"@type\":\"WebPage\",\"@id\":\"https:\\\/\\\/www.ritzbrasil.com\\\/es\\\/carrito\\\/\",\"url\":\"https:\\\/\\\/www.ritzbrasil.com\\\/es\\\/carrito\\\/\",\"name\":\"Carrito - Equipamentos de Manuten\u00e7\u00e3o e Seguran\u00e7a para o Setor El\u00e9trico - Ritz Brasil\",\"isPartOf\":{\"@id\":\"https:\\\/\\\/www.ritzbrasil.com\\\/es\\\/#website\"},\"datePublished\":\"2025-07-08T12:01:29+00:00\",\"dateModified\":\"2025-07-08T12:01:59+00:00\",\"breadcrumb\":{\"@id\":\"https:\\\/\\\/www.ritzbrasil.com\\\/es\\\/carrito\\\/#breadcrumb\"},\"inLanguage\":\"es\",\"potentialAction\":[{\"@type\":\"ReadAction\",\"target\":[\"https:\\\/\\\/www.ritzbrasil.com\\\/es\\\/carrito\\\/\"]}]},{\"@type\":\"BreadcrumbList\",\"@id\":\"https:\\\/\\\/www.ritzbrasil.com\\\/es\\\/carrito\\\/#breadcrumb\",\"itemListElement\":[{\"@type\":\"ListItem\",\"position\":1,\"name\":\"In\u00edcio\",\"item\":\"https:\\\/\\\/www.ritzbrasil.com\\\/es\\\/\"},{\"@type\":\"ListItem\",\"position\":2,\"name\":\"Carrito\"}]},{\"@type\":\"WebSite\",\"@id\":\"https:\\\/\\\/www.ritzbrasil.com\\\/es\\\/#website\",\"url\":\"https:\\\/\\\/www.ritzbrasil.com\\\/es\\\/\",\"name\":\"Equipamentos de Manuten\u00e7\u00e3o e Seguran\u00e7a para o Setor El\u00e9trico - Ritz Brasil\",\"description\":\"\",\"potentialAction\":[{\"@type\":\"SearchAction\",\"target\":{\"@type\":\"EntryPoint\",\"urlTemplate\":\"https:\\\/\\\/www.ritzbrasil.com\\\/es\\\/?s={search_term_string}\"},\"query-input\":{\"@type\":\"PropertyValueSpecification\",\"valueRequired\":true,\"valueName\":\"search_term_string\"}}],\"inLanguage\":\"es\"}]}<\/script>\n<!-- \/ Yoast SEO plugin. -->","yoast_head_json":{"title":"Carrito - Equipamentos de Manuten\u00e7\u00e3o e Seguran\u00e7a para o Setor El\u00e9trico - Ritz Brasil","robots":{"index":"index","follow":"follow","max-snippet":"max-snippet:-1","max-image-preview":"max-image-preview:large","max-video-preview":"max-video-preview:-1"},"canonical":"https:\/\/www.ritzbrasil.com\/es\/carrito\/","og_locale":"es_ES","og_type":"article","og_title":"Carrito - Equipamentos de Manuten\u00e7\u00e3o e Seguran\u00e7a para o Setor El\u00e9trico - Ritz Brasil","og_url":"https:\/\/www.ritzbrasil.com\/es\/carrito\/","og_site_name":"Equipamentos de Manuten\u00e7\u00e3o e Seguran\u00e7a para o Setor El\u00e9trico - Ritz Brasil","article_modified_time":"2025-07-08T12:01:59+00:00","twitter_card":"summary_large_image","schema":{"@context":"https:\/\/schema.org","@graph":[{"@type":"WebPage","@id":"https:\/\/www.ritzbrasil.com\/es\/carrito\/","url":"https:\/\/www.ritzbrasil.com\/es\/carrito\/","name":"Carrito - Equipamentos de Manuten\u00e7\u00e3o e Seguran\u00e7a para o Setor El\u00e9trico - Ritz Brasil","isPartOf":{"@id":"https:\/\/www.ritzbrasil.com\/es\/#website"},"datePublished":"2025-07-08T12:01:29+00:00","dateModified":"2025-07-08T12:01:59+00:00","breadcrumb":{"@id":"https:\/\/www.ritzbrasil.com\/es\/carrito\/#breadcrumb"},"inLanguage":"es","potentialAction":[{"@type":"ReadAction","target":["https:\/\/www.ritzbrasil.com\/es\/carrito\/"]}]},{"@type":"BreadcrumbList","@id":"https:\/\/www.ritzbrasil.com\/es\/carrito\/#breadcrumb","itemListElement":[{"@type":"ListItem","position":1,"name":"In\u00edcio","item":"https:\/\/www.ritzbrasil.com\/es\/"},{"@type":"ListItem","position":2,"name":"Carrito"}]},{"@type":"WebSite","@id":"https:\/\/www.ritzbrasil.com\/es\/#website","url":"https:\/\/www.ritzbrasil.com\/es\/","name":"Equipamentos de Manuten\u00e7\u00e3o e Seguran\u00e7a para o Setor El\u00e9trico - Ritz Brasil","description":"","potentialAction":[{"@type":"SearchAction","target":{"@type":"EntryPoint","urlTemplate":"https:\/\/www.ritzbrasil.com\/es\/?s={search_term_string}"},"query-input":{"@type":"PropertyValueSpecification","valueRequired":true,"valueName":"search_term_string"}}],"inLanguage":"es"}]}},"_links":{"self":[{"href":"https:\/\/www.ritzbrasil.com\/es\/wp-json\/wp\/v2\/pages\/60808","targetHints":{"allow":["GET"]}}],"collection":[{"href":"https:\/\/www.ritzbrasil.com\/es\/wp-json\/wp\/v2\/pages"}],"about":[{"href":"https:\/\/www.ritzbrasil.com\/es\/wp-json\/wp\/v2\/types\/page"}],"author":[{"embeddable":true,"href":"https:\/\/www.ritzbrasil.com\/es\/wp-json\/wp\/v2\/users\/3"}],"replies":[{"embeddable":true,"href":"https:\/\/www.ritzbrasil.com\/es\/wp-json\/wp\/v2\/comments?post=60808"}],"version-history":[{"count":0,"href":"https:\/\/www.ritzbrasil.com\/es\/wp-json\/wp\/v2\/pages\/60808\/revisions"}],"wp:attachment":[{"href":"https:\/\/www.ritzbrasil.com\/es\/wp-json\/wp\/v2\/media?parent=60808"}],"curies":[{"name":"wp","href":"https:\/\/api.w.org\/{rel}","templated":true}]}}