{"id":60766,"date":"2024-09-03T10:09:05","date_gmt":"2024-09-03T13:09:05","guid":{"rendered":"https:\/\/bisque-bison-688002.hostingersite.com\/productos\/componentes-de-restauracion-y-embalaje\/"},"modified":"2026-02-25T16:38:32","modified_gmt":"2026-02-25T19:38:32","slug":"componentes-de-restauracion-y-embalaje","status":"publish","type":"page","link":"https:\/\/www.ritzbrasil.com\/es\/productos\/componentes-de-restauracion-y-embalaje\/","title":{"rendered":"Componentes de restauraci\u00f3n y embalaje"},"content":{"rendered":"<div class=\"wpb-content-wrapper\"><p>[vc_row][vc_column]<style type=\"text\/css\" data-type=\"the7_shortcodes-inline-css\">.products-shortcode.products-masonry-shortcode-id-87091463cf48d27c3402b1a351df6dfc .filter {\n  margin-bottom: 25px;\n}\n.products-shortcode.products-masonry-shortcode-id-87091463cf48d27c3402b1a351df6dfc .filter-bg-decoration .filter-categories a.act {\n  color: #fff;\n}\n.products-shortcode.products-masonry-shortcode-id-87091463cf48d27c3402b1a351df6dfc:not(.resize-by-browser-width) .dt-css-grid {\n  grid-row-gap: 50px;\n  grid-column-gap: 50px;\n  grid-template-columns: repeat(auto-fill,minmax(,1fr));\n}\n.cssgridlegacy.no-cssgrid .products-shortcode.products-masonry-shortcode-id-87091463cf48d27c3402b1a351df6dfc:not(.resize-by-browser-width) .dt-css-grid,\n.no-cssgridlegacy.no-cssgrid .products-shortcode.products-masonry-shortcode-id-87091463cf48d27c3402b1a351df6dfc:not(.resize-by-browser-width) .dt-css-grid {\n  display: flex;\n  flex-flow: row wrap;\n  margin: -25px;\n}\n.cssgridlegacy.no-cssgrid .products-shortcode.products-masonry-shortcode-id-87091463cf48d27c3402b1a351df6dfc:not(.resize-by-browser-width) .dt-css-grid .wf-cell,\n.no-cssgridlegacy.no-cssgrid .products-shortcode.products-masonry-shortcode-id-87091463cf48d27c3402b1a351df6dfc:not(.resize-by-browser-width) .dt-css-grid .wf-cell {\n  flex: 1 0 ;\n  max-width: 100%;\n  padding: 25px;\n  box-sizing: border-box;\n}\n.products-shortcode.products-masonry-shortcode-id-87091463cf48d27c3402b1a351df6dfc.resize-by-browser-width .dt-css-grid {\n  grid-template-columns: repeat(3,1fr);\n  grid-template-rows: auto;\n  grid-column-gap: 50px;\n  grid-row-gap: 50px;\n}\n.cssgridlegacy.no-cssgrid .products-shortcode.products-masonry-shortcode-id-87091463cf48d27c3402b1a351df6dfc.resize-by-browser-width .dt-css-grid,\n.no-cssgridlegacy.no-cssgrid .products-shortcode.products-masonry-shortcode-id-87091463cf48d27c3402b1a351df6dfc.resize-by-browser-width .dt-css-grid {\n  margin: -25px;\n}\n.cssgridlegacy.no-cssgrid .products-shortcode.products-masonry-shortcode-id-87091463cf48d27c3402b1a351df6dfc.resize-by-browser-width .dt-css-grid .wf-cell,\n.no-cssgridlegacy.no-cssgrid .products-shortcode.products-masonry-shortcode-id-87091463cf48d27c3402b1a351df6dfc.resize-by-browser-width .dt-css-grid .wf-cell {\n  width: 33.333333333333%;\n  padding: 25px;\n}\n@media screen and (max-width: 1199px) {\n  .products-shortcode.products-masonry-shortcode-id-87091463cf48d27c3402b1a351df6dfc.resize-by-browser-width .dt-css-grid {\n    grid-template-columns: repeat(3,1fr);\n  }\n  .cssgridlegacy.no-cssgrid .products-shortcode.products-masonry-shortcode-id-87091463cf48d27c3402b1a351df6dfc.resize-by-browser-width .dt-css-grid .wf-cell,\n  .no-cssgridlegacy.no-cssgrid .products-shortcode.products-masonry-shortcode-id-87091463cf48d27c3402b1a351df6dfc.resize-by-browser-width .dt-css-grid .wf-cell {\n    width: 33.333333333333%;\n  }\n}\n@media screen and (max-width: 991px) {\n  .products-shortcode.products-masonry-shortcode-id-87091463cf48d27c3402b1a351df6dfc.resize-by-browser-width .dt-css-grid {\n    grid-template-columns: repeat(2,1fr);\n  }\n  .cssgridlegacy.no-cssgrid .products-shortcode.products-masonry-shortcode-id-87091463cf48d27c3402b1a351df6dfc.resize-by-browser-width .dt-css-grid .wf-cell,\n  .no-cssgridlegacy.no-cssgrid .products-shortcode.products-masonry-shortcode-id-87091463cf48d27c3402b1a351df6dfc.resize-by-browser-width .dt-css-grid .wf-cell {\n    width: 50%;\n  }\n}\n@media screen and (max-width: 767px) {\n  .products-shortcode.products-masonry-shortcode-id-87091463cf48d27c3402b1a351df6dfc.resize-by-browser-width .dt-css-grid {\n    grid-template-columns: repeat(1,1fr);\n  }\n  .cssgridlegacy.no-cssgrid .products-shortcode.products-masonry-shortcode-id-87091463cf48d27c3402b1a351df6dfc.resize-by-browser-width .dt-css-grid .wf-cell,\n  .no-cssgridlegacy.no-cssgrid .products-shortcode.products-masonry-shortcode-id-87091463cf48d27c3402b1a351df6dfc.resize-by-browser-width .dt-css-grid .wf-cell {\n    width: 100%;\n  }\n}<\/style><div class=\"products-shortcode products-masonry-shortcode-id-87091463cf48d27c3402b1a351df6dfc mode-grid cart-btn-below-img hide-description jquery-filter lazy-loading-mode wc-img-hover dt-css-grid-wrap resize-by-browser-width loading-effect-none description-under-image content-align-centre\" data-padding=\"25px\" data-cur-page=\"1\" data-post-limit=\"10\" data-pagination-mode=\"load-more\" aria-live=\"assertive\" data-desktop-columns-num=\"3\" data-v-tablet-columns-num=\"2\" data-h-tablet-columns-num=\"3\" data-phone-columns-num=\"1\" data-width=\"0px\" data-columns=\"0\"><div class=\"dt-css-grid\" ><div class=\"visible wf-cell visible\" data-post-id=\"61273\" data-date=\"2024-09-04T07:41:13-03:00\" data-name=\"Restauradores y Lubricantes\"><article class=\"post project-odd visible description-off product type-product post-61273 status-publish first instock product_cat-componentes-de-restauracion-y-embalaje product_tag-rh1917-es product_tag-rm1904-es product_tag-rm1909-es product_tag-rt400-0803-es has-post-thumbnail virtual product-type-simple\" ><figure class=\"woocom-project\">\n\t<div class=\"woo-buttons-on-img\">\n\n\t\t<a href=\"https:\/\/www.ritzbrasil.com\/es\/produtos\/componentes-de-restauracion-y-embalaje\/restauradores-y-lubricantes\/\" class=\"alignnone layzr-bg\"><img loading=\"lazy\" decoding=\"async\" width=\"300\" height=\"300\" src=\"data:image\/svg+xml;charset=utf-8,%3Csvg xmlns%3D&#039;http%3A%2F%2Fwww.w3.org%2F2000%2Fsvg&#039; viewBox%3D&#039;0 0 300 300&#039;%2F%3E\" class=\"attachment-woocommerce_thumbnail size-woocommerce_thumbnail iso-lazy-load preload-me\" alt=\"RT400-0803 Restaurador de brillo\" data-src=\"https:\/\/www.ritzbrasil.com\/wp-content\/uploads\/2024\/09\/rt400-0803-restaurador-brilho-300x300.jpg\" data-srcset=\"https:\/\/www.ritzbrasil.com\/wp-content\/uploads\/2024\/09\/rt400-0803-restaurador-brilho-300x300.jpg 300w, https:\/\/www.ritzbrasil.com\/wp-content\/uploads\/2024\/09\/rt400-0803-restaurador-brilho-200x200.jpg 200w, https:\/\/www.ritzbrasil.com\/wp-content\/uploads\/2024\/09\/rt400-0803-restaurador-brilho-600x600.jpg 600w, https:\/\/www.ritzbrasil.com\/wp-content\/uploads\/2024\/09\/rt400-0803-restaurador-brilho-64x64.jpg 64w, https:\/\/www.ritzbrasil.com\/wp-content\/uploads\/2024\/09\/rt400-0803-restaurador-brilho-1024x1024.jpg 1024w, https:\/\/www.ritzbrasil.com\/wp-content\/uploads\/2024\/09\/rt400-0803-restaurador-brilho-150x150.jpg 150w, https:\/\/www.ritzbrasil.com\/wp-content\/uploads\/2024\/09\/rt400-0803-restaurador-brilho-768x768.jpg 768w, https:\/\/www.ritzbrasil.com\/wp-content\/uploads\/2024\/09\/rt400-0803-restaurador-brilho.jpg 1200w\" \/><\/a>\n\t<\/div>\n\t<figcaption class=\"woocom-list-content\">\n\n\t\t<div class=\"woo-buttons\"><a href=\"https:\/\/www.ritzbrasil.com\/es\/produtos\/componentes-de-restauracion-y-embalaje\/restauradores-y-lubricantes\/\" aria-describedby=\"woocommerce_loop_add_to_cart_link_describedby_61273\" data-quantity=\"1\" class=\"product_type_simple ajax_add_to_cart\" data-product_id=\"61273\" data-product_sku=\"\" aria-label=\"Lee m\u00e1s sobre &ldquo;Restauradores y Lubricantes&rdquo;\" rel=\"nofollow\" data-success_message=\"\">Leer m\u00e1s<\/a>\t<span id=\"woocommerce_loop_add_to_cart_link_describedby_61273\" class=\"screen-reader-text\">\n\t\t\t<\/span>\n<\/div>\n\t<\/figcaption>\n<\/figure>\n<\/article><\/div><div class=\"visible wf-cell visible\" data-post-id=\"61265\" data-date=\"2024-09-04T08:10:43-03:00\" data-name=\"Envases\"><article class=\"post project-odd visible description-off product type-product post-61265 status-publish instock product_cat-componentes-de-restauracion-y-embalaje product_tag-atr00137-1-es product_tag-atr00137-2-es product_tag-atr09962-1-es product_tag-atr14484-1-es product_tag-atr14484-2-es product_tag-atr16843-1-es product_tag-atr16843-2-es product_tag-atr16843-3-es product_tag-atr16843-4-es product_tag-atr16843-5-es product_tag-atr16843-6-es product_tag-atr16843-7-es product_tag-flv16364-1-es product_tag-flv18339-1-es product_tag-flv18339-10-es product_tag-flv18339-11-es product_tag-flv18339-12-es product_tag-flv18339-13-es product_tag-flv18339-14-es product_tag-flv18339-15-es product_tag-flv18339-16-es product_tag-flv18339-17-es product_tag-flv18339-2-es product_tag-flv18339-3-es product_tag-flv18339-4-es product_tag-flv18339-5-es product_tag-flv18339-6-es product_tag-flv18339-7-es product_tag-flv18339-8-es product_tag-flv18339-9-es product_tag-rc417-0144-es product_tag-rc417-0146-es product_tag-slt-2-3-es product_tag-slt-4-5-es product_tag-slt-6-7-es product_tag-slt-8-9-es product_tag-vmr10484-1-es product_tag-vmr10484-2-es product_tag-vmr10484-3-es product_tag-vmr16824-1-es product_tag-vmr16824-2-es product_tag-vmr16825-1-es product_tag-vmr16825-2-es product_tag-vmr16826-1-es product_tag-vtt17182-5-es product_tag-vtt17182-6-es product_tag-vtt17182-7-es has-post-thumbnail virtual product-type-simple\" ><figure class=\"woocom-project\">\n\t<div class=\"woo-buttons-on-img\">\n\n\t\t<a href=\"https:\/\/www.ritzbrasil.com\/es\/produtos\/componentes-de-restauracion-y-embalaje\/envases\/\" class=\"alignnone layzr-bg\"><img loading=\"lazy\" decoding=\"async\" width=\"300\" height=\"300\" src=\"data:image\/svg+xml;charset=utf-8,%3Csvg xmlns%3D&#039;http%3A%2F%2Fwww.w3.org%2F2000%2Fsvg&#039; viewBox%3D&#039;0 0 300 300&#039;%2F%3E\" class=\"attachment-woocommerce_thumbnail size-woocommerce_thumbnail iso-lazy-load preload-me\" alt=\"ATR09962-1 Bolsas de transporte\" data-src=\"https:\/\/www.ritzbrasil.com\/wp-content\/uploads\/2024\/09\/atr09962-1-sacolas-transporte-300x300.jpg\" data-srcset=\"https:\/\/www.ritzbrasil.com\/wp-content\/uploads\/2024\/09\/atr09962-1-sacolas-transporte-300x300.jpg 300w, https:\/\/www.ritzbrasil.com\/wp-content\/uploads\/2024\/09\/atr09962-1-sacolas-transporte-200x200.jpg 200w, https:\/\/www.ritzbrasil.com\/wp-content\/uploads\/2024\/09\/atr09962-1-sacolas-transporte-600x600.jpg 600w, https:\/\/www.ritzbrasil.com\/wp-content\/uploads\/2024\/09\/atr09962-1-sacolas-transporte-64x64.jpg 64w, https:\/\/www.ritzbrasil.com\/wp-content\/uploads\/2024\/09\/atr09962-1-sacolas-transporte-1024x1024.jpg 1024w, https:\/\/www.ritzbrasil.com\/wp-content\/uploads\/2024\/09\/atr09962-1-sacolas-transporte-150x150.jpg 150w, https:\/\/www.ritzbrasil.com\/wp-content\/uploads\/2024\/09\/atr09962-1-sacolas-transporte-768x768.jpg 768w, https:\/\/www.ritzbrasil.com\/wp-content\/uploads\/2024\/09\/atr09962-1-sacolas-transporte.jpg 1200w\" \/><\/a>\n\t<\/div>\n\t<figcaption class=\"woocom-list-content\">\n\n\t\t<div class=\"woo-buttons\"><a href=\"https:\/\/www.ritzbrasil.com\/es\/produtos\/componentes-de-restauracion-y-embalaje\/envases\/\" aria-describedby=\"woocommerce_loop_add_to_cart_link_describedby_61265\" data-quantity=\"1\" class=\"product_type_simple ajax_add_to_cart\" data-product_id=\"61265\" data-product_sku=\"\" aria-label=\"Lee m\u00e1s sobre &ldquo;Envases&rdquo;\" rel=\"nofollow\" data-success_message=\"\">Leer m\u00e1s<\/a>\t<span id=\"woocommerce_loop_add_to_cart_link_describedby_61265\" class=\"screen-reader-text\">\n\t\t\t<\/span>\n<\/div>\n\t<\/figcaption>\n<\/figure>\n<\/article><\/div><\/div><!-- iso-container|iso-grid --><div class=\"paginator paginator-more-button\">\n\t\t\t\t<a class=\"button-load-more \" href=\"javascript:void(0);\" data-dt-page=\"1\" ><span class=\"stick\"><\/span><span class=\"stick\"><\/span><span class=\"stick\"><\/span><span class=\"button-caption\">Load more<\/span><\/a>\n\t\t\t<\/div><\/div>[\/vc_column][\/vc_row]<\/p>\n<\/div>","protected":false},"excerpt":{"rendered":"<p>[vc_row][vc_column][\/vc_column][\/vc_row]<\/p>\n","protected":false},"author":3,"featured_media":0,"parent":60757,"menu_order":0,"comment_status":"closed","ping_status":"closed","template":"","meta":{"footnotes":""},"class_list":["post-60766","page","type-page","status-publish","hentry","description-off"],"yoast_head":"<!-- This site is optimized with the Yoast SEO plugin v27.1.1 - https:\/\/yoast.com\/product\/yoast-seo-wordpress\/ -->\n<title>Componentes de restauraci\u00f3n y embalaje<\/title>\n<meta name=\"robots\" content=\"index, follow, max-snippet:-1, max-image-preview:large, max-video-preview:-1\" \/>\n<link rel=\"canonical\" href=\"https:\/\/www.ritzbrasil.com\/es\/productos\/componentes-de-restauracion-y-embalaje\/\" \/>\n<meta property=\"og:locale\" content=\"es_ES\" \/>\n<meta property=\"og:type\" content=\"article\" \/>\n<meta property=\"og:title\" content=\"Componentes de restauraci\u00f3n y embalaje\" \/>\n<meta property=\"og:description\" content=\"[vc_row][vc_column][\/vc_column][\/vc_row]\" \/>\n<meta property=\"og:url\" content=\"https:\/\/www.ritzbrasil.com\/es\/productos\/componentes-de-restauracion-y-embalaje\/\" \/>\n<meta property=\"og:site_name\" content=\"Equipamentos de Manuten\u00e7\u00e3o e Seguran\u00e7a para o Setor El\u00e9trico - Ritz Brasil\" \/>\n<meta property=\"article:modified_time\" content=\"2026-02-25T19:38:32+00:00\" \/>\n<meta name=\"twitter:card\" content=\"summary_large_image\" \/>\n<meta name=\"twitter:label1\" content=\"Tiempo de lectura\" \/>\n\t<meta name=\"twitter:data1\" content=\"1 minuto\" \/>\n<script type=\"application\/ld+json\" class=\"yoast-schema-graph\">{\"@context\":\"https:\/\/schema.org\",\"@graph\":[{\"@type\":\"WebPage\",\"@id\":\"https:\/\/www.ritzbrasil.com\/es\/productos\/componentes-de-restauracion-y-embalaje\/\",\"url\":\"https:\/\/www.ritzbrasil.com\/es\/productos\/componentes-de-restauracion-y-embalaje\/\",\"name\":\"Componentes de restauraci\u00f3n y embalaje\",\"isPartOf\":{\"@id\":\"https:\/\/www.ritzbrasil.com\/es\/#website\"},\"datePublished\":\"2024-09-03T13:09:05+00:00\",\"dateModified\":\"2026-02-25T19:38:32+00:00\",\"breadcrumb\":{\"@id\":\"https:\/\/www.ritzbrasil.com\/es\/productos\/componentes-de-restauracion-y-embalaje\/#breadcrumb\"},\"inLanguage\":\"es\",\"potentialAction\":[{\"@type\":\"ReadAction\",\"target\":[\"https:\/\/www.ritzbrasil.com\/es\/productos\/componentes-de-restauracion-y-embalaje\/\"]}]},{\"@type\":\"BreadcrumbList\",\"@id\":\"https:\/\/www.ritzbrasil.com\/es\/productos\/componentes-de-restauracion-y-embalaje\/#breadcrumb\",\"itemListElement\":[{\"@type\":\"ListItem\",\"position\":1,\"name\":\"In\u00edcio\",\"item\":\"https:\/\/www.ritzbrasil.com\/es\/\"},{\"@type\":\"ListItem\",\"position\":2,\"name\":\"Productos\",\"item\":\"https:\/\/www.ritzbrasil.com\/es\/productos\/\"},{\"@type\":\"ListItem\",\"position\":3,\"name\":\"Componentes de restauraci\u00f3n y embalaje\"}]},{\"@type\":\"WebSite\",\"@id\":\"https:\/\/www.ritzbrasil.com\/es\/#website\",\"url\":\"https:\/\/www.ritzbrasil.com\/es\/\",\"name\":\"Equipamentos de Manuten\u00e7\u00e3o e Seguran\u00e7a para o Setor El\u00e9trico - Ritz Brasil\",\"description\":\"\",\"potentialAction\":[{\"@type\":\"SearchAction\",\"target\":{\"@type\":\"EntryPoint\",\"urlTemplate\":\"https:\/\/www.ritzbrasil.com\/es\/?s={search_term_string}\"},\"query-input\":{\"@type\":\"PropertyValueSpecification\",\"valueRequired\":true,\"valueName\":\"search_term_string\"}}],\"inLanguage\":\"es\"}]}<\/script>\n<!-- \/ Yoast SEO plugin. -->","yoast_head_json":{"title":"Componentes de restauraci\u00f3n y embalaje","robots":{"index":"index","follow":"follow","max-snippet":"max-snippet:-1","max-image-preview":"max-image-preview:large","max-video-preview":"max-video-preview:-1"},"canonical":"https:\/\/www.ritzbrasil.com\/es\/productos\/componentes-de-restauracion-y-embalaje\/","og_locale":"es_ES","og_type":"article","og_title":"Componentes de restauraci\u00f3n y embalaje","og_description":"[vc_row][vc_column][\/vc_column][\/vc_row]","og_url":"https:\/\/www.ritzbrasil.com\/es\/productos\/componentes-de-restauracion-y-embalaje\/","og_site_name":"Equipamentos de Manuten\u00e7\u00e3o e Seguran\u00e7a para o Setor El\u00e9trico - Ritz Brasil","article_modified_time":"2026-02-25T19:38:32+00:00","twitter_card":"summary_large_image","twitter_misc":{"Tiempo de lectura":"1 minuto"},"schema":{"@context":"https:\/\/schema.org","@graph":[{"@type":"WebPage","@id":"https:\/\/www.ritzbrasil.com\/es\/productos\/componentes-de-restauracion-y-embalaje\/","url":"https:\/\/www.ritzbrasil.com\/es\/productos\/componentes-de-restauracion-y-embalaje\/","name":"Componentes de restauraci\u00f3n y embalaje","isPartOf":{"@id":"https:\/\/www.ritzbrasil.com\/es\/#website"},"datePublished":"2024-09-03T13:09:05+00:00","dateModified":"2026-02-25T19:38:32+00:00","breadcrumb":{"@id":"https:\/\/www.ritzbrasil.com\/es\/productos\/componentes-de-restauracion-y-embalaje\/#breadcrumb"},"inLanguage":"es","potentialAction":[{"@type":"ReadAction","target":["https:\/\/www.ritzbrasil.com\/es\/productos\/componentes-de-restauracion-y-embalaje\/"]}]},{"@type":"BreadcrumbList","@id":"https:\/\/www.ritzbrasil.com\/es\/productos\/componentes-de-restauracion-y-embalaje\/#breadcrumb","itemListElement":[{"@type":"ListItem","position":1,"name":"In\u00edcio","item":"https:\/\/www.ritzbrasil.com\/es\/"},{"@type":"ListItem","position":2,"name":"Productos","item":"https:\/\/www.ritzbrasil.com\/es\/productos\/"},{"@type":"ListItem","position":3,"name":"Componentes de restauraci\u00f3n y embalaje"}]},{"@type":"WebSite","@id":"https:\/\/www.ritzbrasil.com\/es\/#website","url":"https:\/\/www.ritzbrasil.com\/es\/","name":"Equipamentos de Manuten\u00e7\u00e3o e Seguran\u00e7a para o Setor El\u00e9trico - Ritz Brasil","description":"","potentialAction":[{"@type":"SearchAction","target":{"@type":"EntryPoint","urlTemplate":"https:\/\/www.ritzbrasil.com\/es\/?s={search_term_string}"},"query-input":{"@type":"PropertyValueSpecification","valueRequired":true,"valueName":"search_term_string"}}],"inLanguage":"es"}]}},"_links":{"self":[{"href":"https:\/\/www.ritzbrasil.com\/es\/wp-json\/wp\/v2\/pages\/60766","targetHints":{"allow":["GET"]}}],"collection":[{"href":"https:\/\/www.ritzbrasil.com\/es\/wp-json\/wp\/v2\/pages"}],"about":[{"href":"https:\/\/www.ritzbrasil.com\/es\/wp-json\/wp\/v2\/types\/page"}],"author":[{"embeddable":true,"href":"https:\/\/www.ritzbrasil.com\/es\/wp-json\/wp\/v2\/users\/3"}],"replies":[{"embeddable":true,"href":"https:\/\/www.ritzbrasil.com\/es\/wp-json\/wp\/v2\/comments?post=60766"}],"version-history":[{"count":1,"href":"https:\/\/www.ritzbrasil.com\/es\/wp-json\/wp\/v2\/pages\/60766\/revisions"}],"predecessor-version":[{"id":62234,"href":"https:\/\/www.ritzbrasil.com\/es\/wp-json\/wp\/v2\/pages\/60766\/revisions\/62234"}],"up":[{"embeddable":true,"href":"https:\/\/www.ritzbrasil.com\/es\/wp-json\/wp\/v2\/pages\/60757"}],"wp:attachment":[{"href":"https:\/\/www.ritzbrasil.com\/es\/wp-json\/wp\/v2\/media?parent=60766"}],"curies":[{"name":"wp","href":"https:\/\/api.w.org\/{rel}","templated":true}]}}