{"id":60690,"date":"2024-06-06T10:49:59","date_gmt":"2024-06-06T13:49:59","guid":{"rendered":"https:\/\/bisque-bison-688002.hostingersite.com\/sistema-integrado-de-gestion\/"},"modified":"2026-02-26T09:31:20","modified_gmt":"2026-02-26T12:31:20","slug":"sistema-integrado-de-gestion","status":"publish","type":"page","link":"https:\/\/www.ritzbrasil.com\/es\/sistema-integrado-de-gestion\/","title":{"rendered":"Sistema Integrado de Gesti\u00f3n"},"content":{"rendered":"<div class=\"wpb-content-wrapper\"><p>[vc_row full_width=\u00bbstretch_row_content_no_spaces\u00bb content_placement=\u00bbbottom\u00bb bg_type=\u00bbimage\u00bb parallax_style=\u00bbvcpb-default\u00bb bg_image_new=\u00bbid^51443|url^https:\/\/www.ritzbrasil.com\/wp-content\/uploads\/2024\/06\/ritz-ferramentas-sistema-gestao-integrada-1902&#215;650-1.jpg|caption^null|alt^Ritz Ferramentas &#8211; Sistema de Gest\u00e3o Integrada|title^Ritz Ferramentas &#8211; Sistema de Gest\u00e3o Integrada|description^Ritz Ferramentas &#8211; Sistema de Gest\u00e3o Integrada\u00bb css=\u00bb.vc_custom_1733424279426{margin-top: -80px !important;padding-top: 325px !important;padding-bottom: 325px !important;}\u00bb][vc_column][\/vc_column][\/vc_row][vc_row full_width=\u00bbstretch_row\u00bb gap=\u00bb30&#8243; content_placement=\u00bbtop\u00bb bg_type=\u00bbbg_color\u00bb css=\u00bb.vc_custom_1717679961691{margin-top: -40px !important;padding-top: 60px !important;padding-bottom: 20px !important;}\u00bb][vc_column width=\u00bb1\/6&#8243;][\/vc_column][vc_column width=\u00bb2\/3&#8243;]<div id=\"ultimate-heading-648469dc809503eb6\" class=\"uvc-heading ult-adjust-bottom-margin ultimate-heading-648469dc809503eb6 uvc-7119 \" data-hspacer=\"no_spacer\"  data-halign=\"left\" style=\"text-align:left\"><div class=\"uvc-heading-spacer no_spacer\" style=\"top\"><\/div><div class=\"uvc-main-heading ult-responsive\"  data-ultimate-target='.uvc-heading.ultimate-heading-648469dc809503eb6 h2'  data-responsive-json-new='{\"font-size\":\"desktop:35px;\",\"line-height\":\"desktop:80px;\"}' ><h2 style=\"--font-weight:theme;color:#ff9900;\">Sistema Integrado de Gesti\u00f3n<\/h2><\/div><div class=\"uvc-sub-heading ult-responsive\"  data-ultimate-target='.uvc-heading.ultimate-heading-648469dc809503eb6 .uvc-sub-heading '  data-responsive-json-new='{\"font-size\":\"desktop:22px;\",\"line-height\":\"\"}'  style=\"font-weight:normal;\">C\u00f3digo \u00c9tico y de Conducta<\/div><\/div>[vc_empty_space height=\u00bb45px\u00bb][vc_column_text css=\u00bb\u00bb]<\/p>\n<h3><span style=\"color: #ff9900;\">Mensaje del Director General<\/span><\/h3>\n<h4><span style=\"color: #ff9900;\">Estimados colegas de Orange Soul,<\/span><\/h4>\n<p>Siguiendo nuestro valor de Integridad, que afirma que \u00abLa conducta \u00e9tica, el car\u00e1cter y la honestidad no son negociables y basamos nuestras pr\u00e1cticas en el cumplimiento de las leyes, normas, pol\u00edticas y directrices que es importante no s\u00f3lo ser, sino tambi\u00e9n parecer correctas\u00bb, se ha elaborado este C\u00f3digo de \u00c9tica y Conducta para orientar a nuestros empleados y socios en el desarrollo de nuestra actividad, as\u00ed como para demostrar a la sociedad nuestra forma \u00e9tica y transparente de trabajar.<\/p>\n<p>Intentamos aportar nuestra forma de ser a este manual, demostrando que el respeto va mucho m\u00e1s all\u00e1 de tratar bien, sino de proporcionar un entorno en el que cada uno sea acogido de la mejor manera para su individualidad.<\/p>\n<p>La lectura de este manual es extremadamente importante para garantizar que nuestro negocio se desarrolla de acuerdo con nuestra filosof\u00eda de integridad. Ser\u00e1 la gu\u00eda para mantener nuestro m\u00e1ximo nivel de cumplimiento en todas las interfaces de nuestra empresa.<\/p>\n<p>Si tienes alguna duda sobre alg\u00fan punto de nuestro C\u00f3digo \u00c9tico y de Conducta, ponte en contacto con nosotros a trav\u00e9s de uno de nuestros canales de comunicaci\u00f3n.<\/p>\n<p>&nbsp;<\/p>\n<p>Un fuerte abrazo,<\/p>\n<p><strong>Vin\u00edcius Lamego<\/strong><br \/>\nCEO y Director de Operaciones[\/vc_column_text]<style type=\"text\/css\" data-type=\"the7_shortcodes-inline-css\">#default-btn-669097df99ff31b2c420a34c3ced9317.ico-right-side > i {\n  margin-right: 0px;\n  margin-left: 8px;\n}\n#default-btn-669097df99ff31b2c420a34c3ced9317 > i {\n  margin-right: 8px;\n}<\/style><div class=\"btn-align-left\"><a href=\"https:\/\/www.ritzbrasil.com\/wp-content\/uploads\/2024\/06\/Codigo-de-Etica-e-Conduta-RITZ.pdf\" class=\"default-btn-shortcode dt-btn dt-btn-m \" target=\"_blank\" id=\"default-btn-669097df99ff31b2c420a34c3ced9317\" rel=\"noopener\"><i class=\"Defaults-check\"><\/i><span>Manual &#8211;\u00a0C\u00f3digo de \u00c9tica e Conduta Ritz<\/span><\/a><\/div>[\/vc_column][vc_column width=\u00bb1\/6&#8243;][\/vc_column][\/vc_row][vc_row bg_type=\u00bbbg_color\u00bb][vc_column width=\u00bb1\/6&#8243;][\/vc_column][vc_column width=\u00bb2\/3&#8243;][\/vc_column][vc_column width=\u00bb1\/6&#8243;][\/vc_column][\/vc_row][vc_row full_width=\u00bbstretch_row\u00bb gap=\u00bb35&#8243; bg_type=\u00bbbg_color\u00bb css=\u00bb.vc_custom_1717679221098{margin-top: 50px !important;margin-bottom: -70px !important;padding-bottom: 40px !important;}\u00bb bg_color_value=\u00bb#e8e8e8&#8243;][vc_column width=\u00bb1\/2&#8243;][vc_row_inner][vc_column_inner width=\u00bb1\/3&#8243;][vc_single_image image=\u00bb56571&#8243; img_size=\u00bbfull\u00bb css=\u00bb\u00bb][\/vc_column_inner][vc_column_inner width=\u00bb2\/3&#8243;][vc_column_text css=\u00bb\u00bb]<\/p>\n<h3 style=\"text-align: left;\"><span style=\"color: #ff9900;\">Certificado ISO 14001:2015<\/span><\/h3>\n<p style=\"text-align: left;\">Bureau Veritas Certification certifica que el Sistema de Gesti\u00f3n de la organizaci\u00f3n Ritz Tools ha sido evaluado y cumple los requisitos de la norma ISO 14001:2015.<\/p>\n<p>[\/vc_column_text]<style type=\"text\/css\" data-type=\"the7_shortcodes-inline-css\">#default-btn-35029d731acfb80c0f1c6fd3005b50af.ico-right-side > i {\n  margin-right: 0px;\n  margin-left: 8px;\n}\n#default-btn-35029d731acfb80c0f1c6fd3005b50af > i {\n  margin-right: 8px;\n}<\/style><div class=\"btn-align-left\"><a href=\"https:\/\/www.ritzbrasil.com\/wp-content\/uploads\/2024\/06\/ritz-ferramentas-certificado-iso-14001_Portugues-09.01.2027.pdf\" class=\"default-btn-shortcode dt-btn dt-btn-m \" target=\"_blank\" id=\"default-btn-35029d731acfb80c0f1c6fd3005b50af\" rel=\"noopener\"><i class=\"Defaults-check\"><\/i><span>Download do certificado<\/span><\/a><\/div>[\/vc_column_inner][\/vc_row_inner][\/vc_column][vc_column width=\u00bb1\/2&#8243;][vc_row_inner][vc_column_inner width=\u00bb1\/3&#8243;][vc_single_image image=\u00bb56573&#8243; img_size=\u00bbfull\u00bb css=\u00bb\u00bb][\/vc_column_inner][vc_column_inner width=\u00bb2\/3&#8243;][vc_column_text css=\u00bb\u00bb]<\/p>\n<h3 style=\"text-align: left;\"><span style=\"color: #ff9900;\">Certificado ISO 9001:2015<\/span><\/h3>\n<p style=\"text-align: left;\">Bureau Veritas Certification certifica que el Sistema de Gesti\u00f3n de la organizaci\u00f3n Ritz Tools ha sido evaluado y cumple los requisitos de la norma ISO 9001:2015.<\/p>\n<p>[\/vc_column_text]<style type=\"text\/css\" data-type=\"the7_shortcodes-inline-css\">#default-btn-3e7727bc6a5ec8ae2ffe4d81e0c95251.ico-right-side > i {\n  margin-right: 0px;\n  margin-left: 8px;\n}\n#default-btn-3e7727bc6a5ec8ae2ffe4d81e0c95251 > i {\n  margin-right: 8px;\n}<\/style><div class=\"btn-align-left\"><a href=\"https:\/\/www.ritzbrasil.com\/wp-content\/uploads\/2024\/06\/ritz-ferramentas-certificado-iso-9001_Portugues-23.12.2026.pdf\" class=\"default-btn-shortcode dt-btn dt-btn-m \" target=\"_blank\" id=\"default-btn-3e7727bc6a5ec8ae2ffe4d81e0c95251\" rel=\"noopener\"><i class=\"Defaults-check\"><\/i><span>Download do certificado<\/span><\/a><\/div>[\/vc_column_inner][\/vc_row_inner][\/vc_column][\/vc_row]<\/p>\n<\/div>","protected":false},"excerpt":{"rendered":"<p>[vc_row full_width=\u00bbstretch_row_content_no_spaces\u00bb content_placement=\u00bbbottom\u00bb bg_type=\u00bbimage\u00bb parallax_style=\u00bbvcpb-default\u00bb bg_image_new=\u00bbid^51443|url^https:\/\/www.ritzbrasil.com\/wp-content\/uploads\/2024\/06\/ritz-ferramentas-sistema-gestao-integrada-1902&#215;650-1.jpg|caption^null|alt^Ritz Ferramentas &#8211; Sistema de Gest\u00e3o Integrada|title^Ritz Ferramentas &#8211; Sistema de Gest\u00e3o Integrada|description^Ritz Ferramentas &#8211; Sistema de Gest\u00e3o Integrada\u00bb css=\u00bb.vc_custom_1733424279426{margin-top: -80px !important;padding-top: 325px !important;padding-bottom: 325px !important;}\u00bb][vc_column][\/vc_column][\/vc_row][vc_row full_width=\u00bbstretch_row\u00bb gap=\u00bb30&#8243; content_placement=\u00bbtop\u00bb bg_type=\u00bbbg_color\u00bb css=\u00bb.vc_custom_1717679961691{margin-top: -40px !important;padding-top: 60px !important;padding-bottom: 20px !important;}\u00bb][vc_column width=\u00bb1\/6&#8243;][\/vc_column][vc_column width=\u00bb2\/3&#8243;][vc_empty_space height=\u00bb45px\u00bb][vc_column_text css=\u00bb\u00bb] Mensaje del Director General Estimados colegas de Orange Soul,&hellip;<\/p>\n","protected":false},"author":3,"featured_media":0,"parent":0,"menu_order":0,"comment_status":"closed","ping_status":"closed","template":"","meta":{"footnotes":""},"class_list":["post-60690","page","type-page","status-publish","hentry","description-off"],"yoast_head":"<!-- This site is optimized with the Yoast SEO plugin v27.1.1 - https:\/\/yoast.com\/product\/yoast-seo-wordpress\/ -->\n<title>Sistema Integrado de Gesti\u00f3n - Equipamentos de Manuten\u00e7\u00e3o e Seguran\u00e7a para o Setor El\u00e9trico - Ritz Brasil<\/title>\n<meta name=\"description\" content=\"La conducta \u00e9tica, el car\u00e1cter y la honradez no son negociables y basamos nuestras pr\u00e1cticas en el cumplimiento de las leyes, normas, pol\u00edticas y directrices que hacen que sea importante no s\u00f3lo ser correcto, sino tambi\u00e9n parecerlo.\" \/>\n<meta name=\"robots\" content=\"index, follow, max-snippet:-1, max-image-preview:large, max-video-preview:-1\" \/>\n<link rel=\"canonical\" href=\"https:\/\/www.ritzbrasil.com\/es\/sistema-integrado-de-gestion\/\" \/>\n<meta property=\"og:locale\" content=\"es_ES\" \/>\n<meta property=\"og:type\" content=\"article\" \/>\n<meta property=\"og:title\" content=\"Sistema Integrado de Gesti\u00f3n - Equipamentos de Manuten\u00e7\u00e3o e Seguran\u00e7a para o Setor El\u00e9trico - Ritz Brasil\" \/>\n<meta property=\"og:description\" content=\"La conducta \u00e9tica, el car\u00e1cter y la honradez no son negociables y basamos nuestras pr\u00e1cticas en el cumplimiento de las leyes, normas, pol\u00edticas y directrices que hacen que sea importante no s\u00f3lo ser correcto, sino tambi\u00e9n parecerlo.\" \/>\n<meta property=\"og:url\" content=\"https:\/\/www.ritzbrasil.com\/es\/sistema-integrado-de-gestion\/\" \/>\n<meta property=\"og:site_name\" content=\"Equipamentos de Manuten\u00e7\u00e3o e Seguran\u00e7a para o Setor El\u00e9trico - Ritz Brasil\" \/>\n<meta property=\"article:modified_time\" content=\"2026-02-26T12:31:20+00:00\" \/>\n<meta name=\"twitter:card\" content=\"summary_large_image\" \/>\n<meta name=\"twitter:label1\" content=\"Tiempo de lectura\" \/>\n\t<meta name=\"twitter:data1\" content=\"3 minutos\" \/>\n<script type=\"application\/ld+json\" class=\"yoast-schema-graph\">{\"@context\":\"https:\/\/schema.org\",\"@graph\":[{\"@type\":\"WebPage\",\"@id\":\"https:\/\/www.ritzbrasil.com\/es\/sistema-integrado-de-gestion\/\",\"url\":\"https:\/\/www.ritzbrasil.com\/es\/sistema-integrado-de-gestion\/\",\"name\":\"Sistema Integrado de Gesti\u00f3n - Equipamentos de Manuten\u00e7\u00e3o e Seguran\u00e7a para o Setor El\u00e9trico - Ritz Brasil\",\"isPartOf\":{\"@id\":\"https:\/\/www.ritzbrasil.com\/es\/#website\"},\"datePublished\":\"2024-06-06T13:49:59+00:00\",\"dateModified\":\"2026-02-26T12:31:20+00:00\",\"description\":\"La conducta \u00e9tica, el car\u00e1cter y la honradez no son negociables y basamos nuestras pr\u00e1cticas en el cumplimiento de las leyes, normas, pol\u00edticas y directrices que hacen que sea importante no s\u00f3lo ser correcto, sino tambi\u00e9n parecerlo.\",\"breadcrumb\":{\"@id\":\"https:\/\/www.ritzbrasil.com\/es\/sistema-integrado-de-gestion\/#breadcrumb\"},\"inLanguage\":\"es\",\"potentialAction\":[{\"@type\":\"ReadAction\",\"target\":[\"https:\/\/www.ritzbrasil.com\/es\/sistema-integrado-de-gestion\/\"]}]},{\"@type\":\"BreadcrumbList\",\"@id\":\"https:\/\/www.ritzbrasil.com\/es\/sistema-integrado-de-gestion\/#breadcrumb\",\"itemListElement\":[{\"@type\":\"ListItem\",\"position\":1,\"name\":\"In\u00edcio\",\"item\":\"https:\/\/www.ritzbrasil.com\/es\/\"},{\"@type\":\"ListItem\",\"position\":2,\"name\":\"Sistema Integrado de Gesti\u00f3n\"}]},{\"@type\":\"WebSite\",\"@id\":\"https:\/\/www.ritzbrasil.com\/es\/#website\",\"url\":\"https:\/\/www.ritzbrasil.com\/es\/\",\"name\":\"Equipamentos de Manuten\u00e7\u00e3o e Seguran\u00e7a para o Setor El\u00e9trico - Ritz Brasil\",\"description\":\"\",\"potentialAction\":[{\"@type\":\"SearchAction\",\"target\":{\"@type\":\"EntryPoint\",\"urlTemplate\":\"https:\/\/www.ritzbrasil.com\/es\/?s={search_term_string}\"},\"query-input\":{\"@type\":\"PropertyValueSpecification\",\"valueRequired\":true,\"valueName\":\"search_term_string\"}}],\"inLanguage\":\"es\"}]}<\/script>\n<!-- \/ Yoast SEO plugin. -->","yoast_head_json":{"title":"Sistema Integrado de Gesti\u00f3n - Equipamentos de Manuten\u00e7\u00e3o e Seguran\u00e7a para o Setor El\u00e9trico - Ritz Brasil","description":"La conducta \u00e9tica, el car\u00e1cter y la honradez no son negociables y basamos nuestras pr\u00e1cticas en el cumplimiento de las leyes, normas, pol\u00edticas y directrices que hacen que sea importante no s\u00f3lo ser correcto, sino tambi\u00e9n parecerlo.","robots":{"index":"index","follow":"follow","max-snippet":"max-snippet:-1","max-image-preview":"max-image-preview:large","max-video-preview":"max-video-preview:-1"},"canonical":"https:\/\/www.ritzbrasil.com\/es\/sistema-integrado-de-gestion\/","og_locale":"es_ES","og_type":"article","og_title":"Sistema Integrado de Gesti\u00f3n - Equipamentos de Manuten\u00e7\u00e3o e Seguran\u00e7a para o Setor El\u00e9trico - Ritz Brasil","og_description":"La conducta \u00e9tica, el car\u00e1cter y la honradez no son negociables y basamos nuestras pr\u00e1cticas en el cumplimiento de las leyes, normas, pol\u00edticas y directrices que hacen que sea importante no s\u00f3lo ser correcto, sino tambi\u00e9n parecerlo.","og_url":"https:\/\/www.ritzbrasil.com\/es\/sistema-integrado-de-gestion\/","og_site_name":"Equipamentos de Manuten\u00e7\u00e3o e Seguran\u00e7a para o Setor El\u00e9trico - Ritz Brasil","article_modified_time":"2026-02-26T12:31:20+00:00","twitter_card":"summary_large_image","twitter_misc":{"Tiempo de lectura":"3 minutos"},"schema":{"@context":"https:\/\/schema.org","@graph":[{"@type":"WebPage","@id":"https:\/\/www.ritzbrasil.com\/es\/sistema-integrado-de-gestion\/","url":"https:\/\/www.ritzbrasil.com\/es\/sistema-integrado-de-gestion\/","name":"Sistema Integrado de Gesti\u00f3n - Equipamentos de Manuten\u00e7\u00e3o e Seguran\u00e7a para o Setor El\u00e9trico - Ritz Brasil","isPartOf":{"@id":"https:\/\/www.ritzbrasil.com\/es\/#website"},"datePublished":"2024-06-06T13:49:59+00:00","dateModified":"2026-02-26T12:31:20+00:00","description":"La conducta \u00e9tica, el car\u00e1cter y la honradez no son negociables y basamos nuestras pr\u00e1cticas en el cumplimiento de las leyes, normas, pol\u00edticas y directrices que hacen que sea importante no s\u00f3lo ser correcto, sino tambi\u00e9n parecerlo.","breadcrumb":{"@id":"https:\/\/www.ritzbrasil.com\/es\/sistema-integrado-de-gestion\/#breadcrumb"},"inLanguage":"es","potentialAction":[{"@type":"ReadAction","target":["https:\/\/www.ritzbrasil.com\/es\/sistema-integrado-de-gestion\/"]}]},{"@type":"BreadcrumbList","@id":"https:\/\/www.ritzbrasil.com\/es\/sistema-integrado-de-gestion\/#breadcrumb","itemListElement":[{"@type":"ListItem","position":1,"name":"In\u00edcio","item":"https:\/\/www.ritzbrasil.com\/es\/"},{"@type":"ListItem","position":2,"name":"Sistema Integrado de Gesti\u00f3n"}]},{"@type":"WebSite","@id":"https:\/\/www.ritzbrasil.com\/es\/#website","url":"https:\/\/www.ritzbrasil.com\/es\/","name":"Equipamentos de Manuten\u00e7\u00e3o e Seguran\u00e7a para o Setor El\u00e9trico - Ritz Brasil","description":"","potentialAction":[{"@type":"SearchAction","target":{"@type":"EntryPoint","urlTemplate":"https:\/\/www.ritzbrasil.com\/es\/?s={search_term_string}"},"query-input":{"@type":"PropertyValueSpecification","valueRequired":true,"valueName":"search_term_string"}}],"inLanguage":"es"}]}},"_links":{"self":[{"href":"https:\/\/www.ritzbrasil.com\/es\/wp-json\/wp\/v2\/pages\/60690","targetHints":{"allow":["GET"]}}],"collection":[{"href":"https:\/\/www.ritzbrasil.com\/es\/wp-json\/wp\/v2\/pages"}],"about":[{"href":"https:\/\/www.ritzbrasil.com\/es\/wp-json\/wp\/v2\/types\/page"}],"author":[{"embeddable":true,"href":"https:\/\/www.ritzbrasil.com\/es\/wp-json\/wp\/v2\/users\/3"}],"replies":[{"embeddable":true,"href":"https:\/\/www.ritzbrasil.com\/es\/wp-json\/wp\/v2\/comments?post=60690"}],"version-history":[{"count":2,"href":"https:\/\/www.ritzbrasil.com\/es\/wp-json\/wp\/v2\/pages\/60690\/revisions"}],"predecessor-version":[{"id":62256,"href":"https:\/\/www.ritzbrasil.com\/es\/wp-json\/wp\/v2\/pages\/60690\/revisions\/62256"}],"wp:attachment":[{"href":"https:\/\/www.ritzbrasil.com\/es\/wp-json\/wp\/v2\/media?parent=60690"}],"curies":[{"name":"wp","href":"https:\/\/api.w.org\/{rel}","templated":true}]}}