{"id":60676,"date":"2024-05-24T09:40:48","date_gmt":"2024-05-24T12:40:48","guid":{"rendered":"https:\/\/bisque-bison-688002.hostingersite.com\/politica-mision-y-valores\/"},"modified":"2026-02-26T09:30:43","modified_gmt":"2026-02-26T12:30:43","slug":"politica-mision-y-valores","status":"publish","type":"page","link":"https:\/\/www.ritzbrasil.com\/es\/politica-mision-y-valores\/","title":{"rendered":"Pol\u00edtica Misi\u00f3n y Valores"},"content":{"rendered":"<div class=\"wpb-content-wrapper\"><p>[vc_row full_width=\u00bbstretch_row_content_no_spaces\u00bb content_placement=\u00bbmiddle\u00bb bg_type=\u00bbimage\u00bb parallax_style=\u00bbvcpb-default\u00bb bg_image_new=\u00bbid^51445|url^https:\/\/www.ritzbrasil.com\/wp-content\/uploads\/2024\/06\/ritz-ferramentas-fabrica-betim-equipe-1902&#215;650-1.jpg|caption^null|alt^Ritz Ferramentas &#8211; Nossos Valores|title^Ritz Ferramentas &#8211; Nossos Valores|description^Ritz Ferramentas &#8211; Nossos Valores\u00bb bg_override=\u00bbex-full\u00bb css=\u00bb.vc_custom_1733424211447{margin-top: -80px !important;padding-top: 325px !important;padding-bottom: 325px !important;}\u00bb][vc_column][\/vc_column][\/vc_row][vc_row full_width=\u00bbstretch_row\u00bb gap=\u00bb30&#8243; content_placement=\u00bbtop\u00bb bg_type=\u00bbbg_color\u00bb css=\u00bb.vc_custom_1717679961691{margin-top: -40px !important;padding-top: 60px !important;padding-bottom: 20px !important;}\u00bb][vc_column width=\u00bb1\/6&#8243;][\/vc_column][vc_column width=\u00bb2\/3&#8243;][vc_single_image image=\u00bb56559&#8243; img_size=\u00bbfull\u00bb alignment=\u00bbcenter\u00bb css=\u00bb\u00bb][vc_column_text css=\u00bb\u00bb]<\/p>\n<h3 style=\"text-align: left;\"><span style=\"color: #ff6600;\"><strong>MISI\u00d3N<\/strong><\/span><\/h3>\n<p style=\"text-align: left;\">Desarrollar y suministrar a nuestros clientes soluciones completas, con el m\u00e1ximo nivel de calidad, que garanticen la seguridad y la excelencia en el uso de nuestros equipos, herramientas y servicios.<\/p>\n<p style=\"text-align: left;\"><em>Revisi\u00f3n 11\/02\/2022<\/em><\/p>\n<p>[\/vc_column_text][vc_single_image image=\u00bb56557&#8243; img_size=\u00bbfull\u00bb alignment=\u00bbcenter\u00bb css=\u00bb\u00bb][vc_column_text css=\u00bb\u00bb]<\/p>\n<h3 style=\"text-align: left;\"><span style=\"color: #ff6600;\"><strong>POL\u00cdTICA DEL SISTEMA INTEGRADO DE GESTI\u00d3N (SGI)<\/strong><\/span><\/h3>\n<p style=\"text-align: left;\">En RITZ Ferramentas Ltda., ubicada en Betim, Minas Gerais, con m\u00e1s de 60 a\u00f1os de experiencia en el mercado, nos dedicamos a proporcionar soluciones integradas y personalizadas centradas en el cliente. Oferecemos ferramentas, equipamentos e componentes para trabalho, prote\u00e7\u00e3o e sinaliza\u00e7\u00e3o em sistemas energizados e desenergizados, abrangendo baja, m\u00e9dia, alta e extra-alta tens\u00e3o.<\/p>\n<p style=\"text-align: left;\">En consonancia con nuestra misi\u00f3n, visi\u00f3n y valores, cumplimos los requisitos legales y otros requisitos aplicables de acuerdo con las necesidades y expectativas de todas las partes interesadas, con un compromiso constante con la excelencia, la innovaci\u00f3n y la mejora continua.<\/p>\n<p style=\"text-align: left;\">Valoramos la protecci\u00f3n del medio ambiente, adoptando pr\u00e1cticas sostenibles, previniendo la contaminaci\u00f3n y gestionando los residuos, con el objetivo de minimizar el impacto medioambiental de nuestras operaciones. Nuestro entorno de trabajo trata de promover la salud, la seguridad y el bienestar de nuestros empleados identificando, eliminando o reduciendo los riesgos para la salud y la seguridad en el trabajo, incluyendo la consulta y la participaci\u00f3n de los trabajadores y sus representantes.<\/p>\n<p style=\"text-align: left;\">Garantizamos la excelencia en el servicio al cliente mediante procesos eficaces y profesionales cualificados y comprometidos. Creemos que la calidad, el respeto al medio ambiente y la seguridad son pilares fundamentales para nuestro \u00e9xito y sostenibilidad, invirtiendo en recursos y estructuras que contribuyan a un entorno de trabajo seguro y productivo.<\/p>\n<p style=\"text-align: left;\"><em>Revisi\u00f3n 08\/09\/2024<\/em><\/p>\n<p>[\/vc_column_text][\/vc_column][vc_column width=\u00bb1\/6&#8243;][\/vc_column][\/vc_row][vc_row bg_type=\u00bbbg_color\u00bb][vc_column width=\u00bb1\/6&#8243;][\/vc_column][vc_column width=\u00bb2\/3&#8243;]<style type=\"text\/css\" data-type=\"the7_shortcodes-inline-css\">#default-btn-920cd35e480c0ca38e9f7b6c6202fedf.ico-right-side > i {\n  margin-right: 0px;\n  margin-left: 8px;\n}\n#default-btn-920cd35e480c0ca38e9f7b6c6202fedf > i {\n  margin-right: 8px;\n}<\/style><div class=\"btn-align-center\"><a href=\"mailto:hsebetim@ritzbrasil.com\" class=\"default-btn-shortcode dt-btn dt-btn-m full-width-btn \" target=\"_blank\" id=\"default-btn-920cd35e480c0ca38e9f7b6c6202fedf\" rel=\"noopener\"><i class=\"Defaults-check\"><\/i><span>Para m\u00e1s informaci\u00f3n, preguntas y comentarios, \u00a1contacta con nosotros AQU\u00cd!<\/span><\/a><\/div>[\/vc_column][vc_column width=\u00bb1\/6&#8243;][\/vc_column][\/vc_row][vc_row full_width=\u00bbstretch_row\u00bb gap=\u00bb35&#8243; equal_height=\u00bbyes\u00bb content_placement=\u00bbmiddle\u00bb bg_type=\u00bbbg_color\u00bb css=\u00bb.vc_custom_1732624643130{margin-top: 60px !important;margin-bottom: -50px !important;padding-bottom: 50px !important;}\u00bb bg_color_value=\u00bb#e8e8e8&#8243;][vc_column width=\u00bb1\/2&#8243; css=\u00bb.vc_custom_1732628622238{padding-top: 200px !important;padding-bottom: 200px !important;background-image: url(https:\/\/www.ritzbrasil.com\/wp-content\/uploads\/2024\/11\/ritz-ferramentas-nossos-valores.jpg?id=56080) !important;background-position: center !important;background-repeat: no-repeat !important;background-size: contain !important;}\u00bb][\/vc_column][vc_column width=\u00bb1\/2&#8243;][vc_column_text css=\u00bb\u00bb]<\/p>\n<h2><span style=\"color: #ff9900;\"><strong>NUESTROS VALORES<\/strong><\/span><\/h2>\n<p><strong>Integridad: <\/strong>La conducta \u00e9tica, el car\u00e1cter y la honradez no son negociables y basamos nuestras pr\u00e1cticas en el cumplimiento de las leyes, normas, pol\u00edticas y directrices, que es importante no s\u00f3lo ser, sino tambi\u00e9n parecer correctas.<\/p>\n<p><strong>Respeto: <\/strong>Cultivamos un entorno sano en el que las diferencias se valoran y contribuyen al crecimiento, al desarrollo y al fomento de intercambios enriquecedores entre nuestros equipos. Todos somos \u00fanicos en nuestras diferencias.<\/p>\n<p><strong>Cuidado activo genuino: <\/strong>Creemos que cuidando de uno mismo, cuidando de los dem\u00e1s y dej\u00e1ndose cuidar, fomentamos la seguridad, la ciudadan\u00eda y el liderazgo de servicio.<\/p>\n<p><strong>Mejora continua: <\/strong>La b\u00fasqueda constante de mejoras nos hace cuestionar el statu quo, siendo la evoluci\u00f3n y la innovaci\u00f3n los objetivos que perseguimos a diario.<\/p>\n<p><strong>Coraje: <\/strong>Afrontamos retos y asumimos riesgos para pasar al siguiente nivel. Tomamos decisiones audaces y superamos obst\u00e1culos en busca del \u00e9xito.<\/p>\n<p><strong>Pasi\u00f3n: <\/strong>\u00a1Orgulloso de formar parte de ella! Estamos comprometidos e implicados en cuerpo y alma <strong><em>#AlmaNaranja<\/em><\/strong> con los resultados de nuestro trabajo.[\/vc_column_text][\/vc_column][\/vc_row][vc_row full_width=\u00bbstretch_row\u00bb gap=\u00bb35&#8243; bg_type=\u00bbbg_color\u00bb css=\u00bb.vc_custom_1717679221098{margin-top: 50px !important;margin-bottom: -70px !important;padding-bottom: 40px !important;}\u00bb bg_color_value=\u00bb#e8e8e8&#8243;][vc_column width=\u00bb1\/6&#8243;][\/vc_column][vc_column width=\u00bb2\/3&#8243;][vc_column_text css=\u00bb\u00bb]<\/p>\n<h3 style=\"text-align: center;\"><span style=\"color: #ff9900;\">INFORME SOBRE TRANSPARENCIA E IGUALDAD SALARIAL ENTRE HOMBRES Y MUJERES &#8211; 1er Semestre 2024<\/span><\/h3>\n<p style=\"text-align: center;\">En cumplimiento de la Ley n\u00ba 14.611 de 03 de julio de 2023 y de la Ordenanza n\u00ba 3.714 del MTE, publicamos el informe de igualdad salarial elaborado y publicado por el Ministerio de Trabajo y Empleo del Gobierno Federal.<\/p>\n<p>[\/vc_column_text]<style type=\"text\/css\" data-type=\"the7_shortcodes-inline-css\">#default-btn-006f3da5496ebe291028b8a1b22a1fd7.ico-right-side > i {\n  margin-right: 0px;\n  margin-left: 8px;\n}\n#default-btn-006f3da5496ebe291028b8a1b22a1fd7 > i {\n  margin-right: 8px;\n}<\/style><div class=\"btn-align-center\"><a href=\"https:\/\/www.ritzbrasil.com\/wp-content\/uploads\/2024\/06\/Relatorio-de-Transparencia-e-Igualdade-Salarial-de-Homes-e-Mulheres-1-Semestre-2024-Ritz-Ferramentas-Ltda.pdf\" class=\"default-btn-shortcode dt-btn dt-btn-m \" target=\"_blank\" id=\"default-btn-006f3da5496ebe291028b8a1b22a1fd7\" rel=\"noopener\"><i class=\"Defaults-check\"><\/i><span>Acesse o relat\u00f3rio clicando aqui.<\/span><\/a><\/div>[\/vc_column][vc_column width=\u00bb1\/6&#8243;][\/vc_column][\/vc_row]<\/p>\n<\/div>","protected":false},"excerpt":{"rendered":"<p>[vc_row full_width=\u00bbstretch_row_content_no_spaces\u00bb content_placement=\u00bbmiddle\u00bb bg_type=\u00bbimage\u00bb parallax_style=\u00bbvcpb-default\u00bb bg_image_new=\u00bbid^51445|url^https:\/\/www.ritzbrasil.com\/wp-content\/uploads\/2024\/06\/ritz-ferramentas-fabrica-betim-equipe-1902&#215;650-1.jpg|caption^null|alt^Ritz Ferramentas &#8211; Nossos Valores|title^Ritz Ferramentas &#8211; Nossos Valores|description^Ritz Ferramentas &#8211; Nossos Valores\u00bb bg_override=\u00bbex-full\u00bb css=\u00bb.vc_custom_1733424211447{margin-top: -80px !important;padding-top: 325px !important;padding-bottom: 325px !important;}\u00bb][vc_column][\/vc_column][\/vc_row][vc_row full_width=\u00bbstretch_row\u00bb gap=\u00bb30&#8243; content_placement=\u00bbtop\u00bb bg_type=\u00bbbg_color\u00bb css=\u00bb.vc_custom_1717679961691{margin-top: -40px !important;padding-top: 60px !important;padding-bottom: 20px !important;}\u00bb][vc_column width=\u00bb1\/6&#8243;][\/vc_column][vc_column width=\u00bb2\/3&#8243;][vc_single_image image=\u00bb56559&#8243; img_size=\u00bbfull\u00bb alignment=\u00bbcenter\u00bb css=\u00bb\u00bb][vc_column_text css=\u00bb\u00bb] MISI\u00d3N Desarrollar y suministrar a nuestros clientes soluciones completas, con el&hellip;<\/p>\n","protected":false},"author":3,"featured_media":0,"parent":0,"menu_order":0,"comment_status":"closed","ping_status":"closed","template":"","meta":{"footnotes":""},"class_list":["post-60676","page","type-page","status-publish","hentry","description-off"],"yoast_head":"<!-- This site is optimized with the Yoast SEO plugin v27.1.1 - https:\/\/yoast.com\/product\/yoast-seo-wordpress\/ -->\n<title>Pol\u00edtica Misi\u00f3n y Valores<\/title>\n<meta name=\"description\" content=\"En RITZ Tools proporcionamos soluciones integradas centradas en la seguridad, la calidad y la innovaci\u00f3n para sistemas energizados.\" \/>\n<meta name=\"robots\" content=\"index, follow, max-snippet:-1, max-image-preview:large, max-video-preview:-1\" \/>\n<link rel=\"canonical\" href=\"https:\/\/www.ritzbrasil.com\/es\/politica-mision-y-valores\/\" \/>\n<meta property=\"og:locale\" content=\"es_ES\" \/>\n<meta property=\"og:type\" content=\"article\" \/>\n<meta property=\"og:title\" content=\"Pol\u00edtica Misi\u00f3n y Valores\" \/>\n<meta property=\"og:description\" content=\"En RITZ Tools proporcionamos soluciones integradas centradas en la seguridad, la calidad y la innovaci\u00f3n para sistemas energizados.\" \/>\n<meta property=\"og:url\" content=\"https:\/\/www.ritzbrasil.com\/es\/politica-mision-y-valores\/\" \/>\n<meta property=\"og:site_name\" content=\"Equipamentos de Manuten\u00e7\u00e3o e Seguran\u00e7a para o Setor El\u00e9trico - Ritz Brasil\" \/>\n<meta property=\"article:modified_time\" content=\"2026-02-26T12:30:43+00:00\" \/>\n<meta name=\"twitter:card\" content=\"summary_large_image\" \/>\n<meta name=\"twitter:label1\" content=\"Tiempo de lectura\" \/>\n\t<meta name=\"twitter:data1\" content=\"4 minutos\" \/>\n<script type=\"application\/ld+json\" class=\"yoast-schema-graph\">{\"@context\":\"https:\/\/schema.org\",\"@graph\":[{\"@type\":\"WebPage\",\"@id\":\"https:\/\/www.ritzbrasil.com\/es\/politica-mision-y-valores\/\",\"url\":\"https:\/\/www.ritzbrasil.com\/es\/politica-mision-y-valores\/\",\"name\":\"Pol\u00edtica Misi\u00f3n y Valores\",\"isPartOf\":{\"@id\":\"https:\/\/www.ritzbrasil.com\/es\/#website\"},\"datePublished\":\"2024-05-24T12:40:48+00:00\",\"dateModified\":\"2026-02-26T12:30:43+00:00\",\"description\":\"En RITZ Tools proporcionamos soluciones integradas centradas en la seguridad, la calidad y la innovaci\u00f3n para sistemas energizados.\",\"breadcrumb\":{\"@id\":\"https:\/\/www.ritzbrasil.com\/es\/politica-mision-y-valores\/#breadcrumb\"},\"inLanguage\":\"es\",\"potentialAction\":[{\"@type\":\"ReadAction\",\"target\":[\"https:\/\/www.ritzbrasil.com\/es\/politica-mision-y-valores\/\"]}]},{\"@type\":\"BreadcrumbList\",\"@id\":\"https:\/\/www.ritzbrasil.com\/es\/politica-mision-y-valores\/#breadcrumb\",\"itemListElement\":[{\"@type\":\"ListItem\",\"position\":1,\"name\":\"In\u00edcio\",\"item\":\"https:\/\/www.ritzbrasil.com\/es\/\"},{\"@type\":\"ListItem\",\"position\":2,\"name\":\"Pol\u00edtica Misi\u00f3n y Valores\"}]},{\"@type\":\"WebSite\",\"@id\":\"https:\/\/www.ritzbrasil.com\/es\/#website\",\"url\":\"https:\/\/www.ritzbrasil.com\/es\/\",\"name\":\"Equipamentos de Manuten\u00e7\u00e3o e Seguran\u00e7a para o Setor El\u00e9trico - Ritz Brasil\",\"description\":\"\",\"potentialAction\":[{\"@type\":\"SearchAction\",\"target\":{\"@type\":\"EntryPoint\",\"urlTemplate\":\"https:\/\/www.ritzbrasil.com\/es\/?s={search_term_string}\"},\"query-input\":{\"@type\":\"PropertyValueSpecification\",\"valueRequired\":true,\"valueName\":\"search_term_string\"}}],\"inLanguage\":\"es\"}]}<\/script>\n<!-- \/ Yoast SEO plugin. -->","yoast_head_json":{"title":"Pol\u00edtica Misi\u00f3n y Valores","description":"En RITZ Tools proporcionamos soluciones integradas centradas en la seguridad, la calidad y la innovaci\u00f3n para sistemas energizados.","robots":{"index":"index","follow":"follow","max-snippet":"max-snippet:-1","max-image-preview":"max-image-preview:large","max-video-preview":"max-video-preview:-1"},"canonical":"https:\/\/www.ritzbrasil.com\/es\/politica-mision-y-valores\/","og_locale":"es_ES","og_type":"article","og_title":"Pol\u00edtica Misi\u00f3n y Valores","og_description":"En RITZ Tools proporcionamos soluciones integradas centradas en la seguridad, la calidad y la innovaci\u00f3n para sistemas energizados.","og_url":"https:\/\/www.ritzbrasil.com\/es\/politica-mision-y-valores\/","og_site_name":"Equipamentos de Manuten\u00e7\u00e3o e Seguran\u00e7a para o Setor El\u00e9trico - Ritz Brasil","article_modified_time":"2026-02-26T12:30:43+00:00","twitter_card":"summary_large_image","twitter_misc":{"Tiempo de lectura":"4 minutos"},"schema":{"@context":"https:\/\/schema.org","@graph":[{"@type":"WebPage","@id":"https:\/\/www.ritzbrasil.com\/es\/politica-mision-y-valores\/","url":"https:\/\/www.ritzbrasil.com\/es\/politica-mision-y-valores\/","name":"Pol\u00edtica Misi\u00f3n y Valores","isPartOf":{"@id":"https:\/\/www.ritzbrasil.com\/es\/#website"},"datePublished":"2024-05-24T12:40:48+00:00","dateModified":"2026-02-26T12:30:43+00:00","description":"En RITZ Tools proporcionamos soluciones integradas centradas en la seguridad, la calidad y la innovaci\u00f3n para sistemas energizados.","breadcrumb":{"@id":"https:\/\/www.ritzbrasil.com\/es\/politica-mision-y-valores\/#breadcrumb"},"inLanguage":"es","potentialAction":[{"@type":"ReadAction","target":["https:\/\/www.ritzbrasil.com\/es\/politica-mision-y-valores\/"]}]},{"@type":"BreadcrumbList","@id":"https:\/\/www.ritzbrasil.com\/es\/politica-mision-y-valores\/#breadcrumb","itemListElement":[{"@type":"ListItem","position":1,"name":"In\u00edcio","item":"https:\/\/www.ritzbrasil.com\/es\/"},{"@type":"ListItem","position":2,"name":"Pol\u00edtica Misi\u00f3n y Valores"}]},{"@type":"WebSite","@id":"https:\/\/www.ritzbrasil.com\/es\/#website","url":"https:\/\/www.ritzbrasil.com\/es\/","name":"Equipamentos de Manuten\u00e7\u00e3o e Seguran\u00e7a para o Setor El\u00e9trico - Ritz Brasil","description":"","potentialAction":[{"@type":"SearchAction","target":{"@type":"EntryPoint","urlTemplate":"https:\/\/www.ritzbrasil.com\/es\/?s={search_term_string}"},"query-input":{"@type":"PropertyValueSpecification","valueRequired":true,"valueName":"search_term_string"}}],"inLanguage":"es"}]}},"_links":{"self":[{"href":"https:\/\/www.ritzbrasil.com\/es\/wp-json\/wp\/v2\/pages\/60676","targetHints":{"allow":["GET"]}}],"collection":[{"href":"https:\/\/www.ritzbrasil.com\/es\/wp-json\/wp\/v2\/pages"}],"about":[{"href":"https:\/\/www.ritzbrasil.com\/es\/wp-json\/wp\/v2\/types\/page"}],"author":[{"embeddable":true,"href":"https:\/\/www.ritzbrasil.com\/es\/wp-json\/wp\/v2\/users\/3"}],"replies":[{"embeddable":true,"href":"https:\/\/www.ritzbrasil.com\/es\/wp-json\/wp\/v2\/comments?post=60676"}],"version-history":[{"count":2,"href":"https:\/\/www.ritzbrasil.com\/es\/wp-json\/wp\/v2\/pages\/60676\/revisions"}],"predecessor-version":[{"id":62254,"href":"https:\/\/www.ritzbrasil.com\/es\/wp-json\/wp\/v2\/pages\/60676\/revisions\/62254"}],"wp:attachment":[{"href":"https:\/\/www.ritzbrasil.com\/es\/wp-json\/wp\/v2\/media?parent=60676"}],"curies":[{"name":"wp","href":"https:\/\/api.w.org\/{rel}","templated":true}]}}