{"id":60666,"date":"2024-05-14T09:34:35","date_gmt":"2024-05-14T12:34:35","guid":{"rendered":"https:\/\/bisque-bison-688002.hostingersite.com\/herramientas-ritz\/"},"modified":"2026-02-26T09:30:07","modified_gmt":"2026-02-26T12:30:07","slug":"herramientas-ritz","status":"publish","type":"page","link":"https:\/\/www.ritzbrasil.com\/es\/herramientas-ritz\/","title":{"rendered":"Herramientas Ritz"},"content":{"rendered":"<div class=\"wpb-content-wrapper\"><p>[vc_row full_width=\u00bbstretch_row_content_no_spaces\u00bb bg_type=\u00bbimage\u00bb parallax_style=\u00bbvcpb-default\u00bb bg_image_new=\u00bbid^56181|url^https:\/\/www.ritzbrasil.com\/wp-content\/uploads\/2024\/12\/ritz-ferramentas-fabrica-betim-1920&#215;650-w.jpg|caption^null|alt^null|title^ritz-ferramentas-fabrica-betim-1920&#215;650-w|description^null\u00bb bg_image_repeat=\u00bbno-repeat\u00bb bg_override=\u00bbex-full\u00bb css=\u00bb.vc_custom_1733424082502{margin-top: -80px !important;padding-top: 325px !important;padding-bottom: 325px !important;}\u00bb][vc_column][\/vc_column][\/vc_row][vc_row full_width=\u00bbstretch_row\u00bb gap=\u00bb30&#8243; content_placement=\u00bbtop\u00bb bg_type=\u00bbbg_color\u00bb css=\u00bb.vc_custom_1715799884469{margin-top: -35px !important;padding-top: 40px !important;padding-bottom: 20px !important;}\u00bb bg_color_value=\u00bb#ff9900&#8243;][vc_column width=\u00bb1\/2&#8243;][vc_column_text css=\u00bb\u00bb]<span style=\"color: #ffffff;\">Desde hace 60 a\u00f1os, <strong>Ritz Ferramentas<\/strong> se ha especializado en el dise\u00f1o y la fabricaci\u00f3n de herramientas y equipos para trabajos de mantenimiento en sistemas el\u00e9ctricos desenergizados y energizados. Disponemos de una completa cartera de herramientas para trabajos de mantenimiento en l\u00edneas en tensi\u00f3n de hasta 1.000 kV CA y 800 kV CC para trabajos en sistemas el\u00e9ctricos en los m\u00e9todos de contacto, distancia y potencial, cumpliendo las normas brasile\u00f1as, internacionales e ISO 9001 y 14001.<\/span><\/p>\n<p><span style=\"color: #ffffff;\">Pionera en la fabricaci\u00f3n de herramientas de l\u00ednea viva en Brasil, desarroll\u00f3 sus primeros tubos reforzados con fibra de vidrio para mantenimiento en redes energizadas en 1968, con la fabricaci\u00f3n de las llamadas Varillas de Maniobra, pues ya dominaba ampliamente esta tecnolog\u00eda en la fabricaci\u00f3n de piezas aislantes para su uso en disyuntores de aceite de peque\u00f1o volumen. En 1971, Ritz fabric\u00f3 el primer juego completo de herramientas para el mantenimiento de redes energizadas.<\/span>[\/vc_column_text][\/vc_column][vc_column width=\u00bb1\/2&#8243;][vc_column_text css=\u00bb\u00bb]<span style=\"color: #ffffff;\">Entre 1973 y 1989, hubo una asociaci\u00f3n con la empresa A.B. Chance, l\u00edder mundial del segmento. La asociaci\u00f3n gener\u00f3 un intercambio de conocimientos t\u00e9cnicos e innovaci\u00f3n de procesos, haciendo que el Ritz fuera reconocido en todo el mundo por su calidad, seguridad, fiabilidad y excelencia.<\/span><\/p>\n<p><span style=\"color: #ffffff;\">En 2011, comenz\u00f3 otra nueva etapa para la empresa con la adquisici\u00f3n por parte de la multinacional estadounidense Terex. Esto ha llevado a una evoluci\u00f3n y mejora de los procesos, las metodolog\u00edas, el dise\u00f1o, la tecnolog\u00eda, la seguridad, las competencias, los resultados y la conquista de nuevos mercados internacionales.<\/span><\/p>\n<p><span style=\"color: #ffffff;\">En 2021, siguiendo la tradici\u00f3n y referencia de la marca Ritz, el control accionarial de la empresa pas\u00f3 a manos de una sociedad formada por un grupo de directivos de la predecesora <strong>Ritz Ferramentas<\/strong>, manteniendo y reforzando el compromiso de continuar la senda de desarrollo e innovaci\u00f3n que son importantes se\u00f1as de identidad de su legado.<\/span>[\/vc_column_text][\/vc_column][\/vc_row][vc_row gap=\u00bb25&#8243; equal_height=\u00bbyes\u00bb content_placement=\u00bbmiddle\u00bb css=\u00bb.vc_custom_1715800475718{margin-top: 60px !important;}\u00bb][vc_column width=\u00bb1\/2&#8243; css=\u00bb.vc_custom_1715797684569{padding-top: 300px !important;padding-bottom: 250px !important;background-image: url(https:\/\/www.ritzbrasil.com\/wp-content\/uploads\/2024\/05\/ritz-ferramentas-ritz-glas.jpg?id=1692) !important;background-position: center !important;background-repeat: no-repeat !important;background-size: cover !important;}\u00bb][\/vc_column][vc_column width=\u00bb1\/2&#8243;]<div id=\"ultimate-heading-157069dca0cfd0339\" class=\"uvc-heading ult-adjust-bottom-margin ultimate-heading-157069dca0cfd0339 uvc-7462 \" data-hspacer=\"no_spacer\"  data-halign=\"left\" style=\"text-align:left\"><div class=\"uvc-heading-spacer no_spacer\" style=\"top\"><\/div><div class=\"uvc-main-heading ult-responsive\"  data-ultimate-target='.uvc-heading.ultimate-heading-157069dca0cfd0339 h2'  data-responsive-json-new='{\"font-size\":\"desktop:35px;\",\"line-height\":\"desktop:30px;\"}' ><h2 style=\"--font-weight:theme;color:#ff9900;\">Referencia<br \/>\nen Calidad<\/h2><\/div><\/div>[vc_empty_space height=\u00bb30px\u00bb][vc_column_text css=\u00bb\u00bb]Los tubos reforzados con fibra de vidrio RITZGLAS\u00ae, marca registrada de Ritz, son conocidos internacionalmente por su calidad y fiabilidad. Los tubos RITZGLAS\u00ae se prueban seg\u00fan las normas ASTM F-711 e IEC 60855.<\/p>\n<p>El tubo aislante RITZGLAS\u00ae, parte fundamental de la mayor\u00eda de las herramientas de l\u00ednea viva Ritz, tiene en su interior un n\u00facleo de espuma de poliuretano monocelular, que impide la absorci\u00f3n y condensaci\u00f3n de humedad o suciedad. Su construcci\u00f3n externa consiste en fibras de vidrio altamente tratadas dispuestas en sentido circunferencial y longitudinal e impregnadas de resina epoxi especialmente formulada.<\/p>\n<p>El tubo RITZGLAS\u00ae tiene una elevada rigidez diel\u00e9ctrica, resistencia mec\u00e1nica y bajo peso, caracter\u00edsticas esenciales para las herramientas de l\u00ednea viva.<\/p>\n<p>El color naranja del bast\u00f3n RITZGLAS\u00ae es adecuado por su buena visibilidad en las zonas de trabajo, y se considera un elemento de seguridad adicional para los electricistas.[\/vc_column_text][\/vc_column][\/vc_row][vc_row gap=\u00bb30&#8243; css=\u00bb.vc_custom_1715802199081{margin-top: 70px !important;}\u00bb][vc_column width=\u00bb1\/3&#8243;]<div id=\"ultimate-heading-179269dca0cfd03f2\" class=\"uvc-heading ult-adjust-bottom-margin ultimate-heading-179269dca0cfd03f2 uvc-9860 \" data-hspacer=\"no_spacer\"  data-halign=\"center\" style=\"text-align:center\"><div class=\"uvc-heading-spacer no_spacer\" style=\"top\"><\/div><div class=\"uvc-main-heading ult-responsive\"  data-ultimate-target='.uvc-heading.ultimate-heading-179269dca0cfd03f2 h2'  data-responsive-json-new='{\"font-size\":\"desktop:28px;\",\"line-height\":\"desktop:28px;\"}' ><h2 style=\"--font-weight:theme;color:#ff9900;\">Responsabilidad que<br \/>\ngenera valor<\/h2><\/div><\/div>[vc_empty_space height=\u00bb30px\u00bb][vc_separator color=\u00bbcustom\u00bb border_width=\u00bb2&#8243; el_width=\u00bb60&#8243; css=\u00bb\u00bb accent_color=\u00bb#808080&#8243;][vc_empty_space height=\u00bb20px\u00bb][vc_column_text css=\u00bb\u00bb]Profesionales especializados, en permanente proceso de actualizaci\u00f3n de conocimientos, dedicados a dise\u00f1ar proyectos personalizados seg\u00fan las necesidades de cada cliente.<\/p>\n<p>Nuestro departamento de ingenier\u00eda dispone del software m\u00e1s avanzado del mercado para desarrollar nuevas soluciones, simulaciones 3D y prototipado para validaci\u00f3n de forma \u00e1gil y fiable, reduciendo el tiempo de aprobaci\u00f3n y puesta a disposici\u00f3n del producto.[\/vc_column_text][\/vc_column][vc_column width=\u00bb1\/3&#8243;]<div id=\"ultimate-heading-255469dca0cfd044d\" class=\"uvc-heading ult-adjust-bottom-margin ultimate-heading-255469dca0cfd044d uvc-1205 \" data-hspacer=\"no_spacer\"  data-halign=\"center\" style=\"text-align:center\"><div class=\"uvc-heading-spacer no_spacer\" style=\"top\"><\/div><div class=\"uvc-main-heading ult-responsive\"  data-ultimate-target='.uvc-heading.ultimate-heading-255469dca0cfd044d h2'  data-responsive-json-new='{\"font-size\":\"desktop:28px;\",\"line-height\":\"desktop:28px;\"}' ><h2 style=\"--font-weight:theme;color:#ff9900;\">Seguridad en todas las fases del proceso<br \/>\n<\/h2><\/div><\/div>[vc_empty_space height=\u00bb30px\u00bb][vc_separator color=\u00bbcustom\u00bb border_width=\u00bb2&#8243; el_width=\u00bb60&#8243; css=\u00bb\u00bb accent_color=\u00bb#808080&#8243;][vc_empty_space height=\u00bb20px\u00bb][vc_column_text css=\u00bb\u00bb]Experiencia y excelencia t\u00e9cnica en la realizaci\u00f3n de pruebas e inspecciones de acuerdo con las normas NBR, ANSI, IEC y ASTM, cumpliendo las especificaciones t\u00e9cnicas de nuestros clientes.<\/p>\n<p>Laboratorio para pruebas el\u00e9ctricas de hasta 400 KV y pruebas mec\u00e1nicas de hasta 75 toneladas, instalado en un \u00e1rea de 500 m\u00b2 con equipos modernos y calibrados, infraestructura adecuada con trazabilidad y normas internacionales que garantizan que todos los productos se liberan para su uso s\u00f3lo despu\u00e9s de una rigurosa inspecci\u00f3n y aprobaci\u00f3n.[\/vc_column_text][\/vc_column][vc_column width=\u00bb1\/3&#8243;]<div id=\"ultimate-heading-639069dca0cfd0499\" class=\"uvc-heading ult-adjust-bottom-margin ultimate-heading-639069dca0cfd0499 uvc-8533 \" data-hspacer=\"no_spacer\"  data-halign=\"center\" style=\"text-align:center\"><div class=\"uvc-heading-spacer no_spacer\" style=\"top\"><\/div><div class=\"uvc-main-heading ult-responsive\"  data-ultimate-target='.uvc-heading.ultimate-heading-639069dca0cfd0499 h2'  data-responsive-json-new='{\"font-size\":\"desktop:28px;\",\"line-height\":\"desktop:28px;\"}' ><h2 style=\"--font-weight:theme;color:#ff9900;\">Creciendo y<br \/>\nEvolucionando juntos<\/h2><\/div><\/div>[vc_empty_space height=\u00bb30px\u00bb][vc_separator color=\u00bbcustom\u00bb border_width=\u00bb2&#8243; el_width=\u00bb60&#8243; css=\u00bb\u00bb accent_color=\u00bb#808080&#8243;][vc_empty_space height=\u00bb20px\u00bb][vc_column_text css=\u00bb\u00bb]Creemos en la construcci\u00f3n de una relaci\u00f3n de calidad y confianza con nuestros clientes, centr\u00e1ndonos en dar servicio a las empresas el\u00e9ctricas (generaci\u00f3n, transmisi\u00f3n y distribuci\u00f3n) y a sus proveedores de servicios en todo el pa\u00eds y en m\u00e1s de 60 pa\u00edses.[\/vc_column_text][\/vc_column][\/vc_row]<\/p>\n<\/div>","protected":false},"excerpt":{"rendered":"<p>[vc_row full_width=\u00bbstretch_row_content_no_spaces\u00bb bg_type=\u00bbimage\u00bb parallax_style=\u00bbvcpb-default\u00bb bg_image_new=\u00bbid^56181|url^https:\/\/www.ritzbrasil.com\/wp-content\/uploads\/2024\/12\/ritz-ferramentas-fabrica-betim-1920&#215;650-w.jpg|caption^null|alt^null|title^ritz-ferramentas-fabrica-betim-1920&#215;650-w|description^null\u00bb bg_image_repeat=\u00bbno-repeat\u00bb bg_override=\u00bbex-full\u00bb css=\u00bb.vc_custom_1733424082502{margin-top: -80px !important;padding-top: 325px !important;padding-bottom: 325px !important;}\u00bb][vc_column][\/vc_column][\/vc_row][vc_row full_width=\u00bbstretch_row\u00bb gap=\u00bb30&#8243; content_placement=\u00bbtop\u00bb bg_type=\u00bbbg_color\u00bb css=\u00bb.vc_custom_1715799884469{margin-top: -35px !important;padding-top: 40px !important;padding-bottom: 20px !important;}\u00bb bg_color_value=\u00bb#ff9900&#8243;][vc_column width=\u00bb1\/2&#8243;][vc_column_text css=\u00bb\u00bb]Desde hace 60 a\u00f1os, Ritz Ferramentas se ha especializado en el dise\u00f1o y la fabricaci\u00f3n de herramientas y equipos para trabajos de mantenimiento en sistemas el\u00e9ctricos desenergizados y&hellip;<\/p>\n","protected":false},"author":3,"featured_media":0,"parent":0,"menu_order":0,"comment_status":"closed","ping_status":"closed","template":"","meta":{"footnotes":""},"class_list":["post-60666","page","type-page","status-publish","hentry","description-off"],"yoast_head":"<!-- This site is optimized with the Yoast SEO plugin v27.1.1 - https:\/\/yoast.com\/product\/yoast-seo-wordpress\/ -->\n<title>Herramientas Ritz - Equipamentos de Manuten\u00e7\u00e3o e Seguran\u00e7a para o Setor El\u00e9trico - Ritz Brasil<\/title>\n<meta name=\"description\" content=\"Ritz Tools: especialistas en dise\u00f1o y fabricaci\u00f3n de herramientas para el mantenimiento en sistemas el\u00e9ctricos energizados y desenergizados.\" \/>\n<meta name=\"robots\" content=\"index, follow, max-snippet:-1, max-image-preview:large, max-video-preview:-1\" \/>\n<link rel=\"canonical\" href=\"https:\/\/www.ritzbrasil.com\/es\/herramientas-ritz\/\" \/>\n<meta property=\"og:locale\" content=\"es_ES\" \/>\n<meta property=\"og:type\" content=\"article\" \/>\n<meta property=\"og:title\" content=\"Herramientas Ritz - Equipamentos de Manuten\u00e7\u00e3o e Seguran\u00e7a para o Setor El\u00e9trico - Ritz Brasil\" \/>\n<meta property=\"og:description\" content=\"Ritz Tools: especialistas en dise\u00f1o y fabricaci\u00f3n de herramientas para el mantenimiento en sistemas el\u00e9ctricos energizados y desenergizados.\" \/>\n<meta property=\"og:url\" content=\"https:\/\/www.ritzbrasil.com\/es\/herramientas-ritz\/\" \/>\n<meta property=\"og:site_name\" content=\"Equipamentos de Manuten\u00e7\u00e3o e Seguran\u00e7a para o Setor El\u00e9trico - Ritz Brasil\" \/>\n<meta property=\"article:modified_time\" content=\"2026-02-26T12:30:07+00:00\" \/>\n<meta name=\"twitter:card\" content=\"summary_large_image\" \/>\n<meta name=\"twitter:label1\" content=\"Tiempo de lectura\" \/>\n\t<meta name=\"twitter:data1\" content=\"5 minutos\" \/>\n<script type=\"application\/ld+json\" class=\"yoast-schema-graph\">{\"@context\":\"https:\/\/schema.org\",\"@graph\":[{\"@type\":\"WebPage\",\"@id\":\"https:\/\/www.ritzbrasil.com\/es\/herramientas-ritz\/\",\"url\":\"https:\/\/www.ritzbrasil.com\/es\/herramientas-ritz\/\",\"name\":\"Herramientas Ritz - Equipamentos de Manuten\u00e7\u00e3o e Seguran\u00e7a para o Setor El\u00e9trico - Ritz Brasil\",\"isPartOf\":{\"@id\":\"https:\/\/www.ritzbrasil.com\/es\/#website\"},\"datePublished\":\"2024-05-14T12:34:35+00:00\",\"dateModified\":\"2026-02-26T12:30:07+00:00\",\"description\":\"Ritz Tools: especialistas en dise\u00f1o y fabricaci\u00f3n de herramientas para el mantenimiento en sistemas el\u00e9ctricos energizados y desenergizados.\",\"breadcrumb\":{\"@id\":\"https:\/\/www.ritzbrasil.com\/es\/herramientas-ritz\/#breadcrumb\"},\"inLanguage\":\"es\",\"potentialAction\":[{\"@type\":\"ReadAction\",\"target\":[\"https:\/\/www.ritzbrasil.com\/es\/herramientas-ritz\/\"]}]},{\"@type\":\"BreadcrumbList\",\"@id\":\"https:\/\/www.ritzbrasil.com\/es\/herramientas-ritz\/#breadcrumb\",\"itemListElement\":[{\"@type\":\"ListItem\",\"position\":1,\"name\":\"In\u00edcio\",\"item\":\"https:\/\/www.ritzbrasil.com\/es\/\"},{\"@type\":\"ListItem\",\"position\":2,\"name\":\"Herramientas Ritz\"}]},{\"@type\":\"WebSite\",\"@id\":\"https:\/\/www.ritzbrasil.com\/es\/#website\",\"url\":\"https:\/\/www.ritzbrasil.com\/es\/\",\"name\":\"Equipamentos de Manuten\u00e7\u00e3o e Seguran\u00e7a para o Setor El\u00e9trico - Ritz Brasil\",\"description\":\"\",\"potentialAction\":[{\"@type\":\"SearchAction\",\"target\":{\"@type\":\"EntryPoint\",\"urlTemplate\":\"https:\/\/www.ritzbrasil.com\/es\/?s={search_term_string}\"},\"query-input\":{\"@type\":\"PropertyValueSpecification\",\"valueRequired\":true,\"valueName\":\"search_term_string\"}}],\"inLanguage\":\"es\"}]}<\/script>\n<!-- \/ Yoast SEO plugin. -->","yoast_head_json":{"title":"Herramientas Ritz - Equipamentos de Manuten\u00e7\u00e3o e Seguran\u00e7a para o Setor El\u00e9trico - Ritz Brasil","description":"Ritz Tools: especialistas en dise\u00f1o y fabricaci\u00f3n de herramientas para el mantenimiento en sistemas el\u00e9ctricos energizados y desenergizados.","robots":{"index":"index","follow":"follow","max-snippet":"max-snippet:-1","max-image-preview":"max-image-preview:large","max-video-preview":"max-video-preview:-1"},"canonical":"https:\/\/www.ritzbrasil.com\/es\/herramientas-ritz\/","og_locale":"es_ES","og_type":"article","og_title":"Herramientas Ritz - Equipamentos de Manuten\u00e7\u00e3o e Seguran\u00e7a para o Setor El\u00e9trico - Ritz Brasil","og_description":"Ritz Tools: especialistas en dise\u00f1o y fabricaci\u00f3n de herramientas para el mantenimiento en sistemas el\u00e9ctricos energizados y desenergizados.","og_url":"https:\/\/www.ritzbrasil.com\/es\/herramientas-ritz\/","og_site_name":"Equipamentos de Manuten\u00e7\u00e3o e Seguran\u00e7a para o Setor El\u00e9trico - Ritz Brasil","article_modified_time":"2026-02-26T12:30:07+00:00","twitter_card":"summary_large_image","twitter_misc":{"Tiempo de lectura":"5 minutos"},"schema":{"@context":"https:\/\/schema.org","@graph":[{"@type":"WebPage","@id":"https:\/\/www.ritzbrasil.com\/es\/herramientas-ritz\/","url":"https:\/\/www.ritzbrasil.com\/es\/herramientas-ritz\/","name":"Herramientas Ritz - Equipamentos de Manuten\u00e7\u00e3o e Seguran\u00e7a para o Setor El\u00e9trico - Ritz Brasil","isPartOf":{"@id":"https:\/\/www.ritzbrasil.com\/es\/#website"},"datePublished":"2024-05-14T12:34:35+00:00","dateModified":"2026-02-26T12:30:07+00:00","description":"Ritz Tools: especialistas en dise\u00f1o y fabricaci\u00f3n de herramientas para el mantenimiento en sistemas el\u00e9ctricos energizados y desenergizados.","breadcrumb":{"@id":"https:\/\/www.ritzbrasil.com\/es\/herramientas-ritz\/#breadcrumb"},"inLanguage":"es","potentialAction":[{"@type":"ReadAction","target":["https:\/\/www.ritzbrasil.com\/es\/herramientas-ritz\/"]}]},{"@type":"BreadcrumbList","@id":"https:\/\/www.ritzbrasil.com\/es\/herramientas-ritz\/#breadcrumb","itemListElement":[{"@type":"ListItem","position":1,"name":"In\u00edcio","item":"https:\/\/www.ritzbrasil.com\/es\/"},{"@type":"ListItem","position":2,"name":"Herramientas Ritz"}]},{"@type":"WebSite","@id":"https:\/\/www.ritzbrasil.com\/es\/#website","url":"https:\/\/www.ritzbrasil.com\/es\/","name":"Equipamentos de Manuten\u00e7\u00e3o e Seguran\u00e7a para o Setor El\u00e9trico - Ritz Brasil","description":"","potentialAction":[{"@type":"SearchAction","target":{"@type":"EntryPoint","urlTemplate":"https:\/\/www.ritzbrasil.com\/es\/?s={search_term_string}"},"query-input":{"@type":"PropertyValueSpecification","valueRequired":true,"valueName":"search_term_string"}}],"inLanguage":"es"}]}},"_links":{"self":[{"href":"https:\/\/www.ritzbrasil.com\/es\/wp-json\/wp\/v2\/pages\/60666","targetHints":{"allow":["GET"]}}],"collection":[{"href":"https:\/\/www.ritzbrasil.com\/es\/wp-json\/wp\/v2\/pages"}],"about":[{"href":"https:\/\/www.ritzbrasil.com\/es\/wp-json\/wp\/v2\/types\/page"}],"author":[{"embeddable":true,"href":"https:\/\/www.ritzbrasil.com\/es\/wp-json\/wp\/v2\/users\/3"}],"replies":[{"embeddable":true,"href":"https:\/\/www.ritzbrasil.com\/es\/wp-json\/wp\/v2\/comments?post=60666"}],"version-history":[{"count":1,"href":"https:\/\/www.ritzbrasil.com\/es\/wp-json\/wp\/v2\/pages\/60666\/revisions"}],"predecessor-version":[{"id":62252,"href":"https:\/\/www.ritzbrasil.com\/es\/wp-json\/wp\/v2\/pages\/60666\/revisions\/62252"}],"wp:attachment":[{"href":"https:\/\/www.ritzbrasil.com\/es\/wp-json\/wp\/v2\/media?parent=60666"}],"curies":[{"name":"wp","href":"https:\/\/api.w.org\/{rel}","templated":true}]}}