{"id":60592,"date":"2024-06-19T07:16:47","date_gmt":"2024-06-19T10:16:47","guid":{"rendered":"https:\/\/bisque-bison-688002.hostingersite.com\/canal-etico\/"},"modified":"2026-02-26T09:24:38","modified_gmt":"2026-02-26T12:24:38","slug":"canal-etico","status":"publish","type":"page","link":"https:\/\/www.ritzbrasil.com\/es\/canal-etico\/","title":{"rendered":"Canal \u00c9tico"},"content":{"rendered":"<div class=\"wpb-content-wrapper\"><p>[vc_row full_width=\u00bbstretch_row_content_no_spaces\u00bb content_placement=\u00bbmiddle\u00bb bg_type=\u00bbimage\u00bb parallax_style=\u00bbvcpb-default\u00bb bg_image_new=\u00bbid^51445|url^https:\/\/www.ritzbrasil.com\/wp-content\/uploads\/2024\/06\/ritz-ferramentas-fabrica-betim-equipe-1902&#215;650-1.jpg|caption^null|alt^Ritz Ferramentas &#8211; Nossos Valores|title^Ritz Ferramentas &#8211; Nossos Valores|description^Ritz Ferramentas &#8211; Nossos Valores\u00bb bg_image_repeat=\u00bbno-repeat\u00bb bg_override=\u00bbex-full\u00bb css=\u00bb.vc_custom_1733424443244{margin-top: -80px !important;padding-top: 325px !important;padding-bottom: 325px !important;}\u00bb][vc_column][\/vc_column][\/vc_row][vc_row css=\u00bb.vc_custom_1718792849904{margin-top: 50px !important;}\u00bb][vc_column]<div id=\"ultimate-heading-596069dc7f65455a1\" class=\"uvc-heading ult-adjust-bottom-margin ultimate-heading-596069dc7f65455a1 uvc-6594  uvc-heading-default-font-sizes\" data-hspacer=\"no_spacer\"  data-halign=\"left\" style=\"text-align:left\"><div class=\"uvc-heading-spacer no_spacer\" style=\"top\"><\/div><div class=\"uvc-main-heading ult-responsive\"  data-ultimate-target='.uvc-heading.ultimate-heading-596069dc7f65455a1 h2'  data-responsive-json-new='{\"font-size\":\"\",\"line-height\":\"\"}' ><h2 style=\"--font-weight:theme;color:#ff9900;\">Canal \u00c9tico<\/h2><\/div><\/div>[vc_empty_space height=\u00bb25px\u00bb][vc_separator align=\u00bbalign_left\u00bb css=\u00bb\u00bb][\/vc_column][\/vc_row][vc_row full_width=\u00bbstretch_row\u00bb gap=\u00bb35&#8243; bg_type=\u00bbbg_color\u00bb css=\u00bb.vc_custom_1718792891594{margin-top: -40px !important;}\u00bb][vc_column][vc_column_text css=\u00bb\u00bb]<\/p>\n<p style=\"font-weight: 400;\">En el Ritz promovemos una cultura de transparencia, apertura y di\u00e1logo. Nuestro entorno de trabajo se caracteriza por el compromiso, el respeto y la diversidad, siempre con la m\u00e1xima rectitud, cumplimiento y \u00e9tica.<\/p>\n<p style=\"font-weight: 400;\">Si te enfrentas a una situaci\u00f3n sospechosa, tienes dudas sobre una actitud o procedimiento, eres testigo de una infracci\u00f3n de nuestro C\u00f3digo \u00c9tico o quieres presentar una queja, an\u00edmate a informar del problema a trav\u00e9s de uno de nuestros canales de ayuda. Todas las situaciones denunciadas se tratar\u00e1n con seriedad y profesionalidad y se evaluar\u00e1n con responsabilidad e imparcialidad.<\/p>\n<p style=\"font-weight: 400;\">Para garantizar la integridad del proceso, Ritz se ha asociado con Ouvidor Digital, que proporciona a los empleados y socios comerciales una plataforma externa, neutral y especializada. El Canal \u00c9tico del Ritz est\u00e1 disponible 24 horas al d\u00eda, 7 d\u00edas a la semana, para recibir informes de preocupaciones, sospechas y denuncias de infracciones de nuestro C\u00f3digo \u00c9tico y de Conducta.<\/p>\n<p style=\"font-weight: 400;\">Puedes utilizar el Canal \u00c9tico por los siguientes medios:<\/p>\n<p><span style=\"color: #ff9900;\"><strong>P\u00e1gina web:<\/strong><\/span> <a href=\"https:\/\/canal.ouvidordigital.com.br\/ritz\" target=\"_blank\" rel=\"noopener\">Defensor del Pueblo Digital<\/a><\/p>\n<p style=\"font-weight: 400;\"><span style=\"color: #ff9900;\"><strong>WhatsApp:<\/strong><\/span> (31) 98947-7889<\/p>\n<p style=\"font-weight: 400;\"><span style=\"color: #ff9900;\"><strong>Llama por tel\u00e9fono:<\/strong><\/span> 0800 591 2070<\/p>\n<p style=\"font-weight: 400;\">Si\u00e9ntete seguro para compartir tus preocupaciones. En el Ritz, tu voz se escucha y se valora.<\/p>\n<p>[\/vc_column_text][\/vc_column][\/vc_row]<\/p>\n<\/div>","protected":false},"excerpt":{"rendered":"<p>[vc_row full_width=\u00bbstretch_row_content_no_spaces\u00bb content_placement=\u00bbmiddle\u00bb bg_type=\u00bbimage\u00bb parallax_style=\u00bbvcpb-default\u00bb bg_image_new=\u00bbid^51445|url^https:\/\/www.ritzbrasil.com\/wp-content\/uploads\/2024\/06\/ritz-ferramentas-fabrica-betim-equipe-1902&#215;650-1.jpg|caption^null|alt^Ritz Ferramentas &#8211; Nossos Valores|title^Ritz Ferramentas &#8211; Nossos Valores|description^Ritz Ferramentas &#8211; Nossos Valores\u00bb bg_image_repeat=\u00bbno-repeat\u00bb bg_override=\u00bbex-full\u00bb css=\u00bb.vc_custom_1733424443244{margin-top: -80px !important;padding-top: 325px !important;padding-bottom: 325px !important;}\u00bb][vc_column][\/vc_column][\/vc_row][vc_row css=\u00bb.vc_custom_1718792849904{margin-top: 50px !important;}\u00bb][vc_column][vc_empty_space height=\u00bb25px\u00bb][vc_separator align=\u00bbalign_left\u00bb css=\u00bb\u00bb][\/vc_column][\/vc_row][vc_row full_width=\u00bbstretch_row\u00bb gap=\u00bb35&#8243; bg_type=\u00bbbg_color\u00bb css=\u00bb.vc_custom_1718792891594{margin-top: -40px !important;}\u00bb][vc_column][vc_column_text css=\u00bb\u00bb] En el Ritz promovemos una cultura de transparencia, apertura y di\u00e1logo. Nuestro entorno de trabajo&hellip;<\/p>\n","protected":false},"author":3,"featured_media":0,"parent":0,"menu_order":0,"comment_status":"closed","ping_status":"closed","template":"","meta":{"footnotes":""},"class_list":["post-60592","page","type-page","status-publish","hentry","description-off"],"yoast_head":"<!-- This site is optimized with the Yoast SEO plugin v27.1.1 - https:\/\/yoast.com\/product\/yoast-seo-wordpress\/ -->\n<title>Canal \u00c9tico - Equipamentos de Manuten\u00e7\u00e3o e Seguran\u00e7a para o Setor El\u00e9trico - Ritz Brasil<\/title>\n<meta name=\"description\" content=\"Ritz tiene una asociaci\u00f3n con Ouvidor Digital, que proporciona a los empleados y socios comerciales una plataforma externa, neutral y especializada.\" \/>\n<meta name=\"robots\" content=\"index, follow, max-snippet:-1, max-image-preview:large, max-video-preview:-1\" \/>\n<link rel=\"canonical\" href=\"https:\/\/www.ritzbrasil.com\/es\/canal-etico\/\" \/>\n<meta property=\"og:locale\" content=\"es_ES\" \/>\n<meta property=\"og:type\" content=\"article\" \/>\n<meta property=\"og:title\" content=\"Canal \u00c9tico - Equipamentos de Manuten\u00e7\u00e3o e Seguran\u00e7a para o Setor El\u00e9trico - Ritz Brasil\" \/>\n<meta property=\"og:description\" content=\"Ritz tiene una asociaci\u00f3n con Ouvidor Digital, que proporciona a los empleados y socios comerciales una plataforma externa, neutral y especializada.\" \/>\n<meta property=\"og:url\" content=\"https:\/\/www.ritzbrasil.com\/es\/canal-etico\/\" \/>\n<meta property=\"og:site_name\" content=\"Equipamentos de Manuten\u00e7\u00e3o e Seguran\u00e7a para o Setor El\u00e9trico - Ritz Brasil\" \/>\n<meta property=\"article:modified_time\" content=\"2026-02-26T12:24:38+00:00\" \/>\n<meta name=\"twitter:card\" content=\"summary_large_image\" \/>\n<meta name=\"twitter:label1\" content=\"Tiempo de lectura\" \/>\n\t<meta name=\"twitter:data1\" content=\"2 minutos\" \/>\n<script type=\"application\/ld+json\" class=\"yoast-schema-graph\">{\"@context\":\"https:\/\/schema.org\",\"@graph\":[{\"@type\":\"WebPage\",\"@id\":\"https:\/\/www.ritzbrasil.com\/es\/canal-etico\/\",\"url\":\"https:\/\/www.ritzbrasil.com\/es\/canal-etico\/\",\"name\":\"Canal \u00c9tico - Equipamentos de Manuten\u00e7\u00e3o e Seguran\u00e7a para o Setor El\u00e9trico - Ritz Brasil\",\"isPartOf\":{\"@id\":\"https:\/\/www.ritzbrasil.com\/es\/#website\"},\"datePublished\":\"2024-06-19T10:16:47+00:00\",\"dateModified\":\"2026-02-26T12:24:38+00:00\",\"description\":\"Ritz tiene una asociaci\u00f3n con Ouvidor Digital, que proporciona a los empleados y socios comerciales una plataforma externa, neutral y especializada.\",\"breadcrumb\":{\"@id\":\"https:\/\/www.ritzbrasil.com\/es\/canal-etico\/#breadcrumb\"},\"inLanguage\":\"es\",\"potentialAction\":[{\"@type\":\"ReadAction\",\"target\":[\"https:\/\/www.ritzbrasil.com\/es\/canal-etico\/\"]}]},{\"@type\":\"BreadcrumbList\",\"@id\":\"https:\/\/www.ritzbrasil.com\/es\/canal-etico\/#breadcrumb\",\"itemListElement\":[{\"@type\":\"ListItem\",\"position\":1,\"name\":\"In\u00edcio\",\"item\":\"https:\/\/www.ritzbrasil.com\/es\/\"},{\"@type\":\"ListItem\",\"position\":2,\"name\":\"Canal \u00c9tico\"}]},{\"@type\":\"WebSite\",\"@id\":\"https:\/\/www.ritzbrasil.com\/es\/#website\",\"url\":\"https:\/\/www.ritzbrasil.com\/es\/\",\"name\":\"Equipamentos de Manuten\u00e7\u00e3o e Seguran\u00e7a para o Setor El\u00e9trico - Ritz Brasil\",\"description\":\"\",\"potentialAction\":[{\"@type\":\"SearchAction\",\"target\":{\"@type\":\"EntryPoint\",\"urlTemplate\":\"https:\/\/www.ritzbrasil.com\/es\/?s={search_term_string}\"},\"query-input\":{\"@type\":\"PropertyValueSpecification\",\"valueRequired\":true,\"valueName\":\"search_term_string\"}}],\"inLanguage\":\"es\"}]}<\/script>\n<!-- \/ Yoast SEO plugin. -->","yoast_head_json":{"title":"Canal \u00c9tico - Equipamentos de Manuten\u00e7\u00e3o e Seguran\u00e7a para o Setor El\u00e9trico - Ritz Brasil","description":"Ritz tiene una asociaci\u00f3n con Ouvidor Digital, que proporciona a los empleados y socios comerciales una plataforma externa, neutral y especializada.","robots":{"index":"index","follow":"follow","max-snippet":"max-snippet:-1","max-image-preview":"max-image-preview:large","max-video-preview":"max-video-preview:-1"},"canonical":"https:\/\/www.ritzbrasil.com\/es\/canal-etico\/","og_locale":"es_ES","og_type":"article","og_title":"Canal \u00c9tico - Equipamentos de Manuten\u00e7\u00e3o e Seguran\u00e7a para o Setor El\u00e9trico - Ritz Brasil","og_description":"Ritz tiene una asociaci\u00f3n con Ouvidor Digital, que proporciona a los empleados y socios comerciales una plataforma externa, neutral y especializada.","og_url":"https:\/\/www.ritzbrasil.com\/es\/canal-etico\/","og_site_name":"Equipamentos de Manuten\u00e7\u00e3o e Seguran\u00e7a para o Setor El\u00e9trico - Ritz Brasil","article_modified_time":"2026-02-26T12:24:38+00:00","twitter_card":"summary_large_image","twitter_misc":{"Tiempo de lectura":"2 minutos"},"schema":{"@context":"https:\/\/schema.org","@graph":[{"@type":"WebPage","@id":"https:\/\/www.ritzbrasil.com\/es\/canal-etico\/","url":"https:\/\/www.ritzbrasil.com\/es\/canal-etico\/","name":"Canal \u00c9tico - Equipamentos de Manuten\u00e7\u00e3o e Seguran\u00e7a para o Setor El\u00e9trico - Ritz Brasil","isPartOf":{"@id":"https:\/\/www.ritzbrasil.com\/es\/#website"},"datePublished":"2024-06-19T10:16:47+00:00","dateModified":"2026-02-26T12:24:38+00:00","description":"Ritz tiene una asociaci\u00f3n con Ouvidor Digital, que proporciona a los empleados y socios comerciales una plataforma externa, neutral y especializada.","breadcrumb":{"@id":"https:\/\/www.ritzbrasil.com\/es\/canal-etico\/#breadcrumb"},"inLanguage":"es","potentialAction":[{"@type":"ReadAction","target":["https:\/\/www.ritzbrasil.com\/es\/canal-etico\/"]}]},{"@type":"BreadcrumbList","@id":"https:\/\/www.ritzbrasil.com\/es\/canal-etico\/#breadcrumb","itemListElement":[{"@type":"ListItem","position":1,"name":"In\u00edcio","item":"https:\/\/www.ritzbrasil.com\/es\/"},{"@type":"ListItem","position":2,"name":"Canal \u00c9tico"}]},{"@type":"WebSite","@id":"https:\/\/www.ritzbrasil.com\/es\/#website","url":"https:\/\/www.ritzbrasil.com\/es\/","name":"Equipamentos de Manuten\u00e7\u00e3o e Seguran\u00e7a para o Setor El\u00e9trico - Ritz Brasil","description":"","potentialAction":[{"@type":"SearchAction","target":{"@type":"EntryPoint","urlTemplate":"https:\/\/www.ritzbrasil.com\/es\/?s={search_term_string}"},"query-input":{"@type":"PropertyValueSpecification","valueRequired":true,"valueName":"search_term_string"}}],"inLanguage":"es"}]}},"_links":{"self":[{"href":"https:\/\/www.ritzbrasil.com\/es\/wp-json\/wp\/v2\/pages\/60592","targetHints":{"allow":["GET"]}}],"collection":[{"href":"https:\/\/www.ritzbrasil.com\/es\/wp-json\/wp\/v2\/pages"}],"about":[{"href":"https:\/\/www.ritzbrasil.com\/es\/wp-json\/wp\/v2\/types\/page"}],"author":[{"embeddable":true,"href":"https:\/\/www.ritzbrasil.com\/es\/wp-json\/wp\/v2\/users\/3"}],"replies":[{"embeddable":true,"href":"https:\/\/www.ritzbrasil.com\/es\/wp-json\/wp\/v2\/comments?post=60592"}],"version-history":[{"count":1,"href":"https:\/\/www.ritzbrasil.com\/es\/wp-json\/wp\/v2\/pages\/60592\/revisions"}],"predecessor-version":[{"id":62246,"href":"https:\/\/www.ritzbrasil.com\/es\/wp-json\/wp\/v2\/pages\/60592\/revisions\/62246"}],"wp:attachment":[{"href":"https:\/\/www.ritzbrasil.com\/es\/wp-json\/wp\/v2\/media?parent=60592"}],"curies":[{"name":"wp","href":"https:\/\/api.w.org\/{rel}","templated":true}]}}