{"id":61460,"date":"2024-07-08T07:10:48","date_gmt":"2024-07-08T10:10:48","guid":{"rendered":"https:\/\/www.ritzbrasil.com\/produtos\/uncategorized\/temporary-earthing-for-low-voltage-lv\/"},"modified":"2026-02-25T16:06:40","modified_gmt":"2026-02-25T19:06:40","slug":"temporary-earthing-for-low-voltage-lv","status":"publish","type":"product","link":"https:\/\/www.ritzbrasil.com\/en\/produtos\/temporary-grounding\/low-voltage-grounding\/temporary-earthing-for-low-voltage-lv\/","title":{"rendered":"Temporary Earthing for Low Voltage (LV)"},"content":{"rendered":"<div class=\"wpb-content-wrapper\"><p>[vc_row][vc_column][vc_column_text css=&#8221;.vc_custom_1720632143786{margin-top: 20px !important;}&#8221;]<\/p>\n<h4><span style=\"color: #ff9900;\"><strong>ATR17439-1 &#8211; Temporary Earthing Set for<br \/>\nConventional Secondary Network (LV)<\/strong><\/span><\/h4>\n<p>[\/vc_column_text][vc_column_text css=&#8221;.vc_custom_1720701901146{margin-top: -20px !important;}&#8221;]\n<div id=\"tablepress-ATR17439-1-scroll-wrapper\" class=\"tablepress-scroll-wrapper\">\n<table id=\"tablepress-ATR17439-1\" class=\"tablepress tablepress-id-ATR17439-1 tablepress-responsive\">\n<thead>\n<tr class=\"row-1\">\n\t<td class=\"column-1\"><\/td><th class=\"column-2\">Refer\u00eancia<\/th><th class=\"column-3\">Descri\u00e7\u00e3o<\/th><td class=\"column-4\"><\/td><td class=\"column-5\"><\/td>\n<\/tr>\n<\/thead>\n<tbody class=\"row-striping row-hover\">\n<tr class=\"row-2\">\n\t<td class=\"column-1\"><img decoding=\"async\" src=\"https:\/\/www.ritzbrasil.com\/wp-content\/uploads\/2024\/07\/atr17439-1-conjunto-aterramento-temporario-rede-secundaria-convencional-bt-150x150-1.jpg\" \/><\/td><td class=\"column-2\">ATR17439-1<\/td><td class=\"column-3\">Corrente m\u00e1xima de curto-circuito: 60 ciclos - 5 kA<br \/>\n<\/td><td class=\"column-4\">    <button class=\"add-to-budget\" data-table-id=\"ATR17439-1\" data-reference=\"ATR17439-1\" data-description=\"Conjunto de Aterramento Tempor\u00e1rio para&lt;br \/&gt;\nRede Secund\u00e1ria Convencional (BT)\" style=\"color:#ff4d00;\">\n        <img decoding=\"async\" src=\"https:\/\/www.ritzbrasil.com\/\/wp-content\/uploads\/2024\/07\/orcar-compras-tabela-new-1.png\" alt=\"Request quote\" title=\"Request quote\" \/>\n    <\/button>\n    <\/td><td class=\"column-5\"><a href=\"https:\/\/lojasritz.com.br\/catalogsearch\/result\/?q=ATR17439-1\" target=\"_blank\" rel=\"noopener\"><img decoding=\"async\" src=\"https:\/\/www.ritzbrasil.com\/wp-content\/uploads\/2024\/07\/carrinho-compras-tabela.png\"  \/><\/a><\/td>\n<\/tr>\n<\/tbody>\n<\/table>\n<\/div>\n[\/vc_column_text][vc_column_text css=&#8221;&#8221;]Set consisting of: 04 pcs RITZGLAS\u00ae stick fixed pressure earthing clamp, \u00d8 25 mm x 300 mm, with rubber grip (ATR17348-1); 1.20 m Extra flexible copper cable, nominal section 25 mm\u00b2, with transparent PVC insulation, 3 runs of 400 mm (CTC-25); 06 pcs tinned copper terminal for 25 mm\u00b2 cable (ATR26446-2); 06 pcs retractable thermos (ATR17923-4); 01 pcs bag for packaging and transporting the earthing set (ATR16843-7).[\/vc_column_text][vc_separator border_width=&#8221;2&#8243; css=&#8221;&#8221;][\/vc_column][\/vc_row][vc_row][vc_column][vc_column_text css=&#8221;.vc_custom_1720632179332{margin-top: 20px !important;}&#8221;]<\/p>\n<h4><span style=\"color: #ff9900;\"><strong>ATR17439-2 &#8211; Temporary Earthing Set for<br \/>\nConventional Secondary Network (LV)<\/strong><\/span><\/h4>\n<p>[\/vc_column_text][vc_column_text css=&#8221;.vc_custom_1720704532276{margin-top: -20px !important;}&#8221;]\n<div id=\"tablepress-ATR17439-2-scroll-wrapper\" class=\"tablepress-scroll-wrapper\">\n<table id=\"tablepress-ATR17439-2\" class=\"tablepress tablepress-id-ATR17439-2 tablepress-responsive\">\n<thead>\n<tr class=\"row-1\">\n\t<td class=\"column-1\"><\/td><th class=\"column-2\">Refer\u00eancia<\/th><th class=\"column-3\">Descri\u00e7\u00e3o<\/th><td class=\"column-4\"><\/td><td class=\"column-5\"><\/td>\n<\/tr>\n<\/thead>\n<tbody class=\"row-striping row-hover\">\n<tr class=\"row-2\">\n\t<td class=\"column-1\"><img decoding=\"async\" src=\"https:\/\/www.ritzbrasil.com\/wp-content\/uploads\/2024\/07\/atr17439-1-conjunto-aterramento-temporario-rede-secundaria-convencional-bt-150x150-1.jpg\" \/><\/td><td class=\"column-2\">ATR17439-2<\/td><td class=\"column-3\">Corrente m\u00e1xima de curto-circuito: 60 ciclos - 5 kA<br \/>\n<\/td><td class=\"column-4\">    <button class=\"add-to-budget\" data-table-id=\"ATR17439-2\" data-reference=\"ATR17439-2\" data-description=\"Conjunto de Aterramento Tempor\u00e1rio para&lt;br \/&gt;\nRede Secund\u00e1ria Convencional (BT)\" style=\"color:#ff4d00;\">\n        <img decoding=\"async\" src=\"https:\/\/www.ritzbrasil.com\/\/wp-content\/uploads\/2024\/07\/orcar-compras-tabela-new-1.png\" alt=\"Request quote\" title=\"Request quote\" \/>\n    <\/button>\n    <\/td><td class=\"column-5\"><a href=\"https:\/\/lojasritz.com.br\/catalogsearch\/result\/?q=ATR17439-2\" target=\"_blank\" rel=\"noopener\"><img decoding=\"async\" src=\"https:\/\/www.ritzbrasil.com\/wp-content\/uploads\/2024\/07\/carrinho-compras-tabela.png\"  \/><\/a><\/td>\n<\/tr>\n<\/tbody>\n<\/table>\n<\/div>\n[\/vc_column_text][vc_column_text css=&#8221;&#8221;]Set consisting of: 05 pcs RITZGLAS\u00ae stick fixed pressure earthing clamp, \u00d8 25 mm x 300 mm, with rubber grip (ATR17348-1); 1.60 m Extra flexible copper cable, nominal section 25 mm\u00b2, with transparent PVC insulation, 4 runs of 400 mm (CTC-25); 08 pcs tinned copper terminal for 25 mm\u00b2 cable (ATR26446-2); 08 pcs retractable thermos (ATR17923-4); 01 pcs bag for packaging and transporting the earthing set (ATR16843-7).[\/vc_column_text][vc_separator border_width=&#8221;2&#8243; css=&#8221;&#8221;][\/vc_column][\/vc_row][vc_row][vc_column][vc_column_text css=&#8221;.vc_custom_1720632261373{margin-top: 20px !important;}&#8221;]<\/p>\n<h4><span style=\"color: #ff9900;\"><strong>ATR00548-1 &#8211; Temporary Earthing Set with<br \/>\nInsulating Stick for Low Voltage (LV) Networks<\/strong><\/span><\/h4>\n<p>[\/vc_column_text][vc_column_text css=&#8221;.vc_custom_1720704553867{margin-top: -20px !important;}&#8221;]\n<div id=\"tablepress-ATR00548-1-scroll-wrapper\" class=\"tablepress-scroll-wrapper\">\n<table id=\"tablepress-ATR00548-1\" class=\"tablepress tablepress-id-ATR00548-1 tablepress-responsive\">\n<thead>\n<tr class=\"row-1\">\n\t<td class=\"column-1\"><\/td><th class=\"column-2\">Refer\u00eancia<\/th><th class=\"column-3\">Descri\u00e7\u00e3o<\/th><td class=\"column-4\"><\/td><td class=\"column-5\"><\/td>\n<\/tr>\n<\/thead>\n<tbody class=\"row-striping row-hover\">\n<tr class=\"row-2\">\n\t<td class=\"column-1\"><img decoding=\"async\" src=\"https:\/\/www.ritzbrasil.com\/wp-content\/uploads\/2024\/07\/atr00548-1-conjunto-aterramento-temporario-bastao-isolante-redes-baixa-tensao-bt-150x150-1.jpg\" \/><\/td><td class=\"column-2\">ATR00548-1<\/td><td class=\"column-3\">Corrente m\u00e1xima de curto-circuito: 60 ciclos - 5 kA<br \/>\n<\/td><td class=\"column-4\">    <button class=\"add-to-budget\" data-table-id=\"ATR00548-1\" data-reference=\"ATR00548-1\" data-description=\"Conjunto de Aterramento Tempor\u00e1rio para&lt;br \/&gt;\nRede Secund\u00e1ria Convencional (BT)\" style=\"color:#ff4d00;\">\n        <img decoding=\"async\" src=\"https:\/\/www.ritzbrasil.com\/\/wp-content\/uploads\/2024\/07\/orcar-compras-tabela-new-1.png\" alt=\"Request quote\" title=\"Request quote\" \/>\n    <\/button>\n    <\/td><td class=\"column-5\"><a href=\"https:\/\/lojasritz.com.br\/catalogsearch\/result\/?q=ATR00548-1\" target=\"_blank\" rel=\"noopener\"><img decoding=\"async\" src=\"https:\/\/www.ritzbrasil.com\/wp-content\/uploads\/2024\/07\/carrinho-compras-tabela.png\"  \/><\/a><\/td>\n<\/tr>\n<\/tbody>\n<\/table>\n<\/div>\n[\/vc_column_text][vc_separator border_width=&#8221;2&#8243; css=&#8221;&#8221;][vc_column_text css=&#8221;&#8221;]Set consisting of: 04 pcs. 335mm long fixed torsion grounding clamp with long handle. Clamp opening from 4 to 22.5 mm (ATR17459-1-E10); 1.2 m Extra flexible copper cable, nominal section 25 mm\u00b2, with transparent PVC insulation, 3 flights of 0.4 m (CTC-25); 04 pcs Plain aluminum terminal and grommet for 25 mm\u00b2 cable (ATR13036-2); 02 pcs threaded aluminum terminal for 25 mm\u00b2 cable (ATR17184-2); 06 pcs retractable thermos (ATR17923-2); 01 pcs bag for packaging and transporting the earthing set (ATR16843-7).[\/vc_column_text][\/vc_column][\/vc_row][vc_row][vc_column][vc_column_text css=&#8221;.vc_custom_1720632347179{margin-top: 20px !important;}&#8221;]<\/p>\n<h4><span style=\"color: #ff9900;\"><strong>ATR13043-1 &#8211; Temporary Earthing Set for<br \/>\nSecondary Networks (LV) Insulated with Multiplex Cable and Conventional with Bare Cable<\/strong><\/span><\/h4>\n<p>[\/vc_column_text][vc_column_text css=&#8221;.vc_custom_1720704649802{margin-top: -20px !important;}&#8221;]\n<div id=\"tablepress-ATR13043-1-scroll-wrapper\" class=\"tablepress-scroll-wrapper\">\n<table id=\"tablepress-ATR13043-1\" class=\"tablepress tablepress-id-ATR13043-1 tablepress-responsive\">\n<thead>\n<tr class=\"row-1\">\n\t<td class=\"column-1\"><\/td><th class=\"column-2\">Refer\u00eancia<\/th><th class=\"column-3\">Descri\u00e7\u00e3o<\/th><td class=\"column-4\"><\/td><td class=\"column-5\"><\/td>\n<\/tr>\n<\/thead>\n<tbody class=\"row-striping row-hover\">\n<tr class=\"row-2\">\n\t<td class=\"column-1\"><img decoding=\"async\" src=\"https:\/\/www.ritzbrasil.com\/wp-content\/uploads\/2024\/07\/atr13043-1-conjunto-aterramento-temporario-redes-secundarias-bt-isoladas-cabo-multiplex-convencional-cabo-nu-150x150-1.jpg\" \/><\/td><td class=\"column-2\">ATR13043-1<\/td><td class=\"column-3\">Corrente m\u00e1xima de curto-circuito: 60 ciclos - 8 kA<br \/>\n<\/td><td class=\"column-4\">    <button class=\"add-to-budget\" data-table-id=\"ATR13043-1\" data-reference=\"ATR13043-1\" data-description=\"Conjunto de Aterramento Tempor\u00e1rio para Redes Secund\u00e1rias (BT) Isoladas com Cabo Multiplex e Convencional com Cabo Nu\" style=\"color:#ff4d00;\">\n        <img decoding=\"async\" src=\"https:\/\/www.ritzbrasil.com\/\/wp-content\/uploads\/2024\/07\/orcar-compras-tabela-new-1.png\" alt=\"Request quote\" title=\"Request quote\" \/>\n    <\/button>\n    <\/td><td class=\"column-5\"><a href=\"https:\/\/lojasritz.com.br\/catalogsearch\/result\/?q=ATR13043-1\" target=\"_blank\" rel=\"noopener\"><img decoding=\"async\" src=\"https:\/\/www.ritzbrasil.com\/wp-content\/uploads\/2024\/07\/carrinho-compras-tabela.png\"  \/><\/a><\/td>\n<\/tr>\n<tr class=\"row-3\">\n\t<td class=\"column-1\"><img decoding=\"async\" src=\"https:\/\/www.ritzbrasil.com\/wp-content\/uploads\/2024\/07\/atr13151-1-rabicho-ligacao-150x150-1.jpg\" \/><\/td><td class=\"column-2\">ATR13151-1<\/td><td class=\"column-3\">Rabicho de liga\u00e7\u00e3o, para instala\u00e7\u00e3o permanente na rede BT, com dispositivo protetor de terminal,<br \/>\n para conex\u00e3o do conjunto de aterramento.<\/td><td class=\"column-4\">    <button class=\"add-to-budget\" data-table-id=\"ATR13043-1\" data-reference=\"ATR13151-1\" data-description=\"Conjunto de Aterramento Tempor\u00e1rio para Redes Secund\u00e1rias (BT) Isoladas com Cabo Multiplex e Convencional com Cabo Nu\" style=\"color:#ff4d00;\">\n        <img decoding=\"async\" src=\"https:\/\/www.ritzbrasil.com\/\/wp-content\/uploads\/2024\/07\/orcar-compras-tabela-new-1.png\" alt=\"Request quote\" title=\"Request quote\" \/>\n    <\/button>\n    <\/td><td class=\"column-5\"><a href=\"https:\/\/lojasritz.com.br\/catalogsearch\/result\/?q=ATR13151-1\" target=\"_blank\" rel=\"noopener\"><img decoding=\"async\" src=\"https:\/\/www.ritzbrasil.com\/wp-content\/uploads\/2024\/07\/carrinho-compras-tabela.png\"  \/><\/a><\/td>\n<\/tr>\n<\/tbody>\n<\/table>\n<\/div>\n[\/vc_column_text][vc_separator border_width=&#8221;2&#8243; css=&#8221;&#8221;][vc_column_text css=&#8221;&#8221;]Set consisting of: 04 pcs Grounding clamp with pressure fixing system on the conductor, with red plastic-coated handle for the phases (ATR13047-1) and black plastic-coated handle for the neutral (ATR13047-2); 1.50 m Extra-flexible copper cable, nominal section 35 mm\u00b2, with transparent PVC insulation, 3 bends of 500mm (CTC-35); 06 pcs Tinned copper terminal for 35 mm\u00b2 cable (ATR26446-3); 06 pcs Retractable thermos (ATR17923-5); 01 pcs Bag for packaging and transporting the earthing kit (ATR16818-1).<\/p>\n<p>&nbsp;<\/p>\n<\/div>","protected":false},"excerpt":{"rendered":"<h4>Temporary Grounding for Low Voltage<\/h4>\n<p>Temporary earthing for low-voltage networks is a safety system used during maintenance or intervention in electrical networks, conventional secondary networks, multiplex cable and bare cable insulation.<\/p>\n<p>It consists of the temporary connection of conductive components, creating a safe path for electric current in the event of a fault or short circuit, protecting operators and equipment from electric shock.<\/p>\n<p>The system includes high-quality cables and grounding clamps, designed to offer maximum protection.<\/p>\n","protected":false},"featured_media":56654,"template":"","meta":[],"product_brand":[],"product_cat":[4439,1665],"product_tag":[4468,4469,4464,4466,4467,4465,4462,4440,4463,4070,1667],"class_list":{"0":"post-61460","1":"product","2":"type-product","3":"status-publish","4":"has-post-thumbnail","6":"product_cat-low-voltage-grounding","7":"product_cat-temporary-grounding","8":"product_tag-atr00548-1","9":"product_tag-atr13043-1","10":"product_tag-atr13151-1","11":"product_tag-atr17439-1","12":"product_tag-atr17439-2","13":"product_tag-connecting-pigtail","14":"product_tag-conventional-secondary-network","15":"product_tag-low-voltage","16":"product_tag-secondary-network","17":"product_tag-temporary-grounding","18":"product_tag-temporary-grounding-set","19":"description-off","21":"first","22":"instock","23":"virtual","24":"product-type-simple"},"yoast_head":"<!-- This site is optimized with the Yoast SEO plugin v27.1.1 - https:\/\/yoast.com\/product\/yoast-seo-wordpress\/ -->\n<title>Temporary Grounding for Low Voltage<\/title>\n<meta name=\"description\" content=\"Temporary earthing for low-voltage networks is a safety system used for maintenance or intervention in electrical networks, conventional secondary networks, multiplex cable and bare cable insulation.\" \/>\n<meta name=\"robots\" content=\"index, follow, max-snippet:-1, max-image-preview:large, max-video-preview:-1\" \/>\n<link rel=\"canonical\" href=\"https:\/\/www.ritzbrasil.com\/en\/produtos\/temporary-grounding\/low-voltage-grounding\/temporary-earthing-for-low-voltage-lv\/\" \/>\n<meta property=\"og:locale\" content=\"en_US\" \/>\n<meta property=\"og:type\" content=\"article\" \/>\n<meta property=\"og:title\" content=\"Temporary Grounding for Low Voltage\" \/>\n<meta property=\"og:description\" content=\"Temporary earthing for low-voltage networks is a safety system used for maintenance or intervention in electrical networks, conventional secondary networks, multiplex cable and bare cable insulation.\" \/>\n<meta property=\"og:url\" content=\"https:\/\/www.ritzbrasil.com\/en\/produtos\/temporary-grounding\/low-voltage-grounding\/temporary-earthing-for-low-voltage-lv\/\" \/>\n<meta property=\"og:site_name\" content=\"Equipamentos de Manuten\u00e7\u00e3o e Seguran\u00e7a para o Setor El\u00e9trico - Ritz Brasil\" \/>\n<meta property=\"article:modified_time\" content=\"2026-02-25T19:06:40+00:00\" \/>\n<meta property=\"og:image\" content=\"https:\/\/www.ritzbrasil.com\/wp-content\/uploads\/2024\/07\/atr17439-1-conjunto-aterramento-temporario-rede-secundaria-convencional-bt.jpg\" \/>\n\t<meta property=\"og:image:width\" content=\"1200\" \/>\n\t<meta property=\"og:image:height\" content=\"1200\" \/>\n\t<meta property=\"og:image:type\" content=\"image\/jpeg\" \/>\n<meta name=\"twitter:card\" content=\"summary_large_image\" \/>\n<meta name=\"twitter:label1\" content=\"Est. reading time\" \/>\n\t<meta name=\"twitter:data1\" content=\"3 minutes\" \/>\n<script type=\"application\/ld+json\" class=\"yoast-schema-graph\">{\"@context\":\"https:\/\/schema.org\",\"@graph\":[{\"@type\":\"WebPage\",\"@id\":\"https:\/\/www.ritzbrasil.com\/en\/produtos\/temporary-grounding\/low-voltage-grounding\/temporary-earthing-for-low-voltage-lv\/\",\"url\":\"https:\/\/www.ritzbrasil.com\/en\/produtos\/temporary-grounding\/low-voltage-grounding\/temporary-earthing-for-low-voltage-lv\/\",\"name\":\"Temporary Grounding for Low Voltage\",\"isPartOf\":{\"@id\":\"https:\/\/www.ritzbrasil.com\/en\/#website\"},\"primaryImageOfPage\":{\"@id\":\"https:\/\/www.ritzbrasil.com\/en\/produtos\/temporary-grounding\/low-voltage-grounding\/temporary-earthing-for-low-voltage-lv\/#primaryimage\"},\"image\":{\"@id\":\"https:\/\/www.ritzbrasil.com\/en\/produtos\/temporary-grounding\/low-voltage-grounding\/temporary-earthing-for-low-voltage-lv\/#primaryimage\"},\"thumbnailUrl\":\"https:\/\/www.ritzbrasil.com\/wp-content\/uploads\/2024\/07\/atr17439-1-conjunto-aterramento-temporario-rede-secundaria-convencional-bt.jpg\",\"datePublished\":\"2024-07-08T10:10:48+00:00\",\"dateModified\":\"2026-02-25T19:06:40+00:00\",\"description\":\"Temporary earthing for low-voltage networks is a safety system used for maintenance or intervention in electrical networks, conventional secondary networks, multiplex cable and bare cable insulation.\",\"breadcrumb\":{\"@id\":\"https:\/\/www.ritzbrasil.com\/en\/produtos\/temporary-grounding\/low-voltage-grounding\/temporary-earthing-for-low-voltage-lv\/#breadcrumb\"},\"inLanguage\":\"en-US\",\"potentialAction\":[{\"@type\":\"ReadAction\",\"target\":[\"https:\/\/www.ritzbrasil.com\/en\/produtos\/temporary-grounding\/low-voltage-grounding\/temporary-earthing-for-low-voltage-lv\/\"]}]},{\"@type\":\"ImageObject\",\"inLanguage\":\"en-US\",\"@id\":\"https:\/\/www.ritzbrasil.com\/en\/produtos\/temporary-grounding\/low-voltage-grounding\/temporary-earthing-for-low-voltage-lv\/#primaryimage\",\"url\":\"https:\/\/www.ritzbrasil.com\/wp-content\/uploads\/2024\/07\/atr17439-1-conjunto-aterramento-temporario-rede-secundaria-convencional-bt.jpg\",\"contentUrl\":\"https:\/\/www.ritzbrasil.com\/wp-content\/uploads\/2024\/07\/atr17439-1-conjunto-aterramento-temporario-rede-secundaria-convencional-bt.jpg\",\"width\":1200,\"height\":1200,\"caption\":\"Temporary Earthing Set for Conventional Secondary Network (LV)\"},{\"@type\":\"BreadcrumbList\",\"@id\":\"https:\/\/www.ritzbrasil.com\/en\/produtos\/temporary-grounding\/low-voltage-grounding\/temporary-earthing-for-low-voltage-lv\/#breadcrumb\",\"itemListElement\":[{\"@type\":\"ListItem\",\"position\":1,\"name\":\"In\u00edcio\",\"item\":\"https:\/\/www.ritzbrasil.com\/en\/\"},{\"@type\":\"ListItem\",\"position\":2,\"name\":\"Shop\",\"item\":\"https:\/\/www.ritzbrasil.com\/en\/shop\/\"},{\"@type\":\"ListItem\",\"position\":3,\"name\":\"Temporary Earthing for Low Voltage (LV)\"}]},{\"@type\":\"WebSite\",\"@id\":\"https:\/\/www.ritzbrasil.com\/en\/#website\",\"url\":\"https:\/\/www.ritzbrasil.com\/en\/\",\"name\":\"Equipamentos de Manuten\u00e7\u00e3o e Seguran\u00e7a para o Setor El\u00e9trico - Ritz Brasil\",\"description\":\"\",\"potentialAction\":[{\"@type\":\"SearchAction\",\"target\":{\"@type\":\"EntryPoint\",\"urlTemplate\":\"https:\/\/www.ritzbrasil.com\/en\/?s={search_term_string}\"},\"query-input\":{\"@type\":\"PropertyValueSpecification\",\"valueRequired\":true,\"valueName\":\"search_term_string\"}}],\"inLanguage\":\"en-US\"}]}<\/script>\n<!-- \/ Yoast SEO plugin. -->","yoast_head_json":{"title":"Temporary Grounding for Low Voltage","description":"Temporary earthing for low-voltage networks is a safety system used for maintenance or intervention in electrical networks, conventional secondary networks, multiplex cable and bare cable insulation.","robots":{"index":"index","follow":"follow","max-snippet":"max-snippet:-1","max-image-preview":"max-image-preview:large","max-video-preview":"max-video-preview:-1"},"canonical":"https:\/\/www.ritzbrasil.com\/en\/produtos\/temporary-grounding\/low-voltage-grounding\/temporary-earthing-for-low-voltage-lv\/","og_locale":"en_US","og_type":"article","og_title":"Temporary Grounding for Low Voltage","og_description":"Temporary earthing for low-voltage networks is a safety system used for maintenance or intervention in electrical networks, conventional secondary networks, multiplex cable and bare cable insulation.","og_url":"https:\/\/www.ritzbrasil.com\/en\/produtos\/temporary-grounding\/low-voltage-grounding\/temporary-earthing-for-low-voltage-lv\/","og_site_name":"Equipamentos de Manuten\u00e7\u00e3o e Seguran\u00e7a para o Setor El\u00e9trico - Ritz Brasil","article_modified_time":"2026-02-25T19:06:40+00:00","og_image":[{"width":1200,"height":1200,"url":"https:\/\/www.ritzbrasil.com\/wp-content\/uploads\/2024\/07\/atr17439-1-conjunto-aterramento-temporario-rede-secundaria-convencional-bt.jpg","type":"image\/jpeg"}],"twitter_card":"summary_large_image","twitter_misc":{"Est. reading time":"3 minutes"},"schema":{"@context":"https:\/\/schema.org","@graph":[{"@type":"WebPage","@id":"https:\/\/www.ritzbrasil.com\/en\/produtos\/temporary-grounding\/low-voltage-grounding\/temporary-earthing-for-low-voltage-lv\/","url":"https:\/\/www.ritzbrasil.com\/en\/produtos\/temporary-grounding\/low-voltage-grounding\/temporary-earthing-for-low-voltage-lv\/","name":"Temporary Grounding for Low Voltage","isPartOf":{"@id":"https:\/\/www.ritzbrasil.com\/en\/#website"},"primaryImageOfPage":{"@id":"https:\/\/www.ritzbrasil.com\/en\/produtos\/temporary-grounding\/low-voltage-grounding\/temporary-earthing-for-low-voltage-lv\/#primaryimage"},"image":{"@id":"https:\/\/www.ritzbrasil.com\/en\/produtos\/temporary-grounding\/low-voltage-grounding\/temporary-earthing-for-low-voltage-lv\/#primaryimage"},"thumbnailUrl":"https:\/\/www.ritzbrasil.com\/wp-content\/uploads\/2024\/07\/atr17439-1-conjunto-aterramento-temporario-rede-secundaria-convencional-bt.jpg","datePublished":"2024-07-08T10:10:48+00:00","dateModified":"2026-02-25T19:06:40+00:00","description":"Temporary earthing for low-voltage networks is a safety system used for maintenance or intervention in electrical networks, conventional secondary networks, multiplex cable and bare cable insulation.","breadcrumb":{"@id":"https:\/\/www.ritzbrasil.com\/en\/produtos\/temporary-grounding\/low-voltage-grounding\/temporary-earthing-for-low-voltage-lv\/#breadcrumb"},"inLanguage":"en-US","potentialAction":[{"@type":"ReadAction","target":["https:\/\/www.ritzbrasil.com\/en\/produtos\/temporary-grounding\/low-voltage-grounding\/temporary-earthing-for-low-voltage-lv\/"]}]},{"@type":"ImageObject","inLanguage":"en-US","@id":"https:\/\/www.ritzbrasil.com\/en\/produtos\/temporary-grounding\/low-voltage-grounding\/temporary-earthing-for-low-voltage-lv\/#primaryimage","url":"https:\/\/www.ritzbrasil.com\/wp-content\/uploads\/2024\/07\/atr17439-1-conjunto-aterramento-temporario-rede-secundaria-convencional-bt.jpg","contentUrl":"https:\/\/www.ritzbrasil.com\/wp-content\/uploads\/2024\/07\/atr17439-1-conjunto-aterramento-temporario-rede-secundaria-convencional-bt.jpg","width":1200,"height":1200,"caption":"Temporary Earthing Set for Conventional Secondary Network (LV)"},{"@type":"BreadcrumbList","@id":"https:\/\/www.ritzbrasil.com\/en\/produtos\/temporary-grounding\/low-voltage-grounding\/temporary-earthing-for-low-voltage-lv\/#breadcrumb","itemListElement":[{"@type":"ListItem","position":1,"name":"In\u00edcio","item":"https:\/\/www.ritzbrasil.com\/en\/"},{"@type":"ListItem","position":2,"name":"Shop","item":"https:\/\/www.ritzbrasil.com\/en\/shop\/"},{"@type":"ListItem","position":3,"name":"Temporary Earthing for Low Voltage (LV)"}]},{"@type":"WebSite","@id":"https:\/\/www.ritzbrasil.com\/en\/#website","url":"https:\/\/www.ritzbrasil.com\/en\/","name":"Equipamentos de Manuten\u00e7\u00e3o e Seguran\u00e7a para o Setor El\u00e9trico - Ritz Brasil","description":"","potentialAction":[{"@type":"SearchAction","target":{"@type":"EntryPoint","urlTemplate":"https:\/\/www.ritzbrasil.com\/en\/?s={search_term_string}"},"query-input":{"@type":"PropertyValueSpecification","valueRequired":true,"valueName":"search_term_string"}}],"inLanguage":"en-US"}]}},"_links":{"self":[{"href":"https:\/\/www.ritzbrasil.com\/en\/wp-json\/wp\/v2\/product\/61460","targetHints":{"allow":["GET"]}}],"collection":[{"href":"https:\/\/www.ritzbrasil.com\/en\/wp-json\/wp\/v2\/product"}],"about":[{"href":"https:\/\/www.ritzbrasil.com\/en\/wp-json\/wp\/v2\/types\/product"}],"wp:featuredmedia":[{"embeddable":true,"href":"https:\/\/www.ritzbrasil.com\/en\/wp-json\/wp\/v2\/media\/56654"}],"wp:attachment":[{"href":"https:\/\/www.ritzbrasil.com\/en\/wp-json\/wp\/v2\/media?parent=61460"}],"wp:term":[{"taxonomy":"product_brand","embeddable":true,"href":"https:\/\/www.ritzbrasil.com\/en\/wp-json\/wp\/v2\/product_brand?post=61460"},{"taxonomy":"product_cat","embeddable":true,"href":"https:\/\/www.ritzbrasil.com\/en\/wp-json\/wp\/v2\/product_cat?post=61460"},{"taxonomy":"product_tag","embeddable":true,"href":"https:\/\/www.ritzbrasil.com\/en\/wp-json\/wp\/v2\/product_tag?post=61460"}],"curies":[{"name":"wp","href":"https:\/\/api.w.org\/{rel}","templated":true}]}}