{"id":61456,"date":"2024-07-08T07:00:32","date_gmt":"2024-07-08T10:00:32","guid":{"rendered":"https:\/\/www.ritzbrasil.com\/produtos\/uncategorized\/temporary-earthing-stick-for-secondary-mains-lv\/"},"modified":"2026-02-25T15:23:09","modified_gmt":"2026-02-25T18:23:09","slug":"temporary-earthing-stick-for-secondary-mains-lv","status":"publish","type":"product","link":"https:\/\/www.ritzbrasil.com\/en\/produtos\/temporary-grounding\/low-voltage-grounding\/temporary-earthing-stick-for-secondary-mains-lv\/","title":{"rendered":"Temporary Earthing Stick for Secondary Mains (LV)"},"content":{"rendered":"<div class=\"wpb-content-wrapper\"><p>[vc_row][vc_column][vc_column_text css=&#8221;.vc_custom_1720533795161{margin-top: 20px !important;}&#8221;]<\/p>\n<h4><span style=\"color: #ff9900;\"><strong>ATR04514-1 &#8211; Temporary Earthing Stick for Secondary Network (LV)<\/strong><\/span><\/h4>\n<p>[\/vc_column_text][vc_column_text css=&#8221;.vc_custom_1720534639968{margin-top: -20px !important;}&#8221;]\n<div id=\"tablepress-ATR04514-1-scroll-wrapper\" class=\"tablepress-scroll-wrapper\">\n<table id=\"tablepress-ATR04514-1\" class=\"tablepress tablepress-id-ATR04514-1 tablepress-responsive\">\n<thead>\n<tr class=\"row-1\">\n\t<td class=\"column-1\"><\/td><th class=\"column-2\">Refer\u00eancia<\/th><th class=\"column-3\">Descri\u00e7\u00e3o<\/th><td class=\"column-4\"><\/td><td class=\"column-5\"><\/td>\n<\/tr>\n<\/thead>\n<tbody class=\"row-striping row-hover\">\n<tr class=\"row-2\">\n\t<td class=\"column-1\"><img decoding=\"async\" src=\"https:\/\/www.ritzbrasil.com\/wp-content\/uploads\/2024\/07\/atr04514-1-bastao-aterramento-temporario-rede-secundaria-bt-150x150-1.jpg\" \/><\/td><td class=\"column-2\">ATR04514-1<\/td><td class=\"column-3\">Para aplica\u00e7\u00e3o por m\u00e9todo ao contato, dotado com 5 garras, punho e<br \/>\npingadeira de borracha acoplada.<\/td><td class=\"column-4\">    <button class=\"add-to-budget\" data-table-id=\"ATR04514-1\" data-reference=\"ATR04514-1\" data-description=\"Bast\u00e3o De Aterramento Tempor\u00e1rio Para Rede Secund\u00e1ria (Bt)\" style=\"color:#ff4d00;\">\n        <img decoding=\"async\" src=\"https:\/\/www.ritzbrasil.com\/\/wp-content\/uploads\/2024\/07\/orcar-compras-tabela-new-1.png\" alt=\"Request quote\" title=\"Request quote\" \/>\n    <\/button>\n    <\/td><td class=\"column-5\"><a href=\"https:\/\/lojasritz.com.br\/catalogsearch\/result\/?q=ATR04514-1\" target=\"_blank\" rel=\"noopener\"><img decoding=\"async\" src=\"https:\/\/www.ritzbrasil.com\/wp-content\/uploads\/2024\/07\/carrinho-compras-tabela.png\"  \/><\/a><\/td>\n<\/tr>\n<\/tbody>\n<\/table>\n<\/div>\n[\/vc_column_text][vc_separator border_width=&#8221;2&#8243; css=&#8221;&#8221;][\/vc_column][\/vc_row][vc_row][vc_column][vc_column_text css=&#8221;.vc_custom_1720535545259{margin-top: 20px !important;}&#8221;]<\/p>\n<h4><span style=\"color: #ff9900;\"><strong>ATR04514-2 &#8211; Temporary Earthing Stick for Secondary Network (LV)<\/strong><\/span><\/h4>\n<p>[\/vc_column_text][vc_column_text css=&#8221;.vc_custom_1720534654512{margin-top: -20px !important;}&#8221;]\n<div id=\"tablepress-ATR04514-2-scroll-wrapper\" class=\"tablepress-scroll-wrapper\">\n<table id=\"tablepress-ATR04514-2\" class=\"tablepress tablepress-id-ATR04514-2 tablepress-responsive\">\n<thead>\n<tr class=\"row-1\">\n\t<td class=\"column-1\"><\/td><th class=\"column-2\">Refer\u00eancia<\/th><th class=\"column-3\">Descri\u00e7\u00e3o<\/th><td class=\"column-4\"><\/td><td class=\"column-5\"><\/td>\n<\/tr>\n<\/thead>\n<tbody class=\"row-striping row-hover\">\n<tr class=\"row-2\">\n\t<td class=\"column-1\"><img decoding=\"async\" src=\"https:\/\/www.ritzbrasil.com\/wp-content\/uploads\/2024\/07\/atr04514-2-bastao-aterramento-temporario-rede-secundaria-bt-150x150-1.jpg\" \/><\/td><td class=\"column-2\">ATR04514-2<\/td><td class=\"column-3\">Para aplica\u00e7\u00e3o por m\u00e9todo ao contato, dotado com 4 garras, punho e<br \/>\npingadeira de borracha acoplada.<\/td><td class=\"column-4\">    <button class=\"add-to-budget\" data-table-id=\"ATR04514-2\" data-reference=\"ATR04514-2\" data-description=\"Bast\u00e3o De Aterramento Tempor\u00e1rio Para Rede Secund\u00e1ria (Bt)\" style=\"color:#ff4d00;\">\n        <img decoding=\"async\" src=\"https:\/\/www.ritzbrasil.com\/\/wp-content\/uploads\/2024\/07\/orcar-compras-tabela-new-1.png\" alt=\"Request quote\" title=\"Request quote\" \/>\n    <\/button>\n    <\/td><td class=\"column-5\"><a href=\"https:\/\/lojasritz.com.br\/catalogsearch\/result\/?q=ATR04514-2\" target=\"_blank\" rel=\"noopener\"><img decoding=\"async\" src=\"https:\/\/www.ritzbrasil.com\/wp-content\/uploads\/2024\/07\/carrinho-compras-tabela.png\"  \/><\/a><\/td>\n<\/tr>\n<\/tbody>\n<\/table>\n<\/div>\n[\/vc_column_text][vc_separator border_width=&#8221;2&#8243; css=&#8221;&#8221;][\/vc_column][\/vc_row][vc_row][vc_column][vc_column_text css=&#8221;.vc_custom_1720535557746{margin-top: 20px !important;}&#8221;]<\/p>\n<h4><span style=\"color: #ff9900;\"><strong>ATR29580-1 &#8211; Temporary Earthing Stick for Secondary Mains (LV)<\/strong><\/span><\/h4>\n<p>[\/vc_column_text][vc_column_text css=&#8221;.vc_custom_1720534745796{margin-top: -20px !important;}&#8221;]\n<div id=\"tablepress-ATR29580-1-scroll-wrapper\" class=\"tablepress-scroll-wrapper\">\n<table id=\"tablepress-ATR29580-1\" class=\"tablepress tablepress-id-ATR29580-1 tablepress-responsive\">\n<thead>\n<tr class=\"row-1\">\n\t<td class=\"column-1\"><\/td><th class=\"column-2\">Refer\u00eancia<\/th><th class=\"column-3\">Descri\u00e7\u00e3o<\/th><td class=\"column-4\"><\/td><td class=\"column-5\"><\/td>\n<\/tr>\n<\/thead>\n<tbody class=\"row-striping row-hover\">\n<tr class=\"row-2\">\n\t<td class=\"column-1\"><img decoding=\"async\" src=\"https:\/\/www.ritzbrasil.com\/wp-content\/uploads\/2024\/07\/atr29580-1-bastao-aterramento-temporario-rede-secundaria-bt-150x150-1.jpg\" \/><\/td><td class=\"column-2\">ATR29580-1<\/td><td class=\"column-3\">Para aplica\u00e7\u00e3o por m\u00e9todo a dist\u00e2ncia, possui em sua extremidade inferior um<br \/>\ncabe\u00e7ote universal desacopl\u00e1vel com guia e rosca, permitindo o encaixe de<br \/>\nvaras e bast\u00f5es universais, dotado com 4 garras.<\/td><td class=\"column-4\">    <button class=\"add-to-budget\" data-table-id=\"ATR29580-1\" data-reference=\"ATR29580-1\" data-description=\"Bast\u00e3o De Aterramento Tempor\u00e1rio Para Rede Secund\u00e1ria (Bt)\" style=\"color:#ff4d00;\">\n        <img decoding=\"async\" src=\"https:\/\/www.ritzbrasil.com\/\/wp-content\/uploads\/2024\/07\/orcar-compras-tabela-new-1.png\" alt=\"Request quote\" title=\"Request quote\" \/>\n    <\/button>\n    <\/td><td class=\"column-5\"><a href=\"https:\/\/lojasritz.com.br\/catalogsearch\/result\/?q=ATR29580-1\" target=\"_blank\" rel=\"noopener\"><img decoding=\"async\" src=\"https:\/\/www.ritzbrasil.com\/wp-content\/uploads\/2024\/07\/carrinho-compras-tabela.png\"  \/><\/a><\/td>\n<\/tr>\n<\/tbody>\n<\/table>\n<\/div>\n[\/vc_column_text][vc_separator border_width=&#8221;2&#8243; css=&#8221;&#8221;][\/vc_column][\/vc_row][vc_row][vc_column][vc_column_text css=&#8221;.vc_custom_1720535571669{margin-top: 20px !important;}&#8221;]<\/p>\n<h4><span style=\"color: #ff9900;\"><strong>ATR29580-2 &#8211; Temporary Earthing Stick for Secondary Mains (LV)<\/strong><\/span><\/h4>\n<p>[\/vc_column_text][vc_column_text css=&#8221;.vc_custom_1720534768087{margin-top: -20px !important;}&#8221;]\n<div id=\"tablepress-ATR29580-2-scroll-wrapper\" class=\"tablepress-scroll-wrapper\">\n<table id=\"tablepress-ATR29580-2\" class=\"tablepress tablepress-id-ATR29580-2 tablepress-responsive\">\n<thead>\n<tr class=\"row-1\">\n\t<td class=\"column-1\"><\/td><th class=\"column-2\">Refer\u00eancia<\/th><th class=\"column-3\">Descri\u00e7\u00e3o<\/th><td class=\"column-4\"><\/td><td class=\"column-5\"><\/td>\n<\/tr>\n<\/thead>\n<tbody class=\"row-striping row-hover\">\n<tr class=\"row-2\">\n\t<td class=\"column-1\"><img decoding=\"async\" src=\"https:\/\/www.ritzbrasil.com\/wp-content\/uploads\/2024\/07\/atr29580-2-bastao-aterramento-temporario-rede-secundaria-bt-150x150-1.jpg\" \/><\/td><td class=\"column-2\">ATR29580-2<\/td><td class=\"column-3\">Para aplica\u00e7\u00e3o por m\u00e9todo a dist\u00e2ncia, possui em sua extremidade inferior<br \/>\num cabe\u00e7ote tipo olhal, permitindo o encaixe do bast\u00e3o de manobra, <br \/>\ndotado com 4 garras.<\/td><td class=\"column-4\">    <button class=\"add-to-budget\" data-table-id=\"ATR29580-2\" data-reference=\"ATR29580-2\" data-description=\"Bast\u00e3o De Aterramento Tempor\u00e1rio Para Rede Secund\u00e1ria (Bt)\" style=\"color:#ff4d00;\">\n        <img decoding=\"async\" src=\"https:\/\/www.ritzbrasil.com\/\/wp-content\/uploads\/2024\/07\/orcar-compras-tabela-new-1.png\" alt=\"Request quote\" title=\"Request quote\" \/>\n    <\/button>\n    <\/td><td class=\"column-5\"><a href=\"https:\/\/lojasritz.com.br\/catalogsearch\/result\/?q=ATR29580-2\" target=\"_blank\" rel=\"noopener\"><img decoding=\"async\" src=\"https:\/\/www.ritzbrasil.com\/wp-content\/uploads\/2024\/07\/carrinho-compras-tabela.png\"  \/><\/a><\/td>\n<\/tr>\n<\/tbody>\n<\/table>\n<\/div>\n[\/vc_column_text][vc_separator border_width=&#8221;2&#8243; css=&#8221;&#8221;][\/vc_column][\/vc_row]<\/p>\n<\/div>","protected":false},"excerpt":{"rendered":"<h4>Temporary Earthing Stick for Secondary Mains (LV)<\/h4>\n<p>Designed to make the electrician&#8217;s job easier, this rod allows the phase conductors to be connected to the neutral conductor simultaneously, establishing the short circuit with a single movement.<br \/>\nMade of high-quality RITZGLAS\u00ae \u00d8 25 mm tube and quick-fit aluminum claws, this rod guarantees fast and efficient installation without damaging the conductors. The claws attach to the cables to be grounded by means of spring pressure, providing not only agility, but also preserving the integrity of the components.<\/p>\n<p>In addition, the pole has a pre-disposition for the possible attachment of the cable that will lead to the ground point, offering additional versatility.<\/p>\n","protected":false},"featured_media":56638,"template":"","meta":[],"product_brand":[],"product_cat":[4439,1665],"product_tag":[4442,4443,4444,4445,4441,4440,4070,1667],"class_list":{"0":"post-61456","1":"product","2":"type-product","3":"status-publish","4":"has-post-thumbnail","6":"product_cat-low-voltage-grounding","7":"product_cat-temporary-grounding","8":"product_tag-atr04514-1","9":"product_tag-atr04514-2","10":"product_tag-atr29580-1","11":"product_tag-atr29580-2","12":"product_tag-grounding-rod","13":"product_tag-low-voltage","14":"product_tag-temporary-grounding","15":"product_tag-temporary-grounding-set","16":"description-off","18":"first","19":"instock","20":"virtual","21":"product-type-simple"},"yoast_head":"<!-- This site is optimized with the Yoast SEO plugin v27.1.1 - https:\/\/yoast.com\/product\/yoast-seo-wordpress\/ -->\n<title>Temporary Earthing Stick for Secondary Mains (LV)<\/title>\n<meta name=\"description\" content=\"Temporary Earthing Stick for Secondary Mains (LV), Designed to make the electrician&#039;s job easier, this stick allows the phase conductors to be connected to the neutral conductor simultaneously, establishing the short-circuit with a single movement.\" \/>\n<meta name=\"robots\" content=\"index, follow, max-snippet:-1, max-image-preview:large, max-video-preview:-1\" \/>\n<link rel=\"canonical\" href=\"https:\/\/www.ritzbrasil.com\/en\/produtos\/temporary-grounding\/low-voltage-grounding\/temporary-earthing-stick-for-secondary-mains-lv\/\" \/>\n<meta property=\"og:locale\" content=\"en_US\" \/>\n<meta property=\"og:type\" content=\"article\" \/>\n<meta property=\"og:title\" content=\"Temporary Earthing Stick for Secondary Mains (LV)\" \/>\n<meta property=\"og:description\" content=\"Temporary Earthing Stick for Secondary Mains (LV), Designed to make the electrician&#039;s job easier, this stick allows the phase conductors to be connected to the neutral conductor simultaneously, establishing the short-circuit with a single movement.\" \/>\n<meta property=\"og:url\" content=\"https:\/\/www.ritzbrasil.com\/en\/produtos\/temporary-grounding\/low-voltage-grounding\/temporary-earthing-stick-for-secondary-mains-lv\/\" \/>\n<meta property=\"og:site_name\" content=\"Equipamentos de Manuten\u00e7\u00e3o e Seguran\u00e7a para o Setor El\u00e9trico - Ritz Brasil\" \/>\n<meta property=\"article:modified_time\" content=\"2026-02-25T18:23:09+00:00\" \/>\n<meta property=\"og:image\" content=\"https:\/\/www.ritzbrasil.com\/wp-content\/uploads\/2024\/07\/atr04514-1-bastao-aterramento-temporario-rede-secundaria-bt.jpg\" \/>\n\t<meta property=\"og:image:width\" content=\"1200\" \/>\n\t<meta property=\"og:image:height\" content=\"1200\" \/>\n\t<meta property=\"og:image:type\" content=\"image\/jpeg\" \/>\n<meta name=\"twitter:card\" content=\"summary_large_image\" \/>\n<meta name=\"twitter:label1\" content=\"Est. reading time\" \/>\n\t<meta name=\"twitter:data1\" content=\"1 minute\" \/>\n<script type=\"application\/ld+json\" class=\"yoast-schema-graph\">{\"@context\":\"https:\/\/schema.org\",\"@graph\":[{\"@type\":\"WebPage\",\"@id\":\"https:\/\/www.ritzbrasil.com\/en\/produtos\/temporary-grounding\/low-voltage-grounding\/temporary-earthing-stick-for-secondary-mains-lv\/\",\"url\":\"https:\/\/www.ritzbrasil.com\/en\/produtos\/temporary-grounding\/low-voltage-grounding\/temporary-earthing-stick-for-secondary-mains-lv\/\",\"name\":\"Temporary Earthing Stick for Secondary Mains (LV)\",\"isPartOf\":{\"@id\":\"https:\/\/www.ritzbrasil.com\/en\/#website\"},\"primaryImageOfPage\":{\"@id\":\"https:\/\/www.ritzbrasil.com\/en\/produtos\/temporary-grounding\/low-voltage-grounding\/temporary-earthing-stick-for-secondary-mains-lv\/#primaryimage\"},\"image\":{\"@id\":\"https:\/\/www.ritzbrasil.com\/en\/produtos\/temporary-grounding\/low-voltage-grounding\/temporary-earthing-stick-for-secondary-mains-lv\/#primaryimage\"},\"thumbnailUrl\":\"https:\/\/www.ritzbrasil.com\/wp-content\/uploads\/2024\/07\/atr04514-1-bastao-aterramento-temporario-rede-secundaria-bt.jpg\",\"datePublished\":\"2024-07-08T10:00:32+00:00\",\"dateModified\":\"2026-02-25T18:23:09+00:00\",\"description\":\"Temporary Earthing Stick for Secondary Mains (LV), Designed to make the electrician's job easier, this stick allows the phase conductors to be connected to the neutral conductor simultaneously, establishing the short-circuit with a single movement.\",\"breadcrumb\":{\"@id\":\"https:\/\/www.ritzbrasil.com\/en\/produtos\/temporary-grounding\/low-voltage-grounding\/temporary-earthing-stick-for-secondary-mains-lv\/#breadcrumb\"},\"inLanguage\":\"en-US\",\"potentialAction\":[{\"@type\":\"ReadAction\",\"target\":[\"https:\/\/www.ritzbrasil.com\/en\/produtos\/temporary-grounding\/low-voltage-grounding\/temporary-earthing-stick-for-secondary-mains-lv\/\"]}]},{\"@type\":\"ImageObject\",\"inLanguage\":\"en-US\",\"@id\":\"https:\/\/www.ritzbrasil.com\/en\/produtos\/temporary-grounding\/low-voltage-grounding\/temporary-earthing-stick-for-secondary-mains-lv\/#primaryimage\",\"url\":\"https:\/\/www.ritzbrasil.com\/wp-content\/uploads\/2024\/07\/atr04514-1-bastao-aterramento-temporario-rede-secundaria-bt.jpg\",\"contentUrl\":\"https:\/\/www.ritzbrasil.com\/wp-content\/uploads\/2024\/07\/atr04514-1-bastao-aterramento-temporario-rede-secundaria-bt.jpg\",\"width\":1200,\"height\":1200,\"caption\":\"ATR04514-1 - Temporary Earthing Stick for Secondary Network (LV)\"},{\"@type\":\"BreadcrumbList\",\"@id\":\"https:\/\/www.ritzbrasil.com\/en\/produtos\/temporary-grounding\/low-voltage-grounding\/temporary-earthing-stick-for-secondary-mains-lv\/#breadcrumb\",\"itemListElement\":[{\"@type\":\"ListItem\",\"position\":1,\"name\":\"In\u00edcio\",\"item\":\"https:\/\/www.ritzbrasil.com\/en\/\"},{\"@type\":\"ListItem\",\"position\":2,\"name\":\"Shop\",\"item\":\"https:\/\/www.ritzbrasil.com\/en\/shop\/\"},{\"@type\":\"ListItem\",\"position\":3,\"name\":\"Temporary Earthing Stick for Secondary Mains (LV)\"}]},{\"@type\":\"WebSite\",\"@id\":\"https:\/\/www.ritzbrasil.com\/en\/#website\",\"url\":\"https:\/\/www.ritzbrasil.com\/en\/\",\"name\":\"Equipamentos de Manuten\u00e7\u00e3o e Seguran\u00e7a para o Setor El\u00e9trico - Ritz Brasil\",\"description\":\"\",\"potentialAction\":[{\"@type\":\"SearchAction\",\"target\":{\"@type\":\"EntryPoint\",\"urlTemplate\":\"https:\/\/www.ritzbrasil.com\/en\/?s={search_term_string}\"},\"query-input\":{\"@type\":\"PropertyValueSpecification\",\"valueRequired\":true,\"valueName\":\"search_term_string\"}}],\"inLanguage\":\"en-US\"}]}<\/script>\n<!-- \/ Yoast SEO plugin. -->","yoast_head_json":{"title":"Temporary Earthing Stick for Secondary Mains (LV)","description":"Temporary Earthing Stick for Secondary Mains (LV), Designed to make the electrician's job easier, this stick allows the phase conductors to be connected to the neutral conductor simultaneously, establishing the short-circuit with a single movement.","robots":{"index":"index","follow":"follow","max-snippet":"max-snippet:-1","max-image-preview":"max-image-preview:large","max-video-preview":"max-video-preview:-1"},"canonical":"https:\/\/www.ritzbrasil.com\/en\/produtos\/temporary-grounding\/low-voltage-grounding\/temporary-earthing-stick-for-secondary-mains-lv\/","og_locale":"en_US","og_type":"article","og_title":"Temporary Earthing Stick for Secondary Mains (LV)","og_description":"Temporary Earthing Stick for Secondary Mains (LV), Designed to make the electrician's job easier, this stick allows the phase conductors to be connected to the neutral conductor simultaneously, establishing the short-circuit with a single movement.","og_url":"https:\/\/www.ritzbrasil.com\/en\/produtos\/temporary-grounding\/low-voltage-grounding\/temporary-earthing-stick-for-secondary-mains-lv\/","og_site_name":"Equipamentos de Manuten\u00e7\u00e3o e Seguran\u00e7a para o Setor El\u00e9trico - Ritz Brasil","article_modified_time":"2026-02-25T18:23:09+00:00","og_image":[{"width":1200,"height":1200,"url":"https:\/\/www.ritzbrasil.com\/wp-content\/uploads\/2024\/07\/atr04514-1-bastao-aterramento-temporario-rede-secundaria-bt.jpg","type":"image\/jpeg"}],"twitter_card":"summary_large_image","twitter_misc":{"Est. reading time":"1 minute"},"schema":{"@context":"https:\/\/schema.org","@graph":[{"@type":"WebPage","@id":"https:\/\/www.ritzbrasil.com\/en\/produtos\/temporary-grounding\/low-voltage-grounding\/temporary-earthing-stick-for-secondary-mains-lv\/","url":"https:\/\/www.ritzbrasil.com\/en\/produtos\/temporary-grounding\/low-voltage-grounding\/temporary-earthing-stick-for-secondary-mains-lv\/","name":"Temporary Earthing Stick for Secondary Mains (LV)","isPartOf":{"@id":"https:\/\/www.ritzbrasil.com\/en\/#website"},"primaryImageOfPage":{"@id":"https:\/\/www.ritzbrasil.com\/en\/produtos\/temporary-grounding\/low-voltage-grounding\/temporary-earthing-stick-for-secondary-mains-lv\/#primaryimage"},"image":{"@id":"https:\/\/www.ritzbrasil.com\/en\/produtos\/temporary-grounding\/low-voltage-grounding\/temporary-earthing-stick-for-secondary-mains-lv\/#primaryimage"},"thumbnailUrl":"https:\/\/www.ritzbrasil.com\/wp-content\/uploads\/2024\/07\/atr04514-1-bastao-aterramento-temporario-rede-secundaria-bt.jpg","datePublished":"2024-07-08T10:00:32+00:00","dateModified":"2026-02-25T18:23:09+00:00","description":"Temporary Earthing Stick for Secondary Mains (LV), Designed to make the electrician's job easier, this stick allows the phase conductors to be connected to the neutral conductor simultaneously, establishing the short-circuit with a single movement.","breadcrumb":{"@id":"https:\/\/www.ritzbrasil.com\/en\/produtos\/temporary-grounding\/low-voltage-grounding\/temporary-earthing-stick-for-secondary-mains-lv\/#breadcrumb"},"inLanguage":"en-US","potentialAction":[{"@type":"ReadAction","target":["https:\/\/www.ritzbrasil.com\/en\/produtos\/temporary-grounding\/low-voltage-grounding\/temporary-earthing-stick-for-secondary-mains-lv\/"]}]},{"@type":"ImageObject","inLanguage":"en-US","@id":"https:\/\/www.ritzbrasil.com\/en\/produtos\/temporary-grounding\/low-voltage-grounding\/temporary-earthing-stick-for-secondary-mains-lv\/#primaryimage","url":"https:\/\/www.ritzbrasil.com\/wp-content\/uploads\/2024\/07\/atr04514-1-bastao-aterramento-temporario-rede-secundaria-bt.jpg","contentUrl":"https:\/\/www.ritzbrasil.com\/wp-content\/uploads\/2024\/07\/atr04514-1-bastao-aterramento-temporario-rede-secundaria-bt.jpg","width":1200,"height":1200,"caption":"ATR04514-1 - Temporary Earthing Stick for Secondary Network (LV)"},{"@type":"BreadcrumbList","@id":"https:\/\/www.ritzbrasil.com\/en\/produtos\/temporary-grounding\/low-voltage-grounding\/temporary-earthing-stick-for-secondary-mains-lv\/#breadcrumb","itemListElement":[{"@type":"ListItem","position":1,"name":"In\u00edcio","item":"https:\/\/www.ritzbrasil.com\/en\/"},{"@type":"ListItem","position":2,"name":"Shop","item":"https:\/\/www.ritzbrasil.com\/en\/shop\/"},{"@type":"ListItem","position":3,"name":"Temporary Earthing Stick for Secondary Mains (LV)"}]},{"@type":"WebSite","@id":"https:\/\/www.ritzbrasil.com\/en\/#website","url":"https:\/\/www.ritzbrasil.com\/en\/","name":"Equipamentos de Manuten\u00e7\u00e3o e Seguran\u00e7a para o Setor El\u00e9trico - Ritz Brasil","description":"","potentialAction":[{"@type":"SearchAction","target":{"@type":"EntryPoint","urlTemplate":"https:\/\/www.ritzbrasil.com\/en\/?s={search_term_string}"},"query-input":{"@type":"PropertyValueSpecification","valueRequired":true,"valueName":"search_term_string"}}],"inLanguage":"en-US"}]}},"_links":{"self":[{"href":"https:\/\/www.ritzbrasil.com\/en\/wp-json\/wp\/v2\/product\/61456","targetHints":{"allow":["GET"]}}],"collection":[{"href":"https:\/\/www.ritzbrasil.com\/en\/wp-json\/wp\/v2\/product"}],"about":[{"href":"https:\/\/www.ritzbrasil.com\/en\/wp-json\/wp\/v2\/types\/product"}],"wp:featuredmedia":[{"embeddable":true,"href":"https:\/\/www.ritzbrasil.com\/en\/wp-json\/wp\/v2\/media\/56638"}],"wp:attachment":[{"href":"https:\/\/www.ritzbrasil.com\/en\/wp-json\/wp\/v2\/media?parent=61456"}],"wp:term":[{"taxonomy":"product_brand","embeddable":true,"href":"https:\/\/www.ritzbrasil.com\/en\/wp-json\/wp\/v2\/product_brand?post=61456"},{"taxonomy":"product_cat","embeddable":true,"href":"https:\/\/www.ritzbrasil.com\/en\/wp-json\/wp\/v2\/product_cat?post=61456"},{"taxonomy":"product_tag","embeddable":true,"href":"https:\/\/www.ritzbrasil.com\/en\/wp-json\/wp\/v2\/product_tag?post=61456"}],"curies":[{"name":"wp","href":"https:\/\/api.w.org\/{rel}","templated":true}]}}