{"id":61455,"date":"2024-07-08T07:50:43","date_gmt":"2024-07-08T10:50:43","guid":{"rendered":"https:\/\/www.ritzbrasil.com\/produtos\/uncategorized\/temporary-grounding-for-vehicles-mt\/"},"modified":"2026-02-25T16:06:16","modified_gmt":"2026-02-25T19:06:16","slug":"temporary-grounding-for-vehicles-mt","status":"publish","type":"product","link":"https:\/\/www.ritzbrasil.com\/en\/produtos\/temporary-grounding\/temporary-vehicle-grounding\/temporary-grounding-for-vehicles-mt\/","title":{"rendered":"Temporary Grounding for Vehicles (MT)"},"content":{"rendered":"<div class=\"wpb-content-wrapper\"><p>[vc_row][vc_column][vc_column_text css=&#8221;.vc_custom_1721153025791{margin-top: 20px !important;}&#8221;]<\/p>\n<h4><span style=\"color: #ff9900;\"><strong>ATR17440-2 Temporary Vehicle Grounding Set with Ball Pin (MT)<\/strong><\/span><\/h4>\n<p>[\/vc_column_text][vc_column_text css=&#8221;.vc_custom_1721152933357{margin-top: -20px !important;}&#8221;]\n<div id=\"tablepress-ATR17440-2-scroll-wrapper\" class=\"tablepress-scroll-wrapper\">\n<table id=\"tablepress-ATR17440-2\" class=\"tablepress tablepress-id-ATR17440-2 tablepress-responsive\">\n<thead>\n<tr class=\"row-1\">\n\t<td class=\"column-1\"><\/td><th class=\"column-2\">Refer\u00eancia<\/th><th class=\"column-3\">Descri\u00e7\u00e3o<\/th><td class=\"column-4\"><\/td><td class=\"column-5\"><\/td>\n<\/tr>\n<\/thead>\n<tbody class=\"row-striping row-hover\">\n<tr class=\"row-2\">\n\t<td class=\"column-1\"><img decoding=\"async\" src=\"https:\/\/www.ritzbrasil.com\/wp-content\/uploads\/2024\/07\/atr17440-2-conjunto-aterramento-temporario-veiculo-pino-bola-mt-150x150-1.jpg\" \/><\/td><td class=\"column-2\">ATR17440-2<\/td><td class=\"column-3\">Corrente m\u00e1xima de curto-circuito: 60 ciclos - 8 kA<\/td><td class=\"column-4\">    <button class=\"add-to-budget\" data-table-id=\"ATR17440-2\" data-reference=\"ATR17440-2\" data-description=\"Conjunto de Aterramento Tempor\u00e1rio para Ve\u00edculo com Pino Bola (MT)\" style=\"color:#ff4d00;\">\n        <img decoding=\"async\" src=\"https:\/\/www.ritzbrasil.com\/\/wp-content\/uploads\/2024\/07\/orcar-compras-tabela-new-1.png\" alt=\"Request quote\" title=\"Request quote\" \/>\n    <\/button>\n    <\/td><td class=\"column-5\"><a href=\"https:\/\/lojasritz.com.br\/catalogsearch\/result\/?q=ATR17440-2\" target=\"_blank\" rel=\"noopener\"><img decoding=\"async\" src=\"https:\/\/www.ritzbrasil.com\/wp-content\/uploads\/2024\/07\/carrinho-compras-tabela.png\"  \/><\/a><\/td>\n<\/tr>\n<\/tbody>\n<\/table>\n<\/div>\n[\/vc_column_text][vc_column_text css=&#8221;&#8221;]Set consisting of: 01 pc Concha-Bola earthing clamp with &#8220;T&#8221; screw for connection to the ball stud (RT600-2321); 01 pc Earthing clamp, with &#8220;T&#8221; screw for connection to the earth point (RG3403T); 10 m Extra flexible copper cable, nominal section 35 mm\u00b2, with transparent PVC insulation, 1 flight of 10 m (CTC-35); 01 pc Ball stud for earthing point in the vehicle (M12 x 60 mm) (ATR08969-2); 02 pcs Plain aluminum terminal for 35 mm\u00b2 cable (RC600-2626); 02 pcs Retractable thermos (ATR17923); 01 pcs Grounding auger \u00d8 19 mm x 1 m, with hot-dip galvanized steel rod, hexagonal section and welded steel handle (ATR08814-1); 01 pc bag for packing and transporting the auger (ATR1628-1); 01 pc bag for packing and transporting the earthing set (ATR16843-7).[\/vc_column_text][vc_separator border_width=&#8221;2&#8243; css=&#8221;&#8221;][\/vc_column][\/vc_row][vc_row][vc_column][vc_column_text css=&#8221;.vc_custom_1721153086902{margin-top: 20px !important;}&#8221;]<\/p>\n<h4><span style=\"color: #ff9900;\"><strong>ATR17440-3 Temporary Vehicle Grounding Set (MT)<\/strong><\/span><\/h4>\n<p>[\/vc_column_text][vc_column_text css=&#8221;.vc_custom_1721152954354{margin-top: -20px !important;}&#8221;]\n<div id=\"tablepress-ATR17440-3-scroll-wrapper\" class=\"tablepress-scroll-wrapper\">\n<table id=\"tablepress-ATR17440-3\" class=\"tablepress tablepress-id-ATR17440-3 tablepress-responsive\">\n<thead>\n<tr class=\"row-1\">\n\t<td class=\"column-1\"><\/td><th class=\"column-2\">Refer\u00eancia<\/th><th class=\"column-3\">Descri\u00e7\u00e3o<\/th><td class=\"column-4\"><\/td><td class=\"column-5\"><\/td>\n<\/tr>\n<\/thead>\n<tbody class=\"row-striping row-hover\">\n<tr class=\"row-2\">\n\t<td class=\"column-1\"><img decoding=\"async\" src=\"https:\/\/www.ritzbrasil.com\/wp-content\/uploads\/2024\/07\/atr17440-3-conjunto-aterramento-temporario-veiculo-mt-150x150-1.jpg\" \/><\/td><td class=\"column-2\">ATR17440-3<\/td><td class=\"column-3\">Corrente m\u00e1xima de curto-circuito: 60 ciclos - 5 kA<\/td><td class=\"column-4\">    <button class=\"add-to-budget\" data-table-id=\"ATR17440-3\" data-reference=\"ATR17440-3\" data-description=\"Conjunto de Aterramento Tempor\u00e1rio para Ve\u00edculo (MT)\" style=\"color:#ff4d00;\">\n        <img decoding=\"async\" src=\"https:\/\/www.ritzbrasil.com\/\/wp-content\/uploads\/2024\/07\/orcar-compras-tabela-new-1.png\" alt=\"Request quote\" title=\"Request quote\" \/>\n    <\/button>\n    <\/td><td class=\"column-5\"><a href=\"https:\/\/lojasritz.com.br\/catalogsearch\/result\/?q=ATR17440-3\" target=\"_blank\" rel=\"noopener\"><img decoding=\"async\" src=\"https:\/\/www.ritzbrasil.com\/wp-content\/uploads\/2024\/07\/carrinho-compras-tabela.png\"  \/><\/a><\/td>\n<\/tr>\n<\/tbody>\n<\/table>\n<\/div>\n[\/vc_column_text][vc_column_text css=&#8221;&#8221;]Set consisting of: 01 pc Grounding clamp with &#8220;T&#8221; screw (RG3363-1); 01 pc Grounding clamp, with &#8220;T&#8221; screw for connection to the earth point (RG3403T); 10 m Extra flexible copper cable, nominal section 25 mm\u00b2, with transparent PVC insulation, 1 flight of 10 m (CTC-25); 02 pc Plain aluminum terminal for 25 mm\u00b2 cable (ATR13036-2); 02 pcs retractable thermocouple (ATR17923); 01 pcs bag for packing and transporting the earthing set (ATR16843-7); 01 pcs earthing auger \u00d8 19 mm x 1 m, with hot-dip galvanized steel rod, hexagonal section and welded steel handle (ATR08814-1); 01 pcs bag for packing and transporting the auger (ATR1628-1).[\/vc_column_text][vc_separator border_width=&#8221;2&#8243; css=&#8221;&#8221;][\/vc_column][\/vc_row][vc_row][vc_column][vc_column_text css=&#8221;.vc_custom_1721153139669{margin-top: 20px !important;}&#8221;]<\/p>\n<h4><span style=\"color: #ff9900;\"><strong>ATR17440-4 Temporary Vehicle Grounding Set (MT)<\/strong><\/span><\/h4>\n<p>[\/vc_column_text][vc_column_text css=&#8221;.vc_custom_1721219067616{margin-top: -20px !important;}&#8221;]\n<div id=\"tablepress-ATR17440-4-scroll-wrapper\" class=\"tablepress-scroll-wrapper\">\n<table id=\"tablepress-ATR17440-4\" class=\"tablepress tablepress-id-ATR17440-4 tablepress-responsive\">\n<thead>\n<tr class=\"row-1\">\n\t<td class=\"column-1\"><\/td><th class=\"column-2\">Refer\u00eancia<\/th><th class=\"column-3\">Descri\u00e7\u00e3o<\/th><td class=\"column-4\"><\/td><td class=\"column-5\"><\/td>\n<\/tr>\n<\/thead>\n<tbody class=\"row-striping row-hover\">\n<tr class=\"row-2\">\n\t<td class=\"column-1\"><img decoding=\"async\" src=\"https:\/\/www.ritzbrasil.com\/wp-content\/uploads\/2024\/07\/atr17440-3-conjunto-aterramento-temporario-veiculo-mt-150x150-1.jpg\" \/><\/td><td class=\"column-2\">ATR17440-4<\/td><td class=\"column-3\">Corrente m\u00e1xima de curto-circuito: 60 ciclos - 5 kA<\/td><td class=\"column-4\">    <button class=\"add-to-budget\" data-table-id=\"ATR17440-4\" data-reference=\"ATR17440-4\" data-description=\"Conjunto de Aterramento Tempor\u00e1rio para Ve\u00edculo (MT)\" style=\"color:#ff4d00;\">\n        <img decoding=\"async\" src=\"https:\/\/www.ritzbrasil.com\/\/wp-content\/uploads\/2024\/07\/orcar-compras-tabela-new-1.png\" alt=\"Request quote\" title=\"Request quote\" \/>\n    <\/button>\n    <\/td><td class=\"column-5\"><a href=\"https:\/\/lojasritz.com.br\/catalogsearch\/result\/?q=ATR17440-4\" target=\"_blank\" rel=\"noopener\"><img decoding=\"async\" src=\"https:\/\/www.ritzbrasil.com\/wp-content\/uploads\/2024\/07\/carrinho-compras-tabela.png\"  \/><\/a><\/td>\n<\/tr>\n<\/tbody>\n<\/table>\n<\/div>\n[\/vc_column_text][vc_separator border_width=&#8221;2&#8243; css=&#8221;&#8221;][vc_column_text css=&#8221;&#8221;]Set consisting of: 01 pc Grounding clamp with &#8220;T&#8221; screw (RG3363-1); 01 pc Grounding clamp, with &#8220;T&#8221; screw for connection to the earth point (RG3403T); 10 m Extra flexible copper cable, nominal section 25 mm\u00b2, with transparent PVC insulation, 1 flight of 10 m (CTC-25); 01 pc Plain copper terminal for 25 mm\u00b2 cable (ATR13036-2); 01 pc Retractable thermos (ATR17923); 01 pc Bag for packaging and transporting the earthing set (ATR16843-7).[\/vc_column_text][\/vc_column][\/vc_row]<\/p>\n<\/div>","protected":false},"excerpt":{"rendered":"<h4>Temporary Grounding Set for Vehicles (MT)<\/h4>\n<p>Temporary grounding for vehicles is a safety system used to drain static charges from vehicles and protect against possible electrical discharges during maintenance operations on overhead networks. This system guarantees the protection of operators who are on the ground assisting in activities, avoiding risks and electrical discharges.<\/p>\n<p>The Ritz Temporary Vehicle Grounding Set is made from high-quality materials, ensuring efficiency and reliability in all working conditions.<\/p>\n","protected":false},"featured_media":56722,"template":"","meta":[],"product_brand":[],"product_cat":[1665,4434],"product_tag":[4436,4437,4438,4413,4070,4435],"class_list":{"0":"post-61455","1":"product","2":"type-product","3":"status-publish","4":"has-post-thumbnail","6":"product_cat-temporary-grounding","7":"product_cat-temporary-vehicle-grounding","8":"product_tag-atr17440-2","9":"product_tag-atr17440-3","10":"product_tag-atr17440-4","11":"product_tag-medium-voltage","12":"product_tag-temporary-grounding","13":"product_tag-temporary-vehicle-grounding","14":"description-off","16":"first","17":"instock","18":"virtual","19":"product-type-simple"},"yoast_head":"<!-- This site is optimized with the Yoast SEO plugin v27.1.1 - https:\/\/yoast.com\/product\/yoast-seo-wordpress\/ -->\n<title>Temporary Vehicle Grounding<\/title>\n<meta name=\"description\" content=\"Temporary vehicle grounding, safety system, to drain static charges from vehicles and protect against possible electrical discharges during overhead network maintenance operations.\" \/>\n<meta name=\"robots\" content=\"index, follow, max-snippet:-1, max-image-preview:large, max-video-preview:-1\" \/>\n<link rel=\"canonical\" href=\"https:\/\/www.ritzbrasil.com\/en\/produtos\/temporary-grounding\/temporary-vehicle-grounding\/temporary-grounding-for-vehicles-mt\/\" \/>\n<meta property=\"og:locale\" content=\"en_US\" \/>\n<meta property=\"og:type\" content=\"article\" \/>\n<meta property=\"og:title\" content=\"Temporary Vehicle Grounding\" \/>\n<meta property=\"og:description\" content=\"Temporary vehicle grounding, safety system, to drain static charges from vehicles and protect against possible electrical discharges during overhead network maintenance operations.\" \/>\n<meta property=\"og:url\" content=\"https:\/\/www.ritzbrasil.com\/en\/produtos\/temporary-grounding\/temporary-vehicle-grounding\/temporary-grounding-for-vehicles-mt\/\" \/>\n<meta property=\"og:site_name\" content=\"Equipamentos de Manuten\u00e7\u00e3o e Seguran\u00e7a para o Setor El\u00e9trico - Ritz Brasil\" \/>\n<meta property=\"article:modified_time\" content=\"2026-02-25T19:06:16+00:00\" \/>\n<meta property=\"og:image\" content=\"https:\/\/www.ritzbrasil.com\/wp-content\/uploads\/2024\/07\/atr17440-2-conjunto-aterramento-temporario-veiculo-pino-bola-mt.jpg\" \/>\n\t<meta property=\"og:image:width\" content=\"1200\" \/>\n\t<meta property=\"og:image:height\" content=\"1200\" \/>\n\t<meta property=\"og:image:type\" content=\"image\/jpeg\" \/>\n<meta name=\"twitter:card\" content=\"summary_large_image\" \/>\n<meta name=\"twitter:label1\" content=\"Est. reading time\" \/>\n\t<meta name=\"twitter:data1\" content=\"2 minutes\" \/>\n<script type=\"application\/ld+json\" class=\"yoast-schema-graph\">{\"@context\":\"https:\/\/schema.org\",\"@graph\":[{\"@type\":\"WebPage\",\"@id\":\"https:\/\/www.ritzbrasil.com\/en\/produtos\/temporary-grounding\/temporary-vehicle-grounding\/temporary-grounding-for-vehicles-mt\/\",\"url\":\"https:\/\/www.ritzbrasil.com\/en\/produtos\/temporary-grounding\/temporary-vehicle-grounding\/temporary-grounding-for-vehicles-mt\/\",\"name\":\"Temporary Vehicle Grounding\",\"isPartOf\":{\"@id\":\"https:\/\/www.ritzbrasil.com\/en\/#website\"},\"primaryImageOfPage\":{\"@id\":\"https:\/\/www.ritzbrasil.com\/en\/produtos\/temporary-grounding\/temporary-vehicle-grounding\/temporary-grounding-for-vehicles-mt\/#primaryimage\"},\"image\":{\"@id\":\"https:\/\/www.ritzbrasil.com\/en\/produtos\/temporary-grounding\/temporary-vehicle-grounding\/temporary-grounding-for-vehicles-mt\/#primaryimage\"},\"thumbnailUrl\":\"https:\/\/www.ritzbrasil.com\/wp-content\/uploads\/2024\/07\/atr17440-2-conjunto-aterramento-temporario-veiculo-pino-bola-mt.jpg\",\"datePublished\":\"2024-07-08T10:50:43+00:00\",\"dateModified\":\"2026-02-25T19:06:16+00:00\",\"description\":\"Temporary vehicle grounding, safety system, to drain static charges from vehicles and protect against possible electrical discharges during overhead network maintenance operations.\",\"breadcrumb\":{\"@id\":\"https:\/\/www.ritzbrasil.com\/en\/produtos\/temporary-grounding\/temporary-vehicle-grounding\/temporary-grounding-for-vehicles-mt\/#breadcrumb\"},\"inLanguage\":\"en-US\",\"potentialAction\":[{\"@type\":\"ReadAction\",\"target\":[\"https:\/\/www.ritzbrasil.com\/en\/produtos\/temporary-grounding\/temporary-vehicle-grounding\/temporary-grounding-for-vehicles-mt\/\"]}]},{\"@type\":\"ImageObject\",\"inLanguage\":\"en-US\",\"@id\":\"https:\/\/www.ritzbrasil.com\/en\/produtos\/temporary-grounding\/temporary-vehicle-grounding\/temporary-grounding-for-vehicles-mt\/#primaryimage\",\"url\":\"https:\/\/www.ritzbrasil.com\/wp-content\/uploads\/2024\/07\/atr17440-2-conjunto-aterramento-temporario-veiculo-pino-bola-mt.jpg\",\"contentUrl\":\"https:\/\/www.ritzbrasil.com\/wp-content\/uploads\/2024\/07\/atr17440-2-conjunto-aterramento-temporario-veiculo-pino-bola-mt.jpg\",\"width\":1200,\"height\":1200,\"caption\":\"ATR17440-2 Temporary Vehicle Grounding Set with Ball Pin (MT)\"},{\"@type\":\"BreadcrumbList\",\"@id\":\"https:\/\/www.ritzbrasil.com\/en\/produtos\/temporary-grounding\/temporary-vehicle-grounding\/temporary-grounding-for-vehicles-mt\/#breadcrumb\",\"itemListElement\":[{\"@type\":\"ListItem\",\"position\":1,\"name\":\"In\u00edcio\",\"item\":\"https:\/\/www.ritzbrasil.com\/en\/\"},{\"@type\":\"ListItem\",\"position\":2,\"name\":\"Shop\",\"item\":\"https:\/\/www.ritzbrasil.com\/en\/shop\/\"},{\"@type\":\"ListItem\",\"position\":3,\"name\":\"Temporary Grounding for Vehicles (MT)\"}]},{\"@type\":\"WebSite\",\"@id\":\"https:\/\/www.ritzbrasil.com\/en\/#website\",\"url\":\"https:\/\/www.ritzbrasil.com\/en\/\",\"name\":\"Equipamentos de Manuten\u00e7\u00e3o e Seguran\u00e7a para o Setor El\u00e9trico - Ritz Brasil\",\"description\":\"\",\"potentialAction\":[{\"@type\":\"SearchAction\",\"target\":{\"@type\":\"EntryPoint\",\"urlTemplate\":\"https:\/\/www.ritzbrasil.com\/en\/?s={search_term_string}\"},\"query-input\":{\"@type\":\"PropertyValueSpecification\",\"valueRequired\":true,\"valueName\":\"search_term_string\"}}],\"inLanguage\":\"en-US\"}]}<\/script>\n<!-- \/ Yoast SEO plugin. -->","yoast_head_json":{"title":"Temporary Vehicle Grounding","description":"Temporary vehicle grounding, safety system, to drain static charges from vehicles and protect against possible electrical discharges during overhead network maintenance operations.","robots":{"index":"index","follow":"follow","max-snippet":"max-snippet:-1","max-image-preview":"max-image-preview:large","max-video-preview":"max-video-preview:-1"},"canonical":"https:\/\/www.ritzbrasil.com\/en\/produtos\/temporary-grounding\/temporary-vehicle-grounding\/temporary-grounding-for-vehicles-mt\/","og_locale":"en_US","og_type":"article","og_title":"Temporary Vehicle Grounding","og_description":"Temporary vehicle grounding, safety system, to drain static charges from vehicles and protect against possible electrical discharges during overhead network maintenance operations.","og_url":"https:\/\/www.ritzbrasil.com\/en\/produtos\/temporary-grounding\/temporary-vehicle-grounding\/temporary-grounding-for-vehicles-mt\/","og_site_name":"Equipamentos de Manuten\u00e7\u00e3o e Seguran\u00e7a para o Setor El\u00e9trico - Ritz Brasil","article_modified_time":"2026-02-25T19:06:16+00:00","og_image":[{"width":1200,"height":1200,"url":"https:\/\/www.ritzbrasil.com\/wp-content\/uploads\/2024\/07\/atr17440-2-conjunto-aterramento-temporario-veiculo-pino-bola-mt.jpg","type":"image\/jpeg"}],"twitter_card":"summary_large_image","twitter_misc":{"Est. reading time":"2 minutes"},"schema":{"@context":"https:\/\/schema.org","@graph":[{"@type":"WebPage","@id":"https:\/\/www.ritzbrasil.com\/en\/produtos\/temporary-grounding\/temporary-vehicle-grounding\/temporary-grounding-for-vehicles-mt\/","url":"https:\/\/www.ritzbrasil.com\/en\/produtos\/temporary-grounding\/temporary-vehicle-grounding\/temporary-grounding-for-vehicles-mt\/","name":"Temporary Vehicle Grounding","isPartOf":{"@id":"https:\/\/www.ritzbrasil.com\/en\/#website"},"primaryImageOfPage":{"@id":"https:\/\/www.ritzbrasil.com\/en\/produtos\/temporary-grounding\/temporary-vehicle-grounding\/temporary-grounding-for-vehicles-mt\/#primaryimage"},"image":{"@id":"https:\/\/www.ritzbrasil.com\/en\/produtos\/temporary-grounding\/temporary-vehicle-grounding\/temporary-grounding-for-vehicles-mt\/#primaryimage"},"thumbnailUrl":"https:\/\/www.ritzbrasil.com\/wp-content\/uploads\/2024\/07\/atr17440-2-conjunto-aterramento-temporario-veiculo-pino-bola-mt.jpg","datePublished":"2024-07-08T10:50:43+00:00","dateModified":"2026-02-25T19:06:16+00:00","description":"Temporary vehicle grounding, safety system, to drain static charges from vehicles and protect against possible electrical discharges during overhead network maintenance operations.","breadcrumb":{"@id":"https:\/\/www.ritzbrasil.com\/en\/produtos\/temporary-grounding\/temporary-vehicle-grounding\/temporary-grounding-for-vehicles-mt\/#breadcrumb"},"inLanguage":"en-US","potentialAction":[{"@type":"ReadAction","target":["https:\/\/www.ritzbrasil.com\/en\/produtos\/temporary-grounding\/temporary-vehicle-grounding\/temporary-grounding-for-vehicles-mt\/"]}]},{"@type":"ImageObject","inLanguage":"en-US","@id":"https:\/\/www.ritzbrasil.com\/en\/produtos\/temporary-grounding\/temporary-vehicle-grounding\/temporary-grounding-for-vehicles-mt\/#primaryimage","url":"https:\/\/www.ritzbrasil.com\/wp-content\/uploads\/2024\/07\/atr17440-2-conjunto-aterramento-temporario-veiculo-pino-bola-mt.jpg","contentUrl":"https:\/\/www.ritzbrasil.com\/wp-content\/uploads\/2024\/07\/atr17440-2-conjunto-aterramento-temporario-veiculo-pino-bola-mt.jpg","width":1200,"height":1200,"caption":"ATR17440-2 Temporary Vehicle Grounding Set with Ball Pin (MT)"},{"@type":"BreadcrumbList","@id":"https:\/\/www.ritzbrasil.com\/en\/produtos\/temporary-grounding\/temporary-vehicle-grounding\/temporary-grounding-for-vehicles-mt\/#breadcrumb","itemListElement":[{"@type":"ListItem","position":1,"name":"In\u00edcio","item":"https:\/\/www.ritzbrasil.com\/en\/"},{"@type":"ListItem","position":2,"name":"Shop","item":"https:\/\/www.ritzbrasil.com\/en\/shop\/"},{"@type":"ListItem","position":3,"name":"Temporary Grounding for Vehicles (MT)"}]},{"@type":"WebSite","@id":"https:\/\/www.ritzbrasil.com\/en\/#website","url":"https:\/\/www.ritzbrasil.com\/en\/","name":"Equipamentos de Manuten\u00e7\u00e3o e Seguran\u00e7a para o Setor El\u00e9trico - Ritz Brasil","description":"","potentialAction":[{"@type":"SearchAction","target":{"@type":"EntryPoint","urlTemplate":"https:\/\/www.ritzbrasil.com\/en\/?s={search_term_string}"},"query-input":{"@type":"PropertyValueSpecification","valueRequired":true,"valueName":"search_term_string"}}],"inLanguage":"en-US"}]}},"_links":{"self":[{"href":"https:\/\/www.ritzbrasil.com\/en\/wp-json\/wp\/v2\/product\/61455","targetHints":{"allow":["GET"]}}],"collection":[{"href":"https:\/\/www.ritzbrasil.com\/en\/wp-json\/wp\/v2\/product"}],"about":[{"href":"https:\/\/www.ritzbrasil.com\/en\/wp-json\/wp\/v2\/types\/product"}],"wp:featuredmedia":[{"embeddable":true,"href":"https:\/\/www.ritzbrasil.com\/en\/wp-json\/wp\/v2\/media\/56722"}],"wp:attachment":[{"href":"https:\/\/www.ritzbrasil.com\/en\/wp-json\/wp\/v2\/media?parent=61455"}],"wp:term":[{"taxonomy":"product_brand","embeddable":true,"href":"https:\/\/www.ritzbrasil.com\/en\/wp-json\/wp\/v2\/product_brand?post=61455"},{"taxonomy":"product_cat","embeddable":true,"href":"https:\/\/www.ritzbrasil.com\/en\/wp-json\/wp\/v2\/product_cat?post=61455"},{"taxonomy":"product_tag","embeddable":true,"href":"https:\/\/www.ritzbrasil.com\/en\/wp-json\/wp\/v2\/product_tag?post=61455"}],"curies":[{"name":"wp","href":"https:\/\/api.w.org\/{rel}","templated":true}]}}