{"id":61436,"date":"2024-07-08T10:20:18","date_gmt":"2024-07-08T13:20:18","guid":{"rendered":"https:\/\/www.ritzbrasil.com\/produtos\/uncategorized\/grounding-auger\/"},"modified":"2026-02-25T16:03:50","modified_gmt":"2026-02-25T19:03:50","slug":"grounding-auger","status":"publish","type":"product","link":"https:\/\/www.ritzbrasil.com\/en\/produtos\/temporary-grounding\/grounding-auger\/","title":{"rendered":"Grounding auger"},"content":{"rendered":"<div class=\"wpb-content-wrapper\"><p>[vc_row][vc_column][vc_column_text css=&#8221;.vc_custom_1722945582316{margin-top: 20px !important;}&#8221;]<\/p>\n<h4><span style=\"color: #ff9900;\"><strong>Grounding auger<\/strong><\/span><\/h4>\n<p>[\/vc_column_text][vc_column_text css=&#8221;.vc_custom_1723032203578{margin-top: -20px !important;}&#8221;]\n<div id=\"tablepress-Trado-Aterramento-cobreado-scroll-wrapper\" class=\"tablepress-scroll-wrapper\">\n<table id=\"tablepress-Trado-Aterramento-cobreado\" class=\"tablepress tablepress-id-Trado-Aterramento-cobreado tablepress-responsive\">\n<thead>\n<tr class=\"row-1\">\n\t<td class=\"column-1\"><\/td><th class=\"column-2\">  Refer\u00eancias<\/th><th class=\"column-3\">Caracter\u00edstica<\/th><td class=\"column-4\"><\/td><td class=\"column-5\"><\/td>\n<\/tr>\n<\/thead>\n<tbody class=\"row-striping row-hover\">\n<tr class=\"row-2\">\n\t<td class=\"column-1\"><img decoding=\"async\" src=\"https:\/\/www.ritzbrasil.com\/wp-content\/uploads\/2024\/08\/atr00137-trado-aterramento-150x150-1.jpg\" \/><\/td><td class=\"column-2\">ATR00137-1<\/td><td class=\"column-3\">\u00d8 17 mm x 1,50 m<\/td><td class=\"column-4\">    <button class=\"add-to-budget\" data-table-id=\"Trado-Aterramento-cobreado\" data-reference=\"ATR00137-1\" data-description=\"Trado de Aterramento\" style=\"color:#ff4d00;\">\n        <img decoding=\"async\" src=\"https:\/\/www.ritzbrasil.com\/\/wp-content\/uploads\/2024\/07\/orcar-compras-tabela-new-1.png\" alt=\"Request quote\" title=\"Request quote\" \/>\n    <\/button>\n    <\/td><td class=\"column-5\"><a href=\"https:\/\/lojasritz.com.br\/catalogsearch\/result\/?q=ATR00137-1\" target=\"_blank\" rel=\"noopener\"><img decoding=\"async\" src=\"https:\/\/www.ritzbrasil.com\/wp-content\/uploads\/2024\/07\/carrinho-compras-tabela.png\"  \/><\/a><\/td>\n<\/tr>\n<tr class=\"row-3\">\n\t<td class=\"column-1\"><img decoding=\"async\" src=\"https:\/\/www.ritzbrasil.com\/wp-content\/uploads\/2024\/08\/atr00137-trado-aterramento-150x150-1.jpg\" \/><\/td><td class=\"column-2\">ATR00137-2<\/td><td class=\"column-3\">\u00d8 17 mm x 1,00 m<\/td><td class=\"column-4\">    <button class=\"add-to-budget\" data-table-id=\"Trado-Aterramento-cobreado\" data-reference=\"ATR00137-2\" data-description=\"Trado de Aterramento\" style=\"color:#ff4d00;\">\n        <img decoding=\"async\" src=\"https:\/\/www.ritzbrasil.com\/\/wp-content\/uploads\/2024\/07\/orcar-compras-tabela-new-1.png\" alt=\"Request quote\" title=\"Request quote\" \/>\n    <\/button>\n    <\/td><td class=\"column-5\"><a href=\"https:\/\/lojasritz.com.br\/catalogsearch\/result\/?q=ATR00137-2\" target=\"_blank\" rel=\"noopener\"><img decoding=\"async\" src=\"https:\/\/www.ritzbrasil.com\/wp-content\/uploads\/2024\/07\/carrinho-compras-tabela.png\"  \/><\/a><\/td>\n<\/tr>\n<tr class=\"row-4\">\n\t<td class=\"column-1\"><img decoding=\"async\" src=\"https:\/\/www.ritzbrasil.com\/wp-content\/uploads\/2024\/08\/atr00137-trado-aterramento-150x150-1.jpg\" \/><\/td><td class=\"column-2\">ATR00137-3<\/td><td class=\"column-3\">\u00d8 17 mm x 1,80 m<\/td><td class=\"column-4\">    <button class=\"add-to-budget\" data-table-id=\"Trado-Aterramento-cobreado\" data-reference=\"ATR00137-3\" data-description=\"Trado de Aterramento\" style=\"color:#ff4d00;\">\n        <img decoding=\"async\" src=\"https:\/\/www.ritzbrasil.com\/\/wp-content\/uploads\/2024\/07\/orcar-compras-tabela-new-1.png\" alt=\"Request quote\" title=\"Request quote\" \/>\n    <\/button>\n    <\/td><td class=\"column-5\"><a href=\"https:\/\/lojasritz.com.br\/catalogsearch\/result\/?q=ATR00137-3\" target=\"_blank\" rel=\"noopener\"><img decoding=\"async\" src=\"https:\/\/www.ritzbrasil.com\/wp-content\/uploads\/2024\/07\/carrinho-compras-tabela.png\"  \/><\/a><\/td>\n<\/tr>\n<\/tbody>\n<\/table>\n<\/div>\n[\/vc_column_text][vc_column_text css=&#8221;&#8221;]Earth auger with copper-plated steel rod, support and threadable tip in cast copper alloy with rubber protection, detachable steel handle for easy packing, transportation and storage.[\/vc_column_text][vc_separator border_width=&#8221;2&#8243; css=&#8221;&#8221;][\/vc_column][\/vc_row][vc_row][vc_column][vc_column_text css=&#8221;.vc_custom_1723033650111{margin-top: -20px !important;}&#8221;]\n<div id=\"tablepress-Trado-Aterramento-galvanizado-scroll-wrapper\" class=\"tablepress-scroll-wrapper\">\n<table id=\"tablepress-Trado-Aterramento-galvanizado\" class=\"tablepress tablepress-id-Trado-Aterramento-galvanizado tablepress-responsive\">\n<thead>\n<tr class=\"row-1\">\n\t<td class=\"column-1\"><\/td><th class=\"column-2\">  Refer\u00eancias<\/th><th class=\"column-3\">Caracter\u00edstica<\/th><td class=\"column-4\"><\/td><td class=\"column-5\"><\/td>\n<\/tr>\n<\/thead>\n<tbody class=\"row-striping row-hover\">\n<tr class=\"row-2\">\n\t<td class=\"column-1\"><img decoding=\"async\" src=\"https:\/\/www.ritzbrasil.com\/wp-content\/uploads\/2024\/08\/atr08814-trado-aterramento-150x150-1.jpg\" \/><\/td><td class=\"column-2\">ATR08814-1<\/td><td class=\"column-3\">\u00d8 19 mm x 1,00 m<\/td><td class=\"column-4\">    <button class=\"add-to-budget\" data-table-id=\"Trado-Aterramento-galvanizado\" data-reference=\"ATR08814-1\" data-description=\"Trado de Aterramento\" style=\"color:#ff4d00;\">\n        <img decoding=\"async\" src=\"https:\/\/www.ritzbrasil.com\/\/wp-content\/uploads\/2024\/07\/orcar-compras-tabela-new-1.png\" alt=\"Request quote\" title=\"Request quote\" \/>\n    <\/button>\n    <\/td><td class=\"column-5\"><a href=\"https:\/\/lojasritz.com.br\/catalogsearch\/result\/?q=ATR08814-1\" target=\"_blank\" rel=\"noopener\"><img decoding=\"async\" src=\"https:\/\/www.ritzbrasil.com\/wp-content\/uploads\/2024\/07\/carrinho-compras-tabela.png\"  \/><\/a><\/td>\n<\/tr>\n<tr class=\"row-3\">\n\t<td class=\"column-1\"><img decoding=\"async\" src=\"https:\/\/www.ritzbrasil.com\/wp-content\/uploads\/2024\/08\/atr08814-trado-aterramento-150x150-1.jpg\" \/><\/td><td class=\"column-2\">ATR08814-2<\/td><td class=\"column-3\">\u00d8 19 mm x 1,20 m<\/td><td class=\"column-4\">    <button class=\"add-to-budget\" data-table-id=\"Trado-Aterramento-galvanizado\" data-reference=\"ATR08814-2\" data-description=\"Trado de Aterramento\" style=\"color:#ff4d00;\">\n        <img decoding=\"async\" src=\"https:\/\/www.ritzbrasil.com\/\/wp-content\/uploads\/2024\/07\/orcar-compras-tabela-new-1.png\" alt=\"Request quote\" title=\"Request quote\" \/>\n    <\/button>\n    <\/td><td class=\"column-5\"><a href=\"https:\/\/lojasritz.com.br\/catalogsearch\/result\/?q=ATR08814-2\" target=\"_blank\" rel=\"noopener\"><img decoding=\"async\" src=\"https:\/\/www.ritzbrasil.com\/wp-content\/uploads\/2024\/07\/carrinho-compras-tabela.png\"  \/><\/a><\/td>\n<\/tr>\n<tr class=\"row-4\">\n\t<td class=\"column-1\"><img decoding=\"async\" src=\"https:\/\/www.ritzbrasil.com\/wp-content\/uploads\/2024\/08\/atr08814-trado-aterramento-150x150-1.jpg\" \/><\/td><td class=\"column-2\">ATR08814-3<\/td><td class=\"column-3\">\u00d8 19 mm x 1,50 m<\/td><td class=\"column-4\">    <button class=\"add-to-budget\" data-table-id=\"Trado-Aterramento-galvanizado\" data-reference=\"ATR08814-3\" data-description=\"Trado de Aterramento\" style=\"color:#ff4d00;\">\n        <img decoding=\"async\" src=\"https:\/\/www.ritzbrasil.com\/\/wp-content\/uploads\/2024\/07\/orcar-compras-tabela-new-1.png\" alt=\"Request quote\" title=\"Request quote\" \/>\n    <\/button>\n    <\/td><td class=\"column-5\"><a href=\"https:\/\/lojasritz.com.br\/catalogsearch\/result\/?q=ATR08814-3\" target=\"_blank\" rel=\"noopener\"><img decoding=\"async\" src=\"https:\/\/www.ritzbrasil.com\/wp-content\/uploads\/2024\/07\/carrinho-compras-tabela.png\"  \/><\/a><\/td>\n<\/tr>\n<tr class=\"row-5\">\n\t<td class=\"column-1\"><img decoding=\"async\" src=\"https:\/\/www.ritzbrasil.com\/wp-content\/uploads\/2024\/08\/atr08814-trado-aterramento-150x150-1.jpg\" \/><\/td><td class=\"column-2\">ATR08814-4<\/td><td class=\"column-3\">\u00d8 19 mm x 0,85 m<\/td><td class=\"column-4\">    <button class=\"add-to-budget\" data-table-id=\"Trado-Aterramento-galvanizado\" data-reference=\"ATR08814-4\" data-description=\"Trado de Aterramento\" style=\"color:#ff4d00;\">\n        <img decoding=\"async\" src=\"https:\/\/www.ritzbrasil.com\/\/wp-content\/uploads\/2024\/07\/orcar-compras-tabela-new-1.png\" alt=\"Request quote\" title=\"Request quote\" \/>\n    <\/button>\n    <\/td><td class=\"column-5\"><a href=\"https:\/\/lojasritz.com.br\/catalogsearch\/result\/?q=ATR08814-4\" target=\"_blank\" rel=\"noopener\"><img decoding=\"async\" src=\"https:\/\/www.ritzbrasil.com\/wp-content\/uploads\/2024\/07\/carrinho-compras-tabela.png\"  \/><\/a><\/td>\n<\/tr>\n<\/tbody>\n<\/table>\n<\/div>\n[\/vc_column_text][vc_column_text css=&#8221;&#8221;]Earth auger with hot-dip galvanized steel rod, hexagonal section and welded steel handle.[\/vc_column_text][vc_separator border_width=&#8221;2&#8243; css=&#8221;&#8221;][\/vc_column][\/vc_row][vc_row][vc_column][vc_column_text css=&#8221;.vc_custom_1723034261122{margin-top: -20px !important;}&#8221;]\n<div id=\"tablepress-ATR03402-1-scroll-wrapper\" class=\"tablepress-scroll-wrapper\">\n<table id=\"tablepress-ATR03402-1\" class=\"tablepress tablepress-id-ATR03402-1 tablepress-responsive\">\n<thead>\n<tr class=\"row-1\">\n\t<td class=\"column-1\"><\/td><th class=\"column-2\">  Refer\u00eancias<\/th><th class=\"column-3\">Caracter\u00edstica<\/th><td class=\"column-4\"><\/td><td class=\"column-5\"><\/td>\n<\/tr>\n<\/thead>\n<tbody class=\"row-striping row-hover\">\n<tr class=\"row-2\">\n\t<td class=\"column-1\"><img decoding=\"async\" src=\"https:\/\/www.ritzbrasil.com\/wp-content\/uploads\/2024\/08\/atr03402-1-trado-aterramento-150x150-1.jpg\" \/><\/td><td class=\"column-2\">ATR03402-1<\/td><td class=\"column-3\">\u00d8 20 mm x 0,80 m<\/td><td class=\"column-4\">    <button class=\"add-to-budget\" data-table-id=\"ATR03402-1\" data-reference=\"ATR03402-1\" data-description=\"Trado de Aterramento\" style=\"color:#ff4d00;\">\n        <img decoding=\"async\" src=\"https:\/\/www.ritzbrasil.com\/\/wp-content\/uploads\/2024\/07\/orcar-compras-tabela-new-1.png\" alt=\"Request quote\" title=\"Request quote\" \/>\n    <\/button>\n    <\/td><td class=\"column-5\"><a href=\"https:\/\/lojasritz.com.br\/catalogsearch\/result\/?q=ATR03402-1\" target=\"_blank\" rel=\"noopener\"><img decoding=\"async\" src=\"https:\/\/www.ritzbrasil.com\/wp-content\/uploads\/2024\/07\/carrinho-compras-tabela.png\"  \/><\/a><\/td>\n<\/tr>\n<\/tbody>\n<\/table>\n<\/div>\n[\/vc_column_text][vc_column_text css=&#8221;&#8221;]Earth auger with threaded tip in cast copper alloy with rubber protection, detachable steel handle for easy packing, transportation and storage.[\/vc_column_text][vc_separator border_width=&#8221;2&#8243; css=&#8221;&#8221;][\/vc_column][\/vc_row][vc_row][vc_column][vc_column_text css=&#8221;.vc_custom_1723034421896{margin-top: -20px !important;}&#8221;]\n<div id=\"tablepress-ATR31691-1-scroll-wrapper\" class=\"tablepress-scroll-wrapper\">\n<table id=\"tablepress-ATR31691-1\" class=\"tablepress tablepress-id-ATR31691-1 tablepress-responsive\">\n<thead>\n<tr class=\"row-1\">\n\t<td class=\"column-1\"><\/td><th class=\"column-2\">  Refer\u00eancias<\/th><th class=\"column-3\">Caracter\u00edstica<\/th><td class=\"column-4\"><\/td><td class=\"column-5\"><\/td>\n<\/tr>\n<\/thead>\n<tbody class=\"row-striping row-hover\">\n<tr class=\"row-2\">\n\t<td class=\"column-1\"><img decoding=\"async\" src=\"https:\/\/www.ritzbrasil.com\/wp-content\/uploads\/2024\/08\/atr31691-1-trado-aterramento-150x150-1.jpg\" \/><\/td><td class=\"column-2\">ATR31691-1<\/td><td class=\"column-3\">\u00d8 17,5 mm x 1,20 m<\/td><td class=\"column-4\">    <button class=\"add-to-budget\" data-table-id=\"ATR31691-1\" data-reference=\"ATR31691-1\" data-description=\"Trado de Aterramento\" style=\"color:#ff4d00;\">\n        <img decoding=\"async\" src=\"https:\/\/www.ritzbrasil.com\/\/wp-content\/uploads\/2024\/07\/orcar-compras-tabela-new-1.png\" alt=\"Request quote\" title=\"Request quote\" \/>\n    <\/button>\n    <\/td><td class=\"column-5\"><a href=\"https:\/\/lojasritz.com.br\/catalogsearch\/result\/?q=ATR31691-1\" target=\"_blank\" rel=\"noopener\"><img decoding=\"async\" src=\"https:\/\/www.ritzbrasil.com\/wp-content\/uploads\/2024\/07\/carrinho-compras-tabela.png\"  \/><\/a><\/td>\n<\/tr>\n<\/tbody>\n<\/table>\n<\/div>\n[\/vc_column_text][vc_column_text css=&#8221;&#8221;]Earth auger with copper-plated steel rod.[\/vc_column_text][vc_separator border_width=&#8221;2&#8243; css=&#8221;&#8221;][vc_column_text css=&#8221;&#8221;]<em>* All optional bags are made with reinforcements on the edges and ends. Ideal for packaging and transporting the auger. <\/em>[\/vc_column_text][\/vc_column][\/vc_row]<\/p>\n<\/div>","protected":false},"excerpt":{"rendered":"<p>Earthing <strong>Auger<\/strong><\/p>\n<p>Earthing auger with copper-plated steel rod, support and threadable tip in cast copper alloy with rubber protection, detachable steel handle for easy packing, transportation and storage.<\/p>\n","protected":false},"featured_media":57110,"template":"","meta":[],"product_brand":[],"product_cat":[1665],"product_tag":[3174,3175,4201,4206,4202,4203,4204,4205,4207,4200,4070],"class_list":{"0":"post-61436","1":"product","2":"type-product","3":"status-publish","4":"has-post-thumbnail","6":"product_cat-temporary-grounding","7":"product_tag-atr00137-1-en","8":"product_tag-atr00137-2-en","9":"product_tag-atr00137-3","10":"product_tag-atr03402-1","11":"product_tag-atr08814-1","12":"product_tag-atr08814-2","13":"product_tag-atr08814-3","14":"product_tag-atr08814-4","15":"product_tag-atr31691-1","16":"product_tag-grounding-auger","17":"product_tag-temporary-grounding","18":"description-off","20":"first","21":"instock","22":"virtual","23":"product-type-simple"},"yoast_head":"<!-- This site is optimized with the Yoast SEO plugin v27.1.1 - https:\/\/yoast.com\/product\/yoast-seo-wordpress\/ -->\n<title>Grounding auger<\/title>\n<meta name=\"description\" content=\"Earth auger with copper-plated steel rod, support and threadable tip, rubber protection and detachable steel handle for easy transportation.\" \/>\n<meta name=\"robots\" content=\"index, follow, max-snippet:-1, max-image-preview:large, max-video-preview:-1\" \/>\n<link rel=\"canonical\" href=\"https:\/\/www.ritzbrasil.com\/en\/produtos\/temporary-grounding\/grounding-auger\/\" \/>\n<meta property=\"og:locale\" content=\"en_US\" \/>\n<meta property=\"og:type\" content=\"article\" \/>\n<meta property=\"og:title\" content=\"Grounding auger\" \/>\n<meta property=\"og:description\" content=\"Earth auger with copper-plated steel rod, support and threadable tip, rubber protection and detachable steel handle for easy transportation.\" \/>\n<meta property=\"og:url\" content=\"https:\/\/www.ritzbrasil.com\/en\/produtos\/temporary-grounding\/grounding-auger\/\" \/>\n<meta property=\"og:site_name\" content=\"Equipamentos de Manuten\u00e7\u00e3o e Seguran\u00e7a para o Setor El\u00e9trico - Ritz Brasil\" \/>\n<meta property=\"article:modified_time\" content=\"2026-02-25T19:03:50+00:00\" \/>\n<meta property=\"og:image\" content=\"https:\/\/www.ritzbrasil.com\/wp-content\/uploads\/2024\/08\/atr00137-trado-aterramento.jpg\" \/>\n\t<meta property=\"og:image:width\" content=\"1200\" \/>\n\t<meta property=\"og:image:height\" content=\"1200\" \/>\n\t<meta property=\"og:image:type\" content=\"image\/jpeg\" \/>\n<meta name=\"twitter:card\" content=\"summary_large_image\" \/>\n<meta name=\"twitter:label1\" content=\"Est. reading time\" \/>\n\t<meta name=\"twitter:data1\" content=\"1 minute\" \/>\n<script type=\"application\/ld+json\" class=\"yoast-schema-graph\">{\"@context\":\"https:\/\/schema.org\",\"@graph\":[{\"@type\":\"WebPage\",\"@id\":\"https:\/\/www.ritzbrasil.com\/en\/produtos\/temporary-grounding\/grounding-auger\/\",\"url\":\"https:\/\/www.ritzbrasil.com\/en\/produtos\/temporary-grounding\/grounding-auger\/\",\"name\":\"Grounding auger\",\"isPartOf\":{\"@id\":\"https:\/\/www.ritzbrasil.com\/en\/#website\"},\"primaryImageOfPage\":{\"@id\":\"https:\/\/www.ritzbrasil.com\/en\/produtos\/temporary-grounding\/grounding-auger\/#primaryimage\"},\"image\":{\"@id\":\"https:\/\/www.ritzbrasil.com\/en\/produtos\/temporary-grounding\/grounding-auger\/#primaryimage\"},\"thumbnailUrl\":\"https:\/\/www.ritzbrasil.com\/wp-content\/uploads\/2024\/08\/atr00137-trado-aterramento.jpg\",\"datePublished\":\"2024-07-08T13:20:18+00:00\",\"dateModified\":\"2026-02-25T19:03:50+00:00\",\"description\":\"Earth auger with copper-plated steel rod, support and threadable tip, rubber protection and detachable steel handle for easy transportation.\",\"breadcrumb\":{\"@id\":\"https:\/\/www.ritzbrasil.com\/en\/produtos\/temporary-grounding\/grounding-auger\/#breadcrumb\"},\"inLanguage\":\"en-US\",\"potentialAction\":[{\"@type\":\"ReadAction\",\"target\":[\"https:\/\/www.ritzbrasil.com\/en\/produtos\/temporary-grounding\/grounding-auger\/\"]}]},{\"@type\":\"ImageObject\",\"inLanguage\":\"en-US\",\"@id\":\"https:\/\/www.ritzbrasil.com\/en\/produtos\/temporary-grounding\/grounding-auger\/#primaryimage\",\"url\":\"https:\/\/www.ritzbrasil.com\/wp-content\/uploads\/2024\/08\/atr00137-trado-aterramento.jpg\",\"contentUrl\":\"https:\/\/www.ritzbrasil.com\/wp-content\/uploads\/2024\/08\/atr00137-trado-aterramento.jpg\",\"width\":1200,\"height\":1200,\"caption\":\"ATR00137 Grounding Auger\"},{\"@type\":\"BreadcrumbList\",\"@id\":\"https:\/\/www.ritzbrasil.com\/en\/produtos\/temporary-grounding\/grounding-auger\/#breadcrumb\",\"itemListElement\":[{\"@type\":\"ListItem\",\"position\":1,\"name\":\"In\u00edcio\",\"item\":\"https:\/\/www.ritzbrasil.com\/en\/\"},{\"@type\":\"ListItem\",\"position\":2,\"name\":\"Shop\",\"item\":\"https:\/\/www.ritzbrasil.com\/en\/shop\/\"},{\"@type\":\"ListItem\",\"position\":3,\"name\":\"Grounding auger\"}]},{\"@type\":\"WebSite\",\"@id\":\"https:\/\/www.ritzbrasil.com\/en\/#website\",\"url\":\"https:\/\/www.ritzbrasil.com\/en\/\",\"name\":\"Equipamentos de Manuten\u00e7\u00e3o e Seguran\u00e7a para o Setor El\u00e9trico - Ritz Brasil\",\"description\":\"\",\"potentialAction\":[{\"@type\":\"SearchAction\",\"target\":{\"@type\":\"EntryPoint\",\"urlTemplate\":\"https:\/\/www.ritzbrasil.com\/en\/?s={search_term_string}\"},\"query-input\":{\"@type\":\"PropertyValueSpecification\",\"valueRequired\":true,\"valueName\":\"search_term_string\"}}],\"inLanguage\":\"en-US\"}]}<\/script>\n<!-- \/ Yoast SEO plugin. -->","yoast_head_json":{"title":"Grounding auger","description":"Earth auger with copper-plated steel rod, support and threadable tip, rubber protection and detachable steel handle for easy transportation.","robots":{"index":"index","follow":"follow","max-snippet":"max-snippet:-1","max-image-preview":"max-image-preview:large","max-video-preview":"max-video-preview:-1"},"canonical":"https:\/\/www.ritzbrasil.com\/en\/produtos\/temporary-grounding\/grounding-auger\/","og_locale":"en_US","og_type":"article","og_title":"Grounding auger","og_description":"Earth auger with copper-plated steel rod, support and threadable tip, rubber protection and detachable steel handle for easy transportation.","og_url":"https:\/\/www.ritzbrasil.com\/en\/produtos\/temporary-grounding\/grounding-auger\/","og_site_name":"Equipamentos de Manuten\u00e7\u00e3o e Seguran\u00e7a para o Setor El\u00e9trico - Ritz Brasil","article_modified_time":"2026-02-25T19:03:50+00:00","og_image":[{"width":1200,"height":1200,"url":"https:\/\/www.ritzbrasil.com\/wp-content\/uploads\/2024\/08\/atr00137-trado-aterramento.jpg","type":"image\/jpeg"}],"twitter_card":"summary_large_image","twitter_misc":{"Est. reading time":"1 minute"},"schema":{"@context":"https:\/\/schema.org","@graph":[{"@type":"WebPage","@id":"https:\/\/www.ritzbrasil.com\/en\/produtos\/temporary-grounding\/grounding-auger\/","url":"https:\/\/www.ritzbrasil.com\/en\/produtos\/temporary-grounding\/grounding-auger\/","name":"Grounding auger","isPartOf":{"@id":"https:\/\/www.ritzbrasil.com\/en\/#website"},"primaryImageOfPage":{"@id":"https:\/\/www.ritzbrasil.com\/en\/produtos\/temporary-grounding\/grounding-auger\/#primaryimage"},"image":{"@id":"https:\/\/www.ritzbrasil.com\/en\/produtos\/temporary-grounding\/grounding-auger\/#primaryimage"},"thumbnailUrl":"https:\/\/www.ritzbrasil.com\/wp-content\/uploads\/2024\/08\/atr00137-trado-aterramento.jpg","datePublished":"2024-07-08T13:20:18+00:00","dateModified":"2026-02-25T19:03:50+00:00","description":"Earth auger with copper-plated steel rod, support and threadable tip, rubber protection and detachable steel handle for easy transportation.","breadcrumb":{"@id":"https:\/\/www.ritzbrasil.com\/en\/produtos\/temporary-grounding\/grounding-auger\/#breadcrumb"},"inLanguage":"en-US","potentialAction":[{"@type":"ReadAction","target":["https:\/\/www.ritzbrasil.com\/en\/produtos\/temporary-grounding\/grounding-auger\/"]}]},{"@type":"ImageObject","inLanguage":"en-US","@id":"https:\/\/www.ritzbrasil.com\/en\/produtos\/temporary-grounding\/grounding-auger\/#primaryimage","url":"https:\/\/www.ritzbrasil.com\/wp-content\/uploads\/2024\/08\/atr00137-trado-aterramento.jpg","contentUrl":"https:\/\/www.ritzbrasil.com\/wp-content\/uploads\/2024\/08\/atr00137-trado-aterramento.jpg","width":1200,"height":1200,"caption":"ATR00137 Grounding Auger"},{"@type":"BreadcrumbList","@id":"https:\/\/www.ritzbrasil.com\/en\/produtos\/temporary-grounding\/grounding-auger\/#breadcrumb","itemListElement":[{"@type":"ListItem","position":1,"name":"In\u00edcio","item":"https:\/\/www.ritzbrasil.com\/en\/"},{"@type":"ListItem","position":2,"name":"Shop","item":"https:\/\/www.ritzbrasil.com\/en\/shop\/"},{"@type":"ListItem","position":3,"name":"Grounding auger"}]},{"@type":"WebSite","@id":"https:\/\/www.ritzbrasil.com\/en\/#website","url":"https:\/\/www.ritzbrasil.com\/en\/","name":"Equipamentos de Manuten\u00e7\u00e3o e Seguran\u00e7a para o Setor El\u00e9trico - Ritz Brasil","description":"","potentialAction":[{"@type":"SearchAction","target":{"@type":"EntryPoint","urlTemplate":"https:\/\/www.ritzbrasil.com\/en\/?s={search_term_string}"},"query-input":{"@type":"PropertyValueSpecification","valueRequired":true,"valueName":"search_term_string"}}],"inLanguage":"en-US"}]}},"_links":{"self":[{"href":"https:\/\/www.ritzbrasil.com\/en\/wp-json\/wp\/v2\/product\/61436","targetHints":{"allow":["GET"]}}],"collection":[{"href":"https:\/\/www.ritzbrasil.com\/en\/wp-json\/wp\/v2\/product"}],"about":[{"href":"https:\/\/www.ritzbrasil.com\/en\/wp-json\/wp\/v2\/types\/product"}],"wp:featuredmedia":[{"embeddable":true,"href":"https:\/\/www.ritzbrasil.com\/en\/wp-json\/wp\/v2\/media\/57110"}],"wp:attachment":[{"href":"https:\/\/www.ritzbrasil.com\/en\/wp-json\/wp\/v2\/media?parent=61436"}],"wp:term":[{"taxonomy":"product_brand","embeddable":true,"href":"https:\/\/www.ritzbrasil.com\/en\/wp-json\/wp\/v2\/product_brand?post=61436"},{"taxonomy":"product_cat","embeddable":true,"href":"https:\/\/www.ritzbrasil.com\/en\/wp-json\/wp\/v2\/product_cat?post=61436"},{"taxonomy":"product_tag","embeddable":true,"href":"https:\/\/www.ritzbrasil.com\/en\/wp-json\/wp\/v2\/product_tag?post=61436"}],"curies":[{"name":"wp","href":"https:\/\/api.w.org\/{rel}","templated":true}]}}