{"id":61432,"date":"2024-07-08T09:40:33","date_gmt":"2024-07-08T12:40:33","guid":{"rendered":"https:\/\/www.ritzbrasil.com\/produtos\/uncategorized\/multi-angle-grounding-clamp\/"},"modified":"2026-02-25T16:04:27","modified_gmt":"2026-02-25T19:04:27","slug":"multi-angle-grounding-clamp","status":"publish","type":"product","link":"https:\/\/www.ritzbrasil.com\/en\/produtos\/temporary-grounding\/multi-angle-grounding-clamp\/","title":{"rendered":"Multi-angle grounding clamp"},"content":{"rendered":"<div class=\"wpb-content-wrapper\"><p>[vc_row][vc_column][vc_column_text css=&#8221;.vc_custom_1722453579711{margin-top: -20px !important;}&#8221;]\n<div id=\"tablepress-Grampo_Aterramento_Multiangular-scroll-wrapper\" class=\"tablepress-scroll-wrapper\">\n<table id=\"tablepress-Grampo_Aterramento_Multiangular\" class=\"tablepress tablepress-id-Grampo_Aterramento_Multiangular tablepress-responsive\">\n<thead>\n<tr class=\"row-1\">\n\t<td class=\"column-1\"><\/td><th class=\"column-2\">  Refer\u00eancias<\/th><th class=\"column-3\">Caracter\u00edstica<\/th><td class=\"column-4\"><\/td><td class=\"column-5\"><\/td>\n<\/tr>\n<\/thead>\n<tbody class=\"row-striping row-hover\">\n<tr class=\"row-2\">\n\t<td class=\"column-1\"><img decoding=\"async\" src=\"https:\/\/www.ritzbrasil.com\/wp-content\/uploads\/2024\/07\/rg4229-1sj-grampo-aterramento-multiangular-150x150-1.jpg\" \/><\/td><td class=\"column-2\">RG4229-1SJ<\/td><td class=\"column-3\">Corpo em alum\u00ednio; Mordente serrilhado; Parafuso de aperto tipo olhal;<br \/>\nConex\u00e3o do cabo atrav\u00e9s de terminal liso; Permite a opera\u00e7\u00e3o em \u00e2ngulos cont\u00ednuos de at\u00e9<br \/>\n75\u00b0<\/td><td class=\"column-4\">    <button class=\"add-to-budget\" data-table-id=\"Grampo_Aterramento_Multiangular\" data-reference=\"RG4229-1SJ\" data-description=\"Grampo Aterramento Multiangular\" style=\"color:#ff4d00;\">\n        <img decoding=\"async\" src=\"https:\/\/www.ritzbrasil.com\/\/wp-content\/uploads\/2024\/07\/orcar-compras-tabela-new-1.png\" alt=\"Request quote\" title=\"Request quote\" \/>\n    <\/button>\n    <\/td><td class=\"column-5\"><a href=\"https:\/\/lojasritz.com.br\/catalogsearch\/result\/?q=RG4229-1SJ\" target=\"_blank\" rel=\"noopener\"><img decoding=\"async\" src=\"https:\/\/www.ritzbrasil.com\/wp-content\/uploads\/2024\/07\/carrinho-compras-tabela.png\"  \/><\/a><\/td>\n<\/tr>\n<tr class=\"row-3\">\n\t<td class=\"column-1\"><img decoding=\"async\" src=\"https:\/\/www.ritzbrasil.com\/wp-content\/uploads\/2024\/07\/atr13159-1-grampo-aterramento-multiangular-150x150-1.jpg\" \/><\/td><td class=\"column-2\">ATR13159-1<\/td><td class=\"column-3\">Corpo em alum\u00ednio; Mordente serrilhado; Parafuso de aperto tipo olhal;<br \/>\nConex\u00e3o do cabo atrav\u00e9s de terminal liso; Travamento dos \u00e2ngulos de opera\u00e7\u00e3o pr\u00e9-<br \/>\najust\u00e1veis e fixos atrav\u00e9s de porca borboleta<\/td><td class=\"column-4\">    <button class=\"add-to-budget\" data-table-id=\"Grampo_Aterramento_Multiangular\" data-reference=\"ATR13159-1\" data-description=\"Grampo Aterramento Multiangular\" style=\"color:#ff4d00;\">\n        <img decoding=\"async\" src=\"https:\/\/www.ritzbrasil.com\/\/wp-content\/uploads\/2024\/07\/orcar-compras-tabela-new-1.png\" alt=\"Request quote\" title=\"Request quote\" \/>\n    <\/button>\n    <\/td><td class=\"column-5\"><a href=\"https:\/\/lojasritz.com.br\/catalogsearch\/result\/?q=ATR13159-1\" target=\"_blank\" rel=\"noopener\"><img decoding=\"async\" src=\"https:\/\/www.ritzbrasil.com\/wp-content\/uploads\/2024\/07\/carrinho-compras-tabela.png\"  \/><\/a><\/td>\n<\/tr>\n<tr class=\"row-4\">\n\t<td class=\"column-1\"><img decoding=\"async\" src=\"https:\/\/www.ritzbrasil.com\/wp-content\/uploads\/2024\/08\/rhg4229-6sj-grampo-aterramento-multiangular-150x150-1.jpg\" \/><\/td><td class=\"column-2\">RHG4229-6SJ<\/td><td class=\"column-3\">Corpo em alum\u00ednio; Mordente serrilhado; Fixo no tubo RITZGLAS\u00ae \u00d8 32 mm<br \/>\nx 1,83 m; Conex\u00e3o do cabo atrav\u00e9s de terminal liso; Permite a opera\u00e7\u00e3o em \u00e2ngulos<br \/>\ncont\u00ednuos de at\u00e9 75\u00b0<\/td><td class=\"column-4\">    <button class=\"add-to-budget\" data-table-id=\"Grampo_Aterramento_Multiangular\" data-reference=\"RHG4229-6SJ\" data-description=\"Grampo Aterramento Multiangular\" style=\"color:#ff4d00;\">\n        <img decoding=\"async\" src=\"https:\/\/www.ritzbrasil.com\/\/wp-content\/uploads\/2024\/07\/orcar-compras-tabela-new-1.png\" alt=\"Request quote\" title=\"Request quote\" \/>\n    <\/button>\n    <\/td><td class=\"column-5\"><a href=\"https:\/\/lojasritz.com.br\/catalogsearch\/result\/?q=RHG4229-6SJ\" target=\"_blank\" rel=\"noopener\"><img decoding=\"async\" src=\"https:\/\/www.ritzbrasil.com\/wp-content\/uploads\/2024\/07\/carrinho-compras-tabela.png\"  \/><\/a><\/td>\n<\/tr>\n<tr class=\"row-5\">\n\t<td class=\"column-1\"><img decoding=\"async\" src=\"https:\/\/www.ritzbrasil.com\/wp-content\/uploads\/2024\/07\/rc600-1732-grampo-aterramento-multiangular-150x150-1.jpg\" \/><\/td><td class=\"column-2\">RC600-1732<\/td><td class=\"column-3\">Corpo em alum\u00ednio; Mordente serrilhado; Parafuso de aperto tipo olhal;<br \/>\nConex\u00e3o do cabo atrav\u00e9s de terminal roscado; Permite a opera\u00e7\u00e3o em \u00e2ngulos cont\u00ednuos de<br \/>\nat\u00e9 75\u00b0<\/td><td class=\"column-4\">    <button class=\"add-to-budget\" data-table-id=\"Grampo_Aterramento_Multiangular\" data-reference=\"RC600-1732\" data-description=\"Grampo Aterramento Multiangular\" style=\"color:#ff4d00;\">\n        <img decoding=\"async\" src=\"https:\/\/www.ritzbrasil.com\/\/wp-content\/uploads\/2024\/07\/orcar-compras-tabela-new-1.png\" alt=\"Request quote\" title=\"Request quote\" \/>\n    <\/button>\n    <\/td><td class=\"column-5\"><a href=\"https:\/\/lojasritz.com.br\/catalogsearch\/result\/?q=RC600-1732\" target=\"_blank\" rel=\"noopener\"><img decoding=\"async\" src=\"https:\/\/www.ritzbrasil.com\/wp-content\/uploads\/2024\/07\/carrinho-compras-tabela.png\"  \/><\/a><\/td>\n<\/tr>\n<tr class=\"row-6\">\n\t<td class=\"column-1\"><img decoding=\"async\" src=\"https:\/\/www.ritzbrasil.com\/wp-content\/uploads\/2024\/07\/rg4228-10sj-grampo-aterramento-multiangular-150x150-1.jpg\" \/><\/td><td class=\"column-2\">RG4228-10SJ<\/td><td class=\"column-3\">Corpo em alum\u00ednio; Mordente serrilhado; Parafuso de aperto tipo olhal;<br \/>\nConex\u00e3o do cabo atrav\u00e9s de terminal liso; Permite a opera\u00e7\u00e3o em \u00e2ngulos cont\u00ednuos de at\u00e9<br \/>\n75\u00b0<\/td><td class=\"column-4\">    <button class=\"add-to-budget\" data-table-id=\"Grampo_Aterramento_Multiangular\" data-reference=\"RG4228-10SJ\" data-description=\"Grampo Aterramento Multiangular\" style=\"color:#ff4d00;\">\n        <img decoding=\"async\" src=\"https:\/\/www.ritzbrasil.com\/\/wp-content\/uploads\/2024\/07\/orcar-compras-tabela-new-1.png\" alt=\"Request quote\" title=\"Request quote\" \/>\n    <\/button>\n    <\/td><td class=\"column-5\"><a href=\"https:\/\/lojasritz.com.br\/catalogsearch\/result\/?q=RG4228-10SJ\" target=\"_blank\" rel=\"noopener\"><img decoding=\"async\" src=\"https:\/\/www.ritzbrasil.com\/wp-content\/uploads\/2024\/07\/carrinho-compras-tabela.png\"  \/><\/a><\/td>\n<\/tr>\n<tr class=\"row-7\">\n\t<td class=\"column-1\"><img decoding=\"async\" src=\"https:\/\/www.ritzbrasil.com\/wp-content\/uploads\/2024\/07\/atr10777-1-grampo-aterramento-multiangular-150x150-1.jpg\" \/><\/td><td class=\"column-2\">ATR10777-1<\/td><td class=\"column-3\">Corpo em alum\u00ednio; Mordente serrilhado; Parafuso de aperto tipo olhal;<br \/>\nConex\u00e3o do cabo atrav\u00e9s de terminal liso; Travamento dos \u00e2ngulos de opera\u00e7\u00e3o pr\u00e9-<br \/>\najust\u00e1veis e fixos atrav\u00e9s de porca borboleta<\/td><td class=\"column-4\">    <button class=\"add-to-budget\" data-table-id=\"Grampo_Aterramento_Multiangular\" data-reference=\"ATR10777-1\" data-description=\"Grampo Aterramento Multiangular\" style=\"color:#ff4d00;\">\n        <img decoding=\"async\" src=\"https:\/\/www.ritzbrasil.com\/\/wp-content\/uploads\/2024\/07\/orcar-compras-tabela-new-1.png\" alt=\"Request quote\" title=\"Request quote\" \/>\n    <\/button>\n    <\/td><td class=\"column-5\"><a href=\"https:\/\/lojasritz.com.br\/catalogsearch\/result\/?q=RG4228-10SJ\" target=\"_blank\" rel=\"noopener\"><img decoding=\"async\" src=\"https:\/\/www.ritzbrasil.com\/wp-content\/uploads\/2024\/07\/carrinho-compras-tabela.png\"  \/><\/a><\/td>\n<\/tr>\n<tr class=\"row-8\">\n\t<td class=\"column-1\"><img decoding=\"async\" src=\"https:\/\/www.ritzbrasil.com\/wp-content\/uploads\/2024\/07\/rhg4228-16sj-grampo-aterramento-multiangular-150x150-1.jpg\" \/><\/td><td class=\"column-2\">RHG4228-16SJ<\/td><td class=\"column-3\">Corpo em alum\u00ednio; Mordente serrilhado; Fixo no tubo RITZGLAS\u00ae \u00d8 32<br \/>\nmm x 1,83 m; Conex\u00e3o do cabo atrav\u00e9s de terminal liso; Permite a opera\u00e7\u00e3o em \u00e2ngulos<br \/>\ncont\u00ednuos de at\u00e9 75\u00b0<\/td><td class=\"column-4\">    <button class=\"add-to-budget\" data-table-id=\"Grampo_Aterramento_Multiangular\" data-reference=\"RHG4228-16SJ\" data-description=\"Grampo Aterramento Multiangular\" style=\"color:#ff4d00;\">\n        <img decoding=\"async\" src=\"https:\/\/www.ritzbrasil.com\/\/wp-content\/uploads\/2024\/07\/orcar-compras-tabela-new-1.png\" alt=\"Request quote\" title=\"Request quote\" \/>\n    <\/button>\n    <\/td><td class=\"column-5\"><a href=\"https:\/\/lojasritz.com.br\/catalogsearch\/result\/?q=RHG4228-16SJ\" target=\"_blank\" rel=\"noopener\"><img decoding=\"async\" src=\"https:\/\/www.ritzbrasil.com\/wp-content\/uploads\/2024\/07\/carrinho-compras-tabela.png\"  \/><\/a><\/td>\n<\/tr>\n<\/tbody>\n<\/table>\n<\/div>\n[\/vc_column_text][vc_separator border_width=&#8221;2&#8243; css=&#8221;&#8221;][\/vc_column][\/vc_row]<\/p>\n<\/div>","protected":false},"excerpt":{"rendered":"<p>The multi-angle grounding clamps are designed for operation at continuous angles. These clamps allow the locking of pre-adjustable operating angles, offering flexibility and safety. Easy to handle, they are ideal for connections on high and extra high voltage transmission lines and substations, ensuring efficient and reliable operations.<\/p>\n","protected":false},"featured_media":56968,"template":"","meta":[],"product_brand":[],"product_cat":[1665],"product_tag":[4176,4172,4170,4174,4175,4171,4177,4173,4070],"class_list":{"0":"post-61432","1":"product","2":"type-product","3":"status-publish","4":"has-post-thumbnail","6":"product_cat-temporary-grounding","7":"product_tag-atr10777-1","8":"product_tag-atr13159-1","9":"product_tag-multi-angle-grounding-clamp","10":"product_tag-rc600-1732","11":"product_tag-rg4228-10sj","12":"product_tag-rg4229-1sj","13":"product_tag-rhg4228-16sj","14":"product_tag-rhg4229-6sj","15":"product_tag-temporary-grounding","16":"description-off","18":"first","19":"instock","20":"virtual","21":"product-type-simple"},"yoast_head":"<!-- This site is optimized with the Yoast SEO plugin v27.1.1 - https:\/\/yoast.com\/product\/yoast-seo-wordpress\/ -->\n<title>Multi-angle grounding clamp<\/title>\n<meta name=\"description\" content=\"Multi-angle grounding clamps, designed for continuous angles, allow pre-adjustable locking, offering flexibility and safety.\" \/>\n<meta name=\"robots\" content=\"index, follow, max-snippet:-1, max-image-preview:large, max-video-preview:-1\" \/>\n<link rel=\"canonical\" href=\"https:\/\/www.ritzbrasil.com\/en\/produtos\/temporary-grounding\/multi-angle-grounding-clamp\/\" \/>\n<meta property=\"og:locale\" content=\"en_US\" \/>\n<meta property=\"og:type\" content=\"article\" \/>\n<meta property=\"og:title\" content=\"Multi-angle grounding clamp\" \/>\n<meta property=\"og:description\" content=\"Multi-angle grounding clamps, designed for continuous angles, allow pre-adjustable locking, offering flexibility and safety.\" \/>\n<meta property=\"og:url\" content=\"https:\/\/www.ritzbrasil.com\/en\/produtos\/temporary-grounding\/multi-angle-grounding-clamp\/\" \/>\n<meta property=\"og:site_name\" content=\"Equipamentos de Manuten\u00e7\u00e3o e Seguran\u00e7a para o Setor El\u00e9trico - Ritz Brasil\" \/>\n<meta property=\"article:modified_time\" content=\"2026-02-25T19:04:27+00:00\" \/>\n<meta property=\"og:image\" content=\"https:\/\/www.ritzbrasil.com\/wp-content\/uploads\/2024\/07\/rg4229-1sj-grampo-aterramento-multiangular.jpg\" \/>\n\t<meta property=\"og:image:width\" content=\"1200\" \/>\n\t<meta property=\"og:image:height\" content=\"1200\" \/>\n\t<meta property=\"og:image:type\" content=\"image\/jpeg\" \/>\n<meta name=\"twitter:card\" content=\"summary_large_image\" \/>\n<meta name=\"twitter:label1\" content=\"Est. reading time\" \/>\n\t<meta name=\"twitter:data1\" content=\"1 minute\" \/>\n<script type=\"application\/ld+json\" class=\"yoast-schema-graph\">{\"@context\":\"https:\/\/schema.org\",\"@graph\":[{\"@type\":\"WebPage\",\"@id\":\"https:\/\/www.ritzbrasil.com\/en\/produtos\/temporary-grounding\/multi-angle-grounding-clamp\/\",\"url\":\"https:\/\/www.ritzbrasil.com\/en\/produtos\/temporary-grounding\/multi-angle-grounding-clamp\/\",\"name\":\"Multi-angle grounding clamp\",\"isPartOf\":{\"@id\":\"https:\/\/www.ritzbrasil.com\/en\/#website\"},\"primaryImageOfPage\":{\"@id\":\"https:\/\/www.ritzbrasil.com\/en\/produtos\/temporary-grounding\/multi-angle-grounding-clamp\/#primaryimage\"},\"image\":{\"@id\":\"https:\/\/www.ritzbrasil.com\/en\/produtos\/temporary-grounding\/multi-angle-grounding-clamp\/#primaryimage\"},\"thumbnailUrl\":\"https:\/\/www.ritzbrasil.com\/wp-content\/uploads\/2024\/07\/rg4229-1sj-grampo-aterramento-multiangular.jpg\",\"datePublished\":\"2024-07-08T12:40:33+00:00\",\"dateModified\":\"2026-02-25T19:04:27+00:00\",\"description\":\"Multi-angle grounding clamps, designed for continuous angles, allow pre-adjustable locking, offering flexibility and safety.\",\"breadcrumb\":{\"@id\":\"https:\/\/www.ritzbrasil.com\/en\/produtos\/temporary-grounding\/multi-angle-grounding-clamp\/#breadcrumb\"},\"inLanguage\":\"en-US\",\"potentialAction\":[{\"@type\":\"ReadAction\",\"target\":[\"https:\/\/www.ritzbrasil.com\/en\/produtos\/temporary-grounding\/multi-angle-grounding-clamp\/\"]}]},{\"@type\":\"ImageObject\",\"inLanguage\":\"en-US\",\"@id\":\"https:\/\/www.ritzbrasil.com\/en\/produtos\/temporary-grounding\/multi-angle-grounding-clamp\/#primaryimage\",\"url\":\"https:\/\/www.ritzbrasil.com\/wp-content\/uploads\/2024\/07\/rg4229-1sj-grampo-aterramento-multiangular.jpg\",\"contentUrl\":\"https:\/\/www.ritzbrasil.com\/wp-content\/uploads\/2024\/07\/rg4229-1sj-grampo-aterramento-multiangular.jpg\",\"width\":1200,\"height\":1200,\"caption\":\"RG4229-1SJ Multi-angle Grounding Clamp\"},{\"@type\":\"BreadcrumbList\",\"@id\":\"https:\/\/www.ritzbrasil.com\/en\/produtos\/temporary-grounding\/multi-angle-grounding-clamp\/#breadcrumb\",\"itemListElement\":[{\"@type\":\"ListItem\",\"position\":1,\"name\":\"In\u00edcio\",\"item\":\"https:\/\/www.ritzbrasil.com\/en\/\"},{\"@type\":\"ListItem\",\"position\":2,\"name\":\"Shop\",\"item\":\"https:\/\/www.ritzbrasil.com\/en\/shop\/\"},{\"@type\":\"ListItem\",\"position\":3,\"name\":\"Multi-angle grounding clamp\"}]},{\"@type\":\"WebSite\",\"@id\":\"https:\/\/www.ritzbrasil.com\/en\/#website\",\"url\":\"https:\/\/www.ritzbrasil.com\/en\/\",\"name\":\"Equipamentos de Manuten\u00e7\u00e3o e Seguran\u00e7a para o Setor El\u00e9trico - Ritz Brasil\",\"description\":\"\",\"potentialAction\":[{\"@type\":\"SearchAction\",\"target\":{\"@type\":\"EntryPoint\",\"urlTemplate\":\"https:\/\/www.ritzbrasil.com\/en\/?s={search_term_string}\"},\"query-input\":{\"@type\":\"PropertyValueSpecification\",\"valueRequired\":true,\"valueName\":\"search_term_string\"}}],\"inLanguage\":\"en-US\"}]}<\/script>\n<!-- \/ Yoast SEO plugin. -->","yoast_head_json":{"title":"Multi-angle grounding clamp","description":"Multi-angle grounding clamps, designed for continuous angles, allow pre-adjustable locking, offering flexibility and safety.","robots":{"index":"index","follow":"follow","max-snippet":"max-snippet:-1","max-image-preview":"max-image-preview:large","max-video-preview":"max-video-preview:-1"},"canonical":"https:\/\/www.ritzbrasil.com\/en\/produtos\/temporary-grounding\/multi-angle-grounding-clamp\/","og_locale":"en_US","og_type":"article","og_title":"Multi-angle grounding clamp","og_description":"Multi-angle grounding clamps, designed for continuous angles, allow pre-adjustable locking, offering flexibility and safety.","og_url":"https:\/\/www.ritzbrasil.com\/en\/produtos\/temporary-grounding\/multi-angle-grounding-clamp\/","og_site_name":"Equipamentos de Manuten\u00e7\u00e3o e Seguran\u00e7a para o Setor El\u00e9trico - Ritz Brasil","article_modified_time":"2026-02-25T19:04:27+00:00","og_image":[{"width":1200,"height":1200,"url":"https:\/\/www.ritzbrasil.com\/wp-content\/uploads\/2024\/07\/rg4229-1sj-grampo-aterramento-multiangular.jpg","type":"image\/jpeg"}],"twitter_card":"summary_large_image","twitter_misc":{"Est. reading time":"1 minute"},"schema":{"@context":"https:\/\/schema.org","@graph":[{"@type":"WebPage","@id":"https:\/\/www.ritzbrasil.com\/en\/produtos\/temporary-grounding\/multi-angle-grounding-clamp\/","url":"https:\/\/www.ritzbrasil.com\/en\/produtos\/temporary-grounding\/multi-angle-grounding-clamp\/","name":"Multi-angle grounding clamp","isPartOf":{"@id":"https:\/\/www.ritzbrasil.com\/en\/#website"},"primaryImageOfPage":{"@id":"https:\/\/www.ritzbrasil.com\/en\/produtos\/temporary-grounding\/multi-angle-grounding-clamp\/#primaryimage"},"image":{"@id":"https:\/\/www.ritzbrasil.com\/en\/produtos\/temporary-grounding\/multi-angle-grounding-clamp\/#primaryimage"},"thumbnailUrl":"https:\/\/www.ritzbrasil.com\/wp-content\/uploads\/2024\/07\/rg4229-1sj-grampo-aterramento-multiangular.jpg","datePublished":"2024-07-08T12:40:33+00:00","dateModified":"2026-02-25T19:04:27+00:00","description":"Multi-angle grounding clamps, designed for continuous angles, allow pre-adjustable locking, offering flexibility and safety.","breadcrumb":{"@id":"https:\/\/www.ritzbrasil.com\/en\/produtos\/temporary-grounding\/multi-angle-grounding-clamp\/#breadcrumb"},"inLanguage":"en-US","potentialAction":[{"@type":"ReadAction","target":["https:\/\/www.ritzbrasil.com\/en\/produtos\/temporary-grounding\/multi-angle-grounding-clamp\/"]}]},{"@type":"ImageObject","inLanguage":"en-US","@id":"https:\/\/www.ritzbrasil.com\/en\/produtos\/temporary-grounding\/multi-angle-grounding-clamp\/#primaryimage","url":"https:\/\/www.ritzbrasil.com\/wp-content\/uploads\/2024\/07\/rg4229-1sj-grampo-aterramento-multiangular.jpg","contentUrl":"https:\/\/www.ritzbrasil.com\/wp-content\/uploads\/2024\/07\/rg4229-1sj-grampo-aterramento-multiangular.jpg","width":1200,"height":1200,"caption":"RG4229-1SJ Multi-angle Grounding Clamp"},{"@type":"BreadcrumbList","@id":"https:\/\/www.ritzbrasil.com\/en\/produtos\/temporary-grounding\/multi-angle-grounding-clamp\/#breadcrumb","itemListElement":[{"@type":"ListItem","position":1,"name":"In\u00edcio","item":"https:\/\/www.ritzbrasil.com\/en\/"},{"@type":"ListItem","position":2,"name":"Shop","item":"https:\/\/www.ritzbrasil.com\/en\/shop\/"},{"@type":"ListItem","position":3,"name":"Multi-angle grounding clamp"}]},{"@type":"WebSite","@id":"https:\/\/www.ritzbrasil.com\/en\/#website","url":"https:\/\/www.ritzbrasil.com\/en\/","name":"Equipamentos de Manuten\u00e7\u00e3o e Seguran\u00e7a para o Setor El\u00e9trico - Ritz Brasil","description":"","potentialAction":[{"@type":"SearchAction","target":{"@type":"EntryPoint","urlTemplate":"https:\/\/www.ritzbrasil.com\/en\/?s={search_term_string}"},"query-input":{"@type":"PropertyValueSpecification","valueRequired":true,"valueName":"search_term_string"}}],"inLanguage":"en-US"}]}},"_links":{"self":[{"href":"https:\/\/www.ritzbrasil.com\/en\/wp-json\/wp\/v2\/product\/61432","targetHints":{"allow":["GET"]}}],"collection":[{"href":"https:\/\/www.ritzbrasil.com\/en\/wp-json\/wp\/v2\/product"}],"about":[{"href":"https:\/\/www.ritzbrasil.com\/en\/wp-json\/wp\/v2\/types\/product"}],"wp:featuredmedia":[{"embeddable":true,"href":"https:\/\/www.ritzbrasil.com\/en\/wp-json\/wp\/v2\/media\/56968"}],"wp:attachment":[{"href":"https:\/\/www.ritzbrasil.com\/en\/wp-json\/wp\/v2\/media?parent=61432"}],"wp:term":[{"taxonomy":"product_brand","embeddable":true,"href":"https:\/\/www.ritzbrasil.com\/en\/wp-json\/wp\/v2\/product_brand?post=61432"},{"taxonomy":"product_cat","embeddable":true,"href":"https:\/\/www.ritzbrasil.com\/en\/wp-json\/wp\/v2\/product_cat?post=61432"},{"taxonomy":"product_tag","embeddable":true,"href":"https:\/\/www.ritzbrasil.com\/en\/wp-json\/wp\/v2\/product_tag?post=61432"}],"curies":[{"name":"wp","href":"https:\/\/api.w.org\/{rel}","templated":true}]}}