{"id":61430,"date":"2024-07-08T10:10:55","date_gmt":"2024-07-08T13:10:55","guid":{"rendered":"https:\/\/www.ritzbrasil.com\/produtos\/uncategorized\/knife-key-clamp\/"},"modified":"2026-02-25T16:04:08","modified_gmt":"2026-02-25T19:04:08","slug":"knife-key-clamp","status":"publish","type":"product","link":"https:\/\/www.ritzbrasil.com\/en\/produtos\/temporary-grounding\/knife-key-clamp\/","title":{"rendered":"Knife Key Clamp"},"content":{"rendered":"<div class=\"wpb-content-wrapper\"><p>[vc_row][vc_column][vc_column_text css=&#8221;.vc_custom_1722509094751{margin-top: -20px !important;}&#8221;]\n<div id=\"tablepress-grampo-chave-faca-scroll-wrapper\" class=\"tablepress-scroll-wrapper\">\n<table id=\"tablepress-grampo-chave-faca\" class=\"tablepress tablepress-id-grampo-chave-faca tablepress-responsive\">\n<thead>\n<tr class=\"row-1\">\n\t<td class=\"column-1\"><\/td><th class=\"column-2\">  Refer\u00eancias<\/th><th class=\"column-3\">Caracter\u00edstica<\/th><td class=\"column-4\"><\/td><td class=\"column-5\"><\/td>\n<\/tr>\n<\/thead>\n<tbody class=\"row-striping row-hover\">\n<tr class=\"row-2\">\n\t<td class=\"column-1\"><img decoding=\"async\" src=\"https:\/\/www.ritzbrasil.com\/wp-content\/uploads\/2024\/08\/ATR01726-3-Grampo-Aterramento-Temporario-Chave-Faca-150x150-1.jpg\" \/><\/td><td class=\"column-2\">ATR01726-3<\/td><td class=\"column-3\">Grampo de Aterramento Tempor\u00e1rio para Chave Faca Corrente m\u00e1xima de<br \/>\ncurto-circuito: 30 ciclos - 20 kA<\/td><td class=\"column-4\">    <button class=\"add-to-budget\" data-table-id=\"grampo-chave-faca\" data-reference=\"ATR01726-3\" data-description=\"Grampo para Chave Faca\" style=\"color:#ff4d00;\">\n        <img decoding=\"async\" src=\"https:\/\/www.ritzbrasil.com\/\/wp-content\/uploads\/2024\/07\/orcar-compras-tabela-new-1.png\" alt=\"Request quote\" title=\"Request quote\" \/>\n    <\/button>\n    <\/td><td class=\"column-5\"><a href=\"https:\/\/lojasritz.com.br\/catalogsearch\/result\/?q=ATR01726-3\" target=\"_blank\" rel=\"noopener\"><img decoding=\"async\" src=\"https:\/\/www.ritzbrasil.com\/wp-content\/uploads\/2024\/07\/carrinho-compras-tabela.png\"  \/><\/a><\/td>\n<\/tr>\n<tr class=\"row-3\">\n\t<td class=\"column-1\"><img decoding=\"async\" src=\"https:\/\/www.ritzbrasil.com\/wp-content\/uploads\/2024\/08\/FLV30060-1-Pino-Rosqueavel-ponto-aterramento-temporario-chaves-facas-150x150-1.jpg\" \/><\/td><td class=\"column-2\">FLV30060-1<\/td><td class=\"column-3\">Pino Rosque\u00e1vel para criar ponto para o aterramento tempor\u00e1rio em chaves<br \/>\nfacas<\/td><td class=\"column-4\">    <button class=\"add-to-budget\" data-table-id=\"grampo-chave-faca\" data-reference=\"FLV30060-1\" data-description=\"Grampo para Chave Faca\" style=\"color:#ff4d00;\">\n        <img decoding=\"async\" src=\"https:\/\/www.ritzbrasil.com\/\/wp-content\/uploads\/2024\/07\/orcar-compras-tabela-new-1.png\" alt=\"Request quote\" title=\"Request quote\" \/>\n    <\/button>\n    <\/td><td class=\"column-5\"><a href=\"https:\/\/lojasritz.com.br\/catalogsearch\/result\/?q=FLV30060-1\" target=\"_blank\" rel=\"noopener\"><img decoding=\"async\" src=\"https:\/\/www.ritzbrasil.com\/wp-content\/uploads\/2024\/07\/carrinho-compras-tabela.png\"  \/><\/a><\/td>\n<\/tr>\n<\/tbody>\n<\/table>\n<\/div>\n[\/vc_column_text][vc_separator border_width=&#8221;2&#8243; css=&#8221;&#8221;][\/vc_column][\/vc_row]<\/p>\n<\/div>","protected":false},"excerpt":{"rendered":"<p><strong>Temporary Grounding Clamp for Knife Driver (ATR01726-3)<\/strong><\/p>\n<p>Clamp specially designed for temporary grounding of the base of the knife switch in medium voltage networks. It has a die-cast aluminum alloy body and jaws and a die-cast bronze alloy eye bolt, which can be installed using a rod or pole. It has a cast aluminium alloy &#8220;T&#8221; bracket where other earthing clamps can be connected to the earth point.<br \/>\nApprox. weight: 1.20 kg (2.65 lb)<\/p>\n<p>&nbsp;<\/p>\n<p><strong>Threadable Pin for Temporary Mains Grounding (FLV30060-1)<\/strong><\/p>\n<p>Developed specifically to create a temporary grounding point on knife switches, its installation is simplified with the aid of the operating rod, due to the pre-drilled hole and M12 fixing thread. Manufactured with a cast bronze hexagonal body and tin-plated surface treatment, this pin offers exceptional durability and resistance.<br \/>\nApprox. weight: 0.17 kg (0.38 lb)<\/p>\n","protected":false},"featured_media":57052,"template":"","meta":[],"product_brand":[],"product_cat":[1665],"product_tag":[4160,4161,4159,4070],"class_list":{"0":"post-61430","1":"product","2":"type-product","3":"status-publish","4":"has-post-thumbnail","6":"product_cat-temporary-grounding","7":"product_tag-atr01726-3","8":"product_tag-flv30060-1","9":"product_tag-knife-key-clamp","10":"product_tag-temporary-grounding","11":"description-off","13":"first","14":"instock","15":"virtual","16":"product-type-simple"},"yoast_head":"<!-- This site is optimized with the Yoast SEO plugin v27.1.1 - https:\/\/yoast.com\/product\/yoast-seo-wordpress\/ -->\n<title>Earth Point Grounding Clamp<\/title>\n<meta name=\"description\" content=\"Temporary grounding clamps with &quot;T&quot; screws enable quick and efficient manual installation, guaranteeing a reliable connection to the earth point.\" \/>\n<meta name=\"robots\" content=\"index, follow, max-snippet:-1, max-image-preview:large, max-video-preview:-1\" \/>\n<link rel=\"canonical\" href=\"https:\/\/www.ritzbrasil.com\/en\/produtos\/temporary-grounding\/knife-key-clamp\/\" \/>\n<meta property=\"og:locale\" content=\"en_US\" \/>\n<meta property=\"og:type\" content=\"article\" \/>\n<meta property=\"og:title\" content=\"Earth Point Grounding Clamp\" \/>\n<meta property=\"og:description\" content=\"Temporary grounding clamps with &quot;T&quot; screws enable quick and efficient manual installation, guaranteeing a reliable connection to the earth point.\" \/>\n<meta property=\"og:url\" content=\"https:\/\/www.ritzbrasil.com\/en\/produtos\/temporary-grounding\/knife-key-clamp\/\" \/>\n<meta property=\"og:site_name\" content=\"Equipamentos de Manuten\u00e7\u00e3o e Seguran\u00e7a para o Setor El\u00e9trico - Ritz Brasil\" \/>\n<meta property=\"article:modified_time\" content=\"2026-02-25T19:04:08+00:00\" \/>\n<meta property=\"og:image\" content=\"https:\/\/www.ritzbrasil.com\/wp-content\/uploads\/2024\/08\/ATR01726-3-Grampo-Aterramento-Temporario-Chave-Faca.jpg\" \/>\n\t<meta property=\"og:image:width\" content=\"1200\" \/>\n\t<meta property=\"og:image:height\" content=\"1200\" \/>\n\t<meta property=\"og:image:type\" content=\"image\/jpeg\" \/>\n<meta name=\"twitter:card\" content=\"summary_large_image\" \/>\n<meta name=\"twitter:label1\" content=\"Est. reading time\" \/>\n\t<meta name=\"twitter:data1\" content=\"1 minute\" \/>\n<script type=\"application\/ld+json\" class=\"yoast-schema-graph\">{\"@context\":\"https:\/\/schema.org\",\"@graph\":[{\"@type\":\"WebPage\",\"@id\":\"https:\/\/www.ritzbrasil.com\/en\/produtos\/temporary-grounding\/knife-key-clamp\/\",\"url\":\"https:\/\/www.ritzbrasil.com\/en\/produtos\/temporary-grounding\/knife-key-clamp\/\",\"name\":\"Earth Point Grounding Clamp\",\"isPartOf\":{\"@id\":\"https:\/\/www.ritzbrasil.com\/en\/#website\"},\"primaryImageOfPage\":{\"@id\":\"https:\/\/www.ritzbrasil.com\/en\/produtos\/temporary-grounding\/knife-key-clamp\/#primaryimage\"},\"image\":{\"@id\":\"https:\/\/www.ritzbrasil.com\/en\/produtos\/temporary-grounding\/knife-key-clamp\/#primaryimage\"},\"thumbnailUrl\":\"https:\/\/www.ritzbrasil.com\/wp-content\/uploads\/2024\/08\/ATR01726-3-Grampo-Aterramento-Temporario-Chave-Faca.jpg\",\"datePublished\":\"2024-07-08T13:10:55+00:00\",\"dateModified\":\"2026-02-25T19:04:08+00:00\",\"description\":\"Temporary grounding clamps with \\\"T\\\" screws enable quick and efficient manual installation, guaranteeing a reliable connection to the earth point.\",\"breadcrumb\":{\"@id\":\"https:\/\/www.ritzbrasil.com\/en\/produtos\/temporary-grounding\/knife-key-clamp\/#breadcrumb\"},\"inLanguage\":\"en-US\",\"potentialAction\":[{\"@type\":\"ReadAction\",\"target\":[\"https:\/\/www.ritzbrasil.com\/en\/produtos\/temporary-grounding\/knife-key-clamp\/\"]}]},{\"@type\":\"ImageObject\",\"inLanguage\":\"en-US\",\"@id\":\"https:\/\/www.ritzbrasil.com\/en\/produtos\/temporary-grounding\/knife-key-clamp\/#primaryimage\",\"url\":\"https:\/\/www.ritzbrasil.com\/wp-content\/uploads\/2024\/08\/ATR01726-3-Grampo-Aterramento-Temporario-Chave-Faca.jpg\",\"contentUrl\":\"https:\/\/www.ritzbrasil.com\/wp-content\/uploads\/2024\/08\/ATR01726-3-Grampo-Aterramento-Temporario-Chave-Faca.jpg\",\"width\":1200,\"height\":1200,\"caption\":\"ATR01726-3 Temporary Grounding Clamp for Knife Driver\"},{\"@type\":\"BreadcrumbList\",\"@id\":\"https:\/\/www.ritzbrasil.com\/en\/produtos\/temporary-grounding\/knife-key-clamp\/#breadcrumb\",\"itemListElement\":[{\"@type\":\"ListItem\",\"position\":1,\"name\":\"In\u00edcio\",\"item\":\"https:\/\/www.ritzbrasil.com\/en\/\"},{\"@type\":\"ListItem\",\"position\":2,\"name\":\"Shop\",\"item\":\"https:\/\/www.ritzbrasil.com\/en\/shop\/\"},{\"@type\":\"ListItem\",\"position\":3,\"name\":\"Knife Key Clamp\"}]},{\"@type\":\"WebSite\",\"@id\":\"https:\/\/www.ritzbrasil.com\/en\/#website\",\"url\":\"https:\/\/www.ritzbrasil.com\/en\/\",\"name\":\"Equipamentos de Manuten\u00e7\u00e3o e Seguran\u00e7a para o Setor El\u00e9trico - Ritz Brasil\",\"description\":\"\",\"potentialAction\":[{\"@type\":\"SearchAction\",\"target\":{\"@type\":\"EntryPoint\",\"urlTemplate\":\"https:\/\/www.ritzbrasil.com\/en\/?s={search_term_string}\"},\"query-input\":{\"@type\":\"PropertyValueSpecification\",\"valueRequired\":true,\"valueName\":\"search_term_string\"}}],\"inLanguage\":\"en-US\"}]}<\/script>\n<!-- \/ Yoast SEO plugin. -->","yoast_head_json":{"title":"Earth Point Grounding Clamp","description":"Temporary grounding clamps with \"T\" screws enable quick and efficient manual installation, guaranteeing a reliable connection to the earth point.","robots":{"index":"index","follow":"follow","max-snippet":"max-snippet:-1","max-image-preview":"max-image-preview:large","max-video-preview":"max-video-preview:-1"},"canonical":"https:\/\/www.ritzbrasil.com\/en\/produtos\/temporary-grounding\/knife-key-clamp\/","og_locale":"en_US","og_type":"article","og_title":"Earth Point Grounding Clamp","og_description":"Temporary grounding clamps with \"T\" screws enable quick and efficient manual installation, guaranteeing a reliable connection to the earth point.","og_url":"https:\/\/www.ritzbrasil.com\/en\/produtos\/temporary-grounding\/knife-key-clamp\/","og_site_name":"Equipamentos de Manuten\u00e7\u00e3o e Seguran\u00e7a para o Setor El\u00e9trico - Ritz Brasil","article_modified_time":"2026-02-25T19:04:08+00:00","og_image":[{"width":1200,"height":1200,"url":"https:\/\/www.ritzbrasil.com\/wp-content\/uploads\/2024\/08\/ATR01726-3-Grampo-Aterramento-Temporario-Chave-Faca.jpg","type":"image\/jpeg"}],"twitter_card":"summary_large_image","twitter_misc":{"Est. reading time":"1 minute"},"schema":{"@context":"https:\/\/schema.org","@graph":[{"@type":"WebPage","@id":"https:\/\/www.ritzbrasil.com\/en\/produtos\/temporary-grounding\/knife-key-clamp\/","url":"https:\/\/www.ritzbrasil.com\/en\/produtos\/temporary-grounding\/knife-key-clamp\/","name":"Earth Point Grounding Clamp","isPartOf":{"@id":"https:\/\/www.ritzbrasil.com\/en\/#website"},"primaryImageOfPage":{"@id":"https:\/\/www.ritzbrasil.com\/en\/produtos\/temporary-grounding\/knife-key-clamp\/#primaryimage"},"image":{"@id":"https:\/\/www.ritzbrasil.com\/en\/produtos\/temporary-grounding\/knife-key-clamp\/#primaryimage"},"thumbnailUrl":"https:\/\/www.ritzbrasil.com\/wp-content\/uploads\/2024\/08\/ATR01726-3-Grampo-Aterramento-Temporario-Chave-Faca.jpg","datePublished":"2024-07-08T13:10:55+00:00","dateModified":"2026-02-25T19:04:08+00:00","description":"Temporary grounding clamps with \"T\" screws enable quick and efficient manual installation, guaranteeing a reliable connection to the earth point.","breadcrumb":{"@id":"https:\/\/www.ritzbrasil.com\/en\/produtos\/temporary-grounding\/knife-key-clamp\/#breadcrumb"},"inLanguage":"en-US","potentialAction":[{"@type":"ReadAction","target":["https:\/\/www.ritzbrasil.com\/en\/produtos\/temporary-grounding\/knife-key-clamp\/"]}]},{"@type":"ImageObject","inLanguage":"en-US","@id":"https:\/\/www.ritzbrasil.com\/en\/produtos\/temporary-grounding\/knife-key-clamp\/#primaryimage","url":"https:\/\/www.ritzbrasil.com\/wp-content\/uploads\/2024\/08\/ATR01726-3-Grampo-Aterramento-Temporario-Chave-Faca.jpg","contentUrl":"https:\/\/www.ritzbrasil.com\/wp-content\/uploads\/2024\/08\/ATR01726-3-Grampo-Aterramento-Temporario-Chave-Faca.jpg","width":1200,"height":1200,"caption":"ATR01726-3 Temporary Grounding Clamp for Knife Driver"},{"@type":"BreadcrumbList","@id":"https:\/\/www.ritzbrasil.com\/en\/produtos\/temporary-grounding\/knife-key-clamp\/#breadcrumb","itemListElement":[{"@type":"ListItem","position":1,"name":"In\u00edcio","item":"https:\/\/www.ritzbrasil.com\/en\/"},{"@type":"ListItem","position":2,"name":"Shop","item":"https:\/\/www.ritzbrasil.com\/en\/shop\/"},{"@type":"ListItem","position":3,"name":"Knife Key Clamp"}]},{"@type":"WebSite","@id":"https:\/\/www.ritzbrasil.com\/en\/#website","url":"https:\/\/www.ritzbrasil.com\/en\/","name":"Equipamentos de Manuten\u00e7\u00e3o e Seguran\u00e7a para o Setor El\u00e9trico - Ritz Brasil","description":"","potentialAction":[{"@type":"SearchAction","target":{"@type":"EntryPoint","urlTemplate":"https:\/\/www.ritzbrasil.com\/en\/?s={search_term_string}"},"query-input":{"@type":"PropertyValueSpecification","valueRequired":true,"valueName":"search_term_string"}}],"inLanguage":"en-US"}]}},"_links":{"self":[{"href":"https:\/\/www.ritzbrasil.com\/en\/wp-json\/wp\/v2\/product\/61430","targetHints":{"allow":["GET"]}}],"collection":[{"href":"https:\/\/www.ritzbrasil.com\/en\/wp-json\/wp\/v2\/product"}],"about":[{"href":"https:\/\/www.ritzbrasil.com\/en\/wp-json\/wp\/v2\/types\/product"}],"wp:featuredmedia":[{"embeddable":true,"href":"https:\/\/www.ritzbrasil.com\/en\/wp-json\/wp\/v2\/media\/57052"}],"wp:attachment":[{"href":"https:\/\/www.ritzbrasil.com\/en\/wp-json\/wp\/v2\/media?parent=61430"}],"wp:term":[{"taxonomy":"product_brand","embeddable":true,"href":"https:\/\/www.ritzbrasil.com\/en\/wp-json\/wp\/v2\/product_brand?post=61430"},{"taxonomy":"product_cat","embeddable":true,"href":"https:\/\/www.ritzbrasil.com\/en\/wp-json\/wp\/v2\/product_cat?post=61430"},{"taxonomy":"product_tag","embeddable":true,"href":"https:\/\/www.ritzbrasil.com\/en\/wp-json\/wp\/v2\/product_tag?post=61430"}],"curies":[{"name":"wp","href":"https:\/\/api.w.org\/{rel}","templated":true}]}}