{"id":61418,"date":"2024-07-08T09:20:26","date_gmt":"2024-07-08T12:20:26","guid":{"rendered":"https:\/\/www.ritzbrasil.com\/produtos\/uncategorized\/eye-clamp\/"},"modified":"2026-02-25T16:04:37","modified_gmt":"2026-02-25T19:04:37","slug":"eye-clamp","status":"publish","type":"product","link":"https:\/\/www.ritzbrasil.com\/en\/produtos\/temporary-grounding\/eye-clamp\/","title":{"rendered":"Eye Clamp"},"content":{"rendered":"<div class=\"wpb-content-wrapper\"><p>[vc_row][vc_column][vc_column_text css=&#8221;.vc_custom_1722001549590{margin-top: -20px !important;}&#8221;]\n<div id=\"tablepress-GRAMPO-OLHAL-scroll-wrapper\" class=\"tablepress-scroll-wrapper\">\n<table id=\"tablepress-GRAMPO-OLHAL\" class=\"tablepress tablepress-id-GRAMPO-OLHAL tablepress-responsive\">\n<thead>\n<tr class=\"row-1\">\n\t<td class=\"column-1\"><\/td><th class=\"column-2\">  Refer\u00eancias<\/th><th class=\"column-3\">Caracter\u00edstica<\/th><td class=\"column-4\"><\/td><td class=\"column-5\"><\/td>\n<\/tr>\n<\/thead>\n<tbody class=\"row-striping row-hover\">\n<tr class=\"row-2\">\n\t<td class=\"column-1\"><img decoding=\"async\" src=\"https:\/\/www.ritzbrasil.com\/wp-content\/uploads\/2024\/07\/RG3403-grampo-olhal-150x150-1.jpg\" \/><\/td><td class=\"column-2\">RG3403<\/td><td class=\"column-3\">Corpo em alum\u00ednio; Mordente liso; Parafuso de aperto tipo olhal; Conex\u00e3o do cabo<br \/>\natrav\u00e9s de terminal liso<\/td><td class=\"column-4\">    <button class=\"add-to-budget\" data-table-id=\"GRAMPO-OLHAL\" data-reference=\"RG3403\" data-description=\"Grampo Olhal\" style=\"color:#ff4d00;\">\n        <img decoding=\"async\" src=\"https:\/\/www.ritzbrasil.com\/\/wp-content\/uploads\/2024\/07\/orcar-compras-tabela-new-1.png\" alt=\"Request quote\" title=\"Request quote\" \/>\n    <\/button>\n    <\/td><td class=\"column-5\"><a href=\"https:\/\/lojasritz.com.br\/catalogsearch\/result\/?q=RG3403\" target=\"_blank\" rel=\"noopener\"><img decoding=\"async\" src=\"https:\/\/www.ritzbrasil.com\/wp-content\/uploads\/2024\/07\/carrinho-compras-tabela.png\"  \/><\/a><\/td>\n<\/tr>\n<tr class=\"row-3\">\n\t<td class=\"column-1\"><img decoding=\"async\" src=\"https:\/\/www.ritzbrasil.com\/wp-content\/uploads\/2024\/07\/RG3404-1-grampo-olhal-150x150-1.jpg\" \/><\/td><td class=\"column-2\">RG3404-1<\/td><td class=\"column-3\">Permite a conex\u00e3o de 02 terminais roscados no mesmo corpo do grampo; Corpo<br \/>\nem alum\u00ednio; Mordente liso; Parafuso de aperto tipo olhal; Conex\u00e3o do cabo atrav\u00e9s de<br \/>\nterminal roscado<\/td><td class=\"column-4\">    <button class=\"add-to-budget\" data-table-id=\"GRAMPO-OLHAL\" data-reference=\"RG3404-1\" data-description=\"Grampo Olhal\" style=\"color:#ff4d00;\">\n        <img decoding=\"async\" src=\"https:\/\/www.ritzbrasil.com\/\/wp-content\/uploads\/2024\/07\/orcar-compras-tabela-new-1.png\" alt=\"Request quote\" title=\"Request quote\" \/>\n    <\/button>\n    <\/td><td class=\"column-5\"><a href=\"https:\/\/lojasritz.com.br\/catalogsearch\/result\/?q=RG3404-1\" target=\"_blank\" rel=\"noopener\"><img decoding=\"async\" src=\"https:\/\/www.ritzbrasil.com\/wp-content\/uploads\/2024\/07\/carrinho-compras-tabela.png\"  \/><\/a><\/td>\n<\/tr>\n<tr class=\"row-4\">\n\t<td class=\"column-1\"><img decoding=\"async\" src=\"https:\/\/www.ritzbrasil.com\/wp-content\/uploads\/2024\/08\/rg3405-1-grampo-olhal-150x150-1.jpg\" \/><\/td><td class=\"column-2\">RG3405-1<\/td><td class=\"column-3\">Corpo em alum\u00ednio; Mordente liso; Parafuso de aperto tipo olhal; Conex\u00e3o do cabo atrav\u00e9s de terminal roscado<\/td><td class=\"column-4\">    <button class=\"add-to-budget\" data-table-id=\"GRAMPO-OLHAL\" data-reference=\"RG3405-1\" data-description=\"Grampo Olhal\" style=\"color:#ff4d00;\">\n        <img decoding=\"async\" src=\"https:\/\/www.ritzbrasil.com\/\/wp-content\/uploads\/2024\/07\/orcar-compras-tabela-new-1.png\" alt=\"Request quote\" title=\"Request quote\" \/>\n    <\/button>\n    <\/td><td class=\"column-5\"><a href=\"https:\/\/lojasritz.com.br\/catalogsearch\/result\/?q=RG3405-1\" target=\"_blank\" rel=\"noopener\"><img decoding=\"async\" src=\"https:\/\/www.ritzbrasil.com\/wp-content\/uploads\/2024\/07\/carrinho-compras-tabela.png\"  \/><\/a><\/td>\n<\/tr>\n<tr class=\"row-5\">\n\t<td class=\"column-1\"><img decoding=\"async\" src=\"https:\/\/www.ritzbrasil.com\/wp-content\/uploads\/2024\/08\/rg3406-1-grampo-olhal-150x150-1.jpg\" \/><\/td><td class=\"column-2\">RG3406-1<\/td><td class=\"column-3\">Permite a conex\u00e3o de 02 terminais roscados no mesmo corpo do grampo; Corpo em alum\u00ednio; Mordente liso; Parafuso de aperto tipo olhal; Conex\u00e3o do cabo atrav\u00e9s de terminal roscado<\/td><td class=\"column-4\">    <button class=\"add-to-budget\" data-table-id=\"GRAMPO-OLHAL\" data-reference=\"RG3406-1\" data-description=\"Grampo Olhal\" style=\"color:#ff4d00;\">\n        <img decoding=\"async\" src=\"https:\/\/www.ritzbrasil.com\/\/wp-content\/uploads\/2024\/07\/orcar-compras-tabela-new-1.png\" alt=\"Request quote\" title=\"Request quote\" \/>\n    <\/button>\n    <\/td><td class=\"column-5\"><a href=\"https:\/\/lojasritz.com.br\/catalogsearch\/result\/?q=RG3406-1\" target=\"_blank\" rel=\"noopener\"><img decoding=\"async\" src=\"https:\/\/www.ritzbrasil.com\/wp-content\/uploads\/2024\/07\/carrinho-compras-tabela.png\"  \/><\/a><\/td>\n<\/tr>\n<tr class=\"row-6\">\n\t<td class=\"column-1\"><img decoding=\"async\" src=\"https:\/\/www.ritzbrasil.com\/wp-content\/uploads\/2024\/07\/ATR11627-1-grampo-olhal-150x150-1.jpg\" \/><\/td><td class=\"column-2\">ATR11627-1<\/td><td class=\"column-3\">Corpo em alum\u00ednio; Mordente liso; Parafuso de aperto tipo olhal; Conex\u00e3o do<br \/>\ncabo atrav\u00e9s de terminal liso<\/td><td class=\"column-4\">    <button class=\"add-to-budget\" data-table-id=\"GRAMPO-OLHAL\" data-reference=\"ATR11627-1\" data-description=\"Grampo Olhal\" style=\"color:#ff4d00;\">\n        <img decoding=\"async\" src=\"https:\/\/www.ritzbrasil.com\/\/wp-content\/uploads\/2024\/07\/orcar-compras-tabela-new-1.png\" alt=\"Request quote\" title=\"Request quote\" \/>\n    <\/button>\n    <\/td><td class=\"column-5\"><a href=\"https:\/\/lojasritz.com.br\/catalogsearch\/result\/?q=ATR11627-1\" target=\"_blank\" rel=\"noopener\"><img decoding=\"async\" src=\"https:\/\/www.ritzbrasil.com\/wp-content\/uploads\/2024\/07\/carrinho-compras-tabela.png\"  \/><\/a><\/td>\n<\/tr>\n<tr class=\"row-7\">\n\t<td class=\"column-1\"><img decoding=\"async\" src=\"https:\/\/www.ritzbrasil.com\/wp-content\/uploads\/2024\/07\/RG3368-grampo-olhal-150x150-1.jpg\" \/><\/td><td class=\"column-2\">RG3368<\/td><td class=\"column-3\">Corpo em alum\u00ednio; Mordente liso; Parafuso de aperto tipo olhal; Conex\u00e3o do cabo<br \/>\natrav\u00e9s de terminal liso<\/td><td class=\"column-4\">    <button class=\"add-to-budget\" data-table-id=\"GRAMPO-OLHAL\" data-reference=\"RG3368\" data-description=\"Grampo Olhal\" style=\"color:#ff4d00;\">\n        <img decoding=\"async\" src=\"https:\/\/www.ritzbrasil.com\/\/wp-content\/uploads\/2024\/07\/orcar-compras-tabela-new-1.png\" alt=\"Request quote\" title=\"Request quote\" \/>\n    <\/button>\n    <\/td><td class=\"column-5\"><a href=\"https:\/\/lojasritz.com.br\/catalogsearch\/result\/?q=RG3368\" target=\"_blank\" rel=\"noopener\"><img decoding=\"async\" src=\"https:\/\/www.ritzbrasil.com\/wp-content\/uploads\/2024\/07\/carrinho-compras-tabela.png\"  \/><\/a><\/td>\n<\/tr>\n<tr class=\"row-8\">\n\t<td class=\"column-1\"><img decoding=\"async\" src=\"https:\/\/www.ritzbrasil.com\/wp-content\/uploads\/2024\/07\/RG3367-2-grampo-olhal-150x150-1.jpg\" \/><\/td><td class=\"column-2\">RG3367-2<\/td><td class=\"column-3\">Corpo em alum\u00ednio; Mordente remov\u00edvel e liso; Parafuso de aperto tipo olhal;<br \/>\nConex\u00e3o do cabo atrav\u00e9s de terminal liso<\/td><td class=\"column-4\">    <button class=\"add-to-budget\" data-table-id=\"GRAMPO-OLHAL\" data-reference=\"RG3367-2\" data-description=\"Grampo Olhal\" style=\"color:#ff4d00;\">\n        <img decoding=\"async\" src=\"https:\/\/www.ritzbrasil.com\/\/wp-content\/uploads\/2024\/07\/orcar-compras-tabela-new-1.png\" alt=\"Request quote\" title=\"Request quote\" \/>\n    <\/button>\n    <\/td><td class=\"column-5\"><a href=\"https:\/\/lojasritz.com.br\/catalogsearch\/result\/?q=RG3367-2\" target=\"_blank\" rel=\"noopener\"><img decoding=\"async\" src=\"https:\/\/www.ritzbrasil.com\/wp-content\/uploads\/2024\/07\/carrinho-compras-tabela.png\"  \/><\/a><\/td>\n<\/tr>\n<tr class=\"row-9\">\n\t<td class=\"column-1\"><img decoding=\"async\" src=\"https:\/\/www.ritzbrasil.com\/wp-content\/uploads\/2024\/07\/RC600-1743-grampo-olhal-150x150-1.jpg\" \/><\/td><td class=\"column-2\">RC600-1743<\/td><td class=\"column-3\">Corpo em alum\u00ednio; Mordente liso; Parafuso de aperto tipo olhal; Conex\u00e3o do<br \/>\ncabo atrav\u00e9s de terminal roscado sem saia<\/td><td class=\"column-4\">    <button class=\"add-to-budget\" data-table-id=\"GRAMPO-OLHAL\" data-reference=\"RC600-1743\" data-description=\"Grampo Olhal\" style=\"color:#ff4d00;\">\n        <img decoding=\"async\" src=\"https:\/\/www.ritzbrasil.com\/\/wp-content\/uploads\/2024\/07\/orcar-compras-tabela-new-1.png\" alt=\"Request quote\" title=\"Request quote\" \/>\n    <\/button>\n    <\/td><td class=\"column-5\"><a href=\"https:\/\/lojasritz.com.br\/catalogsearch\/result\/?q=RC600-1743\" target=\"_blank\" rel=\"noopener\"><img decoding=\"async\" src=\"https:\/\/www.ritzbrasil.com\/wp-content\/uploads\/2024\/07\/carrinho-compras-tabela.png\"  \/><\/a><\/td>\n<\/tr>\n<tr class=\"row-10\">\n\t<td class=\"column-1\"><img decoding=\"async\" src=\"https:\/\/www.ritzbrasil.com\/wp-content\/uploads\/2024\/07\/RG3622-1-grampo-olhal-150x150-1.jpg\" \/><\/td><td class=\"column-2\">RG3622-1<\/td><td class=\"column-3\">Corpo em alum\u00ednio; Mordente liso; Parafuso de aperto tipo olhal; Conex\u00e3o do<br \/>\ncabo atrav\u00e9s de terminal liso<\/td><td class=\"column-4\">    <button class=\"add-to-budget\" data-table-id=\"GRAMPO-OLHAL\" data-reference=\"RG3622-1\" data-description=\"Grampo Olhal\" style=\"color:#ff4d00;\">\n        <img decoding=\"async\" src=\"https:\/\/www.ritzbrasil.com\/\/wp-content\/uploads\/2024\/07\/orcar-compras-tabela-new-1.png\" alt=\"Request quote\" title=\"Request quote\" \/>\n    <\/button>\n    <\/td><td class=\"column-5\"><a href=\"https:\/\/lojasritz.com.br\/catalogsearch\/result\/?q=RG3622-1\" target=\"_blank\" rel=\"noopener\"><img decoding=\"async\" src=\"https:\/\/www.ritzbrasil.com\/wp-content\/uploads\/2024\/07\/carrinho-compras-tabela.png\"  \/><\/a><\/td>\n<\/tr>\n<tr class=\"row-11\">\n\t<td class=\"column-1\"><img decoding=\"async\" src=\"https:\/\/www.ritzbrasil.com\/wp-content\/uploads\/2024\/07\/RC600-0434-grampo-olhal-150x150-1.jpg\" \/><\/td><td class=\"column-2\">RC600-0434<\/td><td class=\"column-3\">Corpo em alum\u00ednio; Mordente serrilhado; Parafuso de aperto tipo olhal;<br \/>\nConex\u00e3o do cabo atrav\u00e9s de terminal liso<\/td><td class=\"column-4\">    <button class=\"add-to-budget\" data-table-id=\"GRAMPO-OLHAL\" data-reference=\"RC600-0434\" data-description=\"Grampo Olhal\" style=\"color:#ff4d00;\">\n        <img decoding=\"async\" src=\"https:\/\/www.ritzbrasil.com\/\/wp-content\/uploads\/2024\/07\/orcar-compras-tabela-new-1.png\" alt=\"Request quote\" title=\"Request quote\" \/>\n    <\/button>\n    <\/td><td class=\"column-5\"><a href=\"https:\/\/lojasritz.com.br\/catalogsearch\/result\/?q=RC600-0434\" target=\"_blank\" rel=\"noopener\"><img decoding=\"async\" src=\"https:\/\/www.ritzbrasil.com\/wp-content\/uploads\/2024\/07\/carrinho-compras-tabela.png\"  \/><\/a><\/td>\n<\/tr>\n<tr class=\"row-12\">\n\t<td class=\"column-1\"><img decoding=\"async\" src=\"https:\/\/www.ritzbrasil.com\/wp-content\/uploads\/2024\/07\/RC600-0065-grampo-olhal-150x150-1.jpg\" \/><\/td><td class=\"column-2\">RC600-0065<\/td><td class=\"column-3\">Corpo em alum\u00ednio; Mordente serrilhado; Parafuso de aperto tipo olhal;<br \/>\nConex\u00e3o do cabo atrav\u00e9s de terminal roscado<\/td><td class=\"column-4\">    <button class=\"add-to-budget\" data-table-id=\"GRAMPO-OLHAL\" data-reference=\"RC600-0065\" data-description=\"Grampo Olhal\" style=\"color:#ff4d00;\">\n        <img decoding=\"async\" src=\"https:\/\/www.ritzbrasil.com\/\/wp-content\/uploads\/2024\/07\/orcar-compras-tabela-new-1.png\" alt=\"Request quote\" title=\"Request quote\" \/>\n    <\/button>\n    <\/td><td class=\"column-5\"><a href=\"https:\/\/lojasritz.com.br\/catalogsearch\/result\/?q=RC600-0065\" target=\"_blank\" rel=\"noopener\"><img decoding=\"async\" src=\"https:\/\/www.ritzbrasil.com\/wp-content\/uploads\/2024\/07\/carrinho-compras-tabela.png\"  \/><\/a><\/td>\n<\/tr>\n<tr class=\"row-13\">\n\t<td class=\"column-1\"><img decoding=\"async\" src=\"https:\/\/www.ritzbrasil.com\/wp-content\/uploads\/2024\/07\/RC600-0965-grampo-olhal-150x150-1.jpg\" \/><\/td><td class=\"column-2\">RC600-0965<\/td><td class=\"column-3\">Corpo em alum\u00ednio; Mordente serrilhado; Parafuso de aperto tipo olhal;<br \/>\nConex\u00e3o do cabo atrav\u00e9s de terminal liso<\/td><td class=\"column-4\">    <button class=\"add-to-budget\" data-table-id=\"GRAMPO-OLHAL\" data-reference=\"RC600-0965\" data-description=\"Grampo Olhal\" style=\"color:#ff4d00;\">\n        <img decoding=\"async\" src=\"https:\/\/www.ritzbrasil.com\/\/wp-content\/uploads\/2024\/07\/orcar-compras-tabela-new-1.png\" alt=\"Request quote\" title=\"Request quote\" \/>\n    <\/button>\n    <\/td><td class=\"column-5\"><a href=\"https:\/\/lojasritz.com.br\/catalogsearch\/result\/?q=RC600-0965\" target=\"_blank\" rel=\"noopener\"><img decoding=\"async\" src=\"https:\/\/www.ritzbrasil.com\/wp-content\/uploads\/2024\/07\/carrinho-compras-tabela.png\"  \/><\/a><\/td>\n<\/tr>\n<tr class=\"row-14\">\n\t<td class=\"column-1\"><img decoding=\"async\" src=\"https:\/\/www.ritzbrasil.com\/wp-content\/uploads\/2024\/07\/RC600-2282-grampo-olhal-150x150-1.jpg\" \/><\/td><td class=\"column-2\">RC600-2282<\/td><td class=\"column-3\">Corpo em alum\u00ednio; mordente serrilhado; Parafuso de aperto tipo olhal;<br \/>\nConex\u00e3o do cabo atrav\u00e9s de terminal liso<\/td><td class=\"column-4\">    <button class=\"add-to-budget\" data-table-id=\"GRAMPO-OLHAL\" data-reference=\"RC600-2282\" data-description=\"Grampo Olhal\" style=\"color:#ff4d00;\">\n        <img decoding=\"async\" src=\"https:\/\/www.ritzbrasil.com\/\/wp-content\/uploads\/2024\/07\/orcar-compras-tabela-new-1.png\" alt=\"Request quote\" title=\"Request quote\" \/>\n    <\/button>\n    <\/td><td class=\"column-5\"><a href=\"https:\/\/lojasritz.com.br\/catalogsearch\/result\/?q=RC600-2282\" target=\"_blank\" rel=\"noopener\"><img decoding=\"async\" src=\"https:\/\/www.ritzbrasil.com\/wp-content\/uploads\/2024\/07\/carrinho-compras-tabela.png\"  \/><\/a><\/td>\n<\/tr>\n<\/tbody>\n<\/table>\n<\/div>\n[\/vc_column_text][vc_separator border_width=&#8221;2&#8243; css=&#8221;&#8221;][\/vc_column][\/vc_row]<\/p>\n<\/div>","protected":false},"excerpt":{"rendered":"<p>Temporary earthing clamps with eye bolts can be installed on overhead networks using a pole or maneuvering rod, making installation practical and ensuring the necessary safety distance to protect the operator.<\/p>\n","protected":false},"featured_media":56952,"template":"","meta":[],"product_brand":[],"product_cat":[1665],"product_tag":[4113,4061,4117,4116,4118,1839,4119,4115,4114,4111,4112,1812],"class_list":{"0":"post-61418","1":"product","2":"type-product","3":"status-publish","4":"has-post-thumbnail","6":"product_cat-temporary-grounding","7":"product_tag-atr11627-1","8":"product_tag-grounding-for-high-voltage","9":"product_tag-rc600-0065","10":"product_tag-rc600-0434","11":"product_tag-rc600-0965","12":"product_tag-rc600-1743-en","13":"product_tag-rc600-2282","14":"product_tag-rg3367-2","15":"product_tag-rg3368","16":"product_tag-rg3403","17":"product_tag-rg3404-1","18":"product_tag-rg3622-1-en","19":"description-off","21":"first","22":"instock","23":"virtual","24":"product-type-simple"},"yoast_head":"<!-- This site is optimized with the Yoast SEO plugin v27.1.1 - https:\/\/yoast.com\/product\/yoast-seo-wordpress\/ -->\n<title>Eye Clamp - Equipamentos de Manuten\u00e7\u00e3o e Seguran\u00e7a para o Setor El\u00e9trico - Ritz Brasil<\/title>\n<meta name=\"description\" content=\"ATR00395-8 - Temporary Grounding Set for Substation (HV) - Maximum short-circuit current: 60 cycles - 25 kA\" \/>\n<meta name=\"robots\" content=\"index, follow, max-snippet:-1, max-image-preview:large, max-video-preview:-1\" \/>\n<link rel=\"canonical\" href=\"https:\/\/www.ritzbrasil.com\/en\/produtos\/temporary-grounding\/eye-clamp\/\" \/>\n<meta property=\"og:locale\" content=\"en_US\" \/>\n<meta property=\"og:type\" content=\"article\" \/>\n<meta property=\"og:title\" content=\"Eye Clamp - Equipamentos de Manuten\u00e7\u00e3o e Seguran\u00e7a para o Setor El\u00e9trico - Ritz Brasil\" \/>\n<meta property=\"og:description\" content=\"ATR00395-8 - Temporary Grounding Set for Substation (HV) - Maximum short-circuit current: 60 cycles - 25 kA\" \/>\n<meta property=\"og:url\" content=\"https:\/\/www.ritzbrasil.com\/en\/produtos\/temporary-grounding\/eye-clamp\/\" \/>\n<meta property=\"og:site_name\" content=\"Equipamentos de Manuten\u00e7\u00e3o e Seguran\u00e7a para o Setor El\u00e9trico - Ritz Brasil\" \/>\n<meta property=\"article:modified_time\" content=\"2026-02-25T19:04:37+00:00\" \/>\n<meta property=\"og:image\" content=\"https:\/\/www.ritzbrasil.com\/wp-content\/uploads\/2024\/07\/RG3403-grampo-olhal.jpg\" \/>\n\t<meta property=\"og:image:width\" content=\"1200\" \/>\n\t<meta property=\"og:image:height\" content=\"1200\" \/>\n\t<meta property=\"og:image:type\" content=\"image\/jpeg\" \/>\n<meta name=\"twitter:card\" content=\"summary_large_image\" \/>\n<meta name=\"twitter:label1\" content=\"Est. reading time\" \/>\n\t<meta name=\"twitter:data1\" content=\"1 minute\" \/>\n<script type=\"application\/ld+json\" class=\"yoast-schema-graph\">{\"@context\":\"https:\/\/schema.org\",\"@graph\":[{\"@type\":\"WebPage\",\"@id\":\"https:\/\/www.ritzbrasil.com\/en\/produtos\/temporary-grounding\/eye-clamp\/\",\"url\":\"https:\/\/www.ritzbrasil.com\/en\/produtos\/temporary-grounding\/eye-clamp\/\",\"name\":\"Eye Clamp - Equipamentos de Manuten\u00e7\u00e3o e Seguran\u00e7a para o Setor El\u00e9trico - Ritz Brasil\",\"isPartOf\":{\"@id\":\"https:\/\/www.ritzbrasil.com\/en\/#website\"},\"primaryImageOfPage\":{\"@id\":\"https:\/\/www.ritzbrasil.com\/en\/produtos\/temporary-grounding\/eye-clamp\/#primaryimage\"},\"image\":{\"@id\":\"https:\/\/www.ritzbrasil.com\/en\/produtos\/temporary-grounding\/eye-clamp\/#primaryimage\"},\"thumbnailUrl\":\"https:\/\/www.ritzbrasil.com\/wp-content\/uploads\/2024\/07\/RG3403-grampo-olhal.jpg\",\"datePublished\":\"2024-07-08T12:20:26+00:00\",\"dateModified\":\"2026-02-25T19:04:37+00:00\",\"description\":\"ATR00395-8 - Temporary Grounding Set for Substation (HV) - Maximum short-circuit current: 60 cycles - 25 kA\",\"breadcrumb\":{\"@id\":\"https:\/\/www.ritzbrasil.com\/en\/produtos\/temporary-grounding\/eye-clamp\/#breadcrumb\"},\"inLanguage\":\"en-US\",\"potentialAction\":[{\"@type\":\"ReadAction\",\"target\":[\"https:\/\/www.ritzbrasil.com\/en\/produtos\/temporary-grounding\/eye-clamp\/\"]}]},{\"@type\":\"ImageObject\",\"inLanguage\":\"en-US\",\"@id\":\"https:\/\/www.ritzbrasil.com\/en\/produtos\/temporary-grounding\/eye-clamp\/#primaryimage\",\"url\":\"https:\/\/www.ritzbrasil.com\/wp-content\/uploads\/2024\/07\/RG3403-grampo-olhal.jpg\",\"contentUrl\":\"https:\/\/www.ritzbrasil.com\/wp-content\/uploads\/2024\/07\/RG3403-grampo-olhal.jpg\",\"width\":1200,\"height\":1200,\"caption\":\"RG3403 - Clamp Eyelet\"},{\"@type\":\"BreadcrumbList\",\"@id\":\"https:\/\/www.ritzbrasil.com\/en\/produtos\/temporary-grounding\/eye-clamp\/#breadcrumb\",\"itemListElement\":[{\"@type\":\"ListItem\",\"position\":1,\"name\":\"In\u00edcio\",\"item\":\"https:\/\/www.ritzbrasil.com\/en\/\"},{\"@type\":\"ListItem\",\"position\":2,\"name\":\"Shop\",\"item\":\"https:\/\/www.ritzbrasil.com\/en\/shop\/\"},{\"@type\":\"ListItem\",\"position\":3,\"name\":\"Eye Clamp\"}]},{\"@type\":\"WebSite\",\"@id\":\"https:\/\/www.ritzbrasil.com\/en\/#website\",\"url\":\"https:\/\/www.ritzbrasil.com\/en\/\",\"name\":\"Equipamentos de Manuten\u00e7\u00e3o e Seguran\u00e7a para o Setor El\u00e9trico - Ritz Brasil\",\"description\":\"\",\"potentialAction\":[{\"@type\":\"SearchAction\",\"target\":{\"@type\":\"EntryPoint\",\"urlTemplate\":\"https:\/\/www.ritzbrasil.com\/en\/?s={search_term_string}\"},\"query-input\":{\"@type\":\"PropertyValueSpecification\",\"valueRequired\":true,\"valueName\":\"search_term_string\"}}],\"inLanguage\":\"en-US\"}]}<\/script>\n<!-- \/ Yoast SEO plugin. -->","yoast_head_json":{"title":"Eye Clamp - Equipamentos de Manuten\u00e7\u00e3o e Seguran\u00e7a para o Setor El\u00e9trico - Ritz Brasil","description":"ATR00395-8 - Temporary Grounding Set for Substation (HV) - Maximum short-circuit current: 60 cycles - 25 kA","robots":{"index":"index","follow":"follow","max-snippet":"max-snippet:-1","max-image-preview":"max-image-preview:large","max-video-preview":"max-video-preview:-1"},"canonical":"https:\/\/www.ritzbrasil.com\/en\/produtos\/temporary-grounding\/eye-clamp\/","og_locale":"en_US","og_type":"article","og_title":"Eye Clamp - Equipamentos de Manuten\u00e7\u00e3o e Seguran\u00e7a para o Setor El\u00e9trico - Ritz Brasil","og_description":"ATR00395-8 - Temporary Grounding Set for Substation (HV) - Maximum short-circuit current: 60 cycles - 25 kA","og_url":"https:\/\/www.ritzbrasil.com\/en\/produtos\/temporary-grounding\/eye-clamp\/","og_site_name":"Equipamentos de Manuten\u00e7\u00e3o e Seguran\u00e7a para o Setor El\u00e9trico - Ritz Brasil","article_modified_time":"2026-02-25T19:04:37+00:00","og_image":[{"width":1200,"height":1200,"url":"https:\/\/www.ritzbrasil.com\/wp-content\/uploads\/2024\/07\/RG3403-grampo-olhal.jpg","type":"image\/jpeg"}],"twitter_card":"summary_large_image","twitter_misc":{"Est. reading time":"1 minute"},"schema":{"@context":"https:\/\/schema.org","@graph":[{"@type":"WebPage","@id":"https:\/\/www.ritzbrasil.com\/en\/produtos\/temporary-grounding\/eye-clamp\/","url":"https:\/\/www.ritzbrasil.com\/en\/produtos\/temporary-grounding\/eye-clamp\/","name":"Eye Clamp - Equipamentos de Manuten\u00e7\u00e3o e Seguran\u00e7a para o Setor El\u00e9trico - Ritz Brasil","isPartOf":{"@id":"https:\/\/www.ritzbrasil.com\/en\/#website"},"primaryImageOfPage":{"@id":"https:\/\/www.ritzbrasil.com\/en\/produtos\/temporary-grounding\/eye-clamp\/#primaryimage"},"image":{"@id":"https:\/\/www.ritzbrasil.com\/en\/produtos\/temporary-grounding\/eye-clamp\/#primaryimage"},"thumbnailUrl":"https:\/\/www.ritzbrasil.com\/wp-content\/uploads\/2024\/07\/RG3403-grampo-olhal.jpg","datePublished":"2024-07-08T12:20:26+00:00","dateModified":"2026-02-25T19:04:37+00:00","description":"ATR00395-8 - Temporary Grounding Set for Substation (HV) - Maximum short-circuit current: 60 cycles - 25 kA","breadcrumb":{"@id":"https:\/\/www.ritzbrasil.com\/en\/produtos\/temporary-grounding\/eye-clamp\/#breadcrumb"},"inLanguage":"en-US","potentialAction":[{"@type":"ReadAction","target":["https:\/\/www.ritzbrasil.com\/en\/produtos\/temporary-grounding\/eye-clamp\/"]}]},{"@type":"ImageObject","inLanguage":"en-US","@id":"https:\/\/www.ritzbrasil.com\/en\/produtos\/temporary-grounding\/eye-clamp\/#primaryimage","url":"https:\/\/www.ritzbrasil.com\/wp-content\/uploads\/2024\/07\/RG3403-grampo-olhal.jpg","contentUrl":"https:\/\/www.ritzbrasil.com\/wp-content\/uploads\/2024\/07\/RG3403-grampo-olhal.jpg","width":1200,"height":1200,"caption":"RG3403 - Clamp Eyelet"},{"@type":"BreadcrumbList","@id":"https:\/\/www.ritzbrasil.com\/en\/produtos\/temporary-grounding\/eye-clamp\/#breadcrumb","itemListElement":[{"@type":"ListItem","position":1,"name":"In\u00edcio","item":"https:\/\/www.ritzbrasil.com\/en\/"},{"@type":"ListItem","position":2,"name":"Shop","item":"https:\/\/www.ritzbrasil.com\/en\/shop\/"},{"@type":"ListItem","position":3,"name":"Eye Clamp"}]},{"@type":"WebSite","@id":"https:\/\/www.ritzbrasil.com\/en\/#website","url":"https:\/\/www.ritzbrasil.com\/en\/","name":"Equipamentos de Manuten\u00e7\u00e3o e Seguran\u00e7a para o Setor El\u00e9trico - Ritz Brasil","description":"","potentialAction":[{"@type":"SearchAction","target":{"@type":"EntryPoint","urlTemplate":"https:\/\/www.ritzbrasil.com\/en\/?s={search_term_string}"},"query-input":{"@type":"PropertyValueSpecification","valueRequired":true,"valueName":"search_term_string"}}],"inLanguage":"en-US"}]}},"_links":{"self":[{"href":"https:\/\/www.ritzbrasil.com\/en\/wp-json\/wp\/v2\/product\/61418","targetHints":{"allow":["GET"]}}],"collection":[{"href":"https:\/\/www.ritzbrasil.com\/en\/wp-json\/wp\/v2\/product"}],"about":[{"href":"https:\/\/www.ritzbrasil.com\/en\/wp-json\/wp\/v2\/types\/product"}],"wp:featuredmedia":[{"embeddable":true,"href":"https:\/\/www.ritzbrasil.com\/en\/wp-json\/wp\/v2\/media\/56952"}],"wp:attachment":[{"href":"https:\/\/www.ritzbrasil.com\/en\/wp-json\/wp\/v2\/media?parent=61418"}],"wp:term":[{"taxonomy":"product_brand","embeddable":true,"href":"https:\/\/www.ritzbrasil.com\/en\/wp-json\/wp\/v2\/product_brand?post=61418"},{"taxonomy":"product_cat","embeddable":true,"href":"https:\/\/www.ritzbrasil.com\/en\/wp-json\/wp\/v2\/product_cat?post=61418"},{"taxonomy":"product_tag","embeddable":true,"href":"https:\/\/www.ritzbrasil.com\/en\/wp-json\/wp\/v2\/product_tag?post=61418"}],"curies":[{"name":"wp","href":"https:\/\/api.w.org\/{rel}","templated":true}]}}