{"id":61412,"date":"2024-07-08T08:20:05","date_gmt":"2024-07-08T11:20:05","guid":{"rendered":"https:\/\/www.ritzbrasil.com\/produtos\/uncategorized\/lifting-and-installation-system-for-substation-grounding\/"},"modified":"2026-02-25T16:06:00","modified_gmt":"2026-02-25T19:06:00","slug":"lifting-and-installation-system-for-substation-grounding","status":"publish","type":"product","link":"https:\/\/www.ritzbrasil.com\/en\/produtos\/temporary-grounding\/lifting-and-installation-system-for-substation-grounding\/","title":{"rendered":"Lifting and Installation System for Substation Grounding"},"content":{"rendered":"<div class=\"wpb-content-wrapper\"><p>[vc_row][vc_column][vc_column_text css=&#8221;.vc_custom_1723032656867{margin-top: 20px !important;}&#8221;]<\/p>\n<h4><span style=\"color: #ff9900;\"><strong>ATR23989-1 &#8211; Lifting and Installation System for Substation Grounding<\/strong><\/span><\/h4>\n<p>[\/vc_column_text][vc_column_text css=&#8221;.vc_custom_1723034762957{margin-top: -20px !important;}&#8221;]\n<div id=\"tablepress-Sistema-Elevacao-Instalacao-Aterramentos-Subestacoes-scroll-wrapper\" class=\"tablepress-scroll-wrapper\">\n<table id=\"tablepress-Sistema-Elevacao-Instalacao-Aterramentos-Subestacoes\" class=\"tablepress tablepress-id-Sistema-Elevacao-Instalacao-Aterramentos-Subestacoes tablepress-responsive\">\n<thead>\n<tr class=\"row-1\">\n\t<td class=\"column-1\"><\/td><th class=\"column-2\">  Refer\u00eancias<\/th><th class=\"column-3\">Caracter\u00edstica<\/th><td class=\"column-4\"><\/td><td class=\"column-5\"><\/td>\n<\/tr>\n<\/thead>\n<tbody class=\"row-striping row-hover\">\n<tr class=\"row-2\">\n\t<td class=\"column-1\"><img decoding=\"async\" src=\"https:\/\/www.ritzbrasil.com\/wp-content\/uploads\/2024\/08\/sistema-elevacao-instalacao-aterramentos-subestacoes-150x150-1.jpg\" \/><\/td><td class=\"column-2\">ATR23989-1<\/td><td class=\"column-3\">Conjunto composto por: 01 p\u00e7 Elemento com gancho de sustenta\u00e7\u00e3o e carretilha (ATR01875-1); 01 p\u00e7 Elemento ponta com cabe\u00e7ote universal e colarinho articul\u00e1vel (VMR\/S-SP); 20 m Corda de polipropileno de \u00d8 3\/8\u201d (RM1895-2)<\/td><td class=\"column-4\">    <button class=\"add-to-budget\" data-table-id=\"Sistema-Elevacao-Instalacao-Aterramentos-Subestacoes\" data-reference=\"ATR23989-1\" data-description=\"Sistema de Eleva\u00e7\u00e3o e Instala\u00e7\u00e3o para Aterramentos em Subesta\u00e7\u00f5es\" style=\"color:#ff4d00;\">\n        <img decoding=\"async\" src=\"https:\/\/www.ritzbrasil.com\/\/wp-content\/uploads\/2024\/07\/orcar-compras-tabela-new-1.png\" alt=\"Request quote\" title=\"Request quote\" \/>\n    <\/button>\n    <\/td><td class=\"column-5\"><a href=\"https:\/\/lojasritz.com.br\/catalogsearch\/result\/?q=ATR23989-1\" target=\"_blank\" rel=\"noopener\"><img decoding=\"async\" src=\"https:\/\/www.ritzbrasil.com\/wp-content\/uploads\/2024\/07\/carrinho-compras-tabela.png\"  \/><\/a><\/td>\n<\/tr>\n<\/tbody>\n<\/table>\n<\/div>\n[\/vc_column_text][vc_separator border_width=&#8221;2&#8243; css=&#8221;&#8221;][\/vc_column][\/vc_row]<\/p>\n<\/div>","protected":false},"excerpt":{"rendered":"<p>This set of tools allows temporary grounding assemblies to be lifted and installed on the busbars of<br \/>\nextra-high-voltage substations, directly from the ground, at a height of up to 8m.<\/p>\n<p>The tip sections (ATR01875-1 and VMR\/S-SP) must be coupled to separate switchgear rods, with lengths compatible with the height of the substation busbar.<\/p>\n<p>The ATR01875-1 section must be installed on the busbar using the support hook. The VMR\/S-SP section will hoist the clamp and earthing cable.<\/p>\n","protected":false},"featured_media":57136,"template":"","meta":[],"product_brand":[],"product_cat":[1665],"product_tag":[4071,2719,4070,4073,4074,4072],"class_list":{"0":"post-61412","1":"product","2":"type-product","3":"status-publish","4":"has-post-thumbnail","6":"product_cat-temporary-grounding","7":"product_tag-atr01875-1","8":"product_tag-rm1895-2-en","9":"product_tag-temporary-grounding","10":"product_tag-vmr-i","11":"product_tag-vmr-p","12":"product_tag-vmr-s-sp","13":"description-off","15":"first","16":"instock","17":"virtual","18":"product-type-simple"},"yoast_head":"<!-- This site is optimized with the Yoast SEO plugin v27.1.1 - https:\/\/yoast.com\/product\/yoast-seo-wordpress\/ -->\n<title>Lifting System and Installation. Substation grounding<\/title>\n<meta name=\"description\" content=\"Allows temporary grounding assemblies to be lifted and installed on the busbars of extra-high voltage substations, directly from the ground.\" \/>\n<meta name=\"robots\" content=\"index, follow, max-snippet:-1, max-image-preview:large, max-video-preview:-1\" \/>\n<link rel=\"canonical\" href=\"https:\/\/www.ritzbrasil.com\/en\/produtos\/temporary-grounding\/lifting-and-installation-system-for-substation-grounding\/\" \/>\n<meta property=\"og:locale\" content=\"en_US\" \/>\n<meta property=\"og:type\" content=\"article\" \/>\n<meta property=\"og:title\" content=\"Lifting System and Installation. Substation grounding\" \/>\n<meta property=\"og:description\" content=\"Allows temporary grounding assemblies to be lifted and installed on the busbars of extra-high voltage substations, directly from the ground.\" \/>\n<meta property=\"og:url\" content=\"https:\/\/www.ritzbrasil.com\/en\/produtos\/temporary-grounding\/lifting-and-installation-system-for-substation-grounding\/\" \/>\n<meta property=\"og:site_name\" content=\"Equipamentos de Manuten\u00e7\u00e3o e Seguran\u00e7a para o Setor El\u00e9trico - Ritz Brasil\" \/>\n<meta property=\"article:modified_time\" content=\"2026-02-25T19:06:00+00:00\" \/>\n<meta property=\"og:image\" content=\"https:\/\/www.ritzbrasil.com\/wp-content\/uploads\/2024\/08\/sistema-elevacao-instalacao-aterramentos-subestacoes.jpg\" \/>\n\t<meta property=\"og:image:width\" content=\"1200\" \/>\n\t<meta property=\"og:image:height\" content=\"1200\" \/>\n\t<meta property=\"og:image:type\" content=\"image\/jpeg\" \/>\n<meta name=\"twitter:card\" content=\"summary_large_image\" \/>\n<meta name=\"twitter:label1\" content=\"Est. reading time\" \/>\n\t<meta name=\"twitter:data1\" content=\"1 minute\" \/>\n<script type=\"application\/ld+json\" class=\"yoast-schema-graph\">{\"@context\":\"https:\/\/schema.org\",\"@graph\":[{\"@type\":\"WebPage\",\"@id\":\"https:\/\/www.ritzbrasil.com\/en\/produtos\/temporary-grounding\/lifting-and-installation-system-for-substation-grounding\/\",\"url\":\"https:\/\/www.ritzbrasil.com\/en\/produtos\/temporary-grounding\/lifting-and-installation-system-for-substation-grounding\/\",\"name\":\"Lifting System and Installation. Substation grounding\",\"isPartOf\":{\"@id\":\"https:\/\/www.ritzbrasil.com\/en\/#website\"},\"primaryImageOfPage\":{\"@id\":\"https:\/\/www.ritzbrasil.com\/en\/produtos\/temporary-grounding\/lifting-and-installation-system-for-substation-grounding\/#primaryimage\"},\"image\":{\"@id\":\"https:\/\/www.ritzbrasil.com\/en\/produtos\/temporary-grounding\/lifting-and-installation-system-for-substation-grounding\/#primaryimage\"},\"thumbnailUrl\":\"https:\/\/www.ritzbrasil.com\/wp-content\/uploads\/2024\/08\/sistema-elevacao-instalacao-aterramentos-subestacoes.jpg\",\"datePublished\":\"2024-07-08T11:20:05+00:00\",\"dateModified\":\"2026-02-25T19:06:00+00:00\",\"description\":\"Allows temporary grounding assemblies to be lifted and installed on the busbars of extra-high voltage substations, directly from the ground.\",\"breadcrumb\":{\"@id\":\"https:\/\/www.ritzbrasil.com\/en\/produtos\/temporary-grounding\/lifting-and-installation-system-for-substation-grounding\/#breadcrumb\"},\"inLanguage\":\"en-US\",\"potentialAction\":[{\"@type\":\"ReadAction\",\"target\":[\"https:\/\/www.ritzbrasil.com\/en\/produtos\/temporary-grounding\/lifting-and-installation-system-for-substation-grounding\/\"]}]},{\"@type\":\"ImageObject\",\"inLanguage\":\"en-US\",\"@id\":\"https:\/\/www.ritzbrasil.com\/en\/produtos\/temporary-grounding\/lifting-and-installation-system-for-substation-grounding\/#primaryimage\",\"url\":\"https:\/\/www.ritzbrasil.com\/wp-content\/uploads\/2024\/08\/sistema-elevacao-instalacao-aterramentos-subestacoes.jpg\",\"contentUrl\":\"https:\/\/www.ritzbrasil.com\/wp-content\/uploads\/2024\/08\/sistema-elevacao-instalacao-aterramentos-subestacoes.jpg\",\"width\":1200,\"height\":1200,\"caption\":\"ATR23989-1 - Lifting and Installation System for Substation Grounding\"},{\"@type\":\"BreadcrumbList\",\"@id\":\"https:\/\/www.ritzbrasil.com\/en\/produtos\/temporary-grounding\/lifting-and-installation-system-for-substation-grounding\/#breadcrumb\",\"itemListElement\":[{\"@type\":\"ListItem\",\"position\":1,\"name\":\"In\u00edcio\",\"item\":\"https:\/\/www.ritzbrasil.com\/en\/\"},{\"@type\":\"ListItem\",\"position\":2,\"name\":\"Shop\",\"item\":\"https:\/\/www.ritzbrasil.com\/en\/shop\/\"},{\"@type\":\"ListItem\",\"position\":3,\"name\":\"Lifting and Installation System for Substation Grounding\"}]},{\"@type\":\"WebSite\",\"@id\":\"https:\/\/www.ritzbrasil.com\/en\/#website\",\"url\":\"https:\/\/www.ritzbrasil.com\/en\/\",\"name\":\"Equipamentos de Manuten\u00e7\u00e3o e Seguran\u00e7a para o Setor El\u00e9trico - Ritz Brasil\",\"description\":\"\",\"potentialAction\":[{\"@type\":\"SearchAction\",\"target\":{\"@type\":\"EntryPoint\",\"urlTemplate\":\"https:\/\/www.ritzbrasil.com\/en\/?s={search_term_string}\"},\"query-input\":{\"@type\":\"PropertyValueSpecification\",\"valueRequired\":true,\"valueName\":\"search_term_string\"}}],\"inLanguage\":\"en-US\"}]}<\/script>\n<!-- \/ Yoast SEO plugin. -->","yoast_head_json":{"title":"Lifting System and Installation. Substation grounding","description":"Allows temporary grounding assemblies to be lifted and installed on the busbars of extra-high voltage substations, directly from the ground.","robots":{"index":"index","follow":"follow","max-snippet":"max-snippet:-1","max-image-preview":"max-image-preview:large","max-video-preview":"max-video-preview:-1"},"canonical":"https:\/\/www.ritzbrasil.com\/en\/produtos\/temporary-grounding\/lifting-and-installation-system-for-substation-grounding\/","og_locale":"en_US","og_type":"article","og_title":"Lifting System and Installation. Substation grounding","og_description":"Allows temporary grounding assemblies to be lifted and installed on the busbars of extra-high voltage substations, directly from the ground.","og_url":"https:\/\/www.ritzbrasil.com\/en\/produtos\/temporary-grounding\/lifting-and-installation-system-for-substation-grounding\/","og_site_name":"Equipamentos de Manuten\u00e7\u00e3o e Seguran\u00e7a para o Setor El\u00e9trico - Ritz Brasil","article_modified_time":"2026-02-25T19:06:00+00:00","og_image":[{"width":1200,"height":1200,"url":"https:\/\/www.ritzbrasil.com\/wp-content\/uploads\/2024\/08\/sistema-elevacao-instalacao-aterramentos-subestacoes.jpg","type":"image\/jpeg"}],"twitter_card":"summary_large_image","twitter_misc":{"Est. reading time":"1 minute"},"schema":{"@context":"https:\/\/schema.org","@graph":[{"@type":"WebPage","@id":"https:\/\/www.ritzbrasil.com\/en\/produtos\/temporary-grounding\/lifting-and-installation-system-for-substation-grounding\/","url":"https:\/\/www.ritzbrasil.com\/en\/produtos\/temporary-grounding\/lifting-and-installation-system-for-substation-grounding\/","name":"Lifting System and Installation. Substation grounding","isPartOf":{"@id":"https:\/\/www.ritzbrasil.com\/en\/#website"},"primaryImageOfPage":{"@id":"https:\/\/www.ritzbrasil.com\/en\/produtos\/temporary-grounding\/lifting-and-installation-system-for-substation-grounding\/#primaryimage"},"image":{"@id":"https:\/\/www.ritzbrasil.com\/en\/produtos\/temporary-grounding\/lifting-and-installation-system-for-substation-grounding\/#primaryimage"},"thumbnailUrl":"https:\/\/www.ritzbrasil.com\/wp-content\/uploads\/2024\/08\/sistema-elevacao-instalacao-aterramentos-subestacoes.jpg","datePublished":"2024-07-08T11:20:05+00:00","dateModified":"2026-02-25T19:06:00+00:00","description":"Allows temporary grounding assemblies to be lifted and installed on the busbars of extra-high voltage substations, directly from the ground.","breadcrumb":{"@id":"https:\/\/www.ritzbrasil.com\/en\/produtos\/temporary-grounding\/lifting-and-installation-system-for-substation-grounding\/#breadcrumb"},"inLanguage":"en-US","potentialAction":[{"@type":"ReadAction","target":["https:\/\/www.ritzbrasil.com\/en\/produtos\/temporary-grounding\/lifting-and-installation-system-for-substation-grounding\/"]}]},{"@type":"ImageObject","inLanguage":"en-US","@id":"https:\/\/www.ritzbrasil.com\/en\/produtos\/temporary-grounding\/lifting-and-installation-system-for-substation-grounding\/#primaryimage","url":"https:\/\/www.ritzbrasil.com\/wp-content\/uploads\/2024\/08\/sistema-elevacao-instalacao-aterramentos-subestacoes.jpg","contentUrl":"https:\/\/www.ritzbrasil.com\/wp-content\/uploads\/2024\/08\/sistema-elevacao-instalacao-aterramentos-subestacoes.jpg","width":1200,"height":1200,"caption":"ATR23989-1 - Lifting and Installation System for Substation Grounding"},{"@type":"BreadcrumbList","@id":"https:\/\/www.ritzbrasil.com\/en\/produtos\/temporary-grounding\/lifting-and-installation-system-for-substation-grounding\/#breadcrumb","itemListElement":[{"@type":"ListItem","position":1,"name":"In\u00edcio","item":"https:\/\/www.ritzbrasil.com\/en\/"},{"@type":"ListItem","position":2,"name":"Shop","item":"https:\/\/www.ritzbrasil.com\/en\/shop\/"},{"@type":"ListItem","position":3,"name":"Lifting and Installation System for Substation Grounding"}]},{"@type":"WebSite","@id":"https:\/\/www.ritzbrasil.com\/en\/#website","url":"https:\/\/www.ritzbrasil.com\/en\/","name":"Equipamentos de Manuten\u00e7\u00e3o e Seguran\u00e7a para o Setor El\u00e9trico - Ritz Brasil","description":"","potentialAction":[{"@type":"SearchAction","target":{"@type":"EntryPoint","urlTemplate":"https:\/\/www.ritzbrasil.com\/en\/?s={search_term_string}"},"query-input":{"@type":"PropertyValueSpecification","valueRequired":true,"valueName":"search_term_string"}}],"inLanguage":"en-US"}]}},"_links":{"self":[{"href":"https:\/\/www.ritzbrasil.com\/en\/wp-json\/wp\/v2\/product\/61412","targetHints":{"allow":["GET"]}}],"collection":[{"href":"https:\/\/www.ritzbrasil.com\/en\/wp-json\/wp\/v2\/product"}],"about":[{"href":"https:\/\/www.ritzbrasil.com\/en\/wp-json\/wp\/v2\/types\/product"}],"wp:featuredmedia":[{"embeddable":true,"href":"https:\/\/www.ritzbrasil.com\/en\/wp-json\/wp\/v2\/media\/57136"}],"wp:attachment":[{"href":"https:\/\/www.ritzbrasil.com\/en\/wp-json\/wp\/v2\/media?parent=61412"}],"wp:term":[{"taxonomy":"product_brand","embeddable":true,"href":"https:\/\/www.ritzbrasil.com\/en\/wp-json\/wp\/v2\/product_brand?post=61412"},{"taxonomy":"product_cat","embeddable":true,"href":"https:\/\/www.ritzbrasil.com\/en\/wp-json\/wp\/v2\/product_cat?post=61412"},{"taxonomy":"product_tag","embeddable":true,"href":"https:\/\/www.ritzbrasil.com\/en\/wp-json\/wp\/v2\/product_tag?post=61412"}],"curies":[{"name":"wp","href":"https:\/\/api.w.org\/{rel}","templated":true}]}}