{"id":61410,"date":"2024-07-08T08:10:40","date_gmt":"2024-07-08T11:10:40","guid":{"rendered":"https:\/\/www.ritzbrasil.com\/produtos\/uncategorized\/temporary-earthing-for-high-voltage-hv\/"},"modified":"2026-02-25T16:06:06","modified_gmt":"2026-02-25T19:06:06","slug":"temporary-earthing-for-high-voltage-hv","status":"publish","type":"product","link":"https:\/\/www.ritzbrasil.com\/en\/produtos\/temporary-grounding\/temporary-earthing-for-high-voltage-hv\/","title":{"rendered":"Temporary Earthing for High Voltage (HV)"},"content":{"rendered":"<div class=\"wpb-content-wrapper\"><p>[vc_row][vc_column][vc_column_text css=&#8221;.vc_custom_1721239850966{margin-top: 20px !important;}&#8221;]<\/p>\n<h4><span style=\"color: #ff9900;\"><strong>ATR17441-1 Temporary Grounding Set for Transmission Lines (HV) &#8211; (Wood, concrete and metal structure)<\/strong><\/span><\/h4>\n<p>[\/vc_column_text][vc_column_text css=&#8221;.vc_custom_1721239897798{margin-top: -20px !important;}&#8221;]\n<div id=\"tablepress-ATR17441-1-scroll-wrapper\" class=\"tablepress-scroll-wrapper\">\n<table id=\"tablepress-ATR17441-1\" class=\"tablepress tablepress-id-ATR17441-1 tablepress-responsive\">\n<thead>\n<tr class=\"row-1\">\n\t<td class=\"column-1\"><\/td><th class=\"column-2\">  Refer\u00eancias<\/th><th class=\"column-3\">Caracter\u00edstica<\/th><td class=\"column-4\"><\/td><td class=\"column-5\"><\/td>\n<\/tr>\n<\/thead>\n<tbody class=\"row-striping row-hover\">\n<tr class=\"row-2\">\n\t<td class=\"column-1\"><img decoding=\"async\" src=\"https:\/\/www.ritzbrasil.com\/wp-content\/uploads\/2024\/07\/atr17441-1-conjunto-aterramento-temporario-linhas-transmissao-at-150x150-1.jpg\" \/><\/td><td class=\"column-2\">ATR17441-1<\/td><td class=\"column-3\">Corrente m\u00e1xima de curto-circuito: 60 ciclos - 25 kA<\/td><td class=\"column-4\">    <button class=\"add-to-budget\" data-table-id=\"ATR17441-1\" data-reference=\"ATR17441-1\" data-description=\"Conjunto de Aterramento Tempor\u00e1rio para Linhas de Transmiss\u00e3o (AT) \u2013 (Estrutura madeira, concreto e met\u00e1lica)\" style=\"color:#ff4d00;\">\n        <img decoding=\"async\" src=\"https:\/\/www.ritzbrasil.com\/\/wp-content\/uploads\/2024\/07\/orcar-compras-tabela-new-1.png\" alt=\"Request quote\" title=\"Request quote\" \/>\n    <\/button>\n    <\/td><td class=\"column-5\"><a href=\"https:\/\/lojasritz.com.br\/catalogsearch\/result\/?q=ATR17441-1\" target=\"_blank\" rel=\"noopener\"><img decoding=\"async\" src=\"https:\/\/www.ritzbrasil.com\/wp-content\/uploads\/2024\/07\/carrinho-compras-tabela.png\"  \/><\/a><\/td>\n<\/tr>\n<\/tbody>\n<\/table>\n<\/div>\n[\/vc_column_text][vc_column_text css=&#8221;&#8221;]Set consisting of: 12 pcs Torsion grounding clamp, with eye bolt and knurled jaw (RC600-0965); 04 pcs Resting bracket for clamps (RG3626); 01 pcs Saddle-type trapeze, with handwheel, for forming an intermediate earth point (ATR03318-1); 27 m Extra flexible copper cable, nominal section 95 mm\u00b2, with transparent PVC insulation, comprising 3 flights of 4 m, 2 flights of 3 m and 1 flight of 9 m (CTC-95); 12 pcs Plain aluminum terminal for 95 mm\u00b2 cable (RC600-2629); 12 pcs Retractable thermocouple (ATR17923-3); 01 pcs Maneuvering head for grounding clamp (VMR07205-1); 01 pc grounding auger \u00d8 17 mm x 1.5 m, with bronze threaded tip (ATR00137-1); 01 pc bag for packing and transporting the auger (ATR16819-2); 02 pc bag for packing and transporting the grounding set (ATR09962-1).[\/vc_column_text][vc_separator border_width=&#8221;2&#8243; css=&#8221;&#8221;][\/vc_column][\/vc_row][vc_row][vc_column][vc_column_text css=&#8221;.vc_custom_1721240083630{margin-top: 20px !important;}&#8221;]<\/p>\n<h4><span style=\"color: #ff9900;\"><strong>ATR17442-1 Temporary Grounding Set for Transmission Lines (HV) &#8211; (Wood, concrete and metal structure)<\/strong><\/span><\/h4>\n<p>[\/vc_column_text][vc_column_text css=&#8221;.vc_custom_1721253543701{margin-top: -20px !important;}&#8221;]\n<div id=\"tablepress-ATR17442-1-scroll-wrapper\" class=\"tablepress-scroll-wrapper\">\n<table id=\"tablepress-ATR17442-1\" class=\"tablepress tablepress-id-ATR17442-1 tablepress-responsive\">\n<thead>\n<tr class=\"row-1\">\n\t<td class=\"column-1\"><\/td><th class=\"column-2\">  Refer\u00eancias<\/th><th class=\"column-3\">Caracter\u00edstica<\/th><td class=\"column-4\"><\/td><td class=\"column-5\"><\/td>\n<\/tr>\n<\/thead>\n<tbody class=\"row-striping row-hover\">\n<tr class=\"row-2\">\n\t<td class=\"column-1\"><img decoding=\"async\" src=\"https:\/\/www.ritzbrasil.com\/wp-content\/uploads\/2024\/07\/atr17442-1-conjunto-aterramento-temporario-linhas-de-transmissao-at-estrutura-madeira-concreto-metalica-150x150-1.jpg\" \/><\/td><td class=\"column-2\">ATR17442-1<\/td><td class=\"column-3\">Corrente m\u00e1xima de curto-circuito: 60 ciclos - 25 kA<br \/>\n<br \/>\n<\/td><td class=\"column-4\">    <button class=\"add-to-budget\" data-table-id=\"ATR17442-1\" data-reference=\"ATR17442-1\" data-description=\"Conjunto de Aterramento Tempor\u00e1rio para Linhas de Transmiss\u00e3o (AT) \u2013 (Estrutura madeira, concreto e met\u00e1lica)\" style=\"color:#ff4d00;\">\n        <img decoding=\"async\" src=\"https:\/\/www.ritzbrasil.com\/\/wp-content\/uploads\/2024\/07\/orcar-compras-tabela-new-1.png\" alt=\"Request quote\" title=\"Request quote\" \/>\n    <\/button>\n    <\/td><td class=\"column-5\"><a href=\"https:\/\/lojasritz.com.br\/catalogsearch\/result\/?q=ATR17442-1\" target=\"_blank\" rel=\"noopener\"><img decoding=\"async\" src=\"https:\/\/www.ritzbrasil.com\/wp-content\/uploads\/2024\/07\/carrinho-compras-tabela.png\"  \/><\/a><\/td>\n<\/tr>\n<\/tbody>\n<\/table>\n<\/div>\n[\/vc_column_text][vc_column_text css=&#8221;&#8221;]Set consisting of: 03 pcs Multi-angle grounding clamp by twisting, with eye bolt (RC600-1732); 03 pcs Grounding clamp with &#8220;T&#8221; bolt for connection to the ground point (RC600-0085); 24 m Extra flexible copper cable, nominal section 95 mm\u00b2, with transparent PVC insulation, with 3 flights of 8 m (CTC-95); 03 pcs Screwable aluminum terminal for 95 mm\u00b2 cable (RC600-2621); 03 pcs Smooth aluminum terminal for 95 mm\u00b2 cable (RC600-2629); 06 pcs Retractable thermos (ATR17923-3); 03 pcs Bag for packaging and transporting the grounding set (ATR14484-2).[\/vc_column_text][vc_separator border_width=&#8221;2&#8243; css=&#8221;&#8221;][\/vc_column][\/vc_row][vc_row][vc_column][vc_column_text css=&#8221;.vc_custom_1721252602124{margin-top: 20px !important;}&#8221;]<\/p>\n<h4><span style=\"color: #ff9900;\"><strong>ATR17454-1 Temporary Grounding Set for Substation (HV)<\/strong><\/span><\/h4>\n<p>[\/vc_column_text][vc_column_text css=&#8221;.vc_custom_1721252650336{margin-top: -20px !important;}&#8221;]\n<div id=\"tablepress-ATR17454-1-scroll-wrapper\" class=\"tablepress-scroll-wrapper\">\n<table id=\"tablepress-ATR17454-1\" class=\"tablepress tablepress-id-ATR17454-1 tablepress-responsive\">\n<thead>\n<tr class=\"row-1\">\n\t<td class=\"column-1\"><\/td><th class=\"column-2\">  Refer\u00eancias<\/th><th class=\"column-3\">Caracter\u00edstica<\/th><td class=\"column-4\"><\/td><td class=\"column-5\"><\/td>\n<\/tr>\n<\/thead>\n<tbody class=\"row-striping row-hover\">\n<tr class=\"row-2\">\n\t<td class=\"column-1\"><img decoding=\"async\" src=\"https:\/\/www.ritzbrasil.com\/wp-content\/uploads\/2024\/07\/atr17454-1-conjunto-aterramento-temporario-subestacao-at-150x150-1.jpg\" \/><\/td><td class=\"column-2\">ATR17454-1<\/td><td class=\"column-3\">Corrente m\u00e1xima de curto-circuito: 60 ciclos - 25 kA<br \/>\n<br \/>\n<\/td><td class=\"column-4\">    <button class=\"add-to-budget\" data-table-id=\"ATR17454-1\" data-reference=\"ATR17454-1\" data-description=\"Conjunto de Aterramento Tempor\u00e1rio para Subesta\u00e7\u00e3o (AT)\" style=\"color:#ff4d00;\">\n        <img decoding=\"async\" src=\"https:\/\/www.ritzbrasil.com\/\/wp-content\/uploads\/2024\/07\/orcar-compras-tabela-new-1.png\" alt=\"Request quote\" title=\"Request quote\" \/>\n    <\/button>\n    <\/td><td class=\"column-5\"><a href=\"https:\/\/lojasritz.com.br\/catalogsearch\/result\/?q=ATR17454-1\" target=\"_blank\" rel=\"noopener\"><img decoding=\"async\" src=\"https:\/\/www.ritzbrasil.com\/wp-content\/uploads\/2024\/07\/carrinho-compras-tabela.png\"  \/><\/a><\/td>\n<\/tr>\n<\/tbody>\n<\/table>\n<\/div>\n[\/vc_column_text][vc_column_text css=&#8221;&#8221;]Set consisting of: 03 pcs Multi-angular earthing clamp with eyebolt for busbar (RC600-1732); 03 pcs Earthing clamp with &#8220;T&#8221; bolt for connection to earth point (cable or angle bracket) (RC600-2231); 30 m Extra flexible copper cable, nominal section 95 mm\u00b2, with transparent PVC insulation, 3 flights of 10 m (CTC-95); 06 pcs Aluminum screw terminal for 95 mm\u00b2 cable (RC600-2621); 06 pcs Thermo-retractable (ATR17923-3); 01 pcs Head for clamp maneuvering (VMR02579-1); 01 pcs Head for switch maneuvering (VMR00884-1); 03 pcs Bag for packaging and transporting the earthing set (ATR14484-1).[\/vc_column_text][vc_separator border_width=&#8221;2&#8243; css=&#8221;&#8221;][\/vc_column][\/vc_row][vc_row][vc_column][vc_column_text css=&#8221;.vc_custom_1721252764922{margin-top: 20px !important;}&#8221;]<\/p>\n<h4><span style=\"color: #ff9900;\"><strong>ATR17454-2 Temporary Grounding Set for Substation (HV)<\/strong><\/span><\/h4>\n<p>[\/vc_column_text][vc_column_text css=&#8221;.vc_custom_1721252785956{margin-top: -20px !important;}&#8221;]\n<div id=\"tablepress-ATR17454-2-scroll-wrapper\" class=\"tablepress-scroll-wrapper\">\n<table id=\"tablepress-ATR17454-2\" class=\"tablepress tablepress-id-ATR17454-2 tablepress-responsive\">\n<thead>\n<tr class=\"row-1\">\n\t<td class=\"column-1\"><\/td><th class=\"column-2\">  Refer\u00eancias<\/th><th class=\"column-3\">Caracter\u00edstica<\/th><td class=\"column-4\"><\/td><td class=\"column-5\"><\/td>\n<\/tr>\n<\/thead>\n<tbody class=\"row-striping row-hover\">\n<tr class=\"row-2\">\n\t<td class=\"column-1\"><img decoding=\"async\" src=\"https:\/\/www.ritzbrasil.com\/wp-content\/uploads\/2024\/07\/ATR17454-2-conjunto-aterramento-temporario-subestacao-at-150x150-1.jpg\" \/><\/td><td class=\"column-2\">ATR17454-2<\/td><td class=\"column-3\">Corrente m\u00e1xima de curto-circuito: 60 ciclos - 25 kA<br \/>\n<br \/>\n<\/td><td class=\"column-4\">    <button class=\"add-to-budget\" data-table-id=\"ATR17454-2\" data-reference=\"ATR17454-2\" data-description=\"Conjunto de Aterramento Tempor\u00e1rio para Subesta\u00e7\u00e3o (AT)\" style=\"color:#ff4d00;\">\n        <img decoding=\"async\" src=\"https:\/\/www.ritzbrasil.com\/\/wp-content\/uploads\/2024\/07\/orcar-compras-tabela-new-1.png\" alt=\"Request quote\" title=\"Request quote\" \/>\n    <\/button>\n    <\/td><td class=\"column-5\"><a href=\"https:\/\/lojasritz.com.br\/catalogsearch\/result\/?q=ATR17454-2\" target=\"_blank\" rel=\"noopener\"><img decoding=\"async\" src=\"https:\/\/www.ritzbrasil.com\/wp-content\/uploads\/2024\/07\/carrinho-compras-tabela.png\"  \/><\/a><\/td>\n<\/tr>\n<\/tbody>\n<\/table>\n<\/div>\n[\/vc_column_text][vc_column_text css=&#8221;&#8221;]Set consisting of: 03 pcs Grounding clamp by twisting, with eye bolt and smooth jaw (RG3368); 03 pcs Grounding clamp with &#8220;T&#8221; bolt for connection to the earth point (RG3363-1); 30 m Extra flexible copper cable, nominal section 95 mm\u00b2, with transparent PVC insulation, 3 flights of 10 m (CTC-95); 06 pcs Plain aluminum terminal for 95 mm\u00b2 cable (RC600-2629); 06 pcs Retractable thermos (ATR17923-3); 01 pcs Head for clamp maneuvering (VMR02579-1); 01 pcs Head for switch maneuvering (VMR00884-1); 03 pcs Bag for packaging and transporting the earthing set (ATR14484-1).[\/vc_column_text][vc_separator border_width=&#8221;2&#8243; css=&#8221;&#8221;][\/vc_column][\/vc_row][vc_row][vc_column][vc_column_text css=&#8221;.vc_custom_1721252865949{margin-top: 20px !important;}&#8221;]<\/p>\n<h4><span style=\"color: #ff9900;\"><strong>ATR00395-8 Temporary Grounding Set for Substations (HV)<\/strong><\/span><\/h4>\n<p>[\/vc_column_text][vc_column_text css=&#8221;.vc_custom_1721252835954{margin-top: -20px !important;}&#8221;]\n<div id=\"tablepress-ATR00395-8-scroll-wrapper\" class=\"tablepress-scroll-wrapper\">\n<table id=\"tablepress-ATR00395-8\" class=\"tablepress tablepress-id-ATR00395-8 tablepress-responsive\">\n<thead>\n<tr class=\"row-1\">\n\t<td class=\"column-1\"><\/td><th class=\"column-2\">  Refer\u00eancias<\/th><th class=\"column-3\">Caracter\u00edstica<\/th><td class=\"column-4\"><\/td><td class=\"column-5\"><\/td>\n<\/tr>\n<\/thead>\n<tbody class=\"row-striping row-hover\">\n<tr class=\"row-2\">\n\t<td class=\"column-1\"><img decoding=\"async\" src=\"https:\/\/www.ritzbrasil.com\/wp-content\/uploads\/2024\/07\/atr00395-8-conjunto-aterramento-temporario-subestacao-at-150x150-1.jpg\" \/><\/td><td class=\"column-2\">ATR00395-8<\/td><td class=\"column-3\">Corrente m\u00e1xima de curto-circuito: 60 ciclos - 25 kA<br \/>\n<br \/>\n<\/td><td class=\"column-4\">    <button class=\"add-to-budget\" data-table-id=\"ATR00395-8\" data-reference=\"ATR00395-8\" data-description=\"Conjunto de Aterramento Tempor\u00e1rio para Subesta\u00e7\u00e3o (AT)\" style=\"color:#ff4d00;\">\n        <img decoding=\"async\" src=\"https:\/\/www.ritzbrasil.com\/\/wp-content\/uploads\/2024\/07\/orcar-compras-tabela-new-1.png\" alt=\"Request quote\" title=\"Request quote\" \/>\n    <\/button>\n    <\/td><td class=\"column-5\"><a href=\"https:\/\/lojasritz.com.br\/catalogsearch\/result\/?q=ATR00395-8\" target=\"_blank\" rel=\"noopener\"><img decoding=\"async\" src=\"https:\/\/www.ritzbrasil.com\/wp-content\/uploads\/2024\/07\/carrinho-compras-tabela.png\"  \/><\/a><\/td>\n<\/tr>\n<\/tbody>\n<\/table>\n<\/div>\n[\/vc_column_text][vc_column_text css=&#8221;&#8221;]Set consisting of: 03 pcs Multi-angle twist grounding clamp, with eye bolt (RG4228-10SJ); 03 pcs Grounding clamp with &#8220;T&#8221; bolt for connection to the earth point (RG3363-1); 24 m Extra flexible copper cable, nominal section 95 mm\u00b2, with transparent PVC insulation, 3 flights of 8 m (CTC-95); 06 pcs Plain aluminum terminal for 95 mm\u00b2 cable (RC600-2629); 06 pcs Thermo-retractable (ATR17923-3); 01 pcs Head for clamp maneuvering (VMR02579-1); 01 pcs Head for switch maneuvering (VMR00884-1); 03 pcs Bag for packaging and transporting the earthing set (ATR14484-2).[\/vc_column_text][vc_separator border_width=&#8221;2&#8243; css=&#8221;&#8221;][\/vc_column][\/vc_row]<\/p>\n<\/div>","protected":false},"excerpt":{"rendered":"<p><strong>Temporary Grounding Set for<br \/>\nTransmission Lines (HV)<\/strong><br \/>\n<em>(wood, concrete and metal structure)<\/em><\/p>\n<p>Temporary grounding for high voltage is a safety system used during maintenance or intervention in electrical systems.<\/p>\n<p>It consists of the temporary connection of conductive components to the ground, creating a safe path for the electric current in the event of a fault or short circuit, protecting operators from electrical discharges.<\/p>\n<p>This system includes high-capacity cables, specific clamps, grounding rods or clamps for connection to the ground point, following technical standards and regulations, to guarantee the safety and efficiency of operations.<\/p>\n","protected":false},"featured_media":56778,"template":"","meta":[],"product_brand":[],"product_cat":[1665],"product_tag":[4060,4062,4063,4064,4065,4061],"class_list":{"0":"post-61410","1":"product","2":"type-product","3":"status-publish","4":"has-post-thumbnail","6":"product_cat-temporary-grounding","7":"product_tag-atr00395-8","8":"product_tag-atr17441-1","9":"product_tag-atr17442-1","10":"product_tag-atr17454-1","11":"product_tag-atr17454-2","12":"product_tag-grounding-for-high-voltage","13":"description-off","15":"first","16":"instock","17":"virtual","18":"product-type-simple"},"yoast_head":"<!-- This site is optimized with the Yoast SEO plugin v27.1.1 - https:\/\/yoast.com\/product\/yoast-seo-wordpress\/ -->\n<title>Grounding for High Voltage<\/title>\n<meta name=\"description\" content=\"Temporary grounding for high voltage protects operators during maintenance by creating a safe path for electric current in the event of a fault.\" \/>\n<meta name=\"robots\" content=\"index, follow, max-snippet:-1, max-image-preview:large, max-video-preview:-1\" \/>\n<link rel=\"canonical\" href=\"https:\/\/www.ritzbrasil.com\/en\/produtos\/temporary-grounding\/temporary-earthing-for-high-voltage-hv\/\" \/>\n<meta property=\"og:locale\" content=\"en_US\" \/>\n<meta property=\"og:type\" content=\"article\" \/>\n<meta property=\"og:title\" content=\"Grounding for High Voltage\" \/>\n<meta property=\"og:description\" content=\"Temporary grounding for high voltage protects operators during maintenance by creating a safe path for electric current in the event of a fault.\" \/>\n<meta property=\"og:url\" content=\"https:\/\/www.ritzbrasil.com\/en\/produtos\/temporary-grounding\/temporary-earthing-for-high-voltage-hv\/\" \/>\n<meta property=\"og:site_name\" content=\"Equipamentos de Manuten\u00e7\u00e3o e Seguran\u00e7a para o Setor El\u00e9trico - Ritz Brasil\" \/>\n<meta property=\"article:modified_time\" content=\"2026-02-25T19:06:06+00:00\" \/>\n<meta property=\"og:image\" content=\"https:\/\/www.ritzbrasil.com\/wp-content\/uploads\/2024\/07\/atr17441-1-conjunto-aterramento-temporario-linhas-transmissao-at.jpg\" \/>\n\t<meta property=\"og:image:width\" content=\"1200\" \/>\n\t<meta property=\"og:image:height\" content=\"1200\" \/>\n\t<meta property=\"og:image:type\" content=\"image\/jpeg\" \/>\n<meta name=\"twitter:card\" content=\"summary_large_image\" \/>\n<meta name=\"twitter:label1\" content=\"Est. reading time\" \/>\n\t<meta name=\"twitter:data1\" content=\"4 minutes\" \/>\n<script type=\"application\/ld+json\" class=\"yoast-schema-graph\">{\"@context\":\"https:\/\/schema.org\",\"@graph\":[{\"@type\":\"WebPage\",\"@id\":\"https:\/\/www.ritzbrasil.com\/en\/produtos\/temporary-grounding\/temporary-earthing-for-high-voltage-hv\/\",\"url\":\"https:\/\/www.ritzbrasil.com\/en\/produtos\/temporary-grounding\/temporary-earthing-for-high-voltage-hv\/\",\"name\":\"Grounding for High Voltage\",\"isPartOf\":{\"@id\":\"https:\/\/www.ritzbrasil.com\/en\/#website\"},\"primaryImageOfPage\":{\"@id\":\"https:\/\/www.ritzbrasil.com\/en\/produtos\/temporary-grounding\/temporary-earthing-for-high-voltage-hv\/#primaryimage\"},\"image\":{\"@id\":\"https:\/\/www.ritzbrasil.com\/en\/produtos\/temporary-grounding\/temporary-earthing-for-high-voltage-hv\/#primaryimage\"},\"thumbnailUrl\":\"https:\/\/www.ritzbrasil.com\/wp-content\/uploads\/2024\/07\/atr17441-1-conjunto-aterramento-temporario-linhas-transmissao-at.jpg\",\"datePublished\":\"2024-07-08T11:10:40+00:00\",\"dateModified\":\"2026-02-25T19:06:06+00:00\",\"description\":\"Temporary grounding for high voltage protects operators during maintenance by creating a safe path for electric current in the event of a fault.\",\"breadcrumb\":{\"@id\":\"https:\/\/www.ritzbrasil.com\/en\/produtos\/temporary-grounding\/temporary-earthing-for-high-voltage-hv\/#breadcrumb\"},\"inLanguage\":\"en-US\",\"potentialAction\":[{\"@type\":\"ReadAction\",\"target\":[\"https:\/\/www.ritzbrasil.com\/en\/produtos\/temporary-grounding\/temporary-earthing-for-high-voltage-hv\/\"]}]},{\"@type\":\"ImageObject\",\"inLanguage\":\"en-US\",\"@id\":\"https:\/\/www.ritzbrasil.com\/en\/produtos\/temporary-grounding\/temporary-earthing-for-high-voltage-hv\/#primaryimage\",\"url\":\"https:\/\/www.ritzbrasil.com\/wp-content\/uploads\/2024\/07\/atr17441-1-conjunto-aterramento-temporario-linhas-transmissao-at.jpg\",\"contentUrl\":\"https:\/\/www.ritzbrasil.com\/wp-content\/uploads\/2024\/07\/atr17441-1-conjunto-aterramento-temporario-linhas-transmissao-at.jpg\",\"width\":1200,\"height\":1200,\"caption\":\"ATR17441-1 - Temporary Grounding Set for Transmission Lines (HV)\"},{\"@type\":\"BreadcrumbList\",\"@id\":\"https:\/\/www.ritzbrasil.com\/en\/produtos\/temporary-grounding\/temporary-earthing-for-high-voltage-hv\/#breadcrumb\",\"itemListElement\":[{\"@type\":\"ListItem\",\"position\":1,\"name\":\"In\u00edcio\",\"item\":\"https:\/\/www.ritzbrasil.com\/en\/\"},{\"@type\":\"ListItem\",\"position\":2,\"name\":\"Shop\",\"item\":\"https:\/\/www.ritzbrasil.com\/en\/shop\/\"},{\"@type\":\"ListItem\",\"position\":3,\"name\":\"Temporary Earthing for High Voltage (HV)\"}]},{\"@type\":\"WebSite\",\"@id\":\"https:\/\/www.ritzbrasil.com\/en\/#website\",\"url\":\"https:\/\/www.ritzbrasil.com\/en\/\",\"name\":\"Equipamentos de Manuten\u00e7\u00e3o e Seguran\u00e7a para o Setor El\u00e9trico - Ritz Brasil\",\"description\":\"\",\"potentialAction\":[{\"@type\":\"SearchAction\",\"target\":{\"@type\":\"EntryPoint\",\"urlTemplate\":\"https:\/\/www.ritzbrasil.com\/en\/?s={search_term_string}\"},\"query-input\":{\"@type\":\"PropertyValueSpecification\",\"valueRequired\":true,\"valueName\":\"search_term_string\"}}],\"inLanguage\":\"en-US\"}]}<\/script>\n<!-- \/ Yoast SEO plugin. -->","yoast_head_json":{"title":"Grounding for High Voltage","description":"Temporary grounding for high voltage protects operators during maintenance by creating a safe path for electric current in the event of a fault.","robots":{"index":"index","follow":"follow","max-snippet":"max-snippet:-1","max-image-preview":"max-image-preview:large","max-video-preview":"max-video-preview:-1"},"canonical":"https:\/\/www.ritzbrasil.com\/en\/produtos\/temporary-grounding\/temporary-earthing-for-high-voltage-hv\/","og_locale":"en_US","og_type":"article","og_title":"Grounding for High Voltage","og_description":"Temporary grounding for high voltage protects operators during maintenance by creating a safe path for electric current in the event of a fault.","og_url":"https:\/\/www.ritzbrasil.com\/en\/produtos\/temporary-grounding\/temporary-earthing-for-high-voltage-hv\/","og_site_name":"Equipamentos de Manuten\u00e7\u00e3o e Seguran\u00e7a para o Setor El\u00e9trico - Ritz Brasil","article_modified_time":"2026-02-25T19:06:06+00:00","og_image":[{"width":1200,"height":1200,"url":"https:\/\/www.ritzbrasil.com\/wp-content\/uploads\/2024\/07\/atr17441-1-conjunto-aterramento-temporario-linhas-transmissao-at.jpg","type":"image\/jpeg"}],"twitter_card":"summary_large_image","twitter_misc":{"Est. reading time":"4 minutes"},"schema":{"@context":"https:\/\/schema.org","@graph":[{"@type":"WebPage","@id":"https:\/\/www.ritzbrasil.com\/en\/produtos\/temporary-grounding\/temporary-earthing-for-high-voltage-hv\/","url":"https:\/\/www.ritzbrasil.com\/en\/produtos\/temporary-grounding\/temporary-earthing-for-high-voltage-hv\/","name":"Grounding for High Voltage","isPartOf":{"@id":"https:\/\/www.ritzbrasil.com\/en\/#website"},"primaryImageOfPage":{"@id":"https:\/\/www.ritzbrasil.com\/en\/produtos\/temporary-grounding\/temporary-earthing-for-high-voltage-hv\/#primaryimage"},"image":{"@id":"https:\/\/www.ritzbrasil.com\/en\/produtos\/temporary-grounding\/temporary-earthing-for-high-voltage-hv\/#primaryimage"},"thumbnailUrl":"https:\/\/www.ritzbrasil.com\/wp-content\/uploads\/2024\/07\/atr17441-1-conjunto-aterramento-temporario-linhas-transmissao-at.jpg","datePublished":"2024-07-08T11:10:40+00:00","dateModified":"2026-02-25T19:06:06+00:00","description":"Temporary grounding for high voltage protects operators during maintenance by creating a safe path for electric current in the event of a fault.","breadcrumb":{"@id":"https:\/\/www.ritzbrasil.com\/en\/produtos\/temporary-grounding\/temporary-earthing-for-high-voltage-hv\/#breadcrumb"},"inLanguage":"en-US","potentialAction":[{"@type":"ReadAction","target":["https:\/\/www.ritzbrasil.com\/en\/produtos\/temporary-grounding\/temporary-earthing-for-high-voltage-hv\/"]}]},{"@type":"ImageObject","inLanguage":"en-US","@id":"https:\/\/www.ritzbrasil.com\/en\/produtos\/temporary-grounding\/temporary-earthing-for-high-voltage-hv\/#primaryimage","url":"https:\/\/www.ritzbrasil.com\/wp-content\/uploads\/2024\/07\/atr17441-1-conjunto-aterramento-temporario-linhas-transmissao-at.jpg","contentUrl":"https:\/\/www.ritzbrasil.com\/wp-content\/uploads\/2024\/07\/atr17441-1-conjunto-aterramento-temporario-linhas-transmissao-at.jpg","width":1200,"height":1200,"caption":"ATR17441-1 - Temporary Grounding Set for Transmission Lines (HV)"},{"@type":"BreadcrumbList","@id":"https:\/\/www.ritzbrasil.com\/en\/produtos\/temporary-grounding\/temporary-earthing-for-high-voltage-hv\/#breadcrumb","itemListElement":[{"@type":"ListItem","position":1,"name":"In\u00edcio","item":"https:\/\/www.ritzbrasil.com\/en\/"},{"@type":"ListItem","position":2,"name":"Shop","item":"https:\/\/www.ritzbrasil.com\/en\/shop\/"},{"@type":"ListItem","position":3,"name":"Temporary Earthing for High Voltage (HV)"}]},{"@type":"WebSite","@id":"https:\/\/www.ritzbrasil.com\/en\/#website","url":"https:\/\/www.ritzbrasil.com\/en\/","name":"Equipamentos de Manuten\u00e7\u00e3o e Seguran\u00e7a para o Setor El\u00e9trico - Ritz Brasil","description":"","potentialAction":[{"@type":"SearchAction","target":{"@type":"EntryPoint","urlTemplate":"https:\/\/www.ritzbrasil.com\/en\/?s={search_term_string}"},"query-input":{"@type":"PropertyValueSpecification","valueRequired":true,"valueName":"search_term_string"}}],"inLanguage":"en-US"}]}},"_links":{"self":[{"href":"https:\/\/www.ritzbrasil.com\/en\/wp-json\/wp\/v2\/product\/61410","targetHints":{"allow":["GET"]}}],"collection":[{"href":"https:\/\/www.ritzbrasil.com\/en\/wp-json\/wp\/v2\/product"}],"about":[{"href":"https:\/\/www.ritzbrasil.com\/en\/wp-json\/wp\/v2\/types\/product"}],"wp:featuredmedia":[{"embeddable":true,"href":"https:\/\/www.ritzbrasil.com\/en\/wp-json\/wp\/v2\/media\/56778"}],"wp:attachment":[{"href":"https:\/\/www.ritzbrasil.com\/en\/wp-json\/wp\/v2\/media?parent=61410"}],"wp:term":[{"taxonomy":"product_brand","embeddable":true,"href":"https:\/\/www.ritzbrasil.com\/en\/wp-json\/wp\/v2\/product_brand?post=61410"},{"taxonomy":"product_cat","embeddable":true,"href":"https:\/\/www.ritzbrasil.com\/en\/wp-json\/wp\/v2\/product_cat?post=61410"},{"taxonomy":"product_tag","embeddable":true,"href":"https:\/\/www.ritzbrasil.com\/en\/wp-json\/wp\/v2\/product_tag?post=61410"}],"curies":[{"name":"wp","href":"https:\/\/api.w.org\/{rel}","templated":true}]}}