{"id":61408,"date":"2024-07-08T08:00:24","date_gmt":"2024-07-08T11:00:24","guid":{"rendered":"https:\/\/www.ritzbrasil.com\/produtos\/uncategorized\/temporary-grounding-for-underground-networks-mv\/"},"modified":"2026-02-25T16:06:10","modified_gmt":"2026-02-25T19:06:10","slug":"temporary-grounding-for-underground-networks-mv","status":"publish","type":"product","link":"https:\/\/www.ritzbrasil.com\/en\/produtos\/temporary-grounding\/temporary-earthing-set-for-underground-networks-mv\/temporary-grounding-for-underground-networks-mv\/","title":{"rendered":"Temporary grounding for underground networks (MV)"},"content":{"rendered":"<div class=\"wpb-content-wrapper\"><p>[vc_row][vc_column][vc_column_text css=&#8221;.vc_custom_1721219955176{margin-top: 20px !important;}&#8221;]<\/p>\n<h4><span style=\"color: #ff9900;\"><strong>ATR20231-1-1 Temporary earthing set for underground networks (MV)<\/strong><\/span><\/h4>\n<p>[\/vc_column_text][vc_column_text css=&#8221;.vc_custom_1721220019574{margin-top: -20px !important;}&#8221;]\n<div id=\"tablepress-ATR20231-1-1-scroll-wrapper\" class=\"tablepress-scroll-wrapper\">\n<table id=\"tablepress-ATR20231-1-1\" class=\"tablepress tablepress-id-ATR20231-1-1 tablepress-responsive\">\n<thead>\n<tr class=\"row-1\">\n\t<td class=\"column-1\"><\/td><th class=\"column-2\">Refer\u00eancia<\/th><th class=\"column-3\">Descri\u00e7\u00e3o<\/th><td class=\"column-4\"><\/td><td class=\"column-5\"><\/td>\n<\/tr>\n<\/thead>\n<tbody class=\"row-striping row-hover\">\n<tr class=\"row-2\">\n\t<td class=\"column-1\"><img decoding=\"async\" src=\"https:\/\/www.ritzbrasil.com\/wp-content\/uploads\/2024\/07\/atr20231-1-1-conjunto-aterramento-temporario-redes-subterraneas-mt-150x150-1.jpg\" \/><\/td><td class=\"column-2\">ATR20231-1-1 <\/td><td class=\"column-3\">Corrente m\u00e1xima de curto-circuito: 10 ciclos - 10 kA<\/td><td class=\"column-4\">    <button class=\"add-to-budget\" data-table-id=\"ATR20231-1-1 \" data-reference=\"ATR20231-1-1 \" data-description=\"Conjunto de Aterramento Tempor\u00e1rio para redes subterr\u00e2neas (MT)\" style=\"color:#ff4d00;\">\n        <img decoding=\"async\" src=\"https:\/\/www.ritzbrasil.com\/\/wp-content\/uploads\/2024\/07\/orcar-compras-tabela-new-1.png\" alt=\"Request quote\" title=\"Request quote\" \/>\n    <\/button>\n    <\/td><td class=\"column-5\"><a href=\"https:\/\/lojasritz.com.br\/catalogsearch\/result\/?q=ATR20231-1-1 \" target=\"_blank\" rel=\"noopener\"><img decoding=\"async\" src=\"https:\/\/www.ritzbrasil.com\/wp-content\/uploads\/2024\/07\/carrinho-compras-tabela.png\"  \/><\/a><\/td>\n<\/tr>\n<\/tbody>\n<\/table>\n<\/div>\n[\/vc_column_text][vc_column_text css=&#8221;&#8221;]Set consisting of: 01 pc Disconnectable terminal TDC underground network DB 15kV 50-70mm\u00b2 (1001009), 01 pc Connector for disconnectable terminal TDC underground network DB 15kV 50 70mm\u00b2 (1001010); 5.5 m Extra-flexible copper cable, nominal section 50mm\u00b2 eastomeric composite insulation, 1 flight of 5.5m (CTPE-50); 01 pc Plain copper terminal for 50 mm\u00b2 cable (RC600-2631); 01 pc Retractable thermos (ATR17923); 01 pc Earthing clamp for earth point with T terminal Bus connection (ATR11627-2); 01 pc Bucket-type bag for packaging the earthing set (ATR14484-2).[\/vc_column_text][vc_separator border_width=&#8221;2&#8243; css=&#8221;&#8221;][\/vc_column][\/vc_row][vc_row][vc_column][vc_column_text css=&#8221;.vc_custom_1721220553180{margin-top: 20px !important;}&#8221;]<\/p>\n<h4><span style=\"color: #ff9900;\"><strong>ATR20232-1-3 Temporary earthing set for underground networks (MV)<\/strong><\/span><\/h4>\n<p>[\/vc_column_text][vc_column_text css=&#8221;.vc_custom_1721220564500{margin-top: -20px !important;}&#8221;]\n<div id=\"tablepress-ATR20232-1-3-scroll-wrapper\" class=\"tablepress-scroll-wrapper\">\n<table id=\"tablepress-ATR20232-1-3\" class=\"tablepress tablepress-id-ATR20232-1-3 tablepress-responsive\">\n<thead>\n<tr class=\"row-1\">\n\t<td class=\"column-1\"><\/td><th class=\"column-2\">Refer\u00eancia<\/th><th class=\"column-3\">Descri\u00e7\u00e3o<\/th><td class=\"column-4\"><\/td><td class=\"column-5\"><\/td>\n<\/tr>\n<\/thead>\n<tbody class=\"row-striping row-hover\">\n<tr class=\"row-2\">\n\t<td class=\"column-1\"><img decoding=\"async\" src=\"https:\/\/www.ritzbrasil.com\/wp-content\/uploads\/2024\/07\/atr20232-1-3-conjunto-aterramento-temporario-redes-subterraneas-mt-150x150-1.jpg\" \/><\/td><td class=\"column-2\">ATR20232-1-3<\/td><td class=\"column-3\">Corrente m\u00e1xima de curto-circuito: 10 ciclos - 10 kA<\/td><td class=\"column-4\">    <button class=\"add-to-budget\" data-table-id=\"ATR20232-1-3 \" data-reference=\"ATR20232-1-3\" data-description=\"Conjunto de Aterramento Tempor\u00e1rio para redes subterr\u00e2neas (MT)\" style=\"color:#ff4d00;\">\n        <img decoding=\"async\" src=\"https:\/\/www.ritzbrasil.com\/\/wp-content\/uploads\/2024\/07\/orcar-compras-tabela-new-1.png\" alt=\"Request quote\" title=\"Request quote\" \/>\n    <\/button>\n    <\/td><td class=\"column-5\"><a href=\"https:\/\/lojasritz.com.br\/catalogsearch\/result\/?q=ATR20232-1-3\" target=\"_blank\" rel=\"noopener\"><img decoding=\"async\" src=\"https:\/\/www.ritzbrasil.com\/wp-content\/uploads\/2024\/07\/carrinho-compras-tabela.png\"  \/><\/a><\/td>\n<\/tr>\n<\/tbody>\n<\/table>\n<\/div>\n[\/vc_column_text][vc_column_text css=&#8221;&#8221;]Set comprising: 03 pcs Disconnectable terminal TDC underground network DB 15kV 50-70mm\u00b2 (1001009); 03 pcs Connector for disconnectable terminal TDC underground network DB 15kV 50 70mm\u00b2 (1001010); 8.5 m Extra-flexible copper cable, nominal section 50mm\u00b2 eastomeric composite insulation, with 3<br \/>\n1.5 m and 1 4 m flights (CTPE-50); 01 pc Thermoplastic terminal block for ATR (ATR17574-1); 04 pc Long tinned copper terminal for 50 mm\u00b2 cable (ATR26446-4); 01 pc Plain copper terminal for 50 mm\u00b2 cable (RC600-2631) 05 pc Retractable thermos (ATR17923); 01 pc Earthing clamp for earth point with T terminal Busbar connection (ATR11627-2); 01 pc Bucket-type bag for packaging the earthing set (ATR14484-1).[\/vc_column_text][vc_separator border_width=&#8221;2&#8243; css=&#8221;&#8221;][\/vc_column][\/vc_row]<\/p>\n<\/div>","protected":false},"excerpt":{"rendered":"<p><strong>Temporary earthing set for underground networks (MV)<\/strong><\/p>\n<p>Temporary earthing for underground networks is a protection system used during maintenance or intervention in underground electrical networks.<\/p>\n<p>It consists of the temporary connection of conductive components to the ground in transformer chambers and inspection boxes, creating a safe path for the electric current in the event of a fault or short circuit, protecting operators from electrical discharges.<\/p>\n<p>This system includes high-capacity cables with elastomeric insulation and specific clamps for TDC terminals, following technical standards and regulations, to guarantee the safety and efficiency of operations.<\/p>\n","protected":false},"featured_media":56754,"template":"","meta":[],"product_brand":[],"product_cat":[1666,1665],"product_tag":[4052,4053,1668,1667],"class_list":{"0":"post-61408","1":"product","2":"type-product","3":"status-publish","4":"has-post-thumbnail","6":"product_cat-temporary-earthing-set-for-underground-networks-mv","7":"product_cat-temporary-grounding","8":"product_tag-atr20231-1-1","9":"product_tag-atr20232-1-3","10":"product_tag-temporary-grounding-for-underground-networks-mv","11":"product_tag-temporary-grounding-set","12":"description-off","14":"first","15":"instock","16":"virtual","17":"product-type-simple"},"yoast_head":"<!-- This site is optimized with the Yoast SEO plugin v27.1.1 - https:\/\/yoast.com\/product\/yoast-seo-wordpress\/ -->\n<title>Temporary grounding for underground networks (MV)<\/title>\n<meta name=\"description\" content=\"Temporary earthing for underground networks is a protection system used during maintenance or intervention in underground electrical networks.\" \/>\n<meta name=\"robots\" content=\"index, follow, max-snippet:-1, max-image-preview:large, max-video-preview:-1\" \/>\n<link rel=\"canonical\" href=\"https:\/\/www.ritzbrasil.com\/en\/produtos\/temporary-grounding\/temporary-earthing-set-for-underground-networks-mv\/temporary-grounding-for-underground-networks-mv\/\" \/>\n<meta property=\"og:locale\" content=\"en_US\" \/>\n<meta property=\"og:type\" content=\"article\" \/>\n<meta property=\"og:title\" content=\"Temporary grounding for underground networks (MV)\" \/>\n<meta property=\"og:description\" content=\"Temporary earthing for underground networks is a protection system used during maintenance or intervention in underground electrical networks.\" \/>\n<meta property=\"og:url\" content=\"https:\/\/www.ritzbrasil.com\/en\/produtos\/temporary-grounding\/temporary-earthing-set-for-underground-networks-mv\/temporary-grounding-for-underground-networks-mv\/\" \/>\n<meta property=\"og:site_name\" content=\"Equipamentos de Manuten\u00e7\u00e3o e Seguran\u00e7a para o Setor El\u00e9trico - Ritz Brasil\" \/>\n<meta property=\"article:modified_time\" content=\"2026-02-25T19:06:10+00:00\" \/>\n<meta property=\"og:image\" content=\"https:\/\/www.ritzbrasil.com\/wp-content\/uploads\/2024\/07\/atr20231-1-1-conjunto-aterramento-temporario-redes-subterraneas-mt.jpg\" \/>\n\t<meta property=\"og:image:width\" content=\"1200\" \/>\n\t<meta property=\"og:image:height\" content=\"1200\" \/>\n\t<meta property=\"og:image:type\" content=\"image\/jpeg\" \/>\n<meta name=\"twitter:card\" content=\"summary_large_image\" \/>\n<meta name=\"twitter:label1\" content=\"Est. reading time\" \/>\n\t<meta name=\"twitter:data1\" content=\"2 minutes\" \/>\n<script type=\"application\/ld+json\" class=\"yoast-schema-graph\">{\"@context\":\"https:\/\/schema.org\",\"@graph\":[{\"@type\":\"WebPage\",\"@id\":\"https:\/\/www.ritzbrasil.com\/en\/produtos\/temporary-grounding\/temporary-earthing-set-for-underground-networks-mv\/temporary-grounding-for-underground-networks-mv\/\",\"url\":\"https:\/\/www.ritzbrasil.com\/en\/produtos\/temporary-grounding\/temporary-earthing-set-for-underground-networks-mv\/temporary-grounding-for-underground-networks-mv\/\",\"name\":\"Temporary grounding for underground networks (MV)\",\"isPartOf\":{\"@id\":\"https:\/\/www.ritzbrasil.com\/en\/#website\"},\"primaryImageOfPage\":{\"@id\":\"https:\/\/www.ritzbrasil.com\/en\/produtos\/temporary-grounding\/temporary-earthing-set-for-underground-networks-mv\/temporary-grounding-for-underground-networks-mv\/#primaryimage\"},\"image\":{\"@id\":\"https:\/\/www.ritzbrasil.com\/en\/produtos\/temporary-grounding\/temporary-earthing-set-for-underground-networks-mv\/temporary-grounding-for-underground-networks-mv\/#primaryimage\"},\"thumbnailUrl\":\"https:\/\/www.ritzbrasil.com\/wp-content\/uploads\/2024\/07\/atr20231-1-1-conjunto-aterramento-temporario-redes-subterraneas-mt.jpg\",\"datePublished\":\"2024-07-08T11:00:24+00:00\",\"dateModified\":\"2026-02-25T19:06:10+00:00\",\"description\":\"Temporary earthing for underground networks is a protection system used during maintenance or intervention in underground electrical networks.\",\"breadcrumb\":{\"@id\":\"https:\/\/www.ritzbrasil.com\/en\/produtos\/temporary-grounding\/temporary-earthing-set-for-underground-networks-mv\/temporary-grounding-for-underground-networks-mv\/#breadcrumb\"},\"inLanguage\":\"en-US\",\"potentialAction\":[{\"@type\":\"ReadAction\",\"target\":[\"https:\/\/www.ritzbrasil.com\/en\/produtos\/temporary-grounding\/temporary-earthing-set-for-underground-networks-mv\/temporary-grounding-for-underground-networks-mv\/\"]}]},{\"@type\":\"ImageObject\",\"inLanguage\":\"en-US\",\"@id\":\"https:\/\/www.ritzbrasil.com\/en\/produtos\/temporary-grounding\/temporary-earthing-set-for-underground-networks-mv\/temporary-grounding-for-underground-networks-mv\/#primaryimage\",\"url\":\"https:\/\/www.ritzbrasil.com\/wp-content\/uploads\/2024\/07\/atr20231-1-1-conjunto-aterramento-temporario-redes-subterraneas-mt.jpg\",\"contentUrl\":\"https:\/\/www.ritzbrasil.com\/wp-content\/uploads\/2024\/07\/atr20231-1-1-conjunto-aterramento-temporario-redes-subterraneas-mt.jpg\",\"width\":1200,\"height\":1200,\"caption\":\"ATR20231-1-1 Temporary earthing set for underground networks (MV)\"},{\"@type\":\"BreadcrumbList\",\"@id\":\"https:\/\/www.ritzbrasil.com\/en\/produtos\/temporary-grounding\/temporary-earthing-set-for-underground-networks-mv\/temporary-grounding-for-underground-networks-mv\/#breadcrumb\",\"itemListElement\":[{\"@type\":\"ListItem\",\"position\":1,\"name\":\"In\u00edcio\",\"item\":\"https:\/\/www.ritzbrasil.com\/en\/\"},{\"@type\":\"ListItem\",\"position\":2,\"name\":\"Shop\",\"item\":\"https:\/\/www.ritzbrasil.com\/en\/shop\/\"},{\"@type\":\"ListItem\",\"position\":3,\"name\":\"Temporary grounding for underground networks (MV)\"}]},{\"@type\":\"WebSite\",\"@id\":\"https:\/\/www.ritzbrasil.com\/en\/#website\",\"url\":\"https:\/\/www.ritzbrasil.com\/en\/\",\"name\":\"Equipamentos de Manuten\u00e7\u00e3o e Seguran\u00e7a para o Setor El\u00e9trico - Ritz Brasil\",\"description\":\"\",\"potentialAction\":[{\"@type\":\"SearchAction\",\"target\":{\"@type\":\"EntryPoint\",\"urlTemplate\":\"https:\/\/www.ritzbrasil.com\/en\/?s={search_term_string}\"},\"query-input\":{\"@type\":\"PropertyValueSpecification\",\"valueRequired\":true,\"valueName\":\"search_term_string\"}}],\"inLanguage\":\"en-US\"}]}<\/script>\n<!-- \/ Yoast SEO plugin. -->","yoast_head_json":{"title":"Temporary grounding for underground networks (MV)","description":"Temporary earthing for underground networks is a protection system used during maintenance or intervention in underground electrical networks.","robots":{"index":"index","follow":"follow","max-snippet":"max-snippet:-1","max-image-preview":"max-image-preview:large","max-video-preview":"max-video-preview:-1"},"canonical":"https:\/\/www.ritzbrasil.com\/en\/produtos\/temporary-grounding\/temporary-earthing-set-for-underground-networks-mv\/temporary-grounding-for-underground-networks-mv\/","og_locale":"en_US","og_type":"article","og_title":"Temporary grounding for underground networks (MV)","og_description":"Temporary earthing for underground networks is a protection system used during maintenance or intervention in underground electrical networks.","og_url":"https:\/\/www.ritzbrasil.com\/en\/produtos\/temporary-grounding\/temporary-earthing-set-for-underground-networks-mv\/temporary-grounding-for-underground-networks-mv\/","og_site_name":"Equipamentos de Manuten\u00e7\u00e3o e Seguran\u00e7a para o Setor El\u00e9trico - Ritz Brasil","article_modified_time":"2026-02-25T19:06:10+00:00","og_image":[{"width":1200,"height":1200,"url":"https:\/\/www.ritzbrasil.com\/wp-content\/uploads\/2024\/07\/atr20231-1-1-conjunto-aterramento-temporario-redes-subterraneas-mt.jpg","type":"image\/jpeg"}],"twitter_card":"summary_large_image","twitter_misc":{"Est. reading time":"2 minutes"},"schema":{"@context":"https:\/\/schema.org","@graph":[{"@type":"WebPage","@id":"https:\/\/www.ritzbrasil.com\/en\/produtos\/temporary-grounding\/temporary-earthing-set-for-underground-networks-mv\/temporary-grounding-for-underground-networks-mv\/","url":"https:\/\/www.ritzbrasil.com\/en\/produtos\/temporary-grounding\/temporary-earthing-set-for-underground-networks-mv\/temporary-grounding-for-underground-networks-mv\/","name":"Temporary grounding for underground networks (MV)","isPartOf":{"@id":"https:\/\/www.ritzbrasil.com\/en\/#website"},"primaryImageOfPage":{"@id":"https:\/\/www.ritzbrasil.com\/en\/produtos\/temporary-grounding\/temporary-earthing-set-for-underground-networks-mv\/temporary-grounding-for-underground-networks-mv\/#primaryimage"},"image":{"@id":"https:\/\/www.ritzbrasil.com\/en\/produtos\/temporary-grounding\/temporary-earthing-set-for-underground-networks-mv\/temporary-grounding-for-underground-networks-mv\/#primaryimage"},"thumbnailUrl":"https:\/\/www.ritzbrasil.com\/wp-content\/uploads\/2024\/07\/atr20231-1-1-conjunto-aterramento-temporario-redes-subterraneas-mt.jpg","datePublished":"2024-07-08T11:00:24+00:00","dateModified":"2026-02-25T19:06:10+00:00","description":"Temporary earthing for underground networks is a protection system used during maintenance or intervention in underground electrical networks.","breadcrumb":{"@id":"https:\/\/www.ritzbrasil.com\/en\/produtos\/temporary-grounding\/temporary-earthing-set-for-underground-networks-mv\/temporary-grounding-for-underground-networks-mv\/#breadcrumb"},"inLanguage":"en-US","potentialAction":[{"@type":"ReadAction","target":["https:\/\/www.ritzbrasil.com\/en\/produtos\/temporary-grounding\/temporary-earthing-set-for-underground-networks-mv\/temporary-grounding-for-underground-networks-mv\/"]}]},{"@type":"ImageObject","inLanguage":"en-US","@id":"https:\/\/www.ritzbrasil.com\/en\/produtos\/temporary-grounding\/temporary-earthing-set-for-underground-networks-mv\/temporary-grounding-for-underground-networks-mv\/#primaryimage","url":"https:\/\/www.ritzbrasil.com\/wp-content\/uploads\/2024\/07\/atr20231-1-1-conjunto-aterramento-temporario-redes-subterraneas-mt.jpg","contentUrl":"https:\/\/www.ritzbrasil.com\/wp-content\/uploads\/2024\/07\/atr20231-1-1-conjunto-aterramento-temporario-redes-subterraneas-mt.jpg","width":1200,"height":1200,"caption":"ATR20231-1-1 Temporary earthing set for underground networks (MV)"},{"@type":"BreadcrumbList","@id":"https:\/\/www.ritzbrasil.com\/en\/produtos\/temporary-grounding\/temporary-earthing-set-for-underground-networks-mv\/temporary-grounding-for-underground-networks-mv\/#breadcrumb","itemListElement":[{"@type":"ListItem","position":1,"name":"In\u00edcio","item":"https:\/\/www.ritzbrasil.com\/en\/"},{"@type":"ListItem","position":2,"name":"Shop","item":"https:\/\/www.ritzbrasil.com\/en\/shop\/"},{"@type":"ListItem","position":3,"name":"Temporary grounding for underground networks (MV)"}]},{"@type":"WebSite","@id":"https:\/\/www.ritzbrasil.com\/en\/#website","url":"https:\/\/www.ritzbrasil.com\/en\/","name":"Equipamentos de Manuten\u00e7\u00e3o e Seguran\u00e7a para o Setor El\u00e9trico - Ritz Brasil","description":"","potentialAction":[{"@type":"SearchAction","target":{"@type":"EntryPoint","urlTemplate":"https:\/\/www.ritzbrasil.com\/en\/?s={search_term_string}"},"query-input":{"@type":"PropertyValueSpecification","valueRequired":true,"valueName":"search_term_string"}}],"inLanguage":"en-US"}]}},"_links":{"self":[{"href":"https:\/\/www.ritzbrasil.com\/en\/wp-json\/wp\/v2\/product\/61408","targetHints":{"allow":["GET"]}}],"collection":[{"href":"https:\/\/www.ritzbrasil.com\/en\/wp-json\/wp\/v2\/product"}],"about":[{"href":"https:\/\/www.ritzbrasil.com\/en\/wp-json\/wp\/v2\/types\/product"}],"wp:featuredmedia":[{"embeddable":true,"href":"https:\/\/www.ritzbrasil.com\/en\/wp-json\/wp\/v2\/media\/56754"}],"wp:attachment":[{"href":"https:\/\/www.ritzbrasil.com\/en\/wp-json\/wp\/v2\/media?parent=61408"}],"wp:term":[{"taxonomy":"product_brand","embeddable":true,"href":"https:\/\/www.ritzbrasil.com\/en\/wp-json\/wp\/v2\/product_brand?post=61408"},{"taxonomy":"product_cat","embeddable":true,"href":"https:\/\/www.ritzbrasil.com\/en\/wp-json\/wp\/v2\/product_cat?post=61408"},{"taxonomy":"product_tag","embeddable":true,"href":"https:\/\/www.ritzbrasil.com\/en\/wp-json\/wp\/v2\/product_tag?post=61408"}],"curies":[{"name":"wp","href":"https:\/\/api.w.org\/{rel}","templated":true}]}}