{"id":61398,"date":"2024-08-14T10:11:51","date_gmt":"2024-08-14T13:11:51","guid":{"rendered":"https:\/\/www.ritzbrasil.com\/produtos\/uncategorized\/flexible-socket-stick\/"},"modified":"2026-02-25T16:00:15","modified_gmt":"2026-02-25T19:00:15","slug":"flexible-socket-stick","status":"publish","type":"product","link":"https:\/\/www.ritzbrasil.com\/en\/produtos\/hand-sticks-maneuvering-sticks-and-universal-tools\/flexible-socket-stick\/","title":{"rendered":"Flexible Socket Stick"},"content":{"rendered":"<div class=\"wpb-content-wrapper\"><p>[vc_row][vc_column][vc_column_text css=&#8221;.vc_custom_1723641989788{margin-top: 20px !important;}&#8221;]<\/p>\n<h4><span style=\"color: #ff9900;\"><strong>Flexible Socket Stick<\/strong><\/span><\/h4>\n<p>[\/vc_column_text][vc_column_text css=&#8221;.vc_custom_1723643361089{margin-top: -20px !important;}&#8221;]\n<div id=\"tablepress-Bastao-Soquete-Flexivel-scroll-wrapper\" class=\"tablepress-scroll-wrapper\">\n<table id=\"tablepress-Bastao-Soquete-Flexivel\" class=\"tablepress tablepress-id-Bastao-Soquete-Flexivel tablepress-responsive\">\n<thead>\n<tr class=\"row-1\">\n\t<td class=\"column-1\"><\/td><th class=\"column-2\">  Refer\u00eancias<\/th><th class=\"column-3\">Caracter\u00edstica<\/th><td class=\"column-4\"><\/td><td class=\"column-5\"><\/td>\n<\/tr>\n<\/thead>\n<tbody class=\"row-striping row-hover\">\n<tr class=\"row-2\">\n\t<td class=\"column-1\"><img decoding=\"async\" src=\"https:\/\/www.ritzbrasil.com\/wp-content\/uploads\/2024\/08\/rh1891-2-bastao-soquete-flexivel-150x150-1.jpg\" \/><\/td><td class=\"column-2\">RC403-2136<\/td><td class=\"column-3\">Bast\u00e3o com Soquete flex\u00edvel e<br \/>\nsoquete fixo tipo f\u00eamea<\/td><td class=\"column-4\">    <button class=\"add-to-budget\" data-table-id=\"Bastao-Soquete-Flexivel\" data-reference=\"RC403-2136\" data-description=\"Bast\u00e3o Soquete Flex\u00edvel\" style=\"color:#ff4d00;\">\n        <img decoding=\"async\" src=\"https:\/\/www.ritzbrasil.com\/\/wp-content\/uploads\/2024\/07\/orcar-compras-tabela-new-1.png\" alt=\"Request quote\" title=\"Request quote\" \/>\n    <\/button>\n    <\/td><td class=\"column-5\"><a href=\"https:\/\/lojasritz.com.br\/catalogsearch\/result\/?q=RC403-2136\" target=\"_blank\" rel=\"noopener\"><img decoding=\"async\" src=\"https:\/\/www.ritzbrasil.com\/wp-content\/uploads\/2024\/07\/carrinho-compras-tabela.png\"  \/><\/a><\/td>\n<\/tr>\n<tr class=\"row-3\">\n\t<td class=\"column-1\"><img decoding=\"async\" src=\"https:\/\/www.ritzbrasil.com\/wp-content\/uploads\/2024\/08\/rh1891-2-bastao-soquete-flexivel-150x150-1.jpg\" \/><\/td><td class=\"column-2\">RH1891-2<\/td><td class=\"column-3\">Bast\u00e3o com Soquete flex\u00edvel e<br \/>\nsoquete fixo tipo macho<\/td><td class=\"column-4\">    <button class=\"add-to-budget\" data-table-id=\"Bastao-Soquete-Flexivel\" data-reference=\"RH1891-2\" data-description=\"Bast\u00e3o Soquete Flex\u00edvel\" style=\"color:#ff4d00;\">\n        <img decoding=\"async\" src=\"https:\/\/www.ritzbrasil.com\/\/wp-content\/uploads\/2024\/07\/orcar-compras-tabela-new-1.png\" alt=\"Request quote\" title=\"Request quote\" \/>\n    <\/button>\n    <\/td><td class=\"column-5\"><a href=\"https:\/\/lojasritz.com.br\/catalogsearch\/result\/?q=RH1891-2\" target=\"_blank\" rel=\"noopener\"><img decoding=\"async\" src=\"https:\/\/www.ritzbrasil.com\/wp-content\/uploads\/2024\/07\/carrinho-compras-tabela.png\"  \/><\/a><\/td>\n<\/tr>\n<tr class=\"row-4\">\n\t<td class=\"column-1\"><img decoding=\"async\" src=\"https:\/\/www.ritzbrasil.com\/wp-content\/uploads\/2024\/08\/rh1891-2-bastao-soquete-flexivel-150x150-1.jpg\" \/><\/td><td class=\"column-2\">RH1891-3<\/td><td class=\"column-3\">Bast\u00e3o com Soquete flex\u00edvel e<br \/>\nsoquete fixo tipo macho<\/td><td class=\"column-4\">    <button class=\"add-to-budget\" data-table-id=\"Bastao-Soquete-Flexivel\" data-reference=\"RH1891-3\" data-description=\"Bast\u00e3o Soquete Flex\u00edvel\" style=\"color:#ff4d00;\">\n        <img decoding=\"async\" src=\"https:\/\/www.ritzbrasil.com\/\/wp-content\/uploads\/2024\/07\/orcar-compras-tabela-new-1.png\" alt=\"Request quote\" title=\"Request quote\" \/>\n    <\/button>\n    <\/td><td class=\"column-5\"><a href=\"https:\/\/lojasritz.com.br\/catalogsearch\/result\/?q=RH1891-3\" target=\"_blank\" rel=\"noopener\"><img decoding=\"async\" src=\"https:\/\/www.ritzbrasil.com\/wp-content\/uploads\/2024\/07\/carrinho-compras-tabela.png\"  \/><\/a><\/td>\n<\/tr>\n<tr class=\"row-5\">\n\t<td class=\"column-1\"><img decoding=\"async\" src=\"https:\/\/www.ritzbrasil.com\/wp-content\/uploads\/2024\/08\/rh1891-2-bastao-soquete-flexivel-150x150-1.jpg\" \/><\/td><td class=\"column-2\">RH1891-6<\/td><td class=\"column-3\">Bast\u00e3o com Soquete flex\u00edvel e<br \/>\ncabe\u00e7ote universal<\/td><td class=\"column-4\">    <button class=\"add-to-budget\" data-table-id=\"Bastao-Soquete-Flexivel\" data-reference=\"RH1891-6\" data-description=\"Bast\u00e3o Soquete Flex\u00edvel\" style=\"color:#ff4d00;\">\n        <img decoding=\"async\" src=\"https:\/\/www.ritzbrasil.com\/\/wp-content\/uploads\/2024\/07\/orcar-compras-tabela-new-1.png\" alt=\"Request quote\" title=\"Request quote\" \/>\n    <\/button>\n    <\/td><td class=\"column-5\"><a href=\"https:\/\/lojasritz.com.br\/catalogsearch\/result\/?q=RH1891-6\" target=\"_blank\" rel=\"noopener\"><img decoding=\"async\" src=\"https:\/\/www.ritzbrasil.com\/wp-content\/uploads\/2024\/07\/carrinho-compras-tabela.png\"  \/><\/a><\/td>\n<\/tr>\n<\/tbody>\n<\/table>\n<\/div>\n[\/vc_column_text][vc_separator border_width=&#8221;2&#8243; css=&#8221;&#8221;][\/vc_column][\/vc_row][vc_row][vc_column][vc_column_text css=&#8221;.vc_custom_1723642294308{margin-top: 20px !important;}&#8221;]<\/p>\n<h4><span style=\"color: #ff9900;\"><strong>Accessories<\/strong><\/span><\/h4>\n<p>[\/vc_column_text][vc_column_text css=&#8221;.vc_custom_1723643719800{margin-top: -20px !important;}&#8221;]\n<div id=\"tablepress-Bastao-Soquete-Flexivel-Acessorios-scroll-wrapper\" class=\"tablepress-scroll-wrapper\">\n<table id=\"tablepress-Bastao-Soquete-Flexivel-Acessorios\" class=\"tablepress tablepress-id-Bastao-Soquete-Flexivel-Acessorios tablepress-responsive\">\n<thead>\n<tr class=\"row-1\">\n\t<td class=\"column-1\"><\/td><th class=\"column-2\">  Refer\u00eancias<\/th><th class=\"column-3\">Caracter\u00edstica<\/th><td class=\"column-4\"><\/td><td class=\"column-5\"><\/td>\n<\/tr>\n<\/thead>\n<tbody class=\"row-striping row-hover\">\n<tr class=\"row-2\">\n\t<td class=\"column-1\"><img decoding=\"async\" src=\"https:\/\/www.ritzbrasil.com\/wp-content\/uploads\/2024\/08\/r066780-chave-catraca-manual-150x150-1.jpg\" \/><\/td><td class=\"column-2\">R066780<\/td><td class=\"column-3\">Chave catraca manual para soquete macho e f\u00eamea de 1\/2\u201d<\/td><td class=\"column-4\">    <button class=\"add-to-budget\" data-table-id=\"Bastao-Soquete-Flexivel-Acessorios\" data-reference=\"R066780\" data-description=\"Bast\u00e3o Soquete Flex\u00edvel\" style=\"color:#ff4d00;\">\n        <img decoding=\"async\" src=\"https:\/\/www.ritzbrasil.com\/\/wp-content\/uploads\/2024\/07\/orcar-compras-tabela-new-1.png\" alt=\"Request quote\" title=\"Request quote\" \/>\n    <\/button>\n    <\/td><td class=\"column-5\"><a href=\"https:\/\/lojasritz.com.br\/catalogsearch\/result\/?q=R066780\" target=\"_blank\" rel=\"noopener\"><img decoding=\"async\" src=\"https:\/\/www.ritzbrasil.com\/wp-content\/uploads\/2024\/07\/carrinho-compras-tabela.png\"  \/><\/a><\/td>\n<\/tr>\n<tr class=\"row-3\">\n\t<td class=\"column-1\"><img decoding=\"async\" src=\"https:\/\/www.ritzbrasil.com\/wp-content\/uploads\/2024\/08\/rc403-1085m-jogo-10-soquetes-longos-aco-150x150-1.jpg\" \/><\/td><td class=\"column-2\">RC403-1085<\/td><td class=\"column-3\">Jogo com 11 soquetes longos em a\u00e7o, nas medidas:<br \/>\n\u00bd\u201d, 9\/16\u201d, 5\/8\u201d, 11\/16\u201d, 3\/4\u201d, 13\/16\u201d, 7\/8\u201d,15\/16\u201d, 1\u201d,1.1\/16\u201d,<br \/>\n1.1\/8\u201d acondicionados em estojo<\/td><td class=\"column-4\">    <button class=\"add-to-budget\" data-table-id=\"Bastao-Soquete-Flexivel-Acessorios\" data-reference=\"RC403-1085\" data-description=\"Bast\u00e3o Soquete Flex\u00edvel\" style=\"color:#ff4d00;\">\n        <img decoding=\"async\" src=\"https:\/\/www.ritzbrasil.com\/\/wp-content\/uploads\/2024\/07\/orcar-compras-tabela-new-1.png\" alt=\"Request quote\" title=\"Request quote\" \/>\n    <\/button>\n    <\/td><td class=\"column-5\"><a href=\"https:\/\/lojasritz.com.br\/catalogsearch\/result\/?q=RC403-1085\" target=\"_blank\" rel=\"noopener\"><img decoding=\"async\" src=\"https:\/\/www.ritzbrasil.com\/wp-content\/uploads\/2024\/07\/carrinho-compras-tabela.png\"  \/><\/a><\/td>\n<\/tr>\n<tr class=\"row-4\">\n\t<td class=\"column-1\"><img decoding=\"async\" src=\"https:\/\/www.ritzbrasil.com\/wp-content\/uploads\/2024\/08\/rc403-1085m-jogo-10-soquetes-longos-aco-150x150-1.jpg\" \/><\/td><td class=\"column-2\">RC403-1085M<\/td><td class=\"column-3\">Jogo com 10 soquetes longos em a\u00e7o, nas medidas:<br \/>\n10 mm, 11 mm, 12 mm, 13 mm, 14 mm, 15 mm, 16 mm, 17<br \/>\nmm, 18 mm, 19 mm, acondicionados em estojo<\/td><td class=\"column-4\">    <button class=\"add-to-budget\" data-table-id=\"Bastao-Soquete-Flexivel-Acessorios\" data-reference=\"RC403-1085M\" data-description=\"Bast\u00e3o Soquete Flex\u00edvel\" style=\"color:#ff4d00;\">\n        <img decoding=\"async\" src=\"https:\/\/www.ritzbrasil.com\/\/wp-content\/uploads\/2024\/07\/orcar-compras-tabela-new-1.png\" alt=\"Request quote\" title=\"Request quote\" \/>\n    <\/button>\n    <\/td><td class=\"column-5\"><a href=\"https:\/\/lojasritz.com.br\/catalogsearch\/result\/?q=RC403-1085M\" target=\"_blank\" rel=\"noopener\"><img decoding=\"async\" src=\"https:\/\/www.ritzbrasil.com\/wp-content\/uploads\/2024\/07\/carrinho-compras-tabela.png\"  \/><\/a><\/td>\n<\/tr>\n<\/tbody>\n<\/table>\n<\/div>\n[\/vc_column_text][vc_separator border_width=&#8221;2&#8243; css=&#8221;&#8221;][vc_column_text css=&#8221;&#8221;]The hexagonal socket set is made up of 11 units, with measurements in inches or 10 units with metric measurements, and is intended for tightening in conjunction with the flexible socket stick when working on energized lines.<\/p>\n<p>Its square, female-type fitting allows it to be adapted to various other hand-held socket wrenches or insulating socket sticks.<\/p>\n<p>The hexagonal sockets are supplied in a case and arranged in sizes in an orderly fashion to make selection easier.[\/vc_column_text][\/vc_column][\/vc_row]<\/p>\n<\/div>","protected":false},"excerpt":{"rendered":"<p>It has a device for receiving tools intended for tightening nuts on equipment in energized installations.<\/p>\n<p>The flexible socket fitted to the rod gives the electrician greater flexibility, especially at<br \/>\n, where the tool can be used at steeper angles. The fixed male socket at one end of the RH1891-2 and RH1891-3 rods allows the<br \/>\nratchet wrench (R066780) to be attached to make it easier to apply the required tightening torque.<\/p>\n<p>The universal head installed at one end of the RH1891-6 stick allows universal tools to be attached.<br \/>\n<span style=\"color: #ff9900;\"><strong>|<\/strong><\/span> Max. torque: 5.5 daN.m (40 ft-lb)<\/p>\n<p>The RC403-2136 flexible socket insulating rod has a female socket on one end (which allows the R066780 key to be fitted) and a 1\/2&#8243; male socket on the other end.<\/p>\n<p>As a result, this tool is very versatile because it can interchange the two types of fitting.<br \/>\n<span style=\"color: #ff9900;\"><strong>|<\/strong><\/span> Max. torque: 10 daN.m (75 ft-lb)<\/p>\n","protected":false},"featured_media":57306,"template":"","meta":[],"product_brand":[],"product_cat":[2277],"product_tag":[4032,4037,4038,4039,4033,4034,4035,4036],"class_list":{"0":"post-61398","1":"product","2":"type-product","3":"status-publish","4":"has-post-thumbnail","6":"product_cat-hand-sticks-maneuvering-sticks-and-universal-tools","7":"product_tag-flexible-socket-stick","8":"product_tag-r066780-en","9":"product_tag-rc403-1085-en","10":"product_tag-rc403-1085m-en","11":"product_tag-rc403-2136-en","12":"product_tag-rh1891-2-en","13":"product_tag-rh1891-3-en","14":"product_tag-rh1891-6-en","15":"description-off","17":"first","18":"instock","19":"virtual","20":"product-type-simple"},"yoast_head":"<!-- This site is optimized with the Yoast SEO plugin v27.1.1 - https:\/\/yoast.com\/product\/yoast-seo-wordpress\/ -->\n<title>Flexible Socket Stick<\/title>\n<meta name=\"description\" content=\"The Flexible Socket Stick is designed to receive tools used to tighten nuts on equipment in energized installations.\" \/>\n<meta name=\"robots\" content=\"index, follow, max-snippet:-1, max-image-preview:large, max-video-preview:-1\" \/>\n<link rel=\"canonical\" href=\"https:\/\/www.ritzbrasil.com\/en\/produtos\/hand-sticks-maneuvering-sticks-and-universal-tools\/flexible-socket-stick\/\" \/>\n<meta property=\"og:locale\" content=\"en_US\" \/>\n<meta property=\"og:type\" content=\"article\" \/>\n<meta property=\"og:title\" content=\"Flexible Socket Stick\" \/>\n<meta property=\"og:description\" content=\"The Flexible Socket Stick is designed to receive tools used to tighten nuts on equipment in energized installations.\" \/>\n<meta property=\"og:url\" content=\"https:\/\/www.ritzbrasil.com\/en\/produtos\/hand-sticks-maneuvering-sticks-and-universal-tools\/flexible-socket-stick\/\" \/>\n<meta property=\"og:site_name\" content=\"Equipamentos de Manuten\u00e7\u00e3o e Seguran\u00e7a para o Setor El\u00e9trico - Ritz Brasil\" \/>\n<meta property=\"article:modified_time\" content=\"2026-02-25T19:00:15+00:00\" \/>\n<meta property=\"og:image\" content=\"https:\/\/www.ritzbrasil.com\/wp-content\/uploads\/2024\/08\/rh1891-2-bastao-soquete-flexivel.jpg\" \/>\n\t<meta property=\"og:image:width\" content=\"1200\" \/>\n\t<meta property=\"og:image:height\" content=\"1200\" \/>\n\t<meta property=\"og:image:type\" content=\"image\/jpeg\" \/>\n<meta name=\"twitter:card\" content=\"summary_large_image\" \/>\n<meta name=\"twitter:label1\" content=\"Est. reading time\" \/>\n\t<meta name=\"twitter:data1\" content=\"1 minute\" \/>\n<script type=\"application\/ld+json\" class=\"yoast-schema-graph\">{\"@context\":\"https:\/\/schema.org\",\"@graph\":[{\"@type\":\"WebPage\",\"@id\":\"https:\/\/www.ritzbrasil.com\/en\/produtos\/hand-sticks-maneuvering-sticks-and-universal-tools\/flexible-socket-stick\/\",\"url\":\"https:\/\/www.ritzbrasil.com\/en\/produtos\/hand-sticks-maneuvering-sticks-and-universal-tools\/flexible-socket-stick\/\",\"name\":\"Flexible Socket Stick\",\"isPartOf\":{\"@id\":\"https:\/\/www.ritzbrasil.com\/en\/#website\"},\"primaryImageOfPage\":{\"@id\":\"https:\/\/www.ritzbrasil.com\/en\/produtos\/hand-sticks-maneuvering-sticks-and-universal-tools\/flexible-socket-stick\/#primaryimage\"},\"image\":{\"@id\":\"https:\/\/www.ritzbrasil.com\/en\/produtos\/hand-sticks-maneuvering-sticks-and-universal-tools\/flexible-socket-stick\/#primaryimage\"},\"thumbnailUrl\":\"https:\/\/www.ritzbrasil.com\/wp-content\/uploads\/2024\/08\/rh1891-2-bastao-soquete-flexivel.jpg\",\"datePublished\":\"2024-08-14T13:11:51+00:00\",\"dateModified\":\"2026-02-25T19:00:15+00:00\",\"description\":\"The Flexible Socket Stick is designed to receive tools used to tighten nuts on equipment in energized installations.\",\"breadcrumb\":{\"@id\":\"https:\/\/www.ritzbrasil.com\/en\/produtos\/hand-sticks-maneuvering-sticks-and-universal-tools\/flexible-socket-stick\/#breadcrumb\"},\"inLanguage\":\"en-US\",\"potentialAction\":[{\"@type\":\"ReadAction\",\"target\":[\"https:\/\/www.ritzbrasil.com\/en\/produtos\/hand-sticks-maneuvering-sticks-and-universal-tools\/flexible-socket-stick\/\"]}]},{\"@type\":\"ImageObject\",\"inLanguage\":\"en-US\",\"@id\":\"https:\/\/www.ritzbrasil.com\/en\/produtos\/hand-sticks-maneuvering-sticks-and-universal-tools\/flexible-socket-stick\/#primaryimage\",\"url\":\"https:\/\/www.ritzbrasil.com\/wp-content\/uploads\/2024\/08\/rh1891-2-bastao-soquete-flexivel.jpg\",\"contentUrl\":\"https:\/\/www.ritzbrasil.com\/wp-content\/uploads\/2024\/08\/rh1891-2-bastao-soquete-flexivel.jpg\",\"width\":1200,\"height\":1200,\"caption\":\"RH1891-6 Flexible Socket and Universal Head\"},{\"@type\":\"BreadcrumbList\",\"@id\":\"https:\/\/www.ritzbrasil.com\/en\/produtos\/hand-sticks-maneuvering-sticks-and-universal-tools\/flexible-socket-stick\/#breadcrumb\",\"itemListElement\":[{\"@type\":\"ListItem\",\"position\":1,\"name\":\"In\u00edcio\",\"item\":\"https:\/\/www.ritzbrasil.com\/en\/\"},{\"@type\":\"ListItem\",\"position\":2,\"name\":\"Shop\",\"item\":\"https:\/\/www.ritzbrasil.com\/en\/shop\/\"},{\"@type\":\"ListItem\",\"position\":3,\"name\":\"Flexible Socket Stick\"}]},{\"@type\":\"WebSite\",\"@id\":\"https:\/\/www.ritzbrasil.com\/en\/#website\",\"url\":\"https:\/\/www.ritzbrasil.com\/en\/\",\"name\":\"Equipamentos de Manuten\u00e7\u00e3o e Seguran\u00e7a para o Setor El\u00e9trico - Ritz Brasil\",\"description\":\"\",\"potentialAction\":[{\"@type\":\"SearchAction\",\"target\":{\"@type\":\"EntryPoint\",\"urlTemplate\":\"https:\/\/www.ritzbrasil.com\/en\/?s={search_term_string}\"},\"query-input\":{\"@type\":\"PropertyValueSpecification\",\"valueRequired\":true,\"valueName\":\"search_term_string\"}}],\"inLanguage\":\"en-US\"}]}<\/script>\n<!-- \/ Yoast SEO plugin. -->","yoast_head_json":{"title":"Flexible Socket Stick","description":"The Flexible Socket Stick is designed to receive tools used to tighten nuts on equipment in energized installations.","robots":{"index":"index","follow":"follow","max-snippet":"max-snippet:-1","max-image-preview":"max-image-preview:large","max-video-preview":"max-video-preview:-1"},"canonical":"https:\/\/www.ritzbrasil.com\/en\/produtos\/hand-sticks-maneuvering-sticks-and-universal-tools\/flexible-socket-stick\/","og_locale":"en_US","og_type":"article","og_title":"Flexible Socket Stick","og_description":"The Flexible Socket Stick is designed to receive tools used to tighten nuts on equipment in energized installations.","og_url":"https:\/\/www.ritzbrasil.com\/en\/produtos\/hand-sticks-maneuvering-sticks-and-universal-tools\/flexible-socket-stick\/","og_site_name":"Equipamentos de Manuten\u00e7\u00e3o e Seguran\u00e7a para o Setor El\u00e9trico - Ritz Brasil","article_modified_time":"2026-02-25T19:00:15+00:00","og_image":[{"width":1200,"height":1200,"url":"https:\/\/www.ritzbrasil.com\/wp-content\/uploads\/2024\/08\/rh1891-2-bastao-soquete-flexivel.jpg","type":"image\/jpeg"}],"twitter_card":"summary_large_image","twitter_misc":{"Est. reading time":"1 minute"},"schema":{"@context":"https:\/\/schema.org","@graph":[{"@type":"WebPage","@id":"https:\/\/www.ritzbrasil.com\/en\/produtos\/hand-sticks-maneuvering-sticks-and-universal-tools\/flexible-socket-stick\/","url":"https:\/\/www.ritzbrasil.com\/en\/produtos\/hand-sticks-maneuvering-sticks-and-universal-tools\/flexible-socket-stick\/","name":"Flexible Socket Stick","isPartOf":{"@id":"https:\/\/www.ritzbrasil.com\/en\/#website"},"primaryImageOfPage":{"@id":"https:\/\/www.ritzbrasil.com\/en\/produtos\/hand-sticks-maneuvering-sticks-and-universal-tools\/flexible-socket-stick\/#primaryimage"},"image":{"@id":"https:\/\/www.ritzbrasil.com\/en\/produtos\/hand-sticks-maneuvering-sticks-and-universal-tools\/flexible-socket-stick\/#primaryimage"},"thumbnailUrl":"https:\/\/www.ritzbrasil.com\/wp-content\/uploads\/2024\/08\/rh1891-2-bastao-soquete-flexivel.jpg","datePublished":"2024-08-14T13:11:51+00:00","dateModified":"2026-02-25T19:00:15+00:00","description":"The Flexible Socket Stick is designed to receive tools used to tighten nuts on equipment in energized installations.","breadcrumb":{"@id":"https:\/\/www.ritzbrasil.com\/en\/produtos\/hand-sticks-maneuvering-sticks-and-universal-tools\/flexible-socket-stick\/#breadcrumb"},"inLanguage":"en-US","potentialAction":[{"@type":"ReadAction","target":["https:\/\/www.ritzbrasil.com\/en\/produtos\/hand-sticks-maneuvering-sticks-and-universal-tools\/flexible-socket-stick\/"]}]},{"@type":"ImageObject","inLanguage":"en-US","@id":"https:\/\/www.ritzbrasil.com\/en\/produtos\/hand-sticks-maneuvering-sticks-and-universal-tools\/flexible-socket-stick\/#primaryimage","url":"https:\/\/www.ritzbrasil.com\/wp-content\/uploads\/2024\/08\/rh1891-2-bastao-soquete-flexivel.jpg","contentUrl":"https:\/\/www.ritzbrasil.com\/wp-content\/uploads\/2024\/08\/rh1891-2-bastao-soquete-flexivel.jpg","width":1200,"height":1200,"caption":"RH1891-6 Flexible Socket and Universal Head"},{"@type":"BreadcrumbList","@id":"https:\/\/www.ritzbrasil.com\/en\/produtos\/hand-sticks-maneuvering-sticks-and-universal-tools\/flexible-socket-stick\/#breadcrumb","itemListElement":[{"@type":"ListItem","position":1,"name":"In\u00edcio","item":"https:\/\/www.ritzbrasil.com\/en\/"},{"@type":"ListItem","position":2,"name":"Shop","item":"https:\/\/www.ritzbrasil.com\/en\/shop\/"},{"@type":"ListItem","position":3,"name":"Flexible Socket Stick"}]},{"@type":"WebSite","@id":"https:\/\/www.ritzbrasil.com\/en\/#website","url":"https:\/\/www.ritzbrasil.com\/en\/","name":"Equipamentos de Manuten\u00e7\u00e3o e Seguran\u00e7a para o Setor El\u00e9trico - Ritz Brasil","description":"","potentialAction":[{"@type":"SearchAction","target":{"@type":"EntryPoint","urlTemplate":"https:\/\/www.ritzbrasil.com\/en\/?s={search_term_string}"},"query-input":{"@type":"PropertyValueSpecification","valueRequired":true,"valueName":"search_term_string"}}],"inLanguage":"en-US"}]}},"_links":{"self":[{"href":"https:\/\/www.ritzbrasil.com\/en\/wp-json\/wp\/v2\/product\/61398","targetHints":{"allow":["GET"]}}],"collection":[{"href":"https:\/\/www.ritzbrasil.com\/en\/wp-json\/wp\/v2\/product"}],"about":[{"href":"https:\/\/www.ritzbrasil.com\/en\/wp-json\/wp\/v2\/types\/product"}],"wp:featuredmedia":[{"embeddable":true,"href":"https:\/\/www.ritzbrasil.com\/en\/wp-json\/wp\/v2\/media\/57306"}],"wp:attachment":[{"href":"https:\/\/www.ritzbrasil.com\/en\/wp-json\/wp\/v2\/media?parent=61398"}],"wp:term":[{"taxonomy":"product_brand","embeddable":true,"href":"https:\/\/www.ritzbrasil.com\/en\/wp-json\/wp\/v2\/product_brand?post=61398"},{"taxonomy":"product_cat","embeddable":true,"href":"https:\/\/www.ritzbrasil.com\/en\/wp-json\/wp\/v2\/product_cat?post=61398"},{"taxonomy":"product_tag","embeddable":true,"href":"https:\/\/www.ritzbrasil.com\/en\/wp-json\/wp\/v2\/product_tag?post=61398"}],"curies":[{"name":"wp","href":"https:\/\/api.w.org\/{rel}","templated":true}]}}