{"id":61391,"date":"2024-08-21T11:30:12","date_gmt":"2024-08-21T14:30:12","guid":{"rendered":"https:\/\/www.ritzbrasil.com\/produtos\/uncategorized\/pliers\/"},"modified":"2026-02-25T15:58:55","modified_gmt":"2026-02-25T18:58:55","slug":"pliers","status":"publish","type":"product","link":"https:\/\/www.ritzbrasil.com\/en\/produtos\/hand-sticks-maneuvering-sticks-and-universal-tools\/pliers\/","title":{"rendered":"Pliers"},"content":{"rendered":"<div class=\"wpb-content-wrapper\"><p>[vc_row][vc_column][vc_column_text css=&#8221;.vc_custom_1724250294463{margin-top: 20px !important;}&#8221;]<\/p>\n<h4><span style=\"color: #ff9900;\"><strong>Handcuff-type Cable Cutter<\/strong><\/span><\/h4>\n<p>[\/vc_column_text][vc_column_text css=&#8221;.vc_custom_1724329093728{margin-top: -20px !important;}&#8221;]\n<div id=\"tablepress-Alicate-Corte-Cabo-Tipo-Algema-scroll-wrapper\" class=\"tablepress-scroll-wrapper\">\n<table id=\"tablepress-Alicate-Corte-Cabo-Tipo-Algema\" class=\"tablepress tablepress-id-Alicate-Corte-Cabo-Tipo-Algema tablepress-responsive\">\n<thead>\n<tr class=\"row-1\">\n\t<td class=\"column-1\"><\/td><th class=\"column-2\">  Refer\u00eancias<\/th><th class=\"column-3\">Caracter\u00edstica<\/th><td class=\"column-4\"><\/td><td class=\"column-5\"><\/td>\n<\/tr>\n<\/thead>\n<tbody class=\"row-striping row-hover\">\n<tr class=\"row-2\">\n\t<td class=\"column-1\"><img decoding=\"async\" src=\"https:\/\/www.ritzbrasil.com\/wp-content\/uploads\/2024\/08\/fvr31874-1-alicate-150x150-1.jpg\" \/><\/td><td class=\"column-2\">FVR31874-1<\/td><td class=\"column-3\">Peso aprox.: 0,82 kg (1,81 lb)<\/td><td class=\"column-4\">    <button class=\"add-to-budget\" data-table-id=\"Alicate-Corte-Cabo-Tipo-Algema\" data-reference=\"FVR31874-1\" data-description=\"Alicate de Corte de Cabo Tipo Algema\" style=\"color:#ff4d00;\">\n        <img decoding=\"async\" src=\"https:\/\/www.ritzbrasil.com\/\/wp-content\/uploads\/2024\/07\/orcar-compras-tabela-new-1.png\" alt=\"Request quote\" title=\"Request quote\" \/>\n    <\/button>\n    <\/td><td class=\"column-5\"><a href=\"https:\/\/lojasritz.com.br\/catalogsearch\/result\/?q=FVR31874-1\" target=\"_blank\" rel=\"noopener\"><img decoding=\"async\" src=\"https:\/\/www.ritzbrasil.com\/wp-content\/uploads\/2024\/07\/carrinho-compras-tabela.png\"  \/><\/a><\/td>\n<\/tr>\n<\/tbody>\n<\/table>\n<\/div>\n[\/vc_column_text][vc_separator border_width=&#8221;2&#8243; css=&#8221;&#8221;][\/vc_column][\/vc_row][vc_row][vc_column][vc_column_text css=&#8221;.vc_custom_1724250720087{margin-top: 20px !important;}&#8221;]<\/p>\n<h4><span style=\"color: #ff9900;\"><strong>Crimping pliers<\/strong><\/span><\/h4>\n<p>[\/vc_column_text][vc_column_text css=&#8221;&#8221;]Tool designed for crimping connectors, splice sleeves and terminals made of copper or aluminum alloys.[\/vc_column_text][vc_column_text css=&#8221;.vc_custom_1724329208686{margin-top: -20px !important;}&#8221;]\n<div id=\"tablepress-Alicate-Crimpador-scroll-wrapper\" class=\"tablepress-scroll-wrapper\">\n<table id=\"tablepress-Alicate-Crimpador\" class=\"tablepress tablepress-id-Alicate-Crimpador tablepress-responsive\">\n<thead>\n<tr class=\"row-1\">\n\t<td class=\"column-1\"><\/td><th class=\"column-2\">  Refer\u00eancias<\/th><th class=\"column-3\">Caracter\u00edstica<\/th><td class=\"column-4\"><\/td><td class=\"column-5\"><\/td>\n<\/tr>\n<\/thead>\n<tbody class=\"row-striping row-hover\">\n<tr class=\"row-2\">\n\t<td class=\"column-1\"><img decoding=\"async\" src=\"https:\/\/www.ritzbrasil.com\/wp-content\/uploads\/2024\/08\/fvr410-12-hidraulico-manual-150x150-1.jpg\" \/><\/td><td class=\"column-2\">FVR410-12<\/td><td class=\"column-3\">Hidr\u00e1ulico Manual (sem conjunto de matrizes)<\/td><td class=\"column-4\">    <button class=\"add-to-budget\" data-table-id=\"Alicate-Crimpador\" data-reference=\"FVR410-12\" data-description=\"Alicate  Crimpador\" style=\"color:#ff4d00;\">\n        <img decoding=\"async\" src=\"https:\/\/www.ritzbrasil.com\/\/wp-content\/uploads\/2024\/07\/orcar-compras-tabela-new-1.png\" alt=\"Request quote\" title=\"Request quote\" \/>\n    <\/button>\n    <\/td><td class=\"column-5\"><a href=\"https:\/\/lojasritz.com.br\/catalogsearch\/result\/?q=FVR410-12\" target=\"_blank\" rel=\"noopener\"><img decoding=\"async\" src=\"https:\/\/www.ritzbrasil.com\/wp-content\/uploads\/2024\/07\/carrinho-compras-tabela.png\"  \/><\/a><\/td>\n<\/tr>\n<\/tbody>\n<\/table>\n<\/div>\n[\/vc_column_text][vc_column_text css=&#8221;&#8221;]It has a two-stage pumping system with rapid advance, speeding up the crimping process. Articulated die head made of forged steel, with 180\u00b0 articulation, compatible with U-type and hexagonal dies, manufactured for use with 12-ton tools.<\/p>\n<p>Approx. weight: 6.5 kg (14.35 lb)<\/p>\n<p><strong>TECHNICAL CHARACTERISTICS<\/strong><br \/>\n&#8211; Crimping force: 12 tons;<br \/>\n&#8211; Maximum crimping pressure: 700kgf\/cm\u00b2;<br \/>\n&#8211; Crimping section: 35 &#8211; 300 mm\u00b2;<br \/>\n&#8211; Crimping type: Compatible with Type U and Hexagonal dies;<br \/>\n&#8211; Oil capacity: 145 cm\u00b3;<br \/>\n&#8211; Stroke: 32 mm;<br \/>\n&#8211; Drive system: Fiberglass insulated tubes that withstand a voltage of 20 kV for 5 minutes;<br \/>\n&#8211; Packaging: Plastic case.[\/vc_column_text][vc_separator border_width=&#8221;2&#8243; css=&#8221;&#8221;][\/vc_column][\/vc_row][vc_row][vc_column][vc_column_text css=&#8221;.vc_custom_1724329458142{margin-top: -20px !important;}&#8221;]\n<div id=\"tablepress-FVR400-12P-EH-scroll-wrapper\" class=\"tablepress-scroll-wrapper\">\n<table id=\"tablepress-FVR400-12P-EH\" class=\"tablepress tablepress-id-FVR400-12P-EH tablepress-responsive\">\n<thead>\n<tr class=\"row-1\">\n\t<td class=\"column-1\"><\/td><th class=\"column-2\">  Refer\u00eancias<\/th><th class=\"column-3\">Caracter\u00edstica<\/th><td class=\"column-4\"><\/td><td class=\"column-5\"><\/td>\n<\/tr>\n<\/thead>\n<tbody class=\"row-striping row-hover\">\n<tr class=\"row-2\">\n\t<td class=\"column-1\"><img decoding=\"async\" src=\"https:\/\/www.ritzbrasil.com\/wp-content\/uploads\/2024\/08\/fvr400-12p-eh-eletro-hidraulico-150x150-1.jpg\" \/><\/td><td class=\"column-2\">FVR400-12P-EH<\/td><td class=\"column-3\">Eletro-Hidr\u00e1ulico (sem conjunto de matrizes)<\/td><td class=\"column-4\">    <button class=\"add-to-budget\" data-table-id=\"FVR400-12P-EH\" data-reference=\"FVR400-12P-EH\" data-description=\"Alicate  Crimpador\" style=\"color:#ff4d00;\">\n        <img decoding=\"async\" src=\"https:\/\/www.ritzbrasil.com\/\/wp-content\/uploads\/2024\/07\/orcar-compras-tabela-new-1.png\" alt=\"Request quote\" title=\"Request quote\" \/>\n    <\/button>\n    <\/td><td class=\"column-5\"><a href=\"https:\/\/lojasritz.com.br\/catalogsearch\/result\/?q=FVR400-12P-EH\" target=\"_blank\" rel=\"noopener\"><img decoding=\"async\" src=\"https:\/\/www.ritzbrasil.com\/wp-content\/uploads\/2024\/07\/carrinho-compras-tabela.png\"  \/><\/a><\/td>\n<\/tr>\n<\/tbody>\n<\/table>\n<\/div>\n[\/vc_column_text][vc_column_text css=&#8221;&#8221;]Hydraulic power tool with rapid advance and automatic return after compression, with eyelet positioned at the top of the body for the shoulder strap, providing superior support during use.<\/p>\n<p>It has a die holder head, made of forged steel, which stands out for its robustness and versatility, with 350\u00b0 articulation.<\/p>\n<p>The socket is compatible with dies designed for 12-ton tools (dies not included).<\/p>\n<p>To provide autonomy and efficiency, it is supplied with two Makita 18V 5.0Ah Li-ion batteries, model BL1850B, accompanied by a compatible Makita battery charger.<\/p>\n<p>Approx. weight (with battery): 7.20 kg (15.90 lb)<\/p>\n<p><strong>TECHNICAL FEATURES<\/strong><br \/>\n&#8211; Crimping force: 12 kN;<br \/>\n&#8211; Nozzle opening: 42 mm;<br \/>\n&#8211; Crimping section: 16 &#8211; 400 mm\u00b2;<br \/>\n&#8211; Crimping cycle speed: 6-10 seconds;<br \/>\n&#8211; Crimping cycles per charge: 120 times;<br \/>\n&#8211; Crimping type: Compatible with Type U and Hexagonal dies;<br \/>\n&#8211; Battery: 18V 5.0Ah Li-ion<br \/>\n&#8211; Packaging: Plastic case.[\/vc_column_text][\/vc_column][\/vc_row]<\/p>\n<\/div>","protected":false},"excerpt":{"rendered":"<p>Designed for practicality and efficiency, its lightweight structure and ergonomic design make it the perfect hand tool for precise one-handed cutting of copper or aluminum conductors in distribution networks, ideal for working in confined spaces.<\/p>\n<p>These pliers ensure a clean, smooth and firm cut of the conductors, with no risk of crushing. Its versatility allows it to fully cut conductors with a copper or aluminum core, with a maximum diameter of \u00d848mm\/400mm\u00b2. The cutting blade is made from special steel, providing exceptional durability. Its portability makes it easy to store in your tool bag.<\/p>\n<p>The additional functionality of the strategically positioned eye on the tool not only makes it easier to open the shackle, but also allows clear visualization of the cutting operation.<\/p>\n","protected":false},"featured_media":57714,"template":"","meta":[],"product_brand":[],"product_cat":[2277],"product_tag":[3916,3918,3917,3915],"class_list":{"0":"post-61391","1":"product","2":"type-product","3":"status-publish","4":"has-post-thumbnail","6":"product_cat-hand-sticks-maneuvering-sticks-and-universal-tools","7":"product_tag-fvr31874-1-en","8":"product_tag-fvr400-12p-eh-en","9":"product_tag-fvr410-12-en","10":"product_tag-pliers","11":"description-off","13":"first","14":"instock","15":"virtual","16":"product-type-simple"},"yoast_head":"<!-- This site is optimized with the Yoast SEO plugin v27.1.1 - https:\/\/yoast.com\/product\/yoast-seo-wordpress\/ -->\n<title>Pliers<\/title>\n<meta name=\"description\" content=\"Lightweight, ergonomic pliers for precise cutting of copper or aluminum conductors in distribution networks, ideal for tight spaces and one-handed use.\" \/>\n<meta name=\"robots\" content=\"index, follow, max-snippet:-1, max-image-preview:large, max-video-preview:-1\" \/>\n<link rel=\"canonical\" href=\"https:\/\/www.ritzbrasil.com\/en\/produtos\/hand-sticks-maneuvering-sticks-and-universal-tools\/pliers\/\" \/>\n<meta property=\"og:locale\" content=\"en_US\" \/>\n<meta property=\"og:type\" content=\"article\" \/>\n<meta property=\"og:title\" content=\"Pliers\" \/>\n<meta property=\"og:description\" content=\"Lightweight, ergonomic pliers for precise cutting of copper or aluminum conductors in distribution networks, ideal for tight spaces and one-handed use.\" \/>\n<meta property=\"og:url\" content=\"https:\/\/www.ritzbrasil.com\/en\/produtos\/hand-sticks-maneuvering-sticks-and-universal-tools\/pliers\/\" \/>\n<meta property=\"og:site_name\" content=\"Equipamentos de Manuten\u00e7\u00e3o e Seguran\u00e7a para o Setor El\u00e9trico - Ritz Brasil\" \/>\n<meta property=\"article:modified_time\" content=\"2026-02-25T18:58:55+00:00\" \/>\n<meta property=\"og:image\" content=\"https:\/\/www.ritzbrasil.com\/wp-content\/uploads\/2024\/08\/fvr31874-1-alicate.jpg\" \/>\n\t<meta property=\"og:image:width\" content=\"1200\" \/>\n\t<meta property=\"og:image:height\" content=\"1200\" \/>\n\t<meta property=\"og:image:type\" content=\"image\/jpeg\" \/>\n<meta name=\"twitter:card\" content=\"summary_large_image\" \/>\n<meta name=\"twitter:label1\" content=\"Est. reading time\" \/>\n\t<meta name=\"twitter:data1\" content=\"2 minutes\" \/>\n<script type=\"application\/ld+json\" class=\"yoast-schema-graph\">{\"@context\":\"https:\/\/schema.org\",\"@graph\":[{\"@type\":\"WebPage\",\"@id\":\"https:\/\/www.ritzbrasil.com\/en\/produtos\/hand-sticks-maneuvering-sticks-and-universal-tools\/pliers\/\",\"url\":\"https:\/\/www.ritzbrasil.com\/en\/produtos\/hand-sticks-maneuvering-sticks-and-universal-tools\/pliers\/\",\"name\":\"Pliers\",\"isPartOf\":{\"@id\":\"https:\/\/www.ritzbrasil.com\/en\/#website\"},\"primaryImageOfPage\":{\"@id\":\"https:\/\/www.ritzbrasil.com\/en\/produtos\/hand-sticks-maneuvering-sticks-and-universal-tools\/pliers\/#primaryimage\"},\"image\":{\"@id\":\"https:\/\/www.ritzbrasil.com\/en\/produtos\/hand-sticks-maneuvering-sticks-and-universal-tools\/pliers\/#primaryimage\"},\"thumbnailUrl\":\"https:\/\/www.ritzbrasil.com\/wp-content\/uploads\/2024\/08\/fvr31874-1-alicate.jpg\",\"datePublished\":\"2024-08-21T14:30:12+00:00\",\"dateModified\":\"2026-02-25T18:58:55+00:00\",\"description\":\"Lightweight, ergonomic pliers for precise cutting of copper or aluminum conductors in distribution networks, ideal for tight spaces and one-handed use.\",\"breadcrumb\":{\"@id\":\"https:\/\/www.ritzbrasil.com\/en\/produtos\/hand-sticks-maneuvering-sticks-and-universal-tools\/pliers\/#breadcrumb\"},\"inLanguage\":\"en-US\",\"potentialAction\":[{\"@type\":\"ReadAction\",\"target\":[\"https:\/\/www.ritzbrasil.com\/en\/produtos\/hand-sticks-maneuvering-sticks-and-universal-tools\/pliers\/\"]}]},{\"@type\":\"ImageObject\",\"inLanguage\":\"en-US\",\"@id\":\"https:\/\/www.ritzbrasil.com\/en\/produtos\/hand-sticks-maneuvering-sticks-and-universal-tools\/pliers\/#primaryimage\",\"url\":\"https:\/\/www.ritzbrasil.com\/wp-content\/uploads\/2024\/08\/fvr31874-1-alicate.jpg\",\"contentUrl\":\"https:\/\/www.ritzbrasil.com\/wp-content\/uploads\/2024\/08\/fvr31874-1-alicate.jpg\",\"width\":1200,\"height\":1200,\"caption\":\"FVR31874-1 Pliers\"},{\"@type\":\"BreadcrumbList\",\"@id\":\"https:\/\/www.ritzbrasil.com\/en\/produtos\/hand-sticks-maneuvering-sticks-and-universal-tools\/pliers\/#breadcrumb\",\"itemListElement\":[{\"@type\":\"ListItem\",\"position\":1,\"name\":\"In\u00edcio\",\"item\":\"https:\/\/www.ritzbrasil.com\/en\/\"},{\"@type\":\"ListItem\",\"position\":2,\"name\":\"Shop\",\"item\":\"https:\/\/www.ritzbrasil.com\/en\/shop\/\"},{\"@type\":\"ListItem\",\"position\":3,\"name\":\"Pliers\"}]},{\"@type\":\"WebSite\",\"@id\":\"https:\/\/www.ritzbrasil.com\/en\/#website\",\"url\":\"https:\/\/www.ritzbrasil.com\/en\/\",\"name\":\"Equipamentos de Manuten\u00e7\u00e3o e Seguran\u00e7a para o Setor El\u00e9trico - Ritz Brasil\",\"description\":\"\",\"potentialAction\":[{\"@type\":\"SearchAction\",\"target\":{\"@type\":\"EntryPoint\",\"urlTemplate\":\"https:\/\/www.ritzbrasil.com\/en\/?s={search_term_string}\"},\"query-input\":{\"@type\":\"PropertyValueSpecification\",\"valueRequired\":true,\"valueName\":\"search_term_string\"}}],\"inLanguage\":\"en-US\"}]}<\/script>\n<!-- \/ Yoast SEO plugin. -->","yoast_head_json":{"title":"Pliers","description":"Lightweight, ergonomic pliers for precise cutting of copper or aluminum conductors in distribution networks, ideal for tight spaces and one-handed use.","robots":{"index":"index","follow":"follow","max-snippet":"max-snippet:-1","max-image-preview":"max-image-preview:large","max-video-preview":"max-video-preview:-1"},"canonical":"https:\/\/www.ritzbrasil.com\/en\/produtos\/hand-sticks-maneuvering-sticks-and-universal-tools\/pliers\/","og_locale":"en_US","og_type":"article","og_title":"Pliers","og_description":"Lightweight, ergonomic pliers for precise cutting of copper or aluminum conductors in distribution networks, ideal for tight spaces and one-handed use.","og_url":"https:\/\/www.ritzbrasil.com\/en\/produtos\/hand-sticks-maneuvering-sticks-and-universal-tools\/pliers\/","og_site_name":"Equipamentos de Manuten\u00e7\u00e3o e Seguran\u00e7a para o Setor El\u00e9trico - Ritz Brasil","article_modified_time":"2026-02-25T18:58:55+00:00","og_image":[{"width":1200,"height":1200,"url":"https:\/\/www.ritzbrasil.com\/wp-content\/uploads\/2024\/08\/fvr31874-1-alicate.jpg","type":"image\/jpeg"}],"twitter_card":"summary_large_image","twitter_misc":{"Est. reading time":"2 minutes"},"schema":{"@context":"https:\/\/schema.org","@graph":[{"@type":"WebPage","@id":"https:\/\/www.ritzbrasil.com\/en\/produtos\/hand-sticks-maneuvering-sticks-and-universal-tools\/pliers\/","url":"https:\/\/www.ritzbrasil.com\/en\/produtos\/hand-sticks-maneuvering-sticks-and-universal-tools\/pliers\/","name":"Pliers","isPartOf":{"@id":"https:\/\/www.ritzbrasil.com\/en\/#website"},"primaryImageOfPage":{"@id":"https:\/\/www.ritzbrasil.com\/en\/produtos\/hand-sticks-maneuvering-sticks-and-universal-tools\/pliers\/#primaryimage"},"image":{"@id":"https:\/\/www.ritzbrasil.com\/en\/produtos\/hand-sticks-maneuvering-sticks-and-universal-tools\/pliers\/#primaryimage"},"thumbnailUrl":"https:\/\/www.ritzbrasil.com\/wp-content\/uploads\/2024\/08\/fvr31874-1-alicate.jpg","datePublished":"2024-08-21T14:30:12+00:00","dateModified":"2026-02-25T18:58:55+00:00","description":"Lightweight, ergonomic pliers for precise cutting of copper or aluminum conductors in distribution networks, ideal for tight spaces and one-handed use.","breadcrumb":{"@id":"https:\/\/www.ritzbrasil.com\/en\/produtos\/hand-sticks-maneuvering-sticks-and-universal-tools\/pliers\/#breadcrumb"},"inLanguage":"en-US","potentialAction":[{"@type":"ReadAction","target":["https:\/\/www.ritzbrasil.com\/en\/produtos\/hand-sticks-maneuvering-sticks-and-universal-tools\/pliers\/"]}]},{"@type":"ImageObject","inLanguage":"en-US","@id":"https:\/\/www.ritzbrasil.com\/en\/produtos\/hand-sticks-maneuvering-sticks-and-universal-tools\/pliers\/#primaryimage","url":"https:\/\/www.ritzbrasil.com\/wp-content\/uploads\/2024\/08\/fvr31874-1-alicate.jpg","contentUrl":"https:\/\/www.ritzbrasil.com\/wp-content\/uploads\/2024\/08\/fvr31874-1-alicate.jpg","width":1200,"height":1200,"caption":"FVR31874-1 Pliers"},{"@type":"BreadcrumbList","@id":"https:\/\/www.ritzbrasil.com\/en\/produtos\/hand-sticks-maneuvering-sticks-and-universal-tools\/pliers\/#breadcrumb","itemListElement":[{"@type":"ListItem","position":1,"name":"In\u00edcio","item":"https:\/\/www.ritzbrasil.com\/en\/"},{"@type":"ListItem","position":2,"name":"Shop","item":"https:\/\/www.ritzbrasil.com\/en\/shop\/"},{"@type":"ListItem","position":3,"name":"Pliers"}]},{"@type":"WebSite","@id":"https:\/\/www.ritzbrasil.com\/en\/#website","url":"https:\/\/www.ritzbrasil.com\/en\/","name":"Equipamentos de Manuten\u00e7\u00e3o e Seguran\u00e7a para o Setor El\u00e9trico - Ritz Brasil","description":"","potentialAction":[{"@type":"SearchAction","target":{"@type":"EntryPoint","urlTemplate":"https:\/\/www.ritzbrasil.com\/en\/?s={search_term_string}"},"query-input":{"@type":"PropertyValueSpecification","valueRequired":true,"valueName":"search_term_string"}}],"inLanguage":"en-US"}]}},"_links":{"self":[{"href":"https:\/\/www.ritzbrasil.com\/en\/wp-json\/wp\/v2\/product\/61391","targetHints":{"allow":["GET"]}}],"collection":[{"href":"https:\/\/www.ritzbrasil.com\/en\/wp-json\/wp\/v2\/product"}],"about":[{"href":"https:\/\/www.ritzbrasil.com\/en\/wp-json\/wp\/v2\/types\/product"}],"wp:featuredmedia":[{"embeddable":true,"href":"https:\/\/www.ritzbrasil.com\/en\/wp-json\/wp\/v2\/media\/57714"}],"wp:attachment":[{"href":"https:\/\/www.ritzbrasil.com\/en\/wp-json\/wp\/v2\/media?parent=61391"}],"wp:term":[{"taxonomy":"product_brand","embeddable":true,"href":"https:\/\/www.ritzbrasil.com\/en\/wp-json\/wp\/v2\/product_brand?post=61391"},{"taxonomy":"product_cat","embeddable":true,"href":"https:\/\/www.ritzbrasil.com\/en\/wp-json\/wp\/v2\/product_cat?post=61391"},{"taxonomy":"product_tag","embeddable":true,"href":"https:\/\/www.ritzbrasil.com\/en\/wp-json\/wp\/v2\/product_tag?post=61391"}],"curies":[{"name":"wp","href":"https:\/\/api.w.org\/{rel}","templated":true}]}}