{"id":61385,"date":"2024-08-20T15:43:35","date_gmt":"2024-08-20T18:43:35","guid":{"rendered":"https:\/\/www.ritzbrasil.com\/produtos\/uncategorized\/pruning-pole\/"},"modified":"2026-02-25T15:59:11","modified_gmt":"2026-02-25T18:59:11","slug":"pruning-pole","status":"publish","type":"product","link":"https:\/\/www.ritzbrasil.com\/en\/produtos\/hand-sticks-maneuvering-sticks-and-universal-tools\/pruning-pole\/","title":{"rendered":"Pruning pole"},"content":{"rendered":"<div class=\"wpb-content-wrapper\"><p>[vc_row][vc_column][vc_column_text css=&#8221;.vc_custom_1724177397884{margin-top: 20px !important;}&#8221;]<\/p>\n<h4><span style=\"color: #ff9900;\"><strong>Pruning pole<\/strong><\/span><\/h4>\n<p>[\/vc_column_text][vc_column_text css=&#8221;.vc_custom_1724244270973{margin-top: -20px !important;}&#8221;]\n<div id=\"tablepress-Bastao-Podador-scroll-wrapper\" class=\"tablepress-scroll-wrapper\">\n<table id=\"tablepress-Bastao-Podador\" class=\"tablepress tablepress-id-Bastao-Podador tablepress-responsive\">\n<thead>\n<tr class=\"row-1\">\n\t<td class=\"column-1\"><\/td><th class=\"column-2\">  Refer\u00eancias<\/th><th class=\"column-3\">Caracter\u00edstica<\/th><td class=\"column-4\"><\/td><td class=\"column-5\"><\/td>\n<\/tr>\n<\/thead>\n<tbody class=\"row-striping row-hover\">\n<tr class=\"row-2\">\n\t<td class=\"column-1\"><img decoding=\"async\" src=\"https:\/\/www.ritzbrasil.com\/wp-content\/uploads\/2024\/08\/flv31519-1-podador-galho-cabecote-universal-150x150-1.jpg\" \/><\/td><td class=\"column-2\">FLV31519-1<\/td><td class=\"column-3\">Bast\u00e3o com Podador de galho com<br \/>\ncabe\u00e7ote universal<\/td><td class=\"column-4\">    <button class=\"add-to-budget\" data-table-id=\"Bastao-Podador\" data-reference=\"FLV31519-1\" data-description=\"Bast\u00e3o Podador\" style=\"color:#ff4d00;\">\n        <img decoding=\"async\" src=\"https:\/\/www.ritzbrasil.com\/\/wp-content\/uploads\/2024\/07\/orcar-compras-tabela-new-1.png\" alt=\"Request quote\" title=\"Request quote\" \/>\n    <\/button>\n    <\/td><td class=\"column-5\"><a href=\"https:\/\/lojasritz.com.br\/catalogsearch\/result\/?q=FLV31519-1\" target=\"_blank\" rel=\"noopener\"><img decoding=\"async\" src=\"https:\/\/www.ritzbrasil.com\/wp-content\/uploads\/2024\/07\/carrinho-compras-tabela.png\"  \/><\/a><\/td>\n<\/tr>\n<tr class=\"row-3\">\n\t<td class=\"column-1\"><img decoding=\"async\" src=\"https:\/\/www.ritzbrasil.com\/wp-content\/uploads\/2024\/08\/rh2106-podador-galho-engate-rapido-150x150-1.jpg\" \/><\/td><td class=\"column-2\">RH2106<\/td><td class=\"column-3\">Bast\u00e3o com Podador de galho com<br \/>\nengate r\u00e1pido<\/td><td class=\"column-4\">    <button class=\"add-to-budget\" data-table-id=\"Bastao-Podador\" data-reference=\"RH2106\" data-description=\"Bast\u00e3o Podador\" style=\"color:#ff4d00;\">\n        <img decoding=\"async\" src=\"https:\/\/www.ritzbrasil.com\/\/wp-content\/uploads\/2024\/07\/orcar-compras-tabela-new-1.png\" alt=\"Request quote\" title=\"Request quote\" \/>\n    <\/button>\n    <\/td><td class=\"column-5\"><a href=\"https:\/\/lojasritz.com.br\/catalogsearch\/result\/?q=RH2106\" target=\"_blank\" rel=\"noopener\"><img decoding=\"async\" src=\"https:\/\/www.ritzbrasil.com\/wp-content\/uploads\/2024\/07\/carrinho-compras-tabela.png\"  \/><\/a><\/td>\n<\/tr>\n<tr class=\"row-4\">\n\t<td class=\"column-1\"><img decoding=\"async\" src=\"https:\/\/www.ritzbrasil.com\/wp-content\/uploads\/2024\/08\/flv21137-1-podador-galho-engate-rapido-150x150-1.jpg\" \/><\/td><td class=\"column-2\">FLV21137-1<\/td><td class=\"column-3\">Bast\u00e3o com Podador de galho com<br \/>\nengate r\u00e1pido<\/td><td class=\"column-4\">    <button class=\"add-to-budget\" data-table-id=\"Bastao-Podador\" data-reference=\"FLV21137-1\" data-description=\"Bast\u00e3o Podador\" style=\"color:#ff4d00;\">\n        <img decoding=\"async\" src=\"https:\/\/www.ritzbrasil.com\/\/wp-content\/uploads\/2024\/07\/orcar-compras-tabela-new-1.png\" alt=\"Request quote\" title=\"Request quote\" \/>\n    <\/button>\n    <\/td><td class=\"column-5\"><a href=\"https:\/\/lojasritz.com.br\/catalogsearch\/result\/?q=FLV21137-1\" target=\"_blank\" rel=\"noopener\"><img decoding=\"async\" src=\"https:\/\/www.ritzbrasil.com\/wp-content\/uploads\/2024\/07\/carrinho-compras-tabela.png\"  \/><\/a><\/td>\n<\/tr>\n<\/tbody>\n<\/table>\n<\/div>\n[\/vc_column_text][vc_separator border_width=&#8221;2&#8243; css=&#8221;&#8221;][\/vc_column][\/vc_row][vc_row][vc_column][vc_column_text css=&#8221;.vc_custom_1724183166158{margin-top: 20px !important;}&#8221;]<\/p>\n<h4><span style=\"color: #ff9900;\"><strong>Pruning saw<\/strong><\/span><\/h4>\n<p>[\/vc_column_text][vc_column_text css=&#8221;.vc_custom_1724244662482{margin-top: -20px !important;}&#8221;]\n<div id=\"tablepress-Serra-Poda-scroll-wrapper\" class=\"tablepress-scroll-wrapper\">\n<table id=\"tablepress-Serra-Poda\" class=\"tablepress tablepress-id-Serra-Poda tablepress-responsive\">\n<thead>\n<tr class=\"row-1\">\n\t<td class=\"column-1\"><\/td><th class=\"column-2\">  Refer\u00eancias<\/th><th class=\"column-3\">Caracter\u00edstica<\/th><td class=\"column-4\"><\/td><td class=\"column-5\"><\/td>\n<\/tr>\n<\/thead>\n<tbody class=\"row-striping row-hover\">\n<tr class=\"row-2\">\n\t<td class=\"column-1\"><img decoding=\"async\" src=\"https:\/\/www.ritzbrasil.com\/wp-content\/uploads\/2024\/08\/flv31479-2-serra-poda-150x150-1.jpg\" \/><\/td><td class=\"column-2\">FLV31479-2<\/td><td class=\"column-3\">Serra para poda<br \/>\nPermite serrar galhos de \u00e1rvores nas proximidades de instala\u00e7\u00f5es<br \/>\nenergizadas.<br \/>\nPeso aprox.: 0,36 kg (0,79 lb)<\/td><td class=\"column-4\">    <button class=\"add-to-budget\" data-table-id=\"Serra-Poda\" data-reference=\"FLV31479-2\" data-description=\"Serra para Poda\" style=\"color:#ff4d00;\">\n        <img decoding=\"async\" src=\"https:\/\/www.ritzbrasil.com\/\/wp-content\/uploads\/2024\/07\/orcar-compras-tabela-new-1.png\" alt=\"Request quote\" title=\"Request quote\" \/>\n    <\/button>\n    <\/td><td class=\"column-5\"><a href=\"https:\/\/lojasritz.com.br\/catalogsearch\/result\/?q=FLV31479-2\" target=\"_blank\" rel=\"noopener\"><img decoding=\"async\" src=\"https:\/\/www.ritzbrasil.com\/wp-content\/uploads\/2024\/07\/carrinho-compras-tabela.png\"  \/><\/a><\/td>\n<\/tr>\n<tr class=\"row-3\">\n\t<td class=\"column-1\"><img decoding=\"async\" src=\"https:\/\/www.ritzbrasil.com\/wp-content\/uploads\/2024\/08\/flv31800-1t-serra-poda-gancho-auxiliares-150x150-1.jpg\" \/><\/td><td class=\"column-2\">FLV31800-1T<\/td><td class=\"column-3\">Serra para poda com gancho auxiliares<br \/>\nPossui ganchos nas extremidades para auxiliar na remo\u00e7\u00e3o dos galhos<br \/>\ncortados.<br \/>\nPeso aprox.: 0,46 kg (1,02 lb)<\/td><td class=\"column-4\">    <button class=\"add-to-budget\" data-table-id=\"Serra-Poda\" data-reference=\"FLV31800-1T\" data-description=\"Serra para Poda\" style=\"color:#ff4d00;\">\n        <img decoding=\"async\" src=\"https:\/\/www.ritzbrasil.com\/\/wp-content\/uploads\/2024\/07\/orcar-compras-tabela-new-1.png\" alt=\"Request quote\" title=\"Request quote\" \/>\n    <\/button>\n    <\/td><td class=\"column-5\"><a href=\"https:\/\/lojasritz.com.br\/catalogsearch\/result\/?q=FLV31800-1T\" target=\"_blank\" rel=\"noopener\"><img decoding=\"async\" src=\"https:\/\/www.ritzbrasil.com\/wp-content\/uploads\/2024\/07\/carrinho-compras-tabela.png\"  \/><\/a><\/td>\n<\/tr>\n<\/tbody>\n<\/table>\n<\/div>\n[\/vc_column_text][vc_separator border_width=&#8221;2&#8243; css=&#8221;&#8221;][\/vc_column][\/vc_row]<\/p>\n<\/div>","protected":false},"excerpt":{"rendered":"<p>Designed to cut tree branches with precision, the pruning pole is ideal for areas close to electrical installations, guaranteeing efficiency and safety during the intervention.<\/p>\n<p>With sharp, forged steel blades, the pruning pole is capable of cutting branches up to \u00d81&#8243;. Its pulley system provides a 3&#215;1 mechanical advantage, making the operator&#8217;s job easier. For example, a force of 4.5 daN (10 lb) on the rope will result in a force of 13.5 daN (30 lb) on the blades.<\/p>\n<p>The pruning pole has a \u00d8 1\/4&#8243; rope with a length of 7.60m. It also has a universal fitting next to the blade, allowing you to install a saw for pruning branches.<\/p>\n<p>The pruning pole offers versatility, making it possible to attach it to complementary poles using the universal head (FLV31519-1) or the quick coupling system (RH2106 &#8211; FLV21137-1), guaranteeing efficient work while maintaining the minimum safety distance.<\/p>\n","protected":false},"featured_media":57686,"template":"","meta":[],"product_brand":[],"product_cat":[2277],"product_tag":[3900,3895,3898,3896,3897,3899],"class_list":{"0":"post-61385","1":"product","2":"type-product","3":"status-publish","4":"has-post-thumbnail","6":"product_cat-hand-sticks-maneuvering-sticks-and-universal-tools","7":"product_tag-flv21137-1-en","8":"product_tag-flv31479-2-en","9":"product_tag-flv31519-1-en","10":"product_tag-flv31800-1t-en","11":"product_tag-pruning-pole","12":"product_tag-rh2106-en","13":"description-off","15":"first","16":"instock","17":"virtual","18":"product-type-simple"},"yoast_head":"<!-- This site is optimized with the Yoast SEO plugin v27.1.1 - https:\/\/yoast.com\/product\/yoast-seo-wordpress\/ -->\n<title>Pruning pole<\/title>\n<meta name=\"description\" content=\"The pruning pole offers precision when cutting branches and is ideal for areas close to electrical installations, with guaranteed safety.\" \/>\n<meta name=\"robots\" content=\"index, follow, max-snippet:-1, max-image-preview:large, max-video-preview:-1\" \/>\n<link rel=\"canonical\" href=\"https:\/\/www.ritzbrasil.com\/en\/produtos\/hand-sticks-maneuvering-sticks-and-universal-tools\/pruning-pole\/\" \/>\n<meta property=\"og:locale\" content=\"en_US\" \/>\n<meta property=\"og:type\" content=\"article\" \/>\n<meta property=\"og:title\" content=\"Pruning pole\" \/>\n<meta property=\"og:description\" content=\"The pruning pole offers precision when cutting branches and is ideal for areas close to electrical installations, with guaranteed safety.\" \/>\n<meta property=\"og:url\" content=\"https:\/\/www.ritzbrasil.com\/en\/produtos\/hand-sticks-maneuvering-sticks-and-universal-tools\/pruning-pole\/\" \/>\n<meta property=\"og:site_name\" content=\"Equipamentos de Manuten\u00e7\u00e3o e Seguran\u00e7a para o Setor El\u00e9trico - Ritz Brasil\" \/>\n<meta property=\"article:modified_time\" content=\"2026-02-25T18:59:11+00:00\" \/>\n<meta property=\"og:image\" content=\"https:\/\/www.ritzbrasil.com\/wp-content\/uploads\/2024\/08\/flv31519-1-podador-galho-cabecote-universal.jpg\" \/>\n\t<meta property=\"og:image:width\" content=\"1200\" \/>\n\t<meta property=\"og:image:height\" content=\"1200\" \/>\n\t<meta property=\"og:image:type\" content=\"image\/jpeg\" \/>\n<meta name=\"twitter:card\" content=\"summary_large_image\" \/>\n<meta name=\"twitter:label1\" content=\"Est. reading time\" \/>\n\t<meta name=\"twitter:data1\" content=\"1 minute\" \/>\n<script type=\"application\/ld+json\" class=\"yoast-schema-graph\">{\"@context\":\"https:\/\/schema.org\",\"@graph\":[{\"@type\":\"WebPage\",\"@id\":\"https:\/\/www.ritzbrasil.com\/en\/produtos\/hand-sticks-maneuvering-sticks-and-universal-tools\/pruning-pole\/\",\"url\":\"https:\/\/www.ritzbrasil.com\/en\/produtos\/hand-sticks-maneuvering-sticks-and-universal-tools\/pruning-pole\/\",\"name\":\"Pruning pole\",\"isPartOf\":{\"@id\":\"https:\/\/www.ritzbrasil.com\/en\/#website\"},\"primaryImageOfPage\":{\"@id\":\"https:\/\/www.ritzbrasil.com\/en\/produtos\/hand-sticks-maneuvering-sticks-and-universal-tools\/pruning-pole\/#primaryimage\"},\"image\":{\"@id\":\"https:\/\/www.ritzbrasil.com\/en\/produtos\/hand-sticks-maneuvering-sticks-and-universal-tools\/pruning-pole\/#primaryimage\"},\"thumbnailUrl\":\"https:\/\/www.ritzbrasil.com\/wp-content\/uploads\/2024\/08\/flv31519-1-podador-galho-cabecote-universal.jpg\",\"datePublished\":\"2024-08-20T18:43:35+00:00\",\"dateModified\":\"2026-02-25T18:59:11+00:00\",\"description\":\"The pruning pole offers precision when cutting branches and is ideal for areas close to electrical installations, with guaranteed safety.\",\"breadcrumb\":{\"@id\":\"https:\/\/www.ritzbrasil.com\/en\/produtos\/hand-sticks-maneuvering-sticks-and-universal-tools\/pruning-pole\/#breadcrumb\"},\"inLanguage\":\"en-US\",\"potentialAction\":[{\"@type\":\"ReadAction\",\"target\":[\"https:\/\/www.ritzbrasil.com\/en\/produtos\/hand-sticks-maneuvering-sticks-and-universal-tools\/pruning-pole\/\"]}]},{\"@type\":\"ImageObject\",\"inLanguage\":\"en-US\",\"@id\":\"https:\/\/www.ritzbrasil.com\/en\/produtos\/hand-sticks-maneuvering-sticks-and-universal-tools\/pruning-pole\/#primaryimage\",\"url\":\"https:\/\/www.ritzbrasil.com\/wp-content\/uploads\/2024\/08\/flv31519-1-podador-galho-cabecote-universal.jpg\",\"contentUrl\":\"https:\/\/www.ritzbrasil.com\/wp-content\/uploads\/2024\/08\/flv31519-1-podador-galho-cabecote-universal.jpg\",\"width\":1200,\"height\":1200,\"caption\":\"FLV31519-1 Branch pruner with universal head\"},{\"@type\":\"BreadcrumbList\",\"@id\":\"https:\/\/www.ritzbrasil.com\/en\/produtos\/hand-sticks-maneuvering-sticks-and-universal-tools\/pruning-pole\/#breadcrumb\",\"itemListElement\":[{\"@type\":\"ListItem\",\"position\":1,\"name\":\"In\u00edcio\",\"item\":\"https:\/\/www.ritzbrasil.com\/en\/\"},{\"@type\":\"ListItem\",\"position\":2,\"name\":\"Shop\",\"item\":\"https:\/\/www.ritzbrasil.com\/en\/shop\/\"},{\"@type\":\"ListItem\",\"position\":3,\"name\":\"Pruning pole\"}]},{\"@type\":\"WebSite\",\"@id\":\"https:\/\/www.ritzbrasil.com\/en\/#website\",\"url\":\"https:\/\/www.ritzbrasil.com\/en\/\",\"name\":\"Equipamentos de Manuten\u00e7\u00e3o e Seguran\u00e7a para o Setor El\u00e9trico - Ritz Brasil\",\"description\":\"\",\"potentialAction\":[{\"@type\":\"SearchAction\",\"target\":{\"@type\":\"EntryPoint\",\"urlTemplate\":\"https:\/\/www.ritzbrasil.com\/en\/?s={search_term_string}\"},\"query-input\":{\"@type\":\"PropertyValueSpecification\",\"valueRequired\":true,\"valueName\":\"search_term_string\"}}],\"inLanguage\":\"en-US\"}]}<\/script>\n<!-- \/ Yoast SEO plugin. -->","yoast_head_json":{"title":"Pruning pole","description":"The pruning pole offers precision when cutting branches and is ideal for areas close to electrical installations, with guaranteed safety.","robots":{"index":"index","follow":"follow","max-snippet":"max-snippet:-1","max-image-preview":"max-image-preview:large","max-video-preview":"max-video-preview:-1"},"canonical":"https:\/\/www.ritzbrasil.com\/en\/produtos\/hand-sticks-maneuvering-sticks-and-universal-tools\/pruning-pole\/","og_locale":"en_US","og_type":"article","og_title":"Pruning pole","og_description":"The pruning pole offers precision when cutting branches and is ideal for areas close to electrical installations, with guaranteed safety.","og_url":"https:\/\/www.ritzbrasil.com\/en\/produtos\/hand-sticks-maneuvering-sticks-and-universal-tools\/pruning-pole\/","og_site_name":"Equipamentos de Manuten\u00e7\u00e3o e Seguran\u00e7a para o Setor El\u00e9trico - Ritz Brasil","article_modified_time":"2026-02-25T18:59:11+00:00","og_image":[{"width":1200,"height":1200,"url":"https:\/\/www.ritzbrasil.com\/wp-content\/uploads\/2024\/08\/flv31519-1-podador-galho-cabecote-universal.jpg","type":"image\/jpeg"}],"twitter_card":"summary_large_image","twitter_misc":{"Est. reading time":"1 minute"},"schema":{"@context":"https:\/\/schema.org","@graph":[{"@type":"WebPage","@id":"https:\/\/www.ritzbrasil.com\/en\/produtos\/hand-sticks-maneuvering-sticks-and-universal-tools\/pruning-pole\/","url":"https:\/\/www.ritzbrasil.com\/en\/produtos\/hand-sticks-maneuvering-sticks-and-universal-tools\/pruning-pole\/","name":"Pruning pole","isPartOf":{"@id":"https:\/\/www.ritzbrasil.com\/en\/#website"},"primaryImageOfPage":{"@id":"https:\/\/www.ritzbrasil.com\/en\/produtos\/hand-sticks-maneuvering-sticks-and-universal-tools\/pruning-pole\/#primaryimage"},"image":{"@id":"https:\/\/www.ritzbrasil.com\/en\/produtos\/hand-sticks-maneuvering-sticks-and-universal-tools\/pruning-pole\/#primaryimage"},"thumbnailUrl":"https:\/\/www.ritzbrasil.com\/wp-content\/uploads\/2024\/08\/flv31519-1-podador-galho-cabecote-universal.jpg","datePublished":"2024-08-20T18:43:35+00:00","dateModified":"2026-02-25T18:59:11+00:00","description":"The pruning pole offers precision when cutting branches and is ideal for areas close to electrical installations, with guaranteed safety.","breadcrumb":{"@id":"https:\/\/www.ritzbrasil.com\/en\/produtos\/hand-sticks-maneuvering-sticks-and-universal-tools\/pruning-pole\/#breadcrumb"},"inLanguage":"en-US","potentialAction":[{"@type":"ReadAction","target":["https:\/\/www.ritzbrasil.com\/en\/produtos\/hand-sticks-maneuvering-sticks-and-universal-tools\/pruning-pole\/"]}]},{"@type":"ImageObject","inLanguage":"en-US","@id":"https:\/\/www.ritzbrasil.com\/en\/produtos\/hand-sticks-maneuvering-sticks-and-universal-tools\/pruning-pole\/#primaryimage","url":"https:\/\/www.ritzbrasil.com\/wp-content\/uploads\/2024\/08\/flv31519-1-podador-galho-cabecote-universal.jpg","contentUrl":"https:\/\/www.ritzbrasil.com\/wp-content\/uploads\/2024\/08\/flv31519-1-podador-galho-cabecote-universal.jpg","width":1200,"height":1200,"caption":"FLV31519-1 Branch pruner with universal head"},{"@type":"BreadcrumbList","@id":"https:\/\/www.ritzbrasil.com\/en\/produtos\/hand-sticks-maneuvering-sticks-and-universal-tools\/pruning-pole\/#breadcrumb","itemListElement":[{"@type":"ListItem","position":1,"name":"In\u00edcio","item":"https:\/\/www.ritzbrasil.com\/en\/"},{"@type":"ListItem","position":2,"name":"Shop","item":"https:\/\/www.ritzbrasil.com\/en\/shop\/"},{"@type":"ListItem","position":3,"name":"Pruning pole"}]},{"@type":"WebSite","@id":"https:\/\/www.ritzbrasil.com\/en\/#website","url":"https:\/\/www.ritzbrasil.com\/en\/","name":"Equipamentos de Manuten\u00e7\u00e3o e Seguran\u00e7a para o Setor El\u00e9trico - Ritz Brasil","description":"","potentialAction":[{"@type":"SearchAction","target":{"@type":"EntryPoint","urlTemplate":"https:\/\/www.ritzbrasil.com\/en\/?s={search_term_string}"},"query-input":{"@type":"PropertyValueSpecification","valueRequired":true,"valueName":"search_term_string"}}],"inLanguage":"en-US"}]}},"_links":{"self":[{"href":"https:\/\/www.ritzbrasil.com\/en\/wp-json\/wp\/v2\/product\/61385","targetHints":{"allow":["GET"]}}],"collection":[{"href":"https:\/\/www.ritzbrasil.com\/en\/wp-json\/wp\/v2\/product"}],"about":[{"href":"https:\/\/www.ritzbrasil.com\/en\/wp-json\/wp\/v2\/types\/product"}],"wp:featuredmedia":[{"embeddable":true,"href":"https:\/\/www.ritzbrasil.com\/en\/wp-json\/wp\/v2\/media\/57686"}],"wp:attachment":[{"href":"https:\/\/www.ritzbrasil.com\/en\/wp-json\/wp\/v2\/media?parent=61385"}],"wp:term":[{"taxonomy":"product_brand","embeddable":true,"href":"https:\/\/www.ritzbrasil.com\/en\/wp-json\/wp\/v2\/product_brand?post=61385"},{"taxonomy":"product_cat","embeddable":true,"href":"https:\/\/www.ritzbrasil.com\/en\/wp-json\/wp\/v2\/product_cat?post=61385"},{"taxonomy":"product_tag","embeddable":true,"href":"https:\/\/www.ritzbrasil.com\/en\/wp-json\/wp\/v2\/product_tag?post=61385"}],"curies":[{"name":"wp","href":"https:\/\/api.w.org\/{rel}","templated":true}]}}