{"id":61383,"date":"2024-08-20T08:34:04","date_gmt":"2024-08-20T11:34:04","guid":{"rendered":"https:\/\/www.ritzbrasil.com\/produtos\/uncategorized\/scissors\/"},"modified":"2026-02-25T15:59:19","modified_gmt":"2026-02-25T18:59:19","slug":"scissors","status":"publish","type":"product","link":"https:\/\/www.ritzbrasil.com\/en\/produtos\/hand-sticks-maneuvering-sticks-and-universal-tools\/scissors\/","title":{"rendered":"Scissors"},"content":{"rendered":"<div class=\"wpb-content-wrapper\"><p>[vc_row][vc_column][vc_column_text css=&#8221;.vc_custom_1724153833990{margin-top: 20px !important;}&#8221;]<\/p>\n<h4><span style=\"color: #ff9900;\"><strong>Scissors with Articulated Handle (Rebar Cutter)<\/strong><\/span><\/h4>\n<p>[\/vc_column_text][vc_column_text css=&#8221;.vc_custom_1724245141655{margin-top: -20px !important;}&#8221;]\n<div id=\"tablepress-Tesourao-Cabo-Articulado-Corta-Vergalhao-scroll-wrapper\" class=\"tablepress-scroll-wrapper\">\n<table id=\"tablepress-Tesourao-Cabo-Articulado-Corta-Vergalhao\" class=\"tablepress tablepress-id-Tesourao-Cabo-Articulado-Corta-Vergalhao tablepress-responsive\">\n<thead>\n<tr class=\"row-1\">\n\t<td class=\"column-1\"><\/td><th class=\"column-2\">  Refer\u00eancias<\/th><th class=\"column-3\">Caracter\u00edstica<\/th><td class=\"column-4\"><\/td><td class=\"column-5\"><\/td>\n<\/tr>\n<\/thead>\n<tbody class=\"row-striping row-hover\">\n<tr class=\"row-2\">\n\t<td class=\"column-1\"><img decoding=\"async\" src=\"https:\/\/www.ritzbrasil.com\/wp-content\/uploads\/2024\/08\/flv02818-2-tesourao-cabo-articulado-150x150-1.jpg\" \/><\/td><td class=\"column-2\">FLV02818-2<\/td><td class=\"column-3\"> Dimens\u00f5es \u00d8 32 mm, comprimento total 0,72m<\/td><td class=\"column-4\">    <button class=\"add-to-budget\" data-table-id=\"Tesourao-Cabo-Articulado-Corta-Vergalhao\" data-reference=\"FLV02818-2\" data-description=\"Tesour\u00e3o com Cabo Articulado (Corta Vergalh\u00e3o)\" style=\"color:#ff4d00;\">\n        <img decoding=\"async\" src=\"https:\/\/www.ritzbrasil.com\/\/wp-content\/uploads\/2024\/07\/orcar-compras-tabela-new-1.png\" alt=\"Request quote\" title=\"Request quote\" \/>\n    <\/button>\n    <\/td><td class=\"column-5\"><a href=\"https:\/\/lojasritz.com.br\/catalogsearch\/result\/?q=FLV02818-2\" target=\"_blank\" rel=\"noopener\"><img decoding=\"async\" src=\"https:\/\/www.ritzbrasil.com\/wp-content\/uploads\/2024\/07\/carrinho-compras-tabela.png\"  \/><\/a><\/td>\n<\/tr>\n<\/tbody>\n<\/table>\n<\/div>\n[\/vc_column_text][vc_column_text css=&#8221;&#8221;]Suitable for low effort cuts and specifically designed for contact work. The shear is ideal for cutting aluminum cables with steel core (CAA), aluminum cables (CA) and copper cables up to 1\/0 or \u00d8 10.11 mm.[\/vc_column_text][vc_separator border_width=&#8221;2&#8243; css=&#8221;&#8221;][\/vc_column][\/vc_row][vc_row][vc_column][vc_column_text css=&#8221;.vc_custom_1724153982155{margin-top: 20px !important;}&#8221;]<\/p>\n<h4><span style=\"color: #ff9900;\"><strong>Scissors with single handle<\/strong><\/span><\/h4>\n<p>[\/vc_column_text][vc_column_text css=&#8221;.vc_custom_1724245490601{margin-top: -20px !important;}&#8221;]\n<div id=\"tablepress-Tesourao-Cabo-Simples-scroll-wrapper\" class=\"tablepress-scroll-wrapper\">\n<table id=\"tablepress-Tesourao-Cabo-Simples\" class=\"tablepress tablepress-id-Tesourao-Cabo-Simples tablepress-responsive\">\n<thead>\n<tr class=\"row-1\">\n\t<td class=\"column-1\"><\/td><th class=\"column-2\">  Refer\u00eancias<\/th><th class=\"column-3\">Caracter\u00edstica<\/th><td class=\"column-4\"><\/td><td class=\"column-5\"><\/td>\n<\/tr>\n<\/thead>\n<tbody class=\"row-striping row-hover\">\n<tr class=\"row-2\">\n\t<td class=\"column-1\"><img decoding=\"async\" src=\"https:\/\/www.ritzbrasil.com\/wp-content\/uploads\/2024\/08\/flv19245-1-tesourao-cabo-simples-150x150-1.jpg\" \/><\/td><td class=\"column-2\">FLV19245-1<\/td><td class=\"column-3\"> Dimens\u00f5es \u00d8 38 mm, comprimento total 0,84 m<\/td><td class=\"column-4\">    <button class=\"add-to-budget\" data-table-id=\"Tesourao-Cabo-Simples\" data-reference=\"FLV19245-1\" data-description=\"Tesour\u00e3o com Cabo Simples\" style=\"color:#ff4d00;\">\n        <img decoding=\"async\" src=\"https:\/\/www.ritzbrasil.com\/\/wp-content\/uploads\/2024\/07\/orcar-compras-tabela-new-1.png\" alt=\"Request quote\" title=\"Request quote\" \/>\n    <\/button>\n    <\/td><td class=\"column-5\"><a href=\"https:\/\/lojasritz.com.br\/catalogsearch\/result\/?q=FLV19245-1\" target=\"_blank\" rel=\"noopener\"><img decoding=\"async\" src=\"https:\/\/www.ritzbrasil.com\/wp-content\/uploads\/2024\/07\/carrinho-compras-tabela.png\"  \/><\/a><\/td>\n<\/tr>\n<\/tbody>\n<\/table>\n<\/div>\n[\/vc_column_text][vc_column_text css=&#8221;&#8221;]Developed for cutting 556 MCM ACSR aluminum cables with a diameter of up to \u00d8 23.5 mm. Designed for cuts that require less effort, this equipment is exclusively intended for interventions using the contact working method.[\/vc_column_text][vc_separator border_width=&#8221;2&#8243; css=&#8221;&#8221;][\/vc_column][\/vc_row][vc_row][vc_column][vc_column_text css=&#8221;.vc_custom_1724154792668{margin-top: 20px !important;}&#8221;]<\/p>\n<h4><span style=\"color: #ff9900;\"><strong>Lever-operated scissors<\/strong><\/span><\/h4>\n<p>[\/vc_column_text][vc_column_text css=&#8221;.vc_custom_1724245644464{margin-top: -20px !important;}&#8221;]\n<div id=\"tablepress-Tesourao-Acionamento-Alavanca-scroll-wrapper\" class=\"tablepress-scroll-wrapper\">\n<table id=\"tablepress-Tesourao-Acionamento-Alavanca\" class=\"tablepress tablepress-id-Tesourao-Acionamento-Alavanca tablepress-responsive\">\n<thead>\n<tr class=\"row-1\">\n\t<td class=\"column-1\"><\/td><th class=\"column-2\">  Refer\u00eancias<\/th><th class=\"column-3\">Caracter\u00edstica<\/th><td class=\"column-4\"><\/td><td class=\"column-5\"><\/td>\n<\/tr>\n<\/thead>\n<tbody class=\"row-striping row-hover\">\n<tr class=\"row-2\">\n\t<td class=\"column-1\"><img decoding=\"async\" src=\"https:\/\/www.ritzbrasil.com\/wp-content\/uploads\/2024\/08\/rh1871-4-tesourao-acionamento-alavanca-150x150-1.jpg\" \/><\/td><td class=\"column-2\">RH1871-4<\/td><td class=\"column-3\">Dimens\u00f5es \u00d8 32 mm, comprimento total 1,45 m. Para bitolas de cabos at\u00e9 1\/0 CAA (ACSR) \u00d8 10,11 mm<\/td><td class=\"column-4\">    <button class=\"add-to-budget\" data-table-id=\"Tesourao-Acionamento-Alavanca\" data-reference=\"RH1871-4\" data-description=\"Tesour\u00e3o com Acionamento por Alavanca\" style=\"color:#ff4d00;\">\n        <img decoding=\"async\" src=\"https:\/\/www.ritzbrasil.com\/\/wp-content\/uploads\/2024\/07\/orcar-compras-tabela-new-1.png\" alt=\"Request quote\" title=\"Request quote\" \/>\n    <\/button>\n    <\/td><td class=\"column-5\"><a href=\"https:\/\/lojasritz.com.br\/catalogsearch\/result\/?q=RH1871-4\" target=\"_blank\" rel=\"noopener\"><img decoding=\"async\" src=\"https:\/\/www.ritzbrasil.com\/wp-content\/uploads\/2024\/07\/carrinho-compras-tabela.png\"  \/><\/a><\/td>\n<\/tr>\n<tr class=\"row-3\">\n\t<td class=\"column-1\"><img decoding=\"async\" src=\"https:\/\/www.ritzbrasil.com\/wp-content\/uploads\/2024\/08\/rh1871-4-tesourao-acionamento-alavanca-150x150-1.jpg\" \/><\/td><td class=\"column-2\">RH1871-6<\/td><td class=\"column-3\">Dimens\u00f5es \u00d8 32 mm, comprimento total 2,00 m. Para bitolas de cabos at\u00e9 1\/0 CAA (ACSR) \u00d8 10,11 mm<\/td><td class=\"column-4\">    <button class=\"add-to-budget\" data-table-id=\"Tesourao-Acionamento-Alavanca\" data-reference=\"RH1871-6\" data-description=\"Tesour\u00e3o com Acionamento por Alavanca\" style=\"color:#ff4d00;\">\n        <img decoding=\"async\" src=\"https:\/\/www.ritzbrasil.com\/\/wp-content\/uploads\/2024\/07\/orcar-compras-tabela-new-1.png\" alt=\"Request quote\" title=\"Request quote\" \/>\n    <\/button>\n    <\/td><td class=\"column-5\"><a href=\"https:\/\/lojasritz.com.br\/catalogsearch\/result\/?q=RH1871-6\" target=\"_blank\" rel=\"noopener\"><img decoding=\"async\" src=\"https:\/\/www.ritzbrasil.com\/wp-content\/uploads\/2024\/07\/carrinho-compras-tabela.png\"  \/><\/a><\/td>\n<\/tr>\n<tr class=\"row-4\">\n\t<td class=\"column-1\"><img decoding=\"async\" src=\"https:\/\/www.ritzbrasil.com\/wp-content\/uploads\/2024\/08\/rh1871-4-tesourao-acionamento-alavanca-150x150-1.jpg\" \/><\/td><td class=\"column-2\">RH1873-4<\/td><td class=\"column-3\">Dimens\u00f5es \u00d8 38 mm, comprimento total 1,45 m. Para bitolas de cabos at\u00e9 4\/0 CAA \u00d8 14,31 mm<\/td><td class=\"column-4\">    <button class=\"add-to-budget\" data-table-id=\"Tesourao-Acionamento-Alavanca\" data-reference=\"RH1873-4\" data-description=\"Tesour\u00e3o com Acionamento por Alavanca\" style=\"color:#ff4d00;\">\n        <img decoding=\"async\" src=\"https:\/\/www.ritzbrasil.com\/\/wp-content\/uploads\/2024\/07\/orcar-compras-tabela-new-1.png\" alt=\"Request quote\" title=\"Request quote\" \/>\n    <\/button>\n    <\/td><td class=\"column-5\"><a href=\"https:\/\/lojasritz.com.br\/catalogsearch\/result\/?q=RH1873-4\" target=\"_blank\" rel=\"noopener\"><img decoding=\"async\" src=\"https:\/\/www.ritzbrasil.com\/wp-content\/uploads\/2024\/07\/carrinho-compras-tabela.png\"  \/><\/a><\/td>\n<\/tr>\n<tr class=\"row-5\">\n\t<td class=\"column-1\"><img decoding=\"async\" src=\"https:\/\/www.ritzbrasil.com\/wp-content\/uploads\/2024\/08\/rh1871-4-tesourao-acionamento-alavanca-150x150-1.jpg\" \/><\/td><td class=\"column-2\">RH1873-6<\/td><td class=\"column-3\">Dimens\u00f5es \u00d8 38 mm, comprimento total 2,00 m. Para bitolas de cabos at\u00e9 4\/0 CAA \u00d8 14,31 mm<\/td><td class=\"column-4\">    <button class=\"add-to-budget\" data-table-id=\"Tesourao-Acionamento-Alavanca\" data-reference=\"RH1873-6\" data-description=\"Tesour\u00e3o com Acionamento por Alavanca\" style=\"color:#ff4d00;\">\n        <img decoding=\"async\" src=\"https:\/\/www.ritzbrasil.com\/\/wp-content\/uploads\/2024\/07\/orcar-compras-tabela-new-1.png\" alt=\"Request quote\" title=\"Request quote\" \/>\n    <\/button>\n    <\/td><td class=\"column-5\"><a href=\"https:\/\/lojasritz.com.br\/catalogsearch\/result\/?q=RH1873-6\" target=\"_blank\" rel=\"noopener\"><img decoding=\"async\" src=\"https:\/\/www.ritzbrasil.com\/wp-content\/uploads\/2024\/07\/carrinho-compras-tabela.png\"  \/><\/a><\/td>\n<\/tr>\n<tr class=\"row-6\">\n\t<td class=\"column-1\"><img decoding=\"async\" src=\"https:\/\/www.ritzbrasil.com\/wp-content\/uploads\/2024\/08\/rh1871-4-tesourao-acionamento-alavanca-150x150-1.jpg\" \/><\/td><td class=\"column-2\">RH1875-4<\/td><td class=\"column-3\">Dimens\u00f5es \u00d8 38 mm, comprimento total 1,45 m. Para bitolas de cabos at\u00e9 336,8 MCM CAA \u00d8 18,83 mm<\/td><td class=\"column-4\">    <button class=\"add-to-budget\" data-table-id=\"Tesourao-Acionamento-Alavanca\" data-reference=\"RH1875-4\" data-description=\"Tesour\u00e3o com Acionamento por Alavanca\" style=\"color:#ff4d00;\">\n        <img decoding=\"async\" src=\"https:\/\/www.ritzbrasil.com\/\/wp-content\/uploads\/2024\/07\/orcar-compras-tabela-new-1.png\" alt=\"Request quote\" title=\"Request quote\" \/>\n    <\/button>\n    <\/td><td class=\"column-5\"><a href=\"https:\/\/lojasritz.com.br\/catalogsearch\/result\/?q=RH1875-4\" target=\"_blank\" rel=\"noopener\"><img decoding=\"async\" src=\"https:\/\/www.ritzbrasil.com\/wp-content\/uploads\/2024\/07\/carrinho-compras-tabela.png\"  \/><\/a><\/td>\n<\/tr>\n<tr class=\"row-7\">\n\t<td class=\"column-1\"><img decoding=\"async\" src=\"https:\/\/www.ritzbrasil.com\/wp-content\/uploads\/2024\/08\/rh1871-4-tesourao-acionamento-alavanca-150x150-1.jpg\" \/><\/td><td class=\"column-2\">RH1875-6<\/td><td class=\"column-3\">Dimens\u00f5es \u00d8 38 mm, comprimento total 2,00 m. Para bitolas de cabos at\u00e9 336,8 MCM CAA \u00d8 18,83 mm<\/td><td class=\"column-4\">    <button class=\"add-to-budget\" data-table-id=\"Tesourao-Acionamento-Alavanca\" data-reference=\"RH1875-6\" data-description=\"Tesour\u00e3o com Acionamento por Alavanca\" style=\"color:#ff4d00;\">\n        <img decoding=\"async\" src=\"https:\/\/www.ritzbrasil.com\/\/wp-content\/uploads\/2024\/07\/orcar-compras-tabela-new-1.png\" alt=\"Request quote\" title=\"Request quote\" \/>\n    <\/button>\n    <\/td><td class=\"column-5\"><a href=\"https:\/\/lojasritz.com.br\/catalogsearch\/result\/?q=RH1875-6\" target=\"_blank\" rel=\"noopener\"><img decoding=\"async\" src=\"https:\/\/www.ritzbrasil.com\/wp-content\/uploads\/2024\/07\/carrinho-compras-tabela.png\"  \/><\/a><\/td>\n<\/tr>\n<\/tbody>\n<\/table>\n<\/div>\n[\/vc_column_text][vc_column_text css=&#8221;&#8221;]Designed for precise cutting of aluminum CAA, CA and copper cables. Its plastic-coated handle features a fiberglass-reinforced rod that drives the blades, providing the operator with additional mechanical force when cutting conductors.[\/vc_column_text][vc_separator border_width=&#8221;2&#8243; css=&#8221;&#8221;][\/vc_column][\/vc_row][vc_row][vc_column][vc_column_text css=&#8221;.vc_custom_1724154939245{margin-top: 20px !important;}&#8221;]<\/p>\n<h4><span style=\"color: #ff9900;\"><strong>Ratchet Scissors<\/strong><\/span><\/h4>\n<p>[\/vc_column_text][vc_column_text css=&#8221;.vc_custom_1724247052533{margin-top: -20px !important;}&#8221;]\n<div id=\"tablepress-Tesourao-Catraca-scroll-wrapper\" class=\"tablepress-scroll-wrapper\">\n<table id=\"tablepress-Tesourao-Catraca\" class=\"tablepress tablepress-id-Tesourao-Catraca tablepress-responsive\">\n<thead>\n<tr class=\"row-1\">\n\t<td class=\"column-1\"><\/td><th class=\"column-2\">  Refer\u00eancias<\/th><th class=\"column-3\">Caracter\u00edstica<\/th><td class=\"column-4\"><\/td><td class=\"column-5\"><\/td>\n<\/tr>\n<\/thead>\n<tbody class=\"row-striping row-hover\">\n<tr class=\"row-2\">\n\t<td class=\"column-1\"><img decoding=\"async\" src=\"https:\/\/www.ritzbrasil.com\/wp-content\/uploads\/2024\/08\/rc403-1382-tesourao-catraca-150x150-1.jpg\" \/><\/td><td class=\"column-2\">RC403-1382<\/td><td class=\"column-3\">Dimens\u00f5es \u00d8 38 mm, comprimento total 1,97 m<\/td><td class=\"column-4\">    <button class=\"add-to-budget\" data-table-id=\"TTesourao-Catraca\" data-reference=\"RC403-1382\" data-description=\"Tesour\u00e3o com Catraca\" style=\"color:#ff4d00;\">\n        <img decoding=\"async\" src=\"https:\/\/www.ritzbrasil.com\/\/wp-content\/uploads\/2024\/07\/orcar-compras-tabela-new-1.png\" alt=\"Request quote\" title=\"Request quote\" \/>\n    <\/button>\n    <\/td><td class=\"column-5\"><a href=\"https:\/\/lojasritz.com.br\/catalogsearch\/result\/?q=RC403-1382\" target=\"_blank\" rel=\"noopener\"><img decoding=\"async\" src=\"https:\/\/www.ritzbrasil.com\/wp-content\/uploads\/2024\/07\/carrinho-compras-tabela.png\"  \/><\/a><\/td>\n<\/tr>\n<tr class=\"row-3\">\n\t<td class=\"column-1\"><img decoding=\"async\" src=\"https:\/\/www.ritzbrasil.com\/wp-content\/uploads\/2024\/08\/rc403-1382-tesourao-catraca-150x150-1.jpg\" \/><\/td><td class=\"column-2\">RC403-1384<\/td><td class=\"column-3\">Dimens\u00f5es \u00d8 38 mm, comprimento total 2,58 m<\/td><td class=\"column-4\">    <button class=\"add-to-budget\" data-table-id=\"TTesourao-Catraca\" data-reference=\"RC403-1384\" data-description=\"Tesour\u00e3o com Catraca\" style=\"color:#ff4d00;\">\n        <img decoding=\"async\" src=\"https:\/\/www.ritzbrasil.com\/\/wp-content\/uploads\/2024\/07\/orcar-compras-tabela-new-1.png\" alt=\"Request quote\" title=\"Request quote\" \/>\n    <\/button>\n    <\/td><td class=\"column-5\"><a href=\"https:\/\/lojasritz.com.br\/catalogsearch\/result\/?q=RC403-1384\" target=\"_blank\" rel=\"noopener\"><img decoding=\"async\" src=\"https:\/\/www.ritzbrasil.com\/wp-content\/uploads\/2024\/07\/carrinho-compras-tabela.png\"  \/><\/a><\/td>\n<\/tr>\n<\/tbody>\n<\/table>\n<\/div>\n[\/vc_column_text][vc_column_text css=&#8221;&#8221;]Designed for cutting CAA and CA aluminum cables, the Ratchet Shear offers the ability to cut larger gauge cables, such as 556 MCM CAA \u00d823.5 mm. The structure of these shears, equipped with a plastic caster system, guarantees a smooth drive when sliding over the RITZGLAS\u00ae tube. The articulation of the reinforced fiberglass tie rods also contributes to smooth and effective operation.[\/vc_column_text][vc_separator border_width=&#8221;2&#8243; css=&#8221;&#8221;][\/vc_column][\/vc_row]<\/p>\n<\/div>","protected":false},"excerpt":{"rendered":"<p>The Ritz Scissors models are made with RITZGLAS\u00ae insulated tubing, providing safety for the electrician during cuts. The blades are forged from special steel and properly tempered, resulting in greater performance and incomparable durability.<\/p>\n","protected":false},"featured_media":57670,"template":"","meta":[],"product_brand":[],"product_cat":[2277],"product_tag":[3881,3882,3889,3890,3883,3884,3885,3886,3887,3888,3880],"class_list":{"0":"post-61383","1":"product","2":"type-product","3":"status-publish","4":"has-post-thumbnail","6":"product_cat-hand-sticks-maneuvering-sticks-and-universal-tools","7":"product_tag-flv02818-2-en","8":"product_tag-flv19245-1-en","9":"product_tag-rc403-1382-en","10":"product_tag-rc403-1384-en","11":"product_tag-rh1871-4-en","12":"product_tag-rh1871-6-en","13":"product_tag-rh1873-4-en","14":"product_tag-rh1873-6-en","15":"product_tag-rh1875-4-en","16":"product_tag-rh1875-6-en","17":"product_tag-scissors","18":"description-off","20":"first","21":"instock","22":"virtual","23":"product-type-simple"},"yoast_head":"<!-- This site is optimized with the Yoast SEO plugin v27.1.1 - https:\/\/yoast.com\/product\/yoast-seo-wordpress\/ -->\n<title>Scissors<\/title>\n<meta name=\"description\" content=\"Ritz shears are made from RITZGLAS\u00ae insulated tubing, providing safety for the electrician during cuts.\" \/>\n<meta name=\"robots\" content=\"index, follow, max-snippet:-1, max-image-preview:large, max-video-preview:-1\" \/>\n<link rel=\"canonical\" href=\"https:\/\/www.ritzbrasil.com\/en\/produtos\/hand-sticks-maneuvering-sticks-and-universal-tools\/scissors\/\" \/>\n<meta property=\"og:locale\" content=\"en_US\" \/>\n<meta property=\"og:type\" content=\"article\" \/>\n<meta property=\"og:title\" content=\"Scissors\" \/>\n<meta property=\"og:description\" content=\"Ritz shears are made from RITZGLAS\u00ae insulated tubing, providing safety for the electrician during cuts.\" \/>\n<meta property=\"og:url\" content=\"https:\/\/www.ritzbrasil.com\/en\/produtos\/hand-sticks-maneuvering-sticks-and-universal-tools\/scissors\/\" \/>\n<meta property=\"og:site_name\" content=\"Equipamentos de Manuten\u00e7\u00e3o e Seguran\u00e7a para o Setor El\u00e9trico - Ritz Brasil\" \/>\n<meta property=\"article:modified_time\" content=\"2026-02-25T18:59:19+00:00\" \/>\n<meta property=\"og:image\" content=\"https:\/\/www.ritzbrasil.com\/wp-content\/uploads\/2024\/08\/flv02818-2-tesourao-cabo-articulado.jpg\" \/>\n\t<meta property=\"og:image:width\" content=\"1200\" \/>\n\t<meta property=\"og:image:height\" content=\"1200\" \/>\n\t<meta property=\"og:image:type\" content=\"image\/jpeg\" \/>\n<meta name=\"twitter:card\" content=\"summary_large_image\" \/>\n<meta name=\"twitter:label1\" content=\"Est. reading time\" \/>\n\t<meta name=\"twitter:data1\" content=\"2 minutes\" \/>\n<script type=\"application\/ld+json\" class=\"yoast-schema-graph\">{\"@context\":\"https:\/\/schema.org\",\"@graph\":[{\"@type\":\"WebPage\",\"@id\":\"https:\/\/www.ritzbrasil.com\/en\/produtos\/hand-sticks-maneuvering-sticks-and-universal-tools\/scissors\/\",\"url\":\"https:\/\/www.ritzbrasil.com\/en\/produtos\/hand-sticks-maneuvering-sticks-and-universal-tools\/scissors\/\",\"name\":\"Scissors\",\"isPartOf\":{\"@id\":\"https:\/\/www.ritzbrasil.com\/en\/#website\"},\"primaryImageOfPage\":{\"@id\":\"https:\/\/www.ritzbrasil.com\/en\/produtos\/hand-sticks-maneuvering-sticks-and-universal-tools\/scissors\/#primaryimage\"},\"image\":{\"@id\":\"https:\/\/www.ritzbrasil.com\/en\/produtos\/hand-sticks-maneuvering-sticks-and-universal-tools\/scissors\/#primaryimage\"},\"thumbnailUrl\":\"https:\/\/www.ritzbrasil.com\/wp-content\/uploads\/2024\/08\/flv02818-2-tesourao-cabo-articulado.jpg\",\"datePublished\":\"2024-08-20T11:34:04+00:00\",\"dateModified\":\"2026-02-25T18:59:19+00:00\",\"description\":\"Ritz shears are made from RITZGLAS\u00ae insulated tubing, providing safety for the electrician during cuts.\",\"breadcrumb\":{\"@id\":\"https:\/\/www.ritzbrasil.com\/en\/produtos\/hand-sticks-maneuvering-sticks-and-universal-tools\/scissors\/#breadcrumb\"},\"inLanguage\":\"en-US\",\"potentialAction\":[{\"@type\":\"ReadAction\",\"target\":[\"https:\/\/www.ritzbrasil.com\/en\/produtos\/hand-sticks-maneuvering-sticks-and-universal-tools\/scissors\/\"]}]},{\"@type\":\"ImageObject\",\"inLanguage\":\"en-US\",\"@id\":\"https:\/\/www.ritzbrasil.com\/en\/produtos\/hand-sticks-maneuvering-sticks-and-universal-tools\/scissors\/#primaryimage\",\"url\":\"https:\/\/www.ritzbrasil.com\/wp-content\/uploads\/2024\/08\/flv02818-2-tesourao-cabo-articulado.jpg\",\"contentUrl\":\"https:\/\/www.ritzbrasil.com\/wp-content\/uploads\/2024\/08\/flv02818-2-tesourao-cabo-articulado.jpg\",\"width\":1200,\"height\":1200,\"caption\":\"FLV02818-2 Scissors with Articulated Handle\"},{\"@type\":\"BreadcrumbList\",\"@id\":\"https:\/\/www.ritzbrasil.com\/en\/produtos\/hand-sticks-maneuvering-sticks-and-universal-tools\/scissors\/#breadcrumb\",\"itemListElement\":[{\"@type\":\"ListItem\",\"position\":1,\"name\":\"In\u00edcio\",\"item\":\"https:\/\/www.ritzbrasil.com\/en\/\"},{\"@type\":\"ListItem\",\"position\":2,\"name\":\"Shop\",\"item\":\"https:\/\/www.ritzbrasil.com\/en\/shop\/\"},{\"@type\":\"ListItem\",\"position\":3,\"name\":\"Scissors\"}]},{\"@type\":\"WebSite\",\"@id\":\"https:\/\/www.ritzbrasil.com\/en\/#website\",\"url\":\"https:\/\/www.ritzbrasil.com\/en\/\",\"name\":\"Equipamentos de Manuten\u00e7\u00e3o e Seguran\u00e7a para o Setor El\u00e9trico - Ritz Brasil\",\"description\":\"\",\"potentialAction\":[{\"@type\":\"SearchAction\",\"target\":{\"@type\":\"EntryPoint\",\"urlTemplate\":\"https:\/\/www.ritzbrasil.com\/en\/?s={search_term_string}\"},\"query-input\":{\"@type\":\"PropertyValueSpecification\",\"valueRequired\":true,\"valueName\":\"search_term_string\"}}],\"inLanguage\":\"en-US\"}]}<\/script>\n<!-- \/ Yoast SEO plugin. -->","yoast_head_json":{"title":"Scissors","description":"Ritz shears are made from RITZGLAS\u00ae insulated tubing, providing safety for the electrician during cuts.","robots":{"index":"index","follow":"follow","max-snippet":"max-snippet:-1","max-image-preview":"max-image-preview:large","max-video-preview":"max-video-preview:-1"},"canonical":"https:\/\/www.ritzbrasil.com\/en\/produtos\/hand-sticks-maneuvering-sticks-and-universal-tools\/scissors\/","og_locale":"en_US","og_type":"article","og_title":"Scissors","og_description":"Ritz shears are made from RITZGLAS\u00ae insulated tubing, providing safety for the electrician during cuts.","og_url":"https:\/\/www.ritzbrasil.com\/en\/produtos\/hand-sticks-maneuvering-sticks-and-universal-tools\/scissors\/","og_site_name":"Equipamentos de Manuten\u00e7\u00e3o e Seguran\u00e7a para o Setor El\u00e9trico - Ritz Brasil","article_modified_time":"2026-02-25T18:59:19+00:00","og_image":[{"width":1200,"height":1200,"url":"https:\/\/www.ritzbrasil.com\/wp-content\/uploads\/2024\/08\/flv02818-2-tesourao-cabo-articulado.jpg","type":"image\/jpeg"}],"twitter_card":"summary_large_image","twitter_misc":{"Est. reading time":"2 minutes"},"schema":{"@context":"https:\/\/schema.org","@graph":[{"@type":"WebPage","@id":"https:\/\/www.ritzbrasil.com\/en\/produtos\/hand-sticks-maneuvering-sticks-and-universal-tools\/scissors\/","url":"https:\/\/www.ritzbrasil.com\/en\/produtos\/hand-sticks-maneuvering-sticks-and-universal-tools\/scissors\/","name":"Scissors","isPartOf":{"@id":"https:\/\/www.ritzbrasil.com\/en\/#website"},"primaryImageOfPage":{"@id":"https:\/\/www.ritzbrasil.com\/en\/produtos\/hand-sticks-maneuvering-sticks-and-universal-tools\/scissors\/#primaryimage"},"image":{"@id":"https:\/\/www.ritzbrasil.com\/en\/produtos\/hand-sticks-maneuvering-sticks-and-universal-tools\/scissors\/#primaryimage"},"thumbnailUrl":"https:\/\/www.ritzbrasil.com\/wp-content\/uploads\/2024\/08\/flv02818-2-tesourao-cabo-articulado.jpg","datePublished":"2024-08-20T11:34:04+00:00","dateModified":"2026-02-25T18:59:19+00:00","description":"Ritz shears are made from RITZGLAS\u00ae insulated tubing, providing safety for the electrician during cuts.","breadcrumb":{"@id":"https:\/\/www.ritzbrasil.com\/en\/produtos\/hand-sticks-maneuvering-sticks-and-universal-tools\/scissors\/#breadcrumb"},"inLanguage":"en-US","potentialAction":[{"@type":"ReadAction","target":["https:\/\/www.ritzbrasil.com\/en\/produtos\/hand-sticks-maneuvering-sticks-and-universal-tools\/scissors\/"]}]},{"@type":"ImageObject","inLanguage":"en-US","@id":"https:\/\/www.ritzbrasil.com\/en\/produtos\/hand-sticks-maneuvering-sticks-and-universal-tools\/scissors\/#primaryimage","url":"https:\/\/www.ritzbrasil.com\/wp-content\/uploads\/2024\/08\/flv02818-2-tesourao-cabo-articulado.jpg","contentUrl":"https:\/\/www.ritzbrasil.com\/wp-content\/uploads\/2024\/08\/flv02818-2-tesourao-cabo-articulado.jpg","width":1200,"height":1200,"caption":"FLV02818-2 Scissors with Articulated Handle"},{"@type":"BreadcrumbList","@id":"https:\/\/www.ritzbrasil.com\/en\/produtos\/hand-sticks-maneuvering-sticks-and-universal-tools\/scissors\/#breadcrumb","itemListElement":[{"@type":"ListItem","position":1,"name":"In\u00edcio","item":"https:\/\/www.ritzbrasil.com\/en\/"},{"@type":"ListItem","position":2,"name":"Shop","item":"https:\/\/www.ritzbrasil.com\/en\/shop\/"},{"@type":"ListItem","position":3,"name":"Scissors"}]},{"@type":"WebSite","@id":"https:\/\/www.ritzbrasil.com\/en\/#website","url":"https:\/\/www.ritzbrasil.com\/en\/","name":"Equipamentos de Manuten\u00e7\u00e3o e Seguran\u00e7a para o Setor El\u00e9trico - Ritz Brasil","description":"","potentialAction":[{"@type":"SearchAction","target":{"@type":"EntryPoint","urlTemplate":"https:\/\/www.ritzbrasil.com\/en\/?s={search_term_string}"},"query-input":{"@type":"PropertyValueSpecification","valueRequired":true,"valueName":"search_term_string"}}],"inLanguage":"en-US"}]}},"_links":{"self":[{"href":"https:\/\/www.ritzbrasil.com\/en\/wp-json\/wp\/v2\/product\/61383","targetHints":{"allow":["GET"]}}],"collection":[{"href":"https:\/\/www.ritzbrasil.com\/en\/wp-json\/wp\/v2\/product"}],"about":[{"href":"https:\/\/www.ritzbrasil.com\/en\/wp-json\/wp\/v2\/types\/product"}],"wp:featuredmedia":[{"embeddable":true,"href":"https:\/\/www.ritzbrasil.com\/en\/wp-json\/wp\/v2\/media\/57670"}],"wp:attachment":[{"href":"https:\/\/www.ritzbrasil.com\/en\/wp-json\/wp\/v2\/media?parent=61383"}],"wp:term":[{"taxonomy":"product_brand","embeddable":true,"href":"https:\/\/www.ritzbrasil.com\/en\/wp-json\/wp\/v2\/product_brand?post=61383"},{"taxonomy":"product_cat","embeddable":true,"href":"https:\/\/www.ritzbrasil.com\/en\/wp-json\/wp\/v2\/product_cat?post=61383"},{"taxonomy":"product_tag","embeddable":true,"href":"https:\/\/www.ritzbrasil.com\/en\/wp-json\/wp\/v2\/product_tag?post=61383"}],"curies":[{"name":"wp","href":"https:\/\/api.w.org\/{rel}","templated":true}]}}