{"id":61371,"date":"2024-08-14T15:30:38","date_gmt":"2024-08-14T18:30:38","guid":{"rendered":"https:\/\/www.ritzbrasil.com\/produtos\/uncategorized\/stick-with-multi-angle-socket\/"},"modified":"2026-02-25T15:59:44","modified_gmt":"2026-02-25T18:59:44","slug":"stick-with-multi-angle-socket","status":"publish","type":"product","link":"https:\/\/www.ritzbrasil.com\/en\/produtos\/hand-sticks-maneuvering-sticks-and-universal-tools\/stick-with-multi-angle-socket\/","title":{"rendered":"Stick with Multi-Angle Socket"},"content":{"rendered":"<div class=\"wpb-content-wrapper\"><p>[vc_row][vc_column][vc_column_text css=&#8221;.vc_custom_1723660399742{margin-top: 20px !important;}&#8221;]<\/p>\n<h4><span style=\"color: #ff9900;\"><strong>Stick with Multi-Angle Socket<\/strong><\/span><\/h4>\n<p>[\/vc_column_text][vc_column_text css=&#8221;.vc_custom_1723811855226{margin-top: -20px !important;}&#8221;]\n<div id=\"tablepress-Bastao-Soquete-Multi-Angular-scroll-wrapper\" class=\"tablepress-scroll-wrapper\">\n<table id=\"tablepress-Bastao-Soquete-Multi-Angular\" class=\"tablepress tablepress-id-Bastao-Soquete-Multi-Angular tablepress-responsive\">\n<thead>\n<tr class=\"row-1\">\n\t<td class=\"column-1\"><\/td><th class=\"column-2\">  Refer\u00eancias<\/th><th class=\"column-3\">Caracter\u00edstica<\/th><td class=\"column-4\"><\/td><td class=\"column-5\"><\/td>\n<\/tr>\n<\/thead>\n<tbody class=\"row-striping row-hover\">\n<tr class=\"row-2\">\n\t<td class=\"column-1\"><img decoding=\"async\" src=\"https:\/\/www.ritzbrasil.com\/wp-content\/uploads\/2024\/08\/rc403-0184-bastao-soquete-multi-angular-150x150-1.jpg\" \/><\/td><td class=\"column-2\">RC403-0184<\/td><td class=\"column-3\">Bast\u00e3o com soquete multi-angular permite \u00d8 38 mm, comprimento total 1,83 m<\/td><td class=\"column-4\">    <button class=\"add-to-budget\" data-table-id=\"Bastao-Soquete-Multi-Angular\" data-reference=\"RC403-0184\" data-description=\"Bast\u00e3o com Soquete Multi-Angular\" style=\"color:#ff4d00;\">\n        <img decoding=\"async\" src=\"https:\/\/www.ritzbrasil.com\/\/wp-content\/uploads\/2024\/07\/orcar-compras-tabela-new-1.png\" alt=\"Request quote\" title=\"Request quote\" \/>\n    <\/button>\n    <\/td><td class=\"column-5\"><a href=\"https:\/\/lojasritz.com.br\/catalogsearch\/result\/?q=RC403-0184\" target=\"_blank\" rel=\"noopener\"><img decoding=\"async\" src=\"https:\/\/www.ritzbrasil.com\/wp-content\/uploads\/2024\/07\/carrinho-compras-tabela.png\"  \/><\/a><\/td>\n<\/tr>\n<tr class=\"row-3\">\n\t<td class=\"column-1\"><img decoding=\"async\" src=\"https:\/\/www.ritzbrasil.com\/wp-content\/uploads\/2024\/08\/rc403-0184-bastao-soquete-multi-angular-150x150-1.jpg\" \/><\/td><td class=\"column-2\">RC403-0185<\/td><td class=\"column-3\">Bast\u00e3o com soquete multi-angular permite \u00d8 38 mm, comprimento total 2,44 m<\/td><td class=\"column-4\">    <button class=\"add-to-budget\" data-table-id=\"Bastao-Soquete-Multi-Angular\" data-reference=\"RC403-0185\" data-description=\"Bast\u00e3o com Soquete Multi-Angular\" style=\"color:#ff4d00;\">\n        <img decoding=\"async\" src=\"https:\/\/www.ritzbrasil.com\/\/wp-content\/uploads\/2024\/07\/orcar-compras-tabela-new-1.png\" alt=\"Request quote\" title=\"Request quote\" \/>\n    <\/button>\n    <\/td><td class=\"column-5\"><a href=\"https:\/\/lojasritz.com.br\/catalogsearch\/result\/?q=RC403-0185\" target=\"_blank\" rel=\"noopener\"><img decoding=\"async\" src=\"https:\/\/www.ritzbrasil.com\/wp-content\/uploads\/2024\/07\/carrinho-compras-tabela.png\"  \/><\/a><\/td>\n<\/tr>\n<tr class=\"row-4\">\n\t<td class=\"column-1\"><img decoding=\"async\" src=\"https:\/\/www.ritzbrasil.com\/wp-content\/uploads\/2024\/08\/rc403-0184-bastao-soquete-multi-angular-150x150-1.jpg\" \/><\/td><td class=\"column-2\">RC403-0186<\/td><td class=\"column-3\">Bast\u00e3o com soquete multi-angular permite \u00d8 38 mm, comprimento total 3,05 m<\/td><td class=\"column-4\">    <button class=\"add-to-budget\" data-table-id=\"Bastao-Soquete-Multi-Angular\" data-reference=\"RC403-0186\" data-description=\"Bast\u00e3o com Soquete Multi-Angular\" style=\"color:#ff4d00;\">\n        <img decoding=\"async\" src=\"https:\/\/www.ritzbrasil.com\/\/wp-content\/uploads\/2024\/07\/orcar-compras-tabela-new-1.png\" alt=\"Request quote\" title=\"Request quote\" \/>\n    <\/button>\n    <\/td><td class=\"column-5\"><a href=\"https:\/\/lojasritz.com.br\/catalogsearch\/result\/?q=RC403-0186\" target=\"_blank\" rel=\"noopener\"><img decoding=\"async\" src=\"https:\/\/www.ritzbrasil.com\/wp-content\/uploads\/2024\/07\/carrinho-compras-tabela.png\"  \/><\/a><\/td>\n<\/tr>\n<tr class=\"row-5\">\n\t<td class=\"column-1\"><img decoding=\"async\" src=\"https:\/\/www.ritzbrasil.com\/wp-content\/uploads\/2024\/08\/rc403-0184-bastao-soquete-multi-angular-150x150-1.jpg\" \/><\/td><td class=\"column-2\">FLV01121-4<\/td><td class=\"column-3\">Bast\u00e3o com soquete multi-angular permite \u00d8 38 mm, comprimento total 3,67 m<\/td><td class=\"column-4\">    <button class=\"add-to-budget\" data-table-id=\"Bastao-Soquete-Multi-Angular\" data-reference=\"FLV01121-4\" data-description=\"Bast\u00e3o com Soquete Multi-Angular\" style=\"color:#ff4d00;\">\n        <img decoding=\"async\" src=\"https:\/\/www.ritzbrasil.com\/\/wp-content\/uploads\/2024\/07\/orcar-compras-tabela-new-1.png\" alt=\"Request quote\" title=\"Request quote\" \/>\n    <\/button>\n    <\/td><td class=\"column-5\"><a href=\"https:\/\/lojasritz.com.br\/catalogsearch\/result\/?q=FLV01121-4\" target=\"_blank\" rel=\"noopener\"><img decoding=\"async\" src=\"https:\/\/www.ritzbrasil.com\/wp-content\/uploads\/2024\/07\/carrinho-compras-tabela.png\"  \/><\/a><\/td>\n<\/tr>\n<\/tbody>\n<\/table>\n<\/div>\n[\/vc_column_text][vc_separator border_width=&#8221;2&#8243; css=&#8221;&#8221;][\/vc_column][\/vc_row]<\/p>\n<\/div>","protected":false},"excerpt":{"rendered":"<p>The articulated gear mechanism of the insulating pole with multi-angle socket allows the electrician to adjust the appropriate angle for socket placement and nut position when working on<br \/>\ninstallations energized by the remote method.<\/p>\n<p>The fiberglass rod installed parallel to the tube and affixed to the handle is responsible for stabilizing the gear head, keeping it aligned even as the stick rotates.<\/p>\n<p>Complementing the gear is the 1\/2&#8243; square socket, responsible for connecting to the sockets that will operate the nuts.<\/p>\n<p>The gear angle can be pre-adjusted to a variation of up to 140\u00b0 in relation to the stick by means of the two butterfly nuts on the headstock.<\/p>\n<p>The gear housing head is made of bronze alloy and the gears are made of special heat-treated steel. This versatile set of fittings is installed in the RITZGLAS\u00ae tube to guarantee the<br \/>\nsafety distance and the necessary insulation.<\/p>\n<p><strong>WARNING<\/strong><br \/>\nThis rod is mechanically dimensioned for nut adjustment only, with a maximum torque of 2.0 daN.m (15 ft-lb).<br \/>\nIt must be tightened to the appropriate torque using the rod with a flexible socket.<\/p>\n","protected":false},"featured_media":57358,"template":"","meta":[],"product_brand":[],"product_cat":[2277],"product_tag":[3750,3747,3748,3749,3746],"class_list":{"0":"post-61371","1":"product","2":"type-product","3":"status-publish","4":"has-post-thumbnail","6":"product_cat-hand-sticks-maneuvering-sticks-and-universal-tools","7":"product_tag-flv01121-4-en","8":"product_tag-rc403-0184-en","9":"product_tag-rc403-0185-en","10":"product_tag-rc403-0186-en","11":"product_tag-stick-with-multi-angle-socket","12":"description-off","14":"first","15":"instock","16":"virtual","17":"product-type-simple"},"yoast_head":"<!-- This site is optimized with the Yoast SEO plugin v27.1.1 - https:\/\/yoast.com\/product\/yoast-seo-wordpress\/ -->\n<title>Stick with Multi-Angle Socket<\/title>\n<meta name=\"description\" content=\"The insulating stick with multi-angle socket allows the electrician to adjust the ideal angle for placing sockets and nuts in energized installations.\" \/>\n<meta name=\"robots\" content=\"index, follow, max-snippet:-1, max-image-preview:large, max-video-preview:-1\" \/>\n<link rel=\"canonical\" href=\"https:\/\/www.ritzbrasil.com\/en\/produtos\/hand-sticks-maneuvering-sticks-and-universal-tools\/stick-with-multi-angle-socket\/\" \/>\n<meta property=\"og:locale\" content=\"en_US\" \/>\n<meta property=\"og:type\" content=\"article\" \/>\n<meta property=\"og:title\" content=\"Stick with Multi-Angle Socket\" \/>\n<meta property=\"og:description\" content=\"The insulating stick with multi-angle socket allows the electrician to adjust the ideal angle for placing sockets and nuts in energized installations.\" \/>\n<meta property=\"og:url\" content=\"https:\/\/www.ritzbrasil.com\/en\/produtos\/hand-sticks-maneuvering-sticks-and-universal-tools\/stick-with-multi-angle-socket\/\" \/>\n<meta property=\"og:site_name\" content=\"Equipamentos de Manuten\u00e7\u00e3o e Seguran\u00e7a para o Setor El\u00e9trico - Ritz Brasil\" \/>\n<meta property=\"article:modified_time\" content=\"2026-02-25T18:59:44+00:00\" \/>\n<meta property=\"og:image\" content=\"https:\/\/www.ritzbrasil.com\/wp-content\/uploads\/2024\/08\/rc403-0184-bastao-soquete-multi-angular.jpg\" \/>\n\t<meta property=\"og:image:width\" content=\"1200\" \/>\n\t<meta property=\"og:image:height\" content=\"1200\" \/>\n\t<meta property=\"og:image:type\" content=\"image\/jpeg\" \/>\n<meta name=\"twitter:card\" content=\"summary_large_image\" \/>\n<meta name=\"twitter:label1\" content=\"Est. reading time\" \/>\n\t<meta name=\"twitter:data1\" content=\"1 minute\" \/>\n<script type=\"application\/ld+json\" class=\"yoast-schema-graph\">{\"@context\":\"https:\/\/schema.org\",\"@graph\":[{\"@type\":\"WebPage\",\"@id\":\"https:\/\/www.ritzbrasil.com\/en\/produtos\/hand-sticks-maneuvering-sticks-and-universal-tools\/stick-with-multi-angle-socket\/\",\"url\":\"https:\/\/www.ritzbrasil.com\/en\/produtos\/hand-sticks-maneuvering-sticks-and-universal-tools\/stick-with-multi-angle-socket\/\",\"name\":\"Stick with Multi-Angle Socket\",\"isPartOf\":{\"@id\":\"https:\/\/www.ritzbrasil.com\/en\/#website\"},\"primaryImageOfPage\":{\"@id\":\"https:\/\/www.ritzbrasil.com\/en\/produtos\/hand-sticks-maneuvering-sticks-and-universal-tools\/stick-with-multi-angle-socket\/#primaryimage\"},\"image\":{\"@id\":\"https:\/\/www.ritzbrasil.com\/en\/produtos\/hand-sticks-maneuvering-sticks-and-universal-tools\/stick-with-multi-angle-socket\/#primaryimage\"},\"thumbnailUrl\":\"https:\/\/www.ritzbrasil.com\/wp-content\/uploads\/2024\/08\/rc403-0184-bastao-soquete-multi-angular.jpg\",\"datePublished\":\"2024-08-14T18:30:38+00:00\",\"dateModified\":\"2026-02-25T18:59:44+00:00\",\"description\":\"The insulating stick with multi-angle socket allows the electrician to adjust the ideal angle for placing sockets and nuts in energized installations.\",\"breadcrumb\":{\"@id\":\"https:\/\/www.ritzbrasil.com\/en\/produtos\/hand-sticks-maneuvering-sticks-and-universal-tools\/stick-with-multi-angle-socket\/#breadcrumb\"},\"inLanguage\":\"en-US\",\"potentialAction\":[{\"@type\":\"ReadAction\",\"target\":[\"https:\/\/www.ritzbrasil.com\/en\/produtos\/hand-sticks-maneuvering-sticks-and-universal-tools\/stick-with-multi-angle-socket\/\"]}]},{\"@type\":\"ImageObject\",\"inLanguage\":\"en-US\",\"@id\":\"https:\/\/www.ritzbrasil.com\/en\/produtos\/hand-sticks-maneuvering-sticks-and-universal-tools\/stick-with-multi-angle-socket\/#primaryimage\",\"url\":\"https:\/\/www.ritzbrasil.com\/wp-content\/uploads\/2024\/08\/rc403-0184-bastao-soquete-multi-angular.jpg\",\"contentUrl\":\"https:\/\/www.ritzbrasil.com\/wp-content\/uploads\/2024\/08\/rc403-0184-bastao-soquete-multi-angular.jpg\",\"width\":1200,\"height\":1200,\"caption\":\"RC403-0184 Stick with Multi-Angle Socket\"},{\"@type\":\"BreadcrumbList\",\"@id\":\"https:\/\/www.ritzbrasil.com\/en\/produtos\/hand-sticks-maneuvering-sticks-and-universal-tools\/stick-with-multi-angle-socket\/#breadcrumb\",\"itemListElement\":[{\"@type\":\"ListItem\",\"position\":1,\"name\":\"In\u00edcio\",\"item\":\"https:\/\/www.ritzbrasil.com\/en\/\"},{\"@type\":\"ListItem\",\"position\":2,\"name\":\"Shop\",\"item\":\"https:\/\/www.ritzbrasil.com\/en\/shop\/\"},{\"@type\":\"ListItem\",\"position\":3,\"name\":\"Stick with Multi-Angle Socket\"}]},{\"@type\":\"WebSite\",\"@id\":\"https:\/\/www.ritzbrasil.com\/en\/#website\",\"url\":\"https:\/\/www.ritzbrasil.com\/en\/\",\"name\":\"Equipamentos de Manuten\u00e7\u00e3o e Seguran\u00e7a para o Setor El\u00e9trico - Ritz Brasil\",\"description\":\"\",\"potentialAction\":[{\"@type\":\"SearchAction\",\"target\":{\"@type\":\"EntryPoint\",\"urlTemplate\":\"https:\/\/www.ritzbrasil.com\/en\/?s={search_term_string}\"},\"query-input\":{\"@type\":\"PropertyValueSpecification\",\"valueRequired\":true,\"valueName\":\"search_term_string\"}}],\"inLanguage\":\"en-US\"}]}<\/script>\n<!-- \/ Yoast SEO plugin. -->","yoast_head_json":{"title":"Stick with Multi-Angle Socket","description":"The insulating stick with multi-angle socket allows the electrician to adjust the ideal angle for placing sockets and nuts in energized installations.","robots":{"index":"index","follow":"follow","max-snippet":"max-snippet:-1","max-image-preview":"max-image-preview:large","max-video-preview":"max-video-preview:-1"},"canonical":"https:\/\/www.ritzbrasil.com\/en\/produtos\/hand-sticks-maneuvering-sticks-and-universal-tools\/stick-with-multi-angle-socket\/","og_locale":"en_US","og_type":"article","og_title":"Stick with Multi-Angle Socket","og_description":"The insulating stick with multi-angle socket allows the electrician to adjust the ideal angle for placing sockets and nuts in energized installations.","og_url":"https:\/\/www.ritzbrasil.com\/en\/produtos\/hand-sticks-maneuvering-sticks-and-universal-tools\/stick-with-multi-angle-socket\/","og_site_name":"Equipamentos de Manuten\u00e7\u00e3o e Seguran\u00e7a para o Setor El\u00e9trico - Ritz Brasil","article_modified_time":"2026-02-25T18:59:44+00:00","og_image":[{"width":1200,"height":1200,"url":"https:\/\/www.ritzbrasil.com\/wp-content\/uploads\/2024\/08\/rc403-0184-bastao-soquete-multi-angular.jpg","type":"image\/jpeg"}],"twitter_card":"summary_large_image","twitter_misc":{"Est. reading time":"1 minute"},"schema":{"@context":"https:\/\/schema.org","@graph":[{"@type":"WebPage","@id":"https:\/\/www.ritzbrasil.com\/en\/produtos\/hand-sticks-maneuvering-sticks-and-universal-tools\/stick-with-multi-angle-socket\/","url":"https:\/\/www.ritzbrasil.com\/en\/produtos\/hand-sticks-maneuvering-sticks-and-universal-tools\/stick-with-multi-angle-socket\/","name":"Stick with Multi-Angle Socket","isPartOf":{"@id":"https:\/\/www.ritzbrasil.com\/en\/#website"},"primaryImageOfPage":{"@id":"https:\/\/www.ritzbrasil.com\/en\/produtos\/hand-sticks-maneuvering-sticks-and-universal-tools\/stick-with-multi-angle-socket\/#primaryimage"},"image":{"@id":"https:\/\/www.ritzbrasil.com\/en\/produtos\/hand-sticks-maneuvering-sticks-and-universal-tools\/stick-with-multi-angle-socket\/#primaryimage"},"thumbnailUrl":"https:\/\/www.ritzbrasil.com\/wp-content\/uploads\/2024\/08\/rc403-0184-bastao-soquete-multi-angular.jpg","datePublished":"2024-08-14T18:30:38+00:00","dateModified":"2026-02-25T18:59:44+00:00","description":"The insulating stick with multi-angle socket allows the electrician to adjust the ideal angle for placing sockets and nuts in energized installations.","breadcrumb":{"@id":"https:\/\/www.ritzbrasil.com\/en\/produtos\/hand-sticks-maneuvering-sticks-and-universal-tools\/stick-with-multi-angle-socket\/#breadcrumb"},"inLanguage":"en-US","potentialAction":[{"@type":"ReadAction","target":["https:\/\/www.ritzbrasil.com\/en\/produtos\/hand-sticks-maneuvering-sticks-and-universal-tools\/stick-with-multi-angle-socket\/"]}]},{"@type":"ImageObject","inLanguage":"en-US","@id":"https:\/\/www.ritzbrasil.com\/en\/produtos\/hand-sticks-maneuvering-sticks-and-universal-tools\/stick-with-multi-angle-socket\/#primaryimage","url":"https:\/\/www.ritzbrasil.com\/wp-content\/uploads\/2024\/08\/rc403-0184-bastao-soquete-multi-angular.jpg","contentUrl":"https:\/\/www.ritzbrasil.com\/wp-content\/uploads\/2024\/08\/rc403-0184-bastao-soquete-multi-angular.jpg","width":1200,"height":1200,"caption":"RC403-0184 Stick with Multi-Angle Socket"},{"@type":"BreadcrumbList","@id":"https:\/\/www.ritzbrasil.com\/en\/produtos\/hand-sticks-maneuvering-sticks-and-universal-tools\/stick-with-multi-angle-socket\/#breadcrumb","itemListElement":[{"@type":"ListItem","position":1,"name":"In\u00edcio","item":"https:\/\/www.ritzbrasil.com\/en\/"},{"@type":"ListItem","position":2,"name":"Shop","item":"https:\/\/www.ritzbrasil.com\/en\/shop\/"},{"@type":"ListItem","position":3,"name":"Stick with Multi-Angle Socket"}]},{"@type":"WebSite","@id":"https:\/\/www.ritzbrasil.com\/en\/#website","url":"https:\/\/www.ritzbrasil.com\/en\/","name":"Equipamentos de Manuten\u00e7\u00e3o e Seguran\u00e7a para o Setor El\u00e9trico - Ritz Brasil","description":"","potentialAction":[{"@type":"SearchAction","target":{"@type":"EntryPoint","urlTemplate":"https:\/\/www.ritzbrasil.com\/en\/?s={search_term_string}"},"query-input":{"@type":"PropertyValueSpecification","valueRequired":true,"valueName":"search_term_string"}}],"inLanguage":"en-US"}]}},"_links":{"self":[{"href":"https:\/\/www.ritzbrasil.com\/en\/wp-json\/wp\/v2\/product\/61371","targetHints":{"allow":["GET"]}}],"collection":[{"href":"https:\/\/www.ritzbrasil.com\/en\/wp-json\/wp\/v2\/product"}],"about":[{"href":"https:\/\/www.ritzbrasil.com\/en\/wp-json\/wp\/v2\/types\/product"}],"wp:featuredmedia":[{"embeddable":true,"href":"https:\/\/www.ritzbrasil.com\/en\/wp-json\/wp\/v2\/media\/57358"}],"wp:attachment":[{"href":"https:\/\/www.ritzbrasil.com\/en\/wp-json\/wp\/v2\/media?parent=61371"}],"wp:term":[{"taxonomy":"product_brand","embeddable":true,"href":"https:\/\/www.ritzbrasil.com\/en\/wp-json\/wp\/v2\/product_brand?post=61371"},{"taxonomy":"product_cat","embeddable":true,"href":"https:\/\/www.ritzbrasil.com\/en\/wp-json\/wp\/v2\/product_cat?post=61371"},{"taxonomy":"product_tag","embeddable":true,"href":"https:\/\/www.ritzbrasil.com\/en\/wp-json\/wp\/v2\/product_tag?post=61371"}],"curies":[{"name":"wp","href":"https:\/\/api.w.org\/{rel}","templated":true}]}}