{"id":61364,"date":"2024-08-21T14:48:03","date_gmt":"2024-08-21T17:48:03","guid":{"rendered":"https:\/\/www.ritzbrasil.com\/produtos\/uncategorized\/auxiliary-pole-positioning-stick\/"},"modified":"2026-02-25T15:58:45","modified_gmt":"2026-02-25T18:58:45","slug":"auxiliary-pole-positioning-stick","status":"publish","type":"product","link":"https:\/\/www.ritzbrasil.com\/en\/produtos\/hand-sticks-maneuvering-sticks-and-universal-tools\/auxiliary-pole-positioning-stick\/","title":{"rendered":"Auxiliary Pole Positioning Stick"},"content":{"rendered":"<div class=\"wpb-content-wrapper\"><p>[vc_row][vc_column][vc_column_text css=&#8221;.vc_custom_1724263269883{margin-top: 20px !important;}&#8221;]<\/p>\n<h4><span style=\"color: #ff9900;\"><strong>Auxiliary Pole Positioning Stick<\/strong><\/span><\/h4>\n<p>[\/vc_column_text][vc_column_text css=&#8221;.vc_custom_1724334103714{margin-top: -20px !important;}&#8221;]\n<div id=\"tablepress-FLV30841-1-scroll-wrapper\" class=\"tablepress-scroll-wrapper\">\n<table id=\"tablepress-FLV30841-1\" class=\"tablepress tablepress-id-FLV30841-1 tablepress-responsive\">\n<thead>\n<tr class=\"row-1\">\n\t<td class=\"column-1\"><\/td><th class=\"column-2\">  Refer\u00eancias<\/th><th class=\"column-3\">Caracter\u00edstica<\/th><td class=\"column-4\"><\/td><td class=\"column-5\"><\/td>\n<\/tr>\n<\/thead>\n<tbody class=\"row-striping row-hover\">\n<tr class=\"row-2\">\n\t<td class=\"column-1\"><img decoding=\"async\" src=\"https:\/\/www.ritzbrasil.com\/wp-content\/uploads\/2024\/08\/flv30841-bastao-auxiliar-posicionamento-poste-150x150-1.jpg\" \/><\/td><td class=\"column-2\">FLV30841-1<\/td><td class=\"column-3\">Comprimento total 1,70 m para posicionamento de postes com \u00d8 de 250 a 300 mm<\/td><td class=\"column-4\">    <button class=\"add-to-budget\" data-table-id=\"FLV30841-1\" data-reference=\"FLV30841-1\" data-description=\"Bast\u00e3o Auxiliar para Posicionamento de Poste\" style=\"color:#ff4d00;\">\n        <img decoding=\"async\" src=\"https:\/\/www.ritzbrasil.com\/\/wp-content\/uploads\/2024\/07\/orcar-compras-tabela-new-1.png\" alt=\"Request quote\" title=\"Request quote\" \/>\n    <\/button>\n    <\/td><td class=\"column-5\"><a href=\"https:\/\/lojasritz.com.br\/catalogsearch\/result\/?q=FLV30841-1\" target=\"_blank\" rel=\"noopener\"><img decoding=\"async\" src=\"https:\/\/www.ritzbrasil.com\/wp-content\/uploads\/2024\/07\/carrinho-compras-tabela.png\"  \/><\/a><\/td>\n<\/tr>\n<\/tbody>\n<\/table>\n<\/div>\n[\/vc_column_text][vc_column_text css=&#8221;&#8221;]With a swivel drive rod, fixed threaded head, movable head and support shoe, this model makes it possible to reposition the tool efficiently and without additional effort.[\/vc_column_text][\/vc_column][\/vc_row][vc_row][vc_column][vc_separator border_width=&#8221;2&#8243; css=&#8221;&#8221;][vc_column_text css=&#8221;.vc_custom_1724334334768{margin-top: -20px !important;}&#8221;]\n<div id=\"tablepress-FLV31428-scroll-wrapper\" class=\"tablepress-scroll-wrapper\">\n<table id=\"tablepress-FLV31428\" class=\"tablepress tablepress-id-FLV31428 tablepress-responsive\">\n<thead>\n<tr class=\"row-1\">\n\t<td class=\"column-1\"><\/td><th class=\"column-2\">  Refer\u00eancias<\/th><th class=\"column-3\">Caracter\u00edstica<\/th><td class=\"column-4\"><\/td><td class=\"column-5\"><\/td>\n<\/tr>\n<\/thead>\n<tbody class=\"row-striping row-hover\">\n<tr class=\"row-2\">\n\t<td class=\"column-1\"><img decoding=\"async\" src=\"https:\/\/www.ritzbrasil.com\/wp-content\/uploads\/2024\/08\/FLV31428-bastao-auxiliar-posicionamento-poste-150x150-1.jpg\" \/><\/td><td class=\"column-2\">FLV31428-1<\/td><td class=\"column-3\">Comprimento total 1,66 m para posicionamento de postes com \u00d8 de 250 a 350 mm<\/td><td class=\"column-4\">    <button class=\"add-to-budget\" data-table-id=\"FLV31428\" data-reference=\"FLV31428-1\" data-description=\"Bast\u00e3o Auxiliar para Posicionamento de Poste\" style=\"color:#ff4d00;\">\n        <img decoding=\"async\" src=\"https:\/\/www.ritzbrasil.com\/\/wp-content\/uploads\/2024\/07\/orcar-compras-tabela-new-1.png\" alt=\"Request quote\" title=\"Request quote\" \/>\n    <\/button>\n    <\/td><td class=\"column-5\"><a href=\"https:\/\/lojasritz.com.br\/catalogsearch\/result\/?q=FLV31428-1\" target=\"_blank\" rel=\"noopener\"><img decoding=\"async\" src=\"https:\/\/www.ritzbrasil.com\/wp-content\/uploads\/2024\/07\/carrinho-compras-tabela.png\"  \/><\/a><\/td>\n<\/tr>\n<tr class=\"row-3\">\n\t<td class=\"column-1\"><img decoding=\"async\" src=\"https:\/\/www.ritzbrasil.com\/wp-content\/uploads\/2024\/08\/FLV31428-bastao-auxiliar-posicionamento-poste-150x150-1.jpg\" \/><\/td><td class=\"column-2\">FLV31428-2<\/td><td class=\"column-3\">Comprimento total 1,83 m para posicionamento de postes com \u00d8 de 250 a 350 mm<\/td><td class=\"column-4\">    <button class=\"add-to-budget\" data-table-id=\"FLV31428\" data-reference=\"FLV31428-2\" data-description=\"Bast\u00e3o Auxiliar para Posicionamento de Poste\" style=\"color:#ff4d00;\">\n        <img decoding=\"async\" src=\"https:\/\/www.ritzbrasil.com\/\/wp-content\/uploads\/2024\/07\/orcar-compras-tabela-new-1.png\" alt=\"Request quote\" title=\"Request quote\" \/>\n    <\/button>\n    <\/td><td class=\"column-5\"><a href=\"https:\/\/lojasritz.com.br\/catalogsearch\/result\/?q=FLV31428-2\" target=\"_blank\" rel=\"noopener\"><img decoding=\"async\" src=\"https:\/\/www.ritzbrasil.com\/wp-content\/uploads\/2024\/07\/carrinho-compras-tabela.png\"  \/><\/a><\/td>\n<\/tr>\n<\/tbody>\n<\/table>\n<\/div>\n[\/vc_column_text][vc_column_text css=&#8221;&#8221;]Composed of an articulated head and an articulated support shoe, this version is specially designed for sloping terrain. The articulation of the shoe allows electricians to position themselves safely, while the articulation system smooths out movements, making work easier.[\/vc_column_text][\/vc_column][\/vc_row]<\/p>\n<\/div>","protected":false},"excerpt":{"rendered":"<p>Tool to ensure the safety of electricians when installing and removing poles. Made from RITZGLAS\u00ae insulated tube (\u00d8 32 mm), this pole is designed to keep professionals away from any risk<br \/>\nof electric shock, keeping them safe at all times.<\/p>\n<p>Equipped with a non-slip grip to ensure safe handling, the Auxiliary Pole Positioning Stick comes with a ratchet-activated polyester strap with protector that allows it to be firmly attached to the pole structure.<\/p>\n","protected":false},"featured_media":57738,"template":"","meta":[],"product_brand":[],"product_cat":[2277],"product_tag":[3719,3720,3721,3722],"class_list":{"0":"post-61364","1":"product","2":"type-product","3":"status-publish","4":"has-post-thumbnail","6":"product_cat-hand-sticks-maneuvering-sticks-and-universal-tools","7":"product_tag-auxiliary-pole-positioning-stick","8":"product_tag-flv30841-1-en","9":"product_tag-flv31428-1-en","10":"product_tag-flv31428-2-en","11":"description-off","13":"first","14":"instock","15":"virtual","16":"product-type-simple"},"yoast_head":"<!-- This site is optimized with the Yoast SEO plugin v27.1.1 - https:\/\/yoast.com\/product\/yoast-seo-wordpress\/ -->\n<title>Auxiliary Pole Positioning Stick<\/title>\n<meta name=\"description\" content=\"Safety tool for electricians installing and removing poles, made from RITZGLAS\u00ae insulating tube to protect against electric shock.\" \/>\n<meta name=\"robots\" content=\"index, follow, max-snippet:-1, max-image-preview:large, max-video-preview:-1\" \/>\n<link rel=\"canonical\" href=\"https:\/\/www.ritzbrasil.com\/en\/produtos\/hand-sticks-maneuvering-sticks-and-universal-tools\/auxiliary-pole-positioning-stick\/\" \/>\n<meta property=\"og:locale\" content=\"en_US\" \/>\n<meta property=\"og:type\" content=\"article\" \/>\n<meta property=\"og:title\" content=\"Auxiliary Pole Positioning Stick\" \/>\n<meta property=\"og:description\" content=\"Safety tool for electricians installing and removing poles, made from RITZGLAS\u00ae insulating tube to protect against electric shock.\" \/>\n<meta property=\"og:url\" content=\"https:\/\/www.ritzbrasil.com\/en\/produtos\/hand-sticks-maneuvering-sticks-and-universal-tools\/auxiliary-pole-positioning-stick\/\" \/>\n<meta property=\"og:site_name\" content=\"Equipamentos de Manuten\u00e7\u00e3o e Seguran\u00e7a para o Setor El\u00e9trico - Ritz Brasil\" \/>\n<meta property=\"article:modified_time\" content=\"2026-02-25T18:58:45+00:00\" \/>\n<meta property=\"og:image\" content=\"https:\/\/www.ritzbrasil.com\/wp-content\/uploads\/2024\/08\/flv30841-bastao-auxiliar-posicionamento-poste.jpg\" \/>\n\t<meta property=\"og:image:width\" content=\"1200\" \/>\n\t<meta property=\"og:image:height\" content=\"1200\" \/>\n\t<meta property=\"og:image:type\" content=\"image\/jpeg\" \/>\n<meta name=\"twitter:card\" content=\"summary_large_image\" \/>\n<meta name=\"twitter:label1\" content=\"Est. reading time\" \/>\n\t<meta name=\"twitter:data1\" content=\"1 minute\" \/>\n<script type=\"application\/ld+json\" class=\"yoast-schema-graph\">{\"@context\":\"https:\/\/schema.org\",\"@graph\":[{\"@type\":\"WebPage\",\"@id\":\"https:\/\/www.ritzbrasil.com\/en\/produtos\/hand-sticks-maneuvering-sticks-and-universal-tools\/auxiliary-pole-positioning-stick\/\",\"url\":\"https:\/\/www.ritzbrasil.com\/en\/produtos\/hand-sticks-maneuvering-sticks-and-universal-tools\/auxiliary-pole-positioning-stick\/\",\"name\":\"Auxiliary Pole Positioning Stick\",\"isPartOf\":{\"@id\":\"https:\/\/www.ritzbrasil.com\/en\/#website\"},\"primaryImageOfPage\":{\"@id\":\"https:\/\/www.ritzbrasil.com\/en\/produtos\/hand-sticks-maneuvering-sticks-and-universal-tools\/auxiliary-pole-positioning-stick\/#primaryimage\"},\"image\":{\"@id\":\"https:\/\/www.ritzbrasil.com\/en\/produtos\/hand-sticks-maneuvering-sticks-and-universal-tools\/auxiliary-pole-positioning-stick\/#primaryimage\"},\"thumbnailUrl\":\"https:\/\/www.ritzbrasil.com\/wp-content\/uploads\/2024\/08\/flv30841-bastao-auxiliar-posicionamento-poste.jpg\",\"datePublished\":\"2024-08-21T17:48:03+00:00\",\"dateModified\":\"2026-02-25T18:58:45+00:00\",\"description\":\"Safety tool for electricians installing and removing poles, made from RITZGLAS\u00ae insulating tube to protect against electric shock.\",\"breadcrumb\":{\"@id\":\"https:\/\/www.ritzbrasil.com\/en\/produtos\/hand-sticks-maneuvering-sticks-and-universal-tools\/auxiliary-pole-positioning-stick\/#breadcrumb\"},\"inLanguage\":\"en-US\",\"potentialAction\":[{\"@type\":\"ReadAction\",\"target\":[\"https:\/\/www.ritzbrasil.com\/en\/produtos\/hand-sticks-maneuvering-sticks-and-universal-tools\/auxiliary-pole-positioning-stick\/\"]}]},{\"@type\":\"ImageObject\",\"inLanguage\":\"en-US\",\"@id\":\"https:\/\/www.ritzbrasil.com\/en\/produtos\/hand-sticks-maneuvering-sticks-and-universal-tools\/auxiliary-pole-positioning-stick\/#primaryimage\",\"url\":\"https:\/\/www.ritzbrasil.com\/wp-content\/uploads\/2024\/08\/flv30841-bastao-auxiliar-posicionamento-poste.jpg\",\"contentUrl\":\"https:\/\/www.ritzbrasil.com\/wp-content\/uploads\/2024\/08\/flv30841-bastao-auxiliar-posicionamento-poste.jpg\",\"width\":1200,\"height\":1200,\"caption\":\"FLV30841 Auxiliary Pole Positioning Stick\"},{\"@type\":\"BreadcrumbList\",\"@id\":\"https:\/\/www.ritzbrasil.com\/en\/produtos\/hand-sticks-maneuvering-sticks-and-universal-tools\/auxiliary-pole-positioning-stick\/#breadcrumb\",\"itemListElement\":[{\"@type\":\"ListItem\",\"position\":1,\"name\":\"In\u00edcio\",\"item\":\"https:\/\/www.ritzbrasil.com\/en\/\"},{\"@type\":\"ListItem\",\"position\":2,\"name\":\"Shop\",\"item\":\"https:\/\/www.ritzbrasil.com\/en\/shop\/\"},{\"@type\":\"ListItem\",\"position\":3,\"name\":\"Auxiliary Pole Positioning Stick\"}]},{\"@type\":\"WebSite\",\"@id\":\"https:\/\/www.ritzbrasil.com\/en\/#website\",\"url\":\"https:\/\/www.ritzbrasil.com\/en\/\",\"name\":\"Equipamentos de Manuten\u00e7\u00e3o e Seguran\u00e7a para o Setor El\u00e9trico - Ritz Brasil\",\"description\":\"\",\"potentialAction\":[{\"@type\":\"SearchAction\",\"target\":{\"@type\":\"EntryPoint\",\"urlTemplate\":\"https:\/\/www.ritzbrasil.com\/en\/?s={search_term_string}\"},\"query-input\":{\"@type\":\"PropertyValueSpecification\",\"valueRequired\":true,\"valueName\":\"search_term_string\"}}],\"inLanguage\":\"en-US\"}]}<\/script>\n<!-- \/ Yoast SEO plugin. -->","yoast_head_json":{"title":"Auxiliary Pole Positioning Stick","description":"Safety tool for electricians installing and removing poles, made from RITZGLAS\u00ae insulating tube to protect against electric shock.","robots":{"index":"index","follow":"follow","max-snippet":"max-snippet:-1","max-image-preview":"max-image-preview:large","max-video-preview":"max-video-preview:-1"},"canonical":"https:\/\/www.ritzbrasil.com\/en\/produtos\/hand-sticks-maneuvering-sticks-and-universal-tools\/auxiliary-pole-positioning-stick\/","og_locale":"en_US","og_type":"article","og_title":"Auxiliary Pole Positioning Stick","og_description":"Safety tool for electricians installing and removing poles, made from RITZGLAS\u00ae insulating tube to protect against electric shock.","og_url":"https:\/\/www.ritzbrasil.com\/en\/produtos\/hand-sticks-maneuvering-sticks-and-universal-tools\/auxiliary-pole-positioning-stick\/","og_site_name":"Equipamentos de Manuten\u00e7\u00e3o e Seguran\u00e7a para o Setor El\u00e9trico - Ritz Brasil","article_modified_time":"2026-02-25T18:58:45+00:00","og_image":[{"width":1200,"height":1200,"url":"https:\/\/www.ritzbrasil.com\/wp-content\/uploads\/2024\/08\/flv30841-bastao-auxiliar-posicionamento-poste.jpg","type":"image\/jpeg"}],"twitter_card":"summary_large_image","twitter_misc":{"Est. reading time":"1 minute"},"schema":{"@context":"https:\/\/schema.org","@graph":[{"@type":"WebPage","@id":"https:\/\/www.ritzbrasil.com\/en\/produtos\/hand-sticks-maneuvering-sticks-and-universal-tools\/auxiliary-pole-positioning-stick\/","url":"https:\/\/www.ritzbrasil.com\/en\/produtos\/hand-sticks-maneuvering-sticks-and-universal-tools\/auxiliary-pole-positioning-stick\/","name":"Auxiliary Pole Positioning Stick","isPartOf":{"@id":"https:\/\/www.ritzbrasil.com\/en\/#website"},"primaryImageOfPage":{"@id":"https:\/\/www.ritzbrasil.com\/en\/produtos\/hand-sticks-maneuvering-sticks-and-universal-tools\/auxiliary-pole-positioning-stick\/#primaryimage"},"image":{"@id":"https:\/\/www.ritzbrasil.com\/en\/produtos\/hand-sticks-maneuvering-sticks-and-universal-tools\/auxiliary-pole-positioning-stick\/#primaryimage"},"thumbnailUrl":"https:\/\/www.ritzbrasil.com\/wp-content\/uploads\/2024\/08\/flv30841-bastao-auxiliar-posicionamento-poste.jpg","datePublished":"2024-08-21T17:48:03+00:00","dateModified":"2026-02-25T18:58:45+00:00","description":"Safety tool for electricians installing and removing poles, made from RITZGLAS\u00ae insulating tube to protect against electric shock.","breadcrumb":{"@id":"https:\/\/www.ritzbrasil.com\/en\/produtos\/hand-sticks-maneuvering-sticks-and-universal-tools\/auxiliary-pole-positioning-stick\/#breadcrumb"},"inLanguage":"en-US","potentialAction":[{"@type":"ReadAction","target":["https:\/\/www.ritzbrasil.com\/en\/produtos\/hand-sticks-maneuvering-sticks-and-universal-tools\/auxiliary-pole-positioning-stick\/"]}]},{"@type":"ImageObject","inLanguage":"en-US","@id":"https:\/\/www.ritzbrasil.com\/en\/produtos\/hand-sticks-maneuvering-sticks-and-universal-tools\/auxiliary-pole-positioning-stick\/#primaryimage","url":"https:\/\/www.ritzbrasil.com\/wp-content\/uploads\/2024\/08\/flv30841-bastao-auxiliar-posicionamento-poste.jpg","contentUrl":"https:\/\/www.ritzbrasil.com\/wp-content\/uploads\/2024\/08\/flv30841-bastao-auxiliar-posicionamento-poste.jpg","width":1200,"height":1200,"caption":"FLV30841 Auxiliary Pole Positioning Stick"},{"@type":"BreadcrumbList","@id":"https:\/\/www.ritzbrasil.com\/en\/produtos\/hand-sticks-maneuvering-sticks-and-universal-tools\/auxiliary-pole-positioning-stick\/#breadcrumb","itemListElement":[{"@type":"ListItem","position":1,"name":"In\u00edcio","item":"https:\/\/www.ritzbrasil.com\/en\/"},{"@type":"ListItem","position":2,"name":"Shop","item":"https:\/\/www.ritzbrasil.com\/en\/shop\/"},{"@type":"ListItem","position":3,"name":"Auxiliary Pole Positioning Stick"}]},{"@type":"WebSite","@id":"https:\/\/www.ritzbrasil.com\/en\/#website","url":"https:\/\/www.ritzbrasil.com\/en\/","name":"Equipamentos de Manuten\u00e7\u00e3o e Seguran\u00e7a para o Setor El\u00e9trico - Ritz Brasil","description":"","potentialAction":[{"@type":"SearchAction","target":{"@type":"EntryPoint","urlTemplate":"https:\/\/www.ritzbrasil.com\/en\/?s={search_term_string}"},"query-input":{"@type":"PropertyValueSpecification","valueRequired":true,"valueName":"search_term_string"}}],"inLanguage":"en-US"}]}},"_links":{"self":[{"href":"https:\/\/www.ritzbrasil.com\/en\/wp-json\/wp\/v2\/product\/61364","targetHints":{"allow":["GET"]}}],"collection":[{"href":"https:\/\/www.ritzbrasil.com\/en\/wp-json\/wp\/v2\/product"}],"about":[{"href":"https:\/\/www.ritzbrasil.com\/en\/wp-json\/wp\/v2\/types\/product"}],"wp:featuredmedia":[{"embeddable":true,"href":"https:\/\/www.ritzbrasil.com\/en\/wp-json\/wp\/v2\/media\/57738"}],"wp:attachment":[{"href":"https:\/\/www.ritzbrasil.com\/en\/wp-json\/wp\/v2\/media?parent=61364"}],"wp:term":[{"taxonomy":"product_brand","embeddable":true,"href":"https:\/\/www.ritzbrasil.com\/en\/wp-json\/wp\/v2\/product_brand?post=61364"},{"taxonomy":"product_cat","embeddable":true,"href":"https:\/\/www.ritzbrasil.com\/en\/wp-json\/wp\/v2\/product_cat?post=61364"},{"taxonomy":"product_tag","embeddable":true,"href":"https:\/\/www.ritzbrasil.com\/en\/wp-json\/wp\/v2\/product_tag?post=61364"}],"curies":[{"name":"wp","href":"https:\/\/api.w.org\/{rel}","templated":true}]}}