{"id":61355,"date":"2024-08-27T14:39:41","date_gmt":"2024-08-27T17:39:41","guid":{"rendered":"https:\/\/www.ritzbrasil.com\/produtos\/uncategorized\/grounding-cable\/"},"modified":"2026-02-25T15:56:56","modified_gmt":"2026-02-25T18:56:56","slug":"grounding-cable","status":"publish","type":"product","link":"https:\/\/www.ritzbrasil.com\/en\/produtos\/temporary-grounding\/grounding-cable\/","title":{"rendered":"Grounding cable"},"content":{"rendered":"<div class=\"wpb-content-wrapper\"><p>[vc_row][vc_column][vc_column_text css=&#8221;.vc_custom_1724788179957{margin-top: 20px !important;}&#8221;]<\/p>\n<h4><span style=\"color: #ff9900;\"><strong>Copper Grounding Cable<\/strong><\/span><\/h4>\n<p>[\/vc_column_text][vc_column_text css=&#8221;.vc_custom_1724788429412{margin-top: -20px !important;}&#8221;]\n<div id=\"tablepress-Cabo-Aterramento-Cobre-scroll-wrapper\" class=\"tablepress-scroll-wrapper\">\n<table id=\"tablepress-Cabo-Aterramento-Cobre\" class=\"tablepress tablepress-id-Cabo-Aterramento-Cobre tablepress-responsive\">\n<thead>\n<tr class=\"row-1\">\n\t<td class=\"column-1\"><\/td><th class=\"column-2\">  Refer\u00eancias<\/th><th class=\"column-3\">Caracter\u00edstica<\/th><td class=\"column-4\"><\/td><td class=\"column-5\"><\/td>\n<\/tr>\n<\/thead>\n<tbody class=\"row-striping row-hover\">\n<tr class=\"row-2\">\n\t<td class=\"column-1\"><img decoding=\"async\" src=\"https:\/\/www.ritzbrasil.com\/wp-content\/uploads\/2024\/08\/cabo-de-cobre-150x150-1.jpg\" \/><\/td><td class=\"column-2\">CTC-25<\/td><td class=\"column-3\">Cabo de cobre extra flex\u00edvel, se\u00e7\u00e3o nominal de 25 mm\u00b2 , com isolamento em PVC transparente.<br \/>\n- Capacidade de corrente de curto-circuito (Icc) em 60 ciclos (1 s): 5 kA sim\u00e9tricos<br \/>\n- Corrente nominal: 150 A<br \/>\n- Resist\u00eancia el\u00e9trica m\u00e1xima a 20\u00b0C: 0,795 ohm\/km<\/td><td class=\"column-4\">    <button class=\"add-to-budget\" data-table-id=\"Cabo-Aterramento-Cobre\" data-reference=\"CTC-25\" data-description=\"Cabo de Cobre para Aterramento\" style=\"color:#ff4d00;\">\n        <img decoding=\"async\" src=\"https:\/\/www.ritzbrasil.com\/\/wp-content\/uploads\/2024\/07\/orcar-compras-tabela-new-1.png\" alt=\"Request quote\" title=\"Request quote\" \/>\n    <\/button>\n    <\/td><td class=\"column-5\"><a href=\"https:\/\/lojasritz.com.br\/catalogsearch\/result\/?q=CTC-25\" target=\"_blank\" rel=\"noopener\"><img decoding=\"async\" src=\"https:\/\/www.ritzbrasil.com\/wp-content\/uploads\/2024\/07\/carrinho-compras-tabela.png\"  \/><\/a><\/td>\n<\/tr>\n<tr class=\"row-3\">\n\t<td class=\"column-1\"><img decoding=\"async\" src=\"https:\/\/www.ritzbrasil.com\/wp-content\/uploads\/2024\/08\/cabo-de-cobre-150x150-1.jpg\" \/><\/td><td class=\"column-2\">CTC-35<\/td><td class=\"column-3\">Cabo de cobre extra flex\u00edvel, se\u00e7\u00e3o nominal de 35 mm\u00b2 (2AWG), com isolamento em PVC transparente.<br \/>\n- Capacidade de corrente de curto-circuito (Icc) em 30 ciclos (0,5 s): 10 kA sim\u00e9tricos<br \/>\n- Capacidade de corrente de curto-circuito (Icc) em 60 ciclos (1 s): 9 kA sim\u00e9tricos<br \/>\n- Corrente nominal: 200 A<br \/>\n- Resist\u00eancia el\u00e9trica m\u00e1xima a 20\u00b0C: 0,565 ohm\/km<\/td><td class=\"column-4\">    <button class=\"add-to-budget\" data-table-id=\"Cabo-Aterramento-Cobre\" data-reference=\"CTC-35\" data-description=\"Cabo de Cobre para Aterramento\" style=\"color:#ff4d00;\">\n        <img decoding=\"async\" src=\"https:\/\/www.ritzbrasil.com\/\/wp-content\/uploads\/2024\/07\/orcar-compras-tabela-new-1.png\" alt=\"Request quote\" title=\"Request quote\" \/>\n    <\/button>\n    <\/td><td class=\"column-5\"><a href=\"https:\/\/lojasritz.com.br\/catalogsearch\/result\/?q=CTC-35\" target=\"_blank\" rel=\"noopener\"><img decoding=\"async\" src=\"https:\/\/www.ritzbrasil.com\/wp-content\/uploads\/2024\/07\/carrinho-compras-tabela.png\"  \/><\/a><\/td>\n<\/tr>\n<tr class=\"row-4\">\n\t<td class=\"column-1\"><img decoding=\"async\" src=\"https:\/\/www.ritzbrasil.com\/wp-content\/uploads\/2024\/08\/cabo-de-cobre-150x150-1.jpg\" \/><\/td><td class=\"column-2\">CTC-50<\/td><td class=\"column-3\">Cabo de cobre extra flex\u00edvel, se\u00e7\u00e3o nominal de 50 mm\u00b2 (1\/0AWG), com isolamento em PVC transparente.<br \/>\n- Capacidade de corrente de curto-circuito (Icc) em 30 ciclos (0,5 s): 15 kA sim\u00e9tricos<br \/>\n- Capacidade de corrente de curto-circuito (Icc) em 60 ciclos (1 s): 14 kA sim\u00e9tricos<br \/>\n- Corrente nominal: 250 A<br \/>\n- Resist\u00eancia el\u00e9trica m\u00e1xima a 20\u00b0C: 0,386 ohm\/km<\/td><td class=\"column-4\">    <button class=\"add-to-budget\" data-table-id=\"Cabo-Aterramento-Cobre\" data-reference=\"CTC-50\" data-description=\"Cabo de Cobre para Aterramento\" style=\"color:#ff4d00;\">\n        <img decoding=\"async\" src=\"https:\/\/www.ritzbrasil.com\/\/wp-content\/uploads\/2024\/07\/orcar-compras-tabela-new-1.png\" alt=\"Request quote\" title=\"Request quote\" \/>\n    <\/button>\n    <\/td><td class=\"column-5\"><a href=\"https:\/\/lojasritz.com.br\/catalogsearch\/result\/?q=CTC-50\" target=\"_blank\" rel=\"noopener\"><img decoding=\"async\" src=\"https:\/\/www.ritzbrasil.com\/wp-content\/uploads\/2024\/07\/carrinho-compras-tabela.png\"  \/><\/a><\/td>\n<\/tr>\n<tr class=\"row-5\">\n\t<td class=\"column-1\"><img decoding=\"async\" src=\"https:\/\/www.ritzbrasil.com\/wp-content\/uploads\/2024\/08\/cabo-de-cobre-150x150-1.jpg\" \/><\/td><td class=\"column-2\">CTC-70<\/td><td class=\"column-3\">Cabo de cobre extra flex\u00edvel, se\u00e7\u00e3o nominal de 70 mm\u00b2 (2\/0AWG), com isolamento em PVC transparente.<br \/>\n- Capacidade de corrente de curto-circuito (Icc) em 30 ciclos (0,5 s): 20 kA sim\u00e9tricos<br \/>\n- Capacidade de corrente de curto-circuito (Icc) em 60 ciclos (1 s): 18 kA sim\u00e9tricos<br \/>\n- Corrente nominal: 300 A<br \/>\n- Resist\u00eancia el\u00e9trica m\u00e1xima a 20\u00b0C: 0,272 ohm\/km<\/td><td class=\"column-4\">    <button class=\"add-to-budget\" data-table-id=\"Cabo-Aterramento-Cobre\" data-reference=\"CTC-70\" data-description=\"Cabo de Cobre para Aterramento\" style=\"color:#ff4d00;\">\n        <img decoding=\"async\" src=\"https:\/\/www.ritzbrasil.com\/\/wp-content\/uploads\/2024\/07\/orcar-compras-tabela-new-1.png\" alt=\"Request quote\" title=\"Request quote\" \/>\n    <\/button>\n    <\/td><td class=\"column-5\"><a href=\"https:\/\/lojasritz.com.br\/catalogsearch\/result\/?q=CTC-70\" target=\"_blank\" rel=\"noopener\"><img decoding=\"async\" src=\"https:\/\/www.ritzbrasil.com\/wp-content\/uploads\/2024\/07\/carrinho-compras-tabela.png\"  \/><\/a><\/td>\n<\/tr>\n<tr class=\"row-6\">\n\t<td class=\"column-1\"><img decoding=\"async\" src=\"https:\/\/www.ritzbrasil.com\/wp-content\/uploads\/2024\/08\/cabo-de-cobre-150x150-1.jpg\" \/><\/td><td class=\"column-2\">CTC-95<\/td><td class=\"column-3\">Cabo de cobre extra flex\u00edvel, se\u00e7\u00e3o nominal de 95 mm\u00b2 (4\/0AWG), com isolamento em PVC transparente.<br \/>\n- Capacidade de corrente de curto-circuito (Icc) em 30 ciclos (0,5 s): 30 kA sim\u00e9tricos<br \/>\n- Capacidade de corrente de curto-circuito (Icc) em 60 ciclos (1 s): 25 kA sim\u00e9tricos<br \/>\n- Corrente nominal: 400 A<br \/>\n- Resist\u00eancia el\u00e9trica m\u00e1xima a 20\u00b0C: 0,210 ohm\/km<\/td><td class=\"column-4\">    <button class=\"add-to-budget\" data-table-id=\"Cabo-Aterramento-Cobre\" data-reference=\"CTC-95\" data-description=\"Cabo de Cobre para Aterramento\" style=\"color:#ff4d00;\">\n        <img decoding=\"async\" src=\"https:\/\/www.ritzbrasil.com\/\/wp-content\/uploads\/2024\/07\/orcar-compras-tabela-new-1.png\" alt=\"Request quote\" title=\"Request quote\" \/>\n    <\/button>\n    <\/td><td class=\"column-5\"><a href=\"https:\/\/lojasritz.com.br\/catalogsearch\/result\/?q=CTC-95\" target=\"_blank\" rel=\"noopener\"><img decoding=\"async\" src=\"https:\/\/www.ritzbrasil.com\/wp-content\/uploads\/2024\/07\/carrinho-compras-tabela.png\"  \/><\/a><\/td>\n<\/tr>\n<tr class=\"row-7\">\n\t<td class=\"column-1\"><img decoding=\"async\" src=\"https:\/\/www.ritzbrasil.com\/wp-content\/uploads\/2024\/08\/cabo-de-cobre-150x150-1.jpg\" \/><\/td><td class=\"column-2\">CTC-120<\/td><td class=\"column-3\">Cabo de cobre extra flex\u00edvel, se\u00e7\u00e3o nominal de 120 mm\u00b2 (2-2\/0AWG), com isolamento em PVC transparente.<br \/>\n- Capacidade de corrente de curto-circuito (Icc) em 30 ciclos (0,5 s): 39 kA sim\u00e9tricos<br \/>\n- Capacidade de corrente de curto-circuito (Icc) em 60 ciclos (1 s): 35 kA sim\u00e9tricos<br \/>\n- Corrente nominal: 450 A<br \/>\n- Resist\u00eancia el\u00e9trica m\u00e1xima a 20\u00b0C: 0,161 ohm\/km<\/td><td class=\"column-4\">    <button class=\"add-to-budget\" data-table-id=\"Cabo-Aterramento-Cobre\" data-reference=\"CTC-120\" data-description=\"Cabo de Cobre para Aterramento\" style=\"color:#ff4d00;\">\n        <img decoding=\"async\" src=\"https:\/\/www.ritzbrasil.com\/\/wp-content\/uploads\/2024\/07\/orcar-compras-tabela-new-1.png\" alt=\"Request quote\" title=\"Request quote\" \/>\n    <\/button>\n    <\/td><td class=\"column-5\"><a href=\"https:\/\/lojasritz.com.br\/catalogsearch\/result\/?q=CTC-120\" target=\"_blank\" rel=\"noopener\"><img decoding=\"async\" src=\"https:\/\/www.ritzbrasil.com\/wp-content\/uploads\/2024\/07\/carrinho-compras-tabela.png\"  \/><\/a><\/td>\n<\/tr>\n<\/tbody>\n<\/table>\n<\/div>\n[\/vc_column_text][vc_separator border_width=&#8221;2&#8243; css=&#8221;&#8221;][\/vc_column][\/vc_row][vc_row][vc_column][vc_column_text css=&#8221;.vc_custom_1724788209069{margin-top: 20px !important;}&#8221;]<\/p>\n<h4><span style=\"color: #ff9900;\"><strong>Aluminum Grounding Cable<\/strong><\/span><\/h4>\n<p>[\/vc_column_text][vc_column_text css=&#8221;.vc_custom_1724788577451{margin-top: -20px !important;}&#8221;]\n<div id=\"tablepress-Cabo-Aterramento-Aluminio-scroll-wrapper\" class=\"tablepress-scroll-wrapper\">\n<table id=\"tablepress-Cabo-Aterramento-Aluminio\" class=\"tablepress tablepress-id-Cabo-Aterramento-Aluminio tablepress-responsive\">\n<thead>\n<tr class=\"row-1\">\n\t<td class=\"column-1\"><\/td><th class=\"column-2\">  Refer\u00eancias<\/th><th class=\"column-3\">Caracter\u00edstica<\/th><td class=\"column-4\"><\/td><td class=\"column-5\"><\/td>\n<\/tr>\n<\/thead>\n<tbody class=\"row-striping row-hover\">\n<tr class=\"row-2\">\n\t<td class=\"column-1\"><img decoding=\"async\" src=\"https:\/\/www.ritzbrasil.com\/wp-content\/uploads\/2024\/08\/cabo-aluminio-150x150-1.jpg\" \/><\/td><td class=\"column-2\">CTA-35<\/td><td class=\"column-3\">Cabo de alum\u00ednio extra flex\u00edvel, se\u00e7\u00e3o nominal de 35 mm\u00b2 (2 AWG), com isolamento em PVC transparente.<br \/>\n- Capacidade de corrente de curto-circuito (Icc) em 30 ciclos (0,5 s): 7 kA sim\u00e9tricos<br \/>\n- Capacidade de corrente de curto-circuito (Icc) em 60 ciclos (1 s): 5 kA sim\u00e9tricos<br \/>\n- Corrente nominal: 122 A<br \/>\n- Resist\u00eancia el\u00e9trica m\u00e1xima a 20\u00b0C: 0,886 ohm\/km<\/td><td class=\"column-4\">    <button class=\"add-to-budget\" data-table-id=\"Cabo-Aterramento-Aluminio\" data-reference=\"CTA-35\" data-description=\"Cabo de Alum\u00ednio para Aterramento\" style=\"color:#ff4d00;\">\n        <img decoding=\"async\" src=\"https:\/\/www.ritzbrasil.com\/\/wp-content\/uploads\/2024\/07\/orcar-compras-tabela-new-1.png\" alt=\"Request quote\" title=\"Request quote\" \/>\n    <\/button>\n    <\/td><td class=\"column-5\"><a href=\"https:\/\/lojasritz.com.br\/catalogsearch\/result\/?q=CTA-35\" target=\"_blank\" rel=\"noopener\"><img decoding=\"async\" src=\"https:\/\/www.ritzbrasil.com\/wp-content\/uploads\/2024\/07\/carrinho-compras-tabela.png\"  \/><\/a><\/td>\n<\/tr>\n<tr class=\"row-3\">\n\t<td class=\"column-1\"><img decoding=\"async\" src=\"https:\/\/www.ritzbrasil.com\/wp-content\/uploads\/2024\/08\/cabo-aluminio-150x150-1.jpg\" \/><\/td><td class=\"column-2\">CTA-50<\/td><td class=\"column-3\">Cabo de alum\u00ednio extra flex\u00edvel, se\u00e7\u00e3o nominal de 50 mm\u00b2 (1\/0 AWG), com isolamento em PVC transparente.<br \/>\n- Capacidade de corrente de curto-circuito (Icc) em 30 ciclos (0,5 s): 10 kA sim\u00e9tricos<br \/>\n- Capacidade de corrente de curto-circuito (Icc) em 60 ciclos (1 s): 7 kA sim\u00e9tricos<br \/>\n- Corrente nominal: 144 A<br \/>\n- Resist\u00eancia el\u00e9trica m\u00e1xima a 20\u00b0C: 0,616 ohm\/km<\/td><td class=\"column-4\">    <button class=\"add-to-budget\" data-table-id=\"Cabo-Aterramento-Aluminio\" data-reference=\"CTA-50\" data-description=\"Cabo de Alum\u00ednio para Aterramento\" style=\"color:#ff4d00;\">\n        <img decoding=\"async\" src=\"https:\/\/www.ritzbrasil.com\/\/wp-content\/uploads\/2024\/07\/orcar-compras-tabela-new-1.png\" alt=\"Request quote\" title=\"Request quote\" \/>\n    <\/button>\n    <\/td><td class=\"column-5\"><a href=\"https:\/\/lojasritz.com.br\/catalogsearch\/result\/?q=CTA-50\" target=\"_blank\" rel=\"noopener\"><img decoding=\"async\" src=\"https:\/\/www.ritzbrasil.com\/wp-content\/uploads\/2024\/07\/carrinho-compras-tabela.png\"  \/><\/a><\/td>\n<\/tr>\n<tr class=\"row-4\">\n\t<td class=\"column-1\"><img decoding=\"async\" src=\"https:\/\/www.ritzbrasil.com\/wp-content\/uploads\/2024\/08\/cabo-aluminio-150x150-1.jpg\" \/><\/td><td class=\"column-2\">CTA-70<\/td><td class=\"column-3\">Cabo de alum\u00ednio extra flex\u00edvel, se\u00e7\u00e3o nominal de 70 mm\u00b2 (2\/0 AWG), com isolamento em PVC transparente.<br \/>\n- Capacidade de corrente de curto-circuito (Icc) em 30 ciclos (0,5 s): 14 kA sim\u00e9tricos<br \/>\n- Capacidade de corrente de curto-circuito (Icc) em 60 ciclos (1 s): 10 kA sim\u00e9tricos<br \/>\n- Corrente nominal: 178 A<br \/>\n- Resist\u00eancia el\u00e9trica m\u00e1xima a 20\u00b0C: 0,440 ohm\/km<\/td><td class=\"column-4\">    <button class=\"add-to-budget\" data-table-id=\"Cabo-Aterramento-Aluminio\" data-reference=\"CTA-70\" data-description=\"Cabo de Alum\u00ednio para Aterramento\" style=\"color:#ff4d00;\">\n        <img decoding=\"async\" src=\"https:\/\/www.ritzbrasil.com\/\/wp-content\/uploads\/2024\/07\/orcar-compras-tabela-new-1.png\" alt=\"Request quote\" title=\"Request quote\" \/>\n    <\/button>\n    <\/td><td class=\"column-5\"><a href=\"https:\/\/lojasritz.com.br\/catalogsearch\/result\/?q=CTA-70\" target=\"_blank\" rel=\"noopener\"><img decoding=\"async\" src=\"https:\/\/www.ritzbrasil.com\/wp-content\/uploads\/2024\/07\/carrinho-compras-tabela.png\"  \/><\/a><\/td>\n<\/tr>\n<tr class=\"row-5\">\n\t<td class=\"column-1\"><img decoding=\"async\" src=\"https:\/\/www.ritzbrasil.com\/wp-content\/uploads\/2024\/08\/cabo-aluminio-150x150-1.jpg\" \/><\/td><td class=\"column-2\">CTA-95<\/td><td class=\"column-3\">Cabo de alum\u00ednio extra flex\u00edvel, se\u00e7\u00e3o nominal de 95 mm\u00b2 (4\/0 AWG), com isolamento em PVC transparente.<br \/>\n- Capacidade de corrente de curto-circuito (Icc) em 30 ciclos (0,5 s): 17 kA sim\u00e9tricos<br \/>\n- Capacidade de corrente de curto-circuito (Icc) em 60 ciclos (1 s): 12 kA sim\u00e9tricos<br \/>\n- Corrente nominal: 211 A<br \/>\n- Resist\u00eancia el\u00e9trica m\u00e1xima a 20\u00b0C: 0,326 ohm\/km<\/td><td class=\"column-4\">    <button class=\"add-to-budget\" data-table-id=\"Cabo-Aterramento-Aluminio\" data-reference=\"CTA-95\" data-description=\"Cabo de Alum\u00ednio para Aterramento\" style=\"color:#ff4d00;\">\n        <img decoding=\"async\" src=\"https:\/\/www.ritzbrasil.com\/\/wp-content\/uploads\/2024\/07\/orcar-compras-tabela-new-1.png\" alt=\"Request quote\" title=\"Request quote\" \/>\n    <\/button>\n    <\/td><td class=\"column-5\"><a href=\"https:\/\/lojasritz.com.br\/catalogsearch\/result\/?q=CTA-95\" target=\"_blank\" rel=\"noopener\"><img decoding=\"async\" src=\"https:\/\/www.ritzbrasil.com\/wp-content\/uploads\/2024\/07\/carrinho-compras-tabela.png\"  \/><\/a><\/td>\n<\/tr>\n<tr class=\"row-6\">\n\t<td class=\"column-1\"><img decoding=\"async\" src=\"https:\/\/www.ritzbrasil.com\/wp-content\/uploads\/2024\/08\/cabo-aluminio-150x150-1.jpg\" \/><\/td><td class=\"column-2\">CTA-120<\/td><td class=\"column-3\">Cabo de alum\u00ednio extra flex\u00edvel, se\u00e7\u00e3o nominal de 120 mm\u00b2 (2-2\/0 AWG), com isolamento em PVC transparente.<br \/>\n- Capacidade de corrente de curto-circuito (Icc) em 30 ciclos (0,5 s): 20 kA sim\u00e9tricos<br \/>\n- Capacidade de corrente de curto-circuito (Icc) em 60 ciclos (1 s): 14 kA sim\u00e9tricos<br \/>\n- Corrente nominal: 240 A<br \/>\n- Resist\u00eancia el\u00e9trica m\u00e1xima a 20\u00b0C: 0,254 ohm\/km<\/td><td class=\"column-4\">    <button class=\"add-to-budget\" data-table-id=\"Cabo-Aterramento-Aluminio\" data-reference=\"CTA-120\" data-description=\"Cabo de Alum\u00ednio para Aterramento\" style=\"color:#ff4d00;\">\n        <img decoding=\"async\" src=\"https:\/\/www.ritzbrasil.com\/\/wp-content\/uploads\/2024\/07\/orcar-compras-tabela-new-1.png\" alt=\"Request quote\" title=\"Request quote\" \/>\n    <\/button>\n    <\/td><td class=\"column-5\"><a href=\"https:\/\/lojasritz.com.br\/catalogsearch\/result\/?q=CTA-120\" target=\"_blank\" rel=\"noopener\"><img decoding=\"async\" src=\"https:\/\/www.ritzbrasil.com\/wp-content\/uploads\/2024\/07\/carrinho-compras-tabela.png\"  \/><\/a><\/td>\n<\/tr>\n<\/tbody>\n<\/table>\n<\/div>\n[\/vc_column_text][vc_separator border_width=&#8221;2&#8243; css=&#8221;&#8221;][\/vc_column][\/vc_row]<\/p>\n<\/div>","protected":false},"excerpt":{"rendered":"<p>Extra flexible electrolytic cable in copper (CTC) and aluminum (CTA), with 750 V insulated protection and translucent crystal PVC, which allows inspection of the perfect condition of the cable filaments. Suitable for use in temporary earths and terminals. For easy identification and classification, the gauge, application and year of manufacture are engraved along the entire length of the cable.<\/p>\n","protected":false},"featured_media":57854,"template":"","meta":[],"product_brand":[],"product_cat":[1665],"product_tag":[3688,3687,3686,3681,3682,3683,3684,3685,3680],"class_list":{"0":"post-61355","1":"product","2":"type-product","3":"status-publish","4":"has-post-thumbnail","6":"product_cat-temporary-grounding","7":"product_tag-aluminum-cable","8":"product_tag-copper-cable","9":"product_tag-cta-35-en","10":"product_tag-ctc-25-en","11":"product_tag-ctc-35-en","12":"product_tag-ctc-50-en","13":"product_tag-ctc-70-en","14":"product_tag-ctc-95-en","15":"product_tag-grounding-cable","16":"description-off","18":"first","19":"instock","20":"virtual","21":"product-type-simple"},"yoast_head":"<!-- This site is optimized with the Yoast SEO plugin v27.1.1 - https:\/\/yoast.com\/product\/yoast-seo-wordpress\/ -->\n<title>Grounding cable<\/title>\n<meta name=\"description\" content=\"Extra flexible electrolytic cable, insulated 750 V in translucent crystal PVC, ideal for temporary grounding and inspection of filaments.\" \/>\n<meta name=\"robots\" content=\"index, follow, max-snippet:-1, max-image-preview:large, max-video-preview:-1\" \/>\n<link rel=\"canonical\" href=\"https:\/\/www.ritzbrasil.com\/en\/produtos\/temporary-grounding\/grounding-cable\/\" \/>\n<meta property=\"og:locale\" content=\"en_US\" \/>\n<meta property=\"og:type\" content=\"article\" \/>\n<meta property=\"og:title\" content=\"Grounding cable\" \/>\n<meta property=\"og:description\" content=\"Extra flexible electrolytic cable, insulated 750 V in translucent crystal PVC, ideal for temporary grounding and inspection of filaments.\" \/>\n<meta property=\"og:url\" content=\"https:\/\/www.ritzbrasil.com\/en\/produtos\/temporary-grounding\/grounding-cable\/\" \/>\n<meta property=\"og:site_name\" content=\"Equipamentos de Manuten\u00e7\u00e3o e Seguran\u00e7a para o Setor El\u00e9trico - Ritz Brasil\" \/>\n<meta property=\"article:modified_time\" content=\"2026-02-25T18:56:56+00:00\" \/>\n<meta property=\"og:image\" content=\"https:\/\/www.ritzbrasil.com\/wp-content\/uploads\/2024\/08\/ctc-cta.jpg\" \/>\n\t<meta property=\"og:image:width\" content=\"1200\" \/>\n\t<meta property=\"og:image:height\" content=\"1200\" \/>\n\t<meta property=\"og:image:type\" content=\"image\/jpeg\" \/>\n<meta name=\"twitter:card\" content=\"summary_large_image\" \/>\n<meta name=\"twitter:label1\" content=\"Est. reading time\" \/>\n\t<meta name=\"twitter:data1\" content=\"1 minute\" \/>\n<script type=\"application\/ld+json\" class=\"yoast-schema-graph\">{\"@context\":\"https:\/\/schema.org\",\"@graph\":[{\"@type\":\"WebPage\",\"@id\":\"https:\/\/www.ritzbrasil.com\/en\/produtos\/temporary-grounding\/grounding-cable\/\",\"url\":\"https:\/\/www.ritzbrasil.com\/en\/produtos\/temporary-grounding\/grounding-cable\/\",\"name\":\"Grounding cable\",\"isPartOf\":{\"@id\":\"https:\/\/www.ritzbrasil.com\/en\/#website\"},\"primaryImageOfPage\":{\"@id\":\"https:\/\/www.ritzbrasil.com\/en\/produtos\/temporary-grounding\/grounding-cable\/#primaryimage\"},\"image\":{\"@id\":\"https:\/\/www.ritzbrasil.com\/en\/produtos\/temporary-grounding\/grounding-cable\/#primaryimage\"},\"thumbnailUrl\":\"https:\/\/www.ritzbrasil.com\/wp-content\/uploads\/2024\/08\/ctc-cta.jpg\",\"datePublished\":\"2024-08-27T17:39:41+00:00\",\"dateModified\":\"2026-02-25T18:56:56+00:00\",\"description\":\"Extra flexible electrolytic cable, insulated 750 V in translucent crystal PVC, ideal for temporary grounding and inspection of filaments.\",\"breadcrumb\":{\"@id\":\"https:\/\/www.ritzbrasil.com\/en\/produtos\/temporary-grounding\/grounding-cable\/#breadcrumb\"},\"inLanguage\":\"en-US\",\"potentialAction\":[{\"@type\":\"ReadAction\",\"target\":[\"https:\/\/www.ritzbrasil.com\/en\/produtos\/temporary-grounding\/grounding-cable\/\"]}]},{\"@type\":\"ImageObject\",\"inLanguage\":\"en-US\",\"@id\":\"https:\/\/www.ritzbrasil.com\/en\/produtos\/temporary-grounding\/grounding-cable\/#primaryimage\",\"url\":\"https:\/\/www.ritzbrasil.com\/wp-content\/uploads\/2024\/08\/ctc-cta.jpg\",\"contentUrl\":\"https:\/\/www.ritzbrasil.com\/wp-content\/uploads\/2024\/08\/ctc-cta.jpg\",\"width\":1200,\"height\":1200,\"caption\":\"Copper Cable and Aluminum Cable\"},{\"@type\":\"BreadcrumbList\",\"@id\":\"https:\/\/www.ritzbrasil.com\/en\/produtos\/temporary-grounding\/grounding-cable\/#breadcrumb\",\"itemListElement\":[{\"@type\":\"ListItem\",\"position\":1,\"name\":\"In\u00edcio\",\"item\":\"https:\/\/www.ritzbrasil.com\/en\/\"},{\"@type\":\"ListItem\",\"position\":2,\"name\":\"Shop\",\"item\":\"https:\/\/www.ritzbrasil.com\/en\/shop\/\"},{\"@type\":\"ListItem\",\"position\":3,\"name\":\"Grounding cable\"}]},{\"@type\":\"WebSite\",\"@id\":\"https:\/\/www.ritzbrasil.com\/en\/#website\",\"url\":\"https:\/\/www.ritzbrasil.com\/en\/\",\"name\":\"Equipamentos de Manuten\u00e7\u00e3o e Seguran\u00e7a para o Setor El\u00e9trico - Ritz Brasil\",\"description\":\"\",\"potentialAction\":[{\"@type\":\"SearchAction\",\"target\":{\"@type\":\"EntryPoint\",\"urlTemplate\":\"https:\/\/www.ritzbrasil.com\/en\/?s={search_term_string}\"},\"query-input\":{\"@type\":\"PropertyValueSpecification\",\"valueRequired\":true,\"valueName\":\"search_term_string\"}}],\"inLanguage\":\"en-US\"}]}<\/script>\n<!-- \/ Yoast SEO plugin. -->","yoast_head_json":{"title":"Grounding cable","description":"Extra flexible electrolytic cable, insulated 750 V in translucent crystal PVC, ideal for temporary grounding and inspection of filaments.","robots":{"index":"index","follow":"follow","max-snippet":"max-snippet:-1","max-image-preview":"max-image-preview:large","max-video-preview":"max-video-preview:-1"},"canonical":"https:\/\/www.ritzbrasil.com\/en\/produtos\/temporary-grounding\/grounding-cable\/","og_locale":"en_US","og_type":"article","og_title":"Grounding cable","og_description":"Extra flexible electrolytic cable, insulated 750 V in translucent crystal PVC, ideal for temporary grounding and inspection of filaments.","og_url":"https:\/\/www.ritzbrasil.com\/en\/produtos\/temporary-grounding\/grounding-cable\/","og_site_name":"Equipamentos de Manuten\u00e7\u00e3o e Seguran\u00e7a para o Setor El\u00e9trico - Ritz Brasil","article_modified_time":"2026-02-25T18:56:56+00:00","og_image":[{"width":1200,"height":1200,"url":"https:\/\/www.ritzbrasil.com\/wp-content\/uploads\/2024\/08\/ctc-cta.jpg","type":"image\/jpeg"}],"twitter_card":"summary_large_image","twitter_misc":{"Est. reading time":"1 minute"},"schema":{"@context":"https:\/\/schema.org","@graph":[{"@type":"WebPage","@id":"https:\/\/www.ritzbrasil.com\/en\/produtos\/temporary-grounding\/grounding-cable\/","url":"https:\/\/www.ritzbrasil.com\/en\/produtos\/temporary-grounding\/grounding-cable\/","name":"Grounding cable","isPartOf":{"@id":"https:\/\/www.ritzbrasil.com\/en\/#website"},"primaryImageOfPage":{"@id":"https:\/\/www.ritzbrasil.com\/en\/produtos\/temporary-grounding\/grounding-cable\/#primaryimage"},"image":{"@id":"https:\/\/www.ritzbrasil.com\/en\/produtos\/temporary-grounding\/grounding-cable\/#primaryimage"},"thumbnailUrl":"https:\/\/www.ritzbrasil.com\/wp-content\/uploads\/2024\/08\/ctc-cta.jpg","datePublished":"2024-08-27T17:39:41+00:00","dateModified":"2026-02-25T18:56:56+00:00","description":"Extra flexible electrolytic cable, insulated 750 V in translucent crystal PVC, ideal for temporary grounding and inspection of filaments.","breadcrumb":{"@id":"https:\/\/www.ritzbrasil.com\/en\/produtos\/temporary-grounding\/grounding-cable\/#breadcrumb"},"inLanguage":"en-US","potentialAction":[{"@type":"ReadAction","target":["https:\/\/www.ritzbrasil.com\/en\/produtos\/temporary-grounding\/grounding-cable\/"]}]},{"@type":"ImageObject","inLanguage":"en-US","@id":"https:\/\/www.ritzbrasil.com\/en\/produtos\/temporary-grounding\/grounding-cable\/#primaryimage","url":"https:\/\/www.ritzbrasil.com\/wp-content\/uploads\/2024\/08\/ctc-cta.jpg","contentUrl":"https:\/\/www.ritzbrasil.com\/wp-content\/uploads\/2024\/08\/ctc-cta.jpg","width":1200,"height":1200,"caption":"Copper Cable and Aluminum Cable"},{"@type":"BreadcrumbList","@id":"https:\/\/www.ritzbrasil.com\/en\/produtos\/temporary-grounding\/grounding-cable\/#breadcrumb","itemListElement":[{"@type":"ListItem","position":1,"name":"In\u00edcio","item":"https:\/\/www.ritzbrasil.com\/en\/"},{"@type":"ListItem","position":2,"name":"Shop","item":"https:\/\/www.ritzbrasil.com\/en\/shop\/"},{"@type":"ListItem","position":3,"name":"Grounding cable"}]},{"@type":"WebSite","@id":"https:\/\/www.ritzbrasil.com\/en\/#website","url":"https:\/\/www.ritzbrasil.com\/en\/","name":"Equipamentos de Manuten\u00e7\u00e3o e Seguran\u00e7a para o Setor El\u00e9trico - Ritz Brasil","description":"","potentialAction":[{"@type":"SearchAction","target":{"@type":"EntryPoint","urlTemplate":"https:\/\/www.ritzbrasil.com\/en\/?s={search_term_string}"},"query-input":{"@type":"PropertyValueSpecification","valueRequired":true,"valueName":"search_term_string"}}],"inLanguage":"en-US"}]}},"_links":{"self":[{"href":"https:\/\/www.ritzbrasil.com\/en\/wp-json\/wp\/v2\/product\/61355","targetHints":{"allow":["GET"]}}],"collection":[{"href":"https:\/\/www.ritzbrasil.com\/en\/wp-json\/wp\/v2\/product"}],"about":[{"href":"https:\/\/www.ritzbrasil.com\/en\/wp-json\/wp\/v2\/types\/product"}],"wp:featuredmedia":[{"embeddable":true,"href":"https:\/\/www.ritzbrasil.com\/en\/wp-json\/wp\/v2\/media\/57854"}],"wp:attachment":[{"href":"https:\/\/www.ritzbrasil.com\/en\/wp-json\/wp\/v2\/media?parent=61355"}],"wp:term":[{"taxonomy":"product_brand","embeddable":true,"href":"https:\/\/www.ritzbrasil.com\/en\/wp-json\/wp\/v2\/product_brand?post=61355"},{"taxonomy":"product_cat","embeddable":true,"href":"https:\/\/www.ritzbrasil.com\/en\/wp-json\/wp\/v2\/product_cat?post=61355"},{"taxonomy":"product_tag","embeddable":true,"href":"https:\/\/www.ritzbrasil.com\/en\/wp-json\/wp\/v2\/product_tag?post=61355"}],"curies":[{"name":"wp","href":"https:\/\/api.w.org\/{rel}","templated":true}]}}