{"id":61312,"date":"2024-08-28T11:30:07","date_gmt":"2024-08-28T14:30:07","guid":{"rendered":"https:\/\/www.ritzbrasil.com\/produtos\/uncategorized\/cover-for-cruzeta\/"},"modified":"2026-02-25T15:56:22","modified_gmt":"2026-02-25T18:56:22","slug":"cover-for-cruzeta","status":"publish","type":"product","link":"https:\/\/www.ritzbrasil.com\/en\/produtos\/protective-and-insulating-rubber-covers\/cover-for-cruzeta\/","title":{"rendered":"Cover for Cruzeta"},"content":{"rendered":"<div class=\"wpb-content-wrapper\"><p>[vc_row][vc_column]<div id=\"ult-carousel-313153289869dbc2189e155\" class=\"ult-carousel-wrapper   ult_horizontal\" data-gutter=\"15\" data-rtl=\"false\" ><div class=\"ult-carousel-349642279969dbc2189e0a4 \" >[vc_single_image image=&#8221;57930&#8243; add_caption=&#8221;yes&#8221; alignment=&#8221;center&#8221; onclick=&#8221;link_image&#8221; css=&#8221;&#8221;][vc_single_image image=&#8221;57934&#8243; add_caption=&#8221;yes&#8221; alignment=&#8221;center&#8221; onclick=&#8221;link_image&#8221; css=&#8221;&#8221;][vc_single_image image=&#8221;57938&#8243; add_caption=&#8221;yes&#8221; alignment=&#8221;center&#8221; onclick=&#8221;link_image&#8221; css=&#8221;&#8221;][vc_single_image image=&#8221;57942&#8243; add_caption=&#8221;yes&#8221; alignment=&#8221;center&#8221; onclick=&#8221;link_image&#8221; css=&#8221;&#8221;][vc_single_image image=&#8221;57946&#8243; add_caption=&#8221;yes&#8221; alignment=&#8221;center&#8221; onclick=&#8221;link_image&#8221; css=&#8221;&#8221;]<\/div><\/div>\t\t\t<script type=\"text\/javascript\">\n\t\t\t\tjQuery(document).ready(function ($) {\n\t\t\t\t\tif( typeof jQuery('.ult-carousel-349642279969dbc2189e0a4').slick == \"function\"){\n\t\t\t\t\t\t$('.ult-carousel-349642279969dbc2189e0a4').slick({dots: false,autoplay: true,autoplaySpeed: \"3000\",speed: \"300\",infinite: true,arrows: true,nextArrow: '<button type=\"button\" role=\"button\" aria-label=\"Next\" style=\"color:#ff4d00; font-size:30px;\" class=\"slick-next default\"><i class=\"ultsl-arrow-right4\"><\/i><\/button>',prevArrow: '<button type=\"button\" role=\"button\" aria-label=\"Previous\" style=\"color:#ff4d00; font-size:30px;\" class=\"slick-prev default\"><i class=\"ultsl-arrow-left4\"><\/i><\/button>',slidesToScroll:5,slidesToShow:5,swipe: true,draggable: true,touchMove: true,pauseOnHover: true,pauseOnFocus: false,responsive: [\n\t\t\t\t\t\t\t{\n\t\t\t\t\t\t\t  breakpoint: 1026,\n\t\t\t\t\t\t\t  settings: {\n\t\t\t\t\t\t\t\tslidesToShow: 5,\n\t\t\t\t\t\t\t\tslidesToScroll: 5,  \n\t\t\t\t\t\t\t  }\n\t\t\t\t\t\t\t},\n\t\t\t\t\t\t\t{\n\t\t\t\t\t\t\t  breakpoint: 1025,\n\t\t\t\t\t\t\t  settings: {\n\t\t\t\t\t\t\t\tslidesToShow: 3,\n\t\t\t\t\t\t\t\tslidesToScroll: 3\n\t\t\t\t\t\t\t  }\n\t\t\t\t\t\t\t},\n\t\t\t\t\t\t\t{\n\t\t\t\t\t\t\t  breakpoint: 760,\n\t\t\t\t\t\t\t  settings: {\n\t\t\t\t\t\t\t\tslidesToShow: 2,\n\t\t\t\t\t\t\t\tslidesToScroll: 2\n\t\t\t\t\t\t\t  }\n\t\t\t\t\t\t\t}\n\t\t\t\t\t\t],pauseOnDotsHover: true,customPaging: function(slider, i) {\n                   return '<i type=\"button\" style= \"color:#333333;\" class=\"ultsl-record\" data-role=\"none\"><\/i>';\n                },});\n\t\t\t\t\t}\n\t\t\t\t});\n\t\t\t<\/script>\n\t\t\t[\/vc_column][\/vc_row][vc_row][vc_column][vc_column_text css=&#8221;.vc_custom_1724856470395{margin-top: 20px !important;}&#8221;]<\/p>\n<h4><span style=\"color: #ff9900;\"><strong>Cover for Cruzeta<\/strong><\/span><\/h4>\n<p>[\/vc_column_text][vc_column_text css=&#8221;.vc_custom_1724938348800{margin-top: -20px !important;}&#8221;]\n<div id=\"tablepress-Cobertura-Cruzeta-scroll-wrapper\" class=\"tablepress-scroll-wrapper\">\n<table id=\"tablepress-Cobertura-Cruzeta\" class=\"tablepress tablepress-id-Cobertura-Cruzeta tablepress-responsive\">\n<thead>\n<tr class=\"row-1\">\n\t<td class=\"column-1\"><\/td><th class=\"column-2\">  Refer\u00eancias<\/th><th class=\"column-3\">Caracter\u00edstica<\/th><td class=\"column-4\"><\/td><td class=\"column-5\"><\/td>\n<\/tr>\n<\/thead>\n<tbody class=\"row-striping row-hover\">\n<tr class=\"row-2\">\n\t<td class=\"column-1\"><img decoding=\"async\" src=\"https:\/\/www.ritzbrasil.com\/wp-content\/uploads\/2024\/08\/rm4933-cobertura-cruzeta-150x150-1.jpg\" \/><\/td><td class=\"column-2\">RM4933<\/td><td class=\"column-3\">Com isolador de pino<\/td><td class=\"column-4\">    <button class=\"add-to-budget\" data-table-id=\"Cobertura-Cruzeta\" data-reference=\"RM4933\" data-description=\"Cobertura para Cruzeta\" style=\"color:#ff4d00;\">\n        <img decoding=\"async\" src=\"https:\/\/www.ritzbrasil.com\/\/wp-content\/uploads\/2024\/07\/orcar-compras-tabela-new-1.png\" alt=\"Request quote\" title=\"Request quote\" \/>\n    <\/button>\n    <\/td><td class=\"column-5\"><a href=\"https:\/\/lojasritz.com.br\/catalogsearch\/result\/?q=RM4933\" target=\"_blank\" rel=\"noopener\"><img decoding=\"async\" src=\"https:\/\/www.ritzbrasil.com\/wp-content\/uploads\/2024\/07\/carrinho-compras-tabela.png\"  \/><\/a><\/td>\n<\/tr>\n<tr class=\"row-3\">\n\t<td class=\"column-1\"><img decoding=\"async\" src=\"https:\/\/www.ritzbrasil.com\/wp-content\/uploads\/2024\/08\/cob11173-1-cobertura-cruzeta-150x150-1.jpg\" \/><\/td><td class=\"column-2\">COB11173-1<\/td><td class=\"column-3\">Com isolador pilar<\/td><td class=\"column-4\">    <button class=\"add-to-budget\" data-table-id=\"Cobertura-Cruzeta\" data-reference=\"COB11173-1\" data-description=\"Cobertura para Cruzeta\" style=\"color:#ff4d00;\">\n        <img decoding=\"async\" src=\"https:\/\/www.ritzbrasil.com\/\/wp-content\/uploads\/2024\/07\/orcar-compras-tabela-new-1.png\" alt=\"Request quote\" title=\"Request quote\" \/>\n    <\/button>\n    <\/td><td class=\"column-5\"><a href=\"https:\/\/lojasritz.com.br\/catalogsearch\/result\/?q=COB11173-1\" target=\"_blank\" rel=\"noopener\"><img decoding=\"async\" src=\"https:\/\/www.ritzbrasil.com\/wp-content\/uploads\/2024\/07\/carrinho-compras-tabela.png\"  \/><\/a><\/td>\n<\/tr>\n<tr class=\"row-4\">\n\t<td class=\"column-1\"><img decoding=\"async\" src=\"https:\/\/www.ritzbrasil.com\/wp-content\/uploads\/2024\/08\/cob11173-2-cobertura-cruzeta-150x150-1.jpg\" \/><\/td><td class=\"column-2\">COB11173-2<\/td><td class=\"column-3\">Tipo curta, com isolador pilar<\/td><td class=\"column-4\">    <button class=\"add-to-budget\" data-table-id=\"Cobertura-Cruzeta\" data-reference=\"COB11173-2\" data-description=\"Cobertura para Cruzeta\" style=\"color:#ff4d00;\">\n        <img decoding=\"async\" src=\"https:\/\/www.ritzbrasil.com\/\/wp-content\/uploads\/2024\/07\/orcar-compras-tabela-new-1.png\" alt=\"Request quote\" title=\"Request quote\" \/>\n    <\/button>\n    <\/td><td class=\"column-5\"><a href=\"https:\/\/lojasritz.com.br\/catalogsearch\/result\/?q=COB11173-2\" target=\"_blank\" rel=\"noopener\"><img decoding=\"async\" src=\"https:\/\/www.ritzbrasil.com\/wp-content\/uploads\/2024\/07\/carrinho-compras-tabela.png\"  \/><\/a><\/td>\n<\/tr>\n<\/tbody>\n<\/table>\n<\/div>\n[\/vc_column_text][vc_column_text css=&#8221;.vc_custom_1724855070953{margin-top: -20px !important;}&#8221;]Nominal voltage 26.4 kV (phase\/phase)[\/vc_column_text][vc_separator border_width=&#8221;2&#8243; css=&#8221;&#8221;][\/vc_column][\/vc_row][vc_row][vc_column][vc_column_text css=&#8221;.vc_custom_1724933468665{margin-top: 20px !important;}&#8221;]<\/p>\n<h4><span style=\"color: #ff9900;\"><strong>Cover for the end of the crosshead<\/strong><\/span><\/h4>\n<p>[\/vc_column_text][vc_column_text css=&#8221;.vc_custom_1724933514381{margin-top: -20px !important;}&#8221;]Used to protect the end of the crosshead in order to prevent accidental contact with the lashing loop during installation or removal.<\/p>\n<p>With the contact method, this cover also helps to prevent the electrician from coming into contact with earth potential.<\/p>\n<p>The RC406-0102 can be used on crossheads with pin or pillar insulators, as it has a notch that allows the screw to pass through in double crosshead assemblies.[\/vc_column_text][vc_column_text css=&#8221;.vc_custom_1724938602966{margin-top: -20px !important;}&#8221;]\n<div id=\"tablepress-Cobertura-Extremidade-Cruzeta-scroll-wrapper\" class=\"tablepress-scroll-wrapper\">\n<table id=\"tablepress-Cobertura-Extremidade-Cruzeta\" class=\"tablepress tablepress-id-Cobertura-Extremidade-Cruzeta tablepress-responsive\">\n<thead>\n<tr class=\"row-1\">\n\t<td class=\"column-1\"><\/td><th class=\"column-2\">  Refer\u00eancias<\/th><th class=\"column-3\">Caracter\u00edstica<\/th><td class=\"column-4\"><\/td><td class=\"column-5\"><\/td>\n<\/tr>\n<\/thead>\n<tbody class=\"row-striping row-hover\">\n<tr class=\"row-2\">\n\t<td class=\"column-1\"><img decoding=\"async\" src=\"https:\/\/www.ritzbrasil.com\/wp-content\/uploads\/2024\/08\/rc406-0102-cobertura-cruzeta-150x150-1.jpg\" \/><\/td><td class=\"column-2\">RC406-0102<\/td><td class=\"column-3\">Cobertura para extremidade da cruzeta<\/td><td class=\"column-4\">    <button class=\"add-to-budget\" data-table-id=\"Cobertura-Extremidade-Cruzeta\" data-reference=\"RC406-0102\" data-description=\"Cobertura para Extremidade da Cruzeta\" style=\"color:#ff4d00;\">\n        <img decoding=\"async\" src=\"https:\/\/www.ritzbrasil.com\/\/wp-content\/uploads\/2024\/07\/orcar-compras-tabela-new-1.png\" alt=\"Request quote\" title=\"Request quote\" \/>\n    <\/button>\n    <\/td><td class=\"column-5\"><a href=\"https:\/\/lojasritz.com.br\/catalogsearch\/result\/?q=RC406-0102\" target=\"_blank\" rel=\"noopener\"><img decoding=\"async\" src=\"https:\/\/www.ritzbrasil.com\/wp-content\/uploads\/2024\/07\/carrinho-compras-tabela.png\"  \/><\/a><\/td>\n<\/tr>\n<tr class=\"row-3\">\n\t<td class=\"column-1\"><img decoding=\"async\" src=\"https:\/\/www.ritzbrasil.com\/wp-content\/uploads\/2024\/08\/cob14780-1-cobertura-cruzeta-150x150-1.jpg\" \/><\/td><td class=\"column-2\">COB14780-1<\/td><td class=\"column-3\">Cobertura para extremidade da cruzeta<\/td><td class=\"column-4\">    <button class=\"add-to-budget\" data-table-id=\"Cobertura-Extremidade-Cruzeta\" data-reference=\"COB14780-1\" data-description=\"Cobertura para Extremidade da Cruzeta\" style=\"color:#ff4d00;\">\n        <img decoding=\"async\" src=\"https:\/\/www.ritzbrasil.com\/\/wp-content\/uploads\/2024\/07\/orcar-compras-tabela-new-1.png\" alt=\"Request quote\" title=\"Request quote\" \/>\n    <\/button>\n    <\/td><td class=\"column-5\"><a href=\"https:\/\/lojasritz.com.br\/catalogsearch\/result\/?q=COB14780-1\" target=\"_blank\" rel=\"noopener\"><img decoding=\"async\" src=\"https:\/\/www.ritzbrasil.com\/wp-content\/uploads\/2024\/07\/carrinho-compras-tabela.png\"  \/><\/a><\/td>\n<\/tr>\n<tr class=\"row-4\">\n\t<td class=\"column-1\"><img decoding=\"async\" src=\"https:\/\/www.ritzbrasil.com\/wp-content\/uploads\/2024\/08\/cob10765-1-cobertura-cruzeta-150x150-1.jpg\" \/><\/td><td class=\"column-2\">COB10765-1<\/td><td class=\"column-3\">Cobertura para carca\u00e7a de chave faca<\/td><td class=\"column-4\">    <button class=\"add-to-budget\" data-table-id=\"Cobertura-Extremidade-Cruzeta\" data-reference=\"COB10765-1\" data-description=\"Cobertura para Extremidade da Cruzeta\" style=\"color:#ff4d00;\">\n        <img decoding=\"async\" src=\"https:\/\/www.ritzbrasil.com\/\/wp-content\/uploads\/2024\/07\/orcar-compras-tabela-new-1.png\" alt=\"Request quote\" title=\"Request quote\" \/>\n    <\/button>\n    <\/td><td class=\"column-5\"><a href=\"https:\/\/lojasritz.com.br\/catalogsearch\/result\/?q=COB10765-1\" target=\"_blank\" rel=\"noopener\"><img decoding=\"async\" src=\"https:\/\/www.ritzbrasil.com\/wp-content\/uploads\/2024\/07\/carrinho-compras-tabela.png\"  \/><\/a><\/td>\n<\/tr>\n<\/tbody>\n<\/table>\n<\/div>\n[\/vc_column_text][vc_column_text css=&#8221;.vc_custom_1724933534519{margin-top: -20px !important;}&#8221;]Nominal voltage 36.6 kV (phase\/phase)[\/vc_column_text][vc_separator border_width=&#8221;2&#8243; css=&#8221;&#8221;][\/vc_column][\/vc_row]<\/p>\n<\/div>","protected":false},"excerpt":{"rendered":"<p>Its main application is to prevent the lashing loops from coming into contact with the crosshead when changing the pin insulator or pillar insulator.<\/p>\n<p>They can also be used to support the temporary jumper or the conductor on the crosshead. In the case of a conductor, it must be protected with the appropriate cover.<\/p>\n<p>Three models are available, one for use with a crosshead with a pin insulator and the other for a crosshead with a pillar insulator.<\/p>\n","protected":false},"featured_media":57926,"template":"","meta":[],"product_brand":[],"product_cat":[3095],"product_tag":[3656,3652,3653,3655,3650,3654,3651],"class_list":{"0":"post-61312","1":"product","2":"type-product","3":"status-publish","4":"has-post-thumbnail","6":"product_cat-protective-and-insulating-rubber-covers","7":"product_tag-cob10765-1-en","8":"product_tag-cob11173-1-en","9":"product_tag-cob11173-2-en","10":"product_tag-cob14780-1-en","11":"product_tag-cover-for-cruzeta","12":"product_tag-rc406-0102-en","13":"product_tag-rm4933-en","14":"description-off","16":"first","17":"instock","18":"virtual","19":"product-type-simple"},"yoast_head":"<!-- This site is optimized with the Yoast SEO plugin v27.1.1 - https:\/\/yoast.com\/product\/yoast-seo-wordpress\/ -->\n<title>Cover for Cruzeta<\/title>\n<meta name=\"description\" content=\"The Crosshead Cover prevents the lashing loops from coming into contact with the crosshead, which is essential when changing pin insulators or pillar insulators.\" \/>\n<meta name=\"robots\" content=\"index, follow, max-snippet:-1, max-image-preview:large, max-video-preview:-1\" \/>\n<link rel=\"canonical\" href=\"https:\/\/www.ritzbrasil.com\/en\/produtos\/protective-and-insulating-rubber-covers\/cover-for-cruzeta\/\" \/>\n<meta property=\"og:locale\" content=\"en_US\" \/>\n<meta property=\"og:type\" content=\"article\" \/>\n<meta property=\"og:title\" content=\"Cover for Cruzeta\" \/>\n<meta property=\"og:description\" content=\"The Crosshead Cover prevents the lashing loops from coming into contact with the crosshead, which is essential when changing pin insulators or pillar insulators.\" \/>\n<meta property=\"og:url\" content=\"https:\/\/www.ritzbrasil.com\/en\/produtos\/protective-and-insulating-rubber-covers\/cover-for-cruzeta\/\" \/>\n<meta property=\"og:site_name\" content=\"Equipamentos de Manuten\u00e7\u00e3o e Seguran\u00e7a para o Setor El\u00e9trico - Ritz Brasil\" \/>\n<meta property=\"article:modified_time\" content=\"2026-02-25T18:56:22+00:00\" \/>\n<meta property=\"og:image\" content=\"https:\/\/www.ritzbrasil.com\/wp-content\/uploads\/2024\/08\/rm4933-cobertura-cruzeta.jpg\" \/>\n\t<meta property=\"og:image:width\" content=\"1200\" \/>\n\t<meta property=\"og:image:height\" content=\"1200\" \/>\n\t<meta property=\"og:image:type\" content=\"image\/jpeg\" \/>\n<meta name=\"twitter:card\" content=\"summary_large_image\" \/>\n<meta name=\"twitter:label1\" content=\"Est. reading time\" \/>\n\t<meta name=\"twitter:data1\" content=\"1 minute\" \/>\n<script type=\"application\/ld+json\" class=\"yoast-schema-graph\">{\"@context\":\"https:\/\/schema.org\",\"@graph\":[{\"@type\":\"WebPage\",\"@id\":\"https:\/\/www.ritzbrasil.com\/en\/produtos\/protective-and-insulating-rubber-covers\/cover-for-cruzeta\/\",\"url\":\"https:\/\/www.ritzbrasil.com\/en\/produtos\/protective-and-insulating-rubber-covers\/cover-for-cruzeta\/\",\"name\":\"Cover for Cruzeta\",\"isPartOf\":{\"@id\":\"https:\/\/www.ritzbrasil.com\/en\/#website\"},\"primaryImageOfPage\":{\"@id\":\"https:\/\/www.ritzbrasil.com\/en\/produtos\/protective-and-insulating-rubber-covers\/cover-for-cruzeta\/#primaryimage\"},\"image\":{\"@id\":\"https:\/\/www.ritzbrasil.com\/en\/produtos\/protective-and-insulating-rubber-covers\/cover-for-cruzeta\/#primaryimage\"},\"thumbnailUrl\":\"https:\/\/www.ritzbrasil.com\/wp-content\/uploads\/2024\/08\/rm4933-cobertura-cruzeta.jpg\",\"datePublished\":\"2024-08-28T14:30:07+00:00\",\"dateModified\":\"2026-02-25T18:56:22+00:00\",\"description\":\"The Crosshead Cover prevents the lashing loops from coming into contact with the crosshead, which is essential when changing pin insulators or pillar insulators.\",\"breadcrumb\":{\"@id\":\"https:\/\/www.ritzbrasil.com\/en\/produtos\/protective-and-insulating-rubber-covers\/cover-for-cruzeta\/#breadcrumb\"},\"inLanguage\":\"en-US\",\"potentialAction\":[{\"@type\":\"ReadAction\",\"target\":[\"https:\/\/www.ritzbrasil.com\/en\/produtos\/protective-and-insulating-rubber-covers\/cover-for-cruzeta\/\"]}]},{\"@type\":\"ImageObject\",\"inLanguage\":\"en-US\",\"@id\":\"https:\/\/www.ritzbrasil.com\/en\/produtos\/protective-and-insulating-rubber-covers\/cover-for-cruzeta\/#primaryimage\",\"url\":\"https:\/\/www.ritzbrasil.com\/wp-content\/uploads\/2024\/08\/rm4933-cobertura-cruzeta.jpg\",\"contentUrl\":\"https:\/\/www.ritzbrasil.com\/wp-content\/uploads\/2024\/08\/rm4933-cobertura-cruzeta.jpg\",\"width\":1200,\"height\":1200,\"caption\":\"RM4933 Crosshead cover\"},{\"@type\":\"BreadcrumbList\",\"@id\":\"https:\/\/www.ritzbrasil.com\/en\/produtos\/protective-and-insulating-rubber-covers\/cover-for-cruzeta\/#breadcrumb\",\"itemListElement\":[{\"@type\":\"ListItem\",\"position\":1,\"name\":\"In\u00edcio\",\"item\":\"https:\/\/www.ritzbrasil.com\/en\/\"},{\"@type\":\"ListItem\",\"position\":2,\"name\":\"Shop\",\"item\":\"https:\/\/www.ritzbrasil.com\/en\/shop\/\"},{\"@type\":\"ListItem\",\"position\":3,\"name\":\"Cover for Cruzeta\"}]},{\"@type\":\"WebSite\",\"@id\":\"https:\/\/www.ritzbrasil.com\/en\/#website\",\"url\":\"https:\/\/www.ritzbrasil.com\/en\/\",\"name\":\"Equipamentos de Manuten\u00e7\u00e3o e Seguran\u00e7a para o Setor El\u00e9trico - Ritz Brasil\",\"description\":\"\",\"potentialAction\":[{\"@type\":\"SearchAction\",\"target\":{\"@type\":\"EntryPoint\",\"urlTemplate\":\"https:\/\/www.ritzbrasil.com\/en\/?s={search_term_string}\"},\"query-input\":{\"@type\":\"PropertyValueSpecification\",\"valueRequired\":true,\"valueName\":\"search_term_string\"}}],\"inLanguage\":\"en-US\"}]}<\/script>\n<!-- \/ Yoast SEO plugin. -->","yoast_head_json":{"title":"Cover for Cruzeta","description":"The Crosshead Cover prevents the lashing loops from coming into contact with the crosshead, which is essential when changing pin insulators or pillar insulators.","robots":{"index":"index","follow":"follow","max-snippet":"max-snippet:-1","max-image-preview":"max-image-preview:large","max-video-preview":"max-video-preview:-1"},"canonical":"https:\/\/www.ritzbrasil.com\/en\/produtos\/protective-and-insulating-rubber-covers\/cover-for-cruzeta\/","og_locale":"en_US","og_type":"article","og_title":"Cover for Cruzeta","og_description":"The Crosshead Cover prevents the lashing loops from coming into contact with the crosshead, which is essential when changing pin insulators or pillar insulators.","og_url":"https:\/\/www.ritzbrasil.com\/en\/produtos\/protective-and-insulating-rubber-covers\/cover-for-cruzeta\/","og_site_name":"Equipamentos de Manuten\u00e7\u00e3o e Seguran\u00e7a para o Setor El\u00e9trico - Ritz Brasil","article_modified_time":"2026-02-25T18:56:22+00:00","og_image":[{"width":1200,"height":1200,"url":"https:\/\/www.ritzbrasil.com\/wp-content\/uploads\/2024\/08\/rm4933-cobertura-cruzeta.jpg","type":"image\/jpeg"}],"twitter_card":"summary_large_image","twitter_misc":{"Est. reading time":"1 minute"},"schema":{"@context":"https:\/\/schema.org","@graph":[{"@type":"WebPage","@id":"https:\/\/www.ritzbrasil.com\/en\/produtos\/protective-and-insulating-rubber-covers\/cover-for-cruzeta\/","url":"https:\/\/www.ritzbrasil.com\/en\/produtos\/protective-and-insulating-rubber-covers\/cover-for-cruzeta\/","name":"Cover for Cruzeta","isPartOf":{"@id":"https:\/\/www.ritzbrasil.com\/en\/#website"},"primaryImageOfPage":{"@id":"https:\/\/www.ritzbrasil.com\/en\/produtos\/protective-and-insulating-rubber-covers\/cover-for-cruzeta\/#primaryimage"},"image":{"@id":"https:\/\/www.ritzbrasil.com\/en\/produtos\/protective-and-insulating-rubber-covers\/cover-for-cruzeta\/#primaryimage"},"thumbnailUrl":"https:\/\/www.ritzbrasil.com\/wp-content\/uploads\/2024\/08\/rm4933-cobertura-cruzeta.jpg","datePublished":"2024-08-28T14:30:07+00:00","dateModified":"2026-02-25T18:56:22+00:00","description":"The Crosshead Cover prevents the lashing loops from coming into contact with the crosshead, which is essential when changing pin insulators or pillar insulators.","breadcrumb":{"@id":"https:\/\/www.ritzbrasil.com\/en\/produtos\/protective-and-insulating-rubber-covers\/cover-for-cruzeta\/#breadcrumb"},"inLanguage":"en-US","potentialAction":[{"@type":"ReadAction","target":["https:\/\/www.ritzbrasil.com\/en\/produtos\/protective-and-insulating-rubber-covers\/cover-for-cruzeta\/"]}]},{"@type":"ImageObject","inLanguage":"en-US","@id":"https:\/\/www.ritzbrasil.com\/en\/produtos\/protective-and-insulating-rubber-covers\/cover-for-cruzeta\/#primaryimage","url":"https:\/\/www.ritzbrasil.com\/wp-content\/uploads\/2024\/08\/rm4933-cobertura-cruzeta.jpg","contentUrl":"https:\/\/www.ritzbrasil.com\/wp-content\/uploads\/2024\/08\/rm4933-cobertura-cruzeta.jpg","width":1200,"height":1200,"caption":"RM4933 Crosshead cover"},{"@type":"BreadcrumbList","@id":"https:\/\/www.ritzbrasil.com\/en\/produtos\/protective-and-insulating-rubber-covers\/cover-for-cruzeta\/#breadcrumb","itemListElement":[{"@type":"ListItem","position":1,"name":"In\u00edcio","item":"https:\/\/www.ritzbrasil.com\/en\/"},{"@type":"ListItem","position":2,"name":"Shop","item":"https:\/\/www.ritzbrasil.com\/en\/shop\/"},{"@type":"ListItem","position":3,"name":"Cover for Cruzeta"}]},{"@type":"WebSite","@id":"https:\/\/www.ritzbrasil.com\/en\/#website","url":"https:\/\/www.ritzbrasil.com\/en\/","name":"Equipamentos de Manuten\u00e7\u00e3o e Seguran\u00e7a para o Setor El\u00e9trico - Ritz Brasil","description":"","potentialAction":[{"@type":"SearchAction","target":{"@type":"EntryPoint","urlTemplate":"https:\/\/www.ritzbrasil.com\/en\/?s={search_term_string}"},"query-input":{"@type":"PropertyValueSpecification","valueRequired":true,"valueName":"search_term_string"}}],"inLanguage":"en-US"}]}},"_links":{"self":[{"href":"https:\/\/www.ritzbrasil.com\/en\/wp-json\/wp\/v2\/product\/61312","targetHints":{"allow":["GET"]}}],"collection":[{"href":"https:\/\/www.ritzbrasil.com\/en\/wp-json\/wp\/v2\/product"}],"about":[{"href":"https:\/\/www.ritzbrasil.com\/en\/wp-json\/wp\/v2\/types\/product"}],"wp:featuredmedia":[{"embeddable":true,"href":"https:\/\/www.ritzbrasil.com\/en\/wp-json\/wp\/v2\/media\/57926"}],"wp:attachment":[{"href":"https:\/\/www.ritzbrasil.com\/en\/wp-json\/wp\/v2\/media?parent=61312"}],"wp:term":[{"taxonomy":"product_brand","embeddable":true,"href":"https:\/\/www.ritzbrasil.com\/en\/wp-json\/wp\/v2\/product_brand?post=61312"},{"taxonomy":"product_cat","embeddable":true,"href":"https:\/\/www.ritzbrasil.com\/en\/wp-json\/wp\/v2\/product_cat?post=61312"},{"taxonomy":"product_tag","embeddable":true,"href":"https:\/\/www.ritzbrasil.com\/en\/wp-json\/wp\/v2\/product_tag?post=61312"}],"curies":[{"name":"wp","href":"https:\/\/api.w.org\/{rel}","templated":true}]}}